{"id":35251,"date":"2020-03-04T22:54:44","date_gmt":"2020-03-04T21:54:44","guid":{"rendered":"https:\/\/www.vetorino.com\/boutique\/product\/alphazium-5\/"},"modified":"2025-02-21T17:27:57","modified_gmt":"2025-02-21T16:27:57","slug":"alphazium-5","status":"publish","type":"product","link":"https:\/\/www.vetorino.com\/veterinaire\/prunelli-di-fiumorbo-20243\/boutique\/product\/alphazium-5\/","title":{"rendered":"Alphazium 5"},"content":{"rendered":"<p><b>Alphazium 5 e<\/b>st un aliment compl\u00e9mentaire qui aide \u00e0 \u00e9quilibrer le comportement et apaiser l&#8217;animal en cas de changement d&#8217;environnement ou de stress.<\/p>\n<p><strong>Utilisation :<\/strong><\/p>\n<ul>\n<li>Chiens et chats<\/li>\n<li>Situations de stress\/changement d&#8217;environnement<\/li>\n<li>De nombreuses situations peuvent \u00eatre \u00e0 l&#8217;origine d&#8217;une perturbation du bien-\u00eatre ou de l&#8217;\u00e9quilibre comportemental de l&#8217;animal : changement d&#8217;environnement (voyage, d\u00e9m\u00e9nagement, arriv\u00e9e dans le foyer d&#8217;une nouvelle personne ou d&#8217;un nouvel animal, visites chez le v\u00e9t\u00e9rinaire, hospitalisation, mise en pension&#8230;), feux d&#8217;artifice, \u00e9ducation&#8230;<\/li>\n<li>La perturbation du bien-\u00eatre ou de l&#8217;\u00e9quilibre comportemental se manifeste diff\u00e9remment selon les esp\u00e8ces :<\/li>\n<li>Chez le chat, elle peut se traduire pas des marquages urinaires, \u00e9liminations inappropri\u00e9es, griffades, vocalises, inhibition, retrait, fuite&#8230;<\/li>\n<li>Chez le chien, elle peut se traduire par un hal\u00e8tement, des tremblements, b\u00e2illements, vomissements, mictions ou d\u00e9f\u00e9cations \u00e9motionnelles, r\u00e9actions de menaces, fuite&#8230;<\/li>\n<\/ul>\n<p><strong>Administration :<\/strong><\/p>\n<ul>\n<li>Administration orale.<\/li>\n<li>Quantit\u00e9 indicative pour un animal de 5 kg : une g\u00e9lule par jour, soit directement dans la gueule de l\u2019animal, soit en dispersant la poudre contenue dans la g\u00e9lule sur l\u2019alimentation (s\u00e8che ou humide).<\/li>\n<li>Sur le long terme : par p\u00e9riode d\u2019un mois renouvelable en fonction de l\u2019\u00e9volution. Dans ce cas, il doit \u00eatre utilis\u00e9 en compl\u00e9ment d\u2019une th\u00e9rapie comportementale globale.<\/li>\n<li>Sur le court terme : 1 \u00e0 3 jours avant l\u2019\u00e9v\u00e8nement connu pouvant potentiellement g\u00e9n\u00e9rer un mal-\u00eatre, puis pendant quelques jours apr\u00e8s cet \u00e9v\u00e8nement.<\/li>\n<li>L\u2019app\u00e9tence d\u2019ALPHAZIUM\u00ae 5 facilite son administration, apr\u00e8s dispersion de la poudre sur l\u2019alimentation.<\/li>\n<\/ul>\n","protected":false},"excerpt":{"rendered":"<p><b>Alphazium 5 e<\/b>st un aliment compl\u00e9mentaire qui aide \u00e0 \u00e9quilibrer le comportement et apaiser l&#8217;animal en cas de changement d&#8217;environnement ou de stress.<\/p>\n<p><strong>Utilisation :<\/strong><\/p>\n<ul>\n<li>Chiens et chats<\/li>\n<li>Situations de stress\/changement d&#8217;environnement<\/li>\n<\/ul>\n","protected":false},"featured_media":318171,"template":"","meta":[],"product_cat":[12551,12552,2730,2738,2697,2698],"product_tag":[],"class_list":{"0":"post-35251","1":"product","2":"type-product","3":"status-publish","4":"has-post-thumbnail","6":"product_cat-alimentation-du-chat","7":"product_cat-alimentation-du-chien","8":"product_cat-aliments-complementaires-pour-chat","9":"product_cat-aliments-complementaires-pour-chien","10":"product_cat-chat","11":"product_cat-chien","12":"pa_marque-tvm","14":"first","15":"instock","16":"taxable","17":"shipping-taxable","18":"purchasable","19":"product-type-simple"},"yoast_head":"<!-- This site is optimized with the Yoast SEO plugin v27.3 - https:\/\/yoast.com\/product\/yoast-seo-wordpress\/ -->\n<title>Alphazium 5 D\u00f4mes Pharma TVM - V\u00e9torino<\/title>\n<meta name=\"description\" content=\"Alphazium 5 est un aliment compl\u00e9mentaire qui aide \u00e0 \u00e9quilibrer le comportement et apaiser l&#039;animal en cas de changement d&#039;environnement ou de stress.  Utilisation :   Chiens et chats  Situations de stress\/changement d&#039;environnement\" \/>\n<meta name=\"robots\" content=\"noindex, nofollow\" \/>\n<meta property=\"og:locale\" content=\"fr_FR\" \/>\n<meta property=\"og:type\" content=\"article\" \/>\n<meta property=\"og:title\" content=\"Alphazium 5 D\u00f4mes Pharma TVM - V\u00e9torino\" \/>\n<meta property=\"og:description\" content=\"Alphazium 5 est un aliment compl\u00e9mentaire qui aide \u00e0 \u00e9quilibrer le comportement et apaiser l&#039;animal en cas de changement d&#039;environnement ou de stress.  Utilisation :   Chiens et chats  Situations de stress\/changement d&#039;environnement\" \/>\n<meta property=\"og:url\" content=\"https:\/\/www.vetorino.com\/veterinaire\/prunelli-di-fiumorbo-20243\/boutique\/product\/alphazium-5\/\" \/>\n<meta property=\"og:site_name\" content=\"V\u00e9torino\" \/>\n<meta property=\"article:publisher\" content=\"https:\/\/www.facebook.com\/Vetorino\/\" \/>\n<meta property=\"article:modified_time\" content=\"2025-02-21T16:27:57+00:00\" \/>\n<meta property=\"og:image\" content=\"https:\/\/www.vetorino.com\/boutique\/wp-content\/uploads\/2020\/03\/alphazium-5_vetorino.jpeg\" \/>\n\t<meta property=\"og:image:width\" content=\"540\" \/>\n\t<meta property=\"og:image:height\" content=\"540\" \/>\n\t<meta property=\"og:image:type\" content=\"image\/jpeg\" \/>\n<meta name=\"twitter:card\" content=\"summary_large_image\" \/>\n<meta name=\"twitter:label1\" content=\"Prix\" \/>\n\t<meta name=\"twitter:data1\" content=\"13,34&euro;\" \/>\n\t<meta name=\"twitter:label2\" content=\"Disponibilit\u00e9\" \/>\n\t<meta name=\"twitter:data2\" content=\"En stock\" \/>\n<script type=\"application\/ld+json\" class=\"yoast-schema-graph\">{\"@context\":\"https:\\\/\\\/schema.org\",\"@graph\":[{\"@type\":\"WebPage\",\"@id\":\"https:\\\/\\\/www.vetorino.com\\\/boutique\\\/product\\\/alphazium-5\\\/\",\"url\":\"https:\\\/\\\/www.vetorino.com\\\/boutique\\\/product\\\/alphazium-5\\\/\",\"name\":\"Alphazium 5 D\u00f4mes Pharma TVM - V\u00e9torino\",\"isPartOf\":{\"@id\":\"https:\\\/\\\/www.vetorino.com\\\/boutique\\\/#website\"},\"primaryImageOfPage\":{\"@id\":\"https:\\\/\\\/www.vetorino.com\\\/boutique\\\/product\\\/alphazium-5\\\/#primaryimage\"},\"image\":{\"@id\":\"https:\\\/\\\/www.vetorino.com\\\/boutique\\\/product\\\/alphazium-5\\\/#primaryimage\"},\"thumbnailUrl\":\"https:\\\/\\\/www.vetorino.com\\\/boutique\\\/wp-content\\\/uploads\\\/2020\\\/03\\\/alphazium-5_vetorino.jpeg\",\"datePublished\":\"2020-03-04T21:54:44+00:00\",\"dateModified\":\"2025-02-21T16:27:57+00:00\",\"description\":\"Alphazium 5 est un aliment compl\u00e9mentaire qui aide \u00e0 \u00e9quilibrer le comportement et apaiser l'animal en cas de changement d'environnement ou de stress. Utilisation : Chiens et chats Situations de stress\\\/changement d'environnement\",\"breadcrumb\":{\"@id\":\"https:\\\/\\\/www.vetorino.com\\\/boutique\\\/product\\\/alphazium-5\\\/#breadcrumb\"},\"inLanguage\":\"fr-FR\",\"potentialAction\":[{\"@type\":\"ReadAction\",\"target\":[\"https:\\\/\\\/www.vetorino.com\\\/boutique\\\/product\\\/alphazium-5\\\/\"]}]},{\"@type\":\"ImageObject\",\"inLanguage\":\"fr-FR\",\"@id\":\"https:\\\/\\\/www.vetorino.com\\\/boutique\\\/product\\\/alphazium-5\\\/#primaryimage\",\"url\":\"https:\\\/\\\/www.vetorino.com\\\/boutique\\\/wp-content\\\/uploads\\\/2020\\\/03\\\/alphazium-5_vetorino.jpeg\",\"contentUrl\":\"https:\\\/\\\/www.vetorino.com\\\/boutique\\\/wp-content\\\/uploads\\\/2020\\\/03\\\/alphazium-5_vetorino.jpeg\",\"width\":540,\"height\":540,\"caption\":\"alphazium-5_vetorino\"},{\"@type\":\"BreadcrumbList\",\"@id\":\"https:\\\/\\\/www.vetorino.com\\\/boutique\\\/product\\\/alphazium-5\\\/#breadcrumb\",\"itemListElement\":[{\"@type\":\"ListItem\",\"position\":1,\"name\":\"Accueil\",\"item\":\"https:\\\/\\\/www.vetorino.com\\\/boutique\\\/\"},{\"@type\":\"ListItem\",\"position\":2,\"name\":\"Produits\",\"item\":\"https:\\\/\\\/www.vetorino.com\\\/boutique\\\/\"},{\"@type\":\"ListItem\",\"position\":3,\"name\":\"Alphazium 5\"}]},{\"@type\":\"WebSite\",\"@id\":\"https:\\\/\\\/www.vetorino.com\\\/boutique\\\/#website\",\"url\":\"https:\\\/\\\/www.vetorino.com\\\/boutique\\\/\",\"name\":\"V\u00e9torino\",\"description\":\"\",\"publisher\":{\"@id\":\"https:\\\/\\\/www.vetorino.com\\\/boutique\\\/#organization\"},\"potentialAction\":[{\"@type\":\"SearchAction\",\"target\":{\"@type\":\"EntryPoint\",\"urlTemplate\":\"https:\\\/\\\/www.vetorino.com\\\/boutique\\\/?s={search_term_string}\"},\"query-input\":{\"@type\":\"PropertyValueSpecification\",\"valueRequired\":true,\"valueName\":\"search_term_string\"}}],\"inLanguage\":\"fr-FR\"},{\"@type\":\"Organization\",\"@id\":\"https:\\\/\\\/www.vetorino.com\\\/boutique\\\/#organization\",\"name\":\"V\u00e9torino\",\"url\":\"https:\\\/\\\/www.vetorino.com\\\/boutique\\\/\",\"logo\":{\"@type\":\"ImageObject\",\"inLanguage\":\"fr-FR\",\"@id\":\"https:\\\/\\\/www.vetorino.com\\\/boutique\\\/#\\\/schema\\\/logo\\\/image\\\/\",\"url\":\"https:\\\/\\\/www.vetorino.com\\\/boutique\\\/wp-content\\\/uploads\\\/2024\\\/10\\\/logo.jpg\",\"contentUrl\":\"https:\\\/\\\/www.vetorino.com\\\/boutique\\\/wp-content\\\/uploads\\\/2024\\\/10\\\/logo.jpg\",\"width\":1200,\"height\":610,\"caption\":\"V\u00e9torino\"},\"image\":{\"@id\":\"https:\\\/\\\/www.vetorino.com\\\/boutique\\\/#\\\/schema\\\/logo\\\/image\\\/\"},\"sameAs\":[\"https:\\\/\\\/www.facebook.com\\\/Vetorino\\\/\",\"https:\\\/\\\/www.instagram.com\\\/vetorino_off\\\/\",\"https:\\\/\\\/www.linkedin.com\\\/company\\\/vtorino\\\/\"]}]}<\/script>\n<meta property=\"product:brand\" content=\"D\u00f4mes Pharma TVM\" \/>\n<meta property=\"product:price:amount\" content=\"13.34\" \/>\n<meta property=\"product:price:currency\" content=\"EUR\" \/>\n<meta property=\"og:availability\" content=\"instock\" \/>\n<meta property=\"product:availability\" content=\"instock\" \/>\n<meta property=\"product:retailer_item_id\" content=\"A-1823170\" \/>\n<meta property=\"product:condition\" content=\"new\" \/>\n<!-- \/ Yoast SEO plugin. -->","yoast_head_json":{"title":"Alphazium 5 D\u00f4mes Pharma TVM - V\u00e9torino","description":"Alphazium 5 est un aliment compl\u00e9mentaire qui aide \u00e0 \u00e9quilibrer le comportement et apaiser l'animal en cas de changement d'environnement ou de stress.  Utilisation :   Chiens et chats  Situations de stress\/changement d'environnement","robots":{"index":"noindex","follow":"nofollow"},"og_locale":"fr_FR","og_type":"article","og_title":"Alphazium 5 D\u00f4mes Pharma TVM - V\u00e9torino","og_description":"Alphazium 5 est un aliment compl\u00e9mentaire qui aide \u00e0 \u00e9quilibrer le comportement et apaiser l'animal en cas de changement d'environnement ou de stress.  Utilisation :   Chiens et chats  Situations de stress\/changement d'environnement","og_url":"https:\/\/www.vetorino.com\/veterinaire\/prunelli-di-fiumorbo-20243\/boutique\/product\/alphazium-5\/","og_site_name":"V\u00e9torino","article_publisher":"https:\/\/www.facebook.com\/Vetorino\/","article_modified_time":"2025-02-21T16:27:57+00:00","og_image":[{"width":540,"height":540,"url":"https:\/\/www.vetorino.com\/boutique\/wp-content\/uploads\/2020\/03\/alphazium-5_vetorino.jpeg","type":"image\/jpeg"}],"twitter_card":"summary_large_image","twitter_misc":{"Prix":"13,34&euro;","Disponibilit\u00e9":"En stock"},"schema":{"@context":"https:\/\/schema.org","@graph":[{"@type":"WebPage","@id":"https:\/\/www.vetorino.com\/boutique\/product\/alphazium-5\/","url":"https:\/\/www.vetorino.com\/boutique\/product\/alphazium-5\/","name":"Alphazium 5 D\u00f4mes Pharma TVM - V\u00e9torino","isPartOf":{"@id":"https:\/\/www.vetorino.com\/boutique\/#website"},"primaryImageOfPage":{"@id":"https:\/\/www.vetorino.com\/boutique\/product\/alphazium-5\/#primaryimage"},"image":{"@id":"https:\/\/www.vetorino.com\/boutique\/product\/alphazium-5\/#primaryimage"},"thumbnailUrl":"https:\/\/www.vetorino.com\/boutique\/wp-content\/uploads\/2020\/03\/alphazium-5_vetorino.jpeg","datePublished":"2020-03-04T21:54:44+00:00","dateModified":"2025-02-21T16:27:57+00:00","description":"Alphazium 5 est un aliment compl\u00e9mentaire qui aide \u00e0 \u00e9quilibrer le comportement et apaiser l'animal en cas de changement d'environnement ou de stress. Utilisation : Chiens et chats Situations de stress\/changement d'environnement","breadcrumb":{"@id":"https:\/\/www.vetorino.com\/boutique\/product\/alphazium-5\/#breadcrumb"},"inLanguage":"fr-FR","potentialAction":[{"@type":"ReadAction","target":["https:\/\/www.vetorino.com\/boutique\/product\/alphazium-5\/"]}]},{"@type":"ImageObject","inLanguage":"fr-FR","@id":"https:\/\/www.vetorino.com\/boutique\/product\/alphazium-5\/#primaryimage","url":"https:\/\/www.vetorino.com\/boutique\/wp-content\/uploads\/2020\/03\/alphazium-5_vetorino.jpeg","contentUrl":"https:\/\/www.vetorino.com\/boutique\/wp-content\/uploads\/2020\/03\/alphazium-5_vetorino.jpeg","width":540,"height":540,"caption":"alphazium-5_vetorino"},{"@type":"BreadcrumbList","@id":"https:\/\/www.vetorino.com\/boutique\/product\/alphazium-5\/#breadcrumb","itemListElement":[{"@type":"ListItem","position":1,"name":"Accueil","item":"https:\/\/www.vetorino.com\/boutique\/"},{"@type":"ListItem","position":2,"name":"Produits","item":"https:\/\/www.vetorino.com\/boutique\/"},{"@type":"ListItem","position":3,"name":"Alphazium 5"}]},{"@type":"WebSite","@id":"https:\/\/www.vetorino.com\/boutique\/#website","url":"https:\/\/www.vetorino.com\/boutique\/","name":"V\u00e9torino","description":"","publisher":{"@id":"https:\/\/www.vetorino.com\/boutique\/#organization"},"potentialAction":[{"@type":"SearchAction","target":{"@type":"EntryPoint","urlTemplate":"https:\/\/www.vetorino.com\/boutique\/?s={search_term_string}"},"query-input":{"@type":"PropertyValueSpecification","valueRequired":true,"valueName":"search_term_string"}}],"inLanguage":"fr-FR"},{"@type":"Organization","@id":"https:\/\/www.vetorino.com\/boutique\/#organization","name":"V\u00e9torino","url":"https:\/\/www.vetorino.com\/boutique\/","logo":{"@type":"ImageObject","inLanguage":"fr-FR","@id":"https:\/\/www.vetorino.com\/boutique\/#\/schema\/logo\/image\/","url":"https:\/\/www.vetorino.com\/boutique\/wp-content\/uploads\/2024\/10\/logo.jpg","contentUrl":"https:\/\/www.vetorino.com\/boutique\/wp-content\/uploads\/2024\/10\/logo.jpg","width":1200,"height":610,"caption":"V\u00e9torino"},"image":{"@id":"https:\/\/www.vetorino.com\/boutique\/#\/schema\/logo\/image\/"},"sameAs":["https:\/\/www.facebook.com\/Vetorino\/","https:\/\/www.instagram.com\/vetorino_off\/","https:\/\/www.linkedin.com\/company\/vtorino\/"]}]},"product_brand":"D\u00f4mes Pharma TVM","product_price_amount":"13.34","product_price_currency":"EUR","og_availability":"instock","product_availability":"instock","product_retailer_item_id":"A-1823170","product_condition":"new"},"_links":{"self":[{"href":"https:\/\/www.vetorino.com\/veterinaire\/prunelli-di-fiumorbo-20243\/boutique\/wp-json\/wp\/v2\/product\/35251","targetHints":{"allow":["GET"]}}],"collection":[{"href":"https:\/\/www.vetorino.com\/veterinaire\/prunelli-di-fiumorbo-20243\/boutique\/wp-json\/wp\/v2\/product"}],"about":[{"href":"https:\/\/www.vetorino.com\/veterinaire\/prunelli-di-fiumorbo-20243\/boutique\/wp-json\/wp\/v2\/types\/product"}],"wp:featuredmedia":[{"embeddable":true,"href":"https:\/\/www.vetorino.com\/veterinaire\/prunelli-di-fiumorbo-20243\/boutique\/wp-json\/wp\/v2\/media\/318171"}],"wp:attachment":[{"href":"https:\/\/www.vetorino.com\/veterinaire\/prunelli-di-fiumorbo-20243\/boutique\/wp-json\/wp\/v2\/media?parent=35251"}],"wp:term":[{"taxonomy":"product_cat","embeddable":true,"href":"https:\/\/www.vetorino.com\/veterinaire\/prunelli-di-fiumorbo-20243\/boutique\/wp-json\/wp\/v2\/product_cat?post=35251"},{"taxonomy":"product_tag","embeddable":true,"href":"https:\/\/www.vetorino.com\/veterinaire\/prunelli-di-fiumorbo-20243\/boutique\/wp-json\/wp\/v2\/product_tag?post=35251"}],"curies":[{"name":"wp","href":"https:\/\/api.w.org\/{rel}","templated":true}]}}