{"id":35300,"date":"2020-03-04T22:55:00","date_gmt":"2020-03-04T21:55:00","guid":{"rendered":"https:\/\/www.vetorino.com\/boutique\/product\/vet-hpm-dog-digestive-s\/"},"modified":"2025-11-05T22:45:16","modified_gmt":"2025-11-05T21:45:16","slug":"vet-hpm-dog-digestive-s","status":"publish","type":"product","link":"https:\/\/www.vetorino.com\/veterinaire\/prunelli-di-fiumorbo-20243\/boutique\/product\/vet-hpm-dog-digestive-s\/","title":{"rendered":"G1 &#8211; Gastro Digestive Support Dog"},"content":{"rendered":"<section id=\"wrapper\" class=\"l-wrapper\">\n<div class=\"row\">\n<div id=\"content-wrapper\" class=\"col-12\">\n<section id=\"main\">\n<div class=\"row\">\n<div class=\"col-lg-7 mdc_product_right_col\">\n<div class=\"product-information\">\n<div class=\"tabs product-tabs visible--desktop\">\n<div id=\"tab-content\" class=\"tab-content\">\n<div id=\"description\" class=\"tab-pane fade show active\" role=\"tabpanel\">\n<div class=\"product-description\">\n<p><strong>L&#8217;aliment VETERINARY HMP &#8211; G1 Gastro Digestive Support Dog est un aliment di\u00e9t\u00e9tique et \u00e9quilibr\u00e9 qui\u00a0contribue \u00e0 r\u00e9duire les troubles aigus de l\u2019absorption intestinale et \u00e0 compenser la maldigestion chez le chien.<\/strong><strong><br \/>\n<\/strong><br \/>\n<strong>Utilisation\u00a0:<\/strong><\/p>\n<ul>\n<li>Chien ayant des probl\u00e8mes digestifs<\/li>\n<li>Chien en r\u00e9cup\u00e9ration nutritionelle \/ convalescence<\/li>\n<\/ul>\n<p><strong>Bienfaits essentiels\u00a0:<\/strong><\/p>\n<ul>\n<li>Limitation de la sollicitation du tractus digestif (densit\u00e9 \u00e9nerg\u00e9tique \u00e9lev\u00e9e et haute digestibilit\u00e9)<\/li>\n<li>Immunit\u00e9 digestive (Digest Plus Complex : argile, probiotiques, pr\u00e9biotiques, fibres, butyrate et nucl\u00e9otides)<\/li>\n<li>Maintien de la prise alimentaire (app\u00e9tence \u00e9lev\u00e9e : prot\u00e9ines animales et mati\u00e8res grasses)<\/li>\n<li>Limitation du nombre d\u2019allerg\u00e8nes alimentaires (sans b\u0153uf, gluten, ma\u00efs, bl\u00e9, soja, \u0153uf, poisson, produits laitiers)<\/li>\n<li>Compensation des pertes (densit\u00e9 \u00e9nerg\u00e9tique \u00e9l\u00e9v\u00e9e et augmentation de la prise de boisson : prot\u00e9ines et sodium)<\/li>\n<li>Riche en prot\u00e9ines, dont environ 90% de prot\u00e9ines animales (1er ingr\u00e9dient) et pauvre en glucides<\/li>\n<li>Haute app\u00e9tence<\/li>\n<li>Fabrication fran\u00e7aise sans gluten, sans colorant, ni ar\u00f4me artificiel ajout\u00e9s<\/li>\n<li>Ingr\u00e9dients sant\u00e9 de haute qualit\u00e9 s\u00e9lectionn\u00e9s par nos v\u00e9t\u00e9rinaires nutritionnistes<\/li>\n<li>Mati\u00e8res premi\u00e8res v\u00e9g\u00e9tales issues de cultures non-OGM<\/li>\n<li>Scientifiquement prouv\u00e9e avec 36 communications<\/li>\n<\/ul>\n<p><strong>Aliment fabriqu\u00e9 en France :<br \/>\n<\/strong>C\u2019est dans le sud de la France, au sein de Virbac Nutrition \u00e0 Vauvert (Camargue), que la gamme est produite et conditionn\u00e9e.<br \/>\nLes aliments sont issus d\u2019une expertise d\u00e9di\u00e9e \u00e0 la nutrition pour chiens et chats afin de r\u00e9pondre aux exigences des propri\u00e9taires en mati\u00e8re de qualit\u00e9, tra\u00e7abilit\u00e9 et s\u00e9curit\u00e9 alimentaire.<\/p>\n<p><strong>Cet aliment est destin\u00e9 \u00e0 la prise en charge nutritionnelle d\u2019une maladie. Pour la sant\u00e9 de votre chien, il est recommand\u00e9 de consulter votre v\u00e9t\u00e9rinaire et de respecter scrupuleusement ses recommandations nutritionnelles.<\/strong><\/p>\n<\/div>\n<\/div>\n<\/div>\n<\/div>\n<\/div>\n<\/div>\n<\/div>\n<\/section>\n<\/div>\n<\/div>\n<\/section>\n","protected":false},"excerpt":{"rendered":"<p><strong>L&#8217;aliment VETERINARY HMP &#8211; G1 Gastro Digestive Support Dog est un aliment di\u00e9t\u00e9tique et \u00e9quilibr\u00e9 qui\u00a0contribue \u00e0 r\u00e9duire les troubles aigus de l\u2019absorption intestinale et \u00e0 compenser la maldigestion chez le chien.<\/strong><\/p>\n<p><strong>Utilisation\u00a0:<\/strong><\/p>\n<ul>\n<li>Chien ayant des probl\u00e8mes digestifs<\/li>\n<li>Chien en r\u00e9cup\u00e9ration nutritionelle \/ convalescence<\/li>\n<\/ul>\n","protected":false},"featured_media":265336,"template":"","meta":[],"product_cat":[12552,12582,2698,12636],"product_tag":[],"class_list":{"0":"post-35300","1":"product","2":"type-product","3":"status-publish","4":"has-post-thumbnail","6":"product_cat-alimentation-du-chien","7":"product_cat-alimentation-medicalisee-pour-chien","8":"product_cat-chien","9":"product_cat-systeme-digestif-du-chien","10":"pa_marque-virbac","12":"first","13":"instock","14":"taxable","15":"shipping-taxable","16":"purchasable","17":"product-type-variable"},"yoast_head":"<!-- This site is optimized with the Yoast SEO plugin v27.3 - https:\/\/yoast.com\/product\/yoast-seo-wordpress\/ -->\n<title>Veterinary HPM (Virbac) G1 - Gastro Digestive Support Dog Virbac - V\u00e9torino<\/title>\n<meta name=\"description\" content=\"L&#039;aliment VETERINARY HMP - G1 Gastro Digestive Support Dog est un aliment di\u00e9t\u00e9tique et \u00e9quilibr\u00e9 qui contribue \u00e0 r\u00e9duire les troubles aigus de l&#039;absorption\" \/>\n<meta name=\"robots\" content=\"noindex, nofollow\" \/>\n<meta property=\"og:locale\" content=\"fr_FR\" \/>\n<meta property=\"og:type\" content=\"article\" \/>\n<meta property=\"og:title\" content=\"Veterinary HPM (Virbac) G1 - Gastro Digestive Support Dog Virbac - V\u00e9torino\" \/>\n<meta property=\"og:description\" content=\"L&#039;aliment VETERINARY HMP - G1 Gastro Digestive Support Dog est un aliment di\u00e9t\u00e9tique et \u00e9quilibr\u00e9 qui contribue \u00e0 r\u00e9duire les troubles aigus de l&#039;absorption\" \/>\n<meta property=\"og:url\" content=\"https:\/\/www.vetorino.com\/veterinaire\/prunelli-di-fiumorbo-20243\/boutique\/product\/vet-hpm-dog-digestive-s\/\" \/>\n<meta property=\"og:site_name\" content=\"V\u00e9torino\" \/>\n<meta property=\"article:publisher\" content=\"https:\/\/www.facebook.com\/Vetorino\/\" \/>\n<meta property=\"article:modified_time\" content=\"2025-11-05T21:45:16+00:00\" \/>\n<meta property=\"og:image\" content=\"https:\/\/www.vetorino.com\/boutique\/wp-content\/uploads\/2020\/03\/g1-gastro-digestive-support-dog.jpg\" \/>\n\t<meta property=\"og:image:width\" content=\"458\" \/>\n\t<meta property=\"og:image:height\" content=\"458\" \/>\n\t<meta property=\"og:image:type\" content=\"image\/jpeg\" \/>\n<meta name=\"twitter:card\" content=\"summary_large_image\" \/>\n<meta name=\"twitter:label1\" content=\"Disponibilit\u00e9\" \/>\n\t<meta name=\"twitter:data1\" content=\"En stock\" \/>\n<script type=\"application\/ld+json\" class=\"yoast-schema-graph\">{\"@context\":\"https:\\\/\\\/schema.org\",\"@graph\":[{\"@type\":\"WebPage\",\"@id\":\"https:\\\/\\\/www.vetorino.com\\\/boutique\\\/product\\\/vet-hpm-dog-digestive-s\\\/\",\"url\":\"https:\\\/\\\/www.vetorino.com\\\/boutique\\\/product\\\/vet-hpm-dog-digestive-s\\\/\",\"name\":\"Veterinary HPM (Virbac) G1 - Gastro Digestive Support Dog Virbac - V\u00e9torino\",\"isPartOf\":{\"@id\":\"https:\\\/\\\/www.vetorino.com\\\/boutique\\\/#website\"},\"primaryImageOfPage\":{\"@id\":\"https:\\\/\\\/www.vetorino.com\\\/boutique\\\/product\\\/vet-hpm-dog-digestive-s\\\/#primaryimage\"},\"image\":{\"@id\":\"https:\\\/\\\/www.vetorino.com\\\/boutique\\\/product\\\/vet-hpm-dog-digestive-s\\\/#primaryimage\"},\"thumbnailUrl\":\"https:\\\/\\\/www.vetorino.com\\\/boutique\\\/wp-content\\\/uploads\\\/2020\\\/03\\\/g1-gastro-digestive-support-dog.jpg\",\"datePublished\":\"2020-03-04T21:55:00+00:00\",\"dateModified\":\"2025-11-05T21:45:16+00:00\",\"description\":\"L'aliment VETERINARY HMP - G1 Gastro Digestive Support Dog est un aliment di\u00e9t\u00e9tique et \u00e9quilibr\u00e9 qui contribue \u00e0 r\u00e9duire les troubles aigus de l'absorption\",\"breadcrumb\":{\"@id\":\"https:\\\/\\\/www.vetorino.com\\\/boutique\\\/product\\\/vet-hpm-dog-digestive-s\\\/#breadcrumb\"},\"inLanguage\":\"fr-FR\",\"potentialAction\":[{\"@type\":\"ReadAction\",\"target\":[\"https:\\\/\\\/www.vetorino.com\\\/boutique\\\/product\\\/vet-hpm-dog-digestive-s\\\/\"]}]},{\"@type\":\"ImageObject\",\"inLanguage\":\"fr-FR\",\"@id\":\"https:\\\/\\\/www.vetorino.com\\\/boutique\\\/product\\\/vet-hpm-dog-digestive-s\\\/#primaryimage\",\"url\":\"https:\\\/\\\/www.vetorino.com\\\/boutique\\\/wp-content\\\/uploads\\\/2020\\\/03\\\/g1-gastro-digestive-support-dog.jpg\",\"contentUrl\":\"https:\\\/\\\/www.vetorino.com\\\/boutique\\\/wp-content\\\/uploads\\\/2020\\\/03\\\/g1-gastro-digestive-support-dog.jpg\",\"width\":458,\"height\":458,\"caption\":\"Croquettes Virbac Vet HMP - G1 Gastro Digestive Support Dog\"},{\"@type\":\"BreadcrumbList\",\"@id\":\"https:\\\/\\\/www.vetorino.com\\\/boutique\\\/product\\\/vet-hpm-dog-digestive-s\\\/#breadcrumb\",\"itemListElement\":[{\"@type\":\"ListItem\",\"position\":1,\"name\":\"Accueil\",\"item\":\"https:\\\/\\\/www.vetorino.com\\\/boutique\\\/\"},{\"@type\":\"ListItem\",\"position\":2,\"name\":\"Produits\",\"item\":\"https:\\\/\\\/www.vetorino.com\\\/boutique\\\/\"},{\"@type\":\"ListItem\",\"position\":3,\"name\":\"G1 &#8211; Gastro Digestive Support Dog\"}]},{\"@type\":\"WebSite\",\"@id\":\"https:\\\/\\\/www.vetorino.com\\\/boutique\\\/#website\",\"url\":\"https:\\\/\\\/www.vetorino.com\\\/boutique\\\/\",\"name\":\"V\u00e9torino\",\"description\":\"\",\"publisher\":{\"@id\":\"https:\\\/\\\/www.vetorino.com\\\/boutique\\\/#organization\"},\"potentialAction\":[{\"@type\":\"SearchAction\",\"target\":{\"@type\":\"EntryPoint\",\"urlTemplate\":\"https:\\\/\\\/www.vetorino.com\\\/boutique\\\/?s={search_term_string}\"},\"query-input\":{\"@type\":\"PropertyValueSpecification\",\"valueRequired\":true,\"valueName\":\"search_term_string\"}}],\"inLanguage\":\"fr-FR\"},{\"@type\":\"Organization\",\"@id\":\"https:\\\/\\\/www.vetorino.com\\\/boutique\\\/#organization\",\"name\":\"V\u00e9torino\",\"url\":\"https:\\\/\\\/www.vetorino.com\\\/boutique\\\/\",\"logo\":{\"@type\":\"ImageObject\",\"inLanguage\":\"fr-FR\",\"@id\":\"https:\\\/\\\/www.vetorino.com\\\/boutique\\\/#\\\/schema\\\/logo\\\/image\\\/\",\"url\":\"https:\\\/\\\/www.vetorino.com\\\/boutique\\\/wp-content\\\/uploads\\\/2024\\\/10\\\/logo.jpg\",\"contentUrl\":\"https:\\\/\\\/www.vetorino.com\\\/boutique\\\/wp-content\\\/uploads\\\/2024\\\/10\\\/logo.jpg\",\"width\":1200,\"height\":610,\"caption\":\"V\u00e9torino\"},\"image\":{\"@id\":\"https:\\\/\\\/www.vetorino.com\\\/boutique\\\/#\\\/schema\\\/logo\\\/image\\\/\"},\"sameAs\":[\"https:\\\/\\\/www.facebook.com\\\/Vetorino\\\/\",\"https:\\\/\\\/www.instagram.com\\\/vetorino_off\\\/\",\"https:\\\/\\\/www.linkedin.com\\\/company\\\/vtorino\\\/\"]}]}<\/script>\n<meta property=\"product:brand\" content=\"Virbac\" \/>\n<meta property=\"og:availability\" content=\"instock\" \/>\n<meta property=\"product:availability\" content=\"instock\" \/>\n<meta property=\"product:condition\" content=\"new\" \/>\n<!-- \/ Yoast SEO plugin. -->","yoast_head_json":{"title":"Veterinary HPM (Virbac) G1 - Gastro Digestive Support Dog Virbac - V\u00e9torino","description":"L'aliment VETERINARY HMP - G1 Gastro Digestive Support Dog est un aliment di\u00e9t\u00e9tique et \u00e9quilibr\u00e9 qui contribue \u00e0 r\u00e9duire les troubles aigus de l'absorption","robots":{"index":"noindex","follow":"nofollow"},"og_locale":"fr_FR","og_type":"article","og_title":"Veterinary HPM (Virbac) G1 - Gastro Digestive Support Dog Virbac - V\u00e9torino","og_description":"L'aliment VETERINARY HMP - G1 Gastro Digestive Support Dog est un aliment di\u00e9t\u00e9tique et \u00e9quilibr\u00e9 qui contribue \u00e0 r\u00e9duire les troubles aigus de l'absorption","og_url":"https:\/\/www.vetorino.com\/veterinaire\/prunelli-di-fiumorbo-20243\/boutique\/product\/vet-hpm-dog-digestive-s\/","og_site_name":"V\u00e9torino","article_publisher":"https:\/\/www.facebook.com\/Vetorino\/","article_modified_time":"2025-11-05T21:45:16+00:00","og_image":[{"width":458,"height":458,"url":"https:\/\/www.vetorino.com\/boutique\/wp-content\/uploads\/2020\/03\/g1-gastro-digestive-support-dog.jpg","type":"image\/jpeg"}],"twitter_card":"summary_large_image","twitter_misc":{"Disponibilit\u00e9":"En stock"},"schema":{"@context":"https:\/\/schema.org","@graph":[{"@type":"WebPage","@id":"https:\/\/www.vetorino.com\/boutique\/product\/vet-hpm-dog-digestive-s\/","url":"https:\/\/www.vetorino.com\/boutique\/product\/vet-hpm-dog-digestive-s\/","name":"Veterinary HPM (Virbac) G1 - Gastro Digestive Support Dog Virbac - V\u00e9torino","isPartOf":{"@id":"https:\/\/www.vetorino.com\/boutique\/#website"},"primaryImageOfPage":{"@id":"https:\/\/www.vetorino.com\/boutique\/product\/vet-hpm-dog-digestive-s\/#primaryimage"},"image":{"@id":"https:\/\/www.vetorino.com\/boutique\/product\/vet-hpm-dog-digestive-s\/#primaryimage"},"thumbnailUrl":"https:\/\/www.vetorino.com\/boutique\/wp-content\/uploads\/2020\/03\/g1-gastro-digestive-support-dog.jpg","datePublished":"2020-03-04T21:55:00+00:00","dateModified":"2025-11-05T21:45:16+00:00","description":"L'aliment VETERINARY HMP - G1 Gastro Digestive Support Dog est un aliment di\u00e9t\u00e9tique et \u00e9quilibr\u00e9 qui contribue \u00e0 r\u00e9duire les troubles aigus de l'absorption","breadcrumb":{"@id":"https:\/\/www.vetorino.com\/boutique\/product\/vet-hpm-dog-digestive-s\/#breadcrumb"},"inLanguage":"fr-FR","potentialAction":[{"@type":"ReadAction","target":["https:\/\/www.vetorino.com\/boutique\/product\/vet-hpm-dog-digestive-s\/"]}]},{"@type":"ImageObject","inLanguage":"fr-FR","@id":"https:\/\/www.vetorino.com\/boutique\/product\/vet-hpm-dog-digestive-s\/#primaryimage","url":"https:\/\/www.vetorino.com\/boutique\/wp-content\/uploads\/2020\/03\/g1-gastro-digestive-support-dog.jpg","contentUrl":"https:\/\/www.vetorino.com\/boutique\/wp-content\/uploads\/2020\/03\/g1-gastro-digestive-support-dog.jpg","width":458,"height":458,"caption":"Croquettes Virbac Vet HMP - G1 Gastro Digestive Support Dog"},{"@type":"BreadcrumbList","@id":"https:\/\/www.vetorino.com\/boutique\/product\/vet-hpm-dog-digestive-s\/#breadcrumb","itemListElement":[{"@type":"ListItem","position":1,"name":"Accueil","item":"https:\/\/www.vetorino.com\/boutique\/"},{"@type":"ListItem","position":2,"name":"Produits","item":"https:\/\/www.vetorino.com\/boutique\/"},{"@type":"ListItem","position":3,"name":"G1 &#8211; Gastro Digestive Support Dog"}]},{"@type":"WebSite","@id":"https:\/\/www.vetorino.com\/boutique\/#website","url":"https:\/\/www.vetorino.com\/boutique\/","name":"V\u00e9torino","description":"","publisher":{"@id":"https:\/\/www.vetorino.com\/boutique\/#organization"},"potentialAction":[{"@type":"SearchAction","target":{"@type":"EntryPoint","urlTemplate":"https:\/\/www.vetorino.com\/boutique\/?s={search_term_string}"},"query-input":{"@type":"PropertyValueSpecification","valueRequired":true,"valueName":"search_term_string"}}],"inLanguage":"fr-FR"},{"@type":"Organization","@id":"https:\/\/www.vetorino.com\/boutique\/#organization","name":"V\u00e9torino","url":"https:\/\/www.vetorino.com\/boutique\/","logo":{"@type":"ImageObject","inLanguage":"fr-FR","@id":"https:\/\/www.vetorino.com\/boutique\/#\/schema\/logo\/image\/","url":"https:\/\/www.vetorino.com\/boutique\/wp-content\/uploads\/2024\/10\/logo.jpg","contentUrl":"https:\/\/www.vetorino.com\/boutique\/wp-content\/uploads\/2024\/10\/logo.jpg","width":1200,"height":610,"caption":"V\u00e9torino"},"image":{"@id":"https:\/\/www.vetorino.com\/boutique\/#\/schema\/logo\/image\/"},"sameAs":["https:\/\/www.facebook.com\/Vetorino\/","https:\/\/www.instagram.com\/vetorino_off\/","https:\/\/www.linkedin.com\/company\/vtorino\/"]}]},"product_brand":"Virbac","og_availability":"instock","product_availability":"instock","product_condition":"new"},"_links":{"self":[{"href":"https:\/\/www.vetorino.com\/veterinaire\/prunelli-di-fiumorbo-20243\/boutique\/wp-json\/wp\/v2\/product\/35300","targetHints":{"allow":["GET"]}}],"collection":[{"href":"https:\/\/www.vetorino.com\/veterinaire\/prunelli-di-fiumorbo-20243\/boutique\/wp-json\/wp\/v2\/product"}],"about":[{"href":"https:\/\/www.vetorino.com\/veterinaire\/prunelli-di-fiumorbo-20243\/boutique\/wp-json\/wp\/v2\/types\/product"}],"wp:featuredmedia":[{"embeddable":true,"href":"https:\/\/www.vetorino.com\/veterinaire\/prunelli-di-fiumorbo-20243\/boutique\/wp-json\/wp\/v2\/media\/265336"}],"wp:attachment":[{"href":"https:\/\/www.vetorino.com\/veterinaire\/prunelli-di-fiumorbo-20243\/boutique\/wp-json\/wp\/v2\/media?parent=35300"}],"wp:term":[{"taxonomy":"product_cat","embeddable":true,"href":"https:\/\/www.vetorino.com\/veterinaire\/prunelli-di-fiumorbo-20243\/boutique\/wp-json\/wp\/v2\/product_cat?post=35300"},{"taxonomy":"product_tag","embeddable":true,"href":"https:\/\/www.vetorino.com\/veterinaire\/prunelli-di-fiumorbo-20243\/boutique\/wp-json\/wp\/v2\/product_tag?post=35300"}],"curies":[{"name":"wp","href":"https:\/\/api.w.org\/{rel}","templated":true}]}}