{"id":35706,"date":"2020-03-04T22:57:11","date_gmt":"2020-03-04T21:57:11","guid":{"rendered":"https:\/\/www.vetorino.com\/boutique\/product\/vet-hpm-dog-baby-small-toy\/"},"modified":"2025-11-12T17:11:54","modified_gmt":"2025-11-12T16:11:54","slug":"vet-hpm-dog-baby-small-toy","status":"publish","type":"product","link":"https:\/\/www.vetorino.com\/veterinaire\/prunelli-di-fiumorbo-20243\/boutique\/product\/vet-hpm-dog-baby-small-toy\/","title":{"rendered":"Puppy Small &amp; Toy &#8211; chiot"},"content":{"rendered":"<p><strong>Veterinary HPM Baby Dog Small &amp; Toy est une alimentation compl\u00e8te et \u00e9quilibr\u00e9e pour les chiots de petite race. Elle contribue \u00e0 la croissance harmonieuse sur une courte dur\u00e9e du chiot et lui apporte, en plus de l&#8217;\u00e9nergie importante dont il a besoin, un renforcement digestif et immunitaire.<\/strong><\/p>\n<p><strong>Utilisation :<\/strong><\/p>\n<ul>\n<li>Chien de petite race (moins de 10 kg).<\/li>\n<li>Croissance jusqu&#8217;\u00e0 10 mois.<\/li>\n<li>Chienne en gestation\/lactation<\/li>\n<\/ul>\n<p><strong>Bienfaits essentiels :<\/strong><\/p>\n<ul>\n<li><strong>Sp\u00e9cial croissance courte (moins de 10 mois) :<\/strong>\u00a0La densit\u00e9 \u00e9nerg\u00e9tique \u00e9lev\u00e9e et la haute digestibilit\u00e9 de l\u2019aliment permettent des rations concentr\u00e9es pour couvrir les besoins d\u2019une croissance intense et rapide. Les teneurs \u00e9lev\u00e9es en prot\u00e9ines, \u00e9quilibr\u00e9es en calcium et phosphore favorisent une croissance harmonieuse.<\/li>\n<li><strong>Teneur \u00e9lev\u00e9e en \u00e9nergie :<\/strong>\u00a0Gr\u00e2ce \u00e0 la haute teneur en mati\u00e8res grasses, la densit\u00e9 \u00e9nerg\u00e9tique de l\u2019aliment est \u00e9lev\u00e9e, en r\u00e9ponse aux besoins intenses de la croissance.<\/li>\n<li><strong>Soutien immunitaire :<\/strong>\u00a0La suppl\u00e9mentation en betaglucane, extrait de la paroi de levure de bi\u00e8re, favorise chez le chiot l\u2019acquisition de ses propres d\u00e9fenses et le maintien de la bonne sant\u00e9.<\/li>\n<li><strong>Haute tol\u00e9rance digestive :<\/strong>\u00a0Le faible taux d\u2019amidon favorise une bonne tol\u00e9rance digestive. Le choix des fibres alimentaires insolubles et solubles (pr\u00e9biotiques) et la suppl\u00e9mentation en lactobacilles (probiotiques) aident \u00e0 la r\u00e9gulation du transit intestinal et contribuent \u00e0 l\u2019\u00e9quilibre de la flore digestive.<\/li>\n<li><strong>Contr\u00f4le du tartre dentaire :<\/strong>\u00a0La suppl\u00e9mentation en triphosphate pentasodique limite la formation de tartre et contribue \u00e0 la sant\u00e9 bucco-dentaire d\u00e8s le plus jeune \u00e2ge du chien.<\/li>\n<li><strong>Formule peu allerg\u00e9nique<\/strong><\/li>\n<li><strong>Beaut\u00e9 peau et pelage :<\/strong>\u00a0La richesse en prot\u00e9ines animales, source d\u2019acides amin\u00e9s soufr\u00e9s, et l\u2019\u00e9quilibre en acides gras essentiels omega-6 et omega-3 contribuent \u00e0 l\u2019\u00e9tablissement de la fonction barri\u00e8re de l\u2019\u00e9piderme et \u00e0 la constitution du pelage du chiot.<\/li>\n<\/ul>\n<p><strong>Info utile :<\/strong><\/p>\n<ul>\n<li>Taille des croquettes :\u00a0\u00a07,5 x 4,5 mm.<\/li>\n<\/ul>\n<p><strong><br \/>\nAliment fabriqu\u00e9 en France :<br \/>\n<\/strong><\/p>\n<p>C\u2019est dans le sud de la France, au sein de Virbac Nutrition \u00e0 Vauvert (Camargue), que la gamme est produite et conditionn\u00e9e.<br \/>\nLes aliments sont issus d\u2019une expertise d\u00e9di\u00e9e \u00e0 la nutrition pour chiens et chats afin de r\u00e9pondre aux exigences des propri\u00e9taires en mati\u00e8re de qualit\u00e9, tra\u00e7abilit\u00e9 et s\u00e9curit\u00e9 alimentaire.<\/p>\n","protected":false},"excerpt":{"rendered":"<div id=\"product-description-short-5733\">\n<p><strong>Veterinary HPM Baby Dog Small &amp; Toy est une alimentation compl\u00e8te et \u00e9quilibr\u00e9e pour les chiots de petite race. <\/strong><\/p>\n<p><strong>Elle contribue \u00e0 la croissance harmonieuse sur une courte dur\u00e9e du chiot et lui apporte, en plus de l&#8217;\u00e9nergie importante dont il a besoin, un renforcement digestif et immunitaire.<\/strong><\/p>\n<p><strong>Utilisation<\/strong><strong>\u00a0:<\/strong><\/p>\n<ul>\n<li>Chiots de petite race (poids adulte \u00e0 moins de 10 kg).<\/li>\n<li>Jusqu&#8217;\u00e0 10 mois.<\/li>\n<li>Chiennes en gestation\/lactation de petites races.<\/li>\n<\/ul>\n<\/div>\n","protected":false},"featured_media":1418952,"template":"","meta":[],"product_cat":[12552,12584,2698],"product_tag":[],"class_list":{"0":"post-35706","1":"product","2":"type-product","3":"status-publish","4":"has-post-thumbnail","6":"product_cat-alimentation-du-chien","7":"product_cat-alimentation-premium-pour-chien","8":"product_cat-chien","9":"pa_marque-virbac","11":"first","12":"instock","13":"taxable","14":"shipping-taxable","15":"purchasable","16":"product-type-variable"},"yoast_head":"<!-- This site is optimized with the Yoast SEO plugin v27.3 - https:\/\/yoast.com\/product\/yoast-seo-wordpress\/ -->\n<title>Veterinary HPM (Virbac) Puppy Small &amp; Toy - chiot Virbac - V\u00e9torino<\/title>\n<meta name=\"description\" content=\"Veterinary HPM Baby Dog Small &amp; Toy est une alimentation compl\u00e8te et \u00e9quilibr\u00e9e pour les chiots de petite race.   Elle contribue \u00e0 la croissance harmonieuse sur une courte dur\u00e9e du chiot et lui apporte, en plus de l&#039;\u00e9nergie importante dont il a besoin, un renforcement digestif et immunitaire.  Utilisation\u00a0:   Chiots de petite race (poids adulte \u00e0 moins de 10 kg).  Jusqu&#039;\u00e0 10 mois.  Chiennes en gestation\/lactation de petites races.\" \/>\n<meta name=\"robots\" content=\"noindex, nofollow\" \/>\n<meta property=\"og:locale\" content=\"fr_FR\" \/>\n<meta property=\"og:type\" content=\"article\" \/>\n<meta property=\"og:title\" content=\"Veterinary HPM (Virbac) Puppy Small &amp; Toy - chiot Virbac - V\u00e9torino\" \/>\n<meta property=\"og:description\" content=\"Veterinary HPM Baby Dog Small &amp; Toy est une alimentation compl\u00e8te et \u00e9quilibr\u00e9e pour les chiots de petite race.   Elle contribue \u00e0 la croissance harmonieuse sur une courte dur\u00e9e du chiot et lui apporte, en plus de l&#039;\u00e9nergie importante dont il a besoin, un renforcement digestif et immunitaire.  Utilisation\u00a0:   Chiots de petite race (poids adulte \u00e0 moins de 10 kg).  Jusqu&#039;\u00e0 10 mois.  Chiennes en gestation\/lactation de petites races.\" \/>\n<meta property=\"og:url\" content=\"https:\/\/www.vetorino.com\/veterinaire\/prunelli-di-fiumorbo-20243\/boutique\/product\/vet-hpm-dog-baby-small-toy\/\" \/>\n<meta property=\"og:site_name\" content=\"V\u00e9torino\" \/>\n<meta property=\"article:publisher\" content=\"https:\/\/www.facebook.com\/Vetorino\/\" \/>\n<meta property=\"article:modified_time\" content=\"2025-11-12T16:11:54+00:00\" \/>\n<meta property=\"og:image\" content=\"https:\/\/www.vetorino.com\/boutique\/wp-content\/uploads\/2020\/03\/baby-dog-small-toy.webp\" \/>\n\t<meta property=\"og:image:width\" content=\"800\" \/>\n\t<meta property=\"og:image:height\" content=\"800\" \/>\n\t<meta property=\"og:image:type\" content=\"image\/webp\" \/>\n<meta name=\"twitter:card\" content=\"summary_large_image\" \/>\n<meta name=\"twitter:label1\" content=\"Disponibilit\u00e9\" \/>\n\t<meta name=\"twitter:data1\" content=\"En stock\" \/>\n<script type=\"application\/ld+json\" class=\"yoast-schema-graph\">{\"@context\":\"https:\\\/\\\/schema.org\",\"@graph\":[{\"@type\":\"WebPage\",\"@id\":\"https:\\\/\\\/www.vetorino.com\\\/boutique\\\/product\\\/vet-hpm-dog-baby-small-toy\\\/\",\"url\":\"https:\\\/\\\/www.vetorino.com\\\/boutique\\\/product\\\/vet-hpm-dog-baby-small-toy\\\/\",\"name\":\"Veterinary HPM (Virbac) Puppy Small &amp; Toy - chiot Virbac - V\u00e9torino\",\"isPartOf\":{\"@id\":\"https:\\\/\\\/www.vetorino.com\\\/boutique\\\/#website\"},\"primaryImageOfPage\":{\"@id\":\"https:\\\/\\\/www.vetorino.com\\\/boutique\\\/product\\\/vet-hpm-dog-baby-small-toy\\\/#primaryimage\"},\"image\":{\"@id\":\"https:\\\/\\\/www.vetorino.com\\\/boutique\\\/product\\\/vet-hpm-dog-baby-small-toy\\\/#primaryimage\"},\"thumbnailUrl\":\"https:\\\/\\\/www.vetorino.com\\\/boutique\\\/wp-content\\\/uploads\\\/2020\\\/03\\\/baby-dog-small-toy.webp\",\"datePublished\":\"2020-03-04T21:57:11+00:00\",\"dateModified\":\"2025-11-12T16:11:54+00:00\",\"description\":\"Veterinary HPM Baby Dog Small &amp; Toy est une alimentation compl\u00e8te et \u00e9quilibr\u00e9e pour les chiots de petite race. Elle contribue \u00e0 la croissance harmonieuse sur une courte dur\u00e9e du chiot et lui apporte, en plus de l'\u00e9nergie importante dont il a besoin, un renforcement digestif et immunitaire. Utilisation\u00a0: Chiots de petite race (poids adulte \u00e0 moins de 10 kg). Jusqu'\u00e0 10 mois. Chiennes en gestation\\\/lactation de petites races.\",\"breadcrumb\":{\"@id\":\"https:\\\/\\\/www.vetorino.com\\\/boutique\\\/product\\\/vet-hpm-dog-baby-small-toy\\\/#breadcrumb\"},\"inLanguage\":\"fr-FR\",\"potentialAction\":[{\"@type\":\"ReadAction\",\"target\":[\"https:\\\/\\\/www.vetorino.com\\\/boutique\\\/product\\\/vet-hpm-dog-baby-small-toy\\\/\"]}]},{\"@type\":\"ImageObject\",\"inLanguage\":\"fr-FR\",\"@id\":\"https:\\\/\\\/www.vetorino.com\\\/boutique\\\/product\\\/vet-hpm-dog-baby-small-toy\\\/#primaryimage\",\"url\":\"https:\\\/\\\/www.vetorino.com\\\/boutique\\\/wp-content\\\/uploads\\\/2020\\\/03\\\/baby-dog-small-toy.webp\",\"contentUrl\":\"https:\\\/\\\/www.vetorino.com\\\/boutique\\\/wp-content\\\/uploads\\\/2020\\\/03\\\/baby-dog-small-toy.webp\",\"width\":800,\"height\":800},{\"@type\":\"BreadcrumbList\",\"@id\":\"https:\\\/\\\/www.vetorino.com\\\/boutique\\\/product\\\/vet-hpm-dog-baby-small-toy\\\/#breadcrumb\",\"itemListElement\":[{\"@type\":\"ListItem\",\"position\":1,\"name\":\"Accueil\",\"item\":\"https:\\\/\\\/www.vetorino.com\\\/boutique\\\/\"},{\"@type\":\"ListItem\",\"position\":2,\"name\":\"Produits\",\"item\":\"https:\\\/\\\/www.vetorino.com\\\/boutique\\\/\"},{\"@type\":\"ListItem\",\"position\":3,\"name\":\"Puppy Small &amp; Toy &#8211; chiot\"}]},{\"@type\":\"WebSite\",\"@id\":\"https:\\\/\\\/www.vetorino.com\\\/boutique\\\/#website\",\"url\":\"https:\\\/\\\/www.vetorino.com\\\/boutique\\\/\",\"name\":\"V\u00e9torino\",\"description\":\"\",\"publisher\":{\"@id\":\"https:\\\/\\\/www.vetorino.com\\\/boutique\\\/#organization\"},\"potentialAction\":[{\"@type\":\"SearchAction\",\"target\":{\"@type\":\"EntryPoint\",\"urlTemplate\":\"https:\\\/\\\/www.vetorino.com\\\/boutique\\\/?s={search_term_string}\"},\"query-input\":{\"@type\":\"PropertyValueSpecification\",\"valueRequired\":true,\"valueName\":\"search_term_string\"}}],\"inLanguage\":\"fr-FR\"},{\"@type\":\"Organization\",\"@id\":\"https:\\\/\\\/www.vetorino.com\\\/boutique\\\/#organization\",\"name\":\"V\u00e9torino\",\"url\":\"https:\\\/\\\/www.vetorino.com\\\/boutique\\\/\",\"logo\":{\"@type\":\"ImageObject\",\"inLanguage\":\"fr-FR\",\"@id\":\"https:\\\/\\\/www.vetorino.com\\\/boutique\\\/#\\\/schema\\\/logo\\\/image\\\/\",\"url\":\"https:\\\/\\\/www.vetorino.com\\\/boutique\\\/wp-content\\\/uploads\\\/2024\\\/10\\\/logo.jpg\",\"contentUrl\":\"https:\\\/\\\/www.vetorino.com\\\/boutique\\\/wp-content\\\/uploads\\\/2024\\\/10\\\/logo.jpg\",\"width\":1200,\"height\":610,\"caption\":\"V\u00e9torino\"},\"image\":{\"@id\":\"https:\\\/\\\/www.vetorino.com\\\/boutique\\\/#\\\/schema\\\/logo\\\/image\\\/\"},\"sameAs\":[\"https:\\\/\\\/www.facebook.com\\\/Vetorino\\\/\",\"https:\\\/\\\/www.instagram.com\\\/vetorino_off\\\/\",\"https:\\\/\\\/www.linkedin.com\\\/company\\\/vtorino\\\/\"]}]}<\/script>\n<meta property=\"product:brand\" content=\"Virbac\" \/>\n<meta property=\"og:availability\" content=\"instock\" \/>\n<meta property=\"product:availability\" content=\"instock\" \/>\n<meta property=\"product:condition\" content=\"new\" \/>\n<!-- \/ Yoast SEO plugin. -->","yoast_head_json":{"title":"Veterinary HPM (Virbac) Puppy Small &amp; Toy - chiot Virbac - V\u00e9torino","description":"Veterinary HPM Baby Dog Small &amp; Toy est une alimentation compl\u00e8te et \u00e9quilibr\u00e9e pour les chiots de petite race.   Elle contribue \u00e0 la croissance harmonieuse sur une courte dur\u00e9e du chiot et lui apporte, en plus de l'\u00e9nergie importante dont il a besoin, un renforcement digestif et immunitaire.  Utilisation\u00a0:   Chiots de petite race (poids adulte \u00e0 moins de 10 kg).  Jusqu'\u00e0 10 mois.  Chiennes en gestation\/lactation de petites races.","robots":{"index":"noindex","follow":"nofollow"},"og_locale":"fr_FR","og_type":"article","og_title":"Veterinary HPM (Virbac) Puppy Small &amp; Toy - chiot Virbac - V\u00e9torino","og_description":"Veterinary HPM Baby Dog Small &amp; Toy est une alimentation compl\u00e8te et \u00e9quilibr\u00e9e pour les chiots de petite race.   Elle contribue \u00e0 la croissance harmonieuse sur une courte dur\u00e9e du chiot et lui apporte, en plus de l'\u00e9nergie importante dont il a besoin, un renforcement digestif et immunitaire.  Utilisation\u00a0:   Chiots de petite race (poids adulte \u00e0 moins de 10 kg).  Jusqu'\u00e0 10 mois.  Chiennes en gestation\/lactation de petites races.","og_url":"https:\/\/www.vetorino.com\/veterinaire\/prunelli-di-fiumorbo-20243\/boutique\/product\/vet-hpm-dog-baby-small-toy\/","og_site_name":"V\u00e9torino","article_publisher":"https:\/\/www.facebook.com\/Vetorino\/","article_modified_time":"2025-11-12T16:11:54+00:00","og_image":[{"width":800,"height":800,"url":"https:\/\/www.vetorino.com\/boutique\/wp-content\/uploads\/2020\/03\/baby-dog-small-toy.webp","type":"image\/webp"}],"twitter_card":"summary_large_image","twitter_misc":{"Disponibilit\u00e9":"En stock"},"schema":{"@context":"https:\/\/schema.org","@graph":[{"@type":"WebPage","@id":"https:\/\/www.vetorino.com\/boutique\/product\/vet-hpm-dog-baby-small-toy\/","url":"https:\/\/www.vetorino.com\/boutique\/product\/vet-hpm-dog-baby-small-toy\/","name":"Veterinary HPM (Virbac) Puppy Small &amp; Toy - chiot Virbac - V\u00e9torino","isPartOf":{"@id":"https:\/\/www.vetorino.com\/boutique\/#website"},"primaryImageOfPage":{"@id":"https:\/\/www.vetorino.com\/boutique\/product\/vet-hpm-dog-baby-small-toy\/#primaryimage"},"image":{"@id":"https:\/\/www.vetorino.com\/boutique\/product\/vet-hpm-dog-baby-small-toy\/#primaryimage"},"thumbnailUrl":"https:\/\/www.vetorino.com\/boutique\/wp-content\/uploads\/2020\/03\/baby-dog-small-toy.webp","datePublished":"2020-03-04T21:57:11+00:00","dateModified":"2025-11-12T16:11:54+00:00","description":"Veterinary HPM Baby Dog Small &amp; Toy est une alimentation compl\u00e8te et \u00e9quilibr\u00e9e pour les chiots de petite race. Elle contribue \u00e0 la croissance harmonieuse sur une courte dur\u00e9e du chiot et lui apporte, en plus de l'\u00e9nergie importante dont il a besoin, un renforcement digestif et immunitaire. Utilisation\u00a0: Chiots de petite race (poids adulte \u00e0 moins de 10 kg). Jusqu'\u00e0 10 mois. Chiennes en gestation\/lactation de petites races.","breadcrumb":{"@id":"https:\/\/www.vetorino.com\/boutique\/product\/vet-hpm-dog-baby-small-toy\/#breadcrumb"},"inLanguage":"fr-FR","potentialAction":[{"@type":"ReadAction","target":["https:\/\/www.vetorino.com\/boutique\/product\/vet-hpm-dog-baby-small-toy\/"]}]},{"@type":"ImageObject","inLanguage":"fr-FR","@id":"https:\/\/www.vetorino.com\/boutique\/product\/vet-hpm-dog-baby-small-toy\/#primaryimage","url":"https:\/\/www.vetorino.com\/boutique\/wp-content\/uploads\/2020\/03\/baby-dog-small-toy.webp","contentUrl":"https:\/\/www.vetorino.com\/boutique\/wp-content\/uploads\/2020\/03\/baby-dog-small-toy.webp","width":800,"height":800},{"@type":"BreadcrumbList","@id":"https:\/\/www.vetorino.com\/boutique\/product\/vet-hpm-dog-baby-small-toy\/#breadcrumb","itemListElement":[{"@type":"ListItem","position":1,"name":"Accueil","item":"https:\/\/www.vetorino.com\/boutique\/"},{"@type":"ListItem","position":2,"name":"Produits","item":"https:\/\/www.vetorino.com\/boutique\/"},{"@type":"ListItem","position":3,"name":"Puppy Small &amp; Toy &#8211; chiot"}]},{"@type":"WebSite","@id":"https:\/\/www.vetorino.com\/boutique\/#website","url":"https:\/\/www.vetorino.com\/boutique\/","name":"V\u00e9torino","description":"","publisher":{"@id":"https:\/\/www.vetorino.com\/boutique\/#organization"},"potentialAction":[{"@type":"SearchAction","target":{"@type":"EntryPoint","urlTemplate":"https:\/\/www.vetorino.com\/boutique\/?s={search_term_string}"},"query-input":{"@type":"PropertyValueSpecification","valueRequired":true,"valueName":"search_term_string"}}],"inLanguage":"fr-FR"},{"@type":"Organization","@id":"https:\/\/www.vetorino.com\/boutique\/#organization","name":"V\u00e9torino","url":"https:\/\/www.vetorino.com\/boutique\/","logo":{"@type":"ImageObject","inLanguage":"fr-FR","@id":"https:\/\/www.vetorino.com\/boutique\/#\/schema\/logo\/image\/","url":"https:\/\/www.vetorino.com\/boutique\/wp-content\/uploads\/2024\/10\/logo.jpg","contentUrl":"https:\/\/www.vetorino.com\/boutique\/wp-content\/uploads\/2024\/10\/logo.jpg","width":1200,"height":610,"caption":"V\u00e9torino"},"image":{"@id":"https:\/\/www.vetorino.com\/boutique\/#\/schema\/logo\/image\/"},"sameAs":["https:\/\/www.facebook.com\/Vetorino\/","https:\/\/www.instagram.com\/vetorino_off\/","https:\/\/www.linkedin.com\/company\/vtorino\/"]}]},"product_brand":"Virbac","og_availability":"instock","product_availability":"instock","product_condition":"new"},"_links":{"self":[{"href":"https:\/\/www.vetorino.com\/veterinaire\/prunelli-di-fiumorbo-20243\/boutique\/wp-json\/wp\/v2\/product\/35706","targetHints":{"allow":["GET"]}}],"collection":[{"href":"https:\/\/www.vetorino.com\/veterinaire\/prunelli-di-fiumorbo-20243\/boutique\/wp-json\/wp\/v2\/product"}],"about":[{"href":"https:\/\/www.vetorino.com\/veterinaire\/prunelli-di-fiumorbo-20243\/boutique\/wp-json\/wp\/v2\/types\/product"}],"wp:featuredmedia":[{"embeddable":true,"href":"https:\/\/www.vetorino.com\/veterinaire\/prunelli-di-fiumorbo-20243\/boutique\/wp-json\/wp\/v2\/media\/1418952"}],"wp:attachment":[{"href":"https:\/\/www.vetorino.com\/veterinaire\/prunelli-di-fiumorbo-20243\/boutique\/wp-json\/wp\/v2\/media?parent=35706"}],"wp:term":[{"taxonomy":"product_cat","embeddable":true,"href":"https:\/\/www.vetorino.com\/veterinaire\/prunelli-di-fiumorbo-20243\/boutique\/wp-json\/wp\/v2\/product_cat?post=35706"},{"taxonomy":"product_tag","embeddable":true,"href":"https:\/\/www.vetorino.com\/veterinaire\/prunelli-di-fiumorbo-20243\/boutique\/wp-json\/wp\/v2\/product_tag?post=35706"}],"curies":[{"name":"wp","href":"https:\/\/api.w.org\/{rel}","templated":true}]}}