{"id":35710,"date":"2020-03-04T22:57:12","date_gmt":"2020-03-04T21:57:12","guid":{"rendered":"https:\/\/www.vetorino.com\/boutique\/product\/vet-hpm-dog-adult-small-toy\/"},"modified":"2025-07-18T10:37:02","modified_gmt":"2025-07-18T08:37:02","slug":"vet-hpm-dog-adult-small-toy","status":"publish","type":"product","link":"https:\/\/www.vetorino.com\/veterinaire\/prunelli-di-fiumorbo-20243\/boutique\/product\/vet-hpm-dog-adult-small-toy\/","title":{"rendered":"Adult Small &amp; Toy &#8211; chien"},"content":{"rendered":"<p><strong>Veterinary HPM Adult Dog Small &amp; Toy est une alimentation compl\u00e8te et \u00e9quilibr\u00e9e pour chien adulte de petite race con\u00e7ue pour maintenir une composition corporelle optimale.<br \/>\n<\/strong><\/p>\n<ul>\n<li>Chien de petite race (moins de 10 kg) et de plus de 10 mois.<\/li>\n<li>Chien non st\u00e9rilis\u00e9.<\/li>\n<\/ul>\n<p><strong>Bienfaits essentiels :<\/strong><\/p>\n<ul>\n<li>Riche en prot\u00e9ines (34%), dont\u00a086% d&#8217;origine animale\u00a0et pauvre en glucides (27,5%)<\/li>\n<li>L\u2019\u00e9quilibre \u00e9nerg\u00e9tique optimis\u00e9 (prot\u00e9ines \/ mati\u00e8res grasses \/ glucides) aide au <strong>maintien d\u2019une composition corporelle<\/strong>\u00a0<strong>optimale<\/strong>.<\/li>\n<li>La suppl\u00e9mentation en Ascophyllum nodosum limite la formation de tartre et de plaque dentaire, r\u00e9duit l\u2019halitose et contribue \u00e0 la bonne sant\u00e9 bucco-dentaire.<\/li>\n<li>La richesse en prot\u00e9ines animales stimule l\u2019abreuvement, augmente le volume urinaire et aide \u00e0 stabiliser le pH urinaire.<\/li>\n<li>La faible teneur en amidon contribue \u00e0 la bonne tol\u00e9rance digestive. La bentonite prot\u00e8ge la muqueuse digestive et contribue \u00e0 la formation de selles moul\u00e9es et peu odorantes.<\/li>\n<li>L\u2019aliment est formul\u00e9 sans : ma\u00efs, bl\u00e9, gluten, soja, \u0153uf, b\u0153uf et poisson.<\/li>\n<li>L\u2019apport contr\u00f4l\u00e9 de phosphore aide \u00e0 maintenir la bonne sant\u00e9 r\u00e9nale.<\/li>\n<li>La richesse en prot\u00e9ines animales, sources d\u2019acides amin\u00e9s soufr\u00e9s, et l\u2019\u00e9quilibre en acides gras essentiels om\u00e9ga-6 et om\u00e9ga-3 contribuent \u00e0 la fonction barri\u00e8re de l\u2019\u00e9piderme et am\u00e9liorent la qualit\u00e9 des s\u00e9cr\u00e9tions s\u00e9bac\u00e9es pour la brillance et la beaut\u00e9 du pelage.<\/li>\n<\/ul>\n<p><strong>Aliment fabriqu\u00e9 en France :<br \/>\n<\/strong><\/p>\n<p>C\u2019est dans le sud de la France, au sein de Virbac Nutrition \u00e0 Vauvert (Camargue), que la gamme est produite et conditionn\u00e9e.<br \/>\nLes aliments sont issus d\u2019une expertise d\u00e9di\u00e9e \u00e0 la nutrition pour chiens et chats afin de r\u00e9pondre aux exigences des propri\u00e9taires en mati\u00e8re de qualit\u00e9, tra\u00e7abilit\u00e9 et s\u00e9curit\u00e9 alimentaire.<\/p>\n","protected":false},"excerpt":{"rendered":"<div id=\"product-description-short-3460\">\n<p><strong>Veterinary HPM Adult Dog Small &amp; Toy est une alimentation compl\u00e8te et \u00e9quilibr\u00e9e pour chien adulte de petite race con\u00e7ue pour maintenir une composition corporelle optimale.<\/strong><\/p>\n<p>Utilisation\u00a0:<\/p>\n<ul>\n<li>Chien de petite race ou race toy (moins de 10 kg) et de plus de 10 mois.<\/li>\n<li>Chien non st\u00e9rilis\u00e9.<\/li>\n<\/ul>\n<\/div>\n","protected":false},"featured_media":1356240,"template":"","meta":[],"product_cat":[12552,12584,2698],"product_tag":[],"class_list":{"0":"post-35710","1":"product","2":"type-product","3":"status-publish","4":"has-post-thumbnail","6":"product_cat-alimentation-du-chien","7":"product_cat-alimentation-premium-pour-chien","8":"product_cat-chien","9":"pa_marque-virbac","11":"first","12":"instock","13":"taxable","14":"shipping-taxable","15":"purchasable","16":"product-type-variable"},"yoast_head":"<!-- This site is optimized with the Yoast SEO plugin v27.3 - https:\/\/yoast.com\/product\/yoast-seo-wordpress\/ -->\n<title>Veterinary HPM (Virbac) Adult Small &amp; Toy - chien Virbac - V\u00e9torino<\/title>\n<meta name=\"description\" content=\"Veterinary HPM Adult Dog Small &amp; Toy est une alimentation compl\u00e8te et \u00e9quilibr\u00e9e pour chien adulte de petite race con\u00e7ue pour maintenir une composition corporelle optimale.  Utilisation\u00a0:   Chien de petite race ou race toy (moins de 10 kg) et de plus de 10 mois.  Chien non st\u00e9rilis\u00e9.\" \/>\n<meta name=\"robots\" content=\"noindex, nofollow\" \/>\n<meta property=\"og:locale\" content=\"fr_FR\" \/>\n<meta property=\"og:type\" content=\"article\" \/>\n<meta property=\"og:title\" content=\"Veterinary HPM (Virbac) Adult Small &amp; Toy - chien Virbac - V\u00e9torino\" \/>\n<meta property=\"og:description\" content=\"Veterinary HPM Adult Dog Small &amp; Toy est une alimentation compl\u00e8te et \u00e9quilibr\u00e9e pour chien adulte de petite race con\u00e7ue pour maintenir une composition corporelle optimale.  Utilisation\u00a0:   Chien de petite race ou race toy (moins de 10 kg) et de plus de 10 mois.  Chien non st\u00e9rilis\u00e9.\" \/>\n<meta property=\"og:url\" content=\"https:\/\/www.vetorino.com\/veterinaire\/prunelli-di-fiumorbo-20243\/boutique\/product\/vet-hpm-dog-adult-small-toy\/\" \/>\n<meta property=\"og:site_name\" content=\"V\u00e9torino\" \/>\n<meta property=\"article:publisher\" content=\"https:\/\/www.facebook.com\/Vetorino\/\" \/>\n<meta property=\"article:modified_time\" content=\"2025-07-18T08:37:02+00:00\" \/>\n<meta property=\"og:image\" content=\"https:\/\/www.vetorino.com\/boutique\/wp-content\/uploads\/2025\/06\/adult-dog-small-toy-3.jpg\" \/>\n\t<meta property=\"og:image:width\" content=\"540\" \/>\n\t<meta property=\"og:image:height\" content=\"540\" \/>\n\t<meta property=\"og:image:type\" content=\"image\/jpeg\" \/>\n<meta name=\"twitter:card\" content=\"summary_large_image\" \/>\n<meta name=\"twitter:label1\" content=\"Disponibilit\u00e9\" \/>\n\t<meta name=\"twitter:data1\" content=\"En stock\" \/>\n<script type=\"application\/ld+json\" class=\"yoast-schema-graph\">{\"@context\":\"https:\\\/\\\/schema.org\",\"@graph\":[{\"@type\":\"WebPage\",\"@id\":\"https:\\\/\\\/www.vetorino.com\\\/boutique\\\/product\\\/vet-hpm-dog-adult-small-toy\\\/\",\"url\":\"https:\\\/\\\/www.vetorino.com\\\/boutique\\\/product\\\/vet-hpm-dog-adult-small-toy\\\/\",\"name\":\"Veterinary HPM (Virbac) Adult Small &amp; Toy - chien Virbac - V\u00e9torino\",\"isPartOf\":{\"@id\":\"https:\\\/\\\/www.vetorino.com\\\/boutique\\\/#website\"},\"primaryImageOfPage\":{\"@id\":\"https:\\\/\\\/www.vetorino.com\\\/boutique\\\/product\\\/vet-hpm-dog-adult-small-toy\\\/#primaryimage\"},\"image\":{\"@id\":\"https:\\\/\\\/www.vetorino.com\\\/boutique\\\/product\\\/vet-hpm-dog-adult-small-toy\\\/#primaryimage\"},\"thumbnailUrl\":\"https:\\\/\\\/www.vetorino.com\\\/boutique\\\/wp-content\\\/uploads\\\/2025\\\/06\\\/adult-dog-small-toy-3.jpg\",\"datePublished\":\"2020-03-04T21:57:12+00:00\",\"dateModified\":\"2025-07-18T08:37:02+00:00\",\"description\":\"Veterinary HPM Adult Dog Small &amp; Toy est une alimentation compl\u00e8te et \u00e9quilibr\u00e9e pour chien adulte de petite race con\u00e7ue pour maintenir une composition corporelle optimale. Utilisation\u00a0: Chien de petite race ou race toy (moins de 10 kg) et de plus de 10 mois. Chien non st\u00e9rilis\u00e9.\",\"breadcrumb\":{\"@id\":\"https:\\\/\\\/www.vetorino.com\\\/boutique\\\/product\\\/vet-hpm-dog-adult-small-toy\\\/#breadcrumb\"},\"inLanguage\":\"fr-FR\",\"potentialAction\":[{\"@type\":\"ReadAction\",\"target\":[\"https:\\\/\\\/www.vetorino.com\\\/boutique\\\/product\\\/vet-hpm-dog-adult-small-toy\\\/\"]}]},{\"@type\":\"ImageObject\",\"inLanguage\":\"fr-FR\",\"@id\":\"https:\\\/\\\/www.vetorino.com\\\/boutique\\\/product\\\/vet-hpm-dog-adult-small-toy\\\/#primaryimage\",\"url\":\"https:\\\/\\\/www.vetorino.com\\\/boutique\\\/wp-content\\\/uploads\\\/2025\\\/06\\\/adult-dog-small-toy-3.jpg\",\"contentUrl\":\"https:\\\/\\\/www.vetorino.com\\\/boutique\\\/wp-content\\\/uploads\\\/2025\\\/06\\\/adult-dog-small-toy-3.jpg\",\"width\":540,\"height\":540},{\"@type\":\"BreadcrumbList\",\"@id\":\"https:\\\/\\\/www.vetorino.com\\\/boutique\\\/product\\\/vet-hpm-dog-adult-small-toy\\\/#breadcrumb\",\"itemListElement\":[{\"@type\":\"ListItem\",\"position\":1,\"name\":\"Accueil\",\"item\":\"https:\\\/\\\/www.vetorino.com\\\/boutique\\\/\"},{\"@type\":\"ListItem\",\"position\":2,\"name\":\"Produits\",\"item\":\"https:\\\/\\\/www.vetorino.com\\\/boutique\\\/\"},{\"@type\":\"ListItem\",\"position\":3,\"name\":\"Adult Small &amp; Toy &#8211; chien\"}]},{\"@type\":\"WebSite\",\"@id\":\"https:\\\/\\\/www.vetorino.com\\\/boutique\\\/#website\",\"url\":\"https:\\\/\\\/www.vetorino.com\\\/boutique\\\/\",\"name\":\"V\u00e9torino\",\"description\":\"\",\"publisher\":{\"@id\":\"https:\\\/\\\/www.vetorino.com\\\/boutique\\\/#organization\"},\"potentialAction\":[{\"@type\":\"SearchAction\",\"target\":{\"@type\":\"EntryPoint\",\"urlTemplate\":\"https:\\\/\\\/www.vetorino.com\\\/boutique\\\/?s={search_term_string}\"},\"query-input\":{\"@type\":\"PropertyValueSpecification\",\"valueRequired\":true,\"valueName\":\"search_term_string\"}}],\"inLanguage\":\"fr-FR\"},{\"@type\":\"Organization\",\"@id\":\"https:\\\/\\\/www.vetorino.com\\\/boutique\\\/#organization\",\"name\":\"V\u00e9torino\",\"url\":\"https:\\\/\\\/www.vetorino.com\\\/boutique\\\/\",\"logo\":{\"@type\":\"ImageObject\",\"inLanguage\":\"fr-FR\",\"@id\":\"https:\\\/\\\/www.vetorino.com\\\/boutique\\\/#\\\/schema\\\/logo\\\/image\\\/\",\"url\":\"https:\\\/\\\/www.vetorino.com\\\/boutique\\\/wp-content\\\/uploads\\\/2024\\\/10\\\/logo.jpg\",\"contentUrl\":\"https:\\\/\\\/www.vetorino.com\\\/boutique\\\/wp-content\\\/uploads\\\/2024\\\/10\\\/logo.jpg\",\"width\":1200,\"height\":610,\"caption\":\"V\u00e9torino\"},\"image\":{\"@id\":\"https:\\\/\\\/www.vetorino.com\\\/boutique\\\/#\\\/schema\\\/logo\\\/image\\\/\"},\"sameAs\":[\"https:\\\/\\\/www.facebook.com\\\/Vetorino\\\/\",\"https:\\\/\\\/www.instagram.com\\\/vetorino_off\\\/\",\"https:\\\/\\\/www.linkedin.com\\\/company\\\/vtorino\\\/\"]}]}<\/script>\n<meta property=\"product:brand\" content=\"Virbac\" \/>\n<meta property=\"og:availability\" content=\"instock\" \/>\n<meta property=\"product:availability\" content=\"instock\" \/>\n<meta property=\"product:condition\" content=\"new\" \/>\n<!-- \/ Yoast SEO plugin. -->","yoast_head_json":{"title":"Veterinary HPM (Virbac) Adult Small &amp; Toy - chien Virbac - V\u00e9torino","description":"Veterinary HPM Adult Dog Small &amp; Toy est une alimentation compl\u00e8te et \u00e9quilibr\u00e9e pour chien adulte de petite race con\u00e7ue pour maintenir une composition corporelle optimale.  Utilisation\u00a0:   Chien de petite race ou race toy (moins de 10 kg) et de plus de 10 mois.  Chien non st\u00e9rilis\u00e9.","robots":{"index":"noindex","follow":"nofollow"},"og_locale":"fr_FR","og_type":"article","og_title":"Veterinary HPM (Virbac) Adult Small &amp; Toy - chien Virbac - V\u00e9torino","og_description":"Veterinary HPM Adult Dog Small &amp; Toy est une alimentation compl\u00e8te et \u00e9quilibr\u00e9e pour chien adulte de petite race con\u00e7ue pour maintenir une composition corporelle optimale.  Utilisation\u00a0:   Chien de petite race ou race toy (moins de 10 kg) et de plus de 10 mois.  Chien non st\u00e9rilis\u00e9.","og_url":"https:\/\/www.vetorino.com\/veterinaire\/prunelli-di-fiumorbo-20243\/boutique\/product\/vet-hpm-dog-adult-small-toy\/","og_site_name":"V\u00e9torino","article_publisher":"https:\/\/www.facebook.com\/Vetorino\/","article_modified_time":"2025-07-18T08:37:02+00:00","og_image":[{"width":540,"height":540,"url":"https:\/\/www.vetorino.com\/boutique\/wp-content\/uploads\/2025\/06\/adult-dog-small-toy-3.jpg","type":"image\/jpeg"}],"twitter_card":"summary_large_image","twitter_misc":{"Disponibilit\u00e9":"En stock"},"schema":{"@context":"https:\/\/schema.org","@graph":[{"@type":"WebPage","@id":"https:\/\/www.vetorino.com\/boutique\/product\/vet-hpm-dog-adult-small-toy\/","url":"https:\/\/www.vetorino.com\/boutique\/product\/vet-hpm-dog-adult-small-toy\/","name":"Veterinary HPM (Virbac) Adult Small &amp; Toy - chien Virbac - V\u00e9torino","isPartOf":{"@id":"https:\/\/www.vetorino.com\/boutique\/#website"},"primaryImageOfPage":{"@id":"https:\/\/www.vetorino.com\/boutique\/product\/vet-hpm-dog-adult-small-toy\/#primaryimage"},"image":{"@id":"https:\/\/www.vetorino.com\/boutique\/product\/vet-hpm-dog-adult-small-toy\/#primaryimage"},"thumbnailUrl":"https:\/\/www.vetorino.com\/boutique\/wp-content\/uploads\/2025\/06\/adult-dog-small-toy-3.jpg","datePublished":"2020-03-04T21:57:12+00:00","dateModified":"2025-07-18T08:37:02+00:00","description":"Veterinary HPM Adult Dog Small &amp; Toy est une alimentation compl\u00e8te et \u00e9quilibr\u00e9e pour chien adulte de petite race con\u00e7ue pour maintenir une composition corporelle optimale. Utilisation\u00a0: Chien de petite race ou race toy (moins de 10 kg) et de plus de 10 mois. Chien non st\u00e9rilis\u00e9.","breadcrumb":{"@id":"https:\/\/www.vetorino.com\/boutique\/product\/vet-hpm-dog-adult-small-toy\/#breadcrumb"},"inLanguage":"fr-FR","potentialAction":[{"@type":"ReadAction","target":["https:\/\/www.vetorino.com\/boutique\/product\/vet-hpm-dog-adult-small-toy\/"]}]},{"@type":"ImageObject","inLanguage":"fr-FR","@id":"https:\/\/www.vetorino.com\/boutique\/product\/vet-hpm-dog-adult-small-toy\/#primaryimage","url":"https:\/\/www.vetorino.com\/boutique\/wp-content\/uploads\/2025\/06\/adult-dog-small-toy-3.jpg","contentUrl":"https:\/\/www.vetorino.com\/boutique\/wp-content\/uploads\/2025\/06\/adult-dog-small-toy-3.jpg","width":540,"height":540},{"@type":"BreadcrumbList","@id":"https:\/\/www.vetorino.com\/boutique\/product\/vet-hpm-dog-adult-small-toy\/#breadcrumb","itemListElement":[{"@type":"ListItem","position":1,"name":"Accueil","item":"https:\/\/www.vetorino.com\/boutique\/"},{"@type":"ListItem","position":2,"name":"Produits","item":"https:\/\/www.vetorino.com\/boutique\/"},{"@type":"ListItem","position":3,"name":"Adult Small &amp; Toy &#8211; chien"}]},{"@type":"WebSite","@id":"https:\/\/www.vetorino.com\/boutique\/#website","url":"https:\/\/www.vetorino.com\/boutique\/","name":"V\u00e9torino","description":"","publisher":{"@id":"https:\/\/www.vetorino.com\/boutique\/#organization"},"potentialAction":[{"@type":"SearchAction","target":{"@type":"EntryPoint","urlTemplate":"https:\/\/www.vetorino.com\/boutique\/?s={search_term_string}"},"query-input":{"@type":"PropertyValueSpecification","valueRequired":true,"valueName":"search_term_string"}}],"inLanguage":"fr-FR"},{"@type":"Organization","@id":"https:\/\/www.vetorino.com\/boutique\/#organization","name":"V\u00e9torino","url":"https:\/\/www.vetorino.com\/boutique\/","logo":{"@type":"ImageObject","inLanguage":"fr-FR","@id":"https:\/\/www.vetorino.com\/boutique\/#\/schema\/logo\/image\/","url":"https:\/\/www.vetorino.com\/boutique\/wp-content\/uploads\/2024\/10\/logo.jpg","contentUrl":"https:\/\/www.vetorino.com\/boutique\/wp-content\/uploads\/2024\/10\/logo.jpg","width":1200,"height":610,"caption":"V\u00e9torino"},"image":{"@id":"https:\/\/www.vetorino.com\/boutique\/#\/schema\/logo\/image\/"},"sameAs":["https:\/\/www.facebook.com\/Vetorino\/","https:\/\/www.instagram.com\/vetorino_off\/","https:\/\/www.linkedin.com\/company\/vtorino\/"]}]},"product_brand":"Virbac","og_availability":"instock","product_availability":"instock","product_condition":"new"},"_links":{"self":[{"href":"https:\/\/www.vetorino.com\/veterinaire\/prunelli-di-fiumorbo-20243\/boutique\/wp-json\/wp\/v2\/product\/35710","targetHints":{"allow":["GET"]}}],"collection":[{"href":"https:\/\/www.vetorino.com\/veterinaire\/prunelli-di-fiumorbo-20243\/boutique\/wp-json\/wp\/v2\/product"}],"about":[{"href":"https:\/\/www.vetorino.com\/veterinaire\/prunelli-di-fiumorbo-20243\/boutique\/wp-json\/wp\/v2\/types\/product"}],"wp:featuredmedia":[{"embeddable":true,"href":"https:\/\/www.vetorino.com\/veterinaire\/prunelli-di-fiumorbo-20243\/boutique\/wp-json\/wp\/v2\/media\/1356240"}],"wp:attachment":[{"href":"https:\/\/www.vetorino.com\/veterinaire\/prunelli-di-fiumorbo-20243\/boutique\/wp-json\/wp\/v2\/media?parent=35710"}],"wp:term":[{"taxonomy":"product_cat","embeddable":true,"href":"https:\/\/www.vetorino.com\/veterinaire\/prunelli-di-fiumorbo-20243\/boutique\/wp-json\/wp\/v2\/product_cat?post=35710"},{"taxonomy":"product_tag","embeddable":true,"href":"https:\/\/www.vetorino.com\/veterinaire\/prunelli-di-fiumorbo-20243\/boutique\/wp-json\/wp\/v2\/product_tag?post=35710"}],"curies":[{"name":"wp","href":"https:\/\/api.w.org\/{rel}","templated":true}]}}