{"id":35715,"date":"2020-03-04T22:57:14","date_gmt":"2020-03-04T21:57:14","guid":{"rendered":"https:\/\/www.vetorino.com\/boutique\/product\/vet-hpm-dog-senior-small-toy\/"},"modified":"2025-07-18T10:24:30","modified_gmt":"2025-07-18T08:24:30","slug":"vet-hpm-dog-senior-small-toy","status":"publish","type":"product","link":"https:\/\/www.vetorino.com\/veterinaire\/prunelli-di-fiumorbo-20243\/boutique\/product\/vet-hpm-dog-senior-small-toy\/","title":{"rendered":"Senior Small &amp; Toy &#8211; chien"},"content":{"rendered":"<p><strong>Veterinary HPM Baby Dog Small &amp; Toy est une alimentation compl\u00e8te et \u00e9quilibr\u00e9e pour chien mature de petite race.\u00a0<\/strong><\/p>\n<ul>\n<li>Chien de petite race (moins de 10 kg) et de plus de 10 ans.<\/li>\n<li>Chien non st\u00e9rilis\u00e9.<\/li>\n<li>Entretien physiologique.<\/li>\n<\/ul>\n<p><strong>Bienfaits essentiels<\/strong><strong> :<\/strong><\/p>\n<ul>\n<li><strong>Contr\u00f4le du poids :<\/strong> La densit\u00e9 \u00e9nerg\u00e9tique adapt\u00e9e limite le risque de surpoids li\u00e9 \u00e0 la baisse d\u2019activit\u00e9.<\/li>\n<li><strong>Contr\u00f4le du tartre dentaire :<\/strong> La suppl\u00e9mentation en triphosphate pentasodique limite la formation de tartre et contribue \u00e0 la sant\u00e9 bucco-dentaire.<\/li>\n<li><strong>Maintien de la fonction r\u00e9nale :<\/strong> L\u2019apport r\u00e9duit en phosphore et sa ch\u00e9lation digestive par le chitosan aident au maintien de la fonction r\u00e9nale.<\/li>\n<li><strong>Sant\u00e9 urinaire :<\/strong> L\u2019apport maintenu en prot\u00e9ines animales stimule l\u2019abreuvement, augmente le volume urinaire et aide \u00e0 la stabilisation du pH pour une bonne sant\u00e9 urinaire.<\/li>\n<li><strong>Soutien articulaire et musculaire :<\/strong> L\u2019apport prot\u00e9ique adapt\u00e9 aide \u00e0 conserver la masse musculaire. La suppl\u00e9mentation en chondro\u00eftine et chitosan contribuent \u00e0 maintenir les propri\u00e9t\u00e9s d\u2019\u00e9lasticit\u00e9 et de r\u00e9sistance des articulations.<\/li>\n<li><strong>Soutien immunitaire : <\/strong>Les taux adapt\u00e9s de prot\u00e9ines et de vitamine E, antioxydant naturel, aident au bon fonctionnement du syst\u00e8me immunitaire.<\/li>\n<li><strong>Beaut\u00e9 peau et pelage :<\/strong> Les prot\u00e9ines animales, riches en acides amin\u00e9s soufr\u00e9s, et l\u2019\u00e9quilibre en acides gras essentiels omega-6, et omega-3 contribuent au renouvellement de la peau et du pelage et aident \u00e0 maintenir la fonction barri\u00e8re de l\u2019\u00e9piderme.<\/li>\n<li><strong>Haute tol\u00e9rance digestive :<\/strong> Le faible taux d\u2019amidon favorise une bonne tol\u00e9rance digestive. Le choix des fibres alimentaires insolubles et solubles (pr\u00e9biotiques) et la suppl\u00e9mentation en lactobacilles (probiotiques) favorisent le transit intestinal et contribuent \u00e0 l\u2019\u00e9quilibre de la flore digestive.<\/li>\n<li><strong>Faibles sources d&#8217;allergies alimentaires<\/strong><\/li>\n<li><strong>Faible index glyc\u00e9mique : <\/strong>L\u2019apport limit\u00e9 en amidon aide \u00e0 la stabilit\u00e9 de la glyc\u00e9mie.<\/li>\n<\/ul>\n<p><strong>Aliment fabriqu\u00e9 en France :<\/strong><strong><br \/>\n<\/strong><\/p>\n<p>C\u2019est dans le sud de la France, au sein de Virbac Nutrition \u00e0 Vauvert (Camargue), que la gamme est produite et conditionn\u00e9e.<br \/>\nLes aliments sont issus d\u2019une expertise d\u00e9di\u00e9e \u00e0 la nutrition pour chiens et chats afin de r\u00e9pondre aux exigences des propri\u00e9taires en mati\u00e8re de qualit\u00e9, tra\u00e7abilit\u00e9 et s\u00e9curit\u00e9 alimentaire.<\/p>\n","protected":false},"excerpt":{"rendered":"<p><strong>Veterinary HPM Senior Dog Small &amp; Toy est une alimentation compl\u00e8te et \u00e9quilibr\u00e9e pour chien mature de petite race.<\/p>\n<p><\/strong><strong>Utilisation<\/strong><strong>\u00a0:<\/strong><\/p>\n<ul>\n<li>Chien de petite race (moins de 10 kg) de plus de 10 ans.<\/li>\n<li>Chien de race Toy (moins de 5 kg) de plus de 12 ans.<\/li>\n<\/ul>\n","protected":false},"featured_media":1356147,"template":"","meta":[],"product_cat":[12552,12584,2698],"product_tag":[],"class_list":{"0":"post-35715","1":"product","2":"type-product","3":"status-publish","4":"has-post-thumbnail","6":"product_cat-alimentation-du-chien","7":"product_cat-alimentation-premium-pour-chien","8":"product_cat-chien","9":"pa_marque-virbac","11":"first","12":"instock","13":"taxable","14":"shipping-taxable","15":"purchasable","16":"product-type-variable"},"yoast_head":"<!-- This site is optimized with the Yoast SEO plugin v27.3 - https:\/\/yoast.com\/product\/yoast-seo-wordpress\/ -->\n<title>Veterinary HPM (Virbac) Senior Small &amp; Toy - chien Virbac - V\u00e9torino<\/title>\n<meta name=\"description\" content=\"Virbac Vet HPM Baby Dog Small &amp; Toy est une alimentation compl\u00e8te et \u00e9quilibr\u00e9e pour chien mature de petite race.\" \/>\n<meta name=\"robots\" content=\"noindex, nofollow\" \/>\n<meta property=\"og:locale\" content=\"fr_FR\" \/>\n<meta property=\"og:type\" content=\"article\" \/>\n<meta property=\"og:title\" content=\"Veterinary HPM (Virbac) Senior Small &amp; Toy - chien Virbac - V\u00e9torino\" \/>\n<meta property=\"og:description\" content=\"Virbac Vet HPM Baby Dog Small &amp; Toy est une alimentation compl\u00e8te et \u00e9quilibr\u00e9e pour chien mature de petite race.\" \/>\n<meta property=\"og:url\" content=\"https:\/\/www.vetorino.com\/veterinaire\/prunelli-di-fiumorbo-20243\/boutique\/product\/vet-hpm-dog-senior-small-toy\/\" \/>\n<meta property=\"og:site_name\" content=\"V\u00e9torino\" \/>\n<meta property=\"article:publisher\" content=\"https:\/\/www.facebook.com\/Vetorino\/\" \/>\n<meta property=\"article:modified_time\" content=\"2025-07-18T08:24:30+00:00\" \/>\n<meta property=\"og:image\" content=\"https:\/\/www.vetorino.com\/boutique\/wp-content\/uploads\/2025\/06\/senior-dog-small-toy.jpg\" \/>\n\t<meta property=\"og:image:width\" content=\"540\" \/>\n\t<meta property=\"og:image:height\" content=\"540\" \/>\n\t<meta property=\"og:image:type\" content=\"image\/jpeg\" \/>\n<meta name=\"twitter:card\" content=\"summary_large_image\" \/>\n<meta name=\"twitter:label1\" content=\"Disponibilit\u00e9\" \/>\n\t<meta name=\"twitter:data1\" content=\"En stock\" \/>\n<script type=\"application\/ld+json\" class=\"yoast-schema-graph\">{\"@context\":\"https:\\\/\\\/schema.org\",\"@graph\":[{\"@type\":\"WebPage\",\"@id\":\"https:\\\/\\\/www.vetorino.com\\\/boutique\\\/product\\\/vet-hpm-dog-senior-small-toy\\\/\",\"url\":\"https:\\\/\\\/www.vetorino.com\\\/boutique\\\/product\\\/vet-hpm-dog-senior-small-toy\\\/\",\"name\":\"Veterinary HPM (Virbac) Senior Small &amp; Toy - chien Virbac - V\u00e9torino\",\"isPartOf\":{\"@id\":\"https:\\\/\\\/www.vetorino.com\\\/boutique\\\/#website\"},\"primaryImageOfPage\":{\"@id\":\"https:\\\/\\\/www.vetorino.com\\\/boutique\\\/product\\\/vet-hpm-dog-senior-small-toy\\\/#primaryimage\"},\"image\":{\"@id\":\"https:\\\/\\\/www.vetorino.com\\\/boutique\\\/product\\\/vet-hpm-dog-senior-small-toy\\\/#primaryimage\"},\"thumbnailUrl\":\"https:\\\/\\\/www.vetorino.com\\\/boutique\\\/wp-content\\\/uploads\\\/2025\\\/06\\\/senior-dog-small-toy.jpg\",\"datePublished\":\"2020-03-04T21:57:14+00:00\",\"dateModified\":\"2025-07-18T08:24:30+00:00\",\"description\":\"Virbac Vet HPM Baby Dog Small & Toy est une alimentation compl\u00e8te et \u00e9quilibr\u00e9e pour chien mature de petite race.\",\"breadcrumb\":{\"@id\":\"https:\\\/\\\/www.vetorino.com\\\/boutique\\\/product\\\/vet-hpm-dog-senior-small-toy\\\/#breadcrumb\"},\"inLanguage\":\"fr-FR\",\"potentialAction\":[{\"@type\":\"ReadAction\",\"target\":[\"https:\\\/\\\/www.vetorino.com\\\/boutique\\\/product\\\/vet-hpm-dog-senior-small-toy\\\/\"]}]},{\"@type\":\"ImageObject\",\"inLanguage\":\"fr-FR\",\"@id\":\"https:\\\/\\\/www.vetorino.com\\\/boutique\\\/product\\\/vet-hpm-dog-senior-small-toy\\\/#primaryimage\",\"url\":\"https:\\\/\\\/www.vetorino.com\\\/boutique\\\/wp-content\\\/uploads\\\/2025\\\/06\\\/senior-dog-small-toy.jpg\",\"contentUrl\":\"https:\\\/\\\/www.vetorino.com\\\/boutique\\\/wp-content\\\/uploads\\\/2025\\\/06\\\/senior-dog-small-toy.jpg\",\"width\":540,\"height\":540},{\"@type\":\"BreadcrumbList\",\"@id\":\"https:\\\/\\\/www.vetorino.com\\\/boutique\\\/product\\\/vet-hpm-dog-senior-small-toy\\\/#breadcrumb\",\"itemListElement\":[{\"@type\":\"ListItem\",\"position\":1,\"name\":\"Accueil\",\"item\":\"https:\\\/\\\/www.vetorino.com\\\/boutique\\\/\"},{\"@type\":\"ListItem\",\"position\":2,\"name\":\"Produits\",\"item\":\"https:\\\/\\\/www.vetorino.com\\\/boutique\\\/\"},{\"@type\":\"ListItem\",\"position\":3,\"name\":\"Senior Small &amp; Toy &#8211; chien\"}]},{\"@type\":\"WebSite\",\"@id\":\"https:\\\/\\\/www.vetorino.com\\\/boutique\\\/#website\",\"url\":\"https:\\\/\\\/www.vetorino.com\\\/boutique\\\/\",\"name\":\"V\u00e9torino\",\"description\":\"\",\"publisher\":{\"@id\":\"https:\\\/\\\/www.vetorino.com\\\/boutique\\\/#organization\"},\"potentialAction\":[{\"@type\":\"SearchAction\",\"target\":{\"@type\":\"EntryPoint\",\"urlTemplate\":\"https:\\\/\\\/www.vetorino.com\\\/boutique\\\/?s={search_term_string}\"},\"query-input\":{\"@type\":\"PropertyValueSpecification\",\"valueRequired\":true,\"valueName\":\"search_term_string\"}}],\"inLanguage\":\"fr-FR\"},{\"@type\":\"Organization\",\"@id\":\"https:\\\/\\\/www.vetorino.com\\\/boutique\\\/#organization\",\"name\":\"V\u00e9torino\",\"url\":\"https:\\\/\\\/www.vetorino.com\\\/boutique\\\/\",\"logo\":{\"@type\":\"ImageObject\",\"inLanguage\":\"fr-FR\",\"@id\":\"https:\\\/\\\/www.vetorino.com\\\/boutique\\\/#\\\/schema\\\/logo\\\/image\\\/\",\"url\":\"https:\\\/\\\/www.vetorino.com\\\/boutique\\\/wp-content\\\/uploads\\\/2024\\\/10\\\/logo.jpg\",\"contentUrl\":\"https:\\\/\\\/www.vetorino.com\\\/boutique\\\/wp-content\\\/uploads\\\/2024\\\/10\\\/logo.jpg\",\"width\":1200,\"height\":610,\"caption\":\"V\u00e9torino\"},\"image\":{\"@id\":\"https:\\\/\\\/www.vetorino.com\\\/boutique\\\/#\\\/schema\\\/logo\\\/image\\\/\"},\"sameAs\":[\"https:\\\/\\\/www.facebook.com\\\/Vetorino\\\/\",\"https:\\\/\\\/www.instagram.com\\\/vetorino_off\\\/\",\"https:\\\/\\\/www.linkedin.com\\\/company\\\/vtorino\\\/\"]}]}<\/script>\n<meta property=\"product:brand\" content=\"Virbac\" \/>\n<meta property=\"og:availability\" content=\"instock\" \/>\n<meta property=\"product:availability\" content=\"instock\" \/>\n<meta property=\"product:condition\" content=\"new\" \/>\n<!-- \/ Yoast SEO plugin. -->","yoast_head_json":{"title":"Veterinary HPM (Virbac) Senior Small &amp; Toy - chien Virbac - V\u00e9torino","description":"Virbac Vet HPM Baby Dog Small & Toy est une alimentation compl\u00e8te et \u00e9quilibr\u00e9e pour chien mature de petite race.","robots":{"index":"noindex","follow":"nofollow"},"og_locale":"fr_FR","og_type":"article","og_title":"Veterinary HPM (Virbac) Senior Small &amp; Toy - chien Virbac - V\u00e9torino","og_description":"Virbac Vet HPM Baby Dog Small & Toy est une alimentation compl\u00e8te et \u00e9quilibr\u00e9e pour chien mature de petite race.","og_url":"https:\/\/www.vetorino.com\/veterinaire\/prunelli-di-fiumorbo-20243\/boutique\/product\/vet-hpm-dog-senior-small-toy\/","og_site_name":"V\u00e9torino","article_publisher":"https:\/\/www.facebook.com\/Vetorino\/","article_modified_time":"2025-07-18T08:24:30+00:00","og_image":[{"width":540,"height":540,"url":"https:\/\/www.vetorino.com\/boutique\/wp-content\/uploads\/2025\/06\/senior-dog-small-toy.jpg","type":"image\/jpeg"}],"twitter_card":"summary_large_image","twitter_misc":{"Disponibilit\u00e9":"En stock"},"schema":{"@context":"https:\/\/schema.org","@graph":[{"@type":"WebPage","@id":"https:\/\/www.vetorino.com\/boutique\/product\/vet-hpm-dog-senior-small-toy\/","url":"https:\/\/www.vetorino.com\/boutique\/product\/vet-hpm-dog-senior-small-toy\/","name":"Veterinary HPM (Virbac) Senior Small &amp; Toy - chien Virbac - V\u00e9torino","isPartOf":{"@id":"https:\/\/www.vetorino.com\/boutique\/#website"},"primaryImageOfPage":{"@id":"https:\/\/www.vetorino.com\/boutique\/product\/vet-hpm-dog-senior-small-toy\/#primaryimage"},"image":{"@id":"https:\/\/www.vetorino.com\/boutique\/product\/vet-hpm-dog-senior-small-toy\/#primaryimage"},"thumbnailUrl":"https:\/\/www.vetorino.com\/boutique\/wp-content\/uploads\/2025\/06\/senior-dog-small-toy.jpg","datePublished":"2020-03-04T21:57:14+00:00","dateModified":"2025-07-18T08:24:30+00:00","description":"Virbac Vet HPM Baby Dog Small & Toy est une alimentation compl\u00e8te et \u00e9quilibr\u00e9e pour chien mature de petite race.","breadcrumb":{"@id":"https:\/\/www.vetorino.com\/boutique\/product\/vet-hpm-dog-senior-small-toy\/#breadcrumb"},"inLanguage":"fr-FR","potentialAction":[{"@type":"ReadAction","target":["https:\/\/www.vetorino.com\/boutique\/product\/vet-hpm-dog-senior-small-toy\/"]}]},{"@type":"ImageObject","inLanguage":"fr-FR","@id":"https:\/\/www.vetorino.com\/boutique\/product\/vet-hpm-dog-senior-small-toy\/#primaryimage","url":"https:\/\/www.vetorino.com\/boutique\/wp-content\/uploads\/2025\/06\/senior-dog-small-toy.jpg","contentUrl":"https:\/\/www.vetorino.com\/boutique\/wp-content\/uploads\/2025\/06\/senior-dog-small-toy.jpg","width":540,"height":540},{"@type":"BreadcrumbList","@id":"https:\/\/www.vetorino.com\/boutique\/product\/vet-hpm-dog-senior-small-toy\/#breadcrumb","itemListElement":[{"@type":"ListItem","position":1,"name":"Accueil","item":"https:\/\/www.vetorino.com\/boutique\/"},{"@type":"ListItem","position":2,"name":"Produits","item":"https:\/\/www.vetorino.com\/boutique\/"},{"@type":"ListItem","position":3,"name":"Senior Small &amp; Toy &#8211; chien"}]},{"@type":"WebSite","@id":"https:\/\/www.vetorino.com\/boutique\/#website","url":"https:\/\/www.vetorino.com\/boutique\/","name":"V\u00e9torino","description":"","publisher":{"@id":"https:\/\/www.vetorino.com\/boutique\/#organization"},"potentialAction":[{"@type":"SearchAction","target":{"@type":"EntryPoint","urlTemplate":"https:\/\/www.vetorino.com\/boutique\/?s={search_term_string}"},"query-input":{"@type":"PropertyValueSpecification","valueRequired":true,"valueName":"search_term_string"}}],"inLanguage":"fr-FR"},{"@type":"Organization","@id":"https:\/\/www.vetorino.com\/boutique\/#organization","name":"V\u00e9torino","url":"https:\/\/www.vetorino.com\/boutique\/","logo":{"@type":"ImageObject","inLanguage":"fr-FR","@id":"https:\/\/www.vetorino.com\/boutique\/#\/schema\/logo\/image\/","url":"https:\/\/www.vetorino.com\/boutique\/wp-content\/uploads\/2024\/10\/logo.jpg","contentUrl":"https:\/\/www.vetorino.com\/boutique\/wp-content\/uploads\/2024\/10\/logo.jpg","width":1200,"height":610,"caption":"V\u00e9torino"},"image":{"@id":"https:\/\/www.vetorino.com\/boutique\/#\/schema\/logo\/image\/"},"sameAs":["https:\/\/www.facebook.com\/Vetorino\/","https:\/\/www.instagram.com\/vetorino_off\/","https:\/\/www.linkedin.com\/company\/vtorino\/"]}]},"product_brand":"Virbac","og_availability":"instock","product_availability":"instock","product_condition":"new"},"_links":{"self":[{"href":"https:\/\/www.vetorino.com\/veterinaire\/prunelli-di-fiumorbo-20243\/boutique\/wp-json\/wp\/v2\/product\/35715","targetHints":{"allow":["GET"]}}],"collection":[{"href":"https:\/\/www.vetorino.com\/veterinaire\/prunelli-di-fiumorbo-20243\/boutique\/wp-json\/wp\/v2\/product"}],"about":[{"href":"https:\/\/www.vetorino.com\/veterinaire\/prunelli-di-fiumorbo-20243\/boutique\/wp-json\/wp\/v2\/types\/product"}],"wp:featuredmedia":[{"embeddable":true,"href":"https:\/\/www.vetorino.com\/veterinaire\/prunelli-di-fiumorbo-20243\/boutique\/wp-json\/wp\/v2\/media\/1356147"}],"wp:attachment":[{"href":"https:\/\/www.vetorino.com\/veterinaire\/prunelli-di-fiumorbo-20243\/boutique\/wp-json\/wp\/v2\/media?parent=35715"}],"wp:term":[{"taxonomy":"product_cat","embeddable":true,"href":"https:\/\/www.vetorino.com\/veterinaire\/prunelli-di-fiumorbo-20243\/boutique\/wp-json\/wp\/v2\/product_cat?post=35715"},{"taxonomy":"product_tag","embeddable":true,"href":"https:\/\/www.vetorino.com\/veterinaire\/prunelli-di-fiumorbo-20243\/boutique\/wp-json\/wp\/v2\/product_tag?post=35715"}],"curies":[{"name":"wp","href":"https:\/\/api.w.org\/{rel}","templated":true}]}}