{"id":35725,"date":"2020-03-04T22:57:17","date_gmt":"2020-03-04T21:57:17","guid":{"rendered":"https:\/\/www.vetorino.com\/boutique\/product\/vet-hpm-dog-senior-neutered-small-toy\/"},"modified":"2025-07-18T09:59:17","modified_gmt":"2025-07-18T07:59:17","slug":"vet-hpm-dog-senior-neutered-small-toy","status":"publish","type":"product","link":"https:\/\/www.vetorino.com\/veterinaire\/prunelli-di-fiumorbo-20243\/boutique\/product\/vet-hpm-dog-senior-neutered-small-toy\/","title":{"rendered":"Senior Neutered Small &amp; Toy \u2013 chien"},"content":{"rendered":"<p><strong>Senior Neutered Dog Small &amp; Toy est un aliment complet pour chien senior st\u00e9rilis\u00e9 ou ayant tendance \u00e0 l\u2019embonpoint.<\/strong><\/p>\n<ul>\n<li>Chien st\u00e9rilis\u00e9 de petite race (moins de 10 kg) de plus de 10 ans<\/li>\n<li>Chien st\u00e9rilis\u00e9 de race Toy (moins de 5 kg) de plus de 12 ans.<\/li>\n<\/ul>\n<p><strong>Bienfaits essentiels<\/strong><strong> :<\/strong><\/p>\n<ul>\n<li><strong>Contr\u00f4le du poids<\/strong> : Aide \u00e0 maintenir un poids optimal, \u00e0 pr\u00e9server la masse musculaire et \u00e0 limiter le d\u00e9p\u00f4t de tissu adipeux. Aide \u00e0 satisfaire l\u2019app\u00e9tit de votre chien st\u00e9rilis\u00e9.<\/li>\n<li><strong>Lutte contre le tartre<\/strong> : Contribue \u00e0 une bonne sant\u00e9 bucco-dentaire.<\/li>\n<li><strong>Soutien des articulations et des muscles : <\/strong>Aide \u00e0 maintenir la masse musculaire, l&#8217;\u00e9lasticit\u00e9 et la r\u00e9sistance des articulations.<\/li>\n<li><strong>Haute tol\u00e9rance digestive :<\/strong> Contribue au d\u00e9veloppement harmonieux de la flore digestive et normalise l&#8217;odeur et la consistance des selles.<\/li>\n<li><strong>Faible indice glyc\u00e9mique<\/strong> : Aide \u00e0 stabiliser la glyc\u00e9mie.<\/li>\n<li><strong>Formule peu allerg\u00e8nique<\/strong> : Sans bl\u00e9, ma\u00efs, gluten, soja, \u0153uf, b\u0153uf ni poisson dans le but de r\u00e9duire le risque d\u2019intol\u00e9rance alimentaire.<\/li>\n<li><strong>Beaut\u00e9 de la peau et du pelage<\/strong> : Contribue \u00e0 la fonction barri\u00e8re de la peau et agit sur la brillance et la beaut\u00e9 du pelage.<\/li>\n<li><strong>Sant\u00e9 urinaire<\/strong> : Aide au maintien d&#8217;un syst\u00e8me urinaire sain.<\/li>\n<li><strong>Maintien de la fonction r\u00e9nale<\/strong> : Aide au maintien d&#8217;une bonne fonction r\u00e9nale.<\/li>\n<li><strong>D\u00e9fenses naturelles<\/strong> : Favorise le maintien d&#8217;un bon syst\u00e8me immunitaire.<\/li>\n<\/ul>\n<p><strong>Aliment fabriqu\u00e9 en France :<\/strong><strong><br \/>\n<\/strong>C\u2019est dans le sud de la France, au sein de Virbac Nutrition \u00e0 Vauvert (Camargue), que la gamme est produite et conditionn\u00e9e.<br \/>\nLes aliments sont issus d\u2019une expertise d\u00e9di\u00e9e \u00e0 la nutrition pour chiens et chats afin de r\u00e9pondre aux exigences des propri\u00e9taires en mati\u00e8re de qualit\u00e9, tra\u00e7abilit\u00e9 et s\u00e9curit\u00e9 alimentaire.<\/p>\n","protected":false},"excerpt":{"rendered":"<p><strong>Senior Neutered Dog Small &amp; Toy est un aliment complet pour chien senior st\u00e9rilis\u00e9 ou ayant tendance \u00e0 l\u2019embonpoint.<\/strong><\/p>\n<ul>\n<li>Chien st\u00e9rilis\u00e9 de petite race (moins de 10 kg) de plus de 10 ans<\/li>\n<li>Chien st\u00e9rilis\u00e9 de race Toy (moins de 5 kg) de plus de 12 ans.<\/li>\n<\/ul>\n<p><strong>D\u00e9sormais, la gamme Veterinary HPM Small &amp; Toy contient un nouvel actif 100% naturel, Ascophyllum nodosum, extrait d&#8217;une algue brune marine dont l&#8217;efficacit\u00e9 est prouv\u00e9e sur sa sant\u00e9 bucco-dentaire (tartre, mauvaise haleine, plaque dentaire et les saignements gingivaux).<\/strong><\/p>\n","protected":false},"featured_media":1355022,"template":"","meta":[],"product_cat":[12552,12584,2698],"product_tag":[],"class_list":{"0":"post-35725","1":"product","2":"type-product","3":"status-publish","4":"has-post-thumbnail","6":"product_cat-alimentation-du-chien","7":"product_cat-alimentation-premium-pour-chien","8":"product_cat-chien","9":"pa_marque-virbac","11":"first","12":"instock","13":"taxable","14":"shipping-taxable","15":"purchasable","16":"product-type-variable"},"yoast_head":"<!-- This site is optimized with the Yoast SEO plugin v27.3 - https:\/\/yoast.com\/product\/yoast-seo-wordpress\/ -->\n<title>Veterinary HPM (Virbac) Senior Neutered Small &amp; Toy \u2013 chien Virbac - V\u00e9torino<\/title>\n<meta name=\"description\" content=\"Senior Neutered Dog Small &amp; Toy est un aliment complet pour chien senior st\u00e9rilis\u00e9 ou ayant tendance \u00e0 l\u2019embonpoint.   Chien st\u00e9rilis\u00e9 de petite race (moins de 10 kg) de plus de 10 ans  Chien st\u00e9rilis\u00e9 de race Toy (moins de 5 kg) de plus de 12 ans.  D\u00e9sormais, la gamme Veterinary HPM Small &amp; Toy contient un nouvel actif 100% naturel, Ascophyllum nodosum, extrait d&#039;une algue brune marine dont l&#039;efficacit\u00e9 est prouv\u00e9e sur sa sant\u00e9 bucco-dentaire (tartre, mauvaise haleine, plaque dentaire et les saignements gingivaux).\" \/>\n<meta name=\"robots\" content=\"noindex, nofollow\" \/>\n<meta property=\"og:locale\" content=\"fr_FR\" \/>\n<meta property=\"og:type\" content=\"article\" \/>\n<meta property=\"og:title\" content=\"Veterinary HPM (Virbac) Senior Neutered Small &amp; Toy \u2013 chien Virbac - V\u00e9torino\" \/>\n<meta property=\"og:description\" content=\"Senior Neutered Dog Small &amp; Toy est un aliment complet pour chien senior st\u00e9rilis\u00e9 ou ayant tendance \u00e0 l\u2019embonpoint.   Chien st\u00e9rilis\u00e9 de petite race (moins de 10 kg) de plus de 10 ans  Chien st\u00e9rilis\u00e9 de race Toy (moins de 5 kg) de plus de 12 ans.  D\u00e9sormais, la gamme Veterinary HPM Small &amp; Toy contient un nouvel actif 100% naturel, Ascophyllum nodosum, extrait d&#039;une algue brune marine dont l&#039;efficacit\u00e9 est prouv\u00e9e sur sa sant\u00e9 bucco-dentaire (tartre, mauvaise haleine, plaque dentaire et les saignements gingivaux).\" \/>\n<meta property=\"og:url\" content=\"https:\/\/www.vetorino.com\/veterinaire\/prunelli-di-fiumorbo-20243\/boutique\/product\/vet-hpm-dog-senior-neutered-small-toy\/\" \/>\n<meta property=\"og:site_name\" content=\"V\u00e9torino\" \/>\n<meta property=\"article:publisher\" content=\"https:\/\/www.facebook.com\/Vetorino\/\" \/>\n<meta property=\"article:modified_time\" content=\"2025-07-18T07:59:17+00:00\" \/>\n<meta property=\"og:image\" content=\"https:\/\/www.vetorino.com\/boutique\/wp-content\/uploads\/2025\/06\/senior-neutered-dog-small-toy-2.jpg\" \/>\n\t<meta property=\"og:image:width\" content=\"540\" \/>\n\t<meta property=\"og:image:height\" content=\"540\" \/>\n\t<meta property=\"og:image:type\" content=\"image\/jpeg\" \/>\n<meta name=\"twitter:card\" content=\"summary_large_image\" \/>\n<meta name=\"twitter:label1\" content=\"Disponibilit\u00e9\" \/>\n\t<meta name=\"twitter:data1\" content=\"En stock\" \/>\n<script type=\"application\/ld+json\" class=\"yoast-schema-graph\">{\"@context\":\"https:\\\/\\\/schema.org\",\"@graph\":[{\"@type\":\"WebPage\",\"@id\":\"https:\\\/\\\/www.vetorino.com\\\/boutique\\\/product\\\/vet-hpm-dog-senior-neutered-small-toy\\\/\",\"url\":\"https:\\\/\\\/www.vetorino.com\\\/boutique\\\/product\\\/vet-hpm-dog-senior-neutered-small-toy\\\/\",\"name\":\"Veterinary HPM (Virbac) Senior Neutered Small &amp; Toy \u2013 chien Virbac - V\u00e9torino\",\"isPartOf\":{\"@id\":\"https:\\\/\\\/www.vetorino.com\\\/boutique\\\/#website\"},\"primaryImageOfPage\":{\"@id\":\"https:\\\/\\\/www.vetorino.com\\\/boutique\\\/product\\\/vet-hpm-dog-senior-neutered-small-toy\\\/#primaryimage\"},\"image\":{\"@id\":\"https:\\\/\\\/www.vetorino.com\\\/boutique\\\/product\\\/vet-hpm-dog-senior-neutered-small-toy\\\/#primaryimage\"},\"thumbnailUrl\":\"https:\\\/\\\/www.vetorino.com\\\/boutique\\\/wp-content\\\/uploads\\\/2025\\\/06\\\/senior-neutered-dog-small-toy-2.jpg\",\"datePublished\":\"2020-03-04T21:57:17+00:00\",\"dateModified\":\"2025-07-18T07:59:17+00:00\",\"description\":\"Senior Neutered Dog Small &amp; Toy est un aliment complet pour chien senior st\u00e9rilis\u00e9 ou ayant tendance \u00e0 l\u2019embonpoint. Chien st\u00e9rilis\u00e9 de petite race (moins de 10 kg) de plus de 10 ans Chien st\u00e9rilis\u00e9 de race Toy (moins de 5 kg) de plus de 12 ans. D\u00e9sormais, la gamme Veterinary HPM Small &amp; Toy contient un nouvel actif 100% naturel, Ascophyllum nodosum, extrait d'une algue brune marine dont l'efficacit\u00e9 est prouv\u00e9e sur sa sant\u00e9 bucco-dentaire (tartre, mauvaise haleine, plaque dentaire et les saignements gingivaux).\",\"breadcrumb\":{\"@id\":\"https:\\\/\\\/www.vetorino.com\\\/boutique\\\/product\\\/vet-hpm-dog-senior-neutered-small-toy\\\/#breadcrumb\"},\"inLanguage\":\"fr-FR\",\"potentialAction\":[{\"@type\":\"ReadAction\",\"target\":[\"https:\\\/\\\/www.vetorino.com\\\/boutique\\\/product\\\/vet-hpm-dog-senior-neutered-small-toy\\\/\"]}]},{\"@type\":\"ImageObject\",\"inLanguage\":\"fr-FR\",\"@id\":\"https:\\\/\\\/www.vetorino.com\\\/boutique\\\/product\\\/vet-hpm-dog-senior-neutered-small-toy\\\/#primaryimage\",\"url\":\"https:\\\/\\\/www.vetorino.com\\\/boutique\\\/wp-content\\\/uploads\\\/2025\\\/06\\\/senior-neutered-dog-small-toy-2.jpg\",\"contentUrl\":\"https:\\\/\\\/www.vetorino.com\\\/boutique\\\/wp-content\\\/uploads\\\/2025\\\/06\\\/senior-neutered-dog-small-toy-2.jpg\",\"width\":540,\"height\":540},{\"@type\":\"BreadcrumbList\",\"@id\":\"https:\\\/\\\/www.vetorino.com\\\/boutique\\\/product\\\/vet-hpm-dog-senior-neutered-small-toy\\\/#breadcrumb\",\"itemListElement\":[{\"@type\":\"ListItem\",\"position\":1,\"name\":\"Accueil\",\"item\":\"https:\\\/\\\/www.vetorino.com\\\/boutique\\\/\"},{\"@type\":\"ListItem\",\"position\":2,\"name\":\"Produits\",\"item\":\"https:\\\/\\\/www.vetorino.com\\\/boutique\\\/\"},{\"@type\":\"ListItem\",\"position\":3,\"name\":\"Senior Neutered Small &amp; Toy \u2013 chien\"}]},{\"@type\":\"WebSite\",\"@id\":\"https:\\\/\\\/www.vetorino.com\\\/boutique\\\/#website\",\"url\":\"https:\\\/\\\/www.vetorino.com\\\/boutique\\\/\",\"name\":\"V\u00e9torino\",\"description\":\"\",\"publisher\":{\"@id\":\"https:\\\/\\\/www.vetorino.com\\\/boutique\\\/#organization\"},\"potentialAction\":[{\"@type\":\"SearchAction\",\"target\":{\"@type\":\"EntryPoint\",\"urlTemplate\":\"https:\\\/\\\/www.vetorino.com\\\/boutique\\\/?s={search_term_string}\"},\"query-input\":{\"@type\":\"PropertyValueSpecification\",\"valueRequired\":true,\"valueName\":\"search_term_string\"}}],\"inLanguage\":\"fr-FR\"},{\"@type\":\"Organization\",\"@id\":\"https:\\\/\\\/www.vetorino.com\\\/boutique\\\/#organization\",\"name\":\"V\u00e9torino\",\"url\":\"https:\\\/\\\/www.vetorino.com\\\/boutique\\\/\",\"logo\":{\"@type\":\"ImageObject\",\"inLanguage\":\"fr-FR\",\"@id\":\"https:\\\/\\\/www.vetorino.com\\\/boutique\\\/#\\\/schema\\\/logo\\\/image\\\/\",\"url\":\"https:\\\/\\\/www.vetorino.com\\\/boutique\\\/wp-content\\\/uploads\\\/2024\\\/10\\\/logo.jpg\",\"contentUrl\":\"https:\\\/\\\/www.vetorino.com\\\/boutique\\\/wp-content\\\/uploads\\\/2024\\\/10\\\/logo.jpg\",\"width\":1200,\"height\":610,\"caption\":\"V\u00e9torino\"},\"image\":{\"@id\":\"https:\\\/\\\/www.vetorino.com\\\/boutique\\\/#\\\/schema\\\/logo\\\/image\\\/\"},\"sameAs\":[\"https:\\\/\\\/www.facebook.com\\\/Vetorino\\\/\",\"https:\\\/\\\/www.instagram.com\\\/vetorino_off\\\/\",\"https:\\\/\\\/www.linkedin.com\\\/company\\\/vtorino\\\/\"]}]}<\/script>\n<meta property=\"product:brand\" content=\"Virbac\" \/>\n<meta property=\"og:availability\" content=\"instock\" \/>\n<meta property=\"product:availability\" content=\"instock\" \/>\n<meta property=\"product:condition\" content=\"new\" \/>\n<!-- \/ Yoast SEO plugin. -->","yoast_head_json":{"title":"Veterinary HPM (Virbac) Senior Neutered Small &amp; Toy \u2013 chien Virbac - V\u00e9torino","description":"Senior Neutered Dog Small &amp; Toy est un aliment complet pour chien senior st\u00e9rilis\u00e9 ou ayant tendance \u00e0 l\u2019embonpoint.   Chien st\u00e9rilis\u00e9 de petite race (moins de 10 kg) de plus de 10 ans  Chien st\u00e9rilis\u00e9 de race Toy (moins de 5 kg) de plus de 12 ans.  D\u00e9sormais, la gamme Veterinary HPM Small &amp; Toy contient un nouvel actif 100% naturel, Ascophyllum nodosum, extrait d'une algue brune marine dont l'efficacit\u00e9 est prouv\u00e9e sur sa sant\u00e9 bucco-dentaire (tartre, mauvaise haleine, plaque dentaire et les saignements gingivaux).","robots":{"index":"noindex","follow":"nofollow"},"og_locale":"fr_FR","og_type":"article","og_title":"Veterinary HPM (Virbac) Senior Neutered Small &amp; Toy \u2013 chien Virbac - V\u00e9torino","og_description":"Senior Neutered Dog Small &amp; Toy est un aliment complet pour chien senior st\u00e9rilis\u00e9 ou ayant tendance \u00e0 l\u2019embonpoint.   Chien st\u00e9rilis\u00e9 de petite race (moins de 10 kg) de plus de 10 ans  Chien st\u00e9rilis\u00e9 de race Toy (moins de 5 kg) de plus de 12 ans.  D\u00e9sormais, la gamme Veterinary HPM Small &amp; Toy contient un nouvel actif 100% naturel, Ascophyllum nodosum, extrait d'une algue brune marine dont l'efficacit\u00e9 est prouv\u00e9e sur sa sant\u00e9 bucco-dentaire (tartre, mauvaise haleine, plaque dentaire et les saignements gingivaux).","og_url":"https:\/\/www.vetorino.com\/veterinaire\/prunelli-di-fiumorbo-20243\/boutique\/product\/vet-hpm-dog-senior-neutered-small-toy\/","og_site_name":"V\u00e9torino","article_publisher":"https:\/\/www.facebook.com\/Vetorino\/","article_modified_time":"2025-07-18T07:59:17+00:00","og_image":[{"width":540,"height":540,"url":"https:\/\/www.vetorino.com\/boutique\/wp-content\/uploads\/2025\/06\/senior-neutered-dog-small-toy-2.jpg","type":"image\/jpeg"}],"twitter_card":"summary_large_image","twitter_misc":{"Disponibilit\u00e9":"En stock"},"schema":{"@context":"https:\/\/schema.org","@graph":[{"@type":"WebPage","@id":"https:\/\/www.vetorino.com\/boutique\/product\/vet-hpm-dog-senior-neutered-small-toy\/","url":"https:\/\/www.vetorino.com\/boutique\/product\/vet-hpm-dog-senior-neutered-small-toy\/","name":"Veterinary HPM (Virbac) Senior Neutered Small &amp; Toy \u2013 chien Virbac - V\u00e9torino","isPartOf":{"@id":"https:\/\/www.vetorino.com\/boutique\/#website"},"primaryImageOfPage":{"@id":"https:\/\/www.vetorino.com\/boutique\/product\/vet-hpm-dog-senior-neutered-small-toy\/#primaryimage"},"image":{"@id":"https:\/\/www.vetorino.com\/boutique\/product\/vet-hpm-dog-senior-neutered-small-toy\/#primaryimage"},"thumbnailUrl":"https:\/\/www.vetorino.com\/boutique\/wp-content\/uploads\/2025\/06\/senior-neutered-dog-small-toy-2.jpg","datePublished":"2020-03-04T21:57:17+00:00","dateModified":"2025-07-18T07:59:17+00:00","description":"Senior Neutered Dog Small &amp; Toy est un aliment complet pour chien senior st\u00e9rilis\u00e9 ou ayant tendance \u00e0 l\u2019embonpoint. Chien st\u00e9rilis\u00e9 de petite race (moins de 10 kg) de plus de 10 ans Chien st\u00e9rilis\u00e9 de race Toy (moins de 5 kg) de plus de 12 ans. D\u00e9sormais, la gamme Veterinary HPM Small &amp; Toy contient un nouvel actif 100% naturel, Ascophyllum nodosum, extrait d'une algue brune marine dont l'efficacit\u00e9 est prouv\u00e9e sur sa sant\u00e9 bucco-dentaire (tartre, mauvaise haleine, plaque dentaire et les saignements gingivaux).","breadcrumb":{"@id":"https:\/\/www.vetorino.com\/boutique\/product\/vet-hpm-dog-senior-neutered-small-toy\/#breadcrumb"},"inLanguage":"fr-FR","potentialAction":[{"@type":"ReadAction","target":["https:\/\/www.vetorino.com\/boutique\/product\/vet-hpm-dog-senior-neutered-small-toy\/"]}]},{"@type":"ImageObject","inLanguage":"fr-FR","@id":"https:\/\/www.vetorino.com\/boutique\/product\/vet-hpm-dog-senior-neutered-small-toy\/#primaryimage","url":"https:\/\/www.vetorino.com\/boutique\/wp-content\/uploads\/2025\/06\/senior-neutered-dog-small-toy-2.jpg","contentUrl":"https:\/\/www.vetorino.com\/boutique\/wp-content\/uploads\/2025\/06\/senior-neutered-dog-small-toy-2.jpg","width":540,"height":540},{"@type":"BreadcrumbList","@id":"https:\/\/www.vetorino.com\/boutique\/product\/vet-hpm-dog-senior-neutered-small-toy\/#breadcrumb","itemListElement":[{"@type":"ListItem","position":1,"name":"Accueil","item":"https:\/\/www.vetorino.com\/boutique\/"},{"@type":"ListItem","position":2,"name":"Produits","item":"https:\/\/www.vetorino.com\/boutique\/"},{"@type":"ListItem","position":3,"name":"Senior Neutered Small &amp; Toy \u2013 chien"}]},{"@type":"WebSite","@id":"https:\/\/www.vetorino.com\/boutique\/#website","url":"https:\/\/www.vetorino.com\/boutique\/","name":"V\u00e9torino","description":"","publisher":{"@id":"https:\/\/www.vetorino.com\/boutique\/#organization"},"potentialAction":[{"@type":"SearchAction","target":{"@type":"EntryPoint","urlTemplate":"https:\/\/www.vetorino.com\/boutique\/?s={search_term_string}"},"query-input":{"@type":"PropertyValueSpecification","valueRequired":true,"valueName":"search_term_string"}}],"inLanguage":"fr-FR"},{"@type":"Organization","@id":"https:\/\/www.vetorino.com\/boutique\/#organization","name":"V\u00e9torino","url":"https:\/\/www.vetorino.com\/boutique\/","logo":{"@type":"ImageObject","inLanguage":"fr-FR","@id":"https:\/\/www.vetorino.com\/boutique\/#\/schema\/logo\/image\/","url":"https:\/\/www.vetorino.com\/boutique\/wp-content\/uploads\/2024\/10\/logo.jpg","contentUrl":"https:\/\/www.vetorino.com\/boutique\/wp-content\/uploads\/2024\/10\/logo.jpg","width":1200,"height":610,"caption":"V\u00e9torino"},"image":{"@id":"https:\/\/www.vetorino.com\/boutique\/#\/schema\/logo\/image\/"},"sameAs":["https:\/\/www.facebook.com\/Vetorino\/","https:\/\/www.instagram.com\/vetorino_off\/","https:\/\/www.linkedin.com\/company\/vtorino\/"]}]},"product_brand":"Virbac","og_availability":"instock","product_availability":"instock","product_condition":"new"},"_links":{"self":[{"href":"https:\/\/www.vetorino.com\/veterinaire\/prunelli-di-fiumorbo-20243\/boutique\/wp-json\/wp\/v2\/product\/35725","targetHints":{"allow":["GET"]}}],"collection":[{"href":"https:\/\/www.vetorino.com\/veterinaire\/prunelli-di-fiumorbo-20243\/boutique\/wp-json\/wp\/v2\/product"}],"about":[{"href":"https:\/\/www.vetorino.com\/veterinaire\/prunelli-di-fiumorbo-20243\/boutique\/wp-json\/wp\/v2\/types\/product"}],"wp:featuredmedia":[{"embeddable":true,"href":"https:\/\/www.vetorino.com\/veterinaire\/prunelli-di-fiumorbo-20243\/boutique\/wp-json\/wp\/v2\/media\/1355022"}],"wp:attachment":[{"href":"https:\/\/www.vetorino.com\/veterinaire\/prunelli-di-fiumorbo-20243\/boutique\/wp-json\/wp\/v2\/media?parent=35725"}],"wp:term":[{"taxonomy":"product_cat","embeddable":true,"href":"https:\/\/www.vetorino.com\/veterinaire\/prunelli-di-fiumorbo-20243\/boutique\/wp-json\/wp\/v2\/product_cat?post=35725"},{"taxonomy":"product_tag","embeddable":true,"href":"https:\/\/www.vetorino.com\/veterinaire\/prunelli-di-fiumorbo-20243\/boutique\/wp-json\/wp\/v2\/product_tag?post=35725"}],"curies":[{"name":"wp","href":"https:\/\/api.w.org\/{rel}","templated":true}]}}