{"id":35750,"date":"2020-03-04T22:57:25","date_gmt":"2020-03-04T21:57:25","guid":{"rendered":"https:\/\/www.vetorino.com\/boutique\/product\/vet-hpm-dog-adult-large-medium\/"},"modified":"2025-11-18T10:04:36","modified_gmt":"2025-11-18T09:04:36","slug":"vet-hpm-dog-adult-large-medium","status":"publish","type":"product","link":"https:\/\/www.vetorino.com\/veterinaire\/prunelli-di-fiumorbo-20243\/boutique\/product\/vet-hpm-dog-adult-large-medium\/","title":{"rendered":"Adult Large &amp; Medium \u2013 chien"},"content":{"rendered":"<p><strong>Adult Dog Large &amp; Medium est une alimentation compl\u00e8te et \u00e9quilibr\u00e9e con\u00e7ue pour aider le chien adulte \u00e0 maintenir son poids et sa composition corporelle de fa\u00e7on optimale.<\/strong><\/p>\n<p><strong>Utilisation\u00a0:<\/strong><\/p>\n<ul>\n<li>Chien de race moyenne (de 11 \u00e0 25 kg) de plus de 12 mois.<\/li>\n<li>Chien de grande race (de plus de 25kg) de plus de 18 mois.<\/li>\n<\/ul>\n<p><strong>Bienfaits essentiels<\/strong>\u00a0:<\/p>\n<ul>\n<li><strong>Contr\u00f4le du poids corporel<\/strong>\u00a0: Aide \u00e0 maintenir un poids optimal et \u00e0 limiter le d\u00e9p\u00f4t de tissus adipeux.<\/li>\n<li><strong>Masse musculaire optimale<\/strong>\u00a0: Aide au maintien de la masse musculaire.<\/li>\n<li><strong>Soutien des articulations et des muscles<\/strong>\u00a0: Contribue au d\u00e9veloppement d\u2019un appareil locomoteur fort et puissant.<\/li>\n<li><strong>Haute tol\u00e9rance digestive<\/strong>\u00a0: Contribue \u00e0 l\u2019\u00e9quilibre de la flore digestive, et participe \u00e0 la formation de selles bien moul\u00e9es et peu odorantes.<\/li>\n<li><strong>Formule peu allerg\u00e9nique<\/strong>\u00a0: Sans bl\u00e9, ma\u00efs, gluten, soja, \u0153uf, b\u0153uf ni poisson, dans le but de r\u00e9duire le risque d\u2019intol\u00e9rance alimentaire.<\/li>\n<li><strong>Beaut\u00e9 de la peau et du pelage<\/strong>\u00a0: Contribue \u00e0 la fonction barri\u00e8re de la peau et agit sur la brillance et la beaut\u00e9 du pelage.<\/li>\n<li><strong>Sant\u00e9 urinaire<\/strong> : Aide au maintien d\u2019un syst\u00e8me urinaire sain.<\/li>\n<\/ul>\n<p><strong>Aliment fabriqu\u00e9 en France :<br \/>\n<\/strong><\/p>\n<p>C\u2019est dans le sud de la France, au sein de Virbac Nutrition \u00e0 Vauvert (Camargue), que la gamme est produite et conditionn\u00e9e.<br \/>\nLes aliments sont issus d\u2019une expertise d\u00e9di\u00e9e \u00e0 la nutrition pour chiens et chats afin de r\u00e9pondre aux exigences des propri\u00e9taires en mati\u00e8re de qualit\u00e9, tra\u00e7abilit\u00e9 et s\u00e9curit\u00e9 alimentaire.<\/p>\n","protected":false},"excerpt":{"rendered":"<p><strong>Adult Dog Large &amp; Medium<\/strong> est une alimentation compl\u00e8te et \u00e9quilibr\u00e9e formul\u00e9e pour <strong>aider le chien adulte \u00e0 maintenir son poids<\/strong> et sa composition corporelle de fa\u00e7on optimale.<\/p>\n<p><strong>Utilisation :<\/strong><\/p>\n<ul>\n<li>Chien de race moyenne (de 11 \u00e0 25 kg) de plus de 12 mois.<\/li>\n<li>Chien de grande race (de plus de 25kg) de plus de 18 mois.<\/li>\n<\/ul>\n","protected":false},"featured_media":1419067,"template":"","meta":[],"product_cat":[12552,12584,2698],"product_tag":[],"class_list":{"0":"post-35750","1":"product","2":"type-product","3":"status-publish","4":"has-post-thumbnail","6":"product_cat-alimentation-du-chien","7":"product_cat-alimentation-premium-pour-chien","8":"product_cat-chien","9":"pa_marque-virbac","11":"first","12":"instock","13":"taxable","14":"shipping-taxable","15":"purchasable","16":"product-type-variable"},"yoast_head":"<!-- This site is optimized with the Yoast SEO plugin v27.3 - https:\/\/yoast.com\/product\/yoast-seo-wordpress\/ -->\n<title>Veterinary HPM (Virbac) Adult Large &amp; Medium \u2013 chien Virbac - V\u00e9torino<\/title>\n<meta name=\"description\" content=\"Adult Dog Large &amp; Medium est une alimentation compl\u00e8te et \u00e9quilibr\u00e9e formul\u00e9e pour aider le chien adulte \u00e0 maintenir son poids et sa composition corporelle de fa\u00e7on optimale.  Utilisation :   Chien de race moyenne (de 11 \u00e0 25 kg) de plus de 12 mois.  Chien de grande race (de plus de 25kg) de plus de 18 mois.\" \/>\n<meta name=\"robots\" content=\"noindex, nofollow\" \/>\n<meta property=\"og:locale\" content=\"fr_FR\" \/>\n<meta property=\"og:type\" content=\"article\" \/>\n<meta property=\"og:title\" content=\"Veterinary HPM (Virbac) Adult Large &amp; Medium \u2013 chien Virbac - V\u00e9torino\" \/>\n<meta property=\"og:description\" content=\"Adult Dog Large &amp; Medium est une alimentation compl\u00e8te et \u00e9quilibr\u00e9e formul\u00e9e pour aider le chien adulte \u00e0 maintenir son poids et sa composition corporelle de fa\u00e7on optimale.  Utilisation :   Chien de race moyenne (de 11 \u00e0 25 kg) de plus de 12 mois.  Chien de grande race (de plus de 25kg) de plus de 18 mois.\" \/>\n<meta property=\"og:url\" content=\"https:\/\/www.vetorino.com\/veterinaire\/prunelli-di-fiumorbo-20243\/boutique\/product\/vet-hpm-dog-adult-large-medium\/\" \/>\n<meta property=\"og:site_name\" content=\"V\u00e9torino\" \/>\n<meta property=\"article:publisher\" content=\"https:\/\/www.facebook.com\/Vetorino\/\" \/>\n<meta property=\"article:modified_time\" content=\"2025-11-18T09:04:36+00:00\" \/>\n<meta property=\"og:image\" content=\"https:\/\/www.vetorino.com\/boutique\/wp-content\/uploads\/2020\/03\/veterinary-hpm-dog-adult-large-medium-new-4-1.webp\" \/>\n\t<meta property=\"og:image:width\" content=\"800\" \/>\n\t<meta property=\"og:image:height\" content=\"800\" \/>\n\t<meta property=\"og:image:type\" content=\"image\/webp\" \/>\n<meta name=\"twitter:card\" content=\"summary_large_image\" \/>\n<meta name=\"twitter:label1\" content=\"Disponibilit\u00e9\" \/>\n\t<meta name=\"twitter:data1\" content=\"En stock\" \/>\n<script type=\"application\/ld+json\" class=\"yoast-schema-graph\">{\"@context\":\"https:\\\/\\\/schema.org\",\"@graph\":[{\"@type\":\"WebPage\",\"@id\":\"https:\\\/\\\/www.vetorino.com\\\/boutique\\\/product\\\/vet-hpm-dog-adult-large-medium\\\/\",\"url\":\"https:\\\/\\\/www.vetorino.com\\\/boutique\\\/product\\\/vet-hpm-dog-adult-large-medium\\\/\",\"name\":\"Veterinary HPM (Virbac) Adult Large &amp; Medium \u2013 chien Virbac - V\u00e9torino\",\"isPartOf\":{\"@id\":\"https:\\\/\\\/www.vetorino.com\\\/boutique\\\/#website\"},\"primaryImageOfPage\":{\"@id\":\"https:\\\/\\\/www.vetorino.com\\\/boutique\\\/product\\\/vet-hpm-dog-adult-large-medium\\\/#primaryimage\"},\"image\":{\"@id\":\"https:\\\/\\\/www.vetorino.com\\\/boutique\\\/product\\\/vet-hpm-dog-adult-large-medium\\\/#primaryimage\"},\"thumbnailUrl\":\"https:\\\/\\\/www.vetorino.com\\\/boutique\\\/wp-content\\\/uploads\\\/2020\\\/03\\\/veterinary-hpm-dog-adult-large-medium-new-4-1.webp\",\"datePublished\":\"2020-03-04T21:57:25+00:00\",\"dateModified\":\"2025-11-18T09:04:36+00:00\",\"description\":\"Adult Dog Large &amp; Medium est une alimentation compl\u00e8te et \u00e9quilibr\u00e9e formul\u00e9e pour aider le chien adulte \u00e0 maintenir son poids et sa composition corporelle de fa\u00e7on optimale. Utilisation : Chien de race moyenne (de 11 \u00e0 25 kg) de plus de 12 mois. Chien de grande race (de plus de 25kg) de plus de 18 mois.\",\"breadcrumb\":{\"@id\":\"https:\\\/\\\/www.vetorino.com\\\/boutique\\\/product\\\/vet-hpm-dog-adult-large-medium\\\/#breadcrumb\"},\"inLanguage\":\"fr-FR\",\"potentialAction\":[{\"@type\":\"ReadAction\",\"target\":[\"https:\\\/\\\/www.vetorino.com\\\/boutique\\\/product\\\/vet-hpm-dog-adult-large-medium\\\/\"]}]},{\"@type\":\"ImageObject\",\"inLanguage\":\"fr-FR\",\"@id\":\"https:\\\/\\\/www.vetorino.com\\\/boutique\\\/product\\\/vet-hpm-dog-adult-large-medium\\\/#primaryimage\",\"url\":\"https:\\\/\\\/www.vetorino.com\\\/boutique\\\/wp-content\\\/uploads\\\/2020\\\/03\\\/veterinary-hpm-dog-adult-large-medium-new-4-1.webp\",\"contentUrl\":\"https:\\\/\\\/www.vetorino.com\\\/boutique\\\/wp-content\\\/uploads\\\/2020\\\/03\\\/veterinary-hpm-dog-adult-large-medium-new-4-1.webp\",\"width\":800,\"height\":800},{\"@type\":\"BreadcrumbList\",\"@id\":\"https:\\\/\\\/www.vetorino.com\\\/boutique\\\/product\\\/vet-hpm-dog-adult-large-medium\\\/#breadcrumb\",\"itemListElement\":[{\"@type\":\"ListItem\",\"position\":1,\"name\":\"Accueil\",\"item\":\"https:\\\/\\\/www.vetorino.com\\\/boutique\\\/\"},{\"@type\":\"ListItem\",\"position\":2,\"name\":\"Produits\",\"item\":\"https:\\\/\\\/www.vetorino.com\\\/boutique\\\/\"},{\"@type\":\"ListItem\",\"position\":3,\"name\":\"Adult Large &amp; Medium \u2013 chien\"}]},{\"@type\":\"WebSite\",\"@id\":\"https:\\\/\\\/www.vetorino.com\\\/boutique\\\/#website\",\"url\":\"https:\\\/\\\/www.vetorino.com\\\/boutique\\\/\",\"name\":\"V\u00e9torino\",\"description\":\"\",\"publisher\":{\"@id\":\"https:\\\/\\\/www.vetorino.com\\\/boutique\\\/#organization\"},\"potentialAction\":[{\"@type\":\"SearchAction\",\"target\":{\"@type\":\"EntryPoint\",\"urlTemplate\":\"https:\\\/\\\/www.vetorino.com\\\/boutique\\\/?s={search_term_string}\"},\"query-input\":{\"@type\":\"PropertyValueSpecification\",\"valueRequired\":true,\"valueName\":\"search_term_string\"}}],\"inLanguage\":\"fr-FR\"},{\"@type\":\"Organization\",\"@id\":\"https:\\\/\\\/www.vetorino.com\\\/boutique\\\/#organization\",\"name\":\"V\u00e9torino\",\"url\":\"https:\\\/\\\/www.vetorino.com\\\/boutique\\\/\",\"logo\":{\"@type\":\"ImageObject\",\"inLanguage\":\"fr-FR\",\"@id\":\"https:\\\/\\\/www.vetorino.com\\\/boutique\\\/#\\\/schema\\\/logo\\\/image\\\/\",\"url\":\"https:\\\/\\\/www.vetorino.com\\\/boutique\\\/wp-content\\\/uploads\\\/2024\\\/10\\\/logo.jpg\",\"contentUrl\":\"https:\\\/\\\/www.vetorino.com\\\/boutique\\\/wp-content\\\/uploads\\\/2024\\\/10\\\/logo.jpg\",\"width\":1200,\"height\":610,\"caption\":\"V\u00e9torino\"},\"image\":{\"@id\":\"https:\\\/\\\/www.vetorino.com\\\/boutique\\\/#\\\/schema\\\/logo\\\/image\\\/\"},\"sameAs\":[\"https:\\\/\\\/www.facebook.com\\\/Vetorino\\\/\",\"https:\\\/\\\/www.instagram.com\\\/vetorino_off\\\/\",\"https:\\\/\\\/www.linkedin.com\\\/company\\\/vtorino\\\/\"]}]}<\/script>\n<meta property=\"product:brand\" content=\"Virbac\" \/>\n<meta property=\"og:availability\" content=\"instock\" \/>\n<meta property=\"product:availability\" content=\"instock\" \/>\n<meta property=\"product:condition\" content=\"new\" \/>\n<!-- \/ Yoast SEO plugin. -->","yoast_head_json":{"title":"Veterinary HPM (Virbac) Adult Large &amp; Medium \u2013 chien Virbac - V\u00e9torino","description":"Adult Dog Large &amp; Medium est une alimentation compl\u00e8te et \u00e9quilibr\u00e9e formul\u00e9e pour aider le chien adulte \u00e0 maintenir son poids et sa composition corporelle de fa\u00e7on optimale.  Utilisation :   Chien de race moyenne (de 11 \u00e0 25 kg) de plus de 12 mois.  Chien de grande race (de plus de 25kg) de plus de 18 mois.","robots":{"index":"noindex","follow":"nofollow"},"og_locale":"fr_FR","og_type":"article","og_title":"Veterinary HPM (Virbac) Adult Large &amp; Medium \u2013 chien Virbac - V\u00e9torino","og_description":"Adult Dog Large &amp; Medium est une alimentation compl\u00e8te et \u00e9quilibr\u00e9e formul\u00e9e pour aider le chien adulte \u00e0 maintenir son poids et sa composition corporelle de fa\u00e7on optimale.  Utilisation :   Chien de race moyenne (de 11 \u00e0 25 kg) de plus de 12 mois.  Chien de grande race (de plus de 25kg) de plus de 18 mois.","og_url":"https:\/\/www.vetorino.com\/veterinaire\/prunelli-di-fiumorbo-20243\/boutique\/product\/vet-hpm-dog-adult-large-medium\/","og_site_name":"V\u00e9torino","article_publisher":"https:\/\/www.facebook.com\/Vetorino\/","article_modified_time":"2025-11-18T09:04:36+00:00","og_image":[{"width":800,"height":800,"url":"https:\/\/www.vetorino.com\/boutique\/wp-content\/uploads\/2020\/03\/veterinary-hpm-dog-adult-large-medium-new-4-1.webp","type":"image\/webp"}],"twitter_card":"summary_large_image","twitter_misc":{"Disponibilit\u00e9":"En stock"},"schema":{"@context":"https:\/\/schema.org","@graph":[{"@type":"WebPage","@id":"https:\/\/www.vetorino.com\/boutique\/product\/vet-hpm-dog-adult-large-medium\/","url":"https:\/\/www.vetorino.com\/boutique\/product\/vet-hpm-dog-adult-large-medium\/","name":"Veterinary HPM (Virbac) Adult Large &amp; Medium \u2013 chien Virbac - V\u00e9torino","isPartOf":{"@id":"https:\/\/www.vetorino.com\/boutique\/#website"},"primaryImageOfPage":{"@id":"https:\/\/www.vetorino.com\/boutique\/product\/vet-hpm-dog-adult-large-medium\/#primaryimage"},"image":{"@id":"https:\/\/www.vetorino.com\/boutique\/product\/vet-hpm-dog-adult-large-medium\/#primaryimage"},"thumbnailUrl":"https:\/\/www.vetorino.com\/boutique\/wp-content\/uploads\/2020\/03\/veterinary-hpm-dog-adult-large-medium-new-4-1.webp","datePublished":"2020-03-04T21:57:25+00:00","dateModified":"2025-11-18T09:04:36+00:00","description":"Adult Dog Large &amp; Medium est une alimentation compl\u00e8te et \u00e9quilibr\u00e9e formul\u00e9e pour aider le chien adulte \u00e0 maintenir son poids et sa composition corporelle de fa\u00e7on optimale. Utilisation : Chien de race moyenne (de 11 \u00e0 25 kg) de plus de 12 mois. Chien de grande race (de plus de 25kg) de plus de 18 mois.","breadcrumb":{"@id":"https:\/\/www.vetorino.com\/boutique\/product\/vet-hpm-dog-adult-large-medium\/#breadcrumb"},"inLanguage":"fr-FR","potentialAction":[{"@type":"ReadAction","target":["https:\/\/www.vetorino.com\/boutique\/product\/vet-hpm-dog-adult-large-medium\/"]}]},{"@type":"ImageObject","inLanguage":"fr-FR","@id":"https:\/\/www.vetorino.com\/boutique\/product\/vet-hpm-dog-adult-large-medium\/#primaryimage","url":"https:\/\/www.vetorino.com\/boutique\/wp-content\/uploads\/2020\/03\/veterinary-hpm-dog-adult-large-medium-new-4-1.webp","contentUrl":"https:\/\/www.vetorino.com\/boutique\/wp-content\/uploads\/2020\/03\/veterinary-hpm-dog-adult-large-medium-new-4-1.webp","width":800,"height":800},{"@type":"BreadcrumbList","@id":"https:\/\/www.vetorino.com\/boutique\/product\/vet-hpm-dog-adult-large-medium\/#breadcrumb","itemListElement":[{"@type":"ListItem","position":1,"name":"Accueil","item":"https:\/\/www.vetorino.com\/boutique\/"},{"@type":"ListItem","position":2,"name":"Produits","item":"https:\/\/www.vetorino.com\/boutique\/"},{"@type":"ListItem","position":3,"name":"Adult Large &amp; Medium \u2013 chien"}]},{"@type":"WebSite","@id":"https:\/\/www.vetorino.com\/boutique\/#website","url":"https:\/\/www.vetorino.com\/boutique\/","name":"V\u00e9torino","description":"","publisher":{"@id":"https:\/\/www.vetorino.com\/boutique\/#organization"},"potentialAction":[{"@type":"SearchAction","target":{"@type":"EntryPoint","urlTemplate":"https:\/\/www.vetorino.com\/boutique\/?s={search_term_string}"},"query-input":{"@type":"PropertyValueSpecification","valueRequired":true,"valueName":"search_term_string"}}],"inLanguage":"fr-FR"},{"@type":"Organization","@id":"https:\/\/www.vetorino.com\/boutique\/#organization","name":"V\u00e9torino","url":"https:\/\/www.vetorino.com\/boutique\/","logo":{"@type":"ImageObject","inLanguage":"fr-FR","@id":"https:\/\/www.vetorino.com\/boutique\/#\/schema\/logo\/image\/","url":"https:\/\/www.vetorino.com\/boutique\/wp-content\/uploads\/2024\/10\/logo.jpg","contentUrl":"https:\/\/www.vetorino.com\/boutique\/wp-content\/uploads\/2024\/10\/logo.jpg","width":1200,"height":610,"caption":"V\u00e9torino"},"image":{"@id":"https:\/\/www.vetorino.com\/boutique\/#\/schema\/logo\/image\/"},"sameAs":["https:\/\/www.facebook.com\/Vetorino\/","https:\/\/www.instagram.com\/vetorino_off\/","https:\/\/www.linkedin.com\/company\/vtorino\/"]}]},"product_brand":"Virbac","og_availability":"instock","product_availability":"instock","product_condition":"new"},"_links":{"self":[{"href":"https:\/\/www.vetorino.com\/veterinaire\/prunelli-di-fiumorbo-20243\/boutique\/wp-json\/wp\/v2\/product\/35750","targetHints":{"allow":["GET"]}}],"collection":[{"href":"https:\/\/www.vetorino.com\/veterinaire\/prunelli-di-fiumorbo-20243\/boutique\/wp-json\/wp\/v2\/product"}],"about":[{"href":"https:\/\/www.vetorino.com\/veterinaire\/prunelli-di-fiumorbo-20243\/boutique\/wp-json\/wp\/v2\/types\/product"}],"wp:featuredmedia":[{"embeddable":true,"href":"https:\/\/www.vetorino.com\/veterinaire\/prunelli-di-fiumorbo-20243\/boutique\/wp-json\/wp\/v2\/media\/1419067"}],"wp:attachment":[{"href":"https:\/\/www.vetorino.com\/veterinaire\/prunelli-di-fiumorbo-20243\/boutique\/wp-json\/wp\/v2\/media?parent=35750"}],"wp:term":[{"taxonomy":"product_cat","embeddable":true,"href":"https:\/\/www.vetorino.com\/veterinaire\/prunelli-di-fiumorbo-20243\/boutique\/wp-json\/wp\/v2\/product_cat?post=35750"},{"taxonomy":"product_tag","embeddable":true,"href":"https:\/\/www.vetorino.com\/veterinaire\/prunelli-di-fiumorbo-20243\/boutique\/wp-json\/wp\/v2\/product_tag?post=35750"}],"curies":[{"name":"wp","href":"https:\/\/api.w.org\/{rel}","templated":true}]}}