{"id":35780,"date":"2020-03-04T22:57:35","date_gmt":"2020-03-04T21:57:35","guid":{"rendered":"https:\/\/www.vetorino.com\/boutique\/product\/nutribound-chiens\/"},"modified":"2023-06-21T18:35:26","modified_gmt":"2023-06-21T16:35:26","slug":"nutribound-chiens","status":"publish","type":"product","link":"https:\/\/www.vetorino.com\/veterinaire\/prunelli-di-fiumorbo-20243\/boutique\/product\/nutribound-chiens\/","title":{"rendered":"Compl\u00e9ment NUTRIBOUND Chien"},"content":{"rendered":"<p><strong>Virbac Nutribound Chien <\/strong>est une solution orale tr\u00e8s app\u00e9tente et pr\u00eate \u00e0 l&#8217;emploi qui stimule la prise alimentaire et la prise de boisson tout en fournissant les nutriments essentiels sp\u00e9cifiquement recommand\u00e9s pour la convalescence de l&#8217;animal, d\u00e8s les stades pr\u00e9coces.<\/p>\n<p><strong>Utilisation :<\/strong><\/p>\n<ul>\n<li>Aide au r\u00e9tablissement apr\u00e8s intervention chirurgicale et en cas d&#8217;anorexie ou de convalescence<\/li>\n<li>Stimule la prise alimentaire et la prise de boisson du chien<\/li>\n<\/ul>\n<p><em><strong>Mode d&#8217;emploi :<\/strong><\/em><\/p>\n<p><em>Peut \u00eatre administr\u00e9 pur, dans l\u2019eau de boisson ou d\u00e9pos\u00e9 sur la nourriture. La forme liquide permet aussi l\u2019administration avec une seringue ou une sonde. De l\u2019eau fra\u00eeche doit \u00eatre disponible en permanence.<\/em><br \/>\n<em>Bien agiter avant utilisation. La formation de s\u00e9diments est naturelle.<\/em><\/p>\n<p><em>Utiliser le gobelet doseur pr\u00e9sent dans la bo\u00eete pour un dosage pr\u00e9cis, en une ou plusieurs prises :<\/em><\/p>\n<ul>\n<li><em>Chiens de 0 \u00e0 10 kg : 15 \u00e0 30 ml par jour.<\/em><\/li>\n<li><em>Chiens de 10 \u00e0 20 kg : 30 \u00e0 50 ml par jour.<\/em><\/li>\n<li><em>Chiens\u00a0de plus de\u00a020 kg : 50 \u00e0 70 ml par jour.<\/em><\/li>\n<\/ul>\n","protected":false},"excerpt":{"rendered":"<p><strong>Virbac Nutribound Chien <\/strong>est une solution orale tr\u00e8s app\u00e9tente et pr\u00eate \u00e0 l&#8217;emploi qui stimule la prise alimentaire et la prise de boisson tout en fournissant les nutriments essentiels sp\u00e9cifiquement recommand\u00e9s pour la convalescence de l&#8217;animal, d\u00e8s les stades pr\u00e9coces.<\/p>\n","protected":false},"featured_media":216393,"template":"","meta":[],"product_cat":[2738,2698,12568],"product_tag":[],"class_list":{"0":"post-35780","1":"product","2":"type-product","3":"status-publish","4":"has-post-thumbnail","6":"product_cat-aliments-complementaires-pour-chien","7":"product_cat-chien","8":"product_cat-produit-veterinaire-du-chien","9":"pa_marque-virbac","11":"first","12":"instock","13":"taxable","14":"shipping-taxable","15":"purchasable","16":"product-type-simple"},"yoast_head":"<!-- This site is optimized with the Yoast SEO plugin v27.3 - https:\/\/yoast.com\/product\/yoast-seo-wordpress\/ -->\n<title>Compl\u00e9ment NUTRIBOUND Chien Virbac - V\u00e9torino<\/title>\n<meta name=\"description\" content=\"Virbac Nutribound Chien est une solution orale tr\u00e8s app\u00e9tente et pr\u00eate \u00e0 l&#039;emploi qui stimule la prise alimentaire et la prise de boisson tout en fournissant les nutriments essentiels sp\u00e9cifiquement recommand\u00e9s pour la convalescence de l&#039;animal, d\u00e8s les stades pr\u00e9coces.\" \/>\n<meta name=\"robots\" content=\"noindex, nofollow\" \/>\n<meta property=\"og:locale\" content=\"fr_FR\" \/>\n<meta property=\"og:type\" content=\"article\" \/>\n<meta property=\"og:title\" content=\"Compl\u00e9ment NUTRIBOUND Chien Virbac - V\u00e9torino\" \/>\n<meta property=\"og:description\" content=\"Virbac Nutribound Chien est une solution orale tr\u00e8s app\u00e9tente et pr\u00eate \u00e0 l&#039;emploi qui stimule la prise alimentaire et la prise de boisson tout en fournissant les nutriments essentiels sp\u00e9cifiquement recommand\u00e9s pour la convalescence de l&#039;animal, d\u00e8s les stades pr\u00e9coces.\" \/>\n<meta property=\"og:url\" content=\"https:\/\/www.vetorino.com\/veterinaire\/prunelli-di-fiumorbo-20243\/boutique\/product\/nutribound-chiens\/\" \/>\n<meta property=\"og:site_name\" content=\"V\u00e9torino\" \/>\n<meta property=\"article:publisher\" content=\"https:\/\/www.facebook.com\/Vetorino\/\" \/>\n<meta property=\"article:modified_time\" content=\"2023-06-21T16:35:26+00:00\" \/>\n<meta property=\"og:image\" content=\"https:\/\/www.vetorino.com\/boutique\/wp-content\/uploads\/2020\/03\/nutribound-chien.jpeg\" \/>\n\t<meta property=\"og:image:width\" content=\"800\" \/>\n\t<meta property=\"og:image:height\" content=\"800\" \/>\n\t<meta property=\"og:image:type\" content=\"image\/jpeg\" \/>\n<meta name=\"twitter:card\" content=\"summary_large_image\" \/>\n<meta name=\"twitter:label1\" content=\"Prix\" \/>\n\t<meta name=\"twitter:data1\" content=\"29,09&euro;\" \/>\n\t<meta name=\"twitter:label2\" content=\"Disponibilit\u00e9\" \/>\n\t<meta name=\"twitter:data2\" content=\"En stock\" \/>\n<script type=\"application\/ld+json\" class=\"yoast-schema-graph\">{\"@context\":\"https:\\\/\\\/schema.org\",\"@graph\":[{\"@type\":\"WebPage\",\"@id\":\"https:\\\/\\\/www.vetorino.com\\\/veterinaire\\\/pontarlier-25300\\\/boutique\\\/product\\\/nutribound-chiens\\\/\",\"url\":\"https:\\\/\\\/www.vetorino.com\\\/veterinaire\\\/pontarlier-25300\\\/boutique\\\/product\\\/nutribound-chiens\\\/\",\"name\":\"Compl\u00e9ment NUTRIBOUND Chien Virbac - V\u00e9torino\",\"isPartOf\":{\"@id\":\"https:\\\/\\\/www.vetorino.com\\\/boutique\\\/#website\"},\"primaryImageOfPage\":{\"@id\":\"https:\\\/\\\/www.vetorino.com\\\/veterinaire\\\/pontarlier-25300\\\/boutique\\\/product\\\/nutribound-chiens\\\/#primaryimage\"},\"image\":{\"@id\":\"https:\\\/\\\/www.vetorino.com\\\/veterinaire\\\/pontarlier-25300\\\/boutique\\\/product\\\/nutribound-chiens\\\/#primaryimage\"},\"thumbnailUrl\":\"https:\\\/\\\/www.vetorino.com\\\/boutique\\\/wp-content\\\/uploads\\\/2020\\\/03\\\/nutribound-chien.jpeg\",\"datePublished\":\"2020-03-04T21:57:35+00:00\",\"dateModified\":\"2023-06-21T16:35:26+00:00\",\"description\":\"Virbac Nutribound Chien est une solution orale tr\u00e8s app\u00e9tente et pr\u00eate \u00e0 l'emploi qui stimule la prise alimentaire et la prise de boisson tout en fournissant les nutriments essentiels sp\u00e9cifiquement recommand\u00e9s pour la convalescence de l'animal, d\u00e8s les stades pr\u00e9coces.\",\"breadcrumb\":{\"@id\":\"https:\\\/\\\/www.vetorino.com\\\/veterinaire\\\/pontarlier-25300\\\/boutique\\\/product\\\/nutribound-chiens\\\/#breadcrumb\"},\"inLanguage\":\"fr-FR\",\"potentialAction\":[{\"@type\":\"ReadAction\",\"target\":[\"https:\\\/\\\/www.vetorino.com\\\/veterinaire\\\/pontarlier-25300\\\/boutique\\\/product\\\/nutribound-chiens\\\/\"]}]},{\"@type\":\"ImageObject\",\"inLanguage\":\"fr-FR\",\"@id\":\"https:\\\/\\\/www.vetorino.com\\\/veterinaire\\\/pontarlier-25300\\\/boutique\\\/product\\\/nutribound-chiens\\\/#primaryimage\",\"url\":\"https:\\\/\\\/www.vetorino.com\\\/boutique\\\/wp-content\\\/uploads\\\/2020\\\/03\\\/nutribound-chien.jpeg\",\"contentUrl\":\"https:\\\/\\\/www.vetorino.com\\\/boutique\\\/wp-content\\\/uploads\\\/2020\\\/03\\\/nutribound-chien.jpeg\",\"width\":800,\"height\":800},{\"@type\":\"BreadcrumbList\",\"@id\":\"https:\\\/\\\/www.vetorino.com\\\/veterinaire\\\/pontarlier-25300\\\/boutique\\\/product\\\/nutribound-chiens\\\/#breadcrumb\",\"itemListElement\":[{\"@type\":\"ListItem\",\"position\":1,\"name\":\"Accueil\",\"item\":\"https:\\\/\\\/www.vetorino.com\\\/boutique\\\/\"},{\"@type\":\"ListItem\",\"position\":2,\"name\":\"Produits\",\"item\":\"https:\\\/\\\/www.vetorino.com\\\/boutique\\\/\"},{\"@type\":\"ListItem\",\"position\":3,\"name\":\"Compl\u00e9ment NUTRIBOUND Chien\"}]},{\"@type\":\"WebSite\",\"@id\":\"https:\\\/\\\/www.vetorino.com\\\/boutique\\\/#website\",\"url\":\"https:\\\/\\\/www.vetorino.com\\\/boutique\\\/\",\"name\":\"V\u00e9torino\",\"description\":\"\",\"publisher\":{\"@id\":\"https:\\\/\\\/www.vetorino.com\\\/boutique\\\/#organization\"},\"potentialAction\":[{\"@type\":\"SearchAction\",\"target\":{\"@type\":\"EntryPoint\",\"urlTemplate\":\"https:\\\/\\\/www.vetorino.com\\\/boutique\\\/?s={search_term_string}\"},\"query-input\":{\"@type\":\"PropertyValueSpecification\",\"valueRequired\":true,\"valueName\":\"search_term_string\"}}],\"inLanguage\":\"fr-FR\"},{\"@type\":\"Organization\",\"@id\":\"https:\\\/\\\/www.vetorino.com\\\/boutique\\\/#organization\",\"name\":\"V\u00e9torino\",\"url\":\"https:\\\/\\\/www.vetorino.com\\\/boutique\\\/\",\"logo\":{\"@type\":\"ImageObject\",\"inLanguage\":\"fr-FR\",\"@id\":\"https:\\\/\\\/www.vetorino.com\\\/boutique\\\/#\\\/schema\\\/logo\\\/image\\\/\",\"url\":\"https:\\\/\\\/www.vetorino.com\\\/boutique\\\/wp-content\\\/uploads\\\/2024\\\/10\\\/logo.jpg\",\"contentUrl\":\"https:\\\/\\\/www.vetorino.com\\\/boutique\\\/wp-content\\\/uploads\\\/2024\\\/10\\\/logo.jpg\",\"width\":1200,\"height\":610,\"caption\":\"V\u00e9torino\"},\"image\":{\"@id\":\"https:\\\/\\\/www.vetorino.com\\\/boutique\\\/#\\\/schema\\\/logo\\\/image\\\/\"},\"sameAs\":[\"https:\\\/\\\/www.facebook.com\\\/Vetorino\\\/\",\"https:\\\/\\\/www.instagram.com\\\/vetorino_off\\\/\",\"https:\\\/\\\/www.linkedin.com\\\/company\\\/vtorino\\\/\"]}]}<\/script>\n<meta property=\"product:brand\" content=\"Virbac\" \/>\n<meta property=\"product:price:amount\" content=\"29.09\" \/>\n<meta property=\"product:price:currency\" content=\"EUR\" \/>\n<meta property=\"og:availability\" content=\"instock\" \/>\n<meta property=\"product:availability\" content=\"instock\" \/>\n<meta property=\"product:retailer_item_id\" content=\"A-1802120\" \/>\n<meta property=\"product:condition\" content=\"new\" \/>\n<!-- \/ Yoast SEO plugin. -->","yoast_head_json":{"title":"Compl\u00e9ment NUTRIBOUND Chien Virbac - V\u00e9torino","description":"Virbac Nutribound Chien est une solution orale tr\u00e8s app\u00e9tente et pr\u00eate \u00e0 l'emploi qui stimule la prise alimentaire et la prise de boisson tout en fournissant les nutriments essentiels sp\u00e9cifiquement recommand\u00e9s pour la convalescence de l'animal, d\u00e8s les stades pr\u00e9coces.","robots":{"index":"noindex","follow":"nofollow"},"og_locale":"fr_FR","og_type":"article","og_title":"Compl\u00e9ment NUTRIBOUND Chien Virbac - V\u00e9torino","og_description":"Virbac Nutribound Chien est une solution orale tr\u00e8s app\u00e9tente et pr\u00eate \u00e0 l'emploi qui stimule la prise alimentaire et la prise de boisson tout en fournissant les nutriments essentiels sp\u00e9cifiquement recommand\u00e9s pour la convalescence de l'animal, d\u00e8s les stades pr\u00e9coces.","og_url":"https:\/\/www.vetorino.com\/veterinaire\/prunelli-di-fiumorbo-20243\/boutique\/product\/nutribound-chiens\/","og_site_name":"V\u00e9torino","article_publisher":"https:\/\/www.facebook.com\/Vetorino\/","article_modified_time":"2023-06-21T16:35:26+00:00","og_image":[{"width":800,"height":800,"url":"https:\/\/www.vetorino.com\/boutique\/wp-content\/uploads\/2020\/03\/nutribound-chien.jpeg","type":"image\/jpeg"}],"twitter_card":"summary_large_image","twitter_misc":{"Prix":"29,09&euro;","Disponibilit\u00e9":"En stock"},"schema":{"@context":"https:\/\/schema.org","@graph":[{"@type":"WebPage","@id":"https:\/\/www.vetorino.com\/veterinaire\/pontarlier-25300\/boutique\/product\/nutribound-chiens\/","url":"https:\/\/www.vetorino.com\/veterinaire\/pontarlier-25300\/boutique\/product\/nutribound-chiens\/","name":"Compl\u00e9ment NUTRIBOUND Chien Virbac - V\u00e9torino","isPartOf":{"@id":"https:\/\/www.vetorino.com\/boutique\/#website"},"primaryImageOfPage":{"@id":"https:\/\/www.vetorino.com\/veterinaire\/pontarlier-25300\/boutique\/product\/nutribound-chiens\/#primaryimage"},"image":{"@id":"https:\/\/www.vetorino.com\/veterinaire\/pontarlier-25300\/boutique\/product\/nutribound-chiens\/#primaryimage"},"thumbnailUrl":"https:\/\/www.vetorino.com\/boutique\/wp-content\/uploads\/2020\/03\/nutribound-chien.jpeg","datePublished":"2020-03-04T21:57:35+00:00","dateModified":"2023-06-21T16:35:26+00:00","description":"Virbac Nutribound Chien est une solution orale tr\u00e8s app\u00e9tente et pr\u00eate \u00e0 l'emploi qui stimule la prise alimentaire et la prise de boisson tout en fournissant les nutriments essentiels sp\u00e9cifiquement recommand\u00e9s pour la convalescence de l'animal, d\u00e8s les stades pr\u00e9coces.","breadcrumb":{"@id":"https:\/\/www.vetorino.com\/veterinaire\/pontarlier-25300\/boutique\/product\/nutribound-chiens\/#breadcrumb"},"inLanguage":"fr-FR","potentialAction":[{"@type":"ReadAction","target":["https:\/\/www.vetorino.com\/veterinaire\/pontarlier-25300\/boutique\/product\/nutribound-chiens\/"]}]},{"@type":"ImageObject","inLanguage":"fr-FR","@id":"https:\/\/www.vetorino.com\/veterinaire\/pontarlier-25300\/boutique\/product\/nutribound-chiens\/#primaryimage","url":"https:\/\/www.vetorino.com\/boutique\/wp-content\/uploads\/2020\/03\/nutribound-chien.jpeg","contentUrl":"https:\/\/www.vetorino.com\/boutique\/wp-content\/uploads\/2020\/03\/nutribound-chien.jpeg","width":800,"height":800},{"@type":"BreadcrumbList","@id":"https:\/\/www.vetorino.com\/veterinaire\/pontarlier-25300\/boutique\/product\/nutribound-chiens\/#breadcrumb","itemListElement":[{"@type":"ListItem","position":1,"name":"Accueil","item":"https:\/\/www.vetorino.com\/boutique\/"},{"@type":"ListItem","position":2,"name":"Produits","item":"https:\/\/www.vetorino.com\/boutique\/"},{"@type":"ListItem","position":3,"name":"Compl\u00e9ment NUTRIBOUND Chien"}]},{"@type":"WebSite","@id":"https:\/\/www.vetorino.com\/boutique\/#website","url":"https:\/\/www.vetorino.com\/boutique\/","name":"V\u00e9torino","description":"","publisher":{"@id":"https:\/\/www.vetorino.com\/boutique\/#organization"},"potentialAction":[{"@type":"SearchAction","target":{"@type":"EntryPoint","urlTemplate":"https:\/\/www.vetorino.com\/boutique\/?s={search_term_string}"},"query-input":{"@type":"PropertyValueSpecification","valueRequired":true,"valueName":"search_term_string"}}],"inLanguage":"fr-FR"},{"@type":"Organization","@id":"https:\/\/www.vetorino.com\/boutique\/#organization","name":"V\u00e9torino","url":"https:\/\/www.vetorino.com\/boutique\/","logo":{"@type":"ImageObject","inLanguage":"fr-FR","@id":"https:\/\/www.vetorino.com\/boutique\/#\/schema\/logo\/image\/","url":"https:\/\/www.vetorino.com\/boutique\/wp-content\/uploads\/2024\/10\/logo.jpg","contentUrl":"https:\/\/www.vetorino.com\/boutique\/wp-content\/uploads\/2024\/10\/logo.jpg","width":1200,"height":610,"caption":"V\u00e9torino"},"image":{"@id":"https:\/\/www.vetorino.com\/boutique\/#\/schema\/logo\/image\/"},"sameAs":["https:\/\/www.facebook.com\/Vetorino\/","https:\/\/www.instagram.com\/vetorino_off\/","https:\/\/www.linkedin.com\/company\/vtorino\/"]}]},"product_brand":"Virbac","product_price_amount":"29.09","product_price_currency":"EUR","og_availability":"instock","product_availability":"instock","product_retailer_item_id":"A-1802120","product_condition":"new"},"_links":{"self":[{"href":"https:\/\/www.vetorino.com\/veterinaire\/prunelli-di-fiumorbo-20243\/boutique\/wp-json\/wp\/v2\/product\/35780","targetHints":{"allow":["GET"]}}],"collection":[{"href":"https:\/\/www.vetorino.com\/veterinaire\/prunelli-di-fiumorbo-20243\/boutique\/wp-json\/wp\/v2\/product"}],"about":[{"href":"https:\/\/www.vetorino.com\/veterinaire\/prunelli-di-fiumorbo-20243\/boutique\/wp-json\/wp\/v2\/types\/product"}],"wp:featuredmedia":[{"embeddable":true,"href":"https:\/\/www.vetorino.com\/veterinaire\/prunelli-di-fiumorbo-20243\/boutique\/wp-json\/wp\/v2\/media\/216393"}],"wp:attachment":[{"href":"https:\/\/www.vetorino.com\/veterinaire\/prunelli-di-fiumorbo-20243\/boutique\/wp-json\/wp\/v2\/media?parent=35780"}],"wp:term":[{"taxonomy":"product_cat","embeddable":true,"href":"https:\/\/www.vetorino.com\/veterinaire\/prunelli-di-fiumorbo-20243\/boutique\/wp-json\/wp\/v2\/product_cat?post=35780"},{"taxonomy":"product_tag","embeddable":true,"href":"https:\/\/www.vetorino.com\/veterinaire\/prunelli-di-fiumorbo-20243\/boutique\/wp-json\/wp\/v2\/product_tag?post=35780"}],"curies":[{"name":"wp","href":"https:\/\/api.w.org\/{rel}","templated":true}]}}