{"id":35799,"date":"2020-03-04T22:57:42","date_gmt":"2020-03-04T21:57:42","guid":{"rendered":"https:\/\/www.vetorino.com\/boutique\/product\/shampooing-entretien\/"},"modified":"2026-02-23T15:13:52","modified_gmt":"2026-02-23T14:13:52","slug":"shampooing-entretien","status":"publish","type":"product","link":"https:\/\/www.vetorino.com\/veterinaire\/prunelli-di-fiumorbo-20243\/boutique\/product\/shampooing-entretien\/","title":{"rendered":"Shampooing Entretien"},"content":{"rendered":"<div class=\"hidden\">\n<p>Le\u00a0<strong>Shampooing Entretien\u00a0<\/strong>est con\u00e7u pour des lavages fr\u00e9quents et pour les animaux \u00e0 peau fragile.<\/p>\n<p>Il<strong> tonifie le pelage<\/strong> en lui donnant <strong>brillance et vitalit\u00e9.<\/strong><\/p>\n<p>Il est \u00e9galement conseill\u00e9 chez les animaux \u00e0 peau et poils secs pouvant pr\u00e9senter des pellicules.<\/p>\n<p><strong>Mode d&#8217;emploi :\u00a0<\/strong><\/p>\n<ul>\n<li>Mouiller la totalit\u00e9 du corps de l&#8217;animal en impr\u00e9gnant totalement le sous-poil et la peau.<\/li>\n<li>Verser les premi\u00e8res dosessur le dos, r\u00e9partir sur la totalit\u00e9 du corps.<\/li>\n<li>Rincer.<\/li>\n<li>Proc\u00e9der \u00e0 une seconde application.<\/li>\n<li>Laisser agir 2 \u00e0 4 minutes, puis rincer soigneusement.<\/li>\n<li>S\u00e9cher l&#8217;animal.<\/li>\n<li>Fr\u00e9quence : 2 \u00e0 3 lavages \/ semaine le premier mois, puis : 1 \u00e0 3 lavages \/ mois en entretien r\u00e9gulier.<\/li>\n<\/ul>\n<p><strong>Test\u00e9 dermatologiquement par des v\u00e9t\u00e9rinaires sp\u00e9cialis\u00e9s.<\/strong><\/p>\n<\/div>\n","protected":false},"excerpt":{"rendered":"<p>Le\u00a0<strong>Shampooing Entretien\u00a0<\/strong>est con\u00e7u pour des lavages fr\u00e9quents et pour les animaux \u00e0 peau fragile.<\/p>\n<p>Il<strong> tonifie le pelage<\/strong> en lui donnant <strong>brillance et vitalit\u00e9.<\/strong><\/p>\n<p>Il est \u00e9galement conseill\u00e9 chez les animaux \u00e0 peau et poils secs pouvant pr\u00e9senter des pellicules.<\/p>\n","protected":false},"featured_media":1715839,"template":"","meta":[],"product_cat":[2697,2698,12611,12612,12560,12561],"product_tag":[],"class_list":{"0":"post-35799","1":"product","2":"type-product","3":"status-publish","4":"has-post-thumbnail","6":"product_cat-chat","7":"product_cat-chien","8":"product_cat-hygiene-de-la-peau-et-du-pelage-du-chat","9":"product_cat-hygiene-de-la-peau-et-du-pelage-du-chien","10":"product_cat-hygiene-du-chat","11":"product_cat-hygiene-du-chien","12":"pa_marque-greenvet","14":"first","15":"instock","16":"taxable","17":"shipping-taxable","18":"purchasable","19":"product-type-variable"},"yoast_head":"<!-- This site is optimized with the Yoast SEO plugin v27.3 - https:\/\/yoast.com\/product\/yoast-seo-wordpress\/ -->\n<title>Shampooing Entretien Greenvet - V\u00e9torino<\/title>\n<meta name=\"description\" content=\"Le\u00a0Shampooing Entretien\u00a0est con\u00e7u pour des lavages fr\u00e9quents et pour les animaux \u00e0 peau fragile.  Il tonifie le pelage en lui donnant brillance et vitalit\u00e9.  Il est \u00e9galement conseill\u00e9 chez les animaux \u00e0 peau et poils secs pouvant pr\u00e9senter des pellicules.\" \/>\n<meta name=\"robots\" content=\"noindex, nofollow\" \/>\n<meta property=\"og:locale\" content=\"fr_FR\" \/>\n<meta property=\"og:type\" content=\"article\" \/>\n<meta property=\"og:title\" content=\"Shampooing Entretien Greenvet - V\u00e9torino\" \/>\n<meta property=\"og:description\" content=\"Le\u00a0Shampooing Entretien\u00a0est con\u00e7u pour des lavages fr\u00e9quents et pour les animaux \u00e0 peau fragile.  Il tonifie le pelage en lui donnant brillance et vitalit\u00e9.  Il est \u00e9galement conseill\u00e9 chez les animaux \u00e0 peau et poils secs pouvant pr\u00e9senter des pellicules.\" \/>\n<meta property=\"og:url\" content=\"https:\/\/www.vetorino.com\/veterinaire\/prunelli-di-fiumorbo-20243\/boutique\/product\/shampooing-entretien\/\" \/>\n<meta property=\"og:site_name\" content=\"V\u00e9torino\" \/>\n<meta property=\"article:publisher\" content=\"https:\/\/www.facebook.com\/Vetorino\/\" \/>\n<meta property=\"article:modified_time\" content=\"2026-02-23T14:13:52+00:00\" \/>\n<meta property=\"og:image\" content=\"https:\/\/www.vetorino.com\/boutique\/wp-content\/uploads\/2020\/03\/Shampooing_-_ENTRETIEN-e1682087820322-600x759-1.webp\" \/>\n\t<meta property=\"og:image:width\" content=\"600\" \/>\n\t<meta property=\"og:image:height\" content=\"759\" \/>\n\t<meta property=\"og:image:type\" content=\"image\/webp\" \/>\n<meta name=\"twitter:card\" content=\"summary_large_image\" \/>\n<meta name=\"twitter:label1\" content=\"Disponibilit\u00e9\" \/>\n\t<meta name=\"twitter:data1\" content=\"En stock\" \/>\n<script type=\"application\/ld+json\" class=\"yoast-schema-graph\">{\"@context\":\"https:\\\/\\\/schema.org\",\"@graph\":[{\"@type\":\"WebPage\",\"@id\":\"https:\\\/\\\/www.vetorino.com\\\/boutique\\\/product\\\/shampooing-entretien\\\/\",\"url\":\"https:\\\/\\\/www.vetorino.com\\\/boutique\\\/product\\\/shampooing-entretien\\\/\",\"name\":\"Shampooing Entretien Greenvet - V\u00e9torino\",\"isPartOf\":{\"@id\":\"https:\\\/\\\/www.vetorino.com\\\/boutique\\\/#website\"},\"primaryImageOfPage\":{\"@id\":\"https:\\\/\\\/www.vetorino.com\\\/boutique\\\/product\\\/shampooing-entretien\\\/#primaryimage\"},\"image\":{\"@id\":\"https:\\\/\\\/www.vetorino.com\\\/boutique\\\/product\\\/shampooing-entretien\\\/#primaryimage\"},\"thumbnailUrl\":\"https:\\\/\\\/www.vetorino.com\\\/boutique\\\/wp-content\\\/uploads\\\/2020\\\/03\\\/Shampooing_-_ENTRETIEN-e1682087820322-600x759-1.webp\",\"datePublished\":\"2020-03-04T21:57:42+00:00\",\"dateModified\":\"2026-02-23T14:13:52+00:00\",\"description\":\"Le\u00a0Shampooing Entretien\u00a0est con\u00e7u pour des lavages fr\u00e9quents et pour les animaux \u00e0 peau fragile. Il tonifie le pelage en lui donnant brillance et vitalit\u00e9. Il est \u00e9galement conseill\u00e9 chez les animaux \u00e0 peau et poils secs pouvant pr\u00e9senter des pellicules.\",\"breadcrumb\":{\"@id\":\"https:\\\/\\\/www.vetorino.com\\\/boutique\\\/product\\\/shampooing-entretien\\\/#breadcrumb\"},\"inLanguage\":\"fr-FR\",\"potentialAction\":[{\"@type\":\"ReadAction\",\"target\":[\"https:\\\/\\\/www.vetorino.com\\\/boutique\\\/product\\\/shampooing-entretien\\\/\"]}]},{\"@type\":\"ImageObject\",\"inLanguage\":\"fr-FR\",\"@id\":\"https:\\\/\\\/www.vetorino.com\\\/boutique\\\/product\\\/shampooing-entretien\\\/#primaryimage\",\"url\":\"https:\\\/\\\/www.vetorino.com\\\/boutique\\\/wp-content\\\/uploads\\\/2020\\\/03\\\/Shampooing_-_ENTRETIEN-e1682087820322-600x759-1.webp\",\"contentUrl\":\"https:\\\/\\\/www.vetorino.com\\\/boutique\\\/wp-content\\\/uploads\\\/2020\\\/03\\\/Shampooing_-_ENTRETIEN-e1682087820322-600x759-1.webp\",\"width\":600,\"height\":759},{\"@type\":\"BreadcrumbList\",\"@id\":\"https:\\\/\\\/www.vetorino.com\\\/boutique\\\/product\\\/shampooing-entretien\\\/#breadcrumb\",\"itemListElement\":[{\"@type\":\"ListItem\",\"position\":1,\"name\":\"Accueil\",\"item\":\"https:\\\/\\\/www.vetorino.com\\\/boutique\\\/\"},{\"@type\":\"ListItem\",\"position\":2,\"name\":\"Produits\",\"item\":\"https:\\\/\\\/www.vetorino.com\\\/boutique\\\/\"},{\"@type\":\"ListItem\",\"position\":3,\"name\":\"Shampooing Entretien\"}]},{\"@type\":\"WebSite\",\"@id\":\"https:\\\/\\\/www.vetorino.com\\\/boutique\\\/#website\",\"url\":\"https:\\\/\\\/www.vetorino.com\\\/boutique\\\/\",\"name\":\"V\u00e9torino\",\"description\":\"\",\"publisher\":{\"@id\":\"https:\\\/\\\/www.vetorino.com\\\/boutique\\\/#organization\"},\"potentialAction\":[{\"@type\":\"SearchAction\",\"target\":{\"@type\":\"EntryPoint\",\"urlTemplate\":\"https:\\\/\\\/www.vetorino.com\\\/boutique\\\/?s={search_term_string}\"},\"query-input\":{\"@type\":\"PropertyValueSpecification\",\"valueRequired\":true,\"valueName\":\"search_term_string\"}}],\"inLanguage\":\"fr-FR\"},{\"@type\":\"Organization\",\"@id\":\"https:\\\/\\\/www.vetorino.com\\\/boutique\\\/#organization\",\"name\":\"V\u00e9torino\",\"url\":\"https:\\\/\\\/www.vetorino.com\\\/boutique\\\/\",\"logo\":{\"@type\":\"ImageObject\",\"inLanguage\":\"fr-FR\",\"@id\":\"https:\\\/\\\/www.vetorino.com\\\/boutique\\\/#\\\/schema\\\/logo\\\/image\\\/\",\"url\":\"https:\\\/\\\/www.vetorino.com\\\/boutique\\\/wp-content\\\/uploads\\\/2024\\\/10\\\/logo.jpg\",\"contentUrl\":\"https:\\\/\\\/www.vetorino.com\\\/boutique\\\/wp-content\\\/uploads\\\/2024\\\/10\\\/logo.jpg\",\"width\":1200,\"height\":610,\"caption\":\"V\u00e9torino\"},\"image\":{\"@id\":\"https:\\\/\\\/www.vetorino.com\\\/boutique\\\/#\\\/schema\\\/logo\\\/image\\\/\"},\"sameAs\":[\"https:\\\/\\\/www.facebook.com\\\/Vetorino\\\/\",\"https:\\\/\\\/www.instagram.com\\\/vetorino_off\\\/\",\"https:\\\/\\\/www.linkedin.com\\\/company\\\/vtorino\\\/\"]}]}<\/script>\n<meta property=\"product:brand\" content=\"Greenvet\" \/>\n<meta property=\"og:availability\" content=\"instock\" \/>\n<meta property=\"product:availability\" content=\"instock\" \/>\n<meta property=\"product:condition\" content=\"new\" \/>\n<!-- \/ Yoast SEO plugin. -->","yoast_head_json":{"title":"Shampooing Entretien Greenvet - V\u00e9torino","description":"Le\u00a0Shampooing Entretien\u00a0est con\u00e7u pour des lavages fr\u00e9quents et pour les animaux \u00e0 peau fragile.  Il tonifie le pelage en lui donnant brillance et vitalit\u00e9.  Il est \u00e9galement conseill\u00e9 chez les animaux \u00e0 peau et poils secs pouvant pr\u00e9senter des pellicules.","robots":{"index":"noindex","follow":"nofollow"},"og_locale":"fr_FR","og_type":"article","og_title":"Shampooing Entretien Greenvet - V\u00e9torino","og_description":"Le\u00a0Shampooing Entretien\u00a0est con\u00e7u pour des lavages fr\u00e9quents et pour les animaux \u00e0 peau fragile.  Il tonifie le pelage en lui donnant brillance et vitalit\u00e9.  Il est \u00e9galement conseill\u00e9 chez les animaux \u00e0 peau et poils secs pouvant pr\u00e9senter des pellicules.","og_url":"https:\/\/www.vetorino.com\/veterinaire\/prunelli-di-fiumorbo-20243\/boutique\/product\/shampooing-entretien\/","og_site_name":"V\u00e9torino","article_publisher":"https:\/\/www.facebook.com\/Vetorino\/","article_modified_time":"2026-02-23T14:13:52+00:00","og_image":[{"width":600,"height":759,"url":"https:\/\/www.vetorino.com\/boutique\/wp-content\/uploads\/2020\/03\/Shampooing_-_ENTRETIEN-e1682087820322-600x759-1.webp","type":"image\/webp"}],"twitter_card":"summary_large_image","twitter_misc":{"Disponibilit\u00e9":"En stock"},"schema":{"@context":"https:\/\/schema.org","@graph":[{"@type":"WebPage","@id":"https:\/\/www.vetorino.com\/boutique\/product\/shampooing-entretien\/","url":"https:\/\/www.vetorino.com\/boutique\/product\/shampooing-entretien\/","name":"Shampooing Entretien Greenvet - V\u00e9torino","isPartOf":{"@id":"https:\/\/www.vetorino.com\/boutique\/#website"},"primaryImageOfPage":{"@id":"https:\/\/www.vetorino.com\/boutique\/product\/shampooing-entretien\/#primaryimage"},"image":{"@id":"https:\/\/www.vetorino.com\/boutique\/product\/shampooing-entretien\/#primaryimage"},"thumbnailUrl":"https:\/\/www.vetorino.com\/boutique\/wp-content\/uploads\/2020\/03\/Shampooing_-_ENTRETIEN-e1682087820322-600x759-1.webp","datePublished":"2020-03-04T21:57:42+00:00","dateModified":"2026-02-23T14:13:52+00:00","description":"Le\u00a0Shampooing Entretien\u00a0est con\u00e7u pour des lavages fr\u00e9quents et pour les animaux \u00e0 peau fragile. Il tonifie le pelage en lui donnant brillance et vitalit\u00e9. Il est \u00e9galement conseill\u00e9 chez les animaux \u00e0 peau et poils secs pouvant pr\u00e9senter des pellicules.","breadcrumb":{"@id":"https:\/\/www.vetorino.com\/boutique\/product\/shampooing-entretien\/#breadcrumb"},"inLanguage":"fr-FR","potentialAction":[{"@type":"ReadAction","target":["https:\/\/www.vetorino.com\/boutique\/product\/shampooing-entretien\/"]}]},{"@type":"ImageObject","inLanguage":"fr-FR","@id":"https:\/\/www.vetorino.com\/boutique\/product\/shampooing-entretien\/#primaryimage","url":"https:\/\/www.vetorino.com\/boutique\/wp-content\/uploads\/2020\/03\/Shampooing_-_ENTRETIEN-e1682087820322-600x759-1.webp","contentUrl":"https:\/\/www.vetorino.com\/boutique\/wp-content\/uploads\/2020\/03\/Shampooing_-_ENTRETIEN-e1682087820322-600x759-1.webp","width":600,"height":759},{"@type":"BreadcrumbList","@id":"https:\/\/www.vetorino.com\/boutique\/product\/shampooing-entretien\/#breadcrumb","itemListElement":[{"@type":"ListItem","position":1,"name":"Accueil","item":"https:\/\/www.vetorino.com\/boutique\/"},{"@type":"ListItem","position":2,"name":"Produits","item":"https:\/\/www.vetorino.com\/boutique\/"},{"@type":"ListItem","position":3,"name":"Shampooing Entretien"}]},{"@type":"WebSite","@id":"https:\/\/www.vetorino.com\/boutique\/#website","url":"https:\/\/www.vetorino.com\/boutique\/","name":"V\u00e9torino","description":"","publisher":{"@id":"https:\/\/www.vetorino.com\/boutique\/#organization"},"potentialAction":[{"@type":"SearchAction","target":{"@type":"EntryPoint","urlTemplate":"https:\/\/www.vetorino.com\/boutique\/?s={search_term_string}"},"query-input":{"@type":"PropertyValueSpecification","valueRequired":true,"valueName":"search_term_string"}}],"inLanguage":"fr-FR"},{"@type":"Organization","@id":"https:\/\/www.vetorino.com\/boutique\/#organization","name":"V\u00e9torino","url":"https:\/\/www.vetorino.com\/boutique\/","logo":{"@type":"ImageObject","inLanguage":"fr-FR","@id":"https:\/\/www.vetorino.com\/boutique\/#\/schema\/logo\/image\/","url":"https:\/\/www.vetorino.com\/boutique\/wp-content\/uploads\/2024\/10\/logo.jpg","contentUrl":"https:\/\/www.vetorino.com\/boutique\/wp-content\/uploads\/2024\/10\/logo.jpg","width":1200,"height":610,"caption":"V\u00e9torino"},"image":{"@id":"https:\/\/www.vetorino.com\/boutique\/#\/schema\/logo\/image\/"},"sameAs":["https:\/\/www.facebook.com\/Vetorino\/","https:\/\/www.instagram.com\/vetorino_off\/","https:\/\/www.linkedin.com\/company\/vtorino\/"]}]},"product_brand":"Greenvet","og_availability":"instock","product_availability":"instock","product_condition":"new"},"_links":{"self":[{"href":"https:\/\/www.vetorino.com\/veterinaire\/prunelli-di-fiumorbo-20243\/boutique\/wp-json\/wp\/v2\/product\/35799","targetHints":{"allow":["GET"]}}],"collection":[{"href":"https:\/\/www.vetorino.com\/veterinaire\/prunelli-di-fiumorbo-20243\/boutique\/wp-json\/wp\/v2\/product"}],"about":[{"href":"https:\/\/www.vetorino.com\/veterinaire\/prunelli-di-fiumorbo-20243\/boutique\/wp-json\/wp\/v2\/types\/product"}],"wp:featuredmedia":[{"embeddable":true,"href":"https:\/\/www.vetorino.com\/veterinaire\/prunelli-di-fiumorbo-20243\/boutique\/wp-json\/wp\/v2\/media\/1715839"}],"wp:attachment":[{"href":"https:\/\/www.vetorino.com\/veterinaire\/prunelli-di-fiumorbo-20243\/boutique\/wp-json\/wp\/v2\/media?parent=35799"}],"wp:term":[{"taxonomy":"product_cat","embeddable":true,"href":"https:\/\/www.vetorino.com\/veterinaire\/prunelli-di-fiumorbo-20243\/boutique\/wp-json\/wp\/v2\/product_cat?post=35799"},{"taxonomy":"product_tag","embeddable":true,"href":"https:\/\/www.vetorino.com\/veterinaire\/prunelli-di-fiumorbo-20243\/boutique\/wp-json\/wp\/v2\/product_tag?post=35799"}],"curies":[{"name":"wp","href":"https:\/\/api.w.org\/{rel}","templated":true}]}}