{"id":36028,"date":"2020-03-04T23:01:24","date_gmt":"2020-03-04T22:01:24","guid":{"rendered":"https:\/\/www.vetorino.com\/boutique\/product\/dermoscent-sunfree-creme\/"},"modified":"2025-05-07T17:21:35","modified_gmt":"2025-05-07T15:21:35","slug":"dermoscent-sunfree-creme","status":"publish","type":"product","link":"https:\/\/www.vetorino.com\/veterinaire\/prunelli-di-fiumorbo-20243\/boutique\/product\/dermoscent-sunfree-creme\/","title":{"rendered":"Cr\u00e8me Solaire Sunfree Chien Chat"},"content":{"rendered":"<p><strong>SunFREE est un \u00e9cran solaire hydratant et haute protection SPF30+\u00a0con\u00e7u pour les chiens et les chats \u00e0 peau sensible.<\/strong><\/p>\n<p><strong>Utilisation :<\/strong><\/p>\n<ul>\n<li>Peaux insuffisamment prot\u00e9g\u00e9es (poil clairsem\u00e9, oreilles, nez &#8230;)<\/li>\n<li>Zones sujettes \u00e0 une d\u00e9pigmentation (cicatrices &#8230;)<\/li>\n<li>Dermatose photo aggrav\u00e9e<\/li>\n<\/ul>\n<p><strong>Avantages :<\/strong><\/p>\n<ul>\n<li>Gr\u00e2ce \u00e0 ses \u00e9crans solaires micronis\u00e9s 100% naturels, SunFREE prot\u00e8ge efficacement les peaux vuln\u00e9rables ou fragilis\u00e9es <strong>contre les UVB et UVA tout en apportant une hydratation renforc\u00e9e<\/strong>.<\/li>\n<li>Facile d&#8217;utilisation gr\u00e2ce \u00e0 sa texture <strong>r\u00e9sistante \u00e0 l&#8217;eau, non grasse et non collante<\/strong>.<\/li>\n<\/ul>\n","protected":false},"excerpt":{"rendered":"<p><strong>Dermoscent\u00ae SunFREE est un \u00e9cran solaire hydratant et haute protection SPF30+ con\u00e7u pour les chiens et les chats \u00e0 peau sensible.<\/strong><\/p>\n<p><strong>Utilisation :<\/strong><\/p>\n<ul>\n<li>Peaux insuffisamment prot\u00e9g\u00e9es (poil clairsem\u00e9, oreilles, nez &#8230;)<\/li>\n<li>Zones sujettes \u00e0 une d\u00e9pigmentation (cicatrices &#8230;)<\/li>\n<li>Dermatose photo aggrav\u00e9e<\/li>\n<\/ul>\n","protected":false},"featured_media":1319845,"template":"","meta":[],"product_cat":[2697,2698,12567,12611,12612,12560,12561,12568],"product_tag":[],"class_list":{"0":"post-36028","1":"product","2":"type-product","3":"status-publish","4":"has-post-thumbnail","6":"product_cat-chat","7":"product_cat-chien","8":"product_cat-produit-veterinaire-du-chat","9":"product_cat-hygiene-de-la-peau-et-du-pelage-du-chat","10":"product_cat-hygiene-de-la-peau-et-du-pelage-du-chien","11":"product_cat-hygiene-du-chat","12":"product_cat-hygiene-du-chien","13":"product_cat-produit-veterinaire-du-chien","14":"pa_marque-dermoscent","16":"first","17":"instock","18":"taxable","19":"shipping-taxable","20":"purchasable","21":"product-type-simple"},"yoast_head":"<!-- This site is optimized with the Yoast SEO plugin v27.3 - https:\/\/yoast.com\/product\/yoast-seo-wordpress\/ -->\n<title>Cr\u00e8me Solaire Sunfree Chien Chat Dermoscent - V\u00e9torino<\/title>\n<meta name=\"description\" content=\"Dermoscent\u00ae SunFREE est un \u00e9cran solaire hydratant et haute protection SPF30+ con\u00e7u pour les chiens et les chats \u00e0 peau sensible.  Utilisation :   Peaux insuffisamment prot\u00e9g\u00e9es (poil clairsem\u00e9, oreilles, nez ...)  Zones sujettes \u00e0 une d\u00e9pigmentation (cicatrices ...)  Dermatose photo aggrav\u00e9e\" \/>\n<meta name=\"robots\" content=\"noindex, nofollow\" \/>\n<meta property=\"og:locale\" content=\"fr_FR\" \/>\n<meta property=\"og:type\" content=\"article\" \/>\n<meta property=\"og:title\" content=\"Cr\u00e8me Solaire Sunfree Chien Chat Dermoscent - V\u00e9torino\" \/>\n<meta property=\"og:description\" content=\"Dermoscent\u00ae SunFREE est un \u00e9cran solaire hydratant et haute protection SPF30+ con\u00e7u pour les chiens et les chats \u00e0 peau sensible.  Utilisation :   Peaux insuffisamment prot\u00e9g\u00e9es (poil clairsem\u00e9, oreilles, nez ...)  Zones sujettes \u00e0 une d\u00e9pigmentation (cicatrices ...)  Dermatose photo aggrav\u00e9e\" \/>\n<meta property=\"og:url\" content=\"https:\/\/www.vetorino.com\/veterinaire\/prunelli-di-fiumorbo-20243\/boutique\/product\/dermoscent-sunfree-creme\/\" \/>\n<meta property=\"og:site_name\" content=\"V\u00e9torino\" \/>\n<meta property=\"article:publisher\" content=\"https:\/\/www.facebook.com\/Vetorino\/\" \/>\n<meta property=\"article:modified_time\" content=\"2025-05-07T15:21:35+00:00\" \/>\n<meta property=\"og:image\" content=\"https:\/\/www.vetorino.com\/boutique\/wp-content\/uploads\/2020\/03\/dermoscent-sunfree-ecran-solaire-hydratant-chien-chat.webp\" \/>\n\t<meta property=\"og:image:width\" content=\"800\" \/>\n\t<meta property=\"og:image:height\" content=\"800\" \/>\n\t<meta property=\"og:image:type\" content=\"image\/webp\" \/>\n<meta name=\"twitter:card\" content=\"summary_large_image\" \/>\n<meta name=\"twitter:label1\" content=\"Prix\" \/>\n\t<meta name=\"twitter:data1\" content=\"14,18&euro;\" \/>\n\t<meta name=\"twitter:label2\" content=\"Disponibilit\u00e9\" \/>\n\t<meta name=\"twitter:data2\" content=\"En stock\" \/>\n<script type=\"application\/ld+json\" class=\"yoast-schema-graph\">{\"@context\":\"https:\\\/\\\/schema.org\",\"@graph\":[{\"@type\":\"WebPage\",\"@id\":\"https:\\\/\\\/www.vetorino.com\\\/boutique\\\/product\\\/dermoscent-sunfree-creme\\\/\",\"url\":\"https:\\\/\\\/www.vetorino.com\\\/boutique\\\/product\\\/dermoscent-sunfree-creme\\\/\",\"name\":\"Cr\u00e8me Solaire Sunfree Chien Chat Dermoscent - V\u00e9torino\",\"isPartOf\":{\"@id\":\"https:\\\/\\\/www.vetorino.com\\\/boutique\\\/#website\"},\"primaryImageOfPage\":{\"@id\":\"https:\\\/\\\/www.vetorino.com\\\/boutique\\\/product\\\/dermoscent-sunfree-creme\\\/#primaryimage\"},\"image\":{\"@id\":\"https:\\\/\\\/www.vetorino.com\\\/boutique\\\/product\\\/dermoscent-sunfree-creme\\\/#primaryimage\"},\"thumbnailUrl\":\"https:\\\/\\\/www.vetorino.com\\\/boutique\\\/wp-content\\\/uploads\\\/2020\\\/03\\\/dermoscent-sunfree-ecran-solaire-hydratant-chien-chat.webp\",\"datePublished\":\"2020-03-04T22:01:24+00:00\",\"dateModified\":\"2025-05-07T15:21:35+00:00\",\"description\":\"Dermoscent\u00ae SunFREE est un \u00e9cran solaire hydratant et haute protection SPF30+ con\u00e7u pour les chiens et les chats \u00e0 peau sensible. Utilisation : Peaux insuffisamment prot\u00e9g\u00e9es (poil clairsem\u00e9, oreilles, nez ...) Zones sujettes \u00e0 une d\u00e9pigmentation (cicatrices ...) Dermatose photo aggrav\u00e9e\",\"breadcrumb\":{\"@id\":\"https:\\\/\\\/www.vetorino.com\\\/boutique\\\/product\\\/dermoscent-sunfree-creme\\\/#breadcrumb\"},\"inLanguage\":\"fr-FR\",\"potentialAction\":[{\"@type\":\"ReadAction\",\"target\":[\"https:\\\/\\\/www.vetorino.com\\\/boutique\\\/product\\\/dermoscent-sunfree-creme\\\/\"]}]},{\"@type\":\"ImageObject\",\"inLanguage\":\"fr-FR\",\"@id\":\"https:\\\/\\\/www.vetorino.com\\\/boutique\\\/product\\\/dermoscent-sunfree-creme\\\/#primaryimage\",\"url\":\"https:\\\/\\\/www.vetorino.com\\\/boutique\\\/wp-content\\\/uploads\\\/2020\\\/03\\\/dermoscent-sunfree-ecran-solaire-hydratant-chien-chat.webp\",\"contentUrl\":\"https:\\\/\\\/www.vetorino.com\\\/boutique\\\/wp-content\\\/uploads\\\/2020\\\/03\\\/dermoscent-sunfree-ecran-solaire-hydratant-chien-chat.webp\",\"width\":800,\"height\":800},{\"@type\":\"BreadcrumbList\",\"@id\":\"https:\\\/\\\/www.vetorino.com\\\/boutique\\\/product\\\/dermoscent-sunfree-creme\\\/#breadcrumb\",\"itemListElement\":[{\"@type\":\"ListItem\",\"position\":1,\"name\":\"Accueil\",\"item\":\"https:\\\/\\\/www.vetorino.com\\\/boutique\\\/\"},{\"@type\":\"ListItem\",\"position\":2,\"name\":\"Produits\",\"item\":\"https:\\\/\\\/www.vetorino.com\\\/boutique\\\/\"},{\"@type\":\"ListItem\",\"position\":3,\"name\":\"Cr\u00e8me Solaire Sunfree Chien Chat\"}]},{\"@type\":\"WebSite\",\"@id\":\"https:\\\/\\\/www.vetorino.com\\\/boutique\\\/#website\",\"url\":\"https:\\\/\\\/www.vetorino.com\\\/boutique\\\/\",\"name\":\"V\u00e9torino\",\"description\":\"\",\"publisher\":{\"@id\":\"https:\\\/\\\/www.vetorino.com\\\/boutique\\\/#organization\"},\"potentialAction\":[{\"@type\":\"SearchAction\",\"target\":{\"@type\":\"EntryPoint\",\"urlTemplate\":\"https:\\\/\\\/www.vetorino.com\\\/boutique\\\/?s={search_term_string}\"},\"query-input\":{\"@type\":\"PropertyValueSpecification\",\"valueRequired\":true,\"valueName\":\"search_term_string\"}}],\"inLanguage\":\"fr-FR\"},{\"@type\":\"Organization\",\"@id\":\"https:\\\/\\\/www.vetorino.com\\\/boutique\\\/#organization\",\"name\":\"V\u00e9torino\",\"url\":\"https:\\\/\\\/www.vetorino.com\\\/boutique\\\/\",\"logo\":{\"@type\":\"ImageObject\",\"inLanguage\":\"fr-FR\",\"@id\":\"https:\\\/\\\/www.vetorino.com\\\/boutique\\\/#\\\/schema\\\/logo\\\/image\\\/\",\"url\":\"https:\\\/\\\/www.vetorino.com\\\/boutique\\\/wp-content\\\/uploads\\\/2024\\\/10\\\/logo.jpg\",\"contentUrl\":\"https:\\\/\\\/www.vetorino.com\\\/boutique\\\/wp-content\\\/uploads\\\/2024\\\/10\\\/logo.jpg\",\"width\":1200,\"height\":610,\"caption\":\"V\u00e9torino\"},\"image\":{\"@id\":\"https:\\\/\\\/www.vetorino.com\\\/boutique\\\/#\\\/schema\\\/logo\\\/image\\\/\"},\"sameAs\":[\"https:\\\/\\\/www.facebook.com\\\/Vetorino\\\/\",\"https:\\\/\\\/www.instagram.com\\\/vetorino_off\\\/\",\"https:\\\/\\\/www.linkedin.com\\\/company\\\/vtorino\\\/\"]}]}<\/script>\n<meta property=\"product:brand\" content=\"Dermoscent\" \/>\n<meta property=\"product:price:amount\" content=\"14.18\" \/>\n<meta property=\"product:price:currency\" content=\"EUR\" \/>\n<meta property=\"og:availability\" content=\"instock\" \/>\n<meta property=\"product:availability\" content=\"instock\" \/>\n<meta property=\"product:retailer_item_id\" content=\"A-8122398\" \/>\n<meta property=\"product:condition\" content=\"new\" \/>\n<!-- \/ Yoast SEO plugin. -->","yoast_head_json":{"title":"Cr\u00e8me Solaire Sunfree Chien Chat Dermoscent - V\u00e9torino","description":"Dermoscent\u00ae SunFREE est un \u00e9cran solaire hydratant et haute protection SPF30+ con\u00e7u pour les chiens et les chats \u00e0 peau sensible.  Utilisation :   Peaux insuffisamment prot\u00e9g\u00e9es (poil clairsem\u00e9, oreilles, nez ...)  Zones sujettes \u00e0 une d\u00e9pigmentation (cicatrices ...)  Dermatose photo aggrav\u00e9e","robots":{"index":"noindex","follow":"nofollow"},"og_locale":"fr_FR","og_type":"article","og_title":"Cr\u00e8me Solaire Sunfree Chien Chat Dermoscent - V\u00e9torino","og_description":"Dermoscent\u00ae SunFREE est un \u00e9cran solaire hydratant et haute protection SPF30+ con\u00e7u pour les chiens et les chats \u00e0 peau sensible.  Utilisation :   Peaux insuffisamment prot\u00e9g\u00e9es (poil clairsem\u00e9, oreilles, nez ...)  Zones sujettes \u00e0 une d\u00e9pigmentation (cicatrices ...)  Dermatose photo aggrav\u00e9e","og_url":"https:\/\/www.vetorino.com\/veterinaire\/prunelli-di-fiumorbo-20243\/boutique\/product\/dermoscent-sunfree-creme\/","og_site_name":"V\u00e9torino","article_publisher":"https:\/\/www.facebook.com\/Vetorino\/","article_modified_time":"2025-05-07T15:21:35+00:00","og_image":[{"width":800,"height":800,"url":"https:\/\/www.vetorino.com\/boutique\/wp-content\/uploads\/2020\/03\/dermoscent-sunfree-ecran-solaire-hydratant-chien-chat.webp","type":"image\/webp"}],"twitter_card":"summary_large_image","twitter_misc":{"Prix":"14,18&euro;","Disponibilit\u00e9":"En stock"},"schema":{"@context":"https:\/\/schema.org","@graph":[{"@type":"WebPage","@id":"https:\/\/www.vetorino.com\/boutique\/product\/dermoscent-sunfree-creme\/","url":"https:\/\/www.vetorino.com\/boutique\/product\/dermoscent-sunfree-creme\/","name":"Cr\u00e8me Solaire Sunfree Chien Chat Dermoscent - V\u00e9torino","isPartOf":{"@id":"https:\/\/www.vetorino.com\/boutique\/#website"},"primaryImageOfPage":{"@id":"https:\/\/www.vetorino.com\/boutique\/product\/dermoscent-sunfree-creme\/#primaryimage"},"image":{"@id":"https:\/\/www.vetorino.com\/boutique\/product\/dermoscent-sunfree-creme\/#primaryimage"},"thumbnailUrl":"https:\/\/www.vetorino.com\/boutique\/wp-content\/uploads\/2020\/03\/dermoscent-sunfree-ecran-solaire-hydratant-chien-chat.webp","datePublished":"2020-03-04T22:01:24+00:00","dateModified":"2025-05-07T15:21:35+00:00","description":"Dermoscent\u00ae SunFREE est un \u00e9cran solaire hydratant et haute protection SPF30+ con\u00e7u pour les chiens et les chats \u00e0 peau sensible. Utilisation : Peaux insuffisamment prot\u00e9g\u00e9es (poil clairsem\u00e9, oreilles, nez ...) Zones sujettes \u00e0 une d\u00e9pigmentation (cicatrices ...) Dermatose photo aggrav\u00e9e","breadcrumb":{"@id":"https:\/\/www.vetorino.com\/boutique\/product\/dermoscent-sunfree-creme\/#breadcrumb"},"inLanguage":"fr-FR","potentialAction":[{"@type":"ReadAction","target":["https:\/\/www.vetorino.com\/boutique\/product\/dermoscent-sunfree-creme\/"]}]},{"@type":"ImageObject","inLanguage":"fr-FR","@id":"https:\/\/www.vetorino.com\/boutique\/product\/dermoscent-sunfree-creme\/#primaryimage","url":"https:\/\/www.vetorino.com\/boutique\/wp-content\/uploads\/2020\/03\/dermoscent-sunfree-ecran-solaire-hydratant-chien-chat.webp","contentUrl":"https:\/\/www.vetorino.com\/boutique\/wp-content\/uploads\/2020\/03\/dermoscent-sunfree-ecran-solaire-hydratant-chien-chat.webp","width":800,"height":800},{"@type":"BreadcrumbList","@id":"https:\/\/www.vetorino.com\/boutique\/product\/dermoscent-sunfree-creme\/#breadcrumb","itemListElement":[{"@type":"ListItem","position":1,"name":"Accueil","item":"https:\/\/www.vetorino.com\/boutique\/"},{"@type":"ListItem","position":2,"name":"Produits","item":"https:\/\/www.vetorino.com\/boutique\/"},{"@type":"ListItem","position":3,"name":"Cr\u00e8me Solaire Sunfree Chien Chat"}]},{"@type":"WebSite","@id":"https:\/\/www.vetorino.com\/boutique\/#website","url":"https:\/\/www.vetorino.com\/boutique\/","name":"V\u00e9torino","description":"","publisher":{"@id":"https:\/\/www.vetorino.com\/boutique\/#organization"},"potentialAction":[{"@type":"SearchAction","target":{"@type":"EntryPoint","urlTemplate":"https:\/\/www.vetorino.com\/boutique\/?s={search_term_string}"},"query-input":{"@type":"PropertyValueSpecification","valueRequired":true,"valueName":"search_term_string"}}],"inLanguage":"fr-FR"},{"@type":"Organization","@id":"https:\/\/www.vetorino.com\/boutique\/#organization","name":"V\u00e9torino","url":"https:\/\/www.vetorino.com\/boutique\/","logo":{"@type":"ImageObject","inLanguage":"fr-FR","@id":"https:\/\/www.vetorino.com\/boutique\/#\/schema\/logo\/image\/","url":"https:\/\/www.vetorino.com\/boutique\/wp-content\/uploads\/2024\/10\/logo.jpg","contentUrl":"https:\/\/www.vetorino.com\/boutique\/wp-content\/uploads\/2024\/10\/logo.jpg","width":1200,"height":610,"caption":"V\u00e9torino"},"image":{"@id":"https:\/\/www.vetorino.com\/boutique\/#\/schema\/logo\/image\/"},"sameAs":["https:\/\/www.facebook.com\/Vetorino\/","https:\/\/www.instagram.com\/vetorino_off\/","https:\/\/www.linkedin.com\/company\/vtorino\/"]}]},"product_brand":"Dermoscent","product_price_amount":"14.18","product_price_currency":"EUR","og_availability":"instock","product_availability":"instock","product_retailer_item_id":"A-8122398","product_condition":"new"},"_links":{"self":[{"href":"https:\/\/www.vetorino.com\/veterinaire\/prunelli-di-fiumorbo-20243\/boutique\/wp-json\/wp\/v2\/product\/36028","targetHints":{"allow":["GET"]}}],"collection":[{"href":"https:\/\/www.vetorino.com\/veterinaire\/prunelli-di-fiumorbo-20243\/boutique\/wp-json\/wp\/v2\/product"}],"about":[{"href":"https:\/\/www.vetorino.com\/veterinaire\/prunelli-di-fiumorbo-20243\/boutique\/wp-json\/wp\/v2\/types\/product"}],"wp:featuredmedia":[{"embeddable":true,"href":"https:\/\/www.vetorino.com\/veterinaire\/prunelli-di-fiumorbo-20243\/boutique\/wp-json\/wp\/v2\/media\/1319845"}],"wp:attachment":[{"href":"https:\/\/www.vetorino.com\/veterinaire\/prunelli-di-fiumorbo-20243\/boutique\/wp-json\/wp\/v2\/media?parent=36028"}],"wp:term":[{"taxonomy":"product_cat","embeddable":true,"href":"https:\/\/www.vetorino.com\/veterinaire\/prunelli-di-fiumorbo-20243\/boutique\/wp-json\/wp\/v2\/product_cat?post=36028"},{"taxonomy":"product_tag","embeddable":true,"href":"https:\/\/www.vetorino.com\/veterinaire\/prunelli-di-fiumorbo-20243\/boutique\/wp-json\/wp\/v2\/product_tag?post=36028"}],"curies":[{"name":"wp","href":"https:\/\/api.w.org\/{rel}","templated":true}]}}