{"id":36136,"date":"2020-03-04T23:01:59","date_gmt":"2020-03-04T22:01:59","guid":{"rendered":"https:\/\/www.vetorino.com\/boutique\/product\/dentaplak-poudre\/"},"modified":"2024-04-26T12:23:38","modified_gmt":"2024-04-26T10:23:38","slug":"dentaplak-poudre","status":"publish","type":"product","link":"https:\/\/www.vetorino.com\/veterinaire\/prunelli-di-fiumorbo-20243\/boutique\/product\/dentaplak-poudre\/","title":{"rendered":"Dentaplak Poudre"},"content":{"rendered":"<p><strong>DENTALPLAK<\/strong> est un dentifrice sous forme de poudre pour l\u2019<strong>hygi\u00e8ne dentaire<\/strong> des chiens et chats<\/p>\n<ul>\n<li class=\"fusion-li-item-content\">Rafra\u00eechit l\u2019haleine<\/li>\n<li class=\"fusion-li-item-content\">Lutte contre la plaque dentaire<\/li>\n<li class=\"fusion-li-item-content\">Sans chlorhexidine<\/li>\n<\/ul>\n<p>La <strong>plaque dentaire<\/strong> est constitu\u00e9e de r\u00e9sidus d\u2019aliments, de prot\u00e9ines salivaires et de bact\u00e9ries qui se d\u00e9posent \u00e0 la surface des dents. Les bact\u00e9ries produisent des acides attaquant l\u2019\u00e9mail des dents et endommagent les gencives. La plaque dentaire est \u00e0 l\u2019origine de multiples probl\u00e8mes bucco-dentaires de la mauvaise haleine de votre animal. Lorsque la plaque dentaire s\u2019accumule, elle peut se min\u00e9raliser et se transformer en tartre, qui ne peut \u00eatre retir\u00e9 que par votre v\u00e9t\u00e9rinaire. Il faut donc agir en amont pour \u00e9viter ce ph\u00e9nom\u00e8ne.<\/p>\n<p>DENTALPLAK poudre est le geste quotidien qui participe \u00e0 la <strong>bonne hygi\u00e8ne bucco-dentaire de votre animal<\/strong>. Il contribue \u00e0 rafra\u00eechir l\u2019haleine et \u00e0 ralentir efficacement la formation de plaque dentaire. DENTALPLAK agit sur la plaque dentaire et non sur le tartre d\u00e9j\u00e0 install\u00e9.<\/p>\n<p><strong>DENTALPLAK<\/strong> est \u00e0 ajouter 1 fois par jour \u00e0 la ration alimentaire \u00e0 raison de :<\/p>\n<ul>\n<li>1\/2 dosette : animal &lt; 5 kg<\/li>\n<li>3\/4 dosette : animal de 5 \u00e0 10 kg<\/li>\n<li>1 dosette : animal de 10 \u00e0 25 kg<\/li>\n<li>2 dosettes : animal de plus de 25 kg<\/li>\n<\/ul>\n","protected":false},"excerpt":{"rendered":"<p><strong>DENTALPLAK<\/strong> poudre est le geste quotidien qui participe \u00e0 la <strong>bonne hygi\u00e8ne bucco-dentaire de votre animal<\/strong>. Il contribue \u00e0 rafra\u00eechir l\u2019haleine et \u00e0 ralentir efficacement la formation de plaque dentaire. DENTALPLAK agit sur la plaque dentaire et non sur le tartre d\u00e9j\u00e0 install\u00e9.<\/p>\n","protected":false},"featured_media":906055,"template":"","meta":[],"product_cat":[2697,2698,12609,12610,12560,12561],"product_tag":[],"class_list":{"0":"post-36136","1":"product","2":"type-product","3":"status-publish","4":"has-post-thumbnail","6":"product_cat-chat","7":"product_cat-chien","8":"product_cat-hygiene-bucco-dentaire-du-chat","9":"product_cat-hygiene-bucco-dentaire-du-chien","10":"product_cat-hygiene-du-chat","11":"product_cat-hygiene-du-chien","12":"pa_marque-greenvet","14":"first","15":"instock","16":"taxable","17":"shipping-taxable","18":"purchasable","19":"product-type-variable"},"yoast_head":"<!-- This site is optimized with the Yoast SEO plugin v27.3 - https:\/\/yoast.com\/product\/yoast-seo-wordpress\/ -->\n<title>Dentaplak Poudre Greenvet - V\u00e9torino<\/title>\n<meta name=\"description\" content=\"DENTALPLAK poudre est le geste quotidien qui participe \u00e0 la bonne hygi\u00e8ne bucco-dentaire de votre animal. Il contribue \u00e0 rafra\u00eechir l\u2019haleine et \u00e0 ralentir efficacement la formation de plaque dentaire. DENTALPLAK agit sur la plaque dentaire et non sur le tartre d\u00e9j\u00e0 install\u00e9.\" \/>\n<meta name=\"robots\" content=\"noindex, nofollow\" \/>\n<meta property=\"og:locale\" content=\"fr_FR\" \/>\n<meta property=\"og:type\" content=\"article\" \/>\n<meta property=\"og:title\" content=\"Dentaplak Poudre Greenvet - V\u00e9torino\" \/>\n<meta property=\"og:description\" content=\"DENTALPLAK poudre est le geste quotidien qui participe \u00e0 la bonne hygi\u00e8ne bucco-dentaire de votre animal. Il contribue \u00e0 rafra\u00eechir l\u2019haleine et \u00e0 ralentir efficacement la formation de plaque dentaire. DENTALPLAK agit sur la plaque dentaire et non sur le tartre d\u00e9j\u00e0 install\u00e9.\" \/>\n<meta property=\"og:url\" content=\"https:\/\/www.vetorino.com\/veterinaire\/prunelli-di-fiumorbo-20243\/boutique\/product\/dentaplak-poudre\/\" \/>\n<meta property=\"og:site_name\" content=\"V\u00e9torino\" \/>\n<meta property=\"article:publisher\" content=\"https:\/\/www.facebook.com\/Vetorino\/\" \/>\n<meta property=\"article:modified_time\" content=\"2024-04-26T10:23:38+00:00\" \/>\n<meta property=\"og:image\" content=\"https:\/\/www.vetorino.com\/boutique\/wp-content\/uploads\/2020\/03\/DENTALPLAK-poudre-e1682088798261-400x423-1.webp\" \/>\n\t<meta property=\"og:image:width\" content=\"400\" \/>\n\t<meta property=\"og:image:height\" content=\"423\" \/>\n\t<meta property=\"og:image:type\" content=\"image\/webp\" \/>\n<meta name=\"twitter:card\" content=\"summary_large_image\" \/>\n<meta name=\"twitter:label1\" content=\"Disponibilit\u00e9\" \/>\n\t<meta name=\"twitter:data1\" content=\"En stock\" \/>\n<script type=\"application\/ld+json\" class=\"yoast-schema-graph\">{\"@context\":\"https:\\\/\\\/schema.org\",\"@graph\":[{\"@type\":\"WebPage\",\"@id\":\"https:\\\/\\\/www.vetorino.com\\\/boutique\\\/product\\\/dentaplak-poudre\\\/\",\"url\":\"https:\\\/\\\/www.vetorino.com\\\/boutique\\\/product\\\/dentaplak-poudre\\\/\",\"name\":\"Dentaplak Poudre Greenvet - V\u00e9torino\",\"isPartOf\":{\"@id\":\"https:\\\/\\\/www.vetorino.com\\\/boutique\\\/#website\"},\"primaryImageOfPage\":{\"@id\":\"https:\\\/\\\/www.vetorino.com\\\/boutique\\\/product\\\/dentaplak-poudre\\\/#primaryimage\"},\"image\":{\"@id\":\"https:\\\/\\\/www.vetorino.com\\\/boutique\\\/product\\\/dentaplak-poudre\\\/#primaryimage\"},\"thumbnailUrl\":\"https:\\\/\\\/www.vetorino.com\\\/boutique\\\/wp-content\\\/uploads\\\/2020\\\/03\\\/DENTALPLAK-poudre-e1682088798261-400x423-1.webp\",\"datePublished\":\"2020-03-04T22:01:59+00:00\",\"dateModified\":\"2024-04-26T10:23:38+00:00\",\"description\":\"DENTALPLAK poudre est le geste quotidien qui participe \u00e0 la bonne hygi\u00e8ne bucco-dentaire de votre animal. Il contribue \u00e0 rafra\u00eechir l\u2019haleine et \u00e0 ralentir efficacement la formation de plaque dentaire. DENTALPLAK agit sur la plaque dentaire et non sur le tartre d\u00e9j\u00e0 install\u00e9.\",\"breadcrumb\":{\"@id\":\"https:\\\/\\\/www.vetorino.com\\\/boutique\\\/product\\\/dentaplak-poudre\\\/#breadcrumb\"},\"inLanguage\":\"fr-FR\",\"potentialAction\":[{\"@type\":\"ReadAction\",\"target\":[\"https:\\\/\\\/www.vetorino.com\\\/boutique\\\/product\\\/dentaplak-poudre\\\/\"]}]},{\"@type\":\"ImageObject\",\"inLanguage\":\"fr-FR\",\"@id\":\"https:\\\/\\\/www.vetorino.com\\\/boutique\\\/product\\\/dentaplak-poudre\\\/#primaryimage\",\"url\":\"https:\\\/\\\/www.vetorino.com\\\/boutique\\\/wp-content\\\/uploads\\\/2020\\\/03\\\/DENTALPLAK-poudre-e1682088798261-400x423-1.webp\",\"contentUrl\":\"https:\\\/\\\/www.vetorino.com\\\/boutique\\\/wp-content\\\/uploads\\\/2020\\\/03\\\/DENTALPLAK-poudre-e1682088798261-400x423-1.webp\",\"width\":400,\"height\":423},{\"@type\":\"BreadcrumbList\",\"@id\":\"https:\\\/\\\/www.vetorino.com\\\/boutique\\\/product\\\/dentaplak-poudre\\\/#breadcrumb\",\"itemListElement\":[{\"@type\":\"ListItem\",\"position\":1,\"name\":\"Accueil\",\"item\":\"https:\\\/\\\/www.vetorino.com\\\/boutique\\\/\"},{\"@type\":\"ListItem\",\"position\":2,\"name\":\"Produits\",\"item\":\"https:\\\/\\\/www.vetorino.com\\\/boutique\\\/\"},{\"@type\":\"ListItem\",\"position\":3,\"name\":\"Dentaplak Poudre\"}]},{\"@type\":\"WebSite\",\"@id\":\"https:\\\/\\\/www.vetorino.com\\\/boutique\\\/#website\",\"url\":\"https:\\\/\\\/www.vetorino.com\\\/boutique\\\/\",\"name\":\"V\u00e9torino\",\"description\":\"\",\"publisher\":{\"@id\":\"https:\\\/\\\/www.vetorino.com\\\/boutique\\\/#organization\"},\"potentialAction\":[{\"@type\":\"SearchAction\",\"target\":{\"@type\":\"EntryPoint\",\"urlTemplate\":\"https:\\\/\\\/www.vetorino.com\\\/boutique\\\/?s={search_term_string}\"},\"query-input\":{\"@type\":\"PropertyValueSpecification\",\"valueRequired\":true,\"valueName\":\"search_term_string\"}}],\"inLanguage\":\"fr-FR\"},{\"@type\":\"Organization\",\"@id\":\"https:\\\/\\\/www.vetorino.com\\\/boutique\\\/#organization\",\"name\":\"V\u00e9torino\",\"url\":\"https:\\\/\\\/www.vetorino.com\\\/boutique\\\/\",\"logo\":{\"@type\":\"ImageObject\",\"inLanguage\":\"fr-FR\",\"@id\":\"https:\\\/\\\/www.vetorino.com\\\/boutique\\\/#\\\/schema\\\/logo\\\/image\\\/\",\"url\":\"https:\\\/\\\/www.vetorino.com\\\/boutique\\\/wp-content\\\/uploads\\\/2024\\\/10\\\/logo.jpg\",\"contentUrl\":\"https:\\\/\\\/www.vetorino.com\\\/boutique\\\/wp-content\\\/uploads\\\/2024\\\/10\\\/logo.jpg\",\"width\":1200,\"height\":610,\"caption\":\"V\u00e9torino\"},\"image\":{\"@id\":\"https:\\\/\\\/www.vetorino.com\\\/boutique\\\/#\\\/schema\\\/logo\\\/image\\\/\"},\"sameAs\":[\"https:\\\/\\\/www.facebook.com\\\/Vetorino\\\/\",\"https:\\\/\\\/www.instagram.com\\\/vetorino_off\\\/\",\"https:\\\/\\\/www.linkedin.com\\\/company\\\/vtorino\\\/\"]}]}<\/script>\n<meta property=\"product:brand\" content=\"Greenvet\" \/>\n<meta property=\"og:availability\" content=\"instock\" \/>\n<meta property=\"product:availability\" content=\"instock\" \/>\n<meta property=\"product:condition\" content=\"new\" \/>\n<!-- \/ Yoast SEO plugin. -->","yoast_head_json":{"title":"Dentaplak Poudre Greenvet - V\u00e9torino","description":"DENTALPLAK poudre est le geste quotidien qui participe \u00e0 la bonne hygi\u00e8ne bucco-dentaire de votre animal. Il contribue \u00e0 rafra\u00eechir l\u2019haleine et \u00e0 ralentir efficacement la formation de plaque dentaire. DENTALPLAK agit sur la plaque dentaire et non sur le tartre d\u00e9j\u00e0 install\u00e9.","robots":{"index":"noindex","follow":"nofollow"},"og_locale":"fr_FR","og_type":"article","og_title":"Dentaplak Poudre Greenvet - V\u00e9torino","og_description":"DENTALPLAK poudre est le geste quotidien qui participe \u00e0 la bonne hygi\u00e8ne bucco-dentaire de votre animal. Il contribue \u00e0 rafra\u00eechir l\u2019haleine et \u00e0 ralentir efficacement la formation de plaque dentaire. DENTALPLAK agit sur la plaque dentaire et non sur le tartre d\u00e9j\u00e0 install\u00e9.","og_url":"https:\/\/www.vetorino.com\/veterinaire\/prunelli-di-fiumorbo-20243\/boutique\/product\/dentaplak-poudre\/","og_site_name":"V\u00e9torino","article_publisher":"https:\/\/www.facebook.com\/Vetorino\/","article_modified_time":"2024-04-26T10:23:38+00:00","og_image":[{"width":400,"height":423,"url":"https:\/\/www.vetorino.com\/boutique\/wp-content\/uploads\/2020\/03\/DENTALPLAK-poudre-e1682088798261-400x423-1.webp","type":"image\/webp"}],"twitter_card":"summary_large_image","twitter_misc":{"Disponibilit\u00e9":"En stock"},"schema":{"@context":"https:\/\/schema.org","@graph":[{"@type":"WebPage","@id":"https:\/\/www.vetorino.com\/boutique\/product\/dentaplak-poudre\/","url":"https:\/\/www.vetorino.com\/boutique\/product\/dentaplak-poudre\/","name":"Dentaplak Poudre Greenvet - V\u00e9torino","isPartOf":{"@id":"https:\/\/www.vetorino.com\/boutique\/#website"},"primaryImageOfPage":{"@id":"https:\/\/www.vetorino.com\/boutique\/product\/dentaplak-poudre\/#primaryimage"},"image":{"@id":"https:\/\/www.vetorino.com\/boutique\/product\/dentaplak-poudre\/#primaryimage"},"thumbnailUrl":"https:\/\/www.vetorino.com\/boutique\/wp-content\/uploads\/2020\/03\/DENTALPLAK-poudre-e1682088798261-400x423-1.webp","datePublished":"2020-03-04T22:01:59+00:00","dateModified":"2024-04-26T10:23:38+00:00","description":"DENTALPLAK poudre est le geste quotidien qui participe \u00e0 la bonne hygi\u00e8ne bucco-dentaire de votre animal. Il contribue \u00e0 rafra\u00eechir l\u2019haleine et \u00e0 ralentir efficacement la formation de plaque dentaire. DENTALPLAK agit sur la plaque dentaire et non sur le tartre d\u00e9j\u00e0 install\u00e9.","breadcrumb":{"@id":"https:\/\/www.vetorino.com\/boutique\/product\/dentaplak-poudre\/#breadcrumb"},"inLanguage":"fr-FR","potentialAction":[{"@type":"ReadAction","target":["https:\/\/www.vetorino.com\/boutique\/product\/dentaplak-poudre\/"]}]},{"@type":"ImageObject","inLanguage":"fr-FR","@id":"https:\/\/www.vetorino.com\/boutique\/product\/dentaplak-poudre\/#primaryimage","url":"https:\/\/www.vetorino.com\/boutique\/wp-content\/uploads\/2020\/03\/DENTALPLAK-poudre-e1682088798261-400x423-1.webp","contentUrl":"https:\/\/www.vetorino.com\/boutique\/wp-content\/uploads\/2020\/03\/DENTALPLAK-poudre-e1682088798261-400x423-1.webp","width":400,"height":423},{"@type":"BreadcrumbList","@id":"https:\/\/www.vetorino.com\/boutique\/product\/dentaplak-poudre\/#breadcrumb","itemListElement":[{"@type":"ListItem","position":1,"name":"Accueil","item":"https:\/\/www.vetorino.com\/boutique\/"},{"@type":"ListItem","position":2,"name":"Produits","item":"https:\/\/www.vetorino.com\/boutique\/"},{"@type":"ListItem","position":3,"name":"Dentaplak Poudre"}]},{"@type":"WebSite","@id":"https:\/\/www.vetorino.com\/boutique\/#website","url":"https:\/\/www.vetorino.com\/boutique\/","name":"V\u00e9torino","description":"","publisher":{"@id":"https:\/\/www.vetorino.com\/boutique\/#organization"},"potentialAction":[{"@type":"SearchAction","target":{"@type":"EntryPoint","urlTemplate":"https:\/\/www.vetorino.com\/boutique\/?s={search_term_string}"},"query-input":{"@type":"PropertyValueSpecification","valueRequired":true,"valueName":"search_term_string"}}],"inLanguage":"fr-FR"},{"@type":"Organization","@id":"https:\/\/www.vetorino.com\/boutique\/#organization","name":"V\u00e9torino","url":"https:\/\/www.vetorino.com\/boutique\/","logo":{"@type":"ImageObject","inLanguage":"fr-FR","@id":"https:\/\/www.vetorino.com\/boutique\/#\/schema\/logo\/image\/","url":"https:\/\/www.vetorino.com\/boutique\/wp-content\/uploads\/2024\/10\/logo.jpg","contentUrl":"https:\/\/www.vetorino.com\/boutique\/wp-content\/uploads\/2024\/10\/logo.jpg","width":1200,"height":610,"caption":"V\u00e9torino"},"image":{"@id":"https:\/\/www.vetorino.com\/boutique\/#\/schema\/logo\/image\/"},"sameAs":["https:\/\/www.facebook.com\/Vetorino\/","https:\/\/www.instagram.com\/vetorino_off\/","https:\/\/www.linkedin.com\/company\/vtorino\/"]}]},"product_brand":"Greenvet","og_availability":"instock","product_availability":"instock","product_condition":"new"},"_links":{"self":[{"href":"https:\/\/www.vetorino.com\/veterinaire\/prunelli-di-fiumorbo-20243\/boutique\/wp-json\/wp\/v2\/product\/36136","targetHints":{"allow":["GET"]}}],"collection":[{"href":"https:\/\/www.vetorino.com\/veterinaire\/prunelli-di-fiumorbo-20243\/boutique\/wp-json\/wp\/v2\/product"}],"about":[{"href":"https:\/\/www.vetorino.com\/veterinaire\/prunelli-di-fiumorbo-20243\/boutique\/wp-json\/wp\/v2\/types\/product"}],"wp:featuredmedia":[{"embeddable":true,"href":"https:\/\/www.vetorino.com\/veterinaire\/prunelli-di-fiumorbo-20243\/boutique\/wp-json\/wp\/v2\/media\/906055"}],"wp:attachment":[{"href":"https:\/\/www.vetorino.com\/veterinaire\/prunelli-di-fiumorbo-20243\/boutique\/wp-json\/wp\/v2\/media?parent=36136"}],"wp:term":[{"taxonomy":"product_cat","embeddable":true,"href":"https:\/\/www.vetorino.com\/veterinaire\/prunelli-di-fiumorbo-20243\/boutique\/wp-json\/wp\/v2\/product_cat?post=36136"},{"taxonomy":"product_tag","embeddable":true,"href":"https:\/\/www.vetorino.com\/veterinaire\/prunelli-di-fiumorbo-20243\/boutique\/wp-json\/wp\/v2\/product_tag?post=36136"}],"curies":[{"name":"wp","href":"https:\/\/api.w.org\/{rel}","templated":true}]}}