{"id":36329,"date":"2020-03-04T23:03:05","date_gmt":"2020-03-04T22:03:05","guid":{"rendered":"https:\/\/www.vetorino.com\/boutique\/product\/dermoscent-aromacalm-chien\/"},"modified":"2025-05-07T16:31:11","modified_gmt":"2025-05-07T14:31:11","slug":"dermoscent-aromacalm-chien","status":"publish","type":"product","link":"https:\/\/www.vetorino.com\/veterinaire\/prunelli-di-fiumorbo-20243\/boutique\/product\/dermoscent-aromacalm-chien\/","title":{"rendered":"Dermoscent Aromacalm \u2013 Collier Anti-Stress Chien"},"content":{"rendered":"<p><b>Bas\u00e9 sur les bienfaits de la phytoth\u00e9rapie et de l&#8217;aromath\u00e9rapie,\u00a0Dermoscent\u00ae Aromacalm\u00ae\u00a0est dot\u00e9 d&#8217;une double action permettant de procurer tranquillit\u00e9 et s\u00e9r\u00e9nit\u00e9 \u00e0 l&#8217;animal tout en prodiguant un effet apaisant sur sa peau.<\/b><\/p>\n<p><strong>Utilisation :<\/strong><\/p>\n<ul>\n<li>Changement d\u2019environnement (d\u00e9m\u00e9nagement, adoption, cohabitation, s\u00e9paration).<\/li>\n<li>Situations ponctuelles (transport, visite chez le v\u00e9t\u00e9rinaire, bruits excessifs\u2026).<\/li>\n<li>\u00c9galement recommand\u00e9 aux chiens pr\u00e9sentant des \u00e9tats de stress pouvant entra\u00eener ou aggraver des troubles cutan\u00e9s.<\/li>\n<\/ul>\n<p><strong>Mode d&#8217;emploi :<\/strong><\/p>\n<ul>\n<li>Pour les animaux \u00e0 l\u2019odorat particuli\u00e8rement sensible, il est conseill\u00e9 de laisser a\u00e9rer le collier 24h apr\u00e8s ouverture du sachet herm\u00e9tique avant de le placer sur le cou de votre animal. Vous pouvez d\u00e9poser le collier \u00e0 proximit\u00e9 de la zone de couchage afin que le chien ou le chat puisse commencer \u00e0 s\u2019habituer \u00e0 son odeur.<\/li>\n<\/ul>\n<p><strong>Avantages :<\/strong><\/p>\n<ul>\n<li>Tranquillit\u00e9 et S\u00e9r\u00e9nit\u00e9: Gr\u00e2ce \u00e0 la synergie entre la phytoth\u00e9rapie et l&#8217;aromath\u00e9rapie, Dermoscent\u00ae Aromacalm\u00ae apporte une sensation de calme et de s\u00e9r\u00e9nit\u00e9 \u00e0 votre compagnon.<\/li>\n<li>Apaisement Cutan\u00e9: Les bienfaits naturels des plantes et des huiles essentielles contenues dans Dermoscent\u00ae Aromacalm\u00ae aide \u00e0 apaiser la peau de votre animal, favorisant ainsi son bien-\u00eatre.<\/li>\n<li>Technologie Brevet\u00e9e: Notre formule exclusive assure une diffusion r\u00e9guli\u00e8re et continue des principes actifs pendant un mois entier, pour une efficacit\u00e9 prolong\u00e9e.<\/li>\n<\/ul>\n","protected":false},"excerpt":{"rendered":"<p><b>Bas\u00e9 sur les bienfaits de la phytoth\u00e9rapie et de l&#8217;aromath\u00e9rapie, Dermoscent\u00ae Aromacalm\u00ae\u00a0est dot\u00e9 d&#8217;une double action permettant de procurer tranquillit\u00e9 et s\u00e9r\u00e9nit\u00e9 \u00e0 l&#8217;animal tout en prodiguant un effet apaisant sur sa peau.<\/b><\/p>\n<p><strong>Utilisation :<\/strong><\/p>\n<ul>\n<li>Changement d\u2019environnement (d\u00e9m\u00e9nagement, adoption, cohabitation, s\u00e9paration).<\/li>\n<li>Situations ponctuelles (transport, visite chez le v\u00e9t\u00e9rinaire, bruits excessifs\u2026).<\/li>\n<li>\u00c9galement recommand\u00e9 aux chiens pr\u00e9sentant des \u00e9tats de stress pouvant entra\u00eener ou aggraver des troubles cutan\u00e9s.<\/li>\n<\/ul>\n","protected":false},"featured_media":1319808,"template":"","meta":[],"product_cat":[2786,2698,12612,12561],"product_tag":[],"class_list":{"0":"post-36329","1":"product","2":"type-product","3":"status-publish","4":"has-post-thumbnail","6":"product_cat-anti-stress-et-anxiete-du-chien","7":"product_cat-chien","8":"product_cat-hygiene-de-la-peau-et-du-pelage-du-chien","9":"product_cat-hygiene-du-chien","10":"pa_marque-dermoscent","12":"first","13":"instock","14":"taxable","15":"shipping-taxable","16":"purchasable","17":"product-type-simple"},"yoast_head":"<!-- This site is optimized with the Yoast SEO plugin v27.3 - https:\/\/yoast.com\/product\/yoast-seo-wordpress\/ -->\n<title>Dermoscent Aromacalm \u2013 Collier Anti-Stress Chien Dermoscent - V\u00e9torino<\/title>\n<meta name=\"description\" content=\"Bas\u00e9 sur les bienfaits de la phytoth\u00e9rapie et de l&#039;aromath\u00e9rapie, Dermoscent\u00ae Aromacalm\u00ae\u00a0est dot\u00e9 d&#039;une double action permettant de procurer tranquillit\u00e9 et s\u00e9r\u00e9nit\u00e9 \u00e0 l&#039;animal tout en prodiguant un effet apaisant sur sa peau.  Utilisation :   Changement d\u2019environnement (d\u00e9m\u00e9nagement, adoption, cohabitation, s\u00e9paration).  Situations ponctuelles (transport, visite chez le v\u00e9t\u00e9rinaire, bruits excessifs\u2026).  \u00c9galement recommand\u00e9 aux chiens pr\u00e9sentant des \u00e9tats de stress pouvant entra\u00eener ou aggraver des troubles cutan\u00e9s.\" \/>\n<meta name=\"robots\" content=\"noindex, nofollow\" \/>\n<meta property=\"og:locale\" content=\"fr_FR\" \/>\n<meta property=\"og:type\" content=\"article\" \/>\n<meta property=\"og:title\" content=\"Dermoscent Aromacalm \u2013 Collier Anti-Stress Chien Dermoscent - V\u00e9torino\" \/>\n<meta property=\"og:description\" content=\"Bas\u00e9 sur les bienfaits de la phytoth\u00e9rapie et de l&#039;aromath\u00e9rapie, Dermoscent\u00ae Aromacalm\u00ae\u00a0est dot\u00e9 d&#039;une double action permettant de procurer tranquillit\u00e9 et s\u00e9r\u00e9nit\u00e9 \u00e0 l&#039;animal tout en prodiguant un effet apaisant sur sa peau.  Utilisation :   Changement d\u2019environnement (d\u00e9m\u00e9nagement, adoption, cohabitation, s\u00e9paration).  Situations ponctuelles (transport, visite chez le v\u00e9t\u00e9rinaire, bruits excessifs\u2026).  \u00c9galement recommand\u00e9 aux chiens pr\u00e9sentant des \u00e9tats de stress pouvant entra\u00eener ou aggraver des troubles cutan\u00e9s.\" \/>\n<meta property=\"og:url\" content=\"https:\/\/www.vetorino.com\/veterinaire\/prunelli-di-fiumorbo-20243\/boutique\/product\/dermoscent-aromacalm-chien\/\" \/>\n<meta property=\"og:site_name\" content=\"V\u00e9torino\" \/>\n<meta property=\"article:publisher\" content=\"https:\/\/www.facebook.com\/Vetorino\/\" \/>\n<meta property=\"article:modified_time\" content=\"2025-05-07T14:31:11+00:00\" \/>\n<meta property=\"og:image\" content=\"https:\/\/www.vetorino.com\/boutique\/wp-content\/uploads\/2020\/03\/dermoscent-aromacalm-chien.png\" \/>\n\t<meta property=\"og:image:width\" content=\"555\" \/>\n\t<meta property=\"og:image:height\" content=\"555\" \/>\n\t<meta property=\"og:image:type\" content=\"image\/png\" \/>\n<meta name=\"twitter:card\" content=\"summary_large_image\" \/>\n<meta name=\"twitter:label1\" content=\"Prix\" \/>\n\t<meta name=\"twitter:data1\" content=\"19,27&euro;\" \/>\n\t<meta name=\"twitter:label2\" content=\"Disponibilit\u00e9\" \/>\n\t<meta name=\"twitter:data2\" content=\"En stock\" \/>\n<script type=\"application\/ld+json\" class=\"yoast-schema-graph\">{\"@context\":\"https:\\\/\\\/schema.org\",\"@graph\":[{\"@type\":\"WebPage\",\"@id\":\"https:\\\/\\\/www.vetorino.com\\\/boutique\\\/product\\\/dermoscent-aromacalm-chien\\\/\",\"url\":\"https:\\\/\\\/www.vetorino.com\\\/boutique\\\/product\\\/dermoscent-aromacalm-chien\\\/\",\"name\":\"Dermoscent Aromacalm \u2013 Collier Anti-Stress Chien Dermoscent - V\u00e9torino\",\"isPartOf\":{\"@id\":\"https:\\\/\\\/www.vetorino.com\\\/boutique\\\/#website\"},\"primaryImageOfPage\":{\"@id\":\"https:\\\/\\\/www.vetorino.com\\\/boutique\\\/product\\\/dermoscent-aromacalm-chien\\\/#primaryimage\"},\"image\":{\"@id\":\"https:\\\/\\\/www.vetorino.com\\\/boutique\\\/product\\\/dermoscent-aromacalm-chien\\\/#primaryimage\"},\"thumbnailUrl\":\"https:\\\/\\\/www.vetorino.com\\\/boutique\\\/wp-content\\\/uploads\\\/2020\\\/03\\\/dermoscent-aromacalm-chien.png\",\"datePublished\":\"2020-03-04T22:03:05+00:00\",\"dateModified\":\"2025-05-07T14:31:11+00:00\",\"description\":\"Bas\u00e9 sur les bienfaits de la phytoth\u00e9rapie et de l'aromath\u00e9rapie, Dermoscent\u00ae Aromacalm\u00ae\u00a0est dot\u00e9 d'une double action permettant de procurer tranquillit\u00e9 et s\u00e9r\u00e9nit\u00e9 \u00e0 l'animal tout en prodiguant un effet apaisant sur sa peau. Utilisation : Changement d\u2019environnement (d\u00e9m\u00e9nagement, adoption, cohabitation, s\u00e9paration). Situations ponctuelles (transport, visite chez le v\u00e9t\u00e9rinaire, bruits excessifs\u2026). \u00c9galement recommand\u00e9 aux chiens pr\u00e9sentant des \u00e9tats de stress pouvant entra\u00eener ou aggraver des troubles cutan\u00e9s.\",\"breadcrumb\":{\"@id\":\"https:\\\/\\\/www.vetorino.com\\\/boutique\\\/product\\\/dermoscent-aromacalm-chien\\\/#breadcrumb\"},\"inLanguage\":\"fr-FR\",\"potentialAction\":[{\"@type\":\"ReadAction\",\"target\":[\"https:\\\/\\\/www.vetorino.com\\\/boutique\\\/product\\\/dermoscent-aromacalm-chien\\\/\"]}]},{\"@type\":\"ImageObject\",\"inLanguage\":\"fr-FR\",\"@id\":\"https:\\\/\\\/www.vetorino.com\\\/boutique\\\/product\\\/dermoscent-aromacalm-chien\\\/#primaryimage\",\"url\":\"https:\\\/\\\/www.vetorino.com\\\/boutique\\\/wp-content\\\/uploads\\\/2020\\\/03\\\/dermoscent-aromacalm-chien.png\",\"contentUrl\":\"https:\\\/\\\/www.vetorino.com\\\/boutique\\\/wp-content\\\/uploads\\\/2020\\\/03\\\/dermoscent-aromacalm-chien.png\",\"width\":555,\"height\":555},{\"@type\":\"BreadcrumbList\",\"@id\":\"https:\\\/\\\/www.vetorino.com\\\/boutique\\\/product\\\/dermoscent-aromacalm-chien\\\/#breadcrumb\",\"itemListElement\":[{\"@type\":\"ListItem\",\"position\":1,\"name\":\"Accueil\",\"item\":\"https:\\\/\\\/www.vetorino.com\\\/boutique\\\/\"},{\"@type\":\"ListItem\",\"position\":2,\"name\":\"Produits\",\"item\":\"https:\\\/\\\/www.vetorino.com\\\/boutique\\\/\"},{\"@type\":\"ListItem\",\"position\":3,\"name\":\"Dermoscent Aromacalm \u2013 Collier Anti-Stress Chien\"}]},{\"@type\":\"WebSite\",\"@id\":\"https:\\\/\\\/www.vetorino.com\\\/boutique\\\/#website\",\"url\":\"https:\\\/\\\/www.vetorino.com\\\/boutique\\\/\",\"name\":\"V\u00e9torino\",\"description\":\"\",\"publisher\":{\"@id\":\"https:\\\/\\\/www.vetorino.com\\\/boutique\\\/#organization\"},\"potentialAction\":[{\"@type\":\"SearchAction\",\"target\":{\"@type\":\"EntryPoint\",\"urlTemplate\":\"https:\\\/\\\/www.vetorino.com\\\/boutique\\\/?s={search_term_string}\"},\"query-input\":{\"@type\":\"PropertyValueSpecification\",\"valueRequired\":true,\"valueName\":\"search_term_string\"}}],\"inLanguage\":\"fr-FR\"},{\"@type\":\"Organization\",\"@id\":\"https:\\\/\\\/www.vetorino.com\\\/boutique\\\/#organization\",\"name\":\"V\u00e9torino\",\"url\":\"https:\\\/\\\/www.vetorino.com\\\/boutique\\\/\",\"logo\":{\"@type\":\"ImageObject\",\"inLanguage\":\"fr-FR\",\"@id\":\"https:\\\/\\\/www.vetorino.com\\\/boutique\\\/#\\\/schema\\\/logo\\\/image\\\/\",\"url\":\"https:\\\/\\\/www.vetorino.com\\\/boutique\\\/wp-content\\\/uploads\\\/2024\\\/10\\\/logo.jpg\",\"contentUrl\":\"https:\\\/\\\/www.vetorino.com\\\/boutique\\\/wp-content\\\/uploads\\\/2024\\\/10\\\/logo.jpg\",\"width\":1200,\"height\":610,\"caption\":\"V\u00e9torino\"},\"image\":{\"@id\":\"https:\\\/\\\/www.vetorino.com\\\/boutique\\\/#\\\/schema\\\/logo\\\/image\\\/\"},\"sameAs\":[\"https:\\\/\\\/www.facebook.com\\\/Vetorino\\\/\",\"https:\\\/\\\/www.instagram.com\\\/vetorino_off\\\/\",\"https:\\\/\\\/www.linkedin.com\\\/company\\\/vtorino\\\/\"]}]}<\/script>\n<meta property=\"product:brand\" content=\"Dermoscent\" \/>\n<meta property=\"product:price:amount\" content=\"19.27\" \/>\n<meta property=\"product:price:currency\" content=\"EUR\" \/>\n<meta property=\"og:availability\" content=\"instock\" \/>\n<meta property=\"product:availability\" content=\"instock\" \/>\n<meta property=\"product:retailer_item_id\" content=\"A-8111153\" \/>\n<meta property=\"product:condition\" content=\"new\" \/>\n<!-- \/ Yoast SEO plugin. -->","yoast_head_json":{"title":"Dermoscent Aromacalm \u2013 Collier Anti-Stress Chien Dermoscent - V\u00e9torino","description":"Bas\u00e9 sur les bienfaits de la phytoth\u00e9rapie et de l'aromath\u00e9rapie, Dermoscent\u00ae Aromacalm\u00ae\u00a0est dot\u00e9 d'une double action permettant de procurer tranquillit\u00e9 et s\u00e9r\u00e9nit\u00e9 \u00e0 l'animal tout en prodiguant un effet apaisant sur sa peau.  Utilisation :   Changement d\u2019environnement (d\u00e9m\u00e9nagement, adoption, cohabitation, s\u00e9paration).  Situations ponctuelles (transport, visite chez le v\u00e9t\u00e9rinaire, bruits excessifs\u2026).  \u00c9galement recommand\u00e9 aux chiens pr\u00e9sentant des \u00e9tats de stress pouvant entra\u00eener ou aggraver des troubles cutan\u00e9s.","robots":{"index":"noindex","follow":"nofollow"},"og_locale":"fr_FR","og_type":"article","og_title":"Dermoscent Aromacalm \u2013 Collier Anti-Stress Chien Dermoscent - V\u00e9torino","og_description":"Bas\u00e9 sur les bienfaits de la phytoth\u00e9rapie et de l'aromath\u00e9rapie, Dermoscent\u00ae Aromacalm\u00ae\u00a0est dot\u00e9 d'une double action permettant de procurer tranquillit\u00e9 et s\u00e9r\u00e9nit\u00e9 \u00e0 l'animal tout en prodiguant un effet apaisant sur sa peau.  Utilisation :   Changement d\u2019environnement (d\u00e9m\u00e9nagement, adoption, cohabitation, s\u00e9paration).  Situations ponctuelles (transport, visite chez le v\u00e9t\u00e9rinaire, bruits excessifs\u2026).  \u00c9galement recommand\u00e9 aux chiens pr\u00e9sentant des \u00e9tats de stress pouvant entra\u00eener ou aggraver des troubles cutan\u00e9s.","og_url":"https:\/\/www.vetorino.com\/veterinaire\/prunelli-di-fiumorbo-20243\/boutique\/product\/dermoscent-aromacalm-chien\/","og_site_name":"V\u00e9torino","article_publisher":"https:\/\/www.facebook.com\/Vetorino\/","article_modified_time":"2025-05-07T14:31:11+00:00","og_image":[{"width":555,"height":555,"url":"https:\/\/www.vetorino.com\/boutique\/wp-content\/uploads\/2020\/03\/dermoscent-aromacalm-chien.png","type":"image\/png"}],"twitter_card":"summary_large_image","twitter_misc":{"Prix":"19,27&euro;","Disponibilit\u00e9":"En stock"},"schema":{"@context":"https:\/\/schema.org","@graph":[{"@type":"WebPage","@id":"https:\/\/www.vetorino.com\/boutique\/product\/dermoscent-aromacalm-chien\/","url":"https:\/\/www.vetorino.com\/boutique\/product\/dermoscent-aromacalm-chien\/","name":"Dermoscent Aromacalm \u2013 Collier Anti-Stress Chien Dermoscent - V\u00e9torino","isPartOf":{"@id":"https:\/\/www.vetorino.com\/boutique\/#website"},"primaryImageOfPage":{"@id":"https:\/\/www.vetorino.com\/boutique\/product\/dermoscent-aromacalm-chien\/#primaryimage"},"image":{"@id":"https:\/\/www.vetorino.com\/boutique\/product\/dermoscent-aromacalm-chien\/#primaryimage"},"thumbnailUrl":"https:\/\/www.vetorino.com\/boutique\/wp-content\/uploads\/2020\/03\/dermoscent-aromacalm-chien.png","datePublished":"2020-03-04T22:03:05+00:00","dateModified":"2025-05-07T14:31:11+00:00","description":"Bas\u00e9 sur les bienfaits de la phytoth\u00e9rapie et de l'aromath\u00e9rapie, Dermoscent\u00ae Aromacalm\u00ae\u00a0est dot\u00e9 d'une double action permettant de procurer tranquillit\u00e9 et s\u00e9r\u00e9nit\u00e9 \u00e0 l'animal tout en prodiguant un effet apaisant sur sa peau. Utilisation : Changement d\u2019environnement (d\u00e9m\u00e9nagement, adoption, cohabitation, s\u00e9paration). Situations ponctuelles (transport, visite chez le v\u00e9t\u00e9rinaire, bruits excessifs\u2026). \u00c9galement recommand\u00e9 aux chiens pr\u00e9sentant des \u00e9tats de stress pouvant entra\u00eener ou aggraver des troubles cutan\u00e9s.","breadcrumb":{"@id":"https:\/\/www.vetorino.com\/boutique\/product\/dermoscent-aromacalm-chien\/#breadcrumb"},"inLanguage":"fr-FR","potentialAction":[{"@type":"ReadAction","target":["https:\/\/www.vetorino.com\/boutique\/product\/dermoscent-aromacalm-chien\/"]}]},{"@type":"ImageObject","inLanguage":"fr-FR","@id":"https:\/\/www.vetorino.com\/boutique\/product\/dermoscent-aromacalm-chien\/#primaryimage","url":"https:\/\/www.vetorino.com\/boutique\/wp-content\/uploads\/2020\/03\/dermoscent-aromacalm-chien.png","contentUrl":"https:\/\/www.vetorino.com\/boutique\/wp-content\/uploads\/2020\/03\/dermoscent-aromacalm-chien.png","width":555,"height":555},{"@type":"BreadcrumbList","@id":"https:\/\/www.vetorino.com\/boutique\/product\/dermoscent-aromacalm-chien\/#breadcrumb","itemListElement":[{"@type":"ListItem","position":1,"name":"Accueil","item":"https:\/\/www.vetorino.com\/boutique\/"},{"@type":"ListItem","position":2,"name":"Produits","item":"https:\/\/www.vetorino.com\/boutique\/"},{"@type":"ListItem","position":3,"name":"Dermoscent Aromacalm \u2013 Collier Anti-Stress Chien"}]},{"@type":"WebSite","@id":"https:\/\/www.vetorino.com\/boutique\/#website","url":"https:\/\/www.vetorino.com\/boutique\/","name":"V\u00e9torino","description":"","publisher":{"@id":"https:\/\/www.vetorino.com\/boutique\/#organization"},"potentialAction":[{"@type":"SearchAction","target":{"@type":"EntryPoint","urlTemplate":"https:\/\/www.vetorino.com\/boutique\/?s={search_term_string}"},"query-input":{"@type":"PropertyValueSpecification","valueRequired":true,"valueName":"search_term_string"}}],"inLanguage":"fr-FR"},{"@type":"Organization","@id":"https:\/\/www.vetorino.com\/boutique\/#organization","name":"V\u00e9torino","url":"https:\/\/www.vetorino.com\/boutique\/","logo":{"@type":"ImageObject","inLanguage":"fr-FR","@id":"https:\/\/www.vetorino.com\/boutique\/#\/schema\/logo\/image\/","url":"https:\/\/www.vetorino.com\/boutique\/wp-content\/uploads\/2024\/10\/logo.jpg","contentUrl":"https:\/\/www.vetorino.com\/boutique\/wp-content\/uploads\/2024\/10\/logo.jpg","width":1200,"height":610,"caption":"V\u00e9torino"},"image":{"@id":"https:\/\/www.vetorino.com\/boutique\/#\/schema\/logo\/image\/"},"sameAs":["https:\/\/www.facebook.com\/Vetorino\/","https:\/\/www.instagram.com\/vetorino_off\/","https:\/\/www.linkedin.com\/company\/vtorino\/"]}]},"product_brand":"Dermoscent","product_price_amount":"19.27","product_price_currency":"EUR","og_availability":"instock","product_availability":"instock","product_retailer_item_id":"A-8111153","product_condition":"new"},"_links":{"self":[{"href":"https:\/\/www.vetorino.com\/veterinaire\/prunelli-di-fiumorbo-20243\/boutique\/wp-json\/wp\/v2\/product\/36329","targetHints":{"allow":["GET"]}}],"collection":[{"href":"https:\/\/www.vetorino.com\/veterinaire\/prunelli-di-fiumorbo-20243\/boutique\/wp-json\/wp\/v2\/product"}],"about":[{"href":"https:\/\/www.vetorino.com\/veterinaire\/prunelli-di-fiumorbo-20243\/boutique\/wp-json\/wp\/v2\/types\/product"}],"wp:featuredmedia":[{"embeddable":true,"href":"https:\/\/www.vetorino.com\/veterinaire\/prunelli-di-fiumorbo-20243\/boutique\/wp-json\/wp\/v2\/media\/1319808"}],"wp:attachment":[{"href":"https:\/\/www.vetorino.com\/veterinaire\/prunelli-di-fiumorbo-20243\/boutique\/wp-json\/wp\/v2\/media?parent=36329"}],"wp:term":[{"taxonomy":"product_cat","embeddable":true,"href":"https:\/\/www.vetorino.com\/veterinaire\/prunelli-di-fiumorbo-20243\/boutique\/wp-json\/wp\/v2\/product_cat?post=36329"},{"taxonomy":"product_tag","embeddable":true,"href":"https:\/\/www.vetorino.com\/veterinaire\/prunelli-di-fiumorbo-20243\/boutique\/wp-json\/wp\/v2\/product_tag?post=36329"}],"curies":[{"name":"wp","href":"https:\/\/api.w.org\/{rel}","templated":true}]}}