{"id":36508,"date":"2020-03-04T23:04:06","date_gmt":"2020-03-04T22:04:06","guid":{"rendered":"https:\/\/www.vetorino.com\/boutique\/product\/vdiet-dog-urinary-s-o-moderate-calorie\/"},"modified":"2025-11-05T15:49:20","modified_gmt":"2025-11-05T14:49:20","slug":"vdiet-dog-urinary-s-o-moderate-calorie","status":"publish","type":"product","link":"https:\/\/www.vetorino.com\/veterinaire\/prunelli-di-fiumorbo-20243\/boutique\/product\/vdiet-dog-urinary-s-o-moderate-calorie\/","title":{"rendered":"Dog Urinary S\/O Moderate Calorie"},"content":{"rendered":"<div id=\"product-description-short-3173\">\n<p class=\"page-title\"><strong>Dog Urinary S\/O est un aliment di\u00e9t\u00e9tique complet pour chien adulte en surpoids ayant une affection du bas appareil urinaire.<\/strong><\/p>\n<p><strong>Utilisation :<\/strong><\/p>\n<ul>\n<li>Gestion des r\u00e9cidives d&#8217;Urolithiase \u00e0 struvite et \u00e0 oxalate de calcium<\/li>\n<li>Dissolution des calculs de struvite<\/li>\n<li>Cystite bact\u00e9rienne<\/li>\n<li>Chien en surpoids<\/li>\n<\/ul>\n<p><strong>Contre indications :<\/strong><\/p>\n<ul>\n<li>Insuffisance cardiaque<\/li>\n<li>Chienne en gestation ou en lactation<\/li>\n<li>Chiot<\/li>\n<\/ul>\n<p><strong>Bienfaits essentiels :<\/strong><\/p>\n<div class=\"tr\">\n<div class=\"atout_txt td\">\n<ul>\n<li>Urinary S\/O Moderate Calorie permet de\u00a0<strong>dissoudre efficacement les calculs de struvite<\/strong>.<\/li>\n<li>Un apport r\u00e9duit en calories permet de<strong>\u00a0limiter la prise de poids<\/strong>\u00a0chez le chien ayant tendance \u00e0 l&#8217;embonpoint.<\/li>\n<li>Diluer l&#8217;urine permet de r\u00e9duire simultan\u00e9ment les concentrations urinaires de struvites et d&#8217;oxalate de calcium. De plus, accro\u00eetre le volume urinaire permet un\u00a0<strong>rin\u00e7age r\u00e9gulier de la vessie<\/strong>.<\/li>\n<li>Rend\u00a0le milieu urinaire<strong>\u00a0d\u00e9favorable au d\u00e9veloppement des cristaux de struvite et d&#8217;oxalate de calcium<\/strong>.<\/li>\n<\/ul>\n<\/div>\n<\/div>\n<p><strong>Cet aliment est destin\u00e9 \u00e0 la prise en charge nutritionnelle d\u2019une maladie. Pour la sant\u00e9 de votre chien, il est recommand\u00e9 de consulter votre v\u00e9t\u00e9rinaire et de respecter scrupuleusement ses recommandations nutritionnelles.<\/strong><\/p>\n<\/div>\n","protected":false},"excerpt":{"rendered":"<div id=\"product-description-short-3173\">\n<p><strong>Dog Urinary S\/O est un aliment di\u00e9t\u00e9tique complet pour chien adulte en surpoids ayant une affection du bas appareil urinaire.<\/strong><\/p>\n<p><strong>Utilisation :<\/strong><\/p>\n<ul>\n<li>Gestion des r\u00e9cidives d&#8217;Urolithiase \u00e0 struvite et \u00e0 oxalate de calcium<\/li>\n<li>Dissolution des calculs de struvite<\/li>\n<li>Cystite bact\u00e9rienne<\/li>\n<li>Chien en surpoids<\/li>\n<\/ul>\n<\/div>\n<div class=\"product-actions\">\n<div class=\"mdj_product_master\"><\/div>\n<\/div>\n","protected":false},"featured_media":896652,"template":"","meta":[],"product_cat":[12552,12582,2698],"product_tag":[],"class_list":{"0":"post-36508","1":"product","2":"type-product","3":"status-publish","4":"has-post-thumbnail","6":"product_cat-alimentation-du-chien","7":"product_cat-alimentation-medicalisee-pour-chien","8":"product_cat-chien","9":"pa_marque-royal-canin","11":"first","12":"instock","13":"taxable","14":"shipping-taxable","15":"purchasable","16":"product-type-variable"},"yoast_head":"<!-- This site is optimized with the Yoast SEO plugin v27.3 - https:\/\/yoast.com\/product\/yoast-seo-wordpress\/ -->\n<title>Veterinary Diet (Royal Canin) Dog Urinary S\/O Moderate Calorie Royal Canin - V\u00e9torino<\/title>\n<meta name=\"description\" content=\"Dog Urinary S\/O est un aliment di\u00e9t\u00e9tique complet pour chien adulte en surpoids ayant une affection du bas appareil urinaire.  Utilisation :   Gestion des r\u00e9cidives d&#039;Urolithiase \u00e0 struvite et \u00e0 oxalate de calcium  Dissolution des calculs de struvite  Cystite bact\u00e9rienne  Chien en surpoids\" \/>\n<meta name=\"robots\" content=\"noindex, nofollow\" \/>\n<meta property=\"og:locale\" content=\"fr_FR\" \/>\n<meta property=\"og:type\" content=\"article\" \/>\n<meta property=\"og:title\" content=\"Veterinary Diet (Royal Canin) Dog Urinary S\/O Moderate Calorie Royal Canin - V\u00e9torino\" \/>\n<meta property=\"og:description\" content=\"Dog Urinary S\/O est un aliment di\u00e9t\u00e9tique complet pour chien adulte en surpoids ayant une affection du bas appareil urinaire.  Utilisation :   Gestion des r\u00e9cidives d&#039;Urolithiase \u00e0 struvite et \u00e0 oxalate de calcium  Dissolution des calculs de struvite  Cystite bact\u00e9rienne  Chien en surpoids\" \/>\n<meta property=\"og:url\" content=\"https:\/\/www.vetorino.com\/veterinaire\/prunelli-di-fiumorbo-20243\/boutique\/product\/vdiet-dog-urinary-s-o-moderate-calorie\/\" \/>\n<meta property=\"og:site_name\" content=\"V\u00e9torino\" \/>\n<meta property=\"article:publisher\" content=\"https:\/\/www.facebook.com\/Vetorino\/\" \/>\n<meta property=\"article:modified_time\" content=\"2025-11-05T14:49:20+00:00\" \/>\n<meta property=\"og:image\" content=\"https:\/\/www.vetorino.com\/boutique\/wp-content\/uploads\/2020\/03\/dog-urinary-so-moderate-calorie-11.jpg\" \/>\n\t<meta property=\"og:image:width\" content=\"800\" \/>\n\t<meta property=\"og:image:height\" content=\"800\" \/>\n\t<meta property=\"og:image:type\" content=\"image\/jpeg\" \/>\n<meta name=\"twitter:card\" content=\"summary_large_image\" \/>\n<meta name=\"twitter:label1\" content=\"Disponibilit\u00e9\" \/>\n\t<meta name=\"twitter:data1\" content=\"En stock\" \/>\n<script type=\"application\/ld+json\" class=\"yoast-schema-graph\">{\"@context\":\"https:\\\/\\\/schema.org\",\"@graph\":[{\"@type\":\"WebPage\",\"@id\":\"https:\\\/\\\/www.vetorino.com\\\/veterinaire\\\/briancon-05100\\\/boutique\\\/product\\\/vdiet-dog-urinary-s-o-moderate-calorie\\\/\",\"url\":\"https:\\\/\\\/www.vetorino.com\\\/veterinaire\\\/briancon-05100\\\/boutique\\\/product\\\/vdiet-dog-urinary-s-o-moderate-calorie\\\/\",\"name\":\"Veterinary Diet (Royal Canin) Dog Urinary S\\\/O Moderate Calorie Royal Canin - V\u00e9torino\",\"isPartOf\":{\"@id\":\"https:\\\/\\\/www.vetorino.com\\\/boutique\\\/#website\"},\"primaryImageOfPage\":{\"@id\":\"https:\\\/\\\/www.vetorino.com\\\/veterinaire\\\/briancon-05100\\\/boutique\\\/product\\\/vdiet-dog-urinary-s-o-moderate-calorie\\\/#primaryimage\"},\"image\":{\"@id\":\"https:\\\/\\\/www.vetorino.com\\\/veterinaire\\\/briancon-05100\\\/boutique\\\/product\\\/vdiet-dog-urinary-s-o-moderate-calorie\\\/#primaryimage\"},\"thumbnailUrl\":\"https:\\\/\\\/www.vetorino.com\\\/boutique\\\/wp-content\\\/uploads\\\/2020\\\/03\\\/dog-urinary-so-moderate-calorie-11.jpg\",\"datePublished\":\"2020-03-04T22:04:06+00:00\",\"dateModified\":\"2025-11-05T14:49:20+00:00\",\"description\":\"Dog Urinary S\\\/O est un aliment di\u00e9t\u00e9tique complet pour chien adulte en surpoids ayant une affection du bas appareil urinaire. Utilisation : Gestion des r\u00e9cidives d'Urolithiase \u00e0 struvite et \u00e0 oxalate de calcium Dissolution des calculs de struvite Cystite bact\u00e9rienne Chien en surpoids\",\"breadcrumb\":{\"@id\":\"https:\\\/\\\/www.vetorino.com\\\/veterinaire\\\/briancon-05100\\\/boutique\\\/product\\\/vdiet-dog-urinary-s-o-moderate-calorie\\\/#breadcrumb\"},\"inLanguage\":\"fr-FR\",\"potentialAction\":[{\"@type\":\"ReadAction\",\"target\":[\"https:\\\/\\\/www.vetorino.com\\\/veterinaire\\\/briancon-05100\\\/boutique\\\/product\\\/vdiet-dog-urinary-s-o-moderate-calorie\\\/\"]}]},{\"@type\":\"ImageObject\",\"inLanguage\":\"fr-FR\",\"@id\":\"https:\\\/\\\/www.vetorino.com\\\/veterinaire\\\/briancon-05100\\\/boutique\\\/product\\\/vdiet-dog-urinary-s-o-moderate-calorie\\\/#primaryimage\",\"url\":\"https:\\\/\\\/www.vetorino.com\\\/boutique\\\/wp-content\\\/uploads\\\/2020\\\/03\\\/dog-urinary-so-moderate-calorie-11.jpg\",\"contentUrl\":\"https:\\\/\\\/www.vetorino.com\\\/boutique\\\/wp-content\\\/uploads\\\/2020\\\/03\\\/dog-urinary-so-moderate-calorie-11.jpg\",\"width\":800,\"height\":800},{\"@type\":\"BreadcrumbList\",\"@id\":\"https:\\\/\\\/www.vetorino.com\\\/veterinaire\\\/briancon-05100\\\/boutique\\\/product\\\/vdiet-dog-urinary-s-o-moderate-calorie\\\/#breadcrumb\",\"itemListElement\":[{\"@type\":\"ListItem\",\"position\":1,\"name\":\"Accueil\",\"item\":\"https:\\\/\\\/www.vetorino.com\\\/boutique\\\/\"},{\"@type\":\"ListItem\",\"position\":2,\"name\":\"Produits\",\"item\":\"https:\\\/\\\/www.vetorino.com\\\/boutique\\\/\"},{\"@type\":\"ListItem\",\"position\":3,\"name\":\"Dog Urinary S\\\/O Moderate Calorie\"}]},{\"@type\":\"WebSite\",\"@id\":\"https:\\\/\\\/www.vetorino.com\\\/boutique\\\/#website\",\"url\":\"https:\\\/\\\/www.vetorino.com\\\/boutique\\\/\",\"name\":\"V\u00e9torino\",\"description\":\"\",\"publisher\":{\"@id\":\"https:\\\/\\\/www.vetorino.com\\\/boutique\\\/#organization\"},\"potentialAction\":[{\"@type\":\"SearchAction\",\"target\":{\"@type\":\"EntryPoint\",\"urlTemplate\":\"https:\\\/\\\/www.vetorino.com\\\/boutique\\\/?s={search_term_string}\"},\"query-input\":{\"@type\":\"PropertyValueSpecification\",\"valueRequired\":true,\"valueName\":\"search_term_string\"}}],\"inLanguage\":\"fr-FR\"},{\"@type\":\"Organization\",\"@id\":\"https:\\\/\\\/www.vetorino.com\\\/boutique\\\/#organization\",\"name\":\"V\u00e9torino\",\"url\":\"https:\\\/\\\/www.vetorino.com\\\/boutique\\\/\",\"logo\":{\"@type\":\"ImageObject\",\"inLanguage\":\"fr-FR\",\"@id\":\"https:\\\/\\\/www.vetorino.com\\\/boutique\\\/#\\\/schema\\\/logo\\\/image\\\/\",\"url\":\"https:\\\/\\\/www.vetorino.com\\\/boutique\\\/wp-content\\\/uploads\\\/2024\\\/10\\\/logo.jpg\",\"contentUrl\":\"https:\\\/\\\/www.vetorino.com\\\/boutique\\\/wp-content\\\/uploads\\\/2024\\\/10\\\/logo.jpg\",\"width\":1200,\"height\":610,\"caption\":\"V\u00e9torino\"},\"image\":{\"@id\":\"https:\\\/\\\/www.vetorino.com\\\/boutique\\\/#\\\/schema\\\/logo\\\/image\\\/\"},\"sameAs\":[\"https:\\\/\\\/www.facebook.com\\\/Vetorino\\\/\",\"https:\\\/\\\/www.instagram.com\\\/vetorino_off\\\/\",\"https:\\\/\\\/www.linkedin.com\\\/company\\\/vtorino\\\/\"]}]}<\/script>\n<meta property=\"product:brand\" content=\"Royal Canin\" \/>\n<meta property=\"og:availability\" content=\"instock\" \/>\n<meta property=\"product:availability\" content=\"instock\" \/>\n<meta property=\"product:condition\" content=\"new\" \/>\n<!-- \/ Yoast SEO plugin. -->","yoast_head_json":{"title":"Veterinary Diet (Royal Canin) Dog Urinary S\/O Moderate Calorie Royal Canin - V\u00e9torino","description":"Dog Urinary S\/O est un aliment di\u00e9t\u00e9tique complet pour chien adulte en surpoids ayant une affection du bas appareil urinaire.  Utilisation :   Gestion des r\u00e9cidives d'Urolithiase \u00e0 struvite et \u00e0 oxalate de calcium  Dissolution des calculs de struvite  Cystite bact\u00e9rienne  Chien en surpoids","robots":{"index":"noindex","follow":"nofollow"},"og_locale":"fr_FR","og_type":"article","og_title":"Veterinary Diet (Royal Canin) Dog Urinary S\/O Moderate Calorie Royal Canin - V\u00e9torino","og_description":"Dog Urinary S\/O est un aliment di\u00e9t\u00e9tique complet pour chien adulte en surpoids ayant une affection du bas appareil urinaire.  Utilisation :   Gestion des r\u00e9cidives d'Urolithiase \u00e0 struvite et \u00e0 oxalate de calcium  Dissolution des calculs de struvite  Cystite bact\u00e9rienne  Chien en surpoids","og_url":"https:\/\/www.vetorino.com\/veterinaire\/prunelli-di-fiumorbo-20243\/boutique\/product\/vdiet-dog-urinary-s-o-moderate-calorie\/","og_site_name":"V\u00e9torino","article_publisher":"https:\/\/www.facebook.com\/Vetorino\/","article_modified_time":"2025-11-05T14:49:20+00:00","og_image":[{"width":800,"height":800,"url":"https:\/\/www.vetorino.com\/boutique\/wp-content\/uploads\/2020\/03\/dog-urinary-so-moderate-calorie-11.jpg","type":"image\/jpeg"}],"twitter_card":"summary_large_image","twitter_misc":{"Disponibilit\u00e9":"En stock"},"schema":{"@context":"https:\/\/schema.org","@graph":[{"@type":"WebPage","@id":"https:\/\/www.vetorino.com\/veterinaire\/briancon-05100\/boutique\/product\/vdiet-dog-urinary-s-o-moderate-calorie\/","url":"https:\/\/www.vetorino.com\/veterinaire\/briancon-05100\/boutique\/product\/vdiet-dog-urinary-s-o-moderate-calorie\/","name":"Veterinary Diet (Royal Canin) Dog Urinary S\/O Moderate Calorie Royal Canin - V\u00e9torino","isPartOf":{"@id":"https:\/\/www.vetorino.com\/boutique\/#website"},"primaryImageOfPage":{"@id":"https:\/\/www.vetorino.com\/veterinaire\/briancon-05100\/boutique\/product\/vdiet-dog-urinary-s-o-moderate-calorie\/#primaryimage"},"image":{"@id":"https:\/\/www.vetorino.com\/veterinaire\/briancon-05100\/boutique\/product\/vdiet-dog-urinary-s-o-moderate-calorie\/#primaryimage"},"thumbnailUrl":"https:\/\/www.vetorino.com\/boutique\/wp-content\/uploads\/2020\/03\/dog-urinary-so-moderate-calorie-11.jpg","datePublished":"2020-03-04T22:04:06+00:00","dateModified":"2025-11-05T14:49:20+00:00","description":"Dog Urinary S\/O est un aliment di\u00e9t\u00e9tique complet pour chien adulte en surpoids ayant une affection du bas appareil urinaire. Utilisation : Gestion des r\u00e9cidives d'Urolithiase \u00e0 struvite et \u00e0 oxalate de calcium Dissolution des calculs de struvite Cystite bact\u00e9rienne Chien en surpoids","breadcrumb":{"@id":"https:\/\/www.vetorino.com\/veterinaire\/briancon-05100\/boutique\/product\/vdiet-dog-urinary-s-o-moderate-calorie\/#breadcrumb"},"inLanguage":"fr-FR","potentialAction":[{"@type":"ReadAction","target":["https:\/\/www.vetorino.com\/veterinaire\/briancon-05100\/boutique\/product\/vdiet-dog-urinary-s-o-moderate-calorie\/"]}]},{"@type":"ImageObject","inLanguage":"fr-FR","@id":"https:\/\/www.vetorino.com\/veterinaire\/briancon-05100\/boutique\/product\/vdiet-dog-urinary-s-o-moderate-calorie\/#primaryimage","url":"https:\/\/www.vetorino.com\/boutique\/wp-content\/uploads\/2020\/03\/dog-urinary-so-moderate-calorie-11.jpg","contentUrl":"https:\/\/www.vetorino.com\/boutique\/wp-content\/uploads\/2020\/03\/dog-urinary-so-moderate-calorie-11.jpg","width":800,"height":800},{"@type":"BreadcrumbList","@id":"https:\/\/www.vetorino.com\/veterinaire\/briancon-05100\/boutique\/product\/vdiet-dog-urinary-s-o-moderate-calorie\/#breadcrumb","itemListElement":[{"@type":"ListItem","position":1,"name":"Accueil","item":"https:\/\/www.vetorino.com\/boutique\/"},{"@type":"ListItem","position":2,"name":"Produits","item":"https:\/\/www.vetorino.com\/boutique\/"},{"@type":"ListItem","position":3,"name":"Dog Urinary S\/O Moderate Calorie"}]},{"@type":"WebSite","@id":"https:\/\/www.vetorino.com\/boutique\/#website","url":"https:\/\/www.vetorino.com\/boutique\/","name":"V\u00e9torino","description":"","publisher":{"@id":"https:\/\/www.vetorino.com\/boutique\/#organization"},"potentialAction":[{"@type":"SearchAction","target":{"@type":"EntryPoint","urlTemplate":"https:\/\/www.vetorino.com\/boutique\/?s={search_term_string}"},"query-input":{"@type":"PropertyValueSpecification","valueRequired":true,"valueName":"search_term_string"}}],"inLanguage":"fr-FR"},{"@type":"Organization","@id":"https:\/\/www.vetorino.com\/boutique\/#organization","name":"V\u00e9torino","url":"https:\/\/www.vetorino.com\/boutique\/","logo":{"@type":"ImageObject","inLanguage":"fr-FR","@id":"https:\/\/www.vetorino.com\/boutique\/#\/schema\/logo\/image\/","url":"https:\/\/www.vetorino.com\/boutique\/wp-content\/uploads\/2024\/10\/logo.jpg","contentUrl":"https:\/\/www.vetorino.com\/boutique\/wp-content\/uploads\/2024\/10\/logo.jpg","width":1200,"height":610,"caption":"V\u00e9torino"},"image":{"@id":"https:\/\/www.vetorino.com\/boutique\/#\/schema\/logo\/image\/"},"sameAs":["https:\/\/www.facebook.com\/Vetorino\/","https:\/\/www.instagram.com\/vetorino_off\/","https:\/\/www.linkedin.com\/company\/vtorino\/"]}]},"product_brand":"Royal Canin","og_availability":"instock","product_availability":"instock","product_condition":"new"},"_links":{"self":[{"href":"https:\/\/www.vetorino.com\/veterinaire\/prunelli-di-fiumorbo-20243\/boutique\/wp-json\/wp\/v2\/product\/36508","targetHints":{"allow":["GET"]}}],"collection":[{"href":"https:\/\/www.vetorino.com\/veterinaire\/prunelli-di-fiumorbo-20243\/boutique\/wp-json\/wp\/v2\/product"}],"about":[{"href":"https:\/\/www.vetorino.com\/veterinaire\/prunelli-di-fiumorbo-20243\/boutique\/wp-json\/wp\/v2\/types\/product"}],"wp:featuredmedia":[{"embeddable":true,"href":"https:\/\/www.vetorino.com\/veterinaire\/prunelli-di-fiumorbo-20243\/boutique\/wp-json\/wp\/v2\/media\/896652"}],"wp:attachment":[{"href":"https:\/\/www.vetorino.com\/veterinaire\/prunelli-di-fiumorbo-20243\/boutique\/wp-json\/wp\/v2\/media?parent=36508"}],"wp:term":[{"taxonomy":"product_cat","embeddable":true,"href":"https:\/\/www.vetorino.com\/veterinaire\/prunelli-di-fiumorbo-20243\/boutique\/wp-json\/wp\/v2\/product_cat?post=36508"},{"taxonomy":"product_tag","embeddable":true,"href":"https:\/\/www.vetorino.com\/veterinaire\/prunelli-di-fiumorbo-20243\/boutique\/wp-json\/wp\/v2\/product_tag?post=36508"}],"curies":[{"name":"wp","href":"https:\/\/api.w.org\/{rel}","templated":true}]}}