{"id":36690,"date":"2020-03-04T23:09:46","date_gmt":"2020-03-04T22:09:46","guid":{"rendered":"https:\/\/www.vetorino.com\/boutique\/product\/jouet-kong\/"},"modified":"2024-03-22T15:05:11","modified_gmt":"2024-03-22T14:05:11","slug":"jouet-kong","status":"publish","type":"product","link":"https:\/\/www.vetorino.com\/veterinaire\/prunelli-di-fiumorbo-20243\/boutique\/product\/jouet-kong\/","title":{"rendered":"Jouet KONG Classic pour chien"},"content":{"rendered":"<p>Le jouet KONG Classic pour chien porte bien son nom : il repr\u00e9sente un grand classique parmi les jouets pour chien et peut \u00eatre rempli de friandises. Fabriqu\u00e9 dans une mati\u00e8re sp\u00e9cifique, votre animal se fera un plaisir de le <strong> m\u00e2cher et de jouer<\/strong> avec lui !<\/p>\n<p>Les chiens ont naturellement besoin de m\u00e2cher et de chasser. Tr\u00e8s appr\u00e9ci\u00e9 depuis des dizaines d&#8217;ann\u00e9es, le jouet KONG Classic a \u00e9t\u00e9 sp\u00e9cialement con\u00e7u pour r\u00e9pondre \u00e0 ce besoin. Ce grand classique parmi les produits de la marque KONG est fabriqu\u00e9 en <strong> caoutchouc naturel de couleur rouge et dont la texture est si douce<\/strong> que votre chien ne saura r\u00e9sister \u00e0 l&#8217;envie de la mastiquer.<\/p>\n<p><strong>Caract\u00e9ristiques du jouet KONG Classic pour chien :<\/strong><\/p>\n<ul>\n<li>jouet pour chien id\u00e9al pour jouer, apporter et m\u00e2cher<\/li>\n<li><strong>rebondit de mani\u00e8re impr\u00e9visible<\/strong><\/li>\n<li><strong>\u00e0 remplir de friandises<\/strong>, par exemple de petits os ou de biscuits<\/li>\n<li>satisfait le besoins de m\u00e2cher et de jouer<\/li>\n<li><strong>coloris <\/strong>: rouge<\/li>\n<li><strong>mat\u00e9riau <\/strong>: caoutchouc naturel<\/li>\n<li><strong>tailles <\/strong>:\n<ul>\n<li>XS pour les chiens jusqu&#8217;\u00e0 2 kg :\u00a0H 5,7 x l\u00a03,5 x P\u00a03,5 cm environ<\/li>\n<li>S pour les chiens jusqu&#8217;\u00e0 9 kg : H 7 x l 4,5 x P 4,5 cm environ<\/li>\n<li>M pour les chiens de 7 \u00e0 16 kg : H 8,5 x l 5,5 x P 5,5 cm environ<\/li>\n<li>L pour les chiens de 13 \u00e0 30 kg : H 10 x l 6,5 x P 6,5 cm environ<\/li>\n<li>XL pour les chiens de 27 \u00e0 41 kg : H 12,7 x l 9 x P 9 cm environ<\/li>\n<li>XXL pour les chiens de plus de 38 kg :\u00a0H 15,24 x l\u00a09,86 x P\u00a09,86 cm environ<\/li>\n<\/ul>\n<\/li>\n<\/ul>\n","protected":false},"excerpt":{"rendered":"<p>Le jouet KONG Classic pour chien porte bien son nom : il repr\u00e9sente un grand classique parmi les jouets pour chien et peut \u00eatre rempli de friandises. Fabriqu\u00e9 dans une mati\u00e8re sp\u00e9cifique, votre animal se fera un plaisir de le <strong> m\u00e2cher et de jouer<\/strong> avec lui !<\/p>\n","protected":false},"featured_media":78653,"template":"","meta":[],"product_cat":[12550,2698,2802,12621],"product_tag":[],"class_list":{"0":"post-36690","1":"product","2":"type-product","3":"status-publish","4":"has-post-thumbnail","6":"product_cat-accessoires-du-chien","7":"product_cat-chien","8":"product_cat-jouets-a-macher-pour-chien","9":"product_cat-jeux-educatifs-pour-chien","10":"pa_marque-kong","12":"first","13":"instock","14":"taxable","15":"shipping-taxable","16":"purchasable","17":"product-type-variable"},"yoast_head":"<!-- This site is optimized with the Yoast SEO plugin v27.3 - https:\/\/yoast.com\/product\/yoast-seo-wordpress\/ -->\n<title>Jouet KONG Classic pour chien Kong - V\u00e9torino<\/title>\n<meta name=\"description\" content=\"Le jouet KONG Classic pour chien porte bien son nom : il repr\u00e9sente un grand classique parmi les jouets pour chien et peut \u00eatre rempli de friandises. Fabriqu\u00e9 dans une mati\u00e8re sp\u00e9cifique, votre animal se fera un plaisir de le m\u00e2cher et de jouer avec lui !\" \/>\n<meta name=\"robots\" content=\"noindex, nofollow\" \/>\n<meta property=\"og:locale\" content=\"fr_FR\" \/>\n<meta property=\"og:type\" content=\"article\" \/>\n<meta property=\"og:title\" content=\"Jouet KONG Classic pour chien Kong - V\u00e9torino\" \/>\n<meta property=\"og:description\" content=\"Le jouet KONG Classic pour chien porte bien son nom : il repr\u00e9sente un grand classique parmi les jouets pour chien et peut \u00eatre rempli de friandises. Fabriqu\u00e9 dans une mati\u00e8re sp\u00e9cifique, votre animal se fera un plaisir de le m\u00e2cher et de jouer avec lui !\" \/>\n<meta property=\"og:url\" content=\"https:\/\/www.vetorino.com\/veterinaire\/prunelli-di-fiumorbo-20243\/boutique\/product\/jouet-kong\/\" \/>\n<meta property=\"og:site_name\" content=\"V\u00e9torino\" \/>\n<meta property=\"article:publisher\" content=\"https:\/\/www.facebook.com\/Vetorino\/\" \/>\n<meta property=\"article:modified_time\" content=\"2024-03-22T14:05:11+00:00\" \/>\n<meta property=\"og:image\" content=\"https:\/\/www.vetorino.com\/boutique\/wp-content\/uploads\/2020\/03\/jouet-kong-classic-rouge-medium-85cm-12.jpg\" \/>\n\t<meta property=\"og:image:width\" content=\"800\" \/>\n\t<meta property=\"og:image:height\" content=\"800\" \/>\n\t<meta property=\"og:image:type\" content=\"image\/jpeg\" \/>\n<meta name=\"twitter:card\" content=\"summary_large_image\" \/>\n<meta name=\"twitter:label1\" content=\"Disponibilit\u00e9\" \/>\n\t<meta name=\"twitter:data1\" content=\"En stock\" \/>\n<script type=\"application\/ld+json\" class=\"yoast-schema-graph\">{\"@context\":\"https:\\\/\\\/schema.org\",\"@graph\":[{\"@type\":\"WebPage\",\"@id\":\"https:\\\/\\\/www.vetorino.com\\\/veterinaire\\\/susmiou-64190\\\/boutique\\\/product\\\/jouet-kong\\\/\",\"url\":\"https:\\\/\\\/www.vetorino.com\\\/veterinaire\\\/susmiou-64190\\\/boutique\\\/product\\\/jouet-kong\\\/\",\"name\":\"Jouet KONG Classic pour chien Kong - V\u00e9torino\",\"isPartOf\":{\"@id\":\"https:\\\/\\\/www.vetorino.com\\\/boutique\\\/#website\"},\"primaryImageOfPage\":{\"@id\":\"https:\\\/\\\/www.vetorino.com\\\/veterinaire\\\/susmiou-64190\\\/boutique\\\/product\\\/jouet-kong\\\/#primaryimage\"},\"image\":{\"@id\":\"https:\\\/\\\/www.vetorino.com\\\/veterinaire\\\/susmiou-64190\\\/boutique\\\/product\\\/jouet-kong\\\/#primaryimage\"},\"thumbnailUrl\":\"https:\\\/\\\/www.vetorino.com\\\/boutique\\\/wp-content\\\/uploads\\\/2020\\\/03\\\/jouet-kong-classic-rouge-medium-85cm-12.jpg\",\"datePublished\":\"2020-03-04T22:09:46+00:00\",\"dateModified\":\"2024-03-22T14:05:11+00:00\",\"description\":\"Le jouet KONG Classic pour chien porte bien son nom : il repr\u00e9sente un grand classique parmi les jouets pour chien et peut \u00eatre rempli de friandises. Fabriqu\u00e9 dans une mati\u00e8re sp\u00e9cifique, votre animal se fera un plaisir de le m\u00e2cher et de jouer avec lui !\",\"breadcrumb\":{\"@id\":\"https:\\\/\\\/www.vetorino.com\\\/veterinaire\\\/susmiou-64190\\\/boutique\\\/product\\\/jouet-kong\\\/#breadcrumb\"},\"inLanguage\":\"fr-FR\",\"potentialAction\":[{\"@type\":\"ReadAction\",\"target\":[\"https:\\\/\\\/www.vetorino.com\\\/veterinaire\\\/susmiou-64190\\\/boutique\\\/product\\\/jouet-kong\\\/\"]}]},{\"@type\":\"ImageObject\",\"inLanguage\":\"fr-FR\",\"@id\":\"https:\\\/\\\/www.vetorino.com\\\/veterinaire\\\/susmiou-64190\\\/boutique\\\/product\\\/jouet-kong\\\/#primaryimage\",\"url\":\"https:\\\/\\\/www.vetorino.com\\\/boutique\\\/wp-content\\\/uploads\\\/2020\\\/03\\\/jouet-kong-classic-rouge-medium-85cm-12.jpg\",\"contentUrl\":\"https:\\\/\\\/www.vetorino.com\\\/boutique\\\/wp-content\\\/uploads\\\/2020\\\/03\\\/jouet-kong-classic-rouge-medium-85cm-12.jpg\",\"width\":800,\"height\":800},{\"@type\":\"BreadcrumbList\",\"@id\":\"https:\\\/\\\/www.vetorino.com\\\/veterinaire\\\/susmiou-64190\\\/boutique\\\/product\\\/jouet-kong\\\/#breadcrumb\",\"itemListElement\":[{\"@type\":\"ListItem\",\"position\":1,\"name\":\"Accueil\",\"item\":\"https:\\\/\\\/www.vetorino.com\\\/boutique\\\/\"},{\"@type\":\"ListItem\",\"position\":2,\"name\":\"Produits\",\"item\":\"https:\\\/\\\/www.vetorino.com\\\/boutique\\\/\"},{\"@type\":\"ListItem\",\"position\":3,\"name\":\"Jouet KONG Classic pour chien\"}]},{\"@type\":\"WebSite\",\"@id\":\"https:\\\/\\\/www.vetorino.com\\\/boutique\\\/#website\",\"url\":\"https:\\\/\\\/www.vetorino.com\\\/boutique\\\/\",\"name\":\"V\u00e9torino\",\"description\":\"\",\"publisher\":{\"@id\":\"https:\\\/\\\/www.vetorino.com\\\/boutique\\\/#organization\"},\"potentialAction\":[{\"@type\":\"SearchAction\",\"target\":{\"@type\":\"EntryPoint\",\"urlTemplate\":\"https:\\\/\\\/www.vetorino.com\\\/boutique\\\/?s={search_term_string}\"},\"query-input\":{\"@type\":\"PropertyValueSpecification\",\"valueRequired\":true,\"valueName\":\"search_term_string\"}}],\"inLanguage\":\"fr-FR\"},{\"@type\":\"Organization\",\"@id\":\"https:\\\/\\\/www.vetorino.com\\\/boutique\\\/#organization\",\"name\":\"V\u00e9torino\",\"url\":\"https:\\\/\\\/www.vetorino.com\\\/boutique\\\/\",\"logo\":{\"@type\":\"ImageObject\",\"inLanguage\":\"fr-FR\",\"@id\":\"https:\\\/\\\/www.vetorino.com\\\/boutique\\\/#\\\/schema\\\/logo\\\/image\\\/\",\"url\":\"https:\\\/\\\/www.vetorino.com\\\/boutique\\\/wp-content\\\/uploads\\\/2024\\\/10\\\/logo.jpg\",\"contentUrl\":\"https:\\\/\\\/www.vetorino.com\\\/boutique\\\/wp-content\\\/uploads\\\/2024\\\/10\\\/logo.jpg\",\"width\":1200,\"height\":610,\"caption\":\"V\u00e9torino\"},\"image\":{\"@id\":\"https:\\\/\\\/www.vetorino.com\\\/boutique\\\/#\\\/schema\\\/logo\\\/image\\\/\"},\"sameAs\":[\"https:\\\/\\\/www.facebook.com\\\/Vetorino\\\/\",\"https:\\\/\\\/www.instagram.com\\\/vetorino_off\\\/\",\"https:\\\/\\\/www.linkedin.com\\\/company\\\/vtorino\\\/\"]}]}<\/script>\n<meta property=\"product:brand\" content=\"Kong\" \/>\n<meta property=\"og:availability\" content=\"instock\" \/>\n<meta property=\"product:availability\" content=\"instock\" \/>\n<meta property=\"product:condition\" content=\"new\" \/>\n<!-- \/ Yoast SEO plugin. -->","yoast_head_json":{"title":"Jouet KONG Classic pour chien Kong - V\u00e9torino","description":"Le jouet KONG Classic pour chien porte bien son nom : il repr\u00e9sente un grand classique parmi les jouets pour chien et peut \u00eatre rempli de friandises. Fabriqu\u00e9 dans une mati\u00e8re sp\u00e9cifique, votre animal se fera un plaisir de le m\u00e2cher et de jouer avec lui !","robots":{"index":"noindex","follow":"nofollow"},"og_locale":"fr_FR","og_type":"article","og_title":"Jouet KONG Classic pour chien Kong - V\u00e9torino","og_description":"Le jouet KONG Classic pour chien porte bien son nom : il repr\u00e9sente un grand classique parmi les jouets pour chien et peut \u00eatre rempli de friandises. Fabriqu\u00e9 dans une mati\u00e8re sp\u00e9cifique, votre animal se fera un plaisir de le m\u00e2cher et de jouer avec lui !","og_url":"https:\/\/www.vetorino.com\/veterinaire\/prunelli-di-fiumorbo-20243\/boutique\/product\/jouet-kong\/","og_site_name":"V\u00e9torino","article_publisher":"https:\/\/www.facebook.com\/Vetorino\/","article_modified_time":"2024-03-22T14:05:11+00:00","og_image":[{"width":800,"height":800,"url":"https:\/\/www.vetorino.com\/boutique\/wp-content\/uploads\/2020\/03\/jouet-kong-classic-rouge-medium-85cm-12.jpg","type":"image\/jpeg"}],"twitter_card":"summary_large_image","twitter_misc":{"Disponibilit\u00e9":"En stock"},"schema":{"@context":"https:\/\/schema.org","@graph":[{"@type":"WebPage","@id":"https:\/\/www.vetorino.com\/veterinaire\/susmiou-64190\/boutique\/product\/jouet-kong\/","url":"https:\/\/www.vetorino.com\/veterinaire\/susmiou-64190\/boutique\/product\/jouet-kong\/","name":"Jouet KONG Classic pour chien Kong - V\u00e9torino","isPartOf":{"@id":"https:\/\/www.vetorino.com\/boutique\/#website"},"primaryImageOfPage":{"@id":"https:\/\/www.vetorino.com\/veterinaire\/susmiou-64190\/boutique\/product\/jouet-kong\/#primaryimage"},"image":{"@id":"https:\/\/www.vetorino.com\/veterinaire\/susmiou-64190\/boutique\/product\/jouet-kong\/#primaryimage"},"thumbnailUrl":"https:\/\/www.vetorino.com\/boutique\/wp-content\/uploads\/2020\/03\/jouet-kong-classic-rouge-medium-85cm-12.jpg","datePublished":"2020-03-04T22:09:46+00:00","dateModified":"2024-03-22T14:05:11+00:00","description":"Le jouet KONG Classic pour chien porte bien son nom : il repr\u00e9sente un grand classique parmi les jouets pour chien et peut \u00eatre rempli de friandises. Fabriqu\u00e9 dans une mati\u00e8re sp\u00e9cifique, votre animal se fera un plaisir de le m\u00e2cher et de jouer avec lui !","breadcrumb":{"@id":"https:\/\/www.vetorino.com\/veterinaire\/susmiou-64190\/boutique\/product\/jouet-kong\/#breadcrumb"},"inLanguage":"fr-FR","potentialAction":[{"@type":"ReadAction","target":["https:\/\/www.vetorino.com\/veterinaire\/susmiou-64190\/boutique\/product\/jouet-kong\/"]}]},{"@type":"ImageObject","inLanguage":"fr-FR","@id":"https:\/\/www.vetorino.com\/veterinaire\/susmiou-64190\/boutique\/product\/jouet-kong\/#primaryimage","url":"https:\/\/www.vetorino.com\/boutique\/wp-content\/uploads\/2020\/03\/jouet-kong-classic-rouge-medium-85cm-12.jpg","contentUrl":"https:\/\/www.vetorino.com\/boutique\/wp-content\/uploads\/2020\/03\/jouet-kong-classic-rouge-medium-85cm-12.jpg","width":800,"height":800},{"@type":"BreadcrumbList","@id":"https:\/\/www.vetorino.com\/veterinaire\/susmiou-64190\/boutique\/product\/jouet-kong\/#breadcrumb","itemListElement":[{"@type":"ListItem","position":1,"name":"Accueil","item":"https:\/\/www.vetorino.com\/boutique\/"},{"@type":"ListItem","position":2,"name":"Produits","item":"https:\/\/www.vetorino.com\/boutique\/"},{"@type":"ListItem","position":3,"name":"Jouet KONG Classic pour chien"}]},{"@type":"WebSite","@id":"https:\/\/www.vetorino.com\/boutique\/#website","url":"https:\/\/www.vetorino.com\/boutique\/","name":"V\u00e9torino","description":"","publisher":{"@id":"https:\/\/www.vetorino.com\/boutique\/#organization"},"potentialAction":[{"@type":"SearchAction","target":{"@type":"EntryPoint","urlTemplate":"https:\/\/www.vetorino.com\/boutique\/?s={search_term_string}"},"query-input":{"@type":"PropertyValueSpecification","valueRequired":true,"valueName":"search_term_string"}}],"inLanguage":"fr-FR"},{"@type":"Organization","@id":"https:\/\/www.vetorino.com\/boutique\/#organization","name":"V\u00e9torino","url":"https:\/\/www.vetorino.com\/boutique\/","logo":{"@type":"ImageObject","inLanguage":"fr-FR","@id":"https:\/\/www.vetorino.com\/boutique\/#\/schema\/logo\/image\/","url":"https:\/\/www.vetorino.com\/boutique\/wp-content\/uploads\/2024\/10\/logo.jpg","contentUrl":"https:\/\/www.vetorino.com\/boutique\/wp-content\/uploads\/2024\/10\/logo.jpg","width":1200,"height":610,"caption":"V\u00e9torino"},"image":{"@id":"https:\/\/www.vetorino.com\/boutique\/#\/schema\/logo\/image\/"},"sameAs":["https:\/\/www.facebook.com\/Vetorino\/","https:\/\/www.instagram.com\/vetorino_off\/","https:\/\/www.linkedin.com\/company\/vtorino\/"]}]},"product_brand":"Kong","og_availability":"instock","product_availability":"instock","product_condition":"new"},"_links":{"self":[{"href":"https:\/\/www.vetorino.com\/veterinaire\/prunelli-di-fiumorbo-20243\/boutique\/wp-json\/wp\/v2\/product\/36690","targetHints":{"allow":["GET"]}}],"collection":[{"href":"https:\/\/www.vetorino.com\/veterinaire\/prunelli-di-fiumorbo-20243\/boutique\/wp-json\/wp\/v2\/product"}],"about":[{"href":"https:\/\/www.vetorino.com\/veterinaire\/prunelli-di-fiumorbo-20243\/boutique\/wp-json\/wp\/v2\/types\/product"}],"wp:featuredmedia":[{"embeddable":true,"href":"https:\/\/www.vetorino.com\/veterinaire\/prunelli-di-fiumorbo-20243\/boutique\/wp-json\/wp\/v2\/media\/78653"}],"wp:attachment":[{"href":"https:\/\/www.vetorino.com\/veterinaire\/prunelli-di-fiumorbo-20243\/boutique\/wp-json\/wp\/v2\/media?parent=36690"}],"wp:term":[{"taxonomy":"product_cat","embeddable":true,"href":"https:\/\/www.vetorino.com\/veterinaire\/prunelli-di-fiumorbo-20243\/boutique\/wp-json\/wp\/v2\/product_cat?post=36690"},{"taxonomy":"product_tag","embeddable":true,"href":"https:\/\/www.vetorino.com\/veterinaire\/prunelli-di-fiumorbo-20243\/boutique\/wp-json\/wp\/v2\/product_tag?post=36690"}],"curies":[{"name":"wp","href":"https:\/\/api.w.org\/{rel}","templated":true}]}}