{"id":37354,"date":"2020-03-04T23:54:12","date_gmt":"2020-03-04T22:54:12","guid":{"rendered":"https:\/\/www.vetorino.com\/boutique\/product\/specific-chat-fcd-crystal-management\/"},"modified":"2025-08-20T15:47:34","modified_gmt":"2025-08-20T13:47:34","slug":"specific-chat-fcd-crystal-management","status":"publish","type":"product","link":"https:\/\/www.vetorino.com\/veterinaire\/prunelli-di-fiumorbo-20243\/boutique\/product\/specific-chat-fcd-crystal-management\/","title":{"rendered":"FCD Crystal Management &#8211; chat"},"content":{"rendered":"<div class=\"hidden\">\n<p><strong>Alimentation \u00e9quilibr\u00e9e et compl\u00e8te adapt\u00e9e au chat adulte souffrant de calculs\u00a0de struvite ou\u00a0des affections des voies urinaires basses.<\/strong><\/p>\n<p><strong>Utilisation :<\/strong><\/p>\n<ul>\n<li>R\u00e9duction des r\u00e9cidives de calculs de struvite<\/li>\n<li>R\u00e9duction de la formation de nouveaux calculs de struvite et d\u2019oxalate de calcium<\/li>\n<li>R\u00e9duction des affections des voies urinaires basses (dont cystite idiopathique et bouchons ur\u00e9traux)<\/li>\n<li>Alimentation quotidienne du chat adulte jusqu\u2019\u00e0 l\u2019\u00e2ge de 8 ans<\/li>\n<\/ul>\n<p><strong>Contre indications :<\/strong><\/p>\n<ul>\n<li>Administration concomitante d\u2019acidifiants urinaires<\/li>\n<li>Chaton de moins de 6 mois et chatte gestante ou allaitante<\/li>\n<li>Acidose m\u00e9tabolique ou r\u00e9nale<\/li>\n<\/ul>\n<p><strong>Bienfaits essentiels :<\/strong><\/p>\n<ul>\n<li>Faibles indices RSS (Relative Super Saturation) pour les calculs de struvite et d\u2019oxalate de calcium, pour assurer respectivement une sous-saturation et une faible saturation m\u00e9tastable, afin de\u00a0<strong>minimiser le risque de formation de nouveaux calculs de struvite et d\u2019oxalate de calcium dans les urines<\/strong>.<\/li>\n<li>L\u2019aliment pr\u00e9sente des teneurs r\u00e9duites en magn\u00e9sium et en phosphore (composants des calculs de struvite), pour la\u00a0<strong>pr\u00e9vention des cristaux et calculs de struvite<\/strong>.<\/li>\n<li>Le pH urinaire inf\u00e9rieur \u00e0 6,4\u00a0<strong>participe \u00e0 la dissolution des cristaux de struvite existants et minimise le risque de pr\u00e9cipitation de nouveaux cristaux<\/strong>.<\/li>\n<li>Les ingr\u00e9dients hautement digestibles de qualit\u00e9 sup\u00e9rieure garantissent un<strong>\u00a0apport optimal de nutriments \u00e0 partir de l\u2019alimentation, tout en r\u00e9duisant le volume des selles<\/strong>.<\/li>\n<li>Les acides gras Om\u00e9ga-3 EPA et DHA (issus d\u2019huile de poisson) ont un\u00a0<strong>effet b\u00e9n\u00e9fique sur la sant\u00e9 de la peau, du pelage et des articulations<\/strong>.<\/li>\n<li>Les ingr\u00e9dients hautement digestibles et \u00e9quilibr\u00e9s fournissent aux chats adultes\u00a0<strong><strong>tous les nutriments n\u00e9cessaires pour une vie en bonne sant\u00e9.<\/strong><\/strong><\/li>\n<\/ul>\n<p><strong>Cet aliment est destin\u00e9 \u00e0 la prise en charge nutritionnelle d\u2019une maladie. Pour la sant\u00e9 de votre chat, il est recommand\u00e9 de consulter votre v\u00e9t\u00e9rinaire et de respecter scrupuleusement ses recommandations nutritionnelles.<\/strong><\/p>\n<\/div>\n","protected":false},"excerpt":{"rendered":"<div id=\"product-description-short-3366\">\n<div><strong>Alimentation \u00e9quilibr\u00e9e et compl\u00e8te adapt\u00e9e au chat adulte souffrant de calculs\u00a0de struvite ou\u00a0des affections des voies urinaires basses.<br \/>\n<br \/><\/strong><\/div>\n<p>\n<strong>Utilisation :<\/strong><\/p>\n<ul>\n<li>R\u00e9duction des r\u00e9cidives de calculs de struvite<\/li>\n<li>R\u00e9duction de la formation de nouveaux calculs de struvite et d\u2019oxalate de calcium<\/li>\n<li>R\u00e9duction des affections des voies urinaires basses (dont cystite idiopathique et bouchons ur\u00e9traux)<\/li>\n<li>Alimentation quotidienne du\u00a0chat adulte jusqu\u2019\u00e0 l\u2019\u00e2ge de 8 ans<\/li>\n<\/ul>\n<p><strong>Cet aliment est destin\u00e9 \u00e0 la prise en charge nutritionnelle d\u2019une maladie. Il est recommand\u00e9 de consulter votre v\u00e9t\u00e9rinaire.<\/strong><\/p>\n<\/div>\n","protected":false},"featured_media":1448228,"template":"","meta":[],"product_cat":[12551,12581,2697],"product_tag":[],"class_list":{"0":"post-37354","1":"product","2":"type-product","3":"status-publish","4":"has-post-thumbnail","6":"product_cat-alimentation-du-chat","7":"product_cat-alimentation-medicalisee-pour-chat","8":"product_cat-chat","9":"pa_marque-specific","11":"first","12":"instock","13":"taxable","14":"shipping-taxable","15":"purchasable","16":"product-type-variable"},"yoast_head":"<!-- This site is optimized with the Yoast SEO plugin v27.3 - https:\/\/yoast.com\/product\/yoast-seo-wordpress\/ -->\n<title>FCD Crystal Management - chat Specific - V\u00e9torino<\/title>\n<meta name=\"description\" content=\"Alimentation \u00e9quilibr\u00e9e et compl\u00e8te adapt\u00e9e au chat adulte souffrant de calculs\u00a0de struvite ou\u00a0des affections des voies urinaires basses.   Utilisation :   R\u00e9duction des r\u00e9cidives de calculs de struvite  R\u00e9duction de la formation de nouveaux calculs de struvite et d\u2019oxalate de calcium  R\u00e9duction des affections des voies urinaires basses (dont cystite idiopathique et bouchons ur\u00e9traux)  Alimentation quotidienne du\u00a0chat adulte jusqu\u2019\u00e0 l\u2019\u00e2ge de 8 ans  Cet aliment est destin\u00e9 \u00e0 la prise en charge nutritionnelle d\u2019une maladie. Il est recommand\u00e9 de consulter votre v\u00e9t\u00e9rinaire.\" \/>\n<meta name=\"robots\" content=\"noindex, nofollow\" \/>\n<meta property=\"og:locale\" content=\"fr_FR\" \/>\n<meta property=\"og:type\" content=\"article\" \/>\n<meta property=\"og:title\" content=\"FCD Crystal Management - chat Specific - V\u00e9torino\" \/>\n<meta property=\"og:description\" content=\"Alimentation \u00e9quilibr\u00e9e et compl\u00e8te adapt\u00e9e au chat adulte souffrant de calculs\u00a0de struvite ou\u00a0des affections des voies urinaires basses.   Utilisation :   R\u00e9duction des r\u00e9cidives de calculs de struvite  R\u00e9duction de la formation de nouveaux calculs de struvite et d\u2019oxalate de calcium  R\u00e9duction des affections des voies urinaires basses (dont cystite idiopathique et bouchons ur\u00e9traux)  Alimentation quotidienne du\u00a0chat adulte jusqu\u2019\u00e0 l\u2019\u00e2ge de 8 ans  Cet aliment est destin\u00e9 \u00e0 la prise en charge nutritionnelle d\u2019une maladie. Il est recommand\u00e9 de consulter votre v\u00e9t\u00e9rinaire.\" \/>\n<meta property=\"og:url\" content=\"https:\/\/www.vetorino.com\/veterinaire\/prunelli-di-fiumorbo-20243\/boutique\/product\/specific-chat-fcd-crystal-management\/\" \/>\n<meta property=\"og:site_name\" content=\"V\u00e9torino\" \/>\n<meta property=\"article:publisher\" content=\"https:\/\/www.facebook.com\/Vetorino\/\" \/>\n<meta property=\"article:modified_time\" content=\"2025-08-20T13:47:34+00:00\" \/>\n<meta property=\"og:image\" content=\"https:\/\/www.vetorino.com\/boutique\/wp-content\/uploads\/2020\/06\/chat-fcd-crystal-management.webp\" \/>\n\t<meta property=\"og:image:width\" content=\"800\" \/>\n\t<meta property=\"og:image:height\" content=\"800\" \/>\n\t<meta property=\"og:image:type\" content=\"image\/webp\" \/>\n<meta name=\"twitter:card\" content=\"summary_large_image\" \/>\n<meta name=\"twitter:label1\" content=\"Disponibilit\u00e9\" \/>\n\t<meta name=\"twitter:data1\" content=\"En stock\" \/>\n<script type=\"application\/ld+json\" class=\"yoast-schema-graph\">{\"@context\":\"https:\\\/\\\/schema.org\",\"@graph\":[{\"@type\":\"WebPage\",\"@id\":\"https:\\\/\\\/www.vetorino.com\\\/boutique\\\/product\\\/specific-chat-fcd-crystal-management\\\/\",\"url\":\"https:\\\/\\\/www.vetorino.com\\\/boutique\\\/product\\\/specific-chat-fcd-crystal-management\\\/\",\"name\":\"FCD Crystal Management - chat Specific - V\u00e9torino\",\"isPartOf\":{\"@id\":\"https:\\\/\\\/www.vetorino.com\\\/boutique\\\/#website\"},\"primaryImageOfPage\":{\"@id\":\"https:\\\/\\\/www.vetorino.com\\\/boutique\\\/product\\\/specific-chat-fcd-crystal-management\\\/#primaryimage\"},\"image\":{\"@id\":\"https:\\\/\\\/www.vetorino.com\\\/boutique\\\/product\\\/specific-chat-fcd-crystal-management\\\/#primaryimage\"},\"thumbnailUrl\":\"https:\\\/\\\/www.vetorino.com\\\/boutique\\\/wp-content\\\/uploads\\\/2020\\\/06\\\/chat-fcd-crystal-management.webp\",\"datePublished\":\"2020-03-04T22:54:12+00:00\",\"dateModified\":\"2025-08-20T13:47:34+00:00\",\"description\":\"Alimentation \u00e9quilibr\u00e9e et compl\u00e8te adapt\u00e9e au chat adulte souffrant de calculs\u00a0de struvite ou\u00a0des affections des voies urinaires basses. Utilisation : R\u00e9duction des r\u00e9cidives de calculs de struvite R\u00e9duction de la formation de nouveaux calculs de struvite et d\u2019oxalate de calcium R\u00e9duction des affections des voies urinaires basses (dont cystite idiopathique et bouchons ur\u00e9traux) Alimentation quotidienne du\u00a0chat adulte jusqu\u2019\u00e0 l\u2019\u00e2ge de 8 ans Cet aliment est destin\u00e9 \u00e0 la prise en charge nutritionnelle d\u2019une maladie. Il est recommand\u00e9 de consulter votre v\u00e9t\u00e9rinaire.\",\"breadcrumb\":{\"@id\":\"https:\\\/\\\/www.vetorino.com\\\/boutique\\\/product\\\/specific-chat-fcd-crystal-management\\\/#breadcrumb\"},\"inLanguage\":\"fr-FR\",\"potentialAction\":[{\"@type\":\"ReadAction\",\"target\":[\"https:\\\/\\\/www.vetorino.com\\\/boutique\\\/product\\\/specific-chat-fcd-crystal-management\\\/\"]}]},{\"@type\":\"ImageObject\",\"inLanguage\":\"fr-FR\",\"@id\":\"https:\\\/\\\/www.vetorino.com\\\/boutique\\\/product\\\/specific-chat-fcd-crystal-management\\\/#primaryimage\",\"url\":\"https:\\\/\\\/www.vetorino.com\\\/boutique\\\/wp-content\\\/uploads\\\/2020\\\/06\\\/chat-fcd-crystal-management.webp\",\"contentUrl\":\"https:\\\/\\\/www.vetorino.com\\\/boutique\\\/wp-content\\\/uploads\\\/2020\\\/06\\\/chat-fcd-crystal-management.webp\",\"width\":800,\"height\":800},{\"@type\":\"BreadcrumbList\",\"@id\":\"https:\\\/\\\/www.vetorino.com\\\/boutique\\\/product\\\/specific-chat-fcd-crystal-management\\\/#breadcrumb\",\"itemListElement\":[{\"@type\":\"ListItem\",\"position\":1,\"name\":\"Accueil\",\"item\":\"https:\\\/\\\/www.vetorino.com\\\/boutique\\\/\"},{\"@type\":\"ListItem\",\"position\":2,\"name\":\"Produits\",\"item\":\"https:\\\/\\\/www.vetorino.com\\\/boutique\\\/\"},{\"@type\":\"ListItem\",\"position\":3,\"name\":\"FCD Crystal Management &#8211; chat\"}]},{\"@type\":\"WebSite\",\"@id\":\"https:\\\/\\\/www.vetorino.com\\\/boutique\\\/#website\",\"url\":\"https:\\\/\\\/www.vetorino.com\\\/boutique\\\/\",\"name\":\"V\u00e9torino\",\"description\":\"\",\"publisher\":{\"@id\":\"https:\\\/\\\/www.vetorino.com\\\/boutique\\\/#organization\"},\"potentialAction\":[{\"@type\":\"SearchAction\",\"target\":{\"@type\":\"EntryPoint\",\"urlTemplate\":\"https:\\\/\\\/www.vetorino.com\\\/boutique\\\/?s={search_term_string}\"},\"query-input\":{\"@type\":\"PropertyValueSpecification\",\"valueRequired\":true,\"valueName\":\"search_term_string\"}}],\"inLanguage\":\"fr-FR\"},{\"@type\":\"Organization\",\"@id\":\"https:\\\/\\\/www.vetorino.com\\\/boutique\\\/#organization\",\"name\":\"V\u00e9torino\",\"url\":\"https:\\\/\\\/www.vetorino.com\\\/boutique\\\/\",\"logo\":{\"@type\":\"ImageObject\",\"inLanguage\":\"fr-FR\",\"@id\":\"https:\\\/\\\/www.vetorino.com\\\/boutique\\\/#\\\/schema\\\/logo\\\/image\\\/\",\"url\":\"https:\\\/\\\/www.vetorino.com\\\/boutique\\\/wp-content\\\/uploads\\\/2024\\\/10\\\/logo.jpg\",\"contentUrl\":\"https:\\\/\\\/www.vetorino.com\\\/boutique\\\/wp-content\\\/uploads\\\/2024\\\/10\\\/logo.jpg\",\"width\":1200,\"height\":610,\"caption\":\"V\u00e9torino\"},\"image\":{\"@id\":\"https:\\\/\\\/www.vetorino.com\\\/boutique\\\/#\\\/schema\\\/logo\\\/image\\\/\"},\"sameAs\":[\"https:\\\/\\\/www.facebook.com\\\/Vetorino\\\/\",\"https:\\\/\\\/www.instagram.com\\\/vetorino_off\\\/\",\"https:\\\/\\\/www.linkedin.com\\\/company\\\/vtorino\\\/\"]}]}<\/script>\n<meta property=\"product:brand\" content=\"Specific\" \/>\n<meta property=\"og:availability\" content=\"instock\" \/>\n<meta property=\"product:availability\" content=\"instock\" \/>\n<meta property=\"product:condition\" content=\"new\" \/>\n<!-- \/ Yoast SEO plugin. -->","yoast_head_json":{"title":"FCD Crystal Management - chat Specific - V\u00e9torino","description":"Alimentation \u00e9quilibr\u00e9e et compl\u00e8te adapt\u00e9e au chat adulte souffrant de calculs\u00a0de struvite ou\u00a0des affections des voies urinaires basses.   Utilisation :   R\u00e9duction des r\u00e9cidives de calculs de struvite  R\u00e9duction de la formation de nouveaux calculs de struvite et d\u2019oxalate de calcium  R\u00e9duction des affections des voies urinaires basses (dont cystite idiopathique et bouchons ur\u00e9traux)  Alimentation quotidienne du\u00a0chat adulte jusqu\u2019\u00e0 l\u2019\u00e2ge de 8 ans  Cet aliment est destin\u00e9 \u00e0 la prise en charge nutritionnelle d\u2019une maladie. Il est recommand\u00e9 de consulter votre v\u00e9t\u00e9rinaire.","robots":{"index":"noindex","follow":"nofollow"},"og_locale":"fr_FR","og_type":"article","og_title":"FCD Crystal Management - chat Specific - V\u00e9torino","og_description":"Alimentation \u00e9quilibr\u00e9e et compl\u00e8te adapt\u00e9e au chat adulte souffrant de calculs\u00a0de struvite ou\u00a0des affections des voies urinaires basses.   Utilisation :   R\u00e9duction des r\u00e9cidives de calculs de struvite  R\u00e9duction de la formation de nouveaux calculs de struvite et d\u2019oxalate de calcium  R\u00e9duction des affections des voies urinaires basses (dont cystite idiopathique et bouchons ur\u00e9traux)  Alimentation quotidienne du\u00a0chat adulte jusqu\u2019\u00e0 l\u2019\u00e2ge de 8 ans  Cet aliment est destin\u00e9 \u00e0 la prise en charge nutritionnelle d\u2019une maladie. Il est recommand\u00e9 de consulter votre v\u00e9t\u00e9rinaire.","og_url":"https:\/\/www.vetorino.com\/veterinaire\/prunelli-di-fiumorbo-20243\/boutique\/product\/specific-chat-fcd-crystal-management\/","og_site_name":"V\u00e9torino","article_publisher":"https:\/\/www.facebook.com\/Vetorino\/","article_modified_time":"2025-08-20T13:47:34+00:00","og_image":[{"width":800,"height":800,"url":"https:\/\/www.vetorino.com\/boutique\/wp-content\/uploads\/2020\/06\/chat-fcd-crystal-management.webp","type":"image\/webp"}],"twitter_card":"summary_large_image","twitter_misc":{"Disponibilit\u00e9":"En stock"},"schema":{"@context":"https:\/\/schema.org","@graph":[{"@type":"WebPage","@id":"https:\/\/www.vetorino.com\/boutique\/product\/specific-chat-fcd-crystal-management\/","url":"https:\/\/www.vetorino.com\/boutique\/product\/specific-chat-fcd-crystal-management\/","name":"FCD Crystal Management - chat Specific - V\u00e9torino","isPartOf":{"@id":"https:\/\/www.vetorino.com\/boutique\/#website"},"primaryImageOfPage":{"@id":"https:\/\/www.vetorino.com\/boutique\/product\/specific-chat-fcd-crystal-management\/#primaryimage"},"image":{"@id":"https:\/\/www.vetorino.com\/boutique\/product\/specific-chat-fcd-crystal-management\/#primaryimage"},"thumbnailUrl":"https:\/\/www.vetorino.com\/boutique\/wp-content\/uploads\/2020\/06\/chat-fcd-crystal-management.webp","datePublished":"2020-03-04T22:54:12+00:00","dateModified":"2025-08-20T13:47:34+00:00","description":"Alimentation \u00e9quilibr\u00e9e et compl\u00e8te adapt\u00e9e au chat adulte souffrant de calculs\u00a0de struvite ou\u00a0des affections des voies urinaires basses. Utilisation : R\u00e9duction des r\u00e9cidives de calculs de struvite R\u00e9duction de la formation de nouveaux calculs de struvite et d\u2019oxalate de calcium R\u00e9duction des affections des voies urinaires basses (dont cystite idiopathique et bouchons ur\u00e9traux) Alimentation quotidienne du\u00a0chat adulte jusqu\u2019\u00e0 l\u2019\u00e2ge de 8 ans Cet aliment est destin\u00e9 \u00e0 la prise en charge nutritionnelle d\u2019une maladie. Il est recommand\u00e9 de consulter votre v\u00e9t\u00e9rinaire.","breadcrumb":{"@id":"https:\/\/www.vetorino.com\/boutique\/product\/specific-chat-fcd-crystal-management\/#breadcrumb"},"inLanguage":"fr-FR","potentialAction":[{"@type":"ReadAction","target":["https:\/\/www.vetorino.com\/boutique\/product\/specific-chat-fcd-crystal-management\/"]}]},{"@type":"ImageObject","inLanguage":"fr-FR","@id":"https:\/\/www.vetorino.com\/boutique\/product\/specific-chat-fcd-crystal-management\/#primaryimage","url":"https:\/\/www.vetorino.com\/boutique\/wp-content\/uploads\/2020\/06\/chat-fcd-crystal-management.webp","contentUrl":"https:\/\/www.vetorino.com\/boutique\/wp-content\/uploads\/2020\/06\/chat-fcd-crystal-management.webp","width":800,"height":800},{"@type":"BreadcrumbList","@id":"https:\/\/www.vetorino.com\/boutique\/product\/specific-chat-fcd-crystal-management\/#breadcrumb","itemListElement":[{"@type":"ListItem","position":1,"name":"Accueil","item":"https:\/\/www.vetorino.com\/boutique\/"},{"@type":"ListItem","position":2,"name":"Produits","item":"https:\/\/www.vetorino.com\/boutique\/"},{"@type":"ListItem","position":3,"name":"FCD Crystal Management &#8211; chat"}]},{"@type":"WebSite","@id":"https:\/\/www.vetorino.com\/boutique\/#website","url":"https:\/\/www.vetorino.com\/boutique\/","name":"V\u00e9torino","description":"","publisher":{"@id":"https:\/\/www.vetorino.com\/boutique\/#organization"},"potentialAction":[{"@type":"SearchAction","target":{"@type":"EntryPoint","urlTemplate":"https:\/\/www.vetorino.com\/boutique\/?s={search_term_string}"},"query-input":{"@type":"PropertyValueSpecification","valueRequired":true,"valueName":"search_term_string"}}],"inLanguage":"fr-FR"},{"@type":"Organization","@id":"https:\/\/www.vetorino.com\/boutique\/#organization","name":"V\u00e9torino","url":"https:\/\/www.vetorino.com\/boutique\/","logo":{"@type":"ImageObject","inLanguage":"fr-FR","@id":"https:\/\/www.vetorino.com\/boutique\/#\/schema\/logo\/image\/","url":"https:\/\/www.vetorino.com\/boutique\/wp-content\/uploads\/2024\/10\/logo.jpg","contentUrl":"https:\/\/www.vetorino.com\/boutique\/wp-content\/uploads\/2024\/10\/logo.jpg","width":1200,"height":610,"caption":"V\u00e9torino"},"image":{"@id":"https:\/\/www.vetorino.com\/boutique\/#\/schema\/logo\/image\/"},"sameAs":["https:\/\/www.facebook.com\/Vetorino\/","https:\/\/www.instagram.com\/vetorino_off\/","https:\/\/www.linkedin.com\/company\/vtorino\/"]}]},"product_brand":"Specific","og_availability":"instock","product_availability":"instock","product_condition":"new"},"_links":{"self":[{"href":"https:\/\/www.vetorino.com\/veterinaire\/prunelli-di-fiumorbo-20243\/boutique\/wp-json\/wp\/v2\/product\/37354","targetHints":{"allow":["GET"]}}],"collection":[{"href":"https:\/\/www.vetorino.com\/veterinaire\/prunelli-di-fiumorbo-20243\/boutique\/wp-json\/wp\/v2\/product"}],"about":[{"href":"https:\/\/www.vetorino.com\/veterinaire\/prunelli-di-fiumorbo-20243\/boutique\/wp-json\/wp\/v2\/types\/product"}],"wp:featuredmedia":[{"embeddable":true,"href":"https:\/\/www.vetorino.com\/veterinaire\/prunelli-di-fiumorbo-20243\/boutique\/wp-json\/wp\/v2\/media\/1448228"}],"wp:attachment":[{"href":"https:\/\/www.vetorino.com\/veterinaire\/prunelli-di-fiumorbo-20243\/boutique\/wp-json\/wp\/v2\/media?parent=37354"}],"wp:term":[{"taxonomy":"product_cat","embeddable":true,"href":"https:\/\/www.vetorino.com\/veterinaire\/prunelli-di-fiumorbo-20243\/boutique\/wp-json\/wp\/v2\/product_cat?post=37354"},{"taxonomy":"product_tag","embeddable":true,"href":"https:\/\/www.vetorino.com\/veterinaire\/prunelli-di-fiumorbo-20243\/boutique\/wp-json\/wp\/v2\/product_tag?post=37354"}],"curies":[{"name":"wp","href":"https:\/\/api.w.org\/{rel}","templated":true}]}}