{"id":37359,"date":"2020-03-04T23:54:14","date_gmt":"2020-03-04T22:54:14","guid":{"rendered":"https:\/\/www.vetorino.com\/boutique\/product\/specific-chat-fcd-crystal-management-light\/"},"modified":"2025-08-20T15:55:35","modified_gmt":"2025-08-20T13:55:35","slug":"specific-chat-fcd-crystal-management-light","status":"publish","type":"product","link":"https:\/\/www.vetorino.com\/veterinaire\/prunelli-di-fiumorbo-20243\/boutique\/product\/specific-chat-fcd-crystal-management-light\/","title":{"rendered":"FCD-L Crystal Management Light &#8211; chat"},"content":{"rendered":"<div class=\"row\">\n<div class=\"col-12 mdc_product_right_col\">\n<div class=\"product-information\">\n<div class=\"tabs product-tabs visible--desktop\">\n<div id=\"tab-content\" class=\"tab-content\">\n<div id=\"description\" class=\"tab-pane fade active show\" role=\"tabpanel\">\n<div class=\"product-description\">\n<p><strong>Aliment di\u00e9t\u00e9tique complet pour la r\u00e9duction de la formation r\u00e9cidivante <\/strong><strong>de calculs de struvite et les affections des voies basses urinaires chez le chat adulte.<\/strong><\/p>\n<p><strong>Utilisation :<\/strong><\/p>\n<ul>\n<li>R\u00e9duction des r\u00e9cidives d\u2019urolithiases \u00e0 struvite chez le chat en surpoids ou qui a tendance \u00e0 prendre du poids<\/li>\n<li>R\u00e9duction de la formation de nouveaux calculs de struvite et d\u2019oxalate de calcium<\/li>\n<li>R\u00e9duction des affections des voies urinaires basses (dont cystite idiopathique et bouchons ur\u00e9traux)<\/li>\n<li>Convient au chat adulte s\u00e9dentaire et au chat ayant tendance \u00e0 prendre du poids.<\/li>\n<\/ul>\n<p><strong>Contre indications :<\/strong><\/p>\n<ul>\n<li>Administration concomitante d\u2019acidifiants urinaires<\/li>\n<li>Chaton de moins de 6 mois et chatte gestante ou allaitante<\/li>\n<li>Acidose m\u00e9tabolique ou r\u00e9nale<\/li>\n<\/ul>\n<p><strong>Bienfaits essentiels :<\/strong><\/p>\n<ul>\n<li>Faibles indices RSS (Relative Super Saturation) pour les calculs de struvite et d\u2019oxalate de calcium, pour assurer respectivement une sous-saturation et une faible saturation m\u00e9tastable, afin de <strong>minimiser le risque de formation de nouveaux calculs de struvite et d\u2019oxalate de calcium dans les urines<\/strong>.<\/li>\n<li>L\u2019aliment pr\u00e9sente des teneurs r\u00e9duites en magn\u00e9sium et en phosphore (composants des calculs de struvite), pour la <strong>pr\u00e9vention des cristaux et calculs de struvite<\/strong>.<\/li>\n<li>Le pH urinaire inf\u00e9rieur \u00e0 6,4 <strong>participe \u00e0 la dissolution des cristaux de struvite existants et minimise le risque de pr\u00e9cipitation de nouveaux cristaux<\/strong>.<\/li>\n<li>Aliment complet et \u00e9quilibr\u00e9, compos\u00e9 d\u2019<strong>ingr\u00e9dients hautement digestibles de qualit\u00e9 sup\u00e9rieure<\/strong>, pour couvrir le besoin en nutriments des chats adultes. Gr\u00e2ce \u00e0 sa densit\u00e9 \u00e9nerg\u00e9tique mod\u00e9r\u00e9e, cet aliment <strong>aide le chat \u00e0 conserver son poids optimal<\/strong>.<\/li>\n<li>Les acides gras Om\u00e9ga-3 EPA et DHA (issus d\u2019huile de poisson) ont un <strong>effet b\u00e9n\u00e9fique sur la sant\u00e9 de la peau, du pelage et des articulations<\/strong>.<\/li>\n<li>L\u2019aliment contient des t\u00e9guments de graines de Plantago psyllium et de la pulpe de betterave pour le <strong>soutien du tractus gastro-intestinal.<\/strong><\/li>\n<\/ul>\n<p><strong>Cet aliment est destin\u00e9 \u00e0 la prise en charge nutritionnelle d\u2019une maladie. Pour la sant\u00e9 de votre chat, il est recommand\u00e9 de consulter votre v\u00e9t\u00e9rinaire et de respecter scrupuleusement ses recommandations nutritionnelles.<\/strong><\/p>\n<\/div>\n<\/div>\n<\/div>\n<\/div>\n<\/div>\n<\/div>\n<\/div>\n","protected":false},"excerpt":{"rendered":"<div>\n<div><strong>Aliment di\u00e9t\u00e9tique complet pour la r\u00e9duction de la formation r\u00e9cidivante de calculs de struvite et les affections des voies basses urinaires chez le chat adulte.<\/strong><\/div>\n<\/div>\n<p><strong>Utilisation :<\/strong><\/p>\n<ul>\n<li>R\u00e9duction des r\u00e9cidives d\u2019urolithiases \u00e0 struvite chez le chat en surpoids ou qui\u00a0a\u00a0tendance \u00e0 prendre du poids<\/li>\n<li>R\u00e9duction de la formation de nouveaux calculs de struvite et d\u2019oxalate de calcium<\/li>\n<li>R\u00e9duction des affections des voies urinaires basses (dont cystite idiopathique et bouchons ur\u00e9traux)<\/li>\n<li>Convient au chat adulte s\u00e9dentaire et au chat ayant tendance \u00e0 prendre du poids.<\/li>\n<\/ul>\n<p><strong>Cet aliment est destin\u00e9 \u00e0 la prise en charge nutritionnelle d\u2019une maladie. Il est recommand\u00e9 de consulter votre v\u00e9t\u00e9rinaire.<\/strong><\/p>\n","protected":false},"featured_media":1449209,"template":"","meta":[],"product_cat":[12551,12581,2697],"product_tag":[],"class_list":{"0":"post-37359","1":"product","2":"type-product","3":"status-publish","4":"has-post-thumbnail","6":"product_cat-alimentation-du-chat","7":"product_cat-alimentation-medicalisee-pour-chat","8":"product_cat-chat","9":"pa_marque-specific","11":"first","12":"instock","13":"taxable","14":"shipping-taxable","15":"purchasable","16":"product-type-variable"},"yoast_head":"<!-- This site is optimized with the Yoast SEO plugin v27.3 - https:\/\/yoast.com\/product\/yoast-seo-wordpress\/ -->\n<title>FCD-L Crystal Management Light - chat Specific - V\u00e9torino<\/title>\n<meta name=\"description\" content=\"Aliment di\u00e9t\u00e9tique complet pour la r\u00e9duction de la formation r\u00e9cidivante de calculs de struvite et les affections des voies basses urinaires chez le chat adulte.  Utilisation :   R\u00e9duction des r\u00e9cidives d\u2019urolithiases \u00e0 struvite chez le chat en surpoids ou qui\u00a0a\u00a0tendance \u00e0 prendre du poids  R\u00e9duction de la formation de nouveaux calculs de struvite et d\u2019oxalate de calcium  R\u00e9duction des affections des voies urinaires basses (dont cystite idiopathique et bouchons ur\u00e9traux)  Convient au chat adulte s\u00e9dentaire et au chat ayant tendance \u00e0 prendre du poids.  Cet aliment est destin\u00e9 \u00e0 la prise en charge nutritionnelle d\u2019une maladie. Il est recommand\u00e9 de consulter votre v\u00e9t\u00e9rinaire.\" \/>\n<meta name=\"robots\" content=\"noindex, nofollow\" \/>\n<meta property=\"og:locale\" content=\"fr_FR\" \/>\n<meta property=\"og:type\" content=\"article\" \/>\n<meta property=\"og:title\" content=\"FCD-L Crystal Management Light - chat Specific - V\u00e9torino\" \/>\n<meta property=\"og:description\" content=\"Aliment di\u00e9t\u00e9tique complet pour la r\u00e9duction de la formation r\u00e9cidivante de calculs de struvite et les affections des voies basses urinaires chez le chat adulte.  Utilisation :   R\u00e9duction des r\u00e9cidives d\u2019urolithiases \u00e0 struvite chez le chat en surpoids ou qui\u00a0a\u00a0tendance \u00e0 prendre du poids  R\u00e9duction de la formation de nouveaux calculs de struvite et d\u2019oxalate de calcium  R\u00e9duction des affections des voies urinaires basses (dont cystite idiopathique et bouchons ur\u00e9traux)  Convient au chat adulte s\u00e9dentaire et au chat ayant tendance \u00e0 prendre du poids.  Cet aliment est destin\u00e9 \u00e0 la prise en charge nutritionnelle d\u2019une maladie. Il est recommand\u00e9 de consulter votre v\u00e9t\u00e9rinaire.\" \/>\n<meta property=\"og:url\" content=\"https:\/\/www.vetorino.com\/veterinaire\/prunelli-di-fiumorbo-20243\/boutique\/product\/specific-chat-fcd-crystal-management-light\/\" \/>\n<meta property=\"og:site_name\" content=\"V\u00e9torino\" \/>\n<meta property=\"article:publisher\" content=\"https:\/\/www.facebook.com\/Vetorino\/\" \/>\n<meta property=\"article:modified_time\" content=\"2025-08-20T13:55:35+00:00\" \/>\n<meta property=\"og:image\" content=\"https:\/\/www.vetorino.com\/boutique\/wp-content\/uploads\/2020\/06\/chat-fcd-l-crystal-management-light.webp\" \/>\n\t<meta property=\"og:image:width\" content=\"800\" \/>\n\t<meta property=\"og:image:height\" content=\"800\" \/>\n\t<meta property=\"og:image:type\" content=\"image\/webp\" \/>\n<meta name=\"twitter:card\" content=\"summary_large_image\" \/>\n<meta name=\"twitter:label1\" content=\"Disponibilit\u00e9\" \/>\n\t<meta name=\"twitter:data1\" content=\"En stock\" \/>\n<script type=\"application\/ld+json\" class=\"yoast-schema-graph\">{\"@context\":\"https:\\\/\\\/schema.org\",\"@graph\":[{\"@type\":\"WebPage\",\"@id\":\"https:\\\/\\\/www.vetorino.com\\\/boutique\\\/product\\\/specific-chat-fcd-crystal-management-light\\\/\",\"url\":\"https:\\\/\\\/www.vetorino.com\\\/boutique\\\/product\\\/specific-chat-fcd-crystal-management-light\\\/\",\"name\":\"FCD-L Crystal Management Light - chat Specific - V\u00e9torino\",\"isPartOf\":{\"@id\":\"https:\\\/\\\/www.vetorino.com\\\/boutique\\\/#website\"},\"primaryImageOfPage\":{\"@id\":\"https:\\\/\\\/www.vetorino.com\\\/boutique\\\/product\\\/specific-chat-fcd-crystal-management-light\\\/#primaryimage\"},\"image\":{\"@id\":\"https:\\\/\\\/www.vetorino.com\\\/boutique\\\/product\\\/specific-chat-fcd-crystal-management-light\\\/#primaryimage\"},\"thumbnailUrl\":\"https:\\\/\\\/www.vetorino.com\\\/boutique\\\/wp-content\\\/uploads\\\/2020\\\/06\\\/chat-fcd-l-crystal-management-light.webp\",\"datePublished\":\"2020-03-04T22:54:14+00:00\",\"dateModified\":\"2025-08-20T13:55:35+00:00\",\"description\":\"Aliment di\u00e9t\u00e9tique complet pour la r\u00e9duction de la formation r\u00e9cidivante de calculs de struvite et les affections des voies basses urinaires chez le chat adulte. Utilisation : R\u00e9duction des r\u00e9cidives d\u2019urolithiases \u00e0 struvite chez le chat en surpoids ou qui\u00a0a\u00a0tendance \u00e0 prendre du poids R\u00e9duction de la formation de nouveaux calculs de struvite et d\u2019oxalate de calcium R\u00e9duction des affections des voies urinaires basses (dont cystite idiopathique et bouchons ur\u00e9traux) Convient au chat adulte s\u00e9dentaire et au chat ayant tendance \u00e0 prendre du poids. Cet aliment est destin\u00e9 \u00e0 la prise en charge nutritionnelle d\u2019une maladie. Il est recommand\u00e9 de consulter votre v\u00e9t\u00e9rinaire.\",\"breadcrumb\":{\"@id\":\"https:\\\/\\\/www.vetorino.com\\\/boutique\\\/product\\\/specific-chat-fcd-crystal-management-light\\\/#breadcrumb\"},\"inLanguage\":\"fr-FR\",\"potentialAction\":[{\"@type\":\"ReadAction\",\"target\":[\"https:\\\/\\\/www.vetorino.com\\\/boutique\\\/product\\\/specific-chat-fcd-crystal-management-light\\\/\"]}]},{\"@type\":\"ImageObject\",\"inLanguage\":\"fr-FR\",\"@id\":\"https:\\\/\\\/www.vetorino.com\\\/boutique\\\/product\\\/specific-chat-fcd-crystal-management-light\\\/#primaryimage\",\"url\":\"https:\\\/\\\/www.vetorino.com\\\/boutique\\\/wp-content\\\/uploads\\\/2020\\\/06\\\/chat-fcd-l-crystal-management-light.webp\",\"contentUrl\":\"https:\\\/\\\/www.vetorino.com\\\/boutique\\\/wp-content\\\/uploads\\\/2020\\\/06\\\/chat-fcd-l-crystal-management-light.webp\",\"width\":800,\"height\":800},{\"@type\":\"BreadcrumbList\",\"@id\":\"https:\\\/\\\/www.vetorino.com\\\/boutique\\\/product\\\/specific-chat-fcd-crystal-management-light\\\/#breadcrumb\",\"itemListElement\":[{\"@type\":\"ListItem\",\"position\":1,\"name\":\"Accueil\",\"item\":\"https:\\\/\\\/www.vetorino.com\\\/boutique\\\/\"},{\"@type\":\"ListItem\",\"position\":2,\"name\":\"Produits\",\"item\":\"https:\\\/\\\/www.vetorino.com\\\/boutique\\\/\"},{\"@type\":\"ListItem\",\"position\":3,\"name\":\"FCD-L Crystal Management Light &#8211; chat\"}]},{\"@type\":\"WebSite\",\"@id\":\"https:\\\/\\\/www.vetorino.com\\\/boutique\\\/#website\",\"url\":\"https:\\\/\\\/www.vetorino.com\\\/boutique\\\/\",\"name\":\"V\u00e9torino\",\"description\":\"\",\"publisher\":{\"@id\":\"https:\\\/\\\/www.vetorino.com\\\/boutique\\\/#organization\"},\"potentialAction\":[{\"@type\":\"SearchAction\",\"target\":{\"@type\":\"EntryPoint\",\"urlTemplate\":\"https:\\\/\\\/www.vetorino.com\\\/boutique\\\/?s={search_term_string}\"},\"query-input\":{\"@type\":\"PropertyValueSpecification\",\"valueRequired\":true,\"valueName\":\"search_term_string\"}}],\"inLanguage\":\"fr-FR\"},{\"@type\":\"Organization\",\"@id\":\"https:\\\/\\\/www.vetorino.com\\\/boutique\\\/#organization\",\"name\":\"V\u00e9torino\",\"url\":\"https:\\\/\\\/www.vetorino.com\\\/boutique\\\/\",\"logo\":{\"@type\":\"ImageObject\",\"inLanguage\":\"fr-FR\",\"@id\":\"https:\\\/\\\/www.vetorino.com\\\/boutique\\\/#\\\/schema\\\/logo\\\/image\\\/\",\"url\":\"https:\\\/\\\/www.vetorino.com\\\/boutique\\\/wp-content\\\/uploads\\\/2024\\\/10\\\/logo.jpg\",\"contentUrl\":\"https:\\\/\\\/www.vetorino.com\\\/boutique\\\/wp-content\\\/uploads\\\/2024\\\/10\\\/logo.jpg\",\"width\":1200,\"height\":610,\"caption\":\"V\u00e9torino\"},\"image\":{\"@id\":\"https:\\\/\\\/www.vetorino.com\\\/boutique\\\/#\\\/schema\\\/logo\\\/image\\\/\"},\"sameAs\":[\"https:\\\/\\\/www.facebook.com\\\/Vetorino\\\/\",\"https:\\\/\\\/www.instagram.com\\\/vetorino_off\\\/\",\"https:\\\/\\\/www.linkedin.com\\\/company\\\/vtorino\\\/\"]}]}<\/script>\n<meta property=\"product:brand\" content=\"Specific\" \/>\n<meta property=\"og:availability\" content=\"instock\" \/>\n<meta property=\"product:availability\" content=\"instock\" \/>\n<meta property=\"product:condition\" content=\"new\" \/>\n<!-- \/ Yoast SEO plugin. -->","yoast_head_json":{"title":"FCD-L Crystal Management Light - chat Specific - V\u00e9torino","description":"Aliment di\u00e9t\u00e9tique complet pour la r\u00e9duction de la formation r\u00e9cidivante de calculs de struvite et les affections des voies basses urinaires chez le chat adulte.  Utilisation :   R\u00e9duction des r\u00e9cidives d\u2019urolithiases \u00e0 struvite chez le chat en surpoids ou qui\u00a0a\u00a0tendance \u00e0 prendre du poids  R\u00e9duction de la formation de nouveaux calculs de struvite et d\u2019oxalate de calcium  R\u00e9duction des affections des voies urinaires basses (dont cystite idiopathique et bouchons ur\u00e9traux)  Convient au chat adulte s\u00e9dentaire et au chat ayant tendance \u00e0 prendre du poids.  Cet aliment est destin\u00e9 \u00e0 la prise en charge nutritionnelle d\u2019une maladie. Il est recommand\u00e9 de consulter votre v\u00e9t\u00e9rinaire.","robots":{"index":"noindex","follow":"nofollow"},"og_locale":"fr_FR","og_type":"article","og_title":"FCD-L Crystal Management Light - chat Specific - V\u00e9torino","og_description":"Aliment di\u00e9t\u00e9tique complet pour la r\u00e9duction de la formation r\u00e9cidivante de calculs de struvite et les affections des voies basses urinaires chez le chat adulte.  Utilisation :   R\u00e9duction des r\u00e9cidives d\u2019urolithiases \u00e0 struvite chez le chat en surpoids ou qui\u00a0a\u00a0tendance \u00e0 prendre du poids  R\u00e9duction de la formation de nouveaux calculs de struvite et d\u2019oxalate de calcium  R\u00e9duction des affections des voies urinaires basses (dont cystite idiopathique et bouchons ur\u00e9traux)  Convient au chat adulte s\u00e9dentaire et au chat ayant tendance \u00e0 prendre du poids.  Cet aliment est destin\u00e9 \u00e0 la prise en charge nutritionnelle d\u2019une maladie. Il est recommand\u00e9 de consulter votre v\u00e9t\u00e9rinaire.","og_url":"https:\/\/www.vetorino.com\/veterinaire\/prunelli-di-fiumorbo-20243\/boutique\/product\/specific-chat-fcd-crystal-management-light\/","og_site_name":"V\u00e9torino","article_publisher":"https:\/\/www.facebook.com\/Vetorino\/","article_modified_time":"2025-08-20T13:55:35+00:00","og_image":[{"width":800,"height":800,"url":"https:\/\/www.vetorino.com\/boutique\/wp-content\/uploads\/2020\/06\/chat-fcd-l-crystal-management-light.webp","type":"image\/webp"}],"twitter_card":"summary_large_image","twitter_misc":{"Disponibilit\u00e9":"En stock"},"schema":{"@context":"https:\/\/schema.org","@graph":[{"@type":"WebPage","@id":"https:\/\/www.vetorino.com\/boutique\/product\/specific-chat-fcd-crystal-management-light\/","url":"https:\/\/www.vetorino.com\/boutique\/product\/specific-chat-fcd-crystal-management-light\/","name":"FCD-L Crystal Management Light - chat Specific - V\u00e9torino","isPartOf":{"@id":"https:\/\/www.vetorino.com\/boutique\/#website"},"primaryImageOfPage":{"@id":"https:\/\/www.vetorino.com\/boutique\/product\/specific-chat-fcd-crystal-management-light\/#primaryimage"},"image":{"@id":"https:\/\/www.vetorino.com\/boutique\/product\/specific-chat-fcd-crystal-management-light\/#primaryimage"},"thumbnailUrl":"https:\/\/www.vetorino.com\/boutique\/wp-content\/uploads\/2020\/06\/chat-fcd-l-crystal-management-light.webp","datePublished":"2020-03-04T22:54:14+00:00","dateModified":"2025-08-20T13:55:35+00:00","description":"Aliment di\u00e9t\u00e9tique complet pour la r\u00e9duction de la formation r\u00e9cidivante de calculs de struvite et les affections des voies basses urinaires chez le chat adulte. Utilisation : R\u00e9duction des r\u00e9cidives d\u2019urolithiases \u00e0 struvite chez le chat en surpoids ou qui\u00a0a\u00a0tendance \u00e0 prendre du poids R\u00e9duction de la formation de nouveaux calculs de struvite et d\u2019oxalate de calcium R\u00e9duction des affections des voies urinaires basses (dont cystite idiopathique et bouchons ur\u00e9traux) Convient au chat adulte s\u00e9dentaire et au chat ayant tendance \u00e0 prendre du poids. Cet aliment est destin\u00e9 \u00e0 la prise en charge nutritionnelle d\u2019une maladie. Il est recommand\u00e9 de consulter votre v\u00e9t\u00e9rinaire.","breadcrumb":{"@id":"https:\/\/www.vetorino.com\/boutique\/product\/specific-chat-fcd-crystal-management-light\/#breadcrumb"},"inLanguage":"fr-FR","potentialAction":[{"@type":"ReadAction","target":["https:\/\/www.vetorino.com\/boutique\/product\/specific-chat-fcd-crystal-management-light\/"]}]},{"@type":"ImageObject","inLanguage":"fr-FR","@id":"https:\/\/www.vetorino.com\/boutique\/product\/specific-chat-fcd-crystal-management-light\/#primaryimage","url":"https:\/\/www.vetorino.com\/boutique\/wp-content\/uploads\/2020\/06\/chat-fcd-l-crystal-management-light.webp","contentUrl":"https:\/\/www.vetorino.com\/boutique\/wp-content\/uploads\/2020\/06\/chat-fcd-l-crystal-management-light.webp","width":800,"height":800},{"@type":"BreadcrumbList","@id":"https:\/\/www.vetorino.com\/boutique\/product\/specific-chat-fcd-crystal-management-light\/#breadcrumb","itemListElement":[{"@type":"ListItem","position":1,"name":"Accueil","item":"https:\/\/www.vetorino.com\/boutique\/"},{"@type":"ListItem","position":2,"name":"Produits","item":"https:\/\/www.vetorino.com\/boutique\/"},{"@type":"ListItem","position":3,"name":"FCD-L Crystal Management Light &#8211; chat"}]},{"@type":"WebSite","@id":"https:\/\/www.vetorino.com\/boutique\/#website","url":"https:\/\/www.vetorino.com\/boutique\/","name":"V\u00e9torino","description":"","publisher":{"@id":"https:\/\/www.vetorino.com\/boutique\/#organization"},"potentialAction":[{"@type":"SearchAction","target":{"@type":"EntryPoint","urlTemplate":"https:\/\/www.vetorino.com\/boutique\/?s={search_term_string}"},"query-input":{"@type":"PropertyValueSpecification","valueRequired":true,"valueName":"search_term_string"}}],"inLanguage":"fr-FR"},{"@type":"Organization","@id":"https:\/\/www.vetorino.com\/boutique\/#organization","name":"V\u00e9torino","url":"https:\/\/www.vetorino.com\/boutique\/","logo":{"@type":"ImageObject","inLanguage":"fr-FR","@id":"https:\/\/www.vetorino.com\/boutique\/#\/schema\/logo\/image\/","url":"https:\/\/www.vetorino.com\/boutique\/wp-content\/uploads\/2024\/10\/logo.jpg","contentUrl":"https:\/\/www.vetorino.com\/boutique\/wp-content\/uploads\/2024\/10\/logo.jpg","width":1200,"height":610,"caption":"V\u00e9torino"},"image":{"@id":"https:\/\/www.vetorino.com\/boutique\/#\/schema\/logo\/image\/"},"sameAs":["https:\/\/www.facebook.com\/Vetorino\/","https:\/\/www.instagram.com\/vetorino_off\/","https:\/\/www.linkedin.com\/company\/vtorino\/"]}]},"product_brand":"Specific","og_availability":"instock","product_availability":"instock","product_condition":"new"},"_links":{"self":[{"href":"https:\/\/www.vetorino.com\/veterinaire\/prunelli-di-fiumorbo-20243\/boutique\/wp-json\/wp\/v2\/product\/37359","targetHints":{"allow":["GET"]}}],"collection":[{"href":"https:\/\/www.vetorino.com\/veterinaire\/prunelli-di-fiumorbo-20243\/boutique\/wp-json\/wp\/v2\/product"}],"about":[{"href":"https:\/\/www.vetorino.com\/veterinaire\/prunelli-di-fiumorbo-20243\/boutique\/wp-json\/wp\/v2\/types\/product"}],"wp:featuredmedia":[{"embeddable":true,"href":"https:\/\/www.vetorino.com\/veterinaire\/prunelli-di-fiumorbo-20243\/boutique\/wp-json\/wp\/v2\/media\/1449209"}],"wp:attachment":[{"href":"https:\/\/www.vetorino.com\/veterinaire\/prunelli-di-fiumorbo-20243\/boutique\/wp-json\/wp\/v2\/media?parent=37359"}],"wp:term":[{"taxonomy":"product_cat","embeddable":true,"href":"https:\/\/www.vetorino.com\/veterinaire\/prunelli-di-fiumorbo-20243\/boutique\/wp-json\/wp\/v2\/product_cat?post=37359"},{"taxonomy":"product_tag","embeddable":true,"href":"https:\/\/www.vetorino.com\/veterinaire\/prunelli-di-fiumorbo-20243\/boutique\/wp-json\/wp\/v2\/product_tag?post=37359"}],"curies":[{"name":"wp","href":"https:\/\/api.w.org\/{rel}","templated":true}]}}