{"id":37401,"date":"2020-03-04T23:54:28","date_gmt":"2020-03-04T22:54:28","guid":{"rendered":"https:\/\/www.vetorino.com\/boutique\/product\/specific-chat-fcw-crystal-management-humide\/"},"modified":"2025-09-22T12:07:59","modified_gmt":"2025-09-22T10:07:59","slug":"specific-chat-fcw-crystal-management-humide","status":"publish","type":"product","link":"https:\/\/www.vetorino.com\/veterinaire\/prunelli-di-fiumorbo-20243\/boutique\/product\/specific-chat-fcw-crystal-management-humide\/","title":{"rendered":"FCW-P Crystal Management &#8211; chat"},"content":{"rendered":"<p><strong>Alimentation \u00e9quilibr\u00e9e et compl\u00e8te adapt\u00e9e au chat adulte souffrant de calculs\u00a0de struvite ou\u00a0d&#8217;affections des voies urinaires basses.<\/strong><\/p>\n<p><strong>Utilisation :<\/strong><\/p>\n<ul>\n<li>R\u00e9duction des r\u00e9cidives de calculs de struvite<\/li>\n<li>R\u00e9duction de la formation de nouveaux calculs de struvite et d\u2019oxalate de calcium<\/li>\n<li>R\u00e9duction des affections des voies urinaires basses (dont cystite idiopathique et bouchons ur\u00e9traux)<\/li>\n<li>Alimentation quotidienne des chats adultes jusqu\u2019\u00e0 l\u2019\u00e2ge de 8 ans<\/li>\n<li>Cystite idiopathique<\/li>\n<\/ul>\n<p><strong>Contre indications :<\/strong><\/p>\n<ul>\n<li>Administration concomitante d\u2019acidifiants urinaires<\/li>\n<li>Chatons de moins de 6 mois et chatte gestante ou allaitante<\/li>\n<li>Acidose m\u00e9tabolique ou r\u00e9nale<\/li>\n<\/ul>\n<p><strong><br \/>\nBienfaits essentiels :<\/strong><\/p>\n<ul>\n<li>Faibles indices RSS (Relative Super Saturation) pour les calculs de struvite et d\u2019oxalate de calcium, pour assurer respectivement une sous-saturation et une faible saturation m\u00e9tastable, afin de\u00a0<strong>minimiser le risque de formation de nouveaux calculs de struvite et d\u2019oxalate de calcium dans les urines<\/strong>.<\/li>\n<li>L\u2019aliment pr\u00e9sente des teneurs r\u00e9duites en magn\u00e9sium et en phosphore (composants des calculs de struvite), pour la\u00a0<strong>pr\u00e9vention des cristaux et calculs de struvite<\/strong>.<\/li>\n<li>Le pH urinaire inf\u00e9rieur \u00e0 6,4 participe \u00e0 la dissolution des cristaux de struvite existants et\u00a0<strong>minimise le risque de pr\u00e9cipitation de nouveaux cristaux<\/strong>.<\/li>\n<li>Les ingr\u00e9dients hautement digestibles de qualit\u00e9 sup\u00e9rieure\u00a0<strong>garantissent un apport optimal de nutriments \u00e0 partir de l\u2019alimentation, tout en r\u00e9duisant le volume des selles<\/strong>.<\/li>\n<li>Les acides gras Om\u00e9ga-3 EPA et DHA (issus du poisson) ont un<strong>\u00a0effet b\u00e9n\u00e9fique sur la sant\u00e9 de la peau, du pelage et des articulations<\/strong>.<\/li>\n<\/ul>\n<p><strong><br \/>\nCet aliment est destin\u00e9 \u00e0 la prise en charge nutritionnelle d\u2019une maladie. Pour la sant\u00e9 de votre chat, il est recommand\u00e9 de consulter votre v\u00e9t\u00e9rinaire et de respecter scrupuleusement ses recommandations nutritionnelles.<\/strong><\/p>\n","protected":false},"excerpt":{"rendered":"<div id=\"product-description-short-1227\">\n<p><strong>Alimentation \u00e9quilibr\u00e9e et compl\u00e8te adapt\u00e9e au chat adulte souffrant de calculs de struvite ou d&#8217;affections des voies urinaires basses.<\/strong><\/p>\n<p><strong>Utilisation :<\/strong><\/p>\n<ul>\n<li>R\u00e9duction des r\u00e9cidives de calculs de struvite.<\/li>\n<li>R\u00e9duction de la formation de nouveaux calculs de struvite et d\u2019oxalate de calcium.<\/li>\n<li>R\u00e9duction des affections des voies urinaires basses (dont cystite idiopathique et bouchons ur\u00e9traux).<\/li>\n<li>Alimentation quotidienne des chats adultes jusqu\u2019\u00e0 l\u2019\u00e2ge de 8 ans.<\/li>\n<li>Cystite idiopathique.<\/li>\n<\/ul>\n<p><strong>Cet aliment est destin\u00e9 \u00e0 la prise en charge nutritionnelle d\u2019une maladie. Il est recommand\u00e9 de consulter votre v\u00e9t\u00e9rinaire.<\/strong><\/p>\n<\/div>\n","protected":false},"featured_media":1449345,"template":"","meta":[],"product_cat":[12551,12581,2697],"product_tag":[],"class_list":{"0":"post-37401","1":"product","2":"type-product","3":"status-publish","4":"has-post-thumbnail","6":"product_cat-alimentation-du-chat","7":"product_cat-alimentation-medicalisee-pour-chat","8":"product_cat-chat","9":"pa_marque-specific","11":"first","12":"instock","13":"taxable","14":"shipping-taxable","15":"purchasable","16":"product-type-variable"},"yoast_head":"<!-- This site is optimized with the Yoast SEO plugin v27.3 - https:\/\/yoast.com\/product\/yoast-seo-wordpress\/ -->\n<title>FCW-P Crystal Management - chat Specific - V\u00e9torino<\/title>\n<meta name=\"description\" content=\"Alimentation \u00e9quilibr\u00e9e et compl\u00e8te adapt\u00e9e au chat adulte souffrant de calculs de struvite ou d&#039;affections des voies urinaires basses.  Utilisation :   R\u00e9duction des r\u00e9cidives de calculs de struvite.  R\u00e9duction de la formation de nouveaux calculs de struvite et d\u2019oxalate de calcium.  R\u00e9duction des affections des voies urinaires basses (dont cystite idiopathique et bouchons ur\u00e9traux).  Alimentation quotidienne des chats adultes jusqu\u2019\u00e0 l\u2019\u00e2ge de 8 ans.  Cystite idiopathique.  Cet aliment est destin\u00e9 \u00e0 la prise en charge nutritionnelle d\u2019une maladie. Il est recommand\u00e9 de consulter votre v\u00e9t\u00e9rinaire.\" \/>\n<meta name=\"robots\" content=\"noindex, nofollow\" \/>\n<meta property=\"og:locale\" content=\"fr_FR\" \/>\n<meta property=\"og:type\" content=\"article\" \/>\n<meta property=\"og:title\" content=\"FCW-P Crystal Management - chat Specific - V\u00e9torino\" \/>\n<meta property=\"og:description\" content=\"Alimentation \u00e9quilibr\u00e9e et compl\u00e8te adapt\u00e9e au chat adulte souffrant de calculs de struvite ou d&#039;affections des voies urinaires basses.  Utilisation :   R\u00e9duction des r\u00e9cidives de calculs de struvite.  R\u00e9duction de la formation de nouveaux calculs de struvite et d\u2019oxalate de calcium.  R\u00e9duction des affections des voies urinaires basses (dont cystite idiopathique et bouchons ur\u00e9traux).  Alimentation quotidienne des chats adultes jusqu\u2019\u00e0 l\u2019\u00e2ge de 8 ans.  Cystite idiopathique.  Cet aliment est destin\u00e9 \u00e0 la prise en charge nutritionnelle d\u2019une maladie. Il est recommand\u00e9 de consulter votre v\u00e9t\u00e9rinaire.\" \/>\n<meta property=\"og:url\" content=\"https:\/\/www.vetorino.com\/veterinaire\/prunelli-di-fiumorbo-20243\/boutique\/product\/specific-chat-fcw-crystal-management-humide\/\" \/>\n<meta property=\"og:site_name\" content=\"V\u00e9torino\" \/>\n<meta property=\"article:publisher\" content=\"https:\/\/www.facebook.com\/Vetorino\/\" \/>\n<meta property=\"article:modified_time\" content=\"2025-09-22T10:07:59+00:00\" \/>\n<meta property=\"og:image\" content=\"https:\/\/www.vetorino.com\/boutique\/wp-content\/uploads\/2020\/06\/chat-fcw-crystal-management.webp\" \/>\n\t<meta property=\"og:image:width\" content=\"800\" \/>\n\t<meta property=\"og:image:height\" content=\"800\" \/>\n\t<meta property=\"og:image:type\" content=\"image\/webp\" \/>\n<meta name=\"twitter:card\" content=\"summary_large_image\" \/>\n<meta name=\"twitter:label1\" content=\"Disponibilit\u00e9\" \/>\n\t<meta name=\"twitter:data1\" content=\"En stock\" \/>\n<script type=\"application\/ld+json\" class=\"yoast-schema-graph\">{\"@context\":\"https:\\\/\\\/schema.org\",\"@graph\":[{\"@type\":\"WebPage\",\"@id\":\"https:\\\/\\\/www.vetorino.com\\\/boutique\\\/product\\\/specific-chat-fcw-crystal-management-humide\\\/\",\"url\":\"https:\\\/\\\/www.vetorino.com\\\/boutique\\\/product\\\/specific-chat-fcw-crystal-management-humide\\\/\",\"name\":\"FCW-P Crystal Management - chat Specific - V\u00e9torino\",\"isPartOf\":{\"@id\":\"https:\\\/\\\/www.vetorino.com\\\/boutique\\\/#website\"},\"primaryImageOfPage\":{\"@id\":\"https:\\\/\\\/www.vetorino.com\\\/boutique\\\/product\\\/specific-chat-fcw-crystal-management-humide\\\/#primaryimage\"},\"image\":{\"@id\":\"https:\\\/\\\/www.vetorino.com\\\/boutique\\\/product\\\/specific-chat-fcw-crystal-management-humide\\\/#primaryimage\"},\"thumbnailUrl\":\"https:\\\/\\\/www.vetorino.com\\\/boutique\\\/wp-content\\\/uploads\\\/2020\\\/06\\\/chat-fcw-crystal-management.webp\",\"datePublished\":\"2020-03-04T22:54:28+00:00\",\"dateModified\":\"2025-09-22T10:07:59+00:00\",\"description\":\"Alimentation \u00e9quilibr\u00e9e et compl\u00e8te adapt\u00e9e au chat adulte souffrant de calculs de struvite ou d'affections des voies urinaires basses. Utilisation : R\u00e9duction des r\u00e9cidives de calculs de struvite. R\u00e9duction de la formation de nouveaux calculs de struvite et d\u2019oxalate de calcium. R\u00e9duction des affections des voies urinaires basses (dont cystite idiopathique et bouchons ur\u00e9traux). Alimentation quotidienne des chats adultes jusqu\u2019\u00e0 l\u2019\u00e2ge de 8 ans. Cystite idiopathique. Cet aliment est destin\u00e9 \u00e0 la prise en charge nutritionnelle d\u2019une maladie. Il est recommand\u00e9 de consulter votre v\u00e9t\u00e9rinaire.\",\"breadcrumb\":{\"@id\":\"https:\\\/\\\/www.vetorino.com\\\/boutique\\\/product\\\/specific-chat-fcw-crystal-management-humide\\\/#breadcrumb\"},\"inLanguage\":\"fr-FR\",\"potentialAction\":[{\"@type\":\"ReadAction\",\"target\":[\"https:\\\/\\\/www.vetorino.com\\\/boutique\\\/product\\\/specific-chat-fcw-crystal-management-humide\\\/\"]}]},{\"@type\":\"ImageObject\",\"inLanguage\":\"fr-FR\",\"@id\":\"https:\\\/\\\/www.vetorino.com\\\/boutique\\\/product\\\/specific-chat-fcw-crystal-management-humide\\\/#primaryimage\",\"url\":\"https:\\\/\\\/www.vetorino.com\\\/boutique\\\/wp-content\\\/uploads\\\/2020\\\/06\\\/chat-fcw-crystal-management.webp\",\"contentUrl\":\"https:\\\/\\\/www.vetorino.com\\\/boutique\\\/wp-content\\\/uploads\\\/2020\\\/06\\\/chat-fcw-crystal-management.webp\",\"width\":800,\"height\":800},{\"@type\":\"BreadcrumbList\",\"@id\":\"https:\\\/\\\/www.vetorino.com\\\/boutique\\\/product\\\/specific-chat-fcw-crystal-management-humide\\\/#breadcrumb\",\"itemListElement\":[{\"@type\":\"ListItem\",\"position\":1,\"name\":\"Accueil\",\"item\":\"https:\\\/\\\/www.vetorino.com\\\/boutique\\\/\"},{\"@type\":\"ListItem\",\"position\":2,\"name\":\"Produits\",\"item\":\"https:\\\/\\\/www.vetorino.com\\\/boutique\\\/\"},{\"@type\":\"ListItem\",\"position\":3,\"name\":\"FCW-P Crystal Management &#8211; chat\"}]},{\"@type\":\"WebSite\",\"@id\":\"https:\\\/\\\/www.vetorino.com\\\/boutique\\\/#website\",\"url\":\"https:\\\/\\\/www.vetorino.com\\\/boutique\\\/\",\"name\":\"V\u00e9torino\",\"description\":\"\",\"publisher\":{\"@id\":\"https:\\\/\\\/www.vetorino.com\\\/boutique\\\/#organization\"},\"potentialAction\":[{\"@type\":\"SearchAction\",\"target\":{\"@type\":\"EntryPoint\",\"urlTemplate\":\"https:\\\/\\\/www.vetorino.com\\\/boutique\\\/?s={search_term_string}\"},\"query-input\":{\"@type\":\"PropertyValueSpecification\",\"valueRequired\":true,\"valueName\":\"search_term_string\"}}],\"inLanguage\":\"fr-FR\"},{\"@type\":\"Organization\",\"@id\":\"https:\\\/\\\/www.vetorino.com\\\/boutique\\\/#organization\",\"name\":\"V\u00e9torino\",\"url\":\"https:\\\/\\\/www.vetorino.com\\\/boutique\\\/\",\"logo\":{\"@type\":\"ImageObject\",\"inLanguage\":\"fr-FR\",\"@id\":\"https:\\\/\\\/www.vetorino.com\\\/boutique\\\/#\\\/schema\\\/logo\\\/image\\\/\",\"url\":\"https:\\\/\\\/www.vetorino.com\\\/boutique\\\/wp-content\\\/uploads\\\/2024\\\/10\\\/logo.jpg\",\"contentUrl\":\"https:\\\/\\\/www.vetorino.com\\\/boutique\\\/wp-content\\\/uploads\\\/2024\\\/10\\\/logo.jpg\",\"width\":1200,\"height\":610,\"caption\":\"V\u00e9torino\"},\"image\":{\"@id\":\"https:\\\/\\\/www.vetorino.com\\\/boutique\\\/#\\\/schema\\\/logo\\\/image\\\/\"},\"sameAs\":[\"https:\\\/\\\/www.facebook.com\\\/Vetorino\\\/\",\"https:\\\/\\\/www.instagram.com\\\/vetorino_off\\\/\",\"https:\\\/\\\/www.linkedin.com\\\/company\\\/vtorino\\\/\"]}]}<\/script>\n<meta property=\"product:brand\" content=\"Specific\" \/>\n<meta property=\"og:availability\" content=\"instock\" \/>\n<meta property=\"product:availability\" content=\"instock\" \/>\n<meta property=\"product:condition\" content=\"new\" \/>\n<!-- \/ Yoast SEO plugin. -->","yoast_head_json":{"title":"FCW-P Crystal Management - chat Specific - V\u00e9torino","description":"Alimentation \u00e9quilibr\u00e9e et compl\u00e8te adapt\u00e9e au chat adulte souffrant de calculs de struvite ou d'affections des voies urinaires basses.  Utilisation :   R\u00e9duction des r\u00e9cidives de calculs de struvite.  R\u00e9duction de la formation de nouveaux calculs de struvite et d\u2019oxalate de calcium.  R\u00e9duction des affections des voies urinaires basses (dont cystite idiopathique et bouchons ur\u00e9traux).  Alimentation quotidienne des chats adultes jusqu\u2019\u00e0 l\u2019\u00e2ge de 8 ans.  Cystite idiopathique.  Cet aliment est destin\u00e9 \u00e0 la prise en charge nutritionnelle d\u2019une maladie. Il est recommand\u00e9 de consulter votre v\u00e9t\u00e9rinaire.","robots":{"index":"noindex","follow":"nofollow"},"og_locale":"fr_FR","og_type":"article","og_title":"FCW-P Crystal Management - chat Specific - V\u00e9torino","og_description":"Alimentation \u00e9quilibr\u00e9e et compl\u00e8te adapt\u00e9e au chat adulte souffrant de calculs de struvite ou d'affections des voies urinaires basses.  Utilisation :   R\u00e9duction des r\u00e9cidives de calculs de struvite.  R\u00e9duction de la formation de nouveaux calculs de struvite et d\u2019oxalate de calcium.  R\u00e9duction des affections des voies urinaires basses (dont cystite idiopathique et bouchons ur\u00e9traux).  Alimentation quotidienne des chats adultes jusqu\u2019\u00e0 l\u2019\u00e2ge de 8 ans.  Cystite idiopathique.  Cet aliment est destin\u00e9 \u00e0 la prise en charge nutritionnelle d\u2019une maladie. Il est recommand\u00e9 de consulter votre v\u00e9t\u00e9rinaire.","og_url":"https:\/\/www.vetorino.com\/veterinaire\/prunelli-di-fiumorbo-20243\/boutique\/product\/specific-chat-fcw-crystal-management-humide\/","og_site_name":"V\u00e9torino","article_publisher":"https:\/\/www.facebook.com\/Vetorino\/","article_modified_time":"2025-09-22T10:07:59+00:00","og_image":[{"width":800,"height":800,"url":"https:\/\/www.vetorino.com\/boutique\/wp-content\/uploads\/2020\/06\/chat-fcw-crystal-management.webp","type":"image\/webp"}],"twitter_card":"summary_large_image","twitter_misc":{"Disponibilit\u00e9":"En stock"},"schema":{"@context":"https:\/\/schema.org","@graph":[{"@type":"WebPage","@id":"https:\/\/www.vetorino.com\/boutique\/product\/specific-chat-fcw-crystal-management-humide\/","url":"https:\/\/www.vetorino.com\/boutique\/product\/specific-chat-fcw-crystal-management-humide\/","name":"FCW-P Crystal Management - chat Specific - V\u00e9torino","isPartOf":{"@id":"https:\/\/www.vetorino.com\/boutique\/#website"},"primaryImageOfPage":{"@id":"https:\/\/www.vetorino.com\/boutique\/product\/specific-chat-fcw-crystal-management-humide\/#primaryimage"},"image":{"@id":"https:\/\/www.vetorino.com\/boutique\/product\/specific-chat-fcw-crystal-management-humide\/#primaryimage"},"thumbnailUrl":"https:\/\/www.vetorino.com\/boutique\/wp-content\/uploads\/2020\/06\/chat-fcw-crystal-management.webp","datePublished":"2020-03-04T22:54:28+00:00","dateModified":"2025-09-22T10:07:59+00:00","description":"Alimentation \u00e9quilibr\u00e9e et compl\u00e8te adapt\u00e9e au chat adulte souffrant de calculs de struvite ou d'affections des voies urinaires basses. Utilisation : R\u00e9duction des r\u00e9cidives de calculs de struvite. R\u00e9duction de la formation de nouveaux calculs de struvite et d\u2019oxalate de calcium. R\u00e9duction des affections des voies urinaires basses (dont cystite idiopathique et bouchons ur\u00e9traux). Alimentation quotidienne des chats adultes jusqu\u2019\u00e0 l\u2019\u00e2ge de 8 ans. Cystite idiopathique. Cet aliment est destin\u00e9 \u00e0 la prise en charge nutritionnelle d\u2019une maladie. Il est recommand\u00e9 de consulter votre v\u00e9t\u00e9rinaire.","breadcrumb":{"@id":"https:\/\/www.vetorino.com\/boutique\/product\/specific-chat-fcw-crystal-management-humide\/#breadcrumb"},"inLanguage":"fr-FR","potentialAction":[{"@type":"ReadAction","target":["https:\/\/www.vetorino.com\/boutique\/product\/specific-chat-fcw-crystal-management-humide\/"]}]},{"@type":"ImageObject","inLanguage":"fr-FR","@id":"https:\/\/www.vetorino.com\/boutique\/product\/specific-chat-fcw-crystal-management-humide\/#primaryimage","url":"https:\/\/www.vetorino.com\/boutique\/wp-content\/uploads\/2020\/06\/chat-fcw-crystal-management.webp","contentUrl":"https:\/\/www.vetorino.com\/boutique\/wp-content\/uploads\/2020\/06\/chat-fcw-crystal-management.webp","width":800,"height":800},{"@type":"BreadcrumbList","@id":"https:\/\/www.vetorino.com\/boutique\/product\/specific-chat-fcw-crystal-management-humide\/#breadcrumb","itemListElement":[{"@type":"ListItem","position":1,"name":"Accueil","item":"https:\/\/www.vetorino.com\/boutique\/"},{"@type":"ListItem","position":2,"name":"Produits","item":"https:\/\/www.vetorino.com\/boutique\/"},{"@type":"ListItem","position":3,"name":"FCW-P Crystal Management &#8211; chat"}]},{"@type":"WebSite","@id":"https:\/\/www.vetorino.com\/boutique\/#website","url":"https:\/\/www.vetorino.com\/boutique\/","name":"V\u00e9torino","description":"","publisher":{"@id":"https:\/\/www.vetorino.com\/boutique\/#organization"},"potentialAction":[{"@type":"SearchAction","target":{"@type":"EntryPoint","urlTemplate":"https:\/\/www.vetorino.com\/boutique\/?s={search_term_string}"},"query-input":{"@type":"PropertyValueSpecification","valueRequired":true,"valueName":"search_term_string"}}],"inLanguage":"fr-FR"},{"@type":"Organization","@id":"https:\/\/www.vetorino.com\/boutique\/#organization","name":"V\u00e9torino","url":"https:\/\/www.vetorino.com\/boutique\/","logo":{"@type":"ImageObject","inLanguage":"fr-FR","@id":"https:\/\/www.vetorino.com\/boutique\/#\/schema\/logo\/image\/","url":"https:\/\/www.vetorino.com\/boutique\/wp-content\/uploads\/2024\/10\/logo.jpg","contentUrl":"https:\/\/www.vetorino.com\/boutique\/wp-content\/uploads\/2024\/10\/logo.jpg","width":1200,"height":610,"caption":"V\u00e9torino"},"image":{"@id":"https:\/\/www.vetorino.com\/boutique\/#\/schema\/logo\/image\/"},"sameAs":["https:\/\/www.facebook.com\/Vetorino\/","https:\/\/www.instagram.com\/vetorino_off\/","https:\/\/www.linkedin.com\/company\/vtorino\/"]}]},"product_brand":"Specific","og_availability":"instock","product_availability":"instock","product_condition":"new"},"_links":{"self":[{"href":"https:\/\/www.vetorino.com\/veterinaire\/prunelli-di-fiumorbo-20243\/boutique\/wp-json\/wp\/v2\/product\/37401","targetHints":{"allow":["GET"]}}],"collection":[{"href":"https:\/\/www.vetorino.com\/veterinaire\/prunelli-di-fiumorbo-20243\/boutique\/wp-json\/wp\/v2\/product"}],"about":[{"href":"https:\/\/www.vetorino.com\/veterinaire\/prunelli-di-fiumorbo-20243\/boutique\/wp-json\/wp\/v2\/types\/product"}],"wp:featuredmedia":[{"embeddable":true,"href":"https:\/\/www.vetorino.com\/veterinaire\/prunelli-di-fiumorbo-20243\/boutique\/wp-json\/wp\/v2\/media\/1449345"}],"wp:attachment":[{"href":"https:\/\/www.vetorino.com\/veterinaire\/prunelli-di-fiumorbo-20243\/boutique\/wp-json\/wp\/v2\/media?parent=37401"}],"wp:term":[{"taxonomy":"product_cat","embeddable":true,"href":"https:\/\/www.vetorino.com\/veterinaire\/prunelli-di-fiumorbo-20243\/boutique\/wp-json\/wp\/v2\/product_cat?post=37401"},{"taxonomy":"product_tag","embeddable":true,"href":"https:\/\/www.vetorino.com\/veterinaire\/prunelli-di-fiumorbo-20243\/boutique\/wp-json\/wp\/v2\/product_tag?post=37401"}],"curies":[{"name":"wp","href":"https:\/\/api.w.org\/{rel}","templated":true}]}}