{"id":37467,"date":"2020-03-04T23:54:51","date_gmt":"2020-03-04T22:54:51","guid":{"rendered":"https:\/\/www.vetorino.com\/boutique\/product\/vet-hpm-cat-weight-ld\/"},"modified":"2026-02-26T12:19:29","modified_gmt":"2026-02-26T11:19:29","slug":"vet-hpm-cat-weight-ld","status":"publish","type":"product","link":"https:\/\/www.vetorino.com\/veterinaire\/prunelli-di-fiumorbo-20243\/boutique\/product\/vet-hpm-cat-weight-ld\/","title":{"rendered":"W1 Weight Loss &#038; Diabetes &#8211; chat"},"content":{"rendered":"<p>L&#8217;aliment VETERINARY HPM\u00ae &#8211; Weight Loss &amp; Diabetes Cat est un<strong> aliment di\u00e9t\u00e9tique et \u00e9quilibr\u00e9 pour chat con\u00e7u pour r\u00e9duire le surpoids associ\u00e9 ou non \u00e0 du diab\u00e8te.<\/strong><\/p>\n<p>Il vise \u00e0<strong> r\u00e9duire le poids<\/strong> en ciblant la masse grasse tout<strong> en \u00e9vitant la sensation de faim<\/strong> et <strong>en<\/strong> <strong>r\u00e9gulant l&#8217;apport de glucose.<\/strong><\/p>\n<p>C&#8217;est un aliment qui poss\u00e8de une densit\u00e9 \u00e9nerg\u00e9tique faible et une teneur en prot\u00e9ines \u00e9lev\u00e9e, ainsi qu\u2019un apport en fibres tr\u00e8s augment\u00e9 et une suppl\u00e9mentation en L-carnitine, afin de favoriser une perte de poids rapide tout en pr\u00e9servant la masse musculaire.<\/p>\n<p>En cas de diab\u00e8te, la formulation LC-HP de l\u2019aliment (pauvre en glucides \u2013 riche en prot\u00e9ines) permet de r\u00e9guler l\u2019apport de glucose.<\/p>\n<p>Avec une <strong>formulation pauvre en glucides et riche en prot\u00e9ines<\/strong>, dont une grande majorit\u00e9 de prot\u00e9ines animales, il respecte les besoins nutritionnels des carnivores.<\/p>\n<p><strong>Utilisation<\/strong><strong>\u00a0:<\/strong><\/p>\n<ul>\n<li>Chat en surpoids de plus de 30%<\/li>\n<li>Associ\u00e9 ou non \u00e0 du diab\u00e8te<\/li>\n<li>Perte de la masse grasse<\/li>\n<\/ul>\n<p><strong>Bienfaits essentiels<\/strong><strong>\u00a0:<\/strong><\/p>\n<ul>\n<li>Perte de poids rapide<\/li>\n<li>Pr\u00e9servation de la masse maigre<\/li>\n<li>R\u00e9duction de l\u2019impact des repas sur la glyc\u00e9mie et l\u2019insulin\u00e9mie<\/li>\n<li>Diminution du risque de cristallurie<\/li>\n<li>Soutien articulaire<\/li>\n<li>Soutien des autres fonctions: Tol\u00e9rance digestive, soutien du syst\u00e8me immunitaire, formulation r\u00e9duite en allerg\u00e8nes, maintien de la fonction r\u00e9nale.<\/li>\n<li>Riche en prot\u00e9ines, dont environ 90% de prot\u00e9ines animales (1er ingr\u00e9dient) et pauvre en glucides<\/li>\n<li>Haute app\u00e9tence<\/li>\n<li>Fabrication fran\u00e7aise sans gluten, sans colorant, ni ar\u00f4me artificiel ajout\u00e9s Ingr\u00e9dients sant\u00e9 de haute qualit\u00e9 s\u00e9lectionn\u00e9s par nos v\u00e9t\u00e9rinaires nutritionnistes<\/li>\n<li>Mati\u00e8res premi\u00e8res v\u00e9g\u00e9tales issues de cultures non-OGM<\/li>\n<\/ul>\n<p><strong>Non recommand\u00e9 en cas de<\/strong><strong>\u00a0:<\/strong><\/p>\n<ul>\n<li>Croissance<\/li>\n<li>Gestation et lactation<\/li>\n<li>Insuffisance r\u00e9nale chronique (IRC)<\/li>\n<\/ul>\n","protected":false},"excerpt":{"rendered":"<p>Aliment di\u00e9t\u00e9tique et \u00e9quilibr\u00e9 pour\u00a0<strong>chats avec un surpoids sup\u00e9rieur \u00e0 30 %<\/strong>,<strong>\u00a0avec ou sans diab\u00e8te<\/strong>. Aide \u00e0 <strong>r\u00e9duire la masse grasse<\/strong> et \u00e0 <strong>stabiliser la glyc\u00e9mie.<\/strong><\/p>\n<p><strong>Utilisation\u00a0<\/strong><strong>:<\/strong><\/p>\n<ul>\n<li>Chat en surpoids de plus de 30%<\/li>\n<li>Associ\u00e9 ou non \u00e0 du diab\u00e8te<\/li>\n<\/ul>\n","protected":false},"featured_media":1720462,"template":"","meta":[],"product_cat":[12551,12581,2697],"product_tag":[],"class_list":{"0":"post-37467","1":"product","2":"type-product","3":"status-publish","4":"has-post-thumbnail","6":"product_cat-alimentation-du-chat","7":"product_cat-alimentation-medicalisee-pour-chat","8":"product_cat-chat","9":"pa_marque-virbac","11":"first","12":"instock","13":"taxable","14":"shipping-taxable","15":"purchasable","16":"product-type-variable"},"yoast_head":"<!-- This site is optimized with the Yoast SEO plugin v27.3 - https:\/\/yoast.com\/product\/yoast-seo-wordpress\/ -->\n<title>Veterinary HPM (Virbac) W1 Weight Loss &amp; Diabetes - chat Virbac - V\u00e9torino<\/title>\n<meta name=\"description\" content=\"Aliment di\u00e9t\u00e9tique et \u00e9quilibr\u00e9 pour\u00a0chats avec un surpoids sup\u00e9rieur \u00e0 30 %,\u00a0avec ou sans diab\u00e8te. Aide \u00e0 r\u00e9duire la masse grasse et \u00e0 stabiliser la glyc\u00e9mie.  Utilisation\u00a0:   Chat en surpoids de plus de 30%  Associ\u00e9 ou non \u00e0 du diab\u00e8te\" \/>\n<meta name=\"robots\" content=\"noindex, nofollow\" \/>\n<meta property=\"og:locale\" content=\"fr_FR\" \/>\n<meta property=\"og:type\" content=\"article\" \/>\n<meta property=\"og:title\" content=\"Veterinary HPM (Virbac) W1 Weight Loss &amp; Diabetes - chat Virbac - V\u00e9torino\" \/>\n<meta property=\"og:description\" content=\"Aliment di\u00e9t\u00e9tique et \u00e9quilibr\u00e9 pour\u00a0chats avec un surpoids sup\u00e9rieur \u00e0 30 %,\u00a0avec ou sans diab\u00e8te. Aide \u00e0 r\u00e9duire la masse grasse et \u00e0 stabiliser la glyc\u00e9mie.  Utilisation\u00a0:   Chat en surpoids de plus de 30%  Associ\u00e9 ou non \u00e0 du diab\u00e8te\" \/>\n<meta property=\"og:url\" content=\"https:\/\/www.vetorino.com\/veterinaire\/prunelli-di-fiumorbo-20243\/boutique\/product\/vet-hpm-cat-weight-ld\/\" \/>\n<meta property=\"og:site_name\" content=\"V\u00e9torino\" \/>\n<meta property=\"article:publisher\" content=\"https:\/\/www.facebook.com\/Vetorino\/\" \/>\n<meta property=\"article:modified_time\" content=\"2026-02-26T11:19:29+00:00\" \/>\n<meta property=\"og:image\" content=\"https:\/\/www.vetorino.com\/boutique\/wp-content\/uploads\/2020\/03\/w1-weight-loss-diabetes-cat.webp\" \/>\n\t<meta property=\"og:image:width\" content=\"800\" \/>\n\t<meta property=\"og:image:height\" content=\"800\" \/>\n\t<meta property=\"og:image:type\" content=\"image\/webp\" \/>\n<meta name=\"twitter:card\" content=\"summary_large_image\" \/>\n<meta name=\"twitter:label1\" content=\"Disponibilit\u00e9\" \/>\n\t<meta name=\"twitter:data1\" content=\"En stock\" \/>\n<script type=\"application\/ld+json\" class=\"yoast-schema-graph\">{\"@context\":\"https:\\\/\\\/schema.org\",\"@graph\":[{\"@type\":\"WebPage\",\"@id\":\"https:\\\/\\\/www.vetorino.com\\\/boutique\\\/product\\\/vet-hpm-cat-weight-ld\\\/\",\"url\":\"https:\\\/\\\/www.vetorino.com\\\/boutique\\\/product\\\/vet-hpm-cat-weight-ld\\\/\",\"name\":\"Veterinary HPM (Virbac) W1 Weight Loss & Diabetes - chat Virbac - V\u00e9torino\",\"isPartOf\":{\"@id\":\"https:\\\/\\\/www.vetorino.com\\\/boutique\\\/#website\"},\"primaryImageOfPage\":{\"@id\":\"https:\\\/\\\/www.vetorino.com\\\/boutique\\\/product\\\/vet-hpm-cat-weight-ld\\\/#primaryimage\"},\"image\":{\"@id\":\"https:\\\/\\\/www.vetorino.com\\\/boutique\\\/product\\\/vet-hpm-cat-weight-ld\\\/#primaryimage\"},\"thumbnailUrl\":\"https:\\\/\\\/www.vetorino.com\\\/boutique\\\/wp-content\\\/uploads\\\/2020\\\/03\\\/w1-weight-loss-diabetes-cat.webp\",\"datePublished\":\"2020-03-04T22:54:51+00:00\",\"dateModified\":\"2026-02-26T11:19:29+00:00\",\"description\":\"Aliment di\u00e9t\u00e9tique et \u00e9quilibr\u00e9 pour\u00a0chats avec un surpoids sup\u00e9rieur \u00e0 30 %,\u00a0avec ou sans diab\u00e8te. Aide \u00e0 r\u00e9duire la masse grasse et \u00e0 stabiliser la glyc\u00e9mie. Utilisation\u00a0: Chat en surpoids de plus de 30% Associ\u00e9 ou non \u00e0 du diab\u00e8te\",\"breadcrumb\":{\"@id\":\"https:\\\/\\\/www.vetorino.com\\\/boutique\\\/product\\\/vet-hpm-cat-weight-ld\\\/#breadcrumb\"},\"inLanguage\":\"fr-FR\",\"potentialAction\":[{\"@type\":\"ReadAction\",\"target\":[\"https:\\\/\\\/www.vetorino.com\\\/boutique\\\/product\\\/vet-hpm-cat-weight-ld\\\/\"]}]},{\"@type\":\"ImageObject\",\"inLanguage\":\"fr-FR\",\"@id\":\"https:\\\/\\\/www.vetorino.com\\\/boutique\\\/product\\\/vet-hpm-cat-weight-ld\\\/#primaryimage\",\"url\":\"https:\\\/\\\/www.vetorino.com\\\/boutique\\\/wp-content\\\/uploads\\\/2020\\\/03\\\/w1-weight-loss-diabetes-cat.webp\",\"contentUrl\":\"https:\\\/\\\/www.vetorino.com\\\/boutique\\\/wp-content\\\/uploads\\\/2020\\\/03\\\/w1-weight-loss-diabetes-cat.webp\",\"width\":800,\"height\":800},{\"@type\":\"BreadcrumbList\",\"@id\":\"https:\\\/\\\/www.vetorino.com\\\/boutique\\\/product\\\/vet-hpm-cat-weight-ld\\\/#breadcrumb\",\"itemListElement\":[{\"@type\":\"ListItem\",\"position\":1,\"name\":\"Accueil\",\"item\":\"https:\\\/\\\/www.vetorino.com\\\/boutique\\\/\"},{\"@type\":\"ListItem\",\"position\":2,\"name\":\"Produits\",\"item\":\"https:\\\/\\\/www.vetorino.com\\\/boutique\\\/\"},{\"@type\":\"ListItem\",\"position\":3,\"name\":\"W1 Weight Loss &#038; Diabetes &#8211; chat\"}]},{\"@type\":\"WebSite\",\"@id\":\"https:\\\/\\\/www.vetorino.com\\\/boutique\\\/#website\",\"url\":\"https:\\\/\\\/www.vetorino.com\\\/boutique\\\/\",\"name\":\"V\u00e9torino\",\"description\":\"\",\"publisher\":{\"@id\":\"https:\\\/\\\/www.vetorino.com\\\/boutique\\\/#organization\"},\"potentialAction\":[{\"@type\":\"SearchAction\",\"target\":{\"@type\":\"EntryPoint\",\"urlTemplate\":\"https:\\\/\\\/www.vetorino.com\\\/boutique\\\/?s={search_term_string}\"},\"query-input\":{\"@type\":\"PropertyValueSpecification\",\"valueRequired\":true,\"valueName\":\"search_term_string\"}}],\"inLanguage\":\"fr-FR\"},{\"@type\":\"Organization\",\"@id\":\"https:\\\/\\\/www.vetorino.com\\\/boutique\\\/#organization\",\"name\":\"V\u00e9torino\",\"url\":\"https:\\\/\\\/www.vetorino.com\\\/boutique\\\/\",\"logo\":{\"@type\":\"ImageObject\",\"inLanguage\":\"fr-FR\",\"@id\":\"https:\\\/\\\/www.vetorino.com\\\/boutique\\\/#\\\/schema\\\/logo\\\/image\\\/\",\"url\":\"https:\\\/\\\/www.vetorino.com\\\/boutique\\\/wp-content\\\/uploads\\\/2024\\\/10\\\/logo.jpg\",\"contentUrl\":\"https:\\\/\\\/www.vetorino.com\\\/boutique\\\/wp-content\\\/uploads\\\/2024\\\/10\\\/logo.jpg\",\"width\":1200,\"height\":610,\"caption\":\"V\u00e9torino\"},\"image\":{\"@id\":\"https:\\\/\\\/www.vetorino.com\\\/boutique\\\/#\\\/schema\\\/logo\\\/image\\\/\"},\"sameAs\":[\"https:\\\/\\\/www.facebook.com\\\/Vetorino\\\/\",\"https:\\\/\\\/www.instagram.com\\\/vetorino_off\\\/\",\"https:\\\/\\\/www.linkedin.com\\\/company\\\/vtorino\\\/\"]}]}<\/script>\n<meta property=\"product:brand\" content=\"Virbac\" \/>\n<meta property=\"og:availability\" content=\"instock\" \/>\n<meta property=\"product:availability\" content=\"instock\" \/>\n<meta property=\"product:condition\" content=\"new\" \/>\n<!-- \/ Yoast SEO plugin. -->","yoast_head_json":{"title":"Veterinary HPM (Virbac) W1 Weight Loss & Diabetes - chat Virbac - V\u00e9torino","description":"Aliment di\u00e9t\u00e9tique et \u00e9quilibr\u00e9 pour\u00a0chats avec un surpoids sup\u00e9rieur \u00e0 30 %,\u00a0avec ou sans diab\u00e8te. Aide \u00e0 r\u00e9duire la masse grasse et \u00e0 stabiliser la glyc\u00e9mie.  Utilisation\u00a0:   Chat en surpoids de plus de 30%  Associ\u00e9 ou non \u00e0 du diab\u00e8te","robots":{"index":"noindex","follow":"nofollow"},"og_locale":"fr_FR","og_type":"article","og_title":"Veterinary HPM (Virbac) W1 Weight Loss & Diabetes - chat Virbac - V\u00e9torino","og_description":"Aliment di\u00e9t\u00e9tique et \u00e9quilibr\u00e9 pour\u00a0chats avec un surpoids sup\u00e9rieur \u00e0 30 %,\u00a0avec ou sans diab\u00e8te. Aide \u00e0 r\u00e9duire la masse grasse et \u00e0 stabiliser la glyc\u00e9mie.  Utilisation\u00a0:   Chat en surpoids de plus de 30%  Associ\u00e9 ou non \u00e0 du diab\u00e8te","og_url":"https:\/\/www.vetorino.com\/veterinaire\/prunelli-di-fiumorbo-20243\/boutique\/product\/vet-hpm-cat-weight-ld\/","og_site_name":"V\u00e9torino","article_publisher":"https:\/\/www.facebook.com\/Vetorino\/","article_modified_time":"2026-02-26T11:19:29+00:00","og_image":[{"width":800,"height":800,"url":"https:\/\/www.vetorino.com\/boutique\/wp-content\/uploads\/2020\/03\/w1-weight-loss-diabetes-cat.webp","type":"image\/webp"}],"twitter_card":"summary_large_image","twitter_misc":{"Disponibilit\u00e9":"En stock"},"schema":{"@context":"https:\/\/schema.org","@graph":[{"@type":"WebPage","@id":"https:\/\/www.vetorino.com\/boutique\/product\/vet-hpm-cat-weight-ld\/","url":"https:\/\/www.vetorino.com\/boutique\/product\/vet-hpm-cat-weight-ld\/","name":"Veterinary HPM (Virbac) W1 Weight Loss & Diabetes - chat Virbac - V\u00e9torino","isPartOf":{"@id":"https:\/\/www.vetorino.com\/boutique\/#website"},"primaryImageOfPage":{"@id":"https:\/\/www.vetorino.com\/boutique\/product\/vet-hpm-cat-weight-ld\/#primaryimage"},"image":{"@id":"https:\/\/www.vetorino.com\/boutique\/product\/vet-hpm-cat-weight-ld\/#primaryimage"},"thumbnailUrl":"https:\/\/www.vetorino.com\/boutique\/wp-content\/uploads\/2020\/03\/w1-weight-loss-diabetes-cat.webp","datePublished":"2020-03-04T22:54:51+00:00","dateModified":"2026-02-26T11:19:29+00:00","description":"Aliment di\u00e9t\u00e9tique et \u00e9quilibr\u00e9 pour\u00a0chats avec un surpoids sup\u00e9rieur \u00e0 30 %,\u00a0avec ou sans diab\u00e8te. Aide \u00e0 r\u00e9duire la masse grasse et \u00e0 stabiliser la glyc\u00e9mie. Utilisation\u00a0: Chat en surpoids de plus de 30% Associ\u00e9 ou non \u00e0 du diab\u00e8te","breadcrumb":{"@id":"https:\/\/www.vetorino.com\/boutique\/product\/vet-hpm-cat-weight-ld\/#breadcrumb"},"inLanguage":"fr-FR","potentialAction":[{"@type":"ReadAction","target":["https:\/\/www.vetorino.com\/boutique\/product\/vet-hpm-cat-weight-ld\/"]}]},{"@type":"ImageObject","inLanguage":"fr-FR","@id":"https:\/\/www.vetorino.com\/boutique\/product\/vet-hpm-cat-weight-ld\/#primaryimage","url":"https:\/\/www.vetorino.com\/boutique\/wp-content\/uploads\/2020\/03\/w1-weight-loss-diabetes-cat.webp","contentUrl":"https:\/\/www.vetorino.com\/boutique\/wp-content\/uploads\/2020\/03\/w1-weight-loss-diabetes-cat.webp","width":800,"height":800},{"@type":"BreadcrumbList","@id":"https:\/\/www.vetorino.com\/boutique\/product\/vet-hpm-cat-weight-ld\/#breadcrumb","itemListElement":[{"@type":"ListItem","position":1,"name":"Accueil","item":"https:\/\/www.vetorino.com\/boutique\/"},{"@type":"ListItem","position":2,"name":"Produits","item":"https:\/\/www.vetorino.com\/boutique\/"},{"@type":"ListItem","position":3,"name":"W1 Weight Loss &#038; Diabetes &#8211; chat"}]},{"@type":"WebSite","@id":"https:\/\/www.vetorino.com\/boutique\/#website","url":"https:\/\/www.vetorino.com\/boutique\/","name":"V\u00e9torino","description":"","publisher":{"@id":"https:\/\/www.vetorino.com\/boutique\/#organization"},"potentialAction":[{"@type":"SearchAction","target":{"@type":"EntryPoint","urlTemplate":"https:\/\/www.vetorino.com\/boutique\/?s={search_term_string}"},"query-input":{"@type":"PropertyValueSpecification","valueRequired":true,"valueName":"search_term_string"}}],"inLanguage":"fr-FR"},{"@type":"Organization","@id":"https:\/\/www.vetorino.com\/boutique\/#organization","name":"V\u00e9torino","url":"https:\/\/www.vetorino.com\/boutique\/","logo":{"@type":"ImageObject","inLanguage":"fr-FR","@id":"https:\/\/www.vetorino.com\/boutique\/#\/schema\/logo\/image\/","url":"https:\/\/www.vetorino.com\/boutique\/wp-content\/uploads\/2024\/10\/logo.jpg","contentUrl":"https:\/\/www.vetorino.com\/boutique\/wp-content\/uploads\/2024\/10\/logo.jpg","width":1200,"height":610,"caption":"V\u00e9torino"},"image":{"@id":"https:\/\/www.vetorino.com\/boutique\/#\/schema\/logo\/image\/"},"sameAs":["https:\/\/www.facebook.com\/Vetorino\/","https:\/\/www.instagram.com\/vetorino_off\/","https:\/\/www.linkedin.com\/company\/vtorino\/"]}]},"product_brand":"Virbac","og_availability":"instock","product_availability":"instock","product_condition":"new"},"_links":{"self":[{"href":"https:\/\/www.vetorino.com\/veterinaire\/prunelli-di-fiumorbo-20243\/boutique\/wp-json\/wp\/v2\/product\/37467","targetHints":{"allow":["GET"]}}],"collection":[{"href":"https:\/\/www.vetorino.com\/veterinaire\/prunelli-di-fiumorbo-20243\/boutique\/wp-json\/wp\/v2\/product"}],"about":[{"href":"https:\/\/www.vetorino.com\/veterinaire\/prunelli-di-fiumorbo-20243\/boutique\/wp-json\/wp\/v2\/types\/product"}],"wp:featuredmedia":[{"embeddable":true,"href":"https:\/\/www.vetorino.com\/veterinaire\/prunelli-di-fiumorbo-20243\/boutique\/wp-json\/wp\/v2\/media\/1720462"}],"wp:attachment":[{"href":"https:\/\/www.vetorino.com\/veterinaire\/prunelli-di-fiumorbo-20243\/boutique\/wp-json\/wp\/v2\/media?parent=37467"}],"wp:term":[{"taxonomy":"product_cat","embeddable":true,"href":"https:\/\/www.vetorino.com\/veterinaire\/prunelli-di-fiumorbo-20243\/boutique\/wp-json\/wp\/v2\/product_cat?post=37467"},{"taxonomy":"product_tag","embeddable":true,"href":"https:\/\/www.vetorino.com\/veterinaire\/prunelli-di-fiumorbo-20243\/boutique\/wp-json\/wp\/v2\/product_tag?post=37467"}],"curies":[{"name":"wp","href":"https:\/\/api.w.org\/{rel}","templated":true}]}}