{"id":37608,"date":"2020-03-04T23:55:38","date_gmt":"2020-03-04T22:55:38","guid":{"rendered":"https:\/\/www.vetorino.com\/boutique\/product\/vet-hpm-cat-adult-neutered-saumon\/"},"modified":"2025-07-17T12:06:40","modified_gmt":"2025-07-17T10:06:40","slug":"vet-hpm-cat-adult-neutered-saumon","status":"publish","type":"product","link":"https:\/\/www.vetorino.com\/veterinaire\/prunelli-di-fiumorbo-20243\/boutique\/product\/vet-hpm-cat-adult-neutered-saumon\/","title":{"rendered":"Adult Neutered &amp; Entire Cat Saumon"},"content":{"rendered":"<p><strong>VIRBAC Adult Neutered &amp; Entire Cat Saumon est un aliment complet et nutritif pour chat adulte s\u00e9dentaire, qu\u2019il soit st\u00e9rilis\u00e9 ou non.<\/strong><\/p>\n<p><strong>Utilisation :<\/strong><\/p>\n<ul>\n<li>Chat adulte st\u00e9rilis\u00e9 ou entier, \u00e0 partir de l\u2019\u00e2ge de 1 an.<\/li>\n<li>Entretien physiologique et pr\u00e9vention du risque de surpoids et d\u2019affections urinaires.<\/li>\n<\/ul>\n<p><strong>Bienfaits essentiels:<\/strong><\/p>\n<ul>\n<li>Riche en prot\u00e9ines, dont environ 90% de prot\u00e9ines animales (1er ingr\u00e9dient) et pauvre en glucides<\/li>\n<li>Haute app\u00e9tence<\/li>\n<li>Fabrication fran\u00e7aise sans gluten, sans colorant, ni ar\u00f4me artificiel ajout\u00e9s<\/li>\n<li>Ingr\u00e9dients sant\u00e9 de haute qualit\u00e9 s\u00e9lectionn\u00e9s par des v\u00e9t\u00e9rinaires nutritionnistes<\/li>\n<li>Mati\u00e8res premi\u00e8res v\u00e9g\u00e9tales issues de cultures non-OGM<\/li>\n<\/ul>\n<p><strong>Aliment fabriqu\u00e9 en France :<br \/>\n<\/strong>C\u2019est dans le sud de la France, au sein de Virbac Nutrition \u00e0 Vauvert (Camargue), que la gamme est produite et conditionn\u00e9e.<br \/>\nLes aliments sont issus d\u2019une expertise d\u00e9di\u00e9e \u00e0 la nutrition pour chiens et chats afin de r\u00e9pondre aux exigences des propri\u00e9taires en mati\u00e8re de qualit\u00e9, tra\u00e7abilit\u00e9 et s\u00e9curit\u00e9 alimentaire.<\/p>\n","protected":false},"excerpt":{"rendered":"<p><strong>VIRBAC Adult Neutered &amp; Entire Cat Saumon est un aliment complet et nutritif pour chat adulte s\u00e9dentaire, qu\u2019il soit st\u00e9rilis\u00e9 ou non.<\/strong><\/p>\n<p><strong>Utilisation :<\/strong><\/p>\n<ul>\n<li>Chat adulte st\u00e9rilis\u00e9 ou non, \u00e0 partir de l\u2019\u00e2ge de 1 an.<\/li>\n<\/ul>\n","protected":false},"featured_media":1356278,"template":"","meta":[],"product_cat":[12551,12583,2697],"product_tag":[],"class_list":{"0":"post-37608","1":"product","2":"type-product","3":"status-publish","4":"has-post-thumbnail","6":"product_cat-alimentation-du-chat","7":"product_cat-alimentation-premium-pour-chat","8":"product_cat-chat","9":"pa_marque-virbac","11":"first","12":"instock","13":"taxable","14":"shipping-taxable","15":"purchasable","16":"product-type-variable"},"yoast_head":"<!-- This site is optimized with the Yoast SEO plugin v27.3 - https:\/\/yoast.com\/product\/yoast-seo-wordpress\/ -->\n<title>Veterinary HPM (Virbac) Adult Neutered &amp; Entire Cat Saumon Virbac - V\u00e9torino<\/title>\n<meta name=\"description\" content=\"VIRBAC Adult Neutered &amp; Entire Cat Saumon est un aliment complet et nutritif pour chat adulte s\u00e9dentaire, qu\u2019il soit st\u00e9rilis\u00e9 ou non.  Utilisation :   Chat adulte st\u00e9rilis\u00e9 ou non, \u00e0 partir de l\u2019\u00e2ge de 1 an.\" \/>\n<meta name=\"robots\" content=\"noindex, nofollow\" \/>\n<meta property=\"og:locale\" content=\"fr_FR\" \/>\n<meta property=\"og:type\" content=\"article\" \/>\n<meta property=\"og:title\" content=\"Veterinary HPM (Virbac) Adult Neutered &amp; Entire Cat Saumon Virbac - V\u00e9torino\" \/>\n<meta property=\"og:description\" content=\"VIRBAC Adult Neutered &amp; Entire Cat Saumon est un aliment complet et nutritif pour chat adulte s\u00e9dentaire, qu\u2019il soit st\u00e9rilis\u00e9 ou non.  Utilisation :   Chat adulte st\u00e9rilis\u00e9 ou non, \u00e0 partir de l\u2019\u00e2ge de 1 an.\" \/>\n<meta property=\"og:url\" content=\"https:\/\/www.vetorino.com\/veterinaire\/prunelli-di-fiumorbo-20243\/boutique\/product\/vet-hpm-cat-adult-neutered-saumon\/\" \/>\n<meta property=\"og:site_name\" content=\"V\u00e9torino\" \/>\n<meta property=\"article:publisher\" content=\"https:\/\/www.facebook.com\/Vetorino\/\" \/>\n<meta property=\"article:modified_time\" content=\"2025-07-17T10:06:40+00:00\" \/>\n<meta property=\"og:image\" content=\"https:\/\/www.vetorino.com\/boutique\/wp-content\/uploads\/2025\/06\/virbac-croquette-saumon-chat-adulte-entier1-copie.jpg\" \/>\n\t<meta property=\"og:image:width\" content=\"640\" \/>\n\t<meta property=\"og:image:height\" content=\"640\" \/>\n\t<meta property=\"og:image:type\" content=\"image\/jpeg\" \/>\n<meta name=\"twitter:card\" content=\"summary_large_image\" \/>\n<meta name=\"twitter:label1\" content=\"Disponibilit\u00e9\" \/>\n\t<meta name=\"twitter:data1\" content=\"En stock\" \/>\n<script type=\"application\/ld+json\" class=\"yoast-schema-graph\">{\"@context\":\"https:\\\/\\\/schema.org\",\"@graph\":[{\"@type\":\"WebPage\",\"@id\":\"https:\\\/\\\/www.vetorino.com\\\/boutique\\\/product\\\/vet-hpm-cat-adult-neutered-saumon\\\/\",\"url\":\"https:\\\/\\\/www.vetorino.com\\\/boutique\\\/product\\\/vet-hpm-cat-adult-neutered-saumon\\\/\",\"name\":\"Veterinary HPM (Virbac) Adult Neutered &amp; Entire Cat Saumon Virbac - V\u00e9torino\",\"isPartOf\":{\"@id\":\"https:\\\/\\\/www.vetorino.com\\\/boutique\\\/#website\"},\"primaryImageOfPage\":{\"@id\":\"https:\\\/\\\/www.vetorino.com\\\/boutique\\\/product\\\/vet-hpm-cat-adult-neutered-saumon\\\/#primaryimage\"},\"image\":{\"@id\":\"https:\\\/\\\/www.vetorino.com\\\/boutique\\\/product\\\/vet-hpm-cat-adult-neutered-saumon\\\/#primaryimage\"},\"thumbnailUrl\":\"https:\\\/\\\/www.vetorino.com\\\/boutique\\\/wp-content\\\/uploads\\\/2025\\\/06\\\/virbac-croquette-saumon-chat-adulte-entier1-copie.jpg\",\"datePublished\":\"2020-03-04T22:55:38+00:00\",\"dateModified\":\"2025-07-17T10:06:40+00:00\",\"description\":\"VIRBAC Adult Neutered &amp; Entire Cat Saumon est un aliment complet et nutritif pour chat adulte s\u00e9dentaire, qu\u2019il soit st\u00e9rilis\u00e9 ou non. Utilisation : Chat adulte st\u00e9rilis\u00e9 ou non, \u00e0 partir de l\u2019\u00e2ge de 1 an.\",\"breadcrumb\":{\"@id\":\"https:\\\/\\\/www.vetorino.com\\\/boutique\\\/product\\\/vet-hpm-cat-adult-neutered-saumon\\\/#breadcrumb\"},\"inLanguage\":\"fr-FR\",\"potentialAction\":[{\"@type\":\"ReadAction\",\"target\":[\"https:\\\/\\\/www.vetorino.com\\\/boutique\\\/product\\\/vet-hpm-cat-adult-neutered-saumon\\\/\"]}]},{\"@type\":\"ImageObject\",\"inLanguage\":\"fr-FR\",\"@id\":\"https:\\\/\\\/www.vetorino.com\\\/boutique\\\/product\\\/vet-hpm-cat-adult-neutered-saumon\\\/#primaryimage\",\"url\":\"https:\\\/\\\/www.vetorino.com\\\/boutique\\\/wp-content\\\/uploads\\\/2025\\\/06\\\/virbac-croquette-saumon-chat-adulte-entier1-copie.jpg\",\"contentUrl\":\"https:\\\/\\\/www.vetorino.com\\\/boutique\\\/wp-content\\\/uploads\\\/2025\\\/06\\\/virbac-croquette-saumon-chat-adulte-entier1-copie.jpg\",\"width\":640,\"height\":640},{\"@type\":\"BreadcrumbList\",\"@id\":\"https:\\\/\\\/www.vetorino.com\\\/boutique\\\/product\\\/vet-hpm-cat-adult-neutered-saumon\\\/#breadcrumb\",\"itemListElement\":[{\"@type\":\"ListItem\",\"position\":1,\"name\":\"Accueil\",\"item\":\"https:\\\/\\\/www.vetorino.com\\\/boutique\\\/\"},{\"@type\":\"ListItem\",\"position\":2,\"name\":\"Produits\",\"item\":\"https:\\\/\\\/www.vetorino.com\\\/boutique\\\/\"},{\"@type\":\"ListItem\",\"position\":3,\"name\":\"Adult Neutered &amp; Entire Cat Saumon\"}]},{\"@type\":\"WebSite\",\"@id\":\"https:\\\/\\\/www.vetorino.com\\\/boutique\\\/#website\",\"url\":\"https:\\\/\\\/www.vetorino.com\\\/boutique\\\/\",\"name\":\"V\u00e9torino\",\"description\":\"\",\"publisher\":{\"@id\":\"https:\\\/\\\/www.vetorino.com\\\/boutique\\\/#organization\"},\"potentialAction\":[{\"@type\":\"SearchAction\",\"target\":{\"@type\":\"EntryPoint\",\"urlTemplate\":\"https:\\\/\\\/www.vetorino.com\\\/boutique\\\/?s={search_term_string}\"},\"query-input\":{\"@type\":\"PropertyValueSpecification\",\"valueRequired\":true,\"valueName\":\"search_term_string\"}}],\"inLanguage\":\"fr-FR\"},{\"@type\":\"Organization\",\"@id\":\"https:\\\/\\\/www.vetorino.com\\\/boutique\\\/#organization\",\"name\":\"V\u00e9torino\",\"url\":\"https:\\\/\\\/www.vetorino.com\\\/boutique\\\/\",\"logo\":{\"@type\":\"ImageObject\",\"inLanguage\":\"fr-FR\",\"@id\":\"https:\\\/\\\/www.vetorino.com\\\/boutique\\\/#\\\/schema\\\/logo\\\/image\\\/\",\"url\":\"https:\\\/\\\/www.vetorino.com\\\/boutique\\\/wp-content\\\/uploads\\\/2024\\\/10\\\/logo.jpg\",\"contentUrl\":\"https:\\\/\\\/www.vetorino.com\\\/boutique\\\/wp-content\\\/uploads\\\/2024\\\/10\\\/logo.jpg\",\"width\":1200,\"height\":610,\"caption\":\"V\u00e9torino\"},\"image\":{\"@id\":\"https:\\\/\\\/www.vetorino.com\\\/boutique\\\/#\\\/schema\\\/logo\\\/image\\\/\"},\"sameAs\":[\"https:\\\/\\\/www.facebook.com\\\/Vetorino\\\/\",\"https:\\\/\\\/www.instagram.com\\\/vetorino_off\\\/\",\"https:\\\/\\\/www.linkedin.com\\\/company\\\/vtorino\\\/\"]}]}<\/script>\n<meta property=\"product:brand\" content=\"Virbac\" \/>\n<meta property=\"og:availability\" content=\"instock\" \/>\n<meta property=\"product:availability\" content=\"instock\" \/>\n<meta property=\"product:condition\" content=\"new\" \/>\n<!-- \/ Yoast SEO plugin. -->","yoast_head_json":{"title":"Veterinary HPM (Virbac) Adult Neutered &amp; Entire Cat Saumon Virbac - V\u00e9torino","description":"VIRBAC Adult Neutered &amp; Entire Cat Saumon est un aliment complet et nutritif pour chat adulte s\u00e9dentaire, qu\u2019il soit st\u00e9rilis\u00e9 ou non.  Utilisation :   Chat adulte st\u00e9rilis\u00e9 ou non, \u00e0 partir de l\u2019\u00e2ge de 1 an.","robots":{"index":"noindex","follow":"nofollow"},"og_locale":"fr_FR","og_type":"article","og_title":"Veterinary HPM (Virbac) Adult Neutered &amp; Entire Cat Saumon Virbac - V\u00e9torino","og_description":"VIRBAC Adult Neutered &amp; Entire Cat Saumon est un aliment complet et nutritif pour chat adulte s\u00e9dentaire, qu\u2019il soit st\u00e9rilis\u00e9 ou non.  Utilisation :   Chat adulte st\u00e9rilis\u00e9 ou non, \u00e0 partir de l\u2019\u00e2ge de 1 an.","og_url":"https:\/\/www.vetorino.com\/veterinaire\/prunelli-di-fiumorbo-20243\/boutique\/product\/vet-hpm-cat-adult-neutered-saumon\/","og_site_name":"V\u00e9torino","article_publisher":"https:\/\/www.facebook.com\/Vetorino\/","article_modified_time":"2025-07-17T10:06:40+00:00","og_image":[{"width":640,"height":640,"url":"https:\/\/www.vetorino.com\/boutique\/wp-content\/uploads\/2025\/06\/virbac-croquette-saumon-chat-adulte-entier1-copie.jpg","type":"image\/jpeg"}],"twitter_card":"summary_large_image","twitter_misc":{"Disponibilit\u00e9":"En stock"},"schema":{"@context":"https:\/\/schema.org","@graph":[{"@type":"WebPage","@id":"https:\/\/www.vetorino.com\/boutique\/product\/vet-hpm-cat-adult-neutered-saumon\/","url":"https:\/\/www.vetorino.com\/boutique\/product\/vet-hpm-cat-adult-neutered-saumon\/","name":"Veterinary HPM (Virbac) Adult Neutered &amp; Entire Cat Saumon Virbac - V\u00e9torino","isPartOf":{"@id":"https:\/\/www.vetorino.com\/boutique\/#website"},"primaryImageOfPage":{"@id":"https:\/\/www.vetorino.com\/boutique\/product\/vet-hpm-cat-adult-neutered-saumon\/#primaryimage"},"image":{"@id":"https:\/\/www.vetorino.com\/boutique\/product\/vet-hpm-cat-adult-neutered-saumon\/#primaryimage"},"thumbnailUrl":"https:\/\/www.vetorino.com\/boutique\/wp-content\/uploads\/2025\/06\/virbac-croquette-saumon-chat-adulte-entier1-copie.jpg","datePublished":"2020-03-04T22:55:38+00:00","dateModified":"2025-07-17T10:06:40+00:00","description":"VIRBAC Adult Neutered &amp; Entire Cat Saumon est un aliment complet et nutritif pour chat adulte s\u00e9dentaire, qu\u2019il soit st\u00e9rilis\u00e9 ou non. Utilisation : Chat adulte st\u00e9rilis\u00e9 ou non, \u00e0 partir de l\u2019\u00e2ge de 1 an.","breadcrumb":{"@id":"https:\/\/www.vetorino.com\/boutique\/product\/vet-hpm-cat-adult-neutered-saumon\/#breadcrumb"},"inLanguage":"fr-FR","potentialAction":[{"@type":"ReadAction","target":["https:\/\/www.vetorino.com\/boutique\/product\/vet-hpm-cat-adult-neutered-saumon\/"]}]},{"@type":"ImageObject","inLanguage":"fr-FR","@id":"https:\/\/www.vetorino.com\/boutique\/product\/vet-hpm-cat-adult-neutered-saumon\/#primaryimage","url":"https:\/\/www.vetorino.com\/boutique\/wp-content\/uploads\/2025\/06\/virbac-croquette-saumon-chat-adulte-entier1-copie.jpg","contentUrl":"https:\/\/www.vetorino.com\/boutique\/wp-content\/uploads\/2025\/06\/virbac-croquette-saumon-chat-adulte-entier1-copie.jpg","width":640,"height":640},{"@type":"BreadcrumbList","@id":"https:\/\/www.vetorino.com\/boutique\/product\/vet-hpm-cat-adult-neutered-saumon\/#breadcrumb","itemListElement":[{"@type":"ListItem","position":1,"name":"Accueil","item":"https:\/\/www.vetorino.com\/boutique\/"},{"@type":"ListItem","position":2,"name":"Produits","item":"https:\/\/www.vetorino.com\/boutique\/"},{"@type":"ListItem","position":3,"name":"Adult Neutered &amp; Entire Cat Saumon"}]},{"@type":"WebSite","@id":"https:\/\/www.vetorino.com\/boutique\/#website","url":"https:\/\/www.vetorino.com\/boutique\/","name":"V\u00e9torino","description":"","publisher":{"@id":"https:\/\/www.vetorino.com\/boutique\/#organization"},"potentialAction":[{"@type":"SearchAction","target":{"@type":"EntryPoint","urlTemplate":"https:\/\/www.vetorino.com\/boutique\/?s={search_term_string}"},"query-input":{"@type":"PropertyValueSpecification","valueRequired":true,"valueName":"search_term_string"}}],"inLanguage":"fr-FR"},{"@type":"Organization","@id":"https:\/\/www.vetorino.com\/boutique\/#organization","name":"V\u00e9torino","url":"https:\/\/www.vetorino.com\/boutique\/","logo":{"@type":"ImageObject","inLanguage":"fr-FR","@id":"https:\/\/www.vetorino.com\/boutique\/#\/schema\/logo\/image\/","url":"https:\/\/www.vetorino.com\/boutique\/wp-content\/uploads\/2024\/10\/logo.jpg","contentUrl":"https:\/\/www.vetorino.com\/boutique\/wp-content\/uploads\/2024\/10\/logo.jpg","width":1200,"height":610,"caption":"V\u00e9torino"},"image":{"@id":"https:\/\/www.vetorino.com\/boutique\/#\/schema\/logo\/image\/"},"sameAs":["https:\/\/www.facebook.com\/Vetorino\/","https:\/\/www.instagram.com\/vetorino_off\/","https:\/\/www.linkedin.com\/company\/vtorino\/"]}]},"product_brand":"Virbac","og_availability":"instock","product_availability":"instock","product_condition":"new"},"_links":{"self":[{"href":"https:\/\/www.vetorino.com\/veterinaire\/prunelli-di-fiumorbo-20243\/boutique\/wp-json\/wp\/v2\/product\/37608","targetHints":{"allow":["GET"]}}],"collection":[{"href":"https:\/\/www.vetorino.com\/veterinaire\/prunelli-di-fiumorbo-20243\/boutique\/wp-json\/wp\/v2\/product"}],"about":[{"href":"https:\/\/www.vetorino.com\/veterinaire\/prunelli-di-fiumorbo-20243\/boutique\/wp-json\/wp\/v2\/types\/product"}],"wp:featuredmedia":[{"embeddable":true,"href":"https:\/\/www.vetorino.com\/veterinaire\/prunelli-di-fiumorbo-20243\/boutique\/wp-json\/wp\/v2\/media\/1356278"}],"wp:attachment":[{"href":"https:\/\/www.vetorino.com\/veterinaire\/prunelli-di-fiumorbo-20243\/boutique\/wp-json\/wp\/v2\/media?parent=37608"}],"wp:term":[{"taxonomy":"product_cat","embeddable":true,"href":"https:\/\/www.vetorino.com\/veterinaire\/prunelli-di-fiumorbo-20243\/boutique\/wp-json\/wp\/v2\/product_cat?post=37608"},{"taxonomy":"product_tag","embeddable":true,"href":"https:\/\/www.vetorino.com\/veterinaire\/prunelli-di-fiumorbo-20243\/boutique\/wp-json\/wp\/v2\/product_tag?post=37608"}],"curies":[{"name":"wp","href":"https:\/\/api.w.org\/{rel}","templated":true}]}}