{"id":37678,"date":"2020-03-04T23:56:02","date_gmt":"2020-03-04T22:56:02","guid":{"rendered":"https:\/\/www.vetorino.com\/boutique\/product\/feline-c-d-urinary-stress-saumon-sachet-fraicheur\/"},"modified":"2025-11-17T16:07:26","modified_gmt":"2025-11-17T15:07:26","slug":"feline-c-d-urinary-stress-saumon-sachet-fraicheur","status":"publish","type":"product","link":"https:\/\/www.vetorino.com\/veterinaire\/prunelli-di-fiumorbo-20243\/boutique\/product\/feline-c-d-urinary-stress-saumon-sachet-fraicheur\/","title":{"rendered":"Chat c\/d Urinary Stress Multicare au Saumon"},"content":{"rendered":"<p><b>Hill&#8217;s Prescription Diet c\/d Feline Urinary Stress Saumon est cliniquement prouv\u00e9 pour r\u00e9duire les r\u00e9cidives de signes les plus courants des Affections du Bas Urinaire F\u00e9lin et contient des ingr\u00e9dients pour contr\u00f4ler le stress, facteur de risque.<\/b><\/p>\n<p><strong>Utilisation :<\/strong><\/p>\n<ul>\n<li>Chat sujet aux signes les plus courants des Affections du Bas Urinaire F\u00e9lin<\/li>\n<li>Cristaux et calculs de struvite, d\u2019oxalate de calcium et de phosphate de calcium<\/li>\n<\/ul>\n<p><strong>Bienfaits essentiels :<\/strong><\/p>\n<ul>\n<li>Cliniquement prouv\u00e9 pour r<strong>\u00e9duire de 89 %\u00a0les r\u00e9cidives\u00a0de\u00a0<\/strong><b>signes les plus courants des Affections du Bas Urinaire F\u00e9lin<\/b><\/li>\n<li>Contient du\u00a0L-tryptophane et de l&#8217;hydrolysat de prot\u00e9ine de lait pour<strong>\u00a0contr\u00f4ler le stress<\/strong>, facteur de risque connu des Affections du Bas Urinaire F\u00e9lin.<\/li>\n<li>Cliniquement prouv\u00e9 pour\u00a0<strong>dissoudre les calculs de struvite<\/strong>\u00a0en seulement 14 jours.<\/li>\n<li><strong>Tr\u00e8s app\u00e9tent<\/strong>\u00a0pour le plus grand plaisir de votre animal.<\/li>\n<li>Essayez \u00e9galement nos d\u00e9licieuses vari\u00e9t\u00e9s de sachets repas au Poulet et au Saumon.<\/li>\n<\/ul>\n<p><strong>Ce produit est destin\u00e9 \u00e0 l&#8217;usage v\u00e9t\u00e9rinaire. Avant tout achat, nous vous conseillons de demander conseil \u00e0 votre v\u00e9t\u00e9rinaire.<\/strong><\/p>\n","protected":false},"excerpt":{"rendered":"<div id=\"ctl00_MasterBody_FicheArticlePanel\">\n<div class=\"ficheArticleSmall\">\n<div class=\"ficheArticleSmallContents\">\n<div><b>Prouv\u00e9 pour r\u00e9duire les r\u00e9cidives de signes les plus courants des Affections du Bas Urinaire F\u00e9line et contient des ingr\u00e9dients pour contr\u00f4ler le stress, facteur de risque.<br \/>\n<\/b><\/div>\n<\/div>\n<\/div>\n<\/div>\n<div class=\"ficheArticleSmall\">\n<p><strong>Utilisation :<\/strong><\/p>\n<ul>\n<li>Chat sujet aux signes les plus courants des Affections du Bas Urinaire F\u00e9lin<\/li>\n<li>Cristaux et calculs de struvite, d\u2019oxalate de calcium et de phosphate de calcium<\/li>\n<\/ul>\n<\/div>\n","protected":false},"featured_media":487013,"template":"","meta":[],"product_cat":[12551,12581,12567,12645,2697],"product_tag":[],"class_list":{"0":"post-37678","1":"product","2":"type-product","3":"status-publish","4":"has-post-thumbnail","6":"product_cat-alimentation-du-chat","7":"product_cat-alimentation-medicalisee-pour-chat","8":"product_cat-produit-veterinaire-du-chat","9":"product_cat-systeme-urinaire-du-chat","10":"product_cat-chat","11":"pa_marque-hills-pet-nutrition","13":"first","14":"instock","15":"taxable","16":"shipping-taxable","17":"purchasable","18":"product-type-simple"},"yoast_head":"<!-- This site is optimized with the Yoast SEO plugin v27.3 - https:\/\/yoast.com\/product\/yoast-seo-wordpress\/ -->\n<title>Prescription Diet (Hill&#039;s) Chat c\/d Urinary Stress Multicare au Saumon Hill&#039;s - V\u00e9torino<\/title>\n<meta name=\"description\" content=\"Hill&#039;s Feline C\/D Urinary Stress Saumon est cliniquement prouv\u00e9 pour r\u00e9duire les r\u00e9cidives de signes de cystite idiopathique f\u00e9line\" \/>\n<meta name=\"robots\" content=\"noindex, nofollow\" \/>\n<meta property=\"og:locale\" content=\"fr_FR\" \/>\n<meta property=\"og:type\" content=\"article\" \/>\n<meta property=\"og:title\" content=\"Prescription Diet (Hill&#039;s) Chat c\/d Urinary Stress Multicare au Saumon Hill&#039;s - V\u00e9torino\" \/>\n<meta property=\"og:description\" content=\"Hill&#039;s Feline C\/D Urinary Stress Saumon est cliniquement prouv\u00e9 pour r\u00e9duire les r\u00e9cidives de signes de cystite idiopathique f\u00e9line\" \/>\n<meta property=\"og:url\" content=\"https:\/\/www.vetorino.com\/veterinaire\/prunelli-di-fiumorbo-20243\/boutique\/product\/feline-c-d-urinary-stress-saumon-sachet-fraicheur\/\" \/>\n<meta property=\"og:site_name\" content=\"V\u00e9torino\" \/>\n<meta property=\"article:publisher\" content=\"https:\/\/www.facebook.com\/Vetorino\/\" \/>\n<meta property=\"article:modified_time\" content=\"2025-11-17T15:07:26+00:00\" \/>\n<meta property=\"og:image\" content=\"https:\/\/www.vetorino.com\/boutique\/wp-content\/uploads\/2020\/03\/52742286303_1-prescription-diet-chat-c-d-urinary-stress-sachet-repas-saumon-1.jpg\" \/>\n\t<meta property=\"og:image:width\" content=\"2000\" \/>\n\t<meta property=\"og:image:height\" content=\"2000\" \/>\n\t<meta property=\"og:image:type\" content=\"image\/jpeg\" \/>\n<meta name=\"twitter:card\" content=\"summary_large_image\" \/>\n<meta name=\"twitter:label1\" content=\"Prix\" \/>\n\t<meta name=\"twitter:data1\" content=\"18,23&euro;\" \/>\n\t<meta name=\"twitter:label2\" content=\"Disponibilit\u00e9\" \/>\n\t<meta name=\"twitter:data2\" content=\"En stock\" \/>\n<script type=\"application\/ld+json\" class=\"yoast-schema-graph\">{\"@context\":\"https:\\\/\\\/schema.org\",\"@graph\":[{\"@type\":\"WebPage\",\"@id\":\"https:\\\/\\\/www.vetorino.com\\\/veterinaire\\\/briancon-05100\\\/boutique\\\/product\\\/feline-c-d-urinary-stress-saumon-sachet-fraicheur\\\/\",\"url\":\"https:\\\/\\\/www.vetorino.com\\\/veterinaire\\\/briancon-05100\\\/boutique\\\/product\\\/feline-c-d-urinary-stress-saumon-sachet-fraicheur\\\/\",\"name\":\"Prescription Diet (Hill's) Chat c\\\/d Urinary Stress Multicare au Saumon Hill's - V\u00e9torino\",\"isPartOf\":{\"@id\":\"https:\\\/\\\/www.vetorino.com\\\/boutique\\\/#website\"},\"primaryImageOfPage\":{\"@id\":\"https:\\\/\\\/www.vetorino.com\\\/veterinaire\\\/briancon-05100\\\/boutique\\\/product\\\/feline-c-d-urinary-stress-saumon-sachet-fraicheur\\\/#primaryimage\"},\"image\":{\"@id\":\"https:\\\/\\\/www.vetorino.com\\\/veterinaire\\\/briancon-05100\\\/boutique\\\/product\\\/feline-c-d-urinary-stress-saumon-sachet-fraicheur\\\/#primaryimage\"},\"thumbnailUrl\":\"https:\\\/\\\/www.vetorino.com\\\/boutique\\\/wp-content\\\/uploads\\\/2020\\\/03\\\/52742286303_1-prescription-diet-chat-c-d-urinary-stress-sachet-repas-saumon-1.jpg\",\"datePublished\":\"2020-03-04T22:56:02+00:00\",\"dateModified\":\"2025-11-17T15:07:26+00:00\",\"description\":\"Hill's Feline C\\\/D Urinary Stress Saumon est cliniquement prouv\u00e9 pour r\u00e9duire les r\u00e9cidives de signes de cystite idiopathique f\u00e9line\",\"breadcrumb\":{\"@id\":\"https:\\\/\\\/www.vetorino.com\\\/veterinaire\\\/briancon-05100\\\/boutique\\\/product\\\/feline-c-d-urinary-stress-saumon-sachet-fraicheur\\\/#breadcrumb\"},\"inLanguage\":\"fr-FR\",\"potentialAction\":[{\"@type\":\"ReadAction\",\"target\":[\"https:\\\/\\\/www.vetorino.com\\\/veterinaire\\\/briancon-05100\\\/boutique\\\/product\\\/feline-c-d-urinary-stress-saumon-sachet-fraicheur\\\/\"]}]},{\"@type\":\"ImageObject\",\"inLanguage\":\"fr-FR\",\"@id\":\"https:\\\/\\\/www.vetorino.com\\\/veterinaire\\\/briancon-05100\\\/boutique\\\/product\\\/feline-c-d-urinary-stress-saumon-sachet-fraicheur\\\/#primaryimage\",\"url\":\"https:\\\/\\\/www.vetorino.com\\\/boutique\\\/wp-content\\\/uploads\\\/2020\\\/03\\\/52742286303_1-prescription-diet-chat-c-d-urinary-stress-sachet-repas-saumon-1.jpg\",\"contentUrl\":\"https:\\\/\\\/www.vetorino.com\\\/boutique\\\/wp-content\\\/uploads\\\/2020\\\/03\\\/52742286303_1-prescription-diet-chat-c-d-urinary-stress-sachet-repas-saumon-1.jpg\",\"width\":2000,\"height\":2000},{\"@type\":\"BreadcrumbList\",\"@id\":\"https:\\\/\\\/www.vetorino.com\\\/veterinaire\\\/briancon-05100\\\/boutique\\\/product\\\/feline-c-d-urinary-stress-saumon-sachet-fraicheur\\\/#breadcrumb\",\"itemListElement\":[{\"@type\":\"ListItem\",\"position\":1,\"name\":\"Accueil\",\"item\":\"https:\\\/\\\/www.vetorino.com\\\/boutique\\\/\"},{\"@type\":\"ListItem\",\"position\":2,\"name\":\"Produits\",\"item\":\"https:\\\/\\\/www.vetorino.com\\\/boutique\\\/\"},{\"@type\":\"ListItem\",\"position\":3,\"name\":\"Chat c\\\/d Urinary Stress Multicare au Saumon\"}]},{\"@type\":\"WebSite\",\"@id\":\"https:\\\/\\\/www.vetorino.com\\\/boutique\\\/#website\",\"url\":\"https:\\\/\\\/www.vetorino.com\\\/boutique\\\/\",\"name\":\"V\u00e9torino\",\"description\":\"\",\"publisher\":{\"@id\":\"https:\\\/\\\/www.vetorino.com\\\/boutique\\\/#organization\"},\"potentialAction\":[{\"@type\":\"SearchAction\",\"target\":{\"@type\":\"EntryPoint\",\"urlTemplate\":\"https:\\\/\\\/www.vetorino.com\\\/boutique\\\/?s={search_term_string}\"},\"query-input\":{\"@type\":\"PropertyValueSpecification\",\"valueRequired\":true,\"valueName\":\"search_term_string\"}}],\"inLanguage\":\"fr-FR\"},{\"@type\":\"Organization\",\"@id\":\"https:\\\/\\\/www.vetorino.com\\\/boutique\\\/#organization\",\"name\":\"V\u00e9torino\",\"url\":\"https:\\\/\\\/www.vetorino.com\\\/boutique\\\/\",\"logo\":{\"@type\":\"ImageObject\",\"inLanguage\":\"fr-FR\",\"@id\":\"https:\\\/\\\/www.vetorino.com\\\/boutique\\\/#\\\/schema\\\/logo\\\/image\\\/\",\"url\":\"https:\\\/\\\/www.vetorino.com\\\/boutique\\\/wp-content\\\/uploads\\\/2024\\\/10\\\/logo.jpg\",\"contentUrl\":\"https:\\\/\\\/www.vetorino.com\\\/boutique\\\/wp-content\\\/uploads\\\/2024\\\/10\\\/logo.jpg\",\"width\":1200,\"height\":610,\"caption\":\"V\u00e9torino\"},\"image\":{\"@id\":\"https:\\\/\\\/www.vetorino.com\\\/boutique\\\/#\\\/schema\\\/logo\\\/image\\\/\"},\"sameAs\":[\"https:\\\/\\\/www.facebook.com\\\/Vetorino\\\/\",\"https:\\\/\\\/www.instagram.com\\\/vetorino_off\\\/\",\"https:\\\/\\\/www.linkedin.com\\\/company\\\/vtorino\\\/\"]}]}<\/script>\n<meta property=\"product:brand\" content=\"Hill&#039;s\" \/>\n<meta property=\"product:price:amount\" content=\"18.23\" \/>\n<meta property=\"product:price:currency\" content=\"EUR\" \/>\n<meta property=\"og:availability\" content=\"instock\" \/>\n<meta property=\"product:availability\" content=\"instock\" \/>\n<meta property=\"product:retailer_item_id\" content=\"A-8123179\" \/>\n<meta property=\"product:condition\" content=\"new\" \/>\n<!-- \/ Yoast SEO plugin. -->","yoast_head_json":{"title":"Prescription Diet (Hill's) Chat c\/d Urinary Stress Multicare au Saumon Hill's - V\u00e9torino","description":"Hill's Feline C\/D Urinary Stress Saumon est cliniquement prouv\u00e9 pour r\u00e9duire les r\u00e9cidives de signes de cystite idiopathique f\u00e9line","robots":{"index":"noindex","follow":"nofollow"},"og_locale":"fr_FR","og_type":"article","og_title":"Prescription Diet (Hill's) Chat c\/d Urinary Stress Multicare au Saumon Hill's - V\u00e9torino","og_description":"Hill's Feline C\/D Urinary Stress Saumon est cliniquement prouv\u00e9 pour r\u00e9duire les r\u00e9cidives de signes de cystite idiopathique f\u00e9line","og_url":"https:\/\/www.vetorino.com\/veterinaire\/prunelli-di-fiumorbo-20243\/boutique\/product\/feline-c-d-urinary-stress-saumon-sachet-fraicheur\/","og_site_name":"V\u00e9torino","article_publisher":"https:\/\/www.facebook.com\/Vetorino\/","article_modified_time":"2025-11-17T15:07:26+00:00","og_image":[{"width":2000,"height":2000,"url":"https:\/\/www.vetorino.com\/boutique\/wp-content\/uploads\/2020\/03\/52742286303_1-prescription-diet-chat-c-d-urinary-stress-sachet-repas-saumon-1.jpg","type":"image\/jpeg"}],"twitter_card":"summary_large_image","twitter_misc":{"Prix":"18,23&euro;","Disponibilit\u00e9":"En stock"},"schema":{"@context":"https:\/\/schema.org","@graph":[{"@type":"WebPage","@id":"https:\/\/www.vetorino.com\/veterinaire\/briancon-05100\/boutique\/product\/feline-c-d-urinary-stress-saumon-sachet-fraicheur\/","url":"https:\/\/www.vetorino.com\/veterinaire\/briancon-05100\/boutique\/product\/feline-c-d-urinary-stress-saumon-sachet-fraicheur\/","name":"Prescription Diet (Hill's) Chat c\/d Urinary Stress Multicare au Saumon Hill's - V\u00e9torino","isPartOf":{"@id":"https:\/\/www.vetorino.com\/boutique\/#website"},"primaryImageOfPage":{"@id":"https:\/\/www.vetorino.com\/veterinaire\/briancon-05100\/boutique\/product\/feline-c-d-urinary-stress-saumon-sachet-fraicheur\/#primaryimage"},"image":{"@id":"https:\/\/www.vetorino.com\/veterinaire\/briancon-05100\/boutique\/product\/feline-c-d-urinary-stress-saumon-sachet-fraicheur\/#primaryimage"},"thumbnailUrl":"https:\/\/www.vetorino.com\/boutique\/wp-content\/uploads\/2020\/03\/52742286303_1-prescription-diet-chat-c-d-urinary-stress-sachet-repas-saumon-1.jpg","datePublished":"2020-03-04T22:56:02+00:00","dateModified":"2025-11-17T15:07:26+00:00","description":"Hill's Feline C\/D Urinary Stress Saumon est cliniquement prouv\u00e9 pour r\u00e9duire les r\u00e9cidives de signes de cystite idiopathique f\u00e9line","breadcrumb":{"@id":"https:\/\/www.vetorino.com\/veterinaire\/briancon-05100\/boutique\/product\/feline-c-d-urinary-stress-saumon-sachet-fraicheur\/#breadcrumb"},"inLanguage":"fr-FR","potentialAction":[{"@type":"ReadAction","target":["https:\/\/www.vetorino.com\/veterinaire\/briancon-05100\/boutique\/product\/feline-c-d-urinary-stress-saumon-sachet-fraicheur\/"]}]},{"@type":"ImageObject","inLanguage":"fr-FR","@id":"https:\/\/www.vetorino.com\/veterinaire\/briancon-05100\/boutique\/product\/feline-c-d-urinary-stress-saumon-sachet-fraicheur\/#primaryimage","url":"https:\/\/www.vetorino.com\/boutique\/wp-content\/uploads\/2020\/03\/52742286303_1-prescription-diet-chat-c-d-urinary-stress-sachet-repas-saumon-1.jpg","contentUrl":"https:\/\/www.vetorino.com\/boutique\/wp-content\/uploads\/2020\/03\/52742286303_1-prescription-diet-chat-c-d-urinary-stress-sachet-repas-saumon-1.jpg","width":2000,"height":2000},{"@type":"BreadcrumbList","@id":"https:\/\/www.vetorino.com\/veterinaire\/briancon-05100\/boutique\/product\/feline-c-d-urinary-stress-saumon-sachet-fraicheur\/#breadcrumb","itemListElement":[{"@type":"ListItem","position":1,"name":"Accueil","item":"https:\/\/www.vetorino.com\/boutique\/"},{"@type":"ListItem","position":2,"name":"Produits","item":"https:\/\/www.vetorino.com\/boutique\/"},{"@type":"ListItem","position":3,"name":"Chat c\/d Urinary Stress Multicare au Saumon"}]},{"@type":"WebSite","@id":"https:\/\/www.vetorino.com\/boutique\/#website","url":"https:\/\/www.vetorino.com\/boutique\/","name":"V\u00e9torino","description":"","publisher":{"@id":"https:\/\/www.vetorino.com\/boutique\/#organization"},"potentialAction":[{"@type":"SearchAction","target":{"@type":"EntryPoint","urlTemplate":"https:\/\/www.vetorino.com\/boutique\/?s={search_term_string}"},"query-input":{"@type":"PropertyValueSpecification","valueRequired":true,"valueName":"search_term_string"}}],"inLanguage":"fr-FR"},{"@type":"Organization","@id":"https:\/\/www.vetorino.com\/boutique\/#organization","name":"V\u00e9torino","url":"https:\/\/www.vetorino.com\/boutique\/","logo":{"@type":"ImageObject","inLanguage":"fr-FR","@id":"https:\/\/www.vetorino.com\/boutique\/#\/schema\/logo\/image\/","url":"https:\/\/www.vetorino.com\/boutique\/wp-content\/uploads\/2024\/10\/logo.jpg","contentUrl":"https:\/\/www.vetorino.com\/boutique\/wp-content\/uploads\/2024\/10\/logo.jpg","width":1200,"height":610,"caption":"V\u00e9torino"},"image":{"@id":"https:\/\/www.vetorino.com\/boutique\/#\/schema\/logo\/image\/"},"sameAs":["https:\/\/www.facebook.com\/Vetorino\/","https:\/\/www.instagram.com\/vetorino_off\/","https:\/\/www.linkedin.com\/company\/vtorino\/"]}]},"product_brand":"Hill's","product_price_amount":"18.23","product_price_currency":"EUR","og_availability":"instock","product_availability":"instock","product_retailer_item_id":"A-8123179","product_condition":"new"},"_links":{"self":[{"href":"https:\/\/www.vetorino.com\/veterinaire\/prunelli-di-fiumorbo-20243\/boutique\/wp-json\/wp\/v2\/product\/37678","targetHints":{"allow":["GET"]}}],"collection":[{"href":"https:\/\/www.vetorino.com\/veterinaire\/prunelli-di-fiumorbo-20243\/boutique\/wp-json\/wp\/v2\/product"}],"about":[{"href":"https:\/\/www.vetorino.com\/veterinaire\/prunelli-di-fiumorbo-20243\/boutique\/wp-json\/wp\/v2\/types\/product"}],"wp:featuredmedia":[{"embeddable":true,"href":"https:\/\/www.vetorino.com\/veterinaire\/prunelli-di-fiumorbo-20243\/boutique\/wp-json\/wp\/v2\/media\/487013"}],"wp:attachment":[{"href":"https:\/\/www.vetorino.com\/veterinaire\/prunelli-di-fiumorbo-20243\/boutique\/wp-json\/wp\/v2\/media?parent=37678"}],"wp:term":[{"taxonomy":"product_cat","embeddable":true,"href":"https:\/\/www.vetorino.com\/veterinaire\/prunelli-di-fiumorbo-20243\/boutique\/wp-json\/wp\/v2\/product_cat?post=37678"},{"taxonomy":"product_tag","embeddable":true,"href":"https:\/\/www.vetorino.com\/veterinaire\/prunelli-di-fiumorbo-20243\/boutique\/wp-json\/wp\/v2\/product_tag?post=37678"}],"curies":[{"name":"wp","href":"https:\/\/api.w.org\/{rel}","templated":true}]}}