{"id":37974,"date":"2020-03-04T23:57:42","date_gmt":"2020-03-04T22:57:42","guid":{"rendered":"https:\/\/www.vetorino.com\/boutique\/product\/litiere-perlinette-elevage\/"},"modified":"2025-07-16T10:02:34","modified_gmt":"2025-07-16T08:02:34","slug":"litiere-perlinette-elevage","status":"publish","type":"product","link":"https:\/\/www.vetorino.com\/veterinaire\/prunelli-di-fiumorbo-20243\/boutique\/product\/litiere-perlinette-elevage\/","title":{"rendered":"Liti\u00e8re Chat Sac 15 kg &#8211; Perlinette"},"content":{"rendered":"<p>Elle est compos\u00e9e de petites billes absorbantes qui neutralisent parfaitement les odeurs et ne se collent pas aux pattes de votre chat. Nettoyer les selles quotidiennement avec une pelle de nettoyage et la liti\u00e8re reste propre pendant 1 mois sans odeur.<\/p>\n<p><strong>Avantages<\/strong><\/p>\n<ul>\n<li>Confortable : ne colle pas aux pattes et permet donc de garder propre le coin liti\u00e8re de votre chat.<\/li>\n<li>Tr\u00e8s absorbante, elle retient aussi bien les odeurs que les liquides.<\/li>\n<li>Respect de l&#8217;environnement, elle est biod\u00e9gradable \u00e0 100%.<\/li>\n<li>Inhibe les bact\u00e9ries : gr\u00e2ce \u00e0 son action absorbante, Perlinette liti\u00e8re pour Animaux reste toujours s\u00e8che. Priv\u00e9es d&#8217;eau, les bact\u00e9ries ne se multiplient plus. Vous avez une liti\u00e8re saine.<\/li>\n<\/ul>\n","protected":false},"excerpt":{"rendered":"<p><strong>Liti\u00e8re antistatique \u00e0 grains irr\u00e9guliers l\u00e9g\u00e8re et compacte, en silice 100% biod\u00e9gradable<\/strong>.<\/p>\n<p>Tr\u00e8s absorbante. L&#8217;odeur et les urines sont imm\u00e9diatement emprisonn\u00e9es.<\/p>\n","protected":false},"featured_media":156381,"template":"","meta":[],"product_cat":[12548,2697,12628],"product_tag":[],"class_list":{"0":"post-37974","1":"product","2":"type-product","3":"status-publish","4":"has-post-thumbnail","6":"product_cat-accessoire-du-chat","7":"product_cat-chat","8":"product_cat-litieres-du-chat","9":"pa_marque-perlinette","11":"first","12":"instock","13":"taxable","14":"shipping-taxable","15":"purchasable","16":"product-type-simple"},"yoast_head":"<!-- This site is optimized with the Yoast SEO plugin v27.3 - https:\/\/yoast.com\/product\/yoast-seo-wordpress\/ -->\n<title>Liti\u00e8re Chat Sac 15 kg - Perlinette Perlinette - V\u00e9torino<\/title>\n<meta name=\"description\" content=\"Liti\u00e8re antistatique \u00e0 grains irr\u00e9guliers l\u00e9g\u00e8re et compacte, en silice 100% biod\u00e9gradable.  Tr\u00e8s absorbante. L&#039;odeur et les urines sont imm\u00e9diatement emprisonn\u00e9es.\" \/>\n<meta name=\"robots\" content=\"noindex, nofollow\" \/>\n<meta property=\"og:locale\" content=\"fr_FR\" \/>\n<meta property=\"og:type\" content=\"article\" \/>\n<meta property=\"og:title\" content=\"Liti\u00e8re Chat Sac 15 kg - Perlinette Perlinette - V\u00e9torino\" \/>\n<meta property=\"og:description\" content=\"Liti\u00e8re antistatique \u00e0 grains irr\u00e9guliers l\u00e9g\u00e8re et compacte, en silice 100% biod\u00e9gradable.  Tr\u00e8s absorbante. L&#039;odeur et les urines sont imm\u00e9diatement emprisonn\u00e9es.\" \/>\n<meta property=\"og:url\" content=\"https:\/\/www.vetorino.com\/veterinaire\/prunelli-di-fiumorbo-20243\/boutique\/product\/litiere-perlinette-elevage\/\" \/>\n<meta property=\"og:site_name\" content=\"V\u00e9torino\" \/>\n<meta property=\"article:publisher\" content=\"https:\/\/www.facebook.com\/Vetorino\/\" \/>\n<meta property=\"article:modified_time\" content=\"2025-07-16T08:02:34+00:00\" \/>\n<meta property=\"og:image\" content=\"https:\/\/www.vetorino.com\/boutique\/wp-content\/uploads\/2020\/06\/litiere-cristaux-chats.jpg\" \/>\n\t<meta property=\"og:image:width\" content=\"458\" \/>\n\t<meta property=\"og:image:height\" content=\"458\" \/>\n\t<meta property=\"og:image:type\" content=\"image\/jpeg\" \/>\n<meta name=\"twitter:card\" content=\"summary_large_image\" \/>\n<meta name=\"twitter:label1\" content=\"Prix\" \/>\n\t<meta name=\"twitter:data1\" content=\"77,45&euro;\" \/>\n\t<meta name=\"twitter:label2\" content=\"Disponibilit\u00e9\" \/>\n\t<meta name=\"twitter:data2\" content=\"En stock\" \/>\n<script type=\"application\/ld+json\" class=\"yoast-schema-graph\">{\"@context\":\"https:\\\/\\\/schema.org\",\"@graph\":[{\"@type\":\"WebPage\",\"@id\":\"https:\\\/\\\/www.vetorino.com\\\/boutique\\\/product\\\/litiere-perlinette-elevage\\\/\",\"url\":\"https:\\\/\\\/www.vetorino.com\\\/boutique\\\/product\\\/litiere-perlinette-elevage\\\/\",\"name\":\"Liti\u00e8re Chat Sac 15 kg - Perlinette Perlinette - V\u00e9torino\",\"isPartOf\":{\"@id\":\"https:\\\/\\\/www.vetorino.com\\\/boutique\\\/#website\"},\"primaryImageOfPage\":{\"@id\":\"https:\\\/\\\/www.vetorino.com\\\/boutique\\\/product\\\/litiere-perlinette-elevage\\\/#primaryimage\"},\"image\":{\"@id\":\"https:\\\/\\\/www.vetorino.com\\\/boutique\\\/product\\\/litiere-perlinette-elevage\\\/#primaryimage\"},\"thumbnailUrl\":\"https:\\\/\\\/www.vetorino.com\\\/boutique\\\/wp-content\\\/uploads\\\/2020\\\/06\\\/litiere-cristaux-chats.jpg\",\"datePublished\":\"2020-03-04T22:57:42+00:00\",\"dateModified\":\"2025-07-16T08:02:34+00:00\",\"description\":\"Liti\u00e8re antistatique \u00e0 grains irr\u00e9guliers l\u00e9g\u00e8re et compacte, en silice 100% biod\u00e9gradable. Tr\u00e8s absorbante. L'odeur et les urines sont imm\u00e9diatement emprisonn\u00e9es.\",\"breadcrumb\":{\"@id\":\"https:\\\/\\\/www.vetorino.com\\\/boutique\\\/product\\\/litiere-perlinette-elevage\\\/#breadcrumb\"},\"inLanguage\":\"fr-FR\",\"potentialAction\":[{\"@type\":\"ReadAction\",\"target\":[\"https:\\\/\\\/www.vetorino.com\\\/boutique\\\/product\\\/litiere-perlinette-elevage\\\/\"]}]},{\"@type\":\"ImageObject\",\"inLanguage\":\"fr-FR\",\"@id\":\"https:\\\/\\\/www.vetorino.com\\\/boutique\\\/product\\\/litiere-perlinette-elevage\\\/#primaryimage\",\"url\":\"https:\\\/\\\/www.vetorino.com\\\/boutique\\\/wp-content\\\/uploads\\\/2020\\\/06\\\/litiere-cristaux-chats.jpg\",\"contentUrl\":\"https:\\\/\\\/www.vetorino.com\\\/boutique\\\/wp-content\\\/uploads\\\/2020\\\/06\\\/litiere-cristaux-chats.jpg\",\"width\":458,\"height\":458},{\"@type\":\"BreadcrumbList\",\"@id\":\"https:\\\/\\\/www.vetorino.com\\\/boutique\\\/product\\\/litiere-perlinette-elevage\\\/#breadcrumb\",\"itemListElement\":[{\"@type\":\"ListItem\",\"position\":1,\"name\":\"Accueil\",\"item\":\"https:\\\/\\\/www.vetorino.com\\\/boutique\\\/\"},{\"@type\":\"ListItem\",\"position\":2,\"name\":\"Produits\",\"item\":\"https:\\\/\\\/www.vetorino.com\\\/boutique\\\/\"},{\"@type\":\"ListItem\",\"position\":3,\"name\":\"Liti\u00e8re Chat Sac 15 kg &#8211; Perlinette\"}]},{\"@type\":\"WebSite\",\"@id\":\"https:\\\/\\\/www.vetorino.com\\\/boutique\\\/#website\",\"url\":\"https:\\\/\\\/www.vetorino.com\\\/boutique\\\/\",\"name\":\"V\u00e9torino\",\"description\":\"\",\"publisher\":{\"@id\":\"https:\\\/\\\/www.vetorino.com\\\/boutique\\\/#organization\"},\"potentialAction\":[{\"@type\":\"SearchAction\",\"target\":{\"@type\":\"EntryPoint\",\"urlTemplate\":\"https:\\\/\\\/www.vetorino.com\\\/boutique\\\/?s={search_term_string}\"},\"query-input\":{\"@type\":\"PropertyValueSpecification\",\"valueRequired\":true,\"valueName\":\"search_term_string\"}}],\"inLanguage\":\"fr-FR\"},{\"@type\":\"Organization\",\"@id\":\"https:\\\/\\\/www.vetorino.com\\\/boutique\\\/#organization\",\"name\":\"V\u00e9torino\",\"url\":\"https:\\\/\\\/www.vetorino.com\\\/boutique\\\/\",\"logo\":{\"@type\":\"ImageObject\",\"inLanguage\":\"fr-FR\",\"@id\":\"https:\\\/\\\/www.vetorino.com\\\/boutique\\\/#\\\/schema\\\/logo\\\/image\\\/\",\"url\":\"https:\\\/\\\/www.vetorino.com\\\/boutique\\\/wp-content\\\/uploads\\\/2024\\\/10\\\/logo.jpg\",\"contentUrl\":\"https:\\\/\\\/www.vetorino.com\\\/boutique\\\/wp-content\\\/uploads\\\/2024\\\/10\\\/logo.jpg\",\"width\":1200,\"height\":610,\"caption\":\"V\u00e9torino\"},\"image\":{\"@id\":\"https:\\\/\\\/www.vetorino.com\\\/boutique\\\/#\\\/schema\\\/logo\\\/image\\\/\"},\"sameAs\":[\"https:\\\/\\\/www.facebook.com\\\/Vetorino\\\/\",\"https:\\\/\\\/www.instagram.com\\\/vetorino_off\\\/\",\"https:\\\/\\\/www.linkedin.com\\\/company\\\/vtorino\\\/\"]}]}<\/script>\n<meta property=\"product:brand\" content=\"Perlinette\" \/>\n<meta property=\"product:price:amount\" content=\"77.45\" \/>\n<meta property=\"product:price:currency\" content=\"EUR\" \/>\n<meta property=\"og:availability\" content=\"instock\" \/>\n<meta property=\"product:availability\" content=\"instock\" \/>\n<meta property=\"product:retailer_item_id\" content=\"A-8337348\" \/>\n<meta property=\"product:condition\" content=\"new\" \/>\n<!-- \/ Yoast SEO plugin. -->","yoast_head_json":{"title":"Liti\u00e8re Chat Sac 15 kg - Perlinette Perlinette - V\u00e9torino","description":"Liti\u00e8re antistatique \u00e0 grains irr\u00e9guliers l\u00e9g\u00e8re et compacte, en silice 100% biod\u00e9gradable.  Tr\u00e8s absorbante. L'odeur et les urines sont imm\u00e9diatement emprisonn\u00e9es.","robots":{"index":"noindex","follow":"nofollow"},"og_locale":"fr_FR","og_type":"article","og_title":"Liti\u00e8re Chat Sac 15 kg - Perlinette Perlinette - V\u00e9torino","og_description":"Liti\u00e8re antistatique \u00e0 grains irr\u00e9guliers l\u00e9g\u00e8re et compacte, en silice 100% biod\u00e9gradable.  Tr\u00e8s absorbante. L'odeur et les urines sont imm\u00e9diatement emprisonn\u00e9es.","og_url":"https:\/\/www.vetorino.com\/veterinaire\/prunelli-di-fiumorbo-20243\/boutique\/product\/litiere-perlinette-elevage\/","og_site_name":"V\u00e9torino","article_publisher":"https:\/\/www.facebook.com\/Vetorino\/","article_modified_time":"2025-07-16T08:02:34+00:00","og_image":[{"width":458,"height":458,"url":"https:\/\/www.vetorino.com\/boutique\/wp-content\/uploads\/2020\/06\/litiere-cristaux-chats.jpg","type":"image\/jpeg"}],"twitter_card":"summary_large_image","twitter_misc":{"Prix":"77,45&euro;","Disponibilit\u00e9":"En stock"},"schema":{"@context":"https:\/\/schema.org","@graph":[{"@type":"WebPage","@id":"https:\/\/www.vetorino.com\/boutique\/product\/litiere-perlinette-elevage\/","url":"https:\/\/www.vetorino.com\/boutique\/product\/litiere-perlinette-elevage\/","name":"Liti\u00e8re Chat Sac 15 kg - Perlinette Perlinette - V\u00e9torino","isPartOf":{"@id":"https:\/\/www.vetorino.com\/boutique\/#website"},"primaryImageOfPage":{"@id":"https:\/\/www.vetorino.com\/boutique\/product\/litiere-perlinette-elevage\/#primaryimage"},"image":{"@id":"https:\/\/www.vetorino.com\/boutique\/product\/litiere-perlinette-elevage\/#primaryimage"},"thumbnailUrl":"https:\/\/www.vetorino.com\/boutique\/wp-content\/uploads\/2020\/06\/litiere-cristaux-chats.jpg","datePublished":"2020-03-04T22:57:42+00:00","dateModified":"2025-07-16T08:02:34+00:00","description":"Liti\u00e8re antistatique \u00e0 grains irr\u00e9guliers l\u00e9g\u00e8re et compacte, en silice 100% biod\u00e9gradable. Tr\u00e8s absorbante. L'odeur et les urines sont imm\u00e9diatement emprisonn\u00e9es.","breadcrumb":{"@id":"https:\/\/www.vetorino.com\/boutique\/product\/litiere-perlinette-elevage\/#breadcrumb"},"inLanguage":"fr-FR","potentialAction":[{"@type":"ReadAction","target":["https:\/\/www.vetorino.com\/boutique\/product\/litiere-perlinette-elevage\/"]}]},{"@type":"ImageObject","inLanguage":"fr-FR","@id":"https:\/\/www.vetorino.com\/boutique\/product\/litiere-perlinette-elevage\/#primaryimage","url":"https:\/\/www.vetorino.com\/boutique\/wp-content\/uploads\/2020\/06\/litiere-cristaux-chats.jpg","contentUrl":"https:\/\/www.vetorino.com\/boutique\/wp-content\/uploads\/2020\/06\/litiere-cristaux-chats.jpg","width":458,"height":458},{"@type":"BreadcrumbList","@id":"https:\/\/www.vetorino.com\/boutique\/product\/litiere-perlinette-elevage\/#breadcrumb","itemListElement":[{"@type":"ListItem","position":1,"name":"Accueil","item":"https:\/\/www.vetorino.com\/boutique\/"},{"@type":"ListItem","position":2,"name":"Produits","item":"https:\/\/www.vetorino.com\/boutique\/"},{"@type":"ListItem","position":3,"name":"Liti\u00e8re Chat Sac 15 kg &#8211; Perlinette"}]},{"@type":"WebSite","@id":"https:\/\/www.vetorino.com\/boutique\/#website","url":"https:\/\/www.vetorino.com\/boutique\/","name":"V\u00e9torino","description":"","publisher":{"@id":"https:\/\/www.vetorino.com\/boutique\/#organization"},"potentialAction":[{"@type":"SearchAction","target":{"@type":"EntryPoint","urlTemplate":"https:\/\/www.vetorino.com\/boutique\/?s={search_term_string}"},"query-input":{"@type":"PropertyValueSpecification","valueRequired":true,"valueName":"search_term_string"}}],"inLanguage":"fr-FR"},{"@type":"Organization","@id":"https:\/\/www.vetorino.com\/boutique\/#organization","name":"V\u00e9torino","url":"https:\/\/www.vetorino.com\/boutique\/","logo":{"@type":"ImageObject","inLanguage":"fr-FR","@id":"https:\/\/www.vetorino.com\/boutique\/#\/schema\/logo\/image\/","url":"https:\/\/www.vetorino.com\/boutique\/wp-content\/uploads\/2024\/10\/logo.jpg","contentUrl":"https:\/\/www.vetorino.com\/boutique\/wp-content\/uploads\/2024\/10\/logo.jpg","width":1200,"height":610,"caption":"V\u00e9torino"},"image":{"@id":"https:\/\/www.vetorino.com\/boutique\/#\/schema\/logo\/image\/"},"sameAs":["https:\/\/www.facebook.com\/Vetorino\/","https:\/\/www.instagram.com\/vetorino_off\/","https:\/\/www.linkedin.com\/company\/vtorino\/"]}]},"product_brand":"Perlinette","product_price_amount":"77.45","product_price_currency":"EUR","og_availability":"instock","product_availability":"instock","product_retailer_item_id":"A-8337348","product_condition":"new"},"_links":{"self":[{"href":"https:\/\/www.vetorino.com\/veterinaire\/prunelli-di-fiumorbo-20243\/boutique\/wp-json\/wp\/v2\/product\/37974","targetHints":{"allow":["GET"]}}],"collection":[{"href":"https:\/\/www.vetorino.com\/veterinaire\/prunelli-di-fiumorbo-20243\/boutique\/wp-json\/wp\/v2\/product"}],"about":[{"href":"https:\/\/www.vetorino.com\/veterinaire\/prunelli-di-fiumorbo-20243\/boutique\/wp-json\/wp\/v2\/types\/product"}],"wp:featuredmedia":[{"embeddable":true,"href":"https:\/\/www.vetorino.com\/veterinaire\/prunelli-di-fiumorbo-20243\/boutique\/wp-json\/wp\/v2\/media\/156381"}],"wp:attachment":[{"href":"https:\/\/www.vetorino.com\/veterinaire\/prunelli-di-fiumorbo-20243\/boutique\/wp-json\/wp\/v2\/media?parent=37974"}],"wp:term":[{"taxonomy":"product_cat","embeddable":true,"href":"https:\/\/www.vetorino.com\/veterinaire\/prunelli-di-fiumorbo-20243\/boutique\/wp-json\/wp\/v2\/product_cat?post=37974"},{"taxonomy":"product_tag","embeddable":true,"href":"https:\/\/www.vetorino.com\/veterinaire\/prunelli-di-fiumorbo-20243\/boutique\/wp-json\/wp\/v2\/product_tag?post=37974"}],"curies":[{"name":"wp","href":"https:\/\/api.w.org\/{rel}","templated":true}]}}