{"id":38038,"date":"2020-03-04T23:58:08","date_gmt":"2020-03-04T22:58:08","guid":{"rendered":"https:\/\/www.vetorino.com\/boutique\/product\/selective-souris\/"},"modified":"2024-05-10T11:02:52","modified_gmt":"2024-05-10T09:02:52","slug":"selective-souris","status":"publish","type":"product","link":"https:\/\/www.vetorino.com\/veterinaire\/prunelli-di-fiumorbo-20243\/boutique\/product\/selective-souris\/","title":{"rendered":"Aliment Souris &#8211; Selective"},"content":{"rendered":"<p><strong>R\u00e9gime alimentaire tr\u00e8s app\u00e9tissant et complet, formul\u00e9 pour r\u00e9pondre aux besoins nutritionnels sp\u00e9cifiques des souris de compagnie.<\/strong> <strong><br \/>\n<\/strong><\/p>\n<p><strong>Utilisation :<br \/>\n<\/strong><\/p>\n<ul>\n<li>Alimentation quotidienne de la souris<\/li>\n<\/ul>\n<p><strong>Bienfaites essentiels :<\/strong><\/p>\n<ul>\n<li class=\"product-header__point feature feature--tertiary\">Alimentation quotidienne pour souris de tout \u00e2ge<\/li>\n<li class=\"product-header__point feature feature--tertiary\">Extrud\u00e9<strong> mono-granul\u00e9<\/strong> pour \u00e9viter le tri et l\u2019alimentation s\u00e9lective<\/li>\n<li class=\"product-header__point feature feature--tertiary\">Riche en ingr\u00e9dients <strong>naturels<\/strong><\/li>\n<li class=\"product-header__point feature feature--tertiary\">Teneur \u00e9quilibr\u00e9e en prot\u00e9ines (14 %) essentielles pour maintenir des fonctions saines<\/li>\n<li class=\"product-header__point feature feature--tertiary\"><strong> Sans sucres ajoute\u0301s <\/strong><\/li>\n<li class=\"product-header__point feature feature--tertiary\">Rapport calcium \/ phosphore correctement \u00e9quilibr\u00e9 : 0,6 % de calcium pour 0,5 % de phosphore<\/li>\n<li class=\"product-header__point feature feature--tertiary\">Enrichi en <strong>vitamines<\/strong> et <strong>min\u00e9raux<\/strong><\/li>\n<li class=\"product-header__point feature feature--tertiary\">Avec de savoureuses <strong>pommes<\/strong> et des <strong>noisettes<\/strong><\/li>\n<li class=\"product-header__point feature feature--tertiary\">Aliment <strong>tr\u00e8s app\u00e9tant<\/strong> et d\u00e9licatement cuit au four pour une assimilation ais\u00e9e des nutriments<\/li>\n<li class=\"product-header__point feature feature--tertiary\">Aide \u00e0 maintenir un poids de forme<\/li>\n<li class=\"product-header__point feature feature--tertiary\">Formulations bas\u00e9es sur des recherches scientifiques publi\u00e9es<\/li>\n<li class=\"product-header__point feature feature--tertiary\">Recommand\u00e9 par les v\u00e9t\u00e9rinaires<\/li>\n<li><strong>monocomposant<\/strong>, enti\u00e8rement extrud\u00e9<\/li>\n<\/ul>\n","protected":false},"excerpt":{"rendered":"<p><strong>R\u00e9gime alimentaire tr\u00e8s app\u00e9tissant et complet, formul\u00e9 pour r\u00e9pondre aux besoins nutritionnels sp\u00e9cifiques des souris de compagnie.<\/strong> <strong><br \/>\n<\/strong><\/p>\n<p><strong>Utilisation :<br \/>\n<\/strong><\/p>\n<ul>\n<li>Alimentation quotidienne de la souris<\/li>\n<\/ul>\n","protected":false},"featured_media":918005,"template":"","meta":[],"product_cat":[12580,12672,2727,12570],"product_tag":[],"class_list":{"0":"post-38038","1":"product","2":"type-product","3":"status-publish","4":"has-post-thumbnail","6":"product_cat-alimentation-du-rongeur","7":"product_cat-granule-et-melange-pour-rongeur","8":"product_cat-nac","9":"product_cat-rongeur","10":"pa_marque-supreme-petfoods","12":"first","13":"instock","14":"taxable","15":"shipping-taxable","16":"purchasable","17":"product-type-simple"},"yoast_head":"<!-- This site is optimized with the Yoast SEO plugin v27.3 - https:\/\/yoast.com\/product\/yoast-seo-wordpress\/ -->\n<title>Aliment Souris - Selective Supreme Petfoods - V\u00e9torino<\/title>\n<meta name=\"description\" content=\"R\u00e9gime alimentaire tr\u00e8s app\u00e9tissant et complet, formul\u00e9 pour r\u00e9pondre aux besoins nutritionnels sp\u00e9cifiques des souris de compagnie.    Utilisation :    Alimentation quotidienne de la souris\" \/>\n<meta name=\"robots\" content=\"noindex, nofollow\" \/>\n<meta property=\"og:locale\" content=\"fr_FR\" \/>\n<meta property=\"og:type\" content=\"article\" \/>\n<meta property=\"og:title\" content=\"Aliment Souris - Selective Supreme Petfoods - V\u00e9torino\" \/>\n<meta property=\"og:description\" content=\"R\u00e9gime alimentaire tr\u00e8s app\u00e9tissant et complet, formul\u00e9 pour r\u00e9pondre aux besoins nutritionnels sp\u00e9cifiques des souris de compagnie.    Utilisation :    Alimentation quotidienne de la souris\" \/>\n<meta property=\"og:url\" content=\"https:\/\/www.vetorino.com\/veterinaire\/prunelli-di-fiumorbo-20243\/boutique\/product\/selective-souris\/\" \/>\n<meta property=\"og:site_name\" content=\"V\u00e9torino\" \/>\n<meta property=\"article:publisher\" content=\"https:\/\/www.facebook.com\/Vetorino\/\" \/>\n<meta property=\"article:modified_time\" content=\"2024-05-10T09:02:52+00:00\" \/>\n<meta property=\"og:image\" content=\"https:\/\/www.vetorino.com\/boutique\/wp-content\/uploads\/2020\/10\/selective-souris.webp\" \/>\n\t<meta property=\"og:image:width\" content=\"800\" \/>\n\t<meta property=\"og:image:height\" content=\"800\" \/>\n\t<meta property=\"og:image:type\" content=\"image\/webp\" \/>\n<meta name=\"twitter:card\" content=\"summary_large_image\" \/>\n<meta name=\"twitter:label1\" content=\"Prix\" \/>\n\t<meta name=\"twitter:data1\" content=\"3,92&euro;\" \/>\n\t<meta name=\"twitter:label2\" content=\"Disponibilit\u00e9\" \/>\n\t<meta name=\"twitter:data2\" content=\"En stock\" \/>\n<script type=\"application\/ld+json\" class=\"yoast-schema-graph\">{\"@context\":\"https:\\\/\\\/schema.org\",\"@graph\":[{\"@type\":\"WebPage\",\"@id\":\"https:\\\/\\\/www.vetorino.com\\\/boutique\\\/product\\\/selective-souris\\\/\",\"url\":\"https:\\\/\\\/www.vetorino.com\\\/boutique\\\/product\\\/selective-souris\\\/\",\"name\":\"Aliment Souris - Selective Supreme Petfoods - V\u00e9torino\",\"isPartOf\":{\"@id\":\"https:\\\/\\\/www.vetorino.com\\\/boutique\\\/#website\"},\"primaryImageOfPage\":{\"@id\":\"https:\\\/\\\/www.vetorino.com\\\/boutique\\\/product\\\/selective-souris\\\/#primaryimage\"},\"image\":{\"@id\":\"https:\\\/\\\/www.vetorino.com\\\/boutique\\\/product\\\/selective-souris\\\/#primaryimage\"},\"thumbnailUrl\":\"https:\\\/\\\/www.vetorino.com\\\/boutique\\\/wp-content\\\/uploads\\\/2020\\\/10\\\/selective-souris.webp\",\"datePublished\":\"2020-03-04T22:58:08+00:00\",\"dateModified\":\"2024-05-10T09:02:52+00:00\",\"description\":\"R\u00e9gime alimentaire tr\u00e8s app\u00e9tissant et complet, formul\u00e9 pour r\u00e9pondre aux besoins nutritionnels sp\u00e9cifiques des souris de compagnie. Utilisation : Alimentation quotidienne de la souris\",\"breadcrumb\":{\"@id\":\"https:\\\/\\\/www.vetorino.com\\\/boutique\\\/product\\\/selective-souris\\\/#breadcrumb\"},\"inLanguage\":\"fr-FR\",\"potentialAction\":[{\"@type\":\"ReadAction\",\"target\":[\"https:\\\/\\\/www.vetorino.com\\\/boutique\\\/product\\\/selective-souris\\\/\"]}]},{\"@type\":\"ImageObject\",\"inLanguage\":\"fr-FR\",\"@id\":\"https:\\\/\\\/www.vetorino.com\\\/boutique\\\/product\\\/selective-souris\\\/#primaryimage\",\"url\":\"https:\\\/\\\/www.vetorino.com\\\/boutique\\\/wp-content\\\/uploads\\\/2020\\\/10\\\/selective-souris.webp\",\"contentUrl\":\"https:\\\/\\\/www.vetorino.com\\\/boutique\\\/wp-content\\\/uploads\\\/2020\\\/10\\\/selective-souris.webp\",\"width\":800,\"height\":800},{\"@type\":\"BreadcrumbList\",\"@id\":\"https:\\\/\\\/www.vetorino.com\\\/boutique\\\/product\\\/selective-souris\\\/#breadcrumb\",\"itemListElement\":[{\"@type\":\"ListItem\",\"position\":1,\"name\":\"Accueil\",\"item\":\"https:\\\/\\\/www.vetorino.com\\\/boutique\\\/\"},{\"@type\":\"ListItem\",\"position\":2,\"name\":\"Produits\",\"item\":\"https:\\\/\\\/www.vetorino.com\\\/boutique\\\/\"},{\"@type\":\"ListItem\",\"position\":3,\"name\":\"Aliment Souris &#8211; Selective\"}]},{\"@type\":\"WebSite\",\"@id\":\"https:\\\/\\\/www.vetorino.com\\\/boutique\\\/#website\",\"url\":\"https:\\\/\\\/www.vetorino.com\\\/boutique\\\/\",\"name\":\"V\u00e9torino\",\"description\":\"\",\"publisher\":{\"@id\":\"https:\\\/\\\/www.vetorino.com\\\/boutique\\\/#organization\"},\"potentialAction\":[{\"@type\":\"SearchAction\",\"target\":{\"@type\":\"EntryPoint\",\"urlTemplate\":\"https:\\\/\\\/www.vetorino.com\\\/boutique\\\/?s={search_term_string}\"},\"query-input\":{\"@type\":\"PropertyValueSpecification\",\"valueRequired\":true,\"valueName\":\"search_term_string\"}}],\"inLanguage\":\"fr-FR\"},{\"@type\":\"Organization\",\"@id\":\"https:\\\/\\\/www.vetorino.com\\\/boutique\\\/#organization\",\"name\":\"V\u00e9torino\",\"url\":\"https:\\\/\\\/www.vetorino.com\\\/boutique\\\/\",\"logo\":{\"@type\":\"ImageObject\",\"inLanguage\":\"fr-FR\",\"@id\":\"https:\\\/\\\/www.vetorino.com\\\/boutique\\\/#\\\/schema\\\/logo\\\/image\\\/\",\"url\":\"https:\\\/\\\/www.vetorino.com\\\/boutique\\\/wp-content\\\/uploads\\\/2024\\\/10\\\/logo.jpg\",\"contentUrl\":\"https:\\\/\\\/www.vetorino.com\\\/boutique\\\/wp-content\\\/uploads\\\/2024\\\/10\\\/logo.jpg\",\"width\":1200,\"height\":610,\"caption\":\"V\u00e9torino\"},\"image\":{\"@id\":\"https:\\\/\\\/www.vetorino.com\\\/boutique\\\/#\\\/schema\\\/logo\\\/image\\\/\"},\"sameAs\":[\"https:\\\/\\\/www.facebook.com\\\/Vetorino\\\/\",\"https:\\\/\\\/www.instagram.com\\\/vetorino_off\\\/\",\"https:\\\/\\\/www.linkedin.com\\\/company\\\/vtorino\\\/\"]}]}<\/script>\n<meta property=\"product:brand\" content=\"Supreme Petfoods\" \/>\n<meta property=\"product:price:amount\" content=\"3.92\" \/>\n<meta property=\"product:price:currency\" content=\"EUR\" \/>\n<meta property=\"og:availability\" content=\"instock\" \/>\n<meta property=\"product:availability\" content=\"instock\" \/>\n<meta property=\"product:retailer_item_id\" content=\"A-8111791\" \/>\n<meta property=\"product:condition\" content=\"new\" \/>\n<!-- \/ Yoast SEO plugin. -->","yoast_head_json":{"title":"Aliment Souris - Selective Supreme Petfoods - V\u00e9torino","description":"R\u00e9gime alimentaire tr\u00e8s app\u00e9tissant et complet, formul\u00e9 pour r\u00e9pondre aux besoins nutritionnels sp\u00e9cifiques des souris de compagnie.    Utilisation :    Alimentation quotidienne de la souris","robots":{"index":"noindex","follow":"nofollow"},"og_locale":"fr_FR","og_type":"article","og_title":"Aliment Souris - Selective Supreme Petfoods - V\u00e9torino","og_description":"R\u00e9gime alimentaire tr\u00e8s app\u00e9tissant et complet, formul\u00e9 pour r\u00e9pondre aux besoins nutritionnels sp\u00e9cifiques des souris de compagnie.    Utilisation :    Alimentation quotidienne de la souris","og_url":"https:\/\/www.vetorino.com\/veterinaire\/prunelli-di-fiumorbo-20243\/boutique\/product\/selective-souris\/","og_site_name":"V\u00e9torino","article_publisher":"https:\/\/www.facebook.com\/Vetorino\/","article_modified_time":"2024-05-10T09:02:52+00:00","og_image":[{"width":800,"height":800,"url":"https:\/\/www.vetorino.com\/boutique\/wp-content\/uploads\/2020\/10\/selective-souris.webp","type":"image\/webp"}],"twitter_card":"summary_large_image","twitter_misc":{"Prix":"3,92&euro;","Disponibilit\u00e9":"En stock"},"schema":{"@context":"https:\/\/schema.org","@graph":[{"@type":"WebPage","@id":"https:\/\/www.vetorino.com\/boutique\/product\/selective-souris\/","url":"https:\/\/www.vetorino.com\/boutique\/product\/selective-souris\/","name":"Aliment Souris - Selective Supreme Petfoods - V\u00e9torino","isPartOf":{"@id":"https:\/\/www.vetorino.com\/boutique\/#website"},"primaryImageOfPage":{"@id":"https:\/\/www.vetorino.com\/boutique\/product\/selective-souris\/#primaryimage"},"image":{"@id":"https:\/\/www.vetorino.com\/boutique\/product\/selective-souris\/#primaryimage"},"thumbnailUrl":"https:\/\/www.vetorino.com\/boutique\/wp-content\/uploads\/2020\/10\/selective-souris.webp","datePublished":"2020-03-04T22:58:08+00:00","dateModified":"2024-05-10T09:02:52+00:00","description":"R\u00e9gime alimentaire tr\u00e8s app\u00e9tissant et complet, formul\u00e9 pour r\u00e9pondre aux besoins nutritionnels sp\u00e9cifiques des souris de compagnie. Utilisation : Alimentation quotidienne de la souris","breadcrumb":{"@id":"https:\/\/www.vetorino.com\/boutique\/product\/selective-souris\/#breadcrumb"},"inLanguage":"fr-FR","potentialAction":[{"@type":"ReadAction","target":["https:\/\/www.vetorino.com\/boutique\/product\/selective-souris\/"]}]},{"@type":"ImageObject","inLanguage":"fr-FR","@id":"https:\/\/www.vetorino.com\/boutique\/product\/selective-souris\/#primaryimage","url":"https:\/\/www.vetorino.com\/boutique\/wp-content\/uploads\/2020\/10\/selective-souris.webp","contentUrl":"https:\/\/www.vetorino.com\/boutique\/wp-content\/uploads\/2020\/10\/selective-souris.webp","width":800,"height":800},{"@type":"BreadcrumbList","@id":"https:\/\/www.vetorino.com\/boutique\/product\/selective-souris\/#breadcrumb","itemListElement":[{"@type":"ListItem","position":1,"name":"Accueil","item":"https:\/\/www.vetorino.com\/boutique\/"},{"@type":"ListItem","position":2,"name":"Produits","item":"https:\/\/www.vetorino.com\/boutique\/"},{"@type":"ListItem","position":3,"name":"Aliment Souris &#8211; Selective"}]},{"@type":"WebSite","@id":"https:\/\/www.vetorino.com\/boutique\/#website","url":"https:\/\/www.vetorino.com\/boutique\/","name":"V\u00e9torino","description":"","publisher":{"@id":"https:\/\/www.vetorino.com\/boutique\/#organization"},"potentialAction":[{"@type":"SearchAction","target":{"@type":"EntryPoint","urlTemplate":"https:\/\/www.vetorino.com\/boutique\/?s={search_term_string}"},"query-input":{"@type":"PropertyValueSpecification","valueRequired":true,"valueName":"search_term_string"}}],"inLanguage":"fr-FR"},{"@type":"Organization","@id":"https:\/\/www.vetorino.com\/boutique\/#organization","name":"V\u00e9torino","url":"https:\/\/www.vetorino.com\/boutique\/","logo":{"@type":"ImageObject","inLanguage":"fr-FR","@id":"https:\/\/www.vetorino.com\/boutique\/#\/schema\/logo\/image\/","url":"https:\/\/www.vetorino.com\/boutique\/wp-content\/uploads\/2024\/10\/logo.jpg","contentUrl":"https:\/\/www.vetorino.com\/boutique\/wp-content\/uploads\/2024\/10\/logo.jpg","width":1200,"height":610,"caption":"V\u00e9torino"},"image":{"@id":"https:\/\/www.vetorino.com\/boutique\/#\/schema\/logo\/image\/"},"sameAs":["https:\/\/www.facebook.com\/Vetorino\/","https:\/\/www.instagram.com\/vetorino_off\/","https:\/\/www.linkedin.com\/company\/vtorino\/"]}]},"product_brand":"Supreme Petfoods","product_price_amount":"3.92","product_price_currency":"EUR","og_availability":"instock","product_availability":"instock","product_retailer_item_id":"A-8111791","product_condition":"new"},"_links":{"self":[{"href":"https:\/\/www.vetorino.com\/veterinaire\/prunelli-di-fiumorbo-20243\/boutique\/wp-json\/wp\/v2\/product\/38038","targetHints":{"allow":["GET"]}}],"collection":[{"href":"https:\/\/www.vetorino.com\/veterinaire\/prunelli-di-fiumorbo-20243\/boutique\/wp-json\/wp\/v2\/product"}],"about":[{"href":"https:\/\/www.vetorino.com\/veterinaire\/prunelli-di-fiumorbo-20243\/boutique\/wp-json\/wp\/v2\/types\/product"}],"wp:featuredmedia":[{"embeddable":true,"href":"https:\/\/www.vetorino.com\/veterinaire\/prunelli-di-fiumorbo-20243\/boutique\/wp-json\/wp\/v2\/media\/918005"}],"wp:attachment":[{"href":"https:\/\/www.vetorino.com\/veterinaire\/prunelli-di-fiumorbo-20243\/boutique\/wp-json\/wp\/v2\/media?parent=38038"}],"wp:term":[{"taxonomy":"product_cat","embeddable":true,"href":"https:\/\/www.vetorino.com\/veterinaire\/prunelli-di-fiumorbo-20243\/boutique\/wp-json\/wp\/v2\/product_cat?post=38038"},{"taxonomy":"product_tag","embeddable":true,"href":"https:\/\/www.vetorino.com\/veterinaire\/prunelli-di-fiumorbo-20243\/boutique\/wp-json\/wp\/v2\/product_tag?post=38038"}],"curies":[{"name":"wp","href":"https:\/\/api.w.org\/{rel}","templated":true}]}}