{"id":38043,"date":"2020-03-04T23:58:09","date_gmt":"2020-03-04T22:58:09","guid":{"rendered":"https:\/\/www.vetorino.com\/boutique\/product\/vet-line-lapin-respiratoire\/"},"modified":"2023-04-12T09:49:29","modified_gmt":"2023-04-12T07:49:29","slug":"vet-line-lapin-respiratoire","status":"publish","type":"product","link":"https:\/\/www.vetorino.com\/veterinaire\/prunelli-di-fiumorbo-20243\/boutique\/product\/vet-line-lapin-respiratoire\/","title":{"rendered":"Lapin Respiratory"},"content":{"rendered":"<p><strong>Aliment \u00e9quilibr\u00e9 contenant du foin et des plantes, qui concourt \u00e0 la sant\u00e9 du syst\u00e8me respiratoire du lapin<br \/>\n<\/strong><\/p>\n<ul>\n<li>Lapin sujet aux\u00a0probl\u00e8mes respiratoires<\/li>\n<\/ul>\n<p><strong>Cet aliment\u00a0est un produit v\u00e9t\u00e9rinaire. Il est conseill\u00e9 de consulter votre v\u00e9t\u00e9rinaire\u00a0avant utilisation.<\/strong><\/p>\n","protected":false},"excerpt":{"rendered":"<p><strong>Aliment \u00e9quilibr\u00e9 contenant du foin et des plantes, qui concourt \u00e0 la sant\u00e9 du syst\u00e8me respiratoire du lapin.<\/p>\n<p><\/strong><\/p>\n<p><strong>Utilisation :<\/strong><\/p>\n<ul>\n<li>Lapin sujet aux\u00a0probl\u00e8mes respiratoires<\/li>\n<\/ul>\n<p><strong>Bienfaits essentiels :<\/strong><\/p>\n<ul>\n<li>Il a des effets de\u00a0<strong>soutien au traitement<\/strong>\u00a0de la toux et des inflammations du syst\u00e8me respiratoire.<\/li>\n<li>La formule VETLINE respiratoire pour lapin peut \u00eatre utilis\u00e9e sur le long terme,\u00a0<strong>sans aucun effet secondaire.<\/strong><\/li>\n<\/ul>\n<p><strong>Cet aliment\u00a0est un produit v\u00e9t\u00e9rinaire. Il est conseill\u00e9 de consulter votre v\u00e9t\u00e9rinaire\u00a0avant utilisation.<\/strong><\/p>\n","protected":false},"featured_media":593465,"template":"","meta":[],"product_cat":[12578,12659,12563,2727,12570],"product_tag":[],"class_list":{"0":"post-38043","1":"product","2":"type-product","3":"status-publish","4":"has-post-thumbnail","6":"product_cat-alimentation-du-lapin","7":"product_cat-alimentation-medicalisee-pour-lapin","8":"product_cat-lapin","9":"product_cat-nac","10":"product_cat-rongeur","11":"pa_marque-cunipic","13":"first","14":"outofstock","15":"taxable","16":"shipping-taxable","17":"purchasable","18":"product-type-simple"},"yoast_head":"<!-- This site is optimized with the Yoast SEO plugin v27.3 - https:\/\/yoast.com\/product\/yoast-seo-wordpress\/ -->\n<title>Cunipic Vetline Lapin Respiratory Cunipic - V\u00e9torino<\/title>\n<meta name=\"description\" content=\"Aliment \u00e9quilibr\u00e9 contenant du foin et des plantes, qui concourt \u00e0 la sant\u00e9 du syst\u00e8me respiratoire du lapin.    Utilisation :   Lapin sujet aux\u00a0probl\u00e8mes respiratoires  Bienfaits essentiels :   Il a des effets de\u00a0soutien au traitement\u00a0de la toux et des inflammations du syst\u00e8me respiratoire.  La formule VETLINE respiratoire pour lapin peut \u00eatre utilis\u00e9e sur le long terme,\u00a0sans aucun effet secondaire.  Cet aliment\u00a0est un produit v\u00e9t\u00e9rinaire. Il est conseill\u00e9 de consulter votre v\u00e9t\u00e9rinaire\u00a0avant utilisation.\" \/>\n<meta name=\"robots\" content=\"noindex, nofollow\" \/>\n<meta property=\"og:locale\" content=\"fr_FR\" \/>\n<meta property=\"og:type\" content=\"article\" \/>\n<meta property=\"og:title\" content=\"Cunipic Vetline Lapin Respiratory Cunipic - V\u00e9torino\" \/>\n<meta property=\"og:description\" content=\"Aliment \u00e9quilibr\u00e9 contenant du foin et des plantes, qui concourt \u00e0 la sant\u00e9 du syst\u00e8me respiratoire du lapin.    Utilisation :   Lapin sujet aux\u00a0probl\u00e8mes respiratoires  Bienfaits essentiels :   Il a des effets de\u00a0soutien au traitement\u00a0de la toux et des inflammations du syst\u00e8me respiratoire.  La formule VETLINE respiratoire pour lapin peut \u00eatre utilis\u00e9e sur le long terme,\u00a0sans aucun effet secondaire.  Cet aliment\u00a0est un produit v\u00e9t\u00e9rinaire. Il est conseill\u00e9 de consulter votre v\u00e9t\u00e9rinaire\u00a0avant utilisation.\" \/>\n<meta property=\"og:url\" content=\"https:\/\/www.vetorino.com\/veterinaire\/prunelli-di-fiumorbo-20243\/boutique\/product\/vet-line-lapin-respiratoire\/\" \/>\n<meta property=\"og:site_name\" content=\"V\u00e9torino\" \/>\n<meta property=\"article:publisher\" content=\"https:\/\/www.facebook.com\/Vetorino\/\" \/>\n<meta property=\"article:modified_time\" content=\"2023-04-12T07:49:29+00:00\" \/>\n<meta property=\"og:image\" content=\"https:\/\/www.vetorino.com\/boutique\/wp-content\/uploads\/2020\/10\/vet-line-respiratory-cunipic-.jpeg\" \/>\n\t<meta property=\"og:image:width\" content=\"500\" \/>\n\t<meta property=\"og:image:height\" content=\"500\" \/>\n\t<meta property=\"og:image:type\" content=\"image\/jpeg\" \/>\n<meta name=\"twitter:card\" content=\"summary_large_image\" \/>\n<meta name=\"twitter:label1\" content=\"Prix\" \/>\n\t<meta name=\"twitter:data1\" content=\"17,31&euro;\" \/>\n\t<meta name=\"twitter:label2\" content=\"Disponibilit\u00e9\" \/>\n\t<meta name=\"twitter:data2\" content=\"Rupture de stock\" \/>\n<script type=\"application\/ld+json\" class=\"yoast-schema-graph\">{\"@context\":\"https:\\\/\\\/schema.org\",\"@graph\":[{\"@type\":\"WebPage\",\"@id\":\"https:\\\/\\\/www.vetorino.com\\\/boutique\\\/product\\\/vet-line-lapin-respiratoire\\\/\",\"url\":\"https:\\\/\\\/www.vetorino.com\\\/boutique\\\/product\\\/vet-line-lapin-respiratoire\\\/\",\"name\":\"Cunipic Vetline Lapin Respiratory Cunipic - V\u00e9torino\",\"isPartOf\":{\"@id\":\"https:\\\/\\\/www.vetorino.com\\\/boutique\\\/#website\"},\"primaryImageOfPage\":{\"@id\":\"https:\\\/\\\/www.vetorino.com\\\/boutique\\\/product\\\/vet-line-lapin-respiratoire\\\/#primaryimage\"},\"image\":{\"@id\":\"https:\\\/\\\/www.vetorino.com\\\/boutique\\\/product\\\/vet-line-lapin-respiratoire\\\/#primaryimage\"},\"thumbnailUrl\":\"https:\\\/\\\/www.vetorino.com\\\/boutique\\\/wp-content\\\/uploads\\\/2020\\\/10\\\/vet-line-respiratory-cunipic-.jpeg\",\"datePublished\":\"2020-03-04T22:58:09+00:00\",\"dateModified\":\"2023-04-12T07:49:29+00:00\",\"description\":\"Aliment \u00e9quilibr\u00e9 contenant du foin et des plantes, qui concourt \u00e0 la sant\u00e9 du syst\u00e8me respiratoire du lapin. Utilisation : Lapin sujet aux\u00a0probl\u00e8mes respiratoires Bienfaits essentiels : Il a des effets de\u00a0soutien au traitement\u00a0de la toux et des inflammations du syst\u00e8me respiratoire. La formule VETLINE respiratoire pour lapin peut \u00eatre utilis\u00e9e sur le long terme,\u00a0sans aucun effet secondaire. Cet aliment\u00a0est un produit v\u00e9t\u00e9rinaire. Il est conseill\u00e9 de consulter votre v\u00e9t\u00e9rinaire\u00a0avant utilisation.\",\"breadcrumb\":{\"@id\":\"https:\\\/\\\/www.vetorino.com\\\/boutique\\\/product\\\/vet-line-lapin-respiratoire\\\/#breadcrumb\"},\"inLanguage\":\"fr-FR\",\"potentialAction\":[{\"@type\":\"ReadAction\",\"target\":[\"https:\\\/\\\/www.vetorino.com\\\/boutique\\\/product\\\/vet-line-lapin-respiratoire\\\/\"]}]},{\"@type\":\"ImageObject\",\"inLanguage\":\"fr-FR\",\"@id\":\"https:\\\/\\\/www.vetorino.com\\\/boutique\\\/product\\\/vet-line-lapin-respiratoire\\\/#primaryimage\",\"url\":\"https:\\\/\\\/www.vetorino.com\\\/boutique\\\/wp-content\\\/uploads\\\/2020\\\/10\\\/vet-line-respiratory-cunipic-.jpeg\",\"contentUrl\":\"https:\\\/\\\/www.vetorino.com\\\/boutique\\\/wp-content\\\/uploads\\\/2020\\\/10\\\/vet-line-respiratory-cunipic-.jpeg\",\"width\":500,\"height\":500},{\"@type\":\"BreadcrumbList\",\"@id\":\"https:\\\/\\\/www.vetorino.com\\\/boutique\\\/product\\\/vet-line-lapin-respiratoire\\\/#breadcrumb\",\"itemListElement\":[{\"@type\":\"ListItem\",\"position\":1,\"name\":\"Accueil\",\"item\":\"https:\\\/\\\/www.vetorino.com\\\/boutique\\\/\"},{\"@type\":\"ListItem\",\"position\":2,\"name\":\"Produits\",\"item\":\"https:\\\/\\\/www.vetorino.com\\\/boutique\\\/\"},{\"@type\":\"ListItem\",\"position\":3,\"name\":\"Lapin Respiratory\"}]},{\"@type\":\"WebSite\",\"@id\":\"https:\\\/\\\/www.vetorino.com\\\/boutique\\\/#website\",\"url\":\"https:\\\/\\\/www.vetorino.com\\\/boutique\\\/\",\"name\":\"V\u00e9torino\",\"description\":\"\",\"publisher\":{\"@id\":\"https:\\\/\\\/www.vetorino.com\\\/boutique\\\/#organization\"},\"potentialAction\":[{\"@type\":\"SearchAction\",\"target\":{\"@type\":\"EntryPoint\",\"urlTemplate\":\"https:\\\/\\\/www.vetorino.com\\\/boutique\\\/?s={search_term_string}\"},\"query-input\":{\"@type\":\"PropertyValueSpecification\",\"valueRequired\":true,\"valueName\":\"search_term_string\"}}],\"inLanguage\":\"fr-FR\"},{\"@type\":\"Organization\",\"@id\":\"https:\\\/\\\/www.vetorino.com\\\/boutique\\\/#organization\",\"name\":\"V\u00e9torino\",\"url\":\"https:\\\/\\\/www.vetorino.com\\\/boutique\\\/\",\"logo\":{\"@type\":\"ImageObject\",\"inLanguage\":\"fr-FR\",\"@id\":\"https:\\\/\\\/www.vetorino.com\\\/boutique\\\/#\\\/schema\\\/logo\\\/image\\\/\",\"url\":\"https:\\\/\\\/www.vetorino.com\\\/boutique\\\/wp-content\\\/uploads\\\/2024\\\/10\\\/logo.jpg\",\"contentUrl\":\"https:\\\/\\\/www.vetorino.com\\\/boutique\\\/wp-content\\\/uploads\\\/2024\\\/10\\\/logo.jpg\",\"width\":1200,\"height\":610,\"caption\":\"V\u00e9torino\"},\"image\":{\"@id\":\"https:\\\/\\\/www.vetorino.com\\\/boutique\\\/#\\\/schema\\\/logo\\\/image\\\/\"},\"sameAs\":[\"https:\\\/\\\/www.facebook.com\\\/Vetorino\\\/\",\"https:\\\/\\\/www.instagram.com\\\/vetorino_off\\\/\",\"https:\\\/\\\/www.linkedin.com\\\/company\\\/vtorino\\\/\"]}]}<\/script>\n<meta property=\"product:brand\" content=\"Cunipic\" \/>\n<meta property=\"product:price:amount\" content=\"17.31\" \/>\n<meta property=\"product:price:currency\" content=\"EUR\" \/>\n<meta property=\"og:availability\" content=\"out of stock\" \/>\n<meta property=\"product:availability\" content=\"out of stock\" \/>\n<meta property=\"product:retailer_item_id\" content=\"A-8113034\" \/>\n<meta property=\"product:condition\" content=\"new\" \/>\n<!-- \/ Yoast SEO plugin. -->","yoast_head_json":{"title":"Cunipic Vetline Lapin Respiratory Cunipic - V\u00e9torino","description":"Aliment \u00e9quilibr\u00e9 contenant du foin et des plantes, qui concourt \u00e0 la sant\u00e9 du syst\u00e8me respiratoire du lapin.    Utilisation :   Lapin sujet aux\u00a0probl\u00e8mes respiratoires  Bienfaits essentiels :   Il a des effets de\u00a0soutien au traitement\u00a0de la toux et des inflammations du syst\u00e8me respiratoire.  La formule VETLINE respiratoire pour lapin peut \u00eatre utilis\u00e9e sur le long terme,\u00a0sans aucun effet secondaire.  Cet aliment\u00a0est un produit v\u00e9t\u00e9rinaire. Il est conseill\u00e9 de consulter votre v\u00e9t\u00e9rinaire\u00a0avant utilisation.","robots":{"index":"noindex","follow":"nofollow"},"og_locale":"fr_FR","og_type":"article","og_title":"Cunipic Vetline Lapin Respiratory Cunipic - V\u00e9torino","og_description":"Aliment \u00e9quilibr\u00e9 contenant du foin et des plantes, qui concourt \u00e0 la sant\u00e9 du syst\u00e8me respiratoire du lapin.    Utilisation :   Lapin sujet aux\u00a0probl\u00e8mes respiratoires  Bienfaits essentiels :   Il a des effets de\u00a0soutien au traitement\u00a0de la toux et des inflammations du syst\u00e8me respiratoire.  La formule VETLINE respiratoire pour lapin peut \u00eatre utilis\u00e9e sur le long terme,\u00a0sans aucun effet secondaire.  Cet aliment\u00a0est un produit v\u00e9t\u00e9rinaire. Il est conseill\u00e9 de consulter votre v\u00e9t\u00e9rinaire\u00a0avant utilisation.","og_url":"https:\/\/www.vetorino.com\/veterinaire\/prunelli-di-fiumorbo-20243\/boutique\/product\/vet-line-lapin-respiratoire\/","og_site_name":"V\u00e9torino","article_publisher":"https:\/\/www.facebook.com\/Vetorino\/","article_modified_time":"2023-04-12T07:49:29+00:00","og_image":[{"width":500,"height":500,"url":"https:\/\/www.vetorino.com\/boutique\/wp-content\/uploads\/2020\/10\/vet-line-respiratory-cunipic-.jpeg","type":"image\/jpeg"}],"twitter_card":"summary_large_image","twitter_misc":{"Prix":"17,31&euro;","Disponibilit\u00e9":"Rupture de stock"},"schema":{"@context":"https:\/\/schema.org","@graph":[{"@type":"WebPage","@id":"https:\/\/www.vetorino.com\/boutique\/product\/vet-line-lapin-respiratoire\/","url":"https:\/\/www.vetorino.com\/boutique\/product\/vet-line-lapin-respiratoire\/","name":"Cunipic Vetline Lapin Respiratory Cunipic - V\u00e9torino","isPartOf":{"@id":"https:\/\/www.vetorino.com\/boutique\/#website"},"primaryImageOfPage":{"@id":"https:\/\/www.vetorino.com\/boutique\/product\/vet-line-lapin-respiratoire\/#primaryimage"},"image":{"@id":"https:\/\/www.vetorino.com\/boutique\/product\/vet-line-lapin-respiratoire\/#primaryimage"},"thumbnailUrl":"https:\/\/www.vetorino.com\/boutique\/wp-content\/uploads\/2020\/10\/vet-line-respiratory-cunipic-.jpeg","datePublished":"2020-03-04T22:58:09+00:00","dateModified":"2023-04-12T07:49:29+00:00","description":"Aliment \u00e9quilibr\u00e9 contenant du foin et des plantes, qui concourt \u00e0 la sant\u00e9 du syst\u00e8me respiratoire du lapin. Utilisation : Lapin sujet aux\u00a0probl\u00e8mes respiratoires Bienfaits essentiels : Il a des effets de\u00a0soutien au traitement\u00a0de la toux et des inflammations du syst\u00e8me respiratoire. La formule VETLINE respiratoire pour lapin peut \u00eatre utilis\u00e9e sur le long terme,\u00a0sans aucun effet secondaire. Cet aliment\u00a0est un produit v\u00e9t\u00e9rinaire. Il est conseill\u00e9 de consulter votre v\u00e9t\u00e9rinaire\u00a0avant utilisation.","breadcrumb":{"@id":"https:\/\/www.vetorino.com\/boutique\/product\/vet-line-lapin-respiratoire\/#breadcrumb"},"inLanguage":"fr-FR","potentialAction":[{"@type":"ReadAction","target":["https:\/\/www.vetorino.com\/boutique\/product\/vet-line-lapin-respiratoire\/"]}]},{"@type":"ImageObject","inLanguage":"fr-FR","@id":"https:\/\/www.vetorino.com\/boutique\/product\/vet-line-lapin-respiratoire\/#primaryimage","url":"https:\/\/www.vetorino.com\/boutique\/wp-content\/uploads\/2020\/10\/vet-line-respiratory-cunipic-.jpeg","contentUrl":"https:\/\/www.vetorino.com\/boutique\/wp-content\/uploads\/2020\/10\/vet-line-respiratory-cunipic-.jpeg","width":500,"height":500},{"@type":"BreadcrumbList","@id":"https:\/\/www.vetorino.com\/boutique\/product\/vet-line-lapin-respiratoire\/#breadcrumb","itemListElement":[{"@type":"ListItem","position":1,"name":"Accueil","item":"https:\/\/www.vetorino.com\/boutique\/"},{"@type":"ListItem","position":2,"name":"Produits","item":"https:\/\/www.vetorino.com\/boutique\/"},{"@type":"ListItem","position":3,"name":"Lapin Respiratory"}]},{"@type":"WebSite","@id":"https:\/\/www.vetorino.com\/boutique\/#website","url":"https:\/\/www.vetorino.com\/boutique\/","name":"V\u00e9torino","description":"","publisher":{"@id":"https:\/\/www.vetorino.com\/boutique\/#organization"},"potentialAction":[{"@type":"SearchAction","target":{"@type":"EntryPoint","urlTemplate":"https:\/\/www.vetorino.com\/boutique\/?s={search_term_string}"},"query-input":{"@type":"PropertyValueSpecification","valueRequired":true,"valueName":"search_term_string"}}],"inLanguage":"fr-FR"},{"@type":"Organization","@id":"https:\/\/www.vetorino.com\/boutique\/#organization","name":"V\u00e9torino","url":"https:\/\/www.vetorino.com\/boutique\/","logo":{"@type":"ImageObject","inLanguage":"fr-FR","@id":"https:\/\/www.vetorino.com\/boutique\/#\/schema\/logo\/image\/","url":"https:\/\/www.vetorino.com\/boutique\/wp-content\/uploads\/2024\/10\/logo.jpg","contentUrl":"https:\/\/www.vetorino.com\/boutique\/wp-content\/uploads\/2024\/10\/logo.jpg","width":1200,"height":610,"caption":"V\u00e9torino"},"image":{"@id":"https:\/\/www.vetorino.com\/boutique\/#\/schema\/logo\/image\/"},"sameAs":["https:\/\/www.facebook.com\/Vetorino\/","https:\/\/www.instagram.com\/vetorino_off\/","https:\/\/www.linkedin.com\/company\/vtorino\/"]}]},"product_brand":"Cunipic","product_price_amount":"17.31","product_price_currency":"EUR","og_availability":"out of stock","product_availability":"out of stock","product_retailer_item_id":"A-8113034","product_condition":"new"},"_links":{"self":[{"href":"https:\/\/www.vetorino.com\/veterinaire\/prunelli-di-fiumorbo-20243\/boutique\/wp-json\/wp\/v2\/product\/38043","targetHints":{"allow":["GET"]}}],"collection":[{"href":"https:\/\/www.vetorino.com\/veterinaire\/prunelli-di-fiumorbo-20243\/boutique\/wp-json\/wp\/v2\/product"}],"about":[{"href":"https:\/\/www.vetorino.com\/veterinaire\/prunelli-di-fiumorbo-20243\/boutique\/wp-json\/wp\/v2\/types\/product"}],"wp:featuredmedia":[{"embeddable":true,"href":"https:\/\/www.vetorino.com\/veterinaire\/prunelli-di-fiumorbo-20243\/boutique\/wp-json\/wp\/v2\/media\/593465"}],"wp:attachment":[{"href":"https:\/\/www.vetorino.com\/veterinaire\/prunelli-di-fiumorbo-20243\/boutique\/wp-json\/wp\/v2\/media?parent=38043"}],"wp:term":[{"taxonomy":"product_cat","embeddable":true,"href":"https:\/\/www.vetorino.com\/veterinaire\/prunelli-di-fiumorbo-20243\/boutique\/wp-json\/wp\/v2\/product_cat?post=38043"},{"taxonomy":"product_tag","embeddable":true,"href":"https:\/\/www.vetorino.com\/veterinaire\/prunelli-di-fiumorbo-20243\/boutique\/wp-json\/wp\/v2\/product_tag?post=38043"}],"curies":[{"name":"wp","href":"https:\/\/api.w.org\/{rel}","templated":true}]}}