{"id":38055,"date":"2020-03-04T23:58:14","date_gmt":"2020-03-04T22:58:14","guid":{"rendered":"https:\/\/www.vetorino.com\/boutique\/product\/care-cochon-dinde\/"},"modified":"2024-11-21T10:03:06","modified_gmt":"2024-11-21T09:03:06","slug":"care-cochon-dinde","status":"publish","type":"product","link":"https:\/\/www.vetorino.com\/veterinaire\/prunelli-di-fiumorbo-20243\/boutique\/product\/care-cochon-dinde\/","title":{"rendered":"Care + Cochon d&#8217;Inde"},"content":{"rendered":"<p><strong>Care+ extrud\u00e9 premium pour Cochon d\u2019Inde<\/strong> est formul\u00e9 pour combler les besoins \u00e9nerg\u00e9tiques de vos petits compagnons.<\/p>\n<p>Cette formule extrud\u00e9e, enrichie en vitamine C et en fibres, <strong>permet d&#8217;assurer une alimentation saine et \u00e9quilibr\u00e9e pour le bien-\u00eatre de votre rongeur.<\/p>\n<p><\/strong>Bienfaits essentiels :<\/p>\n<ul>\n<li class=\"hidden\">Care+ est une <strong>alimentation premium<\/strong> sp\u00e9cialement con\u00e7ue pour offrir \u00e0 vos cochons d\u2019Inde tous les <strong>nutriments essentiels<\/strong> dont ils ont besoin pour rester en bonne sant\u00e9.<\/li>\n<li class=\"hidden\">La texture extrud\u00e9e &#8220;All in One&#8221; des granul\u00e9s permet une consommation unique, assurant ainsi une <strong>alimentation \u00e9quilibr\u00e9e<\/strong> \u00e0 chaque repas et limite le gaspillage. De plus, sa duret\u00e9 participe \u00e0 l&#8217;usure naturelle des dents, contribuant ainsi \u00e0 <strong>une bonne hygi\u00e8ne bucco-dentaire<\/strong>.<\/li>\n<li class=\"hidden\">Formule enrichie en fibres (22 %) pour <strong>favoriser une bonne digestion<\/strong> et participer au bon fonctionnement du syst\u00e8me digestif des cochons d\u2019Inde.<\/li>\n<li class=\"hidden\">Cet aliment <strong>contient de la vitamine C<\/strong>, essentielle pour les cochons d&#8217;Inde afin d&#8217;assurer sa croissance, son \u00e9quilibre et favoriser un transit intestinal optimal.<\/li>\n<\/ul>\n","protected":false},"excerpt":{"rendered":"<p><strong>Care+ Cochon d&#8217;inde est une alimentation premium tr\u00e8s app\u00e9tente et bien \u00e9quilibr\u00e9e. <\/strong>Contient des prot\u00e9ines de haute valeur biologique favorisant une croissance optimale.<\/p>\n","protected":false},"featured_media":1105301,"template":"","meta":[],"product_cat":[12580,2812,12672,2727,12570,15842],"product_tag":[],"class_list":{"0":"post-38055","1":"product","2":"type-product","3":"status-publish","4":"has-post-thumbnail","6":"product_cat-alimentation-du-rongeur","7":"product_cat-alimentation-pour-lapin-rongeur","8":"product_cat-granule-et-melange-pour-rongeur","9":"product_cat-nac","10":"product_cat-rongeur","11":"product_cat-rongeurs","12":"pa_marque-beaphar","14":"first","15":"instock","16":"taxable","17":"shipping-taxable","18":"purchasable","19":"product-type-variable"},"yoast_head":"<!-- This site is optimized with the Yoast SEO plugin v27.3 - https:\/\/yoast.com\/product\/yoast-seo-wordpress\/ -->\n<title>Care + Cochon d&#039;Inde Beaphar - V\u00e9torino<\/title>\n<meta name=\"description\" content=\"Care+ Cochon d&#039;inde est une alimentation premium tr\u00e8s app\u00e9tente et bien \u00e9quilibr\u00e9e. Contient des prot\u00e9ines de haute valeur biologique favorisant une croissance optimale.\" \/>\n<meta name=\"robots\" content=\"noindex, nofollow\" \/>\n<meta property=\"og:locale\" content=\"fr_FR\" \/>\n<meta property=\"og:type\" content=\"article\" \/>\n<meta property=\"og:title\" content=\"Care + Cochon d&#039;Inde Beaphar - V\u00e9torino\" \/>\n<meta property=\"og:description\" content=\"Care+ Cochon d&#039;inde est une alimentation premium tr\u00e8s app\u00e9tente et bien \u00e9quilibr\u00e9e. Contient des prot\u00e9ines de haute valeur biologique favorisant une croissance optimale.\" \/>\n<meta property=\"og:url\" content=\"https:\/\/www.vetorino.com\/veterinaire\/prunelli-di-fiumorbo-20243\/boutique\/product\/care-cochon-dinde\/\" \/>\n<meta property=\"og:site_name\" content=\"V\u00e9torino\" \/>\n<meta property=\"article:publisher\" content=\"https:\/\/www.facebook.com\/Vetorino\/\" \/>\n<meta property=\"article:modified_time\" content=\"2024-11-21T09:03:06+00:00\" \/>\n<meta property=\"og:image\" content=\"https:\/\/www.vetorino.com\/boutique\/wp-content\/uploads\/2020\/03\/care-cochon-d-inde.webp\" \/>\n\t<meta property=\"og:image:width\" content=\"800\" \/>\n\t<meta property=\"og:image:height\" content=\"800\" \/>\n\t<meta property=\"og:image:type\" content=\"image\/webp\" \/>\n<meta name=\"twitter:card\" content=\"summary_large_image\" \/>\n<meta name=\"twitter:label1\" content=\"Disponibilit\u00e9\" \/>\n\t<meta name=\"twitter:data1\" content=\"En stock\" \/>\n<script type=\"application\/ld+json\" class=\"yoast-schema-graph\">{\"@context\":\"https:\\\/\\\/schema.org\",\"@graph\":[{\"@type\":\"WebPage\",\"@id\":\"https:\\\/\\\/www.vetorino.com\\\/boutique\\\/product\\\/care-cochon-dinde\\\/\",\"url\":\"https:\\\/\\\/www.vetorino.com\\\/boutique\\\/product\\\/care-cochon-dinde\\\/\",\"name\":\"Care + Cochon d'Inde Beaphar - V\u00e9torino\",\"isPartOf\":{\"@id\":\"https:\\\/\\\/www.vetorino.com\\\/boutique\\\/#website\"},\"primaryImageOfPage\":{\"@id\":\"https:\\\/\\\/www.vetorino.com\\\/boutique\\\/product\\\/care-cochon-dinde\\\/#primaryimage\"},\"image\":{\"@id\":\"https:\\\/\\\/www.vetorino.com\\\/boutique\\\/product\\\/care-cochon-dinde\\\/#primaryimage\"},\"thumbnailUrl\":\"https:\\\/\\\/www.vetorino.com\\\/boutique\\\/wp-content\\\/uploads\\\/2020\\\/03\\\/care-cochon-d-inde.webp\",\"datePublished\":\"2020-03-04T22:58:14+00:00\",\"dateModified\":\"2024-11-21T09:03:06+00:00\",\"description\":\"Care+ Cochon d'inde est une alimentation premium tr\u00e8s app\u00e9tente et bien \u00e9quilibr\u00e9e. Contient des prot\u00e9ines de haute valeur biologique favorisant une croissance optimale.\",\"breadcrumb\":{\"@id\":\"https:\\\/\\\/www.vetorino.com\\\/boutique\\\/product\\\/care-cochon-dinde\\\/#breadcrumb\"},\"inLanguage\":\"fr-FR\",\"potentialAction\":[{\"@type\":\"ReadAction\",\"target\":[\"https:\\\/\\\/www.vetorino.com\\\/boutique\\\/product\\\/care-cochon-dinde\\\/\"]}]},{\"@type\":\"ImageObject\",\"inLanguage\":\"fr-FR\",\"@id\":\"https:\\\/\\\/www.vetorino.com\\\/boutique\\\/product\\\/care-cochon-dinde\\\/#primaryimage\",\"url\":\"https:\\\/\\\/www.vetorino.com\\\/boutique\\\/wp-content\\\/uploads\\\/2020\\\/03\\\/care-cochon-d-inde.webp\",\"contentUrl\":\"https:\\\/\\\/www.vetorino.com\\\/boutique\\\/wp-content\\\/uploads\\\/2020\\\/03\\\/care-cochon-d-inde.webp\",\"width\":800,\"height\":800},{\"@type\":\"BreadcrumbList\",\"@id\":\"https:\\\/\\\/www.vetorino.com\\\/boutique\\\/product\\\/care-cochon-dinde\\\/#breadcrumb\",\"itemListElement\":[{\"@type\":\"ListItem\",\"position\":1,\"name\":\"Accueil\",\"item\":\"https:\\\/\\\/www.vetorino.com\\\/boutique\\\/\"},{\"@type\":\"ListItem\",\"position\":2,\"name\":\"Produits\",\"item\":\"https:\\\/\\\/www.vetorino.com\\\/boutique\\\/\"},{\"@type\":\"ListItem\",\"position\":3,\"name\":\"Care + Cochon d&#8217;Inde\"}]},{\"@type\":\"WebSite\",\"@id\":\"https:\\\/\\\/www.vetorino.com\\\/boutique\\\/#website\",\"url\":\"https:\\\/\\\/www.vetorino.com\\\/boutique\\\/\",\"name\":\"V\u00e9torino\",\"description\":\"\",\"publisher\":{\"@id\":\"https:\\\/\\\/www.vetorino.com\\\/boutique\\\/#organization\"},\"potentialAction\":[{\"@type\":\"SearchAction\",\"target\":{\"@type\":\"EntryPoint\",\"urlTemplate\":\"https:\\\/\\\/www.vetorino.com\\\/boutique\\\/?s={search_term_string}\"},\"query-input\":{\"@type\":\"PropertyValueSpecification\",\"valueRequired\":true,\"valueName\":\"search_term_string\"}}],\"inLanguage\":\"fr-FR\"},{\"@type\":\"Organization\",\"@id\":\"https:\\\/\\\/www.vetorino.com\\\/boutique\\\/#organization\",\"name\":\"V\u00e9torino\",\"url\":\"https:\\\/\\\/www.vetorino.com\\\/boutique\\\/\",\"logo\":{\"@type\":\"ImageObject\",\"inLanguage\":\"fr-FR\",\"@id\":\"https:\\\/\\\/www.vetorino.com\\\/boutique\\\/#\\\/schema\\\/logo\\\/image\\\/\",\"url\":\"https:\\\/\\\/www.vetorino.com\\\/boutique\\\/wp-content\\\/uploads\\\/2024\\\/10\\\/logo.jpg\",\"contentUrl\":\"https:\\\/\\\/www.vetorino.com\\\/boutique\\\/wp-content\\\/uploads\\\/2024\\\/10\\\/logo.jpg\",\"width\":1200,\"height\":610,\"caption\":\"V\u00e9torino\"},\"image\":{\"@id\":\"https:\\\/\\\/www.vetorino.com\\\/boutique\\\/#\\\/schema\\\/logo\\\/image\\\/\"},\"sameAs\":[\"https:\\\/\\\/www.facebook.com\\\/Vetorino\\\/\",\"https:\\\/\\\/www.instagram.com\\\/vetorino_off\\\/\",\"https:\\\/\\\/www.linkedin.com\\\/company\\\/vtorino\\\/\"]}]}<\/script>\n<meta property=\"product:brand\" content=\"Beaphar\" \/>\n<meta property=\"og:availability\" content=\"instock\" \/>\n<meta property=\"product:availability\" content=\"instock\" \/>\n<meta property=\"product:condition\" content=\"new\" \/>\n<!-- \/ Yoast SEO plugin. -->","yoast_head_json":{"title":"Care + Cochon d'Inde Beaphar - V\u00e9torino","description":"Care+ Cochon d'inde est une alimentation premium tr\u00e8s app\u00e9tente et bien \u00e9quilibr\u00e9e. Contient des prot\u00e9ines de haute valeur biologique favorisant une croissance optimale.","robots":{"index":"noindex","follow":"nofollow"},"og_locale":"fr_FR","og_type":"article","og_title":"Care + Cochon d'Inde Beaphar - V\u00e9torino","og_description":"Care+ Cochon d'inde est une alimentation premium tr\u00e8s app\u00e9tente et bien \u00e9quilibr\u00e9e. Contient des prot\u00e9ines de haute valeur biologique favorisant une croissance optimale.","og_url":"https:\/\/www.vetorino.com\/veterinaire\/prunelli-di-fiumorbo-20243\/boutique\/product\/care-cochon-dinde\/","og_site_name":"V\u00e9torino","article_publisher":"https:\/\/www.facebook.com\/Vetorino\/","article_modified_time":"2024-11-21T09:03:06+00:00","og_image":[{"width":800,"height":800,"url":"https:\/\/www.vetorino.com\/boutique\/wp-content\/uploads\/2020\/03\/care-cochon-d-inde.webp","type":"image\/webp"}],"twitter_card":"summary_large_image","twitter_misc":{"Disponibilit\u00e9":"En stock"},"schema":{"@context":"https:\/\/schema.org","@graph":[{"@type":"WebPage","@id":"https:\/\/www.vetorino.com\/boutique\/product\/care-cochon-dinde\/","url":"https:\/\/www.vetorino.com\/boutique\/product\/care-cochon-dinde\/","name":"Care + Cochon d'Inde Beaphar - V\u00e9torino","isPartOf":{"@id":"https:\/\/www.vetorino.com\/boutique\/#website"},"primaryImageOfPage":{"@id":"https:\/\/www.vetorino.com\/boutique\/product\/care-cochon-dinde\/#primaryimage"},"image":{"@id":"https:\/\/www.vetorino.com\/boutique\/product\/care-cochon-dinde\/#primaryimage"},"thumbnailUrl":"https:\/\/www.vetorino.com\/boutique\/wp-content\/uploads\/2020\/03\/care-cochon-d-inde.webp","datePublished":"2020-03-04T22:58:14+00:00","dateModified":"2024-11-21T09:03:06+00:00","description":"Care+ Cochon d'inde est une alimentation premium tr\u00e8s app\u00e9tente et bien \u00e9quilibr\u00e9e. Contient des prot\u00e9ines de haute valeur biologique favorisant une croissance optimale.","breadcrumb":{"@id":"https:\/\/www.vetorino.com\/boutique\/product\/care-cochon-dinde\/#breadcrumb"},"inLanguage":"fr-FR","potentialAction":[{"@type":"ReadAction","target":["https:\/\/www.vetorino.com\/boutique\/product\/care-cochon-dinde\/"]}]},{"@type":"ImageObject","inLanguage":"fr-FR","@id":"https:\/\/www.vetorino.com\/boutique\/product\/care-cochon-dinde\/#primaryimage","url":"https:\/\/www.vetorino.com\/boutique\/wp-content\/uploads\/2020\/03\/care-cochon-d-inde.webp","contentUrl":"https:\/\/www.vetorino.com\/boutique\/wp-content\/uploads\/2020\/03\/care-cochon-d-inde.webp","width":800,"height":800},{"@type":"BreadcrumbList","@id":"https:\/\/www.vetorino.com\/boutique\/product\/care-cochon-dinde\/#breadcrumb","itemListElement":[{"@type":"ListItem","position":1,"name":"Accueil","item":"https:\/\/www.vetorino.com\/boutique\/"},{"@type":"ListItem","position":2,"name":"Produits","item":"https:\/\/www.vetorino.com\/boutique\/"},{"@type":"ListItem","position":3,"name":"Care + Cochon d&#8217;Inde"}]},{"@type":"WebSite","@id":"https:\/\/www.vetorino.com\/boutique\/#website","url":"https:\/\/www.vetorino.com\/boutique\/","name":"V\u00e9torino","description":"","publisher":{"@id":"https:\/\/www.vetorino.com\/boutique\/#organization"},"potentialAction":[{"@type":"SearchAction","target":{"@type":"EntryPoint","urlTemplate":"https:\/\/www.vetorino.com\/boutique\/?s={search_term_string}"},"query-input":{"@type":"PropertyValueSpecification","valueRequired":true,"valueName":"search_term_string"}}],"inLanguage":"fr-FR"},{"@type":"Organization","@id":"https:\/\/www.vetorino.com\/boutique\/#organization","name":"V\u00e9torino","url":"https:\/\/www.vetorino.com\/boutique\/","logo":{"@type":"ImageObject","inLanguage":"fr-FR","@id":"https:\/\/www.vetorino.com\/boutique\/#\/schema\/logo\/image\/","url":"https:\/\/www.vetorino.com\/boutique\/wp-content\/uploads\/2024\/10\/logo.jpg","contentUrl":"https:\/\/www.vetorino.com\/boutique\/wp-content\/uploads\/2024\/10\/logo.jpg","width":1200,"height":610,"caption":"V\u00e9torino"},"image":{"@id":"https:\/\/www.vetorino.com\/boutique\/#\/schema\/logo\/image\/"},"sameAs":["https:\/\/www.facebook.com\/Vetorino\/","https:\/\/www.instagram.com\/vetorino_off\/","https:\/\/www.linkedin.com\/company\/vtorino\/"]}]},"product_brand":"Beaphar","og_availability":"instock","product_availability":"instock","product_condition":"new"},"_links":{"self":[{"href":"https:\/\/www.vetorino.com\/veterinaire\/prunelli-di-fiumorbo-20243\/boutique\/wp-json\/wp\/v2\/product\/38055","targetHints":{"allow":["GET"]}}],"collection":[{"href":"https:\/\/www.vetorino.com\/veterinaire\/prunelli-di-fiumorbo-20243\/boutique\/wp-json\/wp\/v2\/product"}],"about":[{"href":"https:\/\/www.vetorino.com\/veterinaire\/prunelli-di-fiumorbo-20243\/boutique\/wp-json\/wp\/v2\/types\/product"}],"wp:featuredmedia":[{"embeddable":true,"href":"https:\/\/www.vetorino.com\/veterinaire\/prunelli-di-fiumorbo-20243\/boutique\/wp-json\/wp\/v2\/media\/1105301"}],"wp:attachment":[{"href":"https:\/\/www.vetorino.com\/veterinaire\/prunelli-di-fiumorbo-20243\/boutique\/wp-json\/wp\/v2\/media?parent=38055"}],"wp:term":[{"taxonomy":"product_cat","embeddable":true,"href":"https:\/\/www.vetorino.com\/veterinaire\/prunelli-di-fiumorbo-20243\/boutique\/wp-json\/wp\/v2\/product_cat?post=38055"},{"taxonomy":"product_tag","embeddable":true,"href":"https:\/\/www.vetorino.com\/veterinaire\/prunelli-di-fiumorbo-20243\/boutique\/wp-json\/wp\/v2\/product_tag?post=38055"}],"curies":[{"name":"wp","href":"https:\/\/api.w.org\/{rel}","templated":true}]}}