{"id":38068,"date":"2020-03-04T23:58:18","date_gmt":"2020-03-04T22:58:18","guid":{"rendered":"https:\/\/www.vetorino.com\/boutique\/product\/foin-lapin-rongeur\/"},"modified":"2024-05-10T09:55:38","modified_gmt":"2024-05-10T07:55:38","slug":"foin-lapin-rongeur","status":"publish","type":"product","link":"https:\/\/www.vetorino.com\/veterinaire\/prunelli-di-fiumorbo-20243\/boutique\/product\/foin-lapin-rongeur\/","title":{"rendered":"Foin Lapin\/rongeur"},"content":{"rendered":"<p>Votre petit rongeur va adorer le foin de Crau du Moulin de La Levade ! Compos\u00e9 de fines herbes de prairies\u00a0<strong>riche en fibres naturelles<\/strong>,\u00a0votre petit compagnon ne saura r\u00e9sister \u00e0 son go\u00fbt d\u00e9licieux.<\/p>\n<p>Ce foin propos\u00e9 par le Moulin de La Levade a \u00e9t\u00e9 produit de mani\u00e8re artisanale dans la\u00a0<strong>plaine de la\u00a0Crau, dans les Bouches-du-Rh\u00f4ne.\u00a0<\/strong>Il est le seul produit alimentaire non destin\u00e9 \u00e0 l&#8217;homme qui dispose d&#8217;une\u00a0<strong>Appellation d&#8217;Origine Prot\u00e9g\u00e9e<\/strong>. Vous pourrez ainsi faire plaisir \u00e0 votre petit compagnon en lui offrant un produit traditionnel.<\/p>\n<p><strong>Caract\u00e9ristiques du foin de Crau du Moulin de La Levade pour rongeur :\u00a0<\/strong><\/p>\n<ul>\n<li>foin de grande qualit\u00e9 pour rongeur<\/li>\n<li>convient parfaitement pour les chinchillas, les hamsters, les lapins, les cochons d&#8217;Inde et les octodons<\/li>\n<li><strong>agr\u00e9able parfum\u00a0<\/strong>d&#8217;herbes de prairie fra\u00eeches<\/li>\n<li><strong>aliment sain,\u00a0<\/strong>riche en fibres<\/li>\n<li>favorise la digestion naturelle<\/li>\n<li><strong>fromental et tr\u00e8fle violet des pr\u00e9s :<\/strong>\u00a0fournissent des vitamines, min\u00e9raux et oligo-\u00e9l\u00e9ments essentiels<\/li>\n<li><strong>favorise l&#8217;abrasion des dents<\/strong><\/li>\n<li><strong>produit d&#8217;Appellation d&#8217;Origine Prot\u00e9g\u00e9e :<\/strong>\u00a0produit naturel de grande qualit\u00e9<\/li>\n<li><strong>produit en France<\/strong> dans les Bouches-du-Rh\u00f4ne<\/li>\n<\/ul>\n<p><b>Remarques :<\/b><br \/>\nLe foin est un produit naturel, c&#8217;est pourquoi sa qualit\u00e9 varie en fonction des saisons. Si la couleur du foin change du vert au vert p\u00e2le en passant par le jaune, cela n&#8217;a rien d&#8217;anormal et n&#8217;est en aucun cas un signe de mauvaise qualit\u00e9 !\u00a0Ce n&#8217;est pas \u00e0 sa couleur que l&#8217;on reconna\u00eet un foin de bonne qualit\u00e9 mais \u00e0 son odeur. Un bon foin sent toujours bon et ne contient pas (ou tr\u00e8s peu) de grosses brindilles et\/ou de brindilles dures.<\/p>\n","protected":false},"excerpt":{"rendered":"<p><strong>Foin de Crau AOP<\/strong> pour rongeur, parfum d\u00e9licat, d\u00e9licieux foin en vrac, teneur \u00e9lev\u00e9e en fibres naturelles, fabriqu\u00e9 dans les Bouches-du-Rh\u00f4ne.<\/p>\n","protected":false},"featured_media":917919,"template":"","meta":[],"product_cat":[12578,12580,2812,12666,12667,12563,15841,2727,12570,15842],"product_tag":[],"class_list":{"0":"post-38068","1":"product","2":"type-product","3":"status-publish","4":"has-post-thumbnail","6":"product_cat-alimentation-du-lapin","7":"product_cat-alimentation-du-rongeur","8":"product_cat-alimentation-pour-lapin-rongeur","9":"product_cat-foin-pour-lapin","10":"product_cat-foin-pour-rongeur","11":"product_cat-lapin","12":"product_cat-lapins","13":"product_cat-nac","14":"product_cat-rongeur","15":"product_cat-rongeurs","16":"pa_marque-moulin-de-la-levade","18":"first","19":"instock","20":"taxable","21":"shipping-taxable","22":"purchasable","23":"product-type-variable"},"yoast_head":"<!-- This site is optimized with the Yoast SEO plugin v27.3 - https:\/\/yoast.com\/product\/yoast-seo-wordpress\/ -->\n<title>Foin Lapin\/rongeur Moulin de la Levade - V\u00e9torino<\/title>\n<meta name=\"description\" content=\"Foin de Crau AOP pour rongeur, parfum d\u00e9licat, d\u00e9licieux foin en vrac, teneur \u00e9lev\u00e9e en fibres naturelles, fabriqu\u00e9 dans les Bouches-du-Rh\u00f4ne.\" \/>\n<meta name=\"robots\" content=\"noindex, nofollow\" \/>\n<meta property=\"og:locale\" content=\"fr_FR\" \/>\n<meta property=\"og:type\" content=\"article\" \/>\n<meta property=\"og:title\" content=\"Foin Lapin\/rongeur Moulin de la Levade - V\u00e9torino\" \/>\n<meta property=\"og:description\" content=\"Foin de Crau AOP pour rongeur, parfum d\u00e9licat, d\u00e9licieux foin en vrac, teneur \u00e9lev\u00e9e en fibres naturelles, fabriqu\u00e9 dans les Bouches-du-Rh\u00f4ne.\" \/>\n<meta property=\"og:url\" content=\"https:\/\/www.vetorino.com\/veterinaire\/prunelli-di-fiumorbo-20243\/boutique\/product\/foin-lapin-rongeur\/\" \/>\n<meta property=\"og:site_name\" content=\"V\u00e9torino\" \/>\n<meta property=\"article:publisher\" content=\"https:\/\/www.facebook.com\/Vetorino\/\" \/>\n<meta property=\"article:modified_time\" content=\"2024-05-10T07:55:38+00:00\" \/>\n<meta property=\"og:image\" content=\"https:\/\/www.vetorino.com\/boutique\/wp-content\/uploads\/2023\/01\/39203716407048_NEW_1.webp\" \/>\n\t<meta property=\"og:image:width\" content=\"2048\" \/>\n\t<meta property=\"og:image:height\" content=\"2216\" \/>\n\t<meta property=\"og:image:type\" content=\"image\/webp\" \/>\n<meta name=\"twitter:card\" content=\"summary_large_image\" \/>\n<meta name=\"twitter:label1\" content=\"Disponibilit\u00e9\" \/>\n\t<meta name=\"twitter:data1\" content=\"En stock\" \/>\n<script type=\"application\/ld+json\" class=\"yoast-schema-graph\">{\"@context\":\"https:\\\/\\\/schema.org\",\"@graph\":[{\"@type\":\"WebPage\",\"@id\":\"https:\\\/\\\/www.vetorino.com\\\/boutique\\\/product\\\/foin-lapin-rongeur\\\/\",\"url\":\"https:\\\/\\\/www.vetorino.com\\\/boutique\\\/product\\\/foin-lapin-rongeur\\\/\",\"name\":\"Foin Lapin\\\/rongeur Moulin de la Levade - V\u00e9torino\",\"isPartOf\":{\"@id\":\"https:\\\/\\\/www.vetorino.com\\\/boutique\\\/#website\"},\"primaryImageOfPage\":{\"@id\":\"https:\\\/\\\/www.vetorino.com\\\/boutique\\\/product\\\/foin-lapin-rongeur\\\/#primaryimage\"},\"image\":{\"@id\":\"https:\\\/\\\/www.vetorino.com\\\/boutique\\\/product\\\/foin-lapin-rongeur\\\/#primaryimage\"},\"thumbnailUrl\":\"https:\\\/\\\/www.vetorino.com\\\/boutique\\\/wp-content\\\/uploads\\\/2023\\\/01\\\/39203716407048_NEW_1.webp\",\"datePublished\":\"2020-03-04T22:58:18+00:00\",\"dateModified\":\"2024-05-10T07:55:38+00:00\",\"description\":\"Foin de Crau AOP pour rongeur, parfum d\u00e9licat, d\u00e9licieux foin en vrac, teneur \u00e9lev\u00e9e en fibres naturelles, fabriqu\u00e9 dans les Bouches-du-Rh\u00f4ne.\",\"breadcrumb\":{\"@id\":\"https:\\\/\\\/www.vetorino.com\\\/boutique\\\/product\\\/foin-lapin-rongeur\\\/#breadcrumb\"},\"inLanguage\":\"fr-FR\",\"potentialAction\":[{\"@type\":\"ReadAction\",\"target\":[\"https:\\\/\\\/www.vetorino.com\\\/boutique\\\/product\\\/foin-lapin-rongeur\\\/\"]}]},{\"@type\":\"ImageObject\",\"inLanguage\":\"fr-FR\",\"@id\":\"https:\\\/\\\/www.vetorino.com\\\/boutique\\\/product\\\/foin-lapin-rongeur\\\/#primaryimage\",\"url\":\"https:\\\/\\\/www.vetorino.com\\\/boutique\\\/wp-content\\\/uploads\\\/2023\\\/01\\\/39203716407048_NEW_1.webp\",\"contentUrl\":\"https:\\\/\\\/www.vetorino.com\\\/boutique\\\/wp-content\\\/uploads\\\/2023\\\/01\\\/39203716407048_NEW_1.webp\",\"width\":2048,\"height\":2216},{\"@type\":\"BreadcrumbList\",\"@id\":\"https:\\\/\\\/www.vetorino.com\\\/boutique\\\/product\\\/foin-lapin-rongeur\\\/#breadcrumb\",\"itemListElement\":[{\"@type\":\"ListItem\",\"position\":1,\"name\":\"Accueil\",\"item\":\"https:\\\/\\\/www.vetorino.com\\\/boutique\\\/\"},{\"@type\":\"ListItem\",\"position\":2,\"name\":\"Produits\",\"item\":\"https:\\\/\\\/www.vetorino.com\\\/boutique\\\/\"},{\"@type\":\"ListItem\",\"position\":3,\"name\":\"Foin Lapin\\\/rongeur\"}]},{\"@type\":\"WebSite\",\"@id\":\"https:\\\/\\\/www.vetorino.com\\\/boutique\\\/#website\",\"url\":\"https:\\\/\\\/www.vetorino.com\\\/boutique\\\/\",\"name\":\"V\u00e9torino\",\"description\":\"\",\"publisher\":{\"@id\":\"https:\\\/\\\/www.vetorino.com\\\/boutique\\\/#organization\"},\"potentialAction\":[{\"@type\":\"SearchAction\",\"target\":{\"@type\":\"EntryPoint\",\"urlTemplate\":\"https:\\\/\\\/www.vetorino.com\\\/boutique\\\/?s={search_term_string}\"},\"query-input\":{\"@type\":\"PropertyValueSpecification\",\"valueRequired\":true,\"valueName\":\"search_term_string\"}}],\"inLanguage\":\"fr-FR\"},{\"@type\":\"Organization\",\"@id\":\"https:\\\/\\\/www.vetorino.com\\\/boutique\\\/#organization\",\"name\":\"V\u00e9torino\",\"url\":\"https:\\\/\\\/www.vetorino.com\\\/boutique\\\/\",\"logo\":{\"@type\":\"ImageObject\",\"inLanguage\":\"fr-FR\",\"@id\":\"https:\\\/\\\/www.vetorino.com\\\/boutique\\\/#\\\/schema\\\/logo\\\/image\\\/\",\"url\":\"https:\\\/\\\/www.vetorino.com\\\/boutique\\\/wp-content\\\/uploads\\\/2024\\\/10\\\/logo.jpg\",\"contentUrl\":\"https:\\\/\\\/www.vetorino.com\\\/boutique\\\/wp-content\\\/uploads\\\/2024\\\/10\\\/logo.jpg\",\"width\":1200,\"height\":610,\"caption\":\"V\u00e9torino\"},\"image\":{\"@id\":\"https:\\\/\\\/www.vetorino.com\\\/boutique\\\/#\\\/schema\\\/logo\\\/image\\\/\"},\"sameAs\":[\"https:\\\/\\\/www.facebook.com\\\/Vetorino\\\/\",\"https:\\\/\\\/www.instagram.com\\\/vetorino_off\\\/\",\"https:\\\/\\\/www.linkedin.com\\\/company\\\/vtorino\\\/\"]}]}<\/script>\n<meta property=\"product:brand\" content=\"Moulin de la Levade\" \/>\n<meta property=\"og:availability\" content=\"instock\" \/>\n<meta property=\"product:availability\" content=\"instock\" \/>\n<meta property=\"product:condition\" content=\"new\" \/>\n<!-- \/ Yoast SEO plugin. -->","yoast_head_json":{"title":"Foin Lapin\/rongeur Moulin de la Levade - V\u00e9torino","description":"Foin de Crau AOP pour rongeur, parfum d\u00e9licat, d\u00e9licieux foin en vrac, teneur \u00e9lev\u00e9e en fibres naturelles, fabriqu\u00e9 dans les Bouches-du-Rh\u00f4ne.","robots":{"index":"noindex","follow":"nofollow"},"og_locale":"fr_FR","og_type":"article","og_title":"Foin Lapin\/rongeur Moulin de la Levade - V\u00e9torino","og_description":"Foin de Crau AOP pour rongeur, parfum d\u00e9licat, d\u00e9licieux foin en vrac, teneur \u00e9lev\u00e9e en fibres naturelles, fabriqu\u00e9 dans les Bouches-du-Rh\u00f4ne.","og_url":"https:\/\/www.vetorino.com\/veterinaire\/prunelli-di-fiumorbo-20243\/boutique\/product\/foin-lapin-rongeur\/","og_site_name":"V\u00e9torino","article_publisher":"https:\/\/www.facebook.com\/Vetorino\/","article_modified_time":"2024-05-10T07:55:38+00:00","og_image":[{"width":2048,"height":2216,"url":"https:\/\/www.vetorino.com\/boutique\/wp-content\/uploads\/2023\/01\/39203716407048_NEW_1.webp","type":"image\/webp"}],"twitter_card":"summary_large_image","twitter_misc":{"Disponibilit\u00e9":"En stock"},"schema":{"@context":"https:\/\/schema.org","@graph":[{"@type":"WebPage","@id":"https:\/\/www.vetorino.com\/boutique\/product\/foin-lapin-rongeur\/","url":"https:\/\/www.vetorino.com\/boutique\/product\/foin-lapin-rongeur\/","name":"Foin Lapin\/rongeur Moulin de la Levade - V\u00e9torino","isPartOf":{"@id":"https:\/\/www.vetorino.com\/boutique\/#website"},"primaryImageOfPage":{"@id":"https:\/\/www.vetorino.com\/boutique\/product\/foin-lapin-rongeur\/#primaryimage"},"image":{"@id":"https:\/\/www.vetorino.com\/boutique\/product\/foin-lapin-rongeur\/#primaryimage"},"thumbnailUrl":"https:\/\/www.vetorino.com\/boutique\/wp-content\/uploads\/2023\/01\/39203716407048_NEW_1.webp","datePublished":"2020-03-04T22:58:18+00:00","dateModified":"2024-05-10T07:55:38+00:00","description":"Foin de Crau AOP pour rongeur, parfum d\u00e9licat, d\u00e9licieux foin en vrac, teneur \u00e9lev\u00e9e en fibres naturelles, fabriqu\u00e9 dans les Bouches-du-Rh\u00f4ne.","breadcrumb":{"@id":"https:\/\/www.vetorino.com\/boutique\/product\/foin-lapin-rongeur\/#breadcrumb"},"inLanguage":"fr-FR","potentialAction":[{"@type":"ReadAction","target":["https:\/\/www.vetorino.com\/boutique\/product\/foin-lapin-rongeur\/"]}]},{"@type":"ImageObject","inLanguage":"fr-FR","@id":"https:\/\/www.vetorino.com\/boutique\/product\/foin-lapin-rongeur\/#primaryimage","url":"https:\/\/www.vetorino.com\/boutique\/wp-content\/uploads\/2023\/01\/39203716407048_NEW_1.webp","contentUrl":"https:\/\/www.vetorino.com\/boutique\/wp-content\/uploads\/2023\/01\/39203716407048_NEW_1.webp","width":2048,"height":2216},{"@type":"BreadcrumbList","@id":"https:\/\/www.vetorino.com\/boutique\/product\/foin-lapin-rongeur\/#breadcrumb","itemListElement":[{"@type":"ListItem","position":1,"name":"Accueil","item":"https:\/\/www.vetorino.com\/boutique\/"},{"@type":"ListItem","position":2,"name":"Produits","item":"https:\/\/www.vetorino.com\/boutique\/"},{"@type":"ListItem","position":3,"name":"Foin Lapin\/rongeur"}]},{"@type":"WebSite","@id":"https:\/\/www.vetorino.com\/boutique\/#website","url":"https:\/\/www.vetorino.com\/boutique\/","name":"V\u00e9torino","description":"","publisher":{"@id":"https:\/\/www.vetorino.com\/boutique\/#organization"},"potentialAction":[{"@type":"SearchAction","target":{"@type":"EntryPoint","urlTemplate":"https:\/\/www.vetorino.com\/boutique\/?s={search_term_string}"},"query-input":{"@type":"PropertyValueSpecification","valueRequired":true,"valueName":"search_term_string"}}],"inLanguage":"fr-FR"},{"@type":"Organization","@id":"https:\/\/www.vetorino.com\/boutique\/#organization","name":"V\u00e9torino","url":"https:\/\/www.vetorino.com\/boutique\/","logo":{"@type":"ImageObject","inLanguage":"fr-FR","@id":"https:\/\/www.vetorino.com\/boutique\/#\/schema\/logo\/image\/","url":"https:\/\/www.vetorino.com\/boutique\/wp-content\/uploads\/2024\/10\/logo.jpg","contentUrl":"https:\/\/www.vetorino.com\/boutique\/wp-content\/uploads\/2024\/10\/logo.jpg","width":1200,"height":610,"caption":"V\u00e9torino"},"image":{"@id":"https:\/\/www.vetorino.com\/boutique\/#\/schema\/logo\/image\/"},"sameAs":["https:\/\/www.facebook.com\/Vetorino\/","https:\/\/www.instagram.com\/vetorino_off\/","https:\/\/www.linkedin.com\/company\/vtorino\/"]}]},"product_brand":"Moulin de la Levade","og_availability":"instock","product_availability":"instock","product_condition":"new"},"_links":{"self":[{"href":"https:\/\/www.vetorino.com\/veterinaire\/prunelli-di-fiumorbo-20243\/boutique\/wp-json\/wp\/v2\/product\/38068","targetHints":{"allow":["GET"]}}],"collection":[{"href":"https:\/\/www.vetorino.com\/veterinaire\/prunelli-di-fiumorbo-20243\/boutique\/wp-json\/wp\/v2\/product"}],"about":[{"href":"https:\/\/www.vetorino.com\/veterinaire\/prunelli-di-fiumorbo-20243\/boutique\/wp-json\/wp\/v2\/types\/product"}],"wp:featuredmedia":[{"embeddable":true,"href":"https:\/\/www.vetorino.com\/veterinaire\/prunelli-di-fiumorbo-20243\/boutique\/wp-json\/wp\/v2\/media\/917919"}],"wp:attachment":[{"href":"https:\/\/www.vetorino.com\/veterinaire\/prunelli-di-fiumorbo-20243\/boutique\/wp-json\/wp\/v2\/media?parent=38068"}],"wp:term":[{"taxonomy":"product_cat","embeddable":true,"href":"https:\/\/www.vetorino.com\/veterinaire\/prunelli-di-fiumorbo-20243\/boutique\/wp-json\/wp\/v2\/product_cat?post=38068"},{"taxonomy":"product_tag","embeddable":true,"href":"https:\/\/www.vetorino.com\/veterinaire\/prunelli-di-fiumorbo-20243\/boutique\/wp-json\/wp\/v2\/product_tag?post=38068"}],"curies":[{"name":"wp","href":"https:\/\/api.w.org\/{rel}","templated":true}]}}