{"id":443421,"date":"2022-09-05T17:58:58","date_gmt":"2022-09-05T15:58:58","guid":{"rendered":"https:\/\/www.vetorino.com\/boutique\/product\/cat-mother-baby-mousse-12-bt-195-g\/"},"modified":"2025-11-18T11:12:31","modified_gmt":"2025-11-18T10:12:31","slug":"cat-mother-baby-mousse-12-bt-195-g","status":"publish","type":"product","link":"https:\/\/www.vetorino.com\/veterinaire\/prunelli-di-fiumorbo-20243\/boutique\/product\/cat-mother-baby-mousse-12-bt-195-g\/","title":{"rendered":"Mother &amp; Babycat mousse \u2013 chat"},"content":{"rendered":"<div class=\"tabs product-tabs visible--desktop\">\n<div id=\"tab-content\" class=\"tab-content\">\n<div id=\"description\" class=\"tab-pane fade active show\" role=\"tabpanel\">\n<div class=\"product-description\">\n<p><strong>La mousse ultra tendre ROYAL CANIN\u00ae Mother &amp; Babycat est sp\u00e9cialement adapt\u00e9e pour r\u00e9pondre aux besoins \u00e9nerg\u00e9tiques \u00e9lev\u00e9s de votre chatte en fin de gestation et pendant la lactation. Sa texture ultra tendre et app\u00e9tente est id\u00e9ale pour les chatons jusqu&#8217;\u00e0 l&#8217;\u00e2ge de 4 mois.<\/strong><\/p>\n<p><strong>Bienfaits essentiels :<\/strong><\/p>\n<ul>\n<li><strong>ALIMENT 1ER \u00c2GE ID\u00c9AL POUR CHATONS EN P\u00c9RIODE DE SEVRAGE (DE 1 \u00c0 4 MOIS) :<\/strong><br \/>\nUne texture mousse ultra tendre pour faciliter la transition vers l\u2019alimentation solide.<\/li>\n<li><strong>SYST\u00c8ME IMMUNITAIRE FORT :<\/strong><br \/>\nAide \u00e0 soutenir le d\u00e9veloppement du syst\u00e8me immunitaire du chaton gr\u00e2ce \u00e0 la pr\u00e9sence d\u2019un complexe scientifiquement prouv\u00e9, comprenant les vitamines E et C.<\/li>\n<li><strong>D\u00c9VELOPPEMENT C\u00c9R\u00c9BRAL :<\/strong><br \/>\nEnrichi en acide gras om\u00e9ga-3 (DHA) pour soutenir le d\u00e9veloppement c\u00e9r\u00e9bral du chaton et favoriser la sant\u00e9 visuelle.<\/li>\n<\/ul>\n<\/div>\n<\/div>\n<\/div>\n<\/div>\n","protected":false},"excerpt":{"rendered":"<p><b>Royal Canin Cat Mother &amp; Babycat Bo\u00eete <\/b>est la mousse ultra tendre ROYAL CANIN\u00ae Mother &amp; Babycat est sp\u00e9cialement adapt\u00e9e pour r\u00e9pondre aux besoins \u00e9nerg\u00e9tiques \u00e9lev\u00e9s de votre chatte en fin de gestation et pendant la lactation.<\/p>\n<p><strong>Utilisation :<\/strong><\/p>\n<ul>\n<li>Chaton\u00a0jusqu&#8217;\u00e0 4 mois<\/li>\n<li>Chatte en fin de gestation ou en lactation<\/li>\n<\/ul>\n","protected":false},"featured_media":318181,"template":"","meta":[],"product_cat":[12551,12583,2697],"product_tag":[],"class_list":{"0":"post-443421","1":"product","2":"type-product","3":"status-publish","4":"has-post-thumbnail","6":"product_cat-alimentation-du-chat","7":"product_cat-alimentation-premium-pour-chat","8":"product_cat-chat","9":"pa_marque-royal-canin","11":"first","12":"instock","13":"taxable","14":"shipping-taxable","15":"purchasable","16":"product-type-simple"},"yoast_head":"<!-- This site is optimized with the Yoast SEO plugin v27.3 - https:\/\/yoast.com\/product\/yoast-seo-wordpress\/ -->\n<title>Veterinary Health Nutrition (Royal Canin) Mother &amp; Babycat mousse \u2013 chat Royal Canin - V\u00e9torino<\/title>\n<meta name=\"description\" content=\"Royal Canin Cat Mother &amp; Babycat Bo\u00eete est la mousse ultra tendre ROYAL CANIN\u00ae Mother &amp; Babycat est sp\u00e9cialement adapt\u00e9e pour r\u00e9pondre aux besoins \u00e9nerg\u00e9tiques \u00e9lev\u00e9s de votre chatte en fin de gestation et pendant la lactation.  Utilisation :   Chaton\u00a0jusqu&#039;\u00e0 4 mois  Chatte en fin de gestation ou en lactation\" \/>\n<meta name=\"robots\" content=\"noindex, nofollow\" \/>\n<meta property=\"og:locale\" content=\"fr_FR\" \/>\n<meta property=\"og:type\" content=\"article\" \/>\n<meta property=\"og:title\" content=\"Veterinary Health Nutrition (Royal Canin) Mother &amp; Babycat mousse \u2013 chat Royal Canin - V\u00e9torino\" \/>\n<meta property=\"og:description\" content=\"Royal Canin Cat Mother &amp; Babycat Bo\u00eete est la mousse ultra tendre ROYAL CANIN\u00ae Mother &amp; Babycat est sp\u00e9cialement adapt\u00e9e pour r\u00e9pondre aux besoins \u00e9nerg\u00e9tiques \u00e9lev\u00e9s de votre chatte en fin de gestation et pendant la lactation.  Utilisation :   Chaton\u00a0jusqu&#039;\u00e0 4 mois  Chatte en fin de gestation ou en lactation\" \/>\n<meta property=\"og:url\" content=\"https:\/\/www.vetorino.com\/veterinaire\/prunelli-di-fiumorbo-20243\/boutique\/product\/cat-mother-baby-mousse-12-bt-195-g\/\" \/>\n<meta property=\"og:site_name\" content=\"V\u00e9torino\" \/>\n<meta property=\"article:publisher\" content=\"https:\/\/www.facebook.com\/Vetorino\/\" \/>\n<meta property=\"article:modified_time\" content=\"2025-11-18T10:12:31+00:00\" \/>\n<meta property=\"og:image\" content=\"https:\/\/www.vetorino.com\/boutique\/wp-content\/uploads\/2022\/04\/cat-mother-babycat-mousse-vetorino.jpeg\" \/>\n\t<meta property=\"og:image:width\" content=\"540\" \/>\n\t<meta property=\"og:image:height\" content=\"540\" \/>\n\t<meta property=\"og:image:type\" content=\"image\/jpeg\" \/>\n<meta name=\"twitter:card\" content=\"summary_large_image\" \/>\n<meta name=\"twitter:label1\" content=\"Prix\" \/>\n\t<meta name=\"twitter:data1\" content=\"48,60&euro;\" \/>\n\t<meta name=\"twitter:label2\" content=\"Disponibilit\u00e9\" \/>\n\t<meta name=\"twitter:data2\" content=\"En stock\" \/>\n<script type=\"application\/ld+json\" class=\"yoast-schema-graph\">{\"@context\":\"https:\\\/\\\/schema.org\",\"@graph\":[{\"@type\":\"WebPage\",\"@id\":\"https:\\\/\\\/www.vetorino.com\\\/veterinaire\\\/briancon-05100\\\/boutique\\\/product\\\/cat-mother-baby-mousse-12-bt-195-g\\\/\",\"url\":\"https:\\\/\\\/www.vetorino.com\\\/veterinaire\\\/briancon-05100\\\/boutique\\\/product\\\/cat-mother-baby-mousse-12-bt-195-g\\\/\",\"name\":\"Veterinary Health Nutrition (Royal Canin) Mother &amp; Babycat mousse \u2013 chat Royal Canin - V\u00e9torino\",\"isPartOf\":{\"@id\":\"https:\\\/\\\/www.vetorino.com\\\/boutique\\\/#website\"},\"primaryImageOfPage\":{\"@id\":\"https:\\\/\\\/www.vetorino.com\\\/veterinaire\\\/briancon-05100\\\/boutique\\\/product\\\/cat-mother-baby-mousse-12-bt-195-g\\\/#primaryimage\"},\"image\":{\"@id\":\"https:\\\/\\\/www.vetorino.com\\\/veterinaire\\\/briancon-05100\\\/boutique\\\/product\\\/cat-mother-baby-mousse-12-bt-195-g\\\/#primaryimage\"},\"thumbnailUrl\":\"https:\\\/\\\/www.vetorino.com\\\/boutique\\\/wp-content\\\/uploads\\\/2022\\\/04\\\/cat-mother-babycat-mousse-vetorino.jpeg\",\"datePublished\":\"2022-09-05T15:58:58+00:00\",\"dateModified\":\"2025-11-18T10:12:31+00:00\",\"description\":\"Royal Canin Cat Mother &amp; Babycat Bo\u00eete est la mousse ultra tendre ROYAL CANIN\u00ae Mother &amp; Babycat est sp\u00e9cialement adapt\u00e9e pour r\u00e9pondre aux besoins \u00e9nerg\u00e9tiques \u00e9lev\u00e9s de votre chatte en fin de gestation et pendant la lactation. Utilisation : Chaton\u00a0jusqu'\u00e0 4 mois Chatte en fin de gestation ou en lactation\",\"breadcrumb\":{\"@id\":\"https:\\\/\\\/www.vetorino.com\\\/veterinaire\\\/briancon-05100\\\/boutique\\\/product\\\/cat-mother-baby-mousse-12-bt-195-g\\\/#breadcrumb\"},\"inLanguage\":\"fr-FR\",\"potentialAction\":[{\"@type\":\"ReadAction\",\"target\":[\"https:\\\/\\\/www.vetorino.com\\\/veterinaire\\\/briancon-05100\\\/boutique\\\/product\\\/cat-mother-baby-mousse-12-bt-195-g\\\/\"]}]},{\"@type\":\"ImageObject\",\"inLanguage\":\"fr-FR\",\"@id\":\"https:\\\/\\\/www.vetorino.com\\\/veterinaire\\\/briancon-05100\\\/boutique\\\/product\\\/cat-mother-baby-mousse-12-bt-195-g\\\/#primaryimage\",\"url\":\"https:\\\/\\\/www.vetorino.com\\\/boutique\\\/wp-content\\\/uploads\\\/2022\\\/04\\\/cat-mother-babycat-mousse-vetorino.jpeg\",\"contentUrl\":\"https:\\\/\\\/www.vetorino.com\\\/boutique\\\/wp-content\\\/uploads\\\/2022\\\/04\\\/cat-mother-babycat-mousse-vetorino.jpeg\",\"width\":540,\"height\":540,\"caption\":\"cat-mother-babycat-mousse-vetorino\"},{\"@type\":\"BreadcrumbList\",\"@id\":\"https:\\\/\\\/www.vetorino.com\\\/veterinaire\\\/briancon-05100\\\/boutique\\\/product\\\/cat-mother-baby-mousse-12-bt-195-g\\\/#breadcrumb\",\"itemListElement\":[{\"@type\":\"ListItem\",\"position\":1,\"name\":\"Accueil\",\"item\":\"https:\\\/\\\/www.vetorino.com\\\/boutique\\\/\"},{\"@type\":\"ListItem\",\"position\":2,\"name\":\"Produits\",\"item\":\"https:\\\/\\\/www.vetorino.com\\\/boutique\\\/\"},{\"@type\":\"ListItem\",\"position\":3,\"name\":\"Mother &amp; Babycat mousse \u2013 chat\"}]},{\"@type\":\"WebSite\",\"@id\":\"https:\\\/\\\/www.vetorino.com\\\/boutique\\\/#website\",\"url\":\"https:\\\/\\\/www.vetorino.com\\\/boutique\\\/\",\"name\":\"V\u00e9torino\",\"description\":\"\",\"publisher\":{\"@id\":\"https:\\\/\\\/www.vetorino.com\\\/boutique\\\/#organization\"},\"potentialAction\":[{\"@type\":\"SearchAction\",\"target\":{\"@type\":\"EntryPoint\",\"urlTemplate\":\"https:\\\/\\\/www.vetorino.com\\\/boutique\\\/?s={search_term_string}\"},\"query-input\":{\"@type\":\"PropertyValueSpecification\",\"valueRequired\":true,\"valueName\":\"search_term_string\"}}],\"inLanguage\":\"fr-FR\"},{\"@type\":\"Organization\",\"@id\":\"https:\\\/\\\/www.vetorino.com\\\/boutique\\\/#organization\",\"name\":\"V\u00e9torino\",\"url\":\"https:\\\/\\\/www.vetorino.com\\\/boutique\\\/\",\"logo\":{\"@type\":\"ImageObject\",\"inLanguage\":\"fr-FR\",\"@id\":\"https:\\\/\\\/www.vetorino.com\\\/boutique\\\/#\\\/schema\\\/logo\\\/image\\\/\",\"url\":\"https:\\\/\\\/www.vetorino.com\\\/boutique\\\/wp-content\\\/uploads\\\/2024\\\/10\\\/logo.jpg\",\"contentUrl\":\"https:\\\/\\\/www.vetorino.com\\\/boutique\\\/wp-content\\\/uploads\\\/2024\\\/10\\\/logo.jpg\",\"width\":1200,\"height\":610,\"caption\":\"V\u00e9torino\"},\"image\":{\"@id\":\"https:\\\/\\\/www.vetorino.com\\\/boutique\\\/#\\\/schema\\\/logo\\\/image\\\/\"},\"sameAs\":[\"https:\\\/\\\/www.facebook.com\\\/Vetorino\\\/\",\"https:\\\/\\\/www.instagram.com\\\/vetorino_off\\\/\",\"https:\\\/\\\/www.linkedin.com\\\/company\\\/vtorino\\\/\"]}]}<\/script>\n<meta property=\"product:brand\" content=\"Royal Canin\" \/>\n<meta property=\"product:price:amount\" content=\"48.60\" \/>\n<meta property=\"product:price:currency\" content=\"EUR\" \/>\n<meta property=\"og:availability\" content=\"instock\" \/>\n<meta property=\"product:availability\" content=\"instock\" \/>\n<meta property=\"product:retailer_item_id\" content=\"A-1865150\" \/>\n<meta property=\"product:condition\" content=\"new\" \/>\n<!-- \/ Yoast SEO plugin. -->","yoast_head_json":{"title":"Veterinary Health Nutrition (Royal Canin) Mother &amp; Babycat mousse \u2013 chat Royal Canin - V\u00e9torino","description":"Royal Canin Cat Mother &amp; Babycat Bo\u00eete est la mousse ultra tendre ROYAL CANIN\u00ae Mother &amp; Babycat est sp\u00e9cialement adapt\u00e9e pour r\u00e9pondre aux besoins \u00e9nerg\u00e9tiques \u00e9lev\u00e9s de votre chatte en fin de gestation et pendant la lactation.  Utilisation :   Chaton\u00a0jusqu'\u00e0 4 mois  Chatte en fin de gestation ou en lactation","robots":{"index":"noindex","follow":"nofollow"},"og_locale":"fr_FR","og_type":"article","og_title":"Veterinary Health Nutrition (Royal Canin) Mother &amp; Babycat mousse \u2013 chat Royal Canin - V\u00e9torino","og_description":"Royal Canin Cat Mother &amp; Babycat Bo\u00eete est la mousse ultra tendre ROYAL CANIN\u00ae Mother &amp; Babycat est sp\u00e9cialement adapt\u00e9e pour r\u00e9pondre aux besoins \u00e9nerg\u00e9tiques \u00e9lev\u00e9s de votre chatte en fin de gestation et pendant la lactation.  Utilisation :   Chaton\u00a0jusqu'\u00e0 4 mois  Chatte en fin de gestation ou en lactation","og_url":"https:\/\/www.vetorino.com\/veterinaire\/prunelli-di-fiumorbo-20243\/boutique\/product\/cat-mother-baby-mousse-12-bt-195-g\/","og_site_name":"V\u00e9torino","article_publisher":"https:\/\/www.facebook.com\/Vetorino\/","article_modified_time":"2025-11-18T10:12:31+00:00","og_image":[{"width":540,"height":540,"url":"https:\/\/www.vetorino.com\/boutique\/wp-content\/uploads\/2022\/04\/cat-mother-babycat-mousse-vetorino.jpeg","type":"image\/jpeg"}],"twitter_card":"summary_large_image","twitter_misc":{"Prix":"48,60&euro;","Disponibilit\u00e9":"En stock"},"schema":{"@context":"https:\/\/schema.org","@graph":[{"@type":"WebPage","@id":"https:\/\/www.vetorino.com\/veterinaire\/briancon-05100\/boutique\/product\/cat-mother-baby-mousse-12-bt-195-g\/","url":"https:\/\/www.vetorino.com\/veterinaire\/briancon-05100\/boutique\/product\/cat-mother-baby-mousse-12-bt-195-g\/","name":"Veterinary Health Nutrition (Royal Canin) Mother &amp; Babycat mousse \u2013 chat Royal Canin - V\u00e9torino","isPartOf":{"@id":"https:\/\/www.vetorino.com\/boutique\/#website"},"primaryImageOfPage":{"@id":"https:\/\/www.vetorino.com\/veterinaire\/briancon-05100\/boutique\/product\/cat-mother-baby-mousse-12-bt-195-g\/#primaryimage"},"image":{"@id":"https:\/\/www.vetorino.com\/veterinaire\/briancon-05100\/boutique\/product\/cat-mother-baby-mousse-12-bt-195-g\/#primaryimage"},"thumbnailUrl":"https:\/\/www.vetorino.com\/boutique\/wp-content\/uploads\/2022\/04\/cat-mother-babycat-mousse-vetorino.jpeg","datePublished":"2022-09-05T15:58:58+00:00","dateModified":"2025-11-18T10:12:31+00:00","description":"Royal Canin Cat Mother &amp; Babycat Bo\u00eete est la mousse ultra tendre ROYAL CANIN\u00ae Mother &amp; Babycat est sp\u00e9cialement adapt\u00e9e pour r\u00e9pondre aux besoins \u00e9nerg\u00e9tiques \u00e9lev\u00e9s de votre chatte en fin de gestation et pendant la lactation. Utilisation : Chaton\u00a0jusqu'\u00e0 4 mois Chatte en fin de gestation ou en lactation","breadcrumb":{"@id":"https:\/\/www.vetorino.com\/veterinaire\/briancon-05100\/boutique\/product\/cat-mother-baby-mousse-12-bt-195-g\/#breadcrumb"},"inLanguage":"fr-FR","potentialAction":[{"@type":"ReadAction","target":["https:\/\/www.vetorino.com\/veterinaire\/briancon-05100\/boutique\/product\/cat-mother-baby-mousse-12-bt-195-g\/"]}]},{"@type":"ImageObject","inLanguage":"fr-FR","@id":"https:\/\/www.vetorino.com\/veterinaire\/briancon-05100\/boutique\/product\/cat-mother-baby-mousse-12-bt-195-g\/#primaryimage","url":"https:\/\/www.vetorino.com\/boutique\/wp-content\/uploads\/2022\/04\/cat-mother-babycat-mousse-vetorino.jpeg","contentUrl":"https:\/\/www.vetorino.com\/boutique\/wp-content\/uploads\/2022\/04\/cat-mother-babycat-mousse-vetorino.jpeg","width":540,"height":540,"caption":"cat-mother-babycat-mousse-vetorino"},{"@type":"BreadcrumbList","@id":"https:\/\/www.vetorino.com\/veterinaire\/briancon-05100\/boutique\/product\/cat-mother-baby-mousse-12-bt-195-g\/#breadcrumb","itemListElement":[{"@type":"ListItem","position":1,"name":"Accueil","item":"https:\/\/www.vetorino.com\/boutique\/"},{"@type":"ListItem","position":2,"name":"Produits","item":"https:\/\/www.vetorino.com\/boutique\/"},{"@type":"ListItem","position":3,"name":"Mother &amp; Babycat mousse \u2013 chat"}]},{"@type":"WebSite","@id":"https:\/\/www.vetorino.com\/boutique\/#website","url":"https:\/\/www.vetorino.com\/boutique\/","name":"V\u00e9torino","description":"","publisher":{"@id":"https:\/\/www.vetorino.com\/boutique\/#organization"},"potentialAction":[{"@type":"SearchAction","target":{"@type":"EntryPoint","urlTemplate":"https:\/\/www.vetorino.com\/boutique\/?s={search_term_string}"},"query-input":{"@type":"PropertyValueSpecification","valueRequired":true,"valueName":"search_term_string"}}],"inLanguage":"fr-FR"},{"@type":"Organization","@id":"https:\/\/www.vetorino.com\/boutique\/#organization","name":"V\u00e9torino","url":"https:\/\/www.vetorino.com\/boutique\/","logo":{"@type":"ImageObject","inLanguage":"fr-FR","@id":"https:\/\/www.vetorino.com\/boutique\/#\/schema\/logo\/image\/","url":"https:\/\/www.vetorino.com\/boutique\/wp-content\/uploads\/2024\/10\/logo.jpg","contentUrl":"https:\/\/www.vetorino.com\/boutique\/wp-content\/uploads\/2024\/10\/logo.jpg","width":1200,"height":610,"caption":"V\u00e9torino"},"image":{"@id":"https:\/\/www.vetorino.com\/boutique\/#\/schema\/logo\/image\/"},"sameAs":["https:\/\/www.facebook.com\/Vetorino\/","https:\/\/www.instagram.com\/vetorino_off\/","https:\/\/www.linkedin.com\/company\/vtorino\/"]}]},"product_brand":"Royal Canin","product_price_amount":"48.60","product_price_currency":"EUR","og_availability":"instock","product_availability":"instock","product_retailer_item_id":"A-1865150","product_condition":"new"},"_links":{"self":[{"href":"https:\/\/www.vetorino.com\/veterinaire\/prunelli-di-fiumorbo-20243\/boutique\/wp-json\/wp\/v2\/product\/443421","targetHints":{"allow":["GET"]}}],"collection":[{"href":"https:\/\/www.vetorino.com\/veterinaire\/prunelli-di-fiumorbo-20243\/boutique\/wp-json\/wp\/v2\/product"}],"about":[{"href":"https:\/\/www.vetorino.com\/veterinaire\/prunelli-di-fiumorbo-20243\/boutique\/wp-json\/wp\/v2\/types\/product"}],"wp:featuredmedia":[{"embeddable":true,"href":"https:\/\/www.vetorino.com\/veterinaire\/prunelli-di-fiumorbo-20243\/boutique\/wp-json\/wp\/v2\/media\/318181"}],"wp:attachment":[{"href":"https:\/\/www.vetorino.com\/veterinaire\/prunelli-di-fiumorbo-20243\/boutique\/wp-json\/wp\/v2\/media?parent=443421"}],"wp:term":[{"taxonomy":"product_cat","embeddable":true,"href":"https:\/\/www.vetorino.com\/veterinaire\/prunelli-di-fiumorbo-20243\/boutique\/wp-json\/wp\/v2\/product_cat?post=443421"},{"taxonomy":"product_tag","embeddable":true,"href":"https:\/\/www.vetorino.com\/veterinaire\/prunelli-di-fiumorbo-20243\/boutique\/wp-json\/wp\/v2\/product_tag?post=443421"}],"curies":[{"name":"wp","href":"https:\/\/api.w.org\/{rel}","templated":true}]}}