{"id":497581,"date":"2022-10-27T13:12:28","date_gmt":"2022-10-27T11:12:28","guid":{"rendered":"https:\/\/www.vetorino.com\/boutique\/product\/dog-giant-junior-sac-35-kg\/"},"modified":"2025-11-05T12:25:23","modified_gmt":"2025-11-05T11:25:23","slug":"dog-giant-junior-sac-35-kg","status":"publish","type":"product","link":"https:\/\/www.vetorino.com\/veterinaire\/prunelli-di-fiumorbo-20243\/boutique\/product\/dog-giant-junior-sac-35-kg\/","title":{"rendered":"Dog Junior Giant"},"content":{"rendered":"<p class=\"entry-title\"><b>Les croquettes ROYAL CANIN\u00ae Giant Junior contiennent une teneur en prot\u00e9ines adapt\u00e9e pour contribuer au bon d\u00e9veloppement musculaire des chiots juniors de races g\u00e9antes \u00e2g\u00e9s de 8 \u00e0 18\/24 mois.<\/b><\/p>\n<p class=\"entry-title\"><strong>Utilisation :<\/strong><\/p>\n<ul>\n<li>Chiot de\u00a08 mois \u00e0 18\/24 mois ou jusqu\u2019\u00e0 la st\u00e9rilisation.<\/li>\n<li>Chiot de tr\u00e8s grande race (plus de\u00a045 kg une fois adulte)<\/li>\n<\/ul>\n<p><strong>Bienfaits essentiels :<\/strong><\/p>\n<div class=\"tr\">\n<div class=\"atout_txt td\">\n<div class=\"tr\">\n<div class=\"atout_txt td\">\n<ul>\n<li>Votre chiot de race g\u00e9ante d\u00e9veloppe davantage sa masse musculaire lors de la deuxi\u00e8me phase de croissance. Une teneur adapt\u00e9e en prot\u00e9ines aide \u00e0\u00a0<strong>soutenir ce d\u00e9veloppement musculaire<\/strong>\u00a0de 8 \u00e0 18\/24 mois.<\/li>\n<li>Aide \u00e0 soutenir le\u00a0<strong>d\u00e9veloppement du syst\u00e8me immunitaire du chiot<\/strong>\u00a0gr\u00e2ce \u00e0 la pr\u00e9sence d\u2019un complexe scientifiquement prouv\u00e9, comprenant les\u00a0<strong>vitamines E et C<\/strong><\/li>\n<li>Une\u00a0<strong>combinaison de pr\u00e9biotiques (MOS) et de prot\u00e9ines hautement digestibles<\/strong>\u00a0pour favoriser l\u2019\u00e9quilibre du\u00a0<strong>microbiote intestinal<\/strong>\u00a0pour une sant\u00e9 digestive optimale.<\/li>\n<li>Une teneur \u00e9quilibr\u00e9e en \u00e9nergie et une teneur pr\u00e9cise en\u00a0<strong>min\u00e9raux, dont du calcium et du phosphore<\/strong>\u00a0pour favoriser le d\u00e9veloppement d\u2019os robustes chez les chiens de grandes races.<\/li>\n<\/ul>\n<\/div>\n<\/div>\n<\/div>\n<\/div>\n","protected":false},"excerpt":{"rendered":"<p><b>Les croquettes ROYAL CANIN\u00ae Giant Junior contiennent une teneur en prot\u00e9ines adapt\u00e9e pour contribuer au bon d\u00e9veloppement musculaire des chiots juniors de races g\u00e9antes \u00e2g\u00e9s de 8 \u00e0 18\/24 mois.<\/b><\/p>\n<p class=\"entry-title\"><b>Utilisation :<\/b><\/p>\n<ul>\n<li>Chiot de\u00a08\u00a0mois \u00e0 18\/24\u00a0mois ou jusqu\u2019\u00e0 la st\u00e9rilisation.<\/li>\n<li>Chiot de\u00a0tr\u00e8s grande\u00a0race (plus\u00a0de\u00a045\u00a0kg une fois adulte)<\/li>\n<\/ul>\n","protected":false},"featured_media":589292,"template":"","meta":[],"product_cat":[12552,12584,2698],"product_tag":[],"class_list":{"0":"post-497581","1":"product","2":"type-product","3":"status-publish","4":"has-post-thumbnail","6":"product_cat-alimentation-du-chien","7":"product_cat-alimentation-premium-pour-chien","8":"product_cat-chien","9":"pa_marque-royal-canin","11":"first","12":"instock","13":"taxable","14":"shipping-taxable","15":"purchasable","16":"product-type-variable"},"yoast_head":"<!-- This site is optimized with the Yoast SEO plugin v27.3 - https:\/\/yoast.com\/product\/yoast-seo-wordpress\/ -->\n<title>Vet Care Nutrition (Royal Canin) Dog Junior Giant Royal Canin - V\u00e9torino<\/title>\n<meta name=\"description\" content=\"Les croquettes ROYAL CANIN\u00ae Giant Junior contiennent une teneur en prot\u00e9ines adapt\u00e9e pour contribuer au bon d\u00e9veloppement musculaire des chiots juniors de races g\u00e9antes \u00e2g\u00e9s de 8 \u00e0 18\/24 mois. Utilisation :    Chiot de\u00a08\u00a0mois \u00e0 18\/24\u00a0mois ou jusqu\u2019\u00e0 la st\u00e9rilisation.  Chiot de\u00a0tr\u00e8s grande\u00a0race (plus\u00a0de\u00a045\u00a0kg une fois adulte)\" \/>\n<meta name=\"robots\" content=\"noindex, nofollow\" \/>\n<meta property=\"og:locale\" content=\"fr_FR\" \/>\n<meta property=\"og:type\" content=\"article\" \/>\n<meta property=\"og:title\" content=\"Vet Care Nutrition (Royal Canin) Dog Junior Giant Royal Canin - V\u00e9torino\" \/>\n<meta property=\"og:description\" content=\"Les croquettes ROYAL CANIN\u00ae Giant Junior contiennent une teneur en prot\u00e9ines adapt\u00e9e pour contribuer au bon d\u00e9veloppement musculaire des chiots juniors de races g\u00e9antes \u00e2g\u00e9s de 8 \u00e0 18\/24 mois. Utilisation :    Chiot de\u00a08\u00a0mois \u00e0 18\/24\u00a0mois ou jusqu\u2019\u00e0 la st\u00e9rilisation.  Chiot de\u00a0tr\u00e8s grande\u00a0race (plus\u00a0de\u00a045\u00a0kg une fois adulte)\" \/>\n<meta property=\"og:url\" content=\"https:\/\/www.vetorino.com\/veterinaire\/prunelli-di-fiumorbo-20243\/boutique\/product\/dog-giant-junior-sac-35-kg\/\" \/>\n<meta property=\"og:site_name\" content=\"V\u00e9torino\" \/>\n<meta property=\"article:publisher\" content=\"https:\/\/www.facebook.com\/Vetorino\/\" \/>\n<meta property=\"article:modified_time\" content=\"2025-11-05T11:25:23+00:00\" \/>\n<meta property=\"og:image\" content=\"https:\/\/www.vetorino.com\/boutique\/wp-content\/uploads\/2022\/10\/dog-junior-giant.jpeg\" \/>\n\t<meta property=\"og:image:width\" content=\"800\" \/>\n\t<meta property=\"og:image:height\" content=\"800\" \/>\n\t<meta property=\"og:image:type\" content=\"image\/jpeg\" \/>\n<meta name=\"twitter:card\" content=\"summary_large_image\" \/>\n<meta name=\"twitter:label1\" content=\"Disponibilit\u00e9\" \/>\n\t<meta name=\"twitter:data1\" content=\"En stock\" \/>\n<script type=\"application\/ld+json\" class=\"yoast-schema-graph\">{\"@context\":\"https:\\\/\\\/schema.org\",\"@graph\":[{\"@type\":\"WebPage\",\"@id\":\"https:\\\/\\\/www.vetorino.com\\\/veterinaire\\\/briancon-05100\\\/boutique\\\/product\\\/dog-giant-junior-sac-35-kg\\\/\",\"url\":\"https:\\\/\\\/www.vetorino.com\\\/veterinaire\\\/briancon-05100\\\/boutique\\\/product\\\/dog-giant-junior-sac-35-kg\\\/\",\"name\":\"Vet Care Nutrition (Royal Canin) Dog Junior Giant Royal Canin - V\u00e9torino\",\"isPartOf\":{\"@id\":\"https:\\\/\\\/www.vetorino.com\\\/boutique\\\/#website\"},\"primaryImageOfPage\":{\"@id\":\"https:\\\/\\\/www.vetorino.com\\\/veterinaire\\\/briancon-05100\\\/boutique\\\/product\\\/dog-giant-junior-sac-35-kg\\\/#primaryimage\"},\"image\":{\"@id\":\"https:\\\/\\\/www.vetorino.com\\\/veterinaire\\\/briancon-05100\\\/boutique\\\/product\\\/dog-giant-junior-sac-35-kg\\\/#primaryimage\"},\"thumbnailUrl\":\"https:\\\/\\\/www.vetorino.com\\\/boutique\\\/wp-content\\\/uploads\\\/2022\\\/10\\\/dog-junior-giant.jpeg\",\"datePublished\":\"2022-10-27T11:12:28+00:00\",\"dateModified\":\"2025-11-05T11:25:23+00:00\",\"description\":\"Les croquettes ROYAL CANIN\u00ae Giant Junior contiennent une teneur en prot\u00e9ines adapt\u00e9e pour contribuer au bon d\u00e9veloppement musculaire des chiots juniors de races g\u00e9antes \u00e2g\u00e9s de 8 \u00e0 18\\\/24 mois. Utilisation : Chiot de\u00a08\u00a0mois \u00e0 18\\\/24\u00a0mois ou jusqu\u2019\u00e0 la st\u00e9rilisation. Chiot de\u00a0tr\u00e8s grande\u00a0race (plus\u00a0de\u00a045\u00a0kg une fois adulte)\",\"breadcrumb\":{\"@id\":\"https:\\\/\\\/www.vetorino.com\\\/veterinaire\\\/briancon-05100\\\/boutique\\\/product\\\/dog-giant-junior-sac-35-kg\\\/#breadcrumb\"},\"inLanguage\":\"fr-FR\",\"potentialAction\":[{\"@type\":\"ReadAction\",\"target\":[\"https:\\\/\\\/www.vetorino.com\\\/veterinaire\\\/briancon-05100\\\/boutique\\\/product\\\/dog-giant-junior-sac-35-kg\\\/\"]}]},{\"@type\":\"ImageObject\",\"inLanguage\":\"fr-FR\",\"@id\":\"https:\\\/\\\/www.vetorino.com\\\/veterinaire\\\/briancon-05100\\\/boutique\\\/product\\\/dog-giant-junior-sac-35-kg\\\/#primaryimage\",\"url\":\"https:\\\/\\\/www.vetorino.com\\\/boutique\\\/wp-content\\\/uploads\\\/2022\\\/10\\\/dog-junior-giant.jpeg\",\"contentUrl\":\"https:\\\/\\\/www.vetorino.com\\\/boutique\\\/wp-content\\\/uploads\\\/2022\\\/10\\\/dog-junior-giant.jpeg\",\"width\":800,\"height\":800},{\"@type\":\"BreadcrumbList\",\"@id\":\"https:\\\/\\\/www.vetorino.com\\\/veterinaire\\\/briancon-05100\\\/boutique\\\/product\\\/dog-giant-junior-sac-35-kg\\\/#breadcrumb\",\"itemListElement\":[{\"@type\":\"ListItem\",\"position\":1,\"name\":\"Accueil\",\"item\":\"https:\\\/\\\/www.vetorino.com\\\/boutique\\\/\"},{\"@type\":\"ListItem\",\"position\":2,\"name\":\"Produits\",\"item\":\"https:\\\/\\\/www.vetorino.com\\\/boutique\\\/\"},{\"@type\":\"ListItem\",\"position\":3,\"name\":\"Dog Junior Giant\"}]},{\"@type\":\"WebSite\",\"@id\":\"https:\\\/\\\/www.vetorino.com\\\/boutique\\\/#website\",\"url\":\"https:\\\/\\\/www.vetorino.com\\\/boutique\\\/\",\"name\":\"V\u00e9torino\",\"description\":\"\",\"publisher\":{\"@id\":\"https:\\\/\\\/www.vetorino.com\\\/boutique\\\/#organization\"},\"potentialAction\":[{\"@type\":\"SearchAction\",\"target\":{\"@type\":\"EntryPoint\",\"urlTemplate\":\"https:\\\/\\\/www.vetorino.com\\\/boutique\\\/?s={search_term_string}\"},\"query-input\":{\"@type\":\"PropertyValueSpecification\",\"valueRequired\":true,\"valueName\":\"search_term_string\"}}],\"inLanguage\":\"fr-FR\"},{\"@type\":\"Organization\",\"@id\":\"https:\\\/\\\/www.vetorino.com\\\/boutique\\\/#organization\",\"name\":\"V\u00e9torino\",\"url\":\"https:\\\/\\\/www.vetorino.com\\\/boutique\\\/\",\"logo\":{\"@type\":\"ImageObject\",\"inLanguage\":\"fr-FR\",\"@id\":\"https:\\\/\\\/www.vetorino.com\\\/boutique\\\/#\\\/schema\\\/logo\\\/image\\\/\",\"url\":\"https:\\\/\\\/www.vetorino.com\\\/boutique\\\/wp-content\\\/uploads\\\/2024\\\/10\\\/logo.jpg\",\"contentUrl\":\"https:\\\/\\\/www.vetorino.com\\\/boutique\\\/wp-content\\\/uploads\\\/2024\\\/10\\\/logo.jpg\",\"width\":1200,\"height\":610,\"caption\":\"V\u00e9torino\"},\"image\":{\"@id\":\"https:\\\/\\\/www.vetorino.com\\\/boutique\\\/#\\\/schema\\\/logo\\\/image\\\/\"},\"sameAs\":[\"https:\\\/\\\/www.facebook.com\\\/Vetorino\\\/\",\"https:\\\/\\\/www.instagram.com\\\/vetorino_off\\\/\",\"https:\\\/\\\/www.linkedin.com\\\/company\\\/vtorino\\\/\"]}]}<\/script>\n<meta property=\"product:brand\" content=\"Royal Canin\" \/>\n<meta property=\"og:availability\" content=\"instock\" \/>\n<meta property=\"product:availability\" content=\"instock\" \/>\n<meta property=\"product:condition\" content=\"new\" \/>\n<!-- \/ Yoast SEO plugin. -->","yoast_head_json":{"title":"Vet Care Nutrition (Royal Canin) Dog Junior Giant Royal Canin - V\u00e9torino","description":"Les croquettes ROYAL CANIN\u00ae Giant Junior contiennent une teneur en prot\u00e9ines adapt\u00e9e pour contribuer au bon d\u00e9veloppement musculaire des chiots juniors de races g\u00e9antes \u00e2g\u00e9s de 8 \u00e0 18\/24 mois. Utilisation :    Chiot de\u00a08\u00a0mois \u00e0 18\/24\u00a0mois ou jusqu\u2019\u00e0 la st\u00e9rilisation.  Chiot de\u00a0tr\u00e8s grande\u00a0race (plus\u00a0de\u00a045\u00a0kg une fois adulte)","robots":{"index":"noindex","follow":"nofollow"},"og_locale":"fr_FR","og_type":"article","og_title":"Vet Care Nutrition (Royal Canin) Dog Junior Giant Royal Canin - V\u00e9torino","og_description":"Les croquettes ROYAL CANIN\u00ae Giant Junior contiennent une teneur en prot\u00e9ines adapt\u00e9e pour contribuer au bon d\u00e9veloppement musculaire des chiots juniors de races g\u00e9antes \u00e2g\u00e9s de 8 \u00e0 18\/24 mois. Utilisation :    Chiot de\u00a08\u00a0mois \u00e0 18\/24\u00a0mois ou jusqu\u2019\u00e0 la st\u00e9rilisation.  Chiot de\u00a0tr\u00e8s grande\u00a0race (plus\u00a0de\u00a045\u00a0kg une fois adulte)","og_url":"https:\/\/www.vetorino.com\/veterinaire\/prunelli-di-fiumorbo-20243\/boutique\/product\/dog-giant-junior-sac-35-kg\/","og_site_name":"V\u00e9torino","article_publisher":"https:\/\/www.facebook.com\/Vetorino\/","article_modified_time":"2025-11-05T11:25:23+00:00","og_image":[{"width":800,"height":800,"url":"https:\/\/www.vetorino.com\/boutique\/wp-content\/uploads\/2022\/10\/dog-junior-giant.jpeg","type":"image\/jpeg"}],"twitter_card":"summary_large_image","twitter_misc":{"Disponibilit\u00e9":"En stock"},"schema":{"@context":"https:\/\/schema.org","@graph":[{"@type":"WebPage","@id":"https:\/\/www.vetorino.com\/veterinaire\/briancon-05100\/boutique\/product\/dog-giant-junior-sac-35-kg\/","url":"https:\/\/www.vetorino.com\/veterinaire\/briancon-05100\/boutique\/product\/dog-giant-junior-sac-35-kg\/","name":"Vet Care Nutrition (Royal Canin) Dog Junior Giant Royal Canin - V\u00e9torino","isPartOf":{"@id":"https:\/\/www.vetorino.com\/boutique\/#website"},"primaryImageOfPage":{"@id":"https:\/\/www.vetorino.com\/veterinaire\/briancon-05100\/boutique\/product\/dog-giant-junior-sac-35-kg\/#primaryimage"},"image":{"@id":"https:\/\/www.vetorino.com\/veterinaire\/briancon-05100\/boutique\/product\/dog-giant-junior-sac-35-kg\/#primaryimage"},"thumbnailUrl":"https:\/\/www.vetorino.com\/boutique\/wp-content\/uploads\/2022\/10\/dog-junior-giant.jpeg","datePublished":"2022-10-27T11:12:28+00:00","dateModified":"2025-11-05T11:25:23+00:00","description":"Les croquettes ROYAL CANIN\u00ae Giant Junior contiennent une teneur en prot\u00e9ines adapt\u00e9e pour contribuer au bon d\u00e9veloppement musculaire des chiots juniors de races g\u00e9antes \u00e2g\u00e9s de 8 \u00e0 18\/24 mois. Utilisation : Chiot de\u00a08\u00a0mois \u00e0 18\/24\u00a0mois ou jusqu\u2019\u00e0 la st\u00e9rilisation. Chiot de\u00a0tr\u00e8s grande\u00a0race (plus\u00a0de\u00a045\u00a0kg une fois adulte)","breadcrumb":{"@id":"https:\/\/www.vetorino.com\/veterinaire\/briancon-05100\/boutique\/product\/dog-giant-junior-sac-35-kg\/#breadcrumb"},"inLanguage":"fr-FR","potentialAction":[{"@type":"ReadAction","target":["https:\/\/www.vetorino.com\/veterinaire\/briancon-05100\/boutique\/product\/dog-giant-junior-sac-35-kg\/"]}]},{"@type":"ImageObject","inLanguage":"fr-FR","@id":"https:\/\/www.vetorino.com\/veterinaire\/briancon-05100\/boutique\/product\/dog-giant-junior-sac-35-kg\/#primaryimage","url":"https:\/\/www.vetorino.com\/boutique\/wp-content\/uploads\/2022\/10\/dog-junior-giant.jpeg","contentUrl":"https:\/\/www.vetorino.com\/boutique\/wp-content\/uploads\/2022\/10\/dog-junior-giant.jpeg","width":800,"height":800},{"@type":"BreadcrumbList","@id":"https:\/\/www.vetorino.com\/veterinaire\/briancon-05100\/boutique\/product\/dog-giant-junior-sac-35-kg\/#breadcrumb","itemListElement":[{"@type":"ListItem","position":1,"name":"Accueil","item":"https:\/\/www.vetorino.com\/boutique\/"},{"@type":"ListItem","position":2,"name":"Produits","item":"https:\/\/www.vetorino.com\/boutique\/"},{"@type":"ListItem","position":3,"name":"Dog Junior Giant"}]},{"@type":"WebSite","@id":"https:\/\/www.vetorino.com\/boutique\/#website","url":"https:\/\/www.vetorino.com\/boutique\/","name":"V\u00e9torino","description":"","publisher":{"@id":"https:\/\/www.vetorino.com\/boutique\/#organization"},"potentialAction":[{"@type":"SearchAction","target":{"@type":"EntryPoint","urlTemplate":"https:\/\/www.vetorino.com\/boutique\/?s={search_term_string}"},"query-input":{"@type":"PropertyValueSpecification","valueRequired":true,"valueName":"search_term_string"}}],"inLanguage":"fr-FR"},{"@type":"Organization","@id":"https:\/\/www.vetorino.com\/boutique\/#organization","name":"V\u00e9torino","url":"https:\/\/www.vetorino.com\/boutique\/","logo":{"@type":"ImageObject","inLanguage":"fr-FR","@id":"https:\/\/www.vetorino.com\/boutique\/#\/schema\/logo\/image\/","url":"https:\/\/www.vetorino.com\/boutique\/wp-content\/uploads\/2024\/10\/logo.jpg","contentUrl":"https:\/\/www.vetorino.com\/boutique\/wp-content\/uploads\/2024\/10\/logo.jpg","width":1200,"height":610,"caption":"V\u00e9torino"},"image":{"@id":"https:\/\/www.vetorino.com\/boutique\/#\/schema\/logo\/image\/"},"sameAs":["https:\/\/www.facebook.com\/Vetorino\/","https:\/\/www.instagram.com\/vetorino_off\/","https:\/\/www.linkedin.com\/company\/vtorino\/"]}]},"product_brand":"Royal Canin","og_availability":"instock","product_availability":"instock","product_condition":"new"},"_links":{"self":[{"href":"https:\/\/www.vetorino.com\/veterinaire\/prunelli-di-fiumorbo-20243\/boutique\/wp-json\/wp\/v2\/product\/497581","targetHints":{"allow":["GET"]}}],"collection":[{"href":"https:\/\/www.vetorino.com\/veterinaire\/prunelli-di-fiumorbo-20243\/boutique\/wp-json\/wp\/v2\/product"}],"about":[{"href":"https:\/\/www.vetorino.com\/veterinaire\/prunelli-di-fiumorbo-20243\/boutique\/wp-json\/wp\/v2\/types\/product"}],"wp:featuredmedia":[{"embeddable":true,"href":"https:\/\/www.vetorino.com\/veterinaire\/prunelli-di-fiumorbo-20243\/boutique\/wp-json\/wp\/v2\/media\/589292"}],"wp:attachment":[{"href":"https:\/\/www.vetorino.com\/veterinaire\/prunelli-di-fiumorbo-20243\/boutique\/wp-json\/wp\/v2\/media?parent=497581"}],"wp:term":[{"taxonomy":"product_cat","embeddable":true,"href":"https:\/\/www.vetorino.com\/veterinaire\/prunelli-di-fiumorbo-20243\/boutique\/wp-json\/wp\/v2\/product_cat?post=497581"},{"taxonomy":"product_tag","embeddable":true,"href":"https:\/\/www.vetorino.com\/veterinaire\/prunelli-di-fiumorbo-20243\/boutique\/wp-json\/wp\/v2\/product_tag?post=497581"}],"curies":[{"name":"wp","href":"https:\/\/api.w.org\/{rel}","templated":true}]}}