{"id":507585,"date":"2022-11-17T20:30:19","date_gmt":"2022-11-17T19:30:19","guid":{"rendered":"https:\/\/www.vetorino.com\/boutique\/product\/vitavil-amine-2\/"},"modified":"2025-07-28T11:09:45","modified_gmt":"2025-07-28T09:09:45","slug":"vitavil-amine-2","status":"publish","type":"product","link":"https:\/\/www.vetorino.com\/veterinaire\/prunelli-di-fiumorbo-20243\/boutique\/product\/vitavil-amine-2\/","title":{"rendered":"Vitavil Amin\u00e9"},"content":{"rendered":"<p><strong>Vitavil Amin\u00e9 \u2013 Apport Vitaminique pour Volaille et Lapin.<\/strong><\/p>\n<p><strong>Vitavil Amin\u00e9<\/strong>\u00a0est une solution compl\u00e8te pour r\u00e9pondre aux\u00a0<strong>besoins nutritionnels sp\u00e9cifiques des volailles et des lapins en p\u00e9riode de gestation, lactation, reproduction ou croissance.<\/strong><\/p>\n<p>Ce<strong>\u00a0compl\u00e9ment vitaminique<\/strong>\u00a0agit \u00e9galement comme un adjuvant efficace pour les traitements vermifuges, anti-coccidiens et anti-infectieux, renfor\u00e7ant ainsi la sant\u00e9 et la vitalit\u00e9 de vos animaux.<\/p>\n<p>Enrichi pour am\u00e9liorer la ponte et augmenter le pouvoir d\u2019\u00e9closion,\u00a0<strong>Vitavil Amin\u00e9<\/strong>\u00a0est une solution id\u00e9ale pour optimiser les performances de reproduction et soutenir le d\u00e9veloppement des volailles et des lapins.<\/p>\n","protected":false},"excerpt":{"rendered":"<p><strong>Vitavil Amin\u00e9 \u2013 Apport Vitaminique pour Volaille et Lapin.<\/strong><\/p>\n<p><strong>Vitavil Amin\u00e9<\/strong>\u00a0est une solution compl\u00e8te pour r\u00e9pondre aux\u00a0<strong>besoins nutritionnels sp\u00e9cifiques des volailles et des lapins en p\u00e9riode de gestation, lactation, reproduction ou croissance.<\/strong><\/p>\n<p>Ce<strong>\u00a0compl\u00e9ment vitaminique<\/strong>\u00a0agit \u00e9galement comme un adjuvant efficace pour les traitements vermifuges, anti-coccidiens et anti-infectieux, renfor\u00e7ant ainsi la sant\u00e9 et la vitalit\u00e9 de vos animaux.<\/p>\n<p>Enrichi pour am\u00e9liorer la ponte et augmenter le pouvoir d\u2019\u00e9closion,\u00a0<strong>Vitavil Amin\u00e9<\/strong>\u00a0est une solution id\u00e9ale pour optimiser les performances de reproduction et soutenir le d\u00e9veloppement des volailles et des lapins.<\/p>\n","protected":false},"featured_media":1430799,"template":"","meta":[],"product_cat":[6864,6869,12665,12563,15841,6897],"product_tag":[],"class_list":{"0":"post-507585","1":"product","2":"type-product","3":"status-publish","4":"has-post-thumbnail","6":"product_cat-animaux-delevage","7":"product_cat-basse-cour","8":"product_cat-complement-nutritionnel-pour-lapin","9":"product_cat-lapin","10":"product_cat-lapins","11":"product_cat-poules","12":"pa_marque-biove","14":"first","15":"instock","16":"taxable","17":"shipping-taxable","18":"purchasable","19":"product-type-simple"},"yoast_head":"<!-- This site is optimized with the Yoast SEO plugin v27.3 - https:\/\/yoast.com\/product\/yoast-seo-wordpress\/ -->\n<title>Vitavil Amin\u00e9 Biove - V\u00e9torino<\/title>\n<meta name=\"description\" content=\"Vitavil Amin\u00e9 \u2013 Apport Vitaminique pour Volaille et Lapin.  Vitavil Amin\u00e9\u00a0est une solution compl\u00e8te pour r\u00e9pondre aux\u00a0besoins nutritionnels sp\u00e9cifiques des volailles et des lapins en p\u00e9riode de gestation, lactation, reproduction ou croissance.  Ce\u00a0compl\u00e9ment vitaminique\u00a0agit \u00e9galement comme un adjuvant efficace pour les traitements vermifuges, anti-coccidiens et anti-infectieux, renfor\u00e7ant ainsi la sant\u00e9 et la vitalit\u00e9 de vos animaux.  Enrichi pour am\u00e9liorer la ponte et augmenter le pouvoir d\u2019\u00e9closion,\u00a0Vitavil Amin\u00e9\u00a0est une solution id\u00e9ale pour optimiser les performances de reproduction et soutenir le d\u00e9veloppement des volailles et des lapins.\" \/>\n<meta name=\"robots\" content=\"noindex, nofollow\" \/>\n<meta property=\"og:locale\" content=\"fr_FR\" \/>\n<meta property=\"og:type\" content=\"article\" \/>\n<meta property=\"og:title\" content=\"Vitavil Amin\u00e9 Biove - V\u00e9torino\" \/>\n<meta property=\"og:description\" content=\"Vitavil Amin\u00e9 \u2013 Apport Vitaminique pour Volaille et Lapin.  Vitavil Amin\u00e9\u00a0est une solution compl\u00e8te pour r\u00e9pondre aux\u00a0besoins nutritionnels sp\u00e9cifiques des volailles et des lapins en p\u00e9riode de gestation, lactation, reproduction ou croissance.  Ce\u00a0compl\u00e9ment vitaminique\u00a0agit \u00e9galement comme un adjuvant efficace pour les traitements vermifuges, anti-coccidiens et anti-infectieux, renfor\u00e7ant ainsi la sant\u00e9 et la vitalit\u00e9 de vos animaux.  Enrichi pour am\u00e9liorer la ponte et augmenter le pouvoir d\u2019\u00e9closion,\u00a0Vitavil Amin\u00e9\u00a0est une solution id\u00e9ale pour optimiser les performances de reproduction et soutenir le d\u00e9veloppement des volailles et des lapins.\" \/>\n<meta property=\"og:url\" content=\"https:\/\/www.vetorino.com\/veterinaire\/prunelli-di-fiumorbo-20243\/boutique\/product\/vitavil-amine-2\/\" \/>\n<meta property=\"og:site_name\" content=\"V\u00e9torino\" \/>\n<meta property=\"article:publisher\" content=\"https:\/\/www.facebook.com\/Vetorino\/\" \/>\n<meta property=\"article:modified_time\" content=\"2025-07-28T09:09:45+00:00\" \/>\n<meta property=\"og:image\" content=\"https:\/\/www.vetorino.com\/boutique\/wp-content\/uploads\/2022\/11\/vitavil-amine.jpg\" \/>\n\t<meta property=\"og:image:width\" content=\"555\" \/>\n\t<meta property=\"og:image:height\" content=\"555\" \/>\n\t<meta property=\"og:image:type\" content=\"image\/jpeg\" \/>\n<meta name=\"twitter:card\" content=\"summary_large_image\" \/>\n<meta name=\"twitter:label1\" content=\"Prix\" \/>\n\t<meta name=\"twitter:data1\" content=\"20,48&euro;\" \/>\n\t<meta name=\"twitter:label2\" content=\"Disponibilit\u00e9\" \/>\n\t<meta name=\"twitter:data2\" content=\"En stock\" \/>\n<script type=\"application\/ld+json\" class=\"yoast-schema-graph\">{\"@context\":\"https:\\\/\\\/schema.org\",\"@graph\":[{\"@type\":\"WebPage\",\"@id\":\"https:\\\/\\\/www.vetorino.com\\\/boutique\\\/product\\\/vitavil-amine-2\\\/\",\"url\":\"https:\\\/\\\/www.vetorino.com\\\/boutique\\\/product\\\/vitavil-amine-2\\\/\",\"name\":\"Vitavil Amin\u00e9 Biove - V\u00e9torino\",\"isPartOf\":{\"@id\":\"https:\\\/\\\/www.vetorino.com\\\/boutique\\\/#website\"},\"primaryImageOfPage\":{\"@id\":\"https:\\\/\\\/www.vetorino.com\\\/boutique\\\/product\\\/vitavil-amine-2\\\/#primaryimage\"},\"image\":{\"@id\":\"https:\\\/\\\/www.vetorino.com\\\/boutique\\\/product\\\/vitavil-amine-2\\\/#primaryimage\"},\"thumbnailUrl\":\"https:\\\/\\\/www.vetorino.com\\\/boutique\\\/wp-content\\\/uploads\\\/2022\\\/11\\\/vitavil-amine.jpg\",\"datePublished\":\"2022-11-17T19:30:19+00:00\",\"dateModified\":\"2025-07-28T09:09:45+00:00\",\"description\":\"Vitavil Amin\u00e9 \u2013 Apport Vitaminique pour Volaille et Lapin. Vitavil Amin\u00e9\u00a0est une solution compl\u00e8te pour r\u00e9pondre aux\u00a0besoins nutritionnels sp\u00e9cifiques des volailles et des lapins en p\u00e9riode de gestation, lactation, reproduction ou croissance. Ce\u00a0compl\u00e9ment vitaminique\u00a0agit \u00e9galement comme un adjuvant efficace pour les traitements vermifuges, anti-coccidiens et anti-infectieux, renfor\u00e7ant ainsi la sant\u00e9 et la vitalit\u00e9 de vos animaux. Enrichi pour am\u00e9liorer la ponte et augmenter le pouvoir d\u2019\u00e9closion,\u00a0Vitavil Amin\u00e9\u00a0est une solution id\u00e9ale pour optimiser les performances de reproduction et soutenir le d\u00e9veloppement des volailles et des lapins.\",\"breadcrumb\":{\"@id\":\"https:\\\/\\\/www.vetorino.com\\\/boutique\\\/product\\\/vitavil-amine-2\\\/#breadcrumb\"},\"inLanguage\":\"fr-FR\",\"potentialAction\":[{\"@type\":\"ReadAction\",\"target\":[\"https:\\\/\\\/www.vetorino.com\\\/boutique\\\/product\\\/vitavil-amine-2\\\/\"]}]},{\"@type\":\"ImageObject\",\"inLanguage\":\"fr-FR\",\"@id\":\"https:\\\/\\\/www.vetorino.com\\\/boutique\\\/product\\\/vitavil-amine-2\\\/#primaryimage\",\"url\":\"https:\\\/\\\/www.vetorino.com\\\/boutique\\\/wp-content\\\/uploads\\\/2022\\\/11\\\/vitavil-amine.jpg\",\"contentUrl\":\"https:\\\/\\\/www.vetorino.com\\\/boutique\\\/wp-content\\\/uploads\\\/2022\\\/11\\\/vitavil-amine.jpg\",\"width\":555,\"height\":555},{\"@type\":\"BreadcrumbList\",\"@id\":\"https:\\\/\\\/www.vetorino.com\\\/boutique\\\/product\\\/vitavil-amine-2\\\/#breadcrumb\",\"itemListElement\":[{\"@type\":\"ListItem\",\"position\":1,\"name\":\"Accueil\",\"item\":\"https:\\\/\\\/www.vetorino.com\\\/boutique\\\/\"},{\"@type\":\"ListItem\",\"position\":2,\"name\":\"Produits\",\"item\":\"https:\\\/\\\/www.vetorino.com\\\/boutique\\\/\"},{\"@type\":\"ListItem\",\"position\":3,\"name\":\"Vitavil Amin\u00e9\"}]},{\"@type\":\"WebSite\",\"@id\":\"https:\\\/\\\/www.vetorino.com\\\/boutique\\\/#website\",\"url\":\"https:\\\/\\\/www.vetorino.com\\\/boutique\\\/\",\"name\":\"V\u00e9torino\",\"description\":\"\",\"publisher\":{\"@id\":\"https:\\\/\\\/www.vetorino.com\\\/boutique\\\/#organization\"},\"potentialAction\":[{\"@type\":\"SearchAction\",\"target\":{\"@type\":\"EntryPoint\",\"urlTemplate\":\"https:\\\/\\\/www.vetorino.com\\\/boutique\\\/?s={search_term_string}\"},\"query-input\":{\"@type\":\"PropertyValueSpecification\",\"valueRequired\":true,\"valueName\":\"search_term_string\"}}],\"inLanguage\":\"fr-FR\"},{\"@type\":\"Organization\",\"@id\":\"https:\\\/\\\/www.vetorino.com\\\/boutique\\\/#organization\",\"name\":\"V\u00e9torino\",\"url\":\"https:\\\/\\\/www.vetorino.com\\\/boutique\\\/\",\"logo\":{\"@type\":\"ImageObject\",\"inLanguage\":\"fr-FR\",\"@id\":\"https:\\\/\\\/www.vetorino.com\\\/boutique\\\/#\\\/schema\\\/logo\\\/image\\\/\",\"url\":\"https:\\\/\\\/www.vetorino.com\\\/boutique\\\/wp-content\\\/uploads\\\/2024\\\/10\\\/logo.jpg\",\"contentUrl\":\"https:\\\/\\\/www.vetorino.com\\\/boutique\\\/wp-content\\\/uploads\\\/2024\\\/10\\\/logo.jpg\",\"width\":1200,\"height\":610,\"caption\":\"V\u00e9torino\"},\"image\":{\"@id\":\"https:\\\/\\\/www.vetorino.com\\\/boutique\\\/#\\\/schema\\\/logo\\\/image\\\/\"},\"sameAs\":[\"https:\\\/\\\/www.facebook.com\\\/Vetorino\\\/\",\"https:\\\/\\\/www.instagram.com\\\/vetorino_off\\\/\",\"https:\\\/\\\/www.linkedin.com\\\/company\\\/vtorino\\\/\"]}]}<\/script>\n<meta property=\"product:brand\" content=\"Biove\" \/>\n<meta property=\"product:price:amount\" content=\"20.48\" \/>\n<meta property=\"product:price:currency\" content=\"EUR\" \/>\n<meta property=\"og:availability\" content=\"instock\" \/>\n<meta property=\"product:availability\" content=\"instock\" \/>\n<meta property=\"product:retailer_item_id\" content=\"A-8117894\" \/>\n<meta property=\"product:condition\" content=\"new\" \/>\n<!-- \/ Yoast SEO plugin. -->","yoast_head_json":{"title":"Vitavil Amin\u00e9 Biove - V\u00e9torino","description":"Vitavil Amin\u00e9 \u2013 Apport Vitaminique pour Volaille et Lapin.  Vitavil Amin\u00e9\u00a0est une solution compl\u00e8te pour r\u00e9pondre aux\u00a0besoins nutritionnels sp\u00e9cifiques des volailles et des lapins en p\u00e9riode de gestation, lactation, reproduction ou croissance.  Ce\u00a0compl\u00e9ment vitaminique\u00a0agit \u00e9galement comme un adjuvant efficace pour les traitements vermifuges, anti-coccidiens et anti-infectieux, renfor\u00e7ant ainsi la sant\u00e9 et la vitalit\u00e9 de vos animaux.  Enrichi pour am\u00e9liorer la ponte et augmenter le pouvoir d\u2019\u00e9closion,\u00a0Vitavil Amin\u00e9\u00a0est une solution id\u00e9ale pour optimiser les performances de reproduction et soutenir le d\u00e9veloppement des volailles et des lapins.","robots":{"index":"noindex","follow":"nofollow"},"og_locale":"fr_FR","og_type":"article","og_title":"Vitavil Amin\u00e9 Biove - V\u00e9torino","og_description":"Vitavil Amin\u00e9 \u2013 Apport Vitaminique pour Volaille et Lapin.  Vitavil Amin\u00e9\u00a0est une solution compl\u00e8te pour r\u00e9pondre aux\u00a0besoins nutritionnels sp\u00e9cifiques des volailles et des lapins en p\u00e9riode de gestation, lactation, reproduction ou croissance.  Ce\u00a0compl\u00e9ment vitaminique\u00a0agit \u00e9galement comme un adjuvant efficace pour les traitements vermifuges, anti-coccidiens et anti-infectieux, renfor\u00e7ant ainsi la sant\u00e9 et la vitalit\u00e9 de vos animaux.  Enrichi pour am\u00e9liorer la ponte et augmenter le pouvoir d\u2019\u00e9closion,\u00a0Vitavil Amin\u00e9\u00a0est une solution id\u00e9ale pour optimiser les performances de reproduction et soutenir le d\u00e9veloppement des volailles et des lapins.","og_url":"https:\/\/www.vetorino.com\/veterinaire\/prunelli-di-fiumorbo-20243\/boutique\/product\/vitavil-amine-2\/","og_site_name":"V\u00e9torino","article_publisher":"https:\/\/www.facebook.com\/Vetorino\/","article_modified_time":"2025-07-28T09:09:45+00:00","og_image":[{"width":555,"height":555,"url":"https:\/\/www.vetorino.com\/boutique\/wp-content\/uploads\/2022\/11\/vitavil-amine.jpg","type":"image\/jpeg"}],"twitter_card":"summary_large_image","twitter_misc":{"Prix":"20,48&euro;","Disponibilit\u00e9":"En stock"},"schema":{"@context":"https:\/\/schema.org","@graph":[{"@type":"WebPage","@id":"https:\/\/www.vetorino.com\/boutique\/product\/vitavil-amine-2\/","url":"https:\/\/www.vetorino.com\/boutique\/product\/vitavil-amine-2\/","name":"Vitavil Amin\u00e9 Biove - V\u00e9torino","isPartOf":{"@id":"https:\/\/www.vetorino.com\/boutique\/#website"},"primaryImageOfPage":{"@id":"https:\/\/www.vetorino.com\/boutique\/product\/vitavil-amine-2\/#primaryimage"},"image":{"@id":"https:\/\/www.vetorino.com\/boutique\/product\/vitavil-amine-2\/#primaryimage"},"thumbnailUrl":"https:\/\/www.vetorino.com\/boutique\/wp-content\/uploads\/2022\/11\/vitavil-amine.jpg","datePublished":"2022-11-17T19:30:19+00:00","dateModified":"2025-07-28T09:09:45+00:00","description":"Vitavil Amin\u00e9 \u2013 Apport Vitaminique pour Volaille et Lapin. Vitavil Amin\u00e9\u00a0est une solution compl\u00e8te pour r\u00e9pondre aux\u00a0besoins nutritionnels sp\u00e9cifiques des volailles et des lapins en p\u00e9riode de gestation, lactation, reproduction ou croissance. Ce\u00a0compl\u00e9ment vitaminique\u00a0agit \u00e9galement comme un adjuvant efficace pour les traitements vermifuges, anti-coccidiens et anti-infectieux, renfor\u00e7ant ainsi la sant\u00e9 et la vitalit\u00e9 de vos animaux. Enrichi pour am\u00e9liorer la ponte et augmenter le pouvoir d\u2019\u00e9closion,\u00a0Vitavil Amin\u00e9\u00a0est une solution id\u00e9ale pour optimiser les performances de reproduction et soutenir le d\u00e9veloppement des volailles et des lapins.","breadcrumb":{"@id":"https:\/\/www.vetorino.com\/boutique\/product\/vitavil-amine-2\/#breadcrumb"},"inLanguage":"fr-FR","potentialAction":[{"@type":"ReadAction","target":["https:\/\/www.vetorino.com\/boutique\/product\/vitavil-amine-2\/"]}]},{"@type":"ImageObject","inLanguage":"fr-FR","@id":"https:\/\/www.vetorino.com\/boutique\/product\/vitavil-amine-2\/#primaryimage","url":"https:\/\/www.vetorino.com\/boutique\/wp-content\/uploads\/2022\/11\/vitavil-amine.jpg","contentUrl":"https:\/\/www.vetorino.com\/boutique\/wp-content\/uploads\/2022\/11\/vitavil-amine.jpg","width":555,"height":555},{"@type":"BreadcrumbList","@id":"https:\/\/www.vetorino.com\/boutique\/product\/vitavil-amine-2\/#breadcrumb","itemListElement":[{"@type":"ListItem","position":1,"name":"Accueil","item":"https:\/\/www.vetorino.com\/boutique\/"},{"@type":"ListItem","position":2,"name":"Produits","item":"https:\/\/www.vetorino.com\/boutique\/"},{"@type":"ListItem","position":3,"name":"Vitavil Amin\u00e9"}]},{"@type":"WebSite","@id":"https:\/\/www.vetorino.com\/boutique\/#website","url":"https:\/\/www.vetorino.com\/boutique\/","name":"V\u00e9torino","description":"","publisher":{"@id":"https:\/\/www.vetorino.com\/boutique\/#organization"},"potentialAction":[{"@type":"SearchAction","target":{"@type":"EntryPoint","urlTemplate":"https:\/\/www.vetorino.com\/boutique\/?s={search_term_string}"},"query-input":{"@type":"PropertyValueSpecification","valueRequired":true,"valueName":"search_term_string"}}],"inLanguage":"fr-FR"},{"@type":"Organization","@id":"https:\/\/www.vetorino.com\/boutique\/#organization","name":"V\u00e9torino","url":"https:\/\/www.vetorino.com\/boutique\/","logo":{"@type":"ImageObject","inLanguage":"fr-FR","@id":"https:\/\/www.vetorino.com\/boutique\/#\/schema\/logo\/image\/","url":"https:\/\/www.vetorino.com\/boutique\/wp-content\/uploads\/2024\/10\/logo.jpg","contentUrl":"https:\/\/www.vetorino.com\/boutique\/wp-content\/uploads\/2024\/10\/logo.jpg","width":1200,"height":610,"caption":"V\u00e9torino"},"image":{"@id":"https:\/\/www.vetorino.com\/boutique\/#\/schema\/logo\/image\/"},"sameAs":["https:\/\/www.facebook.com\/Vetorino\/","https:\/\/www.instagram.com\/vetorino_off\/","https:\/\/www.linkedin.com\/company\/vtorino\/"]}]},"product_brand":"Biove","product_price_amount":"20.48","product_price_currency":"EUR","og_availability":"instock","product_availability":"instock","product_retailer_item_id":"A-8117894","product_condition":"new"},"_links":{"self":[{"href":"https:\/\/www.vetorino.com\/veterinaire\/prunelli-di-fiumorbo-20243\/boutique\/wp-json\/wp\/v2\/product\/507585","targetHints":{"allow":["GET"]}}],"collection":[{"href":"https:\/\/www.vetorino.com\/veterinaire\/prunelli-di-fiumorbo-20243\/boutique\/wp-json\/wp\/v2\/product"}],"about":[{"href":"https:\/\/www.vetorino.com\/veterinaire\/prunelli-di-fiumorbo-20243\/boutique\/wp-json\/wp\/v2\/types\/product"}],"wp:featuredmedia":[{"embeddable":true,"href":"https:\/\/www.vetorino.com\/veterinaire\/prunelli-di-fiumorbo-20243\/boutique\/wp-json\/wp\/v2\/media\/1430799"}],"wp:attachment":[{"href":"https:\/\/www.vetorino.com\/veterinaire\/prunelli-di-fiumorbo-20243\/boutique\/wp-json\/wp\/v2\/media?parent=507585"}],"wp:term":[{"taxonomy":"product_cat","embeddable":true,"href":"https:\/\/www.vetorino.com\/veterinaire\/prunelli-di-fiumorbo-20243\/boutique\/wp-json\/wp\/v2\/product_cat?post=507585"},{"taxonomy":"product_tag","embeddable":true,"href":"https:\/\/www.vetorino.com\/veterinaire\/prunelli-di-fiumorbo-20243\/boutique\/wp-json\/wp\/v2\/product_tag?post=507585"}],"curies":[{"name":"wp","href":"https:\/\/api.w.org\/{rel}","templated":true}]}}