{"id":507649,"date":"2022-11-17T20:32:37","date_gmt":"2022-11-17T19:32:37","guid":{"rendered":"https:\/\/www.vetorino.com\/boutique\/product\/shampooing-dermocare-chevaux\/"},"modified":"2026-02-25T16:09:46","modified_gmt":"2026-02-25T15:09:46","slug":"shampooing-dermocare-chevaux","status":"publish","type":"product","link":"https:\/\/www.vetorino.com\/veterinaire\/prunelli-di-fiumorbo-20243\/boutique\/product\/shampooing-dermocare-chevaux\/","title":{"rendered":"Shampooing Dermocare chevaux"},"content":{"rendered":"<p><strong>Les prot\u00e9ines d\u2019Avoine<\/strong>\u00a0et\u00a0<strong>la Camomille\u00a0<\/strong>calment les d\u00e9mangeaisons.<\/p>\n<p><strong>La Bardane<\/strong>\u00a0est un r\u00e9gulateur de la s\u00e9borrh\u00e9e et apaise la peau.<\/p>\n<p><strong>Les prot\u00e9ines de Bl\u00e9<\/strong>\u00a0renforcent le poil.<\/p>\n<p><strong>L\u2019Alo\u00e9 vera<\/strong>\u00a0prot\u00e8ge la peau gr\u00e2ce \u00e0 ses propri\u00e9t\u00e9s hydratantes, apaisantes, antiprurigineuses et cicatrisantes.<\/p>\n<p><strong>Mode d&#8217;emploi<\/strong> :<\/p>\n<p>Mouiller le pelage uniform\u00e9ment \u00e0 l\u2019eau ti\u00e8de. Appliquer le shampooing sur tout le corps \u00e0 l\u2019aide d\u2019une \u00e9ponge, masser en effectuant des mouvements circulaires jusqu\u2019\u00e0 obtention d\u2019une mousse compacte. Laisser agir 5 minutes environ. Rincer l\u2019animal \u00e0 l\u2019eau claire et ti\u00e8de de pr\u00e9f\u00e9rence. Peut \u00eatre utilis\u00e9 quotidiennement si n\u00e9cessaire.<\/p>\n<p><strong>EN CAS DE CONTACT AVEC LES YEUX<\/strong>\u00a0: Rincer avec pr\u00e9caution \u00e0 l&#8217;eau pendant plusieurs minutes.<\/p>\n","protected":false},"excerpt":{"rendered":"<div id=\"description-short-section\" class=\"lg:mb-8\">\n<div class=\"product-section-content hidden lg:block\">\n<p>Le shampooing DERMOCARE est con\u00e7u pour les chevaux poss\u00e9dant des<strong>\u00a0probl\u00e8mes dermatologiques<\/strong>, en cas de\u00a0<strong>prurit<\/strong>, ou\u00a0<strong>d\u2019allergies<\/strong>.<\/p>\n<p>Il peut \u00eatre utilis\u00e9 en entretien r\u00e9gulier chez les chevaux \u00e0 peau sensible, en appliquant sur le pelage, la crini\u00e8re et les sabots.<\/p>\n<p><strong>0% sulfates, 0% parfum, 0% paraben, 0% colorant<\/strong><\/p>\n<\/div>\n<\/div>\n<div id=\"description-section\" class=\"lg:mb-8\"><\/div>\n","protected":false},"featured_media":874729,"template":"","meta":[],"product_cat":[12547,12565,12754],"product_tag":[],"class_list":{"0":"post-507649","1":"product","2":"type-product","3":"status-publish","4":"has-post-thumbnail","6":"product_cat-cheval","7":"product_cat-peau-corne-crin-du-cheval","8":"product_cat-soins-au-quotidien-du-cheval","9":"pa_marque-greenvet","11":"first","12":"outofstock","13":"taxable","14":"shipping-taxable","15":"purchasable","16":"product-type-simple"},"yoast_head":"<!-- This site is optimized with the Yoast SEO plugin v27.3 - https:\/\/yoast.com\/product\/yoast-seo-wordpress\/ -->\n<title>Shampooing Dermocare chevaux Greenvet - V\u00e9torino<\/title>\n<meta name=\"description\" content=\"Le shampooing DERMOCARE est con\u00e7u pour les chevaux poss\u00e9dant des\u00a0probl\u00e8mes dermatologiques, en cas de\u00a0prurit, ou\u00a0d\u2019allergies.  Il peut \u00eatre utilis\u00e9 en entretien r\u00e9gulier chez les chevaux \u00e0 peau sensible, en appliquant sur le pelage, la crini\u00e8re et les sabots.  0% sulfates, 0% parfum, 0% paraben, 0% colorant\" \/>\n<meta name=\"robots\" content=\"noindex, nofollow\" \/>\n<meta property=\"og:locale\" content=\"fr_FR\" \/>\n<meta property=\"og:type\" content=\"article\" \/>\n<meta property=\"og:title\" content=\"Shampooing Dermocare chevaux Greenvet - V\u00e9torino\" \/>\n<meta property=\"og:description\" content=\"Le shampooing DERMOCARE est con\u00e7u pour les chevaux poss\u00e9dant des\u00a0probl\u00e8mes dermatologiques, en cas de\u00a0prurit, ou\u00a0d\u2019allergies.  Il peut \u00eatre utilis\u00e9 en entretien r\u00e9gulier chez les chevaux \u00e0 peau sensible, en appliquant sur le pelage, la crini\u00e8re et les sabots.  0% sulfates, 0% parfum, 0% paraben, 0% colorant\" \/>\n<meta property=\"og:url\" content=\"https:\/\/www.vetorino.com\/veterinaire\/prunelli-di-fiumorbo-20243\/boutique\/product\/shampooing-dermocare-chevaux\/\" \/>\n<meta property=\"og:site_name\" content=\"V\u00e9torino\" \/>\n<meta property=\"article:publisher\" content=\"https:\/\/www.facebook.com\/Vetorino\/\" \/>\n<meta property=\"article:modified_time\" content=\"2026-02-25T15:09:46+00:00\" \/>\n<meta property=\"og:image\" content=\"https:\/\/www.vetorino.com\/boutique\/wp-content\/uploads\/2022\/11\/GREEN-8098501.jpg\" \/>\n\t<meta property=\"og:image:width\" content=\"800\" \/>\n\t<meta property=\"og:image:height\" content=\"600\" \/>\n\t<meta property=\"og:image:type\" content=\"image\/jpeg\" \/>\n<meta name=\"twitter:card\" content=\"summary_large_image\" \/>\n<meta name=\"twitter:label1\" content=\"Prix\" \/>\n\t<meta name=\"twitter:data1\" content=\"50,71&euro;\" \/>\n\t<meta name=\"twitter:label2\" content=\"Disponibilit\u00e9\" \/>\n\t<meta name=\"twitter:data2\" content=\"Rupture de stock\" \/>\n<script type=\"application\/ld+json\" class=\"yoast-schema-graph\">{\"@context\":\"https:\\\/\\\/schema.org\",\"@graph\":[{\"@type\":\"WebPage\",\"@id\":\"https:\\\/\\\/www.vetorino.com\\\/boutique\\\/product\\\/shampooing-dermocare-chevaux\\\/\",\"url\":\"https:\\\/\\\/www.vetorino.com\\\/boutique\\\/product\\\/shampooing-dermocare-chevaux\\\/\",\"name\":\"Shampooing Dermocare chevaux Greenvet - V\u00e9torino\",\"isPartOf\":{\"@id\":\"https:\\\/\\\/www.vetorino.com\\\/boutique\\\/#website\"},\"primaryImageOfPage\":{\"@id\":\"https:\\\/\\\/www.vetorino.com\\\/boutique\\\/product\\\/shampooing-dermocare-chevaux\\\/#primaryimage\"},\"image\":{\"@id\":\"https:\\\/\\\/www.vetorino.com\\\/boutique\\\/product\\\/shampooing-dermocare-chevaux\\\/#primaryimage\"},\"thumbnailUrl\":\"https:\\\/\\\/www.vetorino.com\\\/boutique\\\/wp-content\\\/uploads\\\/2022\\\/11\\\/GREEN-8098501.jpg\",\"datePublished\":\"2022-11-17T19:32:37+00:00\",\"dateModified\":\"2026-02-25T15:09:46+00:00\",\"description\":\"Le shampooing DERMOCARE est con\u00e7u pour les chevaux poss\u00e9dant des\u00a0probl\u00e8mes dermatologiques, en cas de\u00a0prurit, ou\u00a0d\u2019allergies. Il peut \u00eatre utilis\u00e9 en entretien r\u00e9gulier chez les chevaux \u00e0 peau sensible, en appliquant sur le pelage, la crini\u00e8re et les sabots. 0% sulfates, 0% parfum, 0% paraben, 0% colorant\",\"breadcrumb\":{\"@id\":\"https:\\\/\\\/www.vetorino.com\\\/boutique\\\/product\\\/shampooing-dermocare-chevaux\\\/#breadcrumb\"},\"inLanguage\":\"fr-FR\",\"potentialAction\":[{\"@type\":\"ReadAction\",\"target\":[\"https:\\\/\\\/www.vetorino.com\\\/boutique\\\/product\\\/shampooing-dermocare-chevaux\\\/\"]}]},{\"@type\":\"ImageObject\",\"inLanguage\":\"fr-FR\",\"@id\":\"https:\\\/\\\/www.vetorino.com\\\/boutique\\\/product\\\/shampooing-dermocare-chevaux\\\/#primaryimage\",\"url\":\"https:\\\/\\\/www.vetorino.com\\\/boutique\\\/wp-content\\\/uploads\\\/2022\\\/11\\\/GREEN-8098501.jpg\",\"contentUrl\":\"https:\\\/\\\/www.vetorino.com\\\/boutique\\\/wp-content\\\/uploads\\\/2022\\\/11\\\/GREEN-8098501.jpg\",\"width\":800,\"height\":600},{\"@type\":\"BreadcrumbList\",\"@id\":\"https:\\\/\\\/www.vetorino.com\\\/boutique\\\/product\\\/shampooing-dermocare-chevaux\\\/#breadcrumb\",\"itemListElement\":[{\"@type\":\"ListItem\",\"position\":1,\"name\":\"Accueil\",\"item\":\"https:\\\/\\\/www.vetorino.com\\\/boutique\\\/\"},{\"@type\":\"ListItem\",\"position\":2,\"name\":\"Produits\",\"item\":\"https:\\\/\\\/www.vetorino.com\\\/boutique\\\/\"},{\"@type\":\"ListItem\",\"position\":3,\"name\":\"Shampooing Dermocare chevaux\"}]},{\"@type\":\"WebSite\",\"@id\":\"https:\\\/\\\/www.vetorino.com\\\/boutique\\\/#website\",\"url\":\"https:\\\/\\\/www.vetorino.com\\\/boutique\\\/\",\"name\":\"V\u00e9torino\",\"description\":\"\",\"publisher\":{\"@id\":\"https:\\\/\\\/www.vetorino.com\\\/boutique\\\/#organization\"},\"potentialAction\":[{\"@type\":\"SearchAction\",\"target\":{\"@type\":\"EntryPoint\",\"urlTemplate\":\"https:\\\/\\\/www.vetorino.com\\\/boutique\\\/?s={search_term_string}\"},\"query-input\":{\"@type\":\"PropertyValueSpecification\",\"valueRequired\":true,\"valueName\":\"search_term_string\"}}],\"inLanguage\":\"fr-FR\"},{\"@type\":\"Organization\",\"@id\":\"https:\\\/\\\/www.vetorino.com\\\/boutique\\\/#organization\",\"name\":\"V\u00e9torino\",\"url\":\"https:\\\/\\\/www.vetorino.com\\\/boutique\\\/\",\"logo\":{\"@type\":\"ImageObject\",\"inLanguage\":\"fr-FR\",\"@id\":\"https:\\\/\\\/www.vetorino.com\\\/boutique\\\/#\\\/schema\\\/logo\\\/image\\\/\",\"url\":\"https:\\\/\\\/www.vetorino.com\\\/boutique\\\/wp-content\\\/uploads\\\/2024\\\/10\\\/logo.jpg\",\"contentUrl\":\"https:\\\/\\\/www.vetorino.com\\\/boutique\\\/wp-content\\\/uploads\\\/2024\\\/10\\\/logo.jpg\",\"width\":1200,\"height\":610,\"caption\":\"V\u00e9torino\"},\"image\":{\"@id\":\"https:\\\/\\\/www.vetorino.com\\\/boutique\\\/#\\\/schema\\\/logo\\\/image\\\/\"},\"sameAs\":[\"https:\\\/\\\/www.facebook.com\\\/Vetorino\\\/\",\"https:\\\/\\\/www.instagram.com\\\/vetorino_off\\\/\",\"https:\\\/\\\/www.linkedin.com\\\/company\\\/vtorino\\\/\"]}]}<\/script>\n<meta property=\"product:brand\" content=\"Greenvet\" \/>\n<meta property=\"product:price:amount\" content=\"50.71\" \/>\n<meta property=\"product:price:currency\" content=\"EUR\" \/>\n<meta property=\"og:availability\" content=\"out of stock\" \/>\n<meta property=\"product:availability\" content=\"out of stock\" \/>\n<meta property=\"product:retailer_item_id\" content=\"A-8098501\" \/>\n<meta property=\"product:condition\" content=\"new\" \/>\n<!-- \/ Yoast SEO plugin. -->","yoast_head_json":{"title":"Shampooing Dermocare chevaux Greenvet - V\u00e9torino","description":"Le shampooing DERMOCARE est con\u00e7u pour les chevaux poss\u00e9dant des\u00a0probl\u00e8mes dermatologiques, en cas de\u00a0prurit, ou\u00a0d\u2019allergies.  Il peut \u00eatre utilis\u00e9 en entretien r\u00e9gulier chez les chevaux \u00e0 peau sensible, en appliquant sur le pelage, la crini\u00e8re et les sabots.  0% sulfates, 0% parfum, 0% paraben, 0% colorant","robots":{"index":"noindex","follow":"nofollow"},"og_locale":"fr_FR","og_type":"article","og_title":"Shampooing Dermocare chevaux Greenvet - V\u00e9torino","og_description":"Le shampooing DERMOCARE est con\u00e7u pour les chevaux poss\u00e9dant des\u00a0probl\u00e8mes dermatologiques, en cas de\u00a0prurit, ou\u00a0d\u2019allergies.  Il peut \u00eatre utilis\u00e9 en entretien r\u00e9gulier chez les chevaux \u00e0 peau sensible, en appliquant sur le pelage, la crini\u00e8re et les sabots.  0% sulfates, 0% parfum, 0% paraben, 0% colorant","og_url":"https:\/\/www.vetorino.com\/veterinaire\/prunelli-di-fiumorbo-20243\/boutique\/product\/shampooing-dermocare-chevaux\/","og_site_name":"V\u00e9torino","article_publisher":"https:\/\/www.facebook.com\/Vetorino\/","article_modified_time":"2026-02-25T15:09:46+00:00","og_image":[{"width":800,"height":600,"url":"https:\/\/www.vetorino.com\/boutique\/wp-content\/uploads\/2022\/11\/GREEN-8098501.jpg","type":"image\/jpeg"}],"twitter_card":"summary_large_image","twitter_misc":{"Prix":"50,71&euro;","Disponibilit\u00e9":"Rupture de stock"},"schema":{"@context":"https:\/\/schema.org","@graph":[{"@type":"WebPage","@id":"https:\/\/www.vetorino.com\/boutique\/product\/shampooing-dermocare-chevaux\/","url":"https:\/\/www.vetorino.com\/boutique\/product\/shampooing-dermocare-chevaux\/","name":"Shampooing Dermocare chevaux Greenvet - V\u00e9torino","isPartOf":{"@id":"https:\/\/www.vetorino.com\/boutique\/#website"},"primaryImageOfPage":{"@id":"https:\/\/www.vetorino.com\/boutique\/product\/shampooing-dermocare-chevaux\/#primaryimage"},"image":{"@id":"https:\/\/www.vetorino.com\/boutique\/product\/shampooing-dermocare-chevaux\/#primaryimage"},"thumbnailUrl":"https:\/\/www.vetorino.com\/boutique\/wp-content\/uploads\/2022\/11\/GREEN-8098501.jpg","datePublished":"2022-11-17T19:32:37+00:00","dateModified":"2026-02-25T15:09:46+00:00","description":"Le shampooing DERMOCARE est con\u00e7u pour les chevaux poss\u00e9dant des\u00a0probl\u00e8mes dermatologiques, en cas de\u00a0prurit, ou\u00a0d\u2019allergies. Il peut \u00eatre utilis\u00e9 en entretien r\u00e9gulier chez les chevaux \u00e0 peau sensible, en appliquant sur le pelage, la crini\u00e8re et les sabots. 0% sulfates, 0% parfum, 0% paraben, 0% colorant","breadcrumb":{"@id":"https:\/\/www.vetorino.com\/boutique\/product\/shampooing-dermocare-chevaux\/#breadcrumb"},"inLanguage":"fr-FR","potentialAction":[{"@type":"ReadAction","target":["https:\/\/www.vetorino.com\/boutique\/product\/shampooing-dermocare-chevaux\/"]}]},{"@type":"ImageObject","inLanguage":"fr-FR","@id":"https:\/\/www.vetorino.com\/boutique\/product\/shampooing-dermocare-chevaux\/#primaryimage","url":"https:\/\/www.vetorino.com\/boutique\/wp-content\/uploads\/2022\/11\/GREEN-8098501.jpg","contentUrl":"https:\/\/www.vetorino.com\/boutique\/wp-content\/uploads\/2022\/11\/GREEN-8098501.jpg","width":800,"height":600},{"@type":"BreadcrumbList","@id":"https:\/\/www.vetorino.com\/boutique\/product\/shampooing-dermocare-chevaux\/#breadcrumb","itemListElement":[{"@type":"ListItem","position":1,"name":"Accueil","item":"https:\/\/www.vetorino.com\/boutique\/"},{"@type":"ListItem","position":2,"name":"Produits","item":"https:\/\/www.vetorino.com\/boutique\/"},{"@type":"ListItem","position":3,"name":"Shampooing Dermocare chevaux"}]},{"@type":"WebSite","@id":"https:\/\/www.vetorino.com\/boutique\/#website","url":"https:\/\/www.vetorino.com\/boutique\/","name":"V\u00e9torino","description":"","publisher":{"@id":"https:\/\/www.vetorino.com\/boutique\/#organization"},"potentialAction":[{"@type":"SearchAction","target":{"@type":"EntryPoint","urlTemplate":"https:\/\/www.vetorino.com\/boutique\/?s={search_term_string}"},"query-input":{"@type":"PropertyValueSpecification","valueRequired":true,"valueName":"search_term_string"}}],"inLanguage":"fr-FR"},{"@type":"Organization","@id":"https:\/\/www.vetorino.com\/boutique\/#organization","name":"V\u00e9torino","url":"https:\/\/www.vetorino.com\/boutique\/","logo":{"@type":"ImageObject","inLanguage":"fr-FR","@id":"https:\/\/www.vetorino.com\/boutique\/#\/schema\/logo\/image\/","url":"https:\/\/www.vetorino.com\/boutique\/wp-content\/uploads\/2024\/10\/logo.jpg","contentUrl":"https:\/\/www.vetorino.com\/boutique\/wp-content\/uploads\/2024\/10\/logo.jpg","width":1200,"height":610,"caption":"V\u00e9torino"},"image":{"@id":"https:\/\/www.vetorino.com\/boutique\/#\/schema\/logo\/image\/"},"sameAs":["https:\/\/www.facebook.com\/Vetorino\/","https:\/\/www.instagram.com\/vetorino_off\/","https:\/\/www.linkedin.com\/company\/vtorino\/"]}]},"product_brand":"Greenvet","product_price_amount":"50.71","product_price_currency":"EUR","og_availability":"out of stock","product_availability":"out of stock","product_retailer_item_id":"A-8098501","product_condition":"new"},"_links":{"self":[{"href":"https:\/\/www.vetorino.com\/veterinaire\/prunelli-di-fiumorbo-20243\/boutique\/wp-json\/wp\/v2\/product\/507649","targetHints":{"allow":["GET"]}}],"collection":[{"href":"https:\/\/www.vetorino.com\/veterinaire\/prunelli-di-fiumorbo-20243\/boutique\/wp-json\/wp\/v2\/product"}],"about":[{"href":"https:\/\/www.vetorino.com\/veterinaire\/prunelli-di-fiumorbo-20243\/boutique\/wp-json\/wp\/v2\/types\/product"}],"wp:featuredmedia":[{"embeddable":true,"href":"https:\/\/www.vetorino.com\/veterinaire\/prunelli-di-fiumorbo-20243\/boutique\/wp-json\/wp\/v2\/media\/874729"}],"wp:attachment":[{"href":"https:\/\/www.vetorino.com\/veterinaire\/prunelli-di-fiumorbo-20243\/boutique\/wp-json\/wp\/v2\/media?parent=507649"}],"wp:term":[{"taxonomy":"product_cat","embeddable":true,"href":"https:\/\/www.vetorino.com\/veterinaire\/prunelli-di-fiumorbo-20243\/boutique\/wp-json\/wp\/v2\/product_cat?post=507649"},{"taxonomy":"product_tag","embeddable":true,"href":"https:\/\/www.vetorino.com\/veterinaire\/prunelli-di-fiumorbo-20243\/boutique\/wp-json\/wp\/v2\/product_tag?post=507649"}],"curies":[{"name":"wp","href":"https:\/\/api.w.org\/{rel}","templated":true}]}}