{"id":507974,"date":"2022-11-17T20:44:46","date_gmt":"2022-11-17T19:44:46","guid":{"rendered":"https:\/\/www.vetorino.com\/boutique\/product\/algicroc-pate-orale-2\/"},"modified":"2026-01-21T16:06:42","modified_gmt":"2026-01-21T15:06:42","slug":"algicroc-pate-orale-2","status":"publish","type":"product","link":"https:\/\/www.vetorino.com\/veterinaire\/prunelli-di-fiumorbo-20243\/boutique\/product\/algicroc-pate-orale-2\/","title":{"rendered":"Algicroc"},"content":{"rendered":"<div id=\"product-description\" class=\"block md-bottom product-description-block \">\n<div class=\"block-content\">\n<div class=\"product-description typo\">\n<p><strong>Aliment compl\u00e9mentaire qui a pour objectif d&#8217;am\u00e9liorer le confort des animaux lors de phases douloureuses chroniques ou aigu\u00ebs. <\/strong><\/p>\n<p>En compl\u00e9ment des AINS, il <strong>limite les effets d\u00e9l\u00e9t\u00e8res sur le foie, les reins et le tube digestif.<\/strong><\/p>\n<ul>\n<li>Convient pour l&#8217;inconfort musculaire des chats, chiens et NAC<\/li>\n<li>Id\u00e9al pour soulager l&#8217;inconfort articulaire<\/li>\n<\/ul>\n<\/div>\n<\/div>\n<\/div>\n<div class=\"block md-bottom product-features-block \"><strong>Mode d&#8217;emploi ;\u00a0<\/strong><\/div>\n<div><\/div>\n<div><strong>P\u00e2te 100ml :<\/strong> \u00c0 donner pendant 6 \u00e0 20 jours. \u00c0 renouveler si n\u00e9cessaire.<br \/>\n1 \u00e0 4 pressions\/jour en fonction du poids de l\u2019animal<\/div>\n<div><\/div>\n<div>\n<p><strong>Seringues<\/strong> : \u00c0 donner pendant 6 \u00e0 20 jours &#8211; \u00c0 renouveler si n\u00e9cessaire<\/p>\n<p>&#8211; De 1 kg \u00e0 6 kg &#8211; 0,5 ml\/ jour<br \/>\n&#8211; De 7 kg \u00e0 10 kg &#8211; 1 ml \/ jour<br \/>\n&#8211; De 11 kg \u00e0 13 kg &#8211; 1,5 ml \/ jour<br \/>\n&#8211; De 14 kg \u00e0 18 kg &#8211; 2 ml \/ jour<br \/>\n&#8211; De 19 kg \u00e0 29 kg &#8211; 4 ml \/ jour<\/p>\n<p>Phase aigu\u00eb :<br \/>\nIl est possible de doubler la dose, Dans ce cas donner la dose en 2 fois (matin et soir)<\/p>\n<\/div>\n<div><\/div>\n<div><strong>Demander conseil \u00e0 votre v\u00e9t\u00e9rinaire avant utilisation.<\/strong><\/div>\n","protected":false},"excerpt":{"rendered":"<div id=\"product-description\" class=\"block md-bottom product-description-block \">\n<div class=\"block-content\">\n<div class=\"product-description typo\">\n<p><strong>Aliment compl\u00e9mentaire qui a pour objectif d&#8217;am\u00e9liorer le confort des animaux lors de phases douloureuses chroniques ou aigu\u00ebs. <\/strong><\/p>\n<p>En compl\u00e9ment des AINS, il <strong>limite les effets d\u00e9l\u00e9t\u00e8res sur le foie, les reins et le tube digestif.<\/strong><\/p>\n<ul>\n<li>Convient pour l&#8217;inconfort musculaire des chats, chiens et NAC<\/li>\n<li>Id\u00e9al pour soulager l&#8217;inconfort articulaire<\/li>\n<\/ul>\n<\/div>\n<\/div>\n<\/div>\n<div class=\"block md-bottom product-features-block \"><\/div>\n","protected":false},"featured_media":1666453,"template":"","meta":[],"product_cat":[12674,2730,2738,2697,2698,15841,2727,2746,12568,15842,12632,12633],"product_tag":[],"class_list":{"0":"post-507974","1":"product","2":"type-product","3":"status-publish","4":"has-post-thumbnail","6":"product_cat-alimentation-medicalisee-pour-oiseau","7":"product_cat-aliments-complementaires-pour-chat","8":"product_cat-aliments-complementaires-pour-chien","9":"product_cat-chat","10":"product_cat-chien","11":"product_cat-lapins","12":"product_cat-nac","13":"product_cat-oiseau","14":"product_cat-produit-veterinaire-du-chien","15":"product_cat-rongeurs","16":"product_cat-soutien-articulaire-du-chat","17":"product_cat-soutien-articulaire-du-chien","18":"pa_marque-labbea","20":"first","21":"instock","22":"taxable","23":"shipping-taxable","24":"purchasable","25":"product-type-variable"},"yoast_head":"<!-- This site is optimized with the Yoast SEO plugin v27.3 - https:\/\/yoast.com\/product\/yoast-seo-wordpress\/ -->\n<title>Algicroc Labbea - V\u00e9torino<\/title>\n<meta name=\"description\" content=\"Aliment compl\u00e9mentaire qui a pour objectif d&#039;am\u00e9liorer le confort des animaux lors de phases douloureuses chroniques ou aigu\u00ebs.   En compl\u00e9ment des AINS, il limite les effets d\u00e9l\u00e9t\u00e8res sur le foie, les reins et le tube digestif.   Convient pour l&#039;inconfort musculaire des chats, chiens et NAC  Id\u00e9al pour soulager l&#039;inconfort articulaire\" \/>\n<meta name=\"robots\" content=\"noindex, nofollow\" \/>\n<meta property=\"og:locale\" content=\"fr_FR\" \/>\n<meta property=\"og:type\" content=\"article\" \/>\n<meta property=\"og:title\" content=\"Algicroc Labbea - V\u00e9torino\" \/>\n<meta property=\"og:description\" content=\"Aliment compl\u00e9mentaire qui a pour objectif d&#039;am\u00e9liorer le confort des animaux lors de phases douloureuses chroniques ou aigu\u00ebs.   En compl\u00e9ment des AINS, il limite les effets d\u00e9l\u00e9t\u00e8res sur le foie, les reins et le tube digestif.   Convient pour l&#039;inconfort musculaire des chats, chiens et NAC  Id\u00e9al pour soulager l&#039;inconfort articulaire\" \/>\n<meta property=\"og:url\" content=\"https:\/\/www.vetorino.com\/veterinaire\/prunelli-di-fiumorbo-20243\/boutique\/product\/algicroc-pate-orale-2\/\" \/>\n<meta property=\"og:site_name\" content=\"V\u00e9torino\" \/>\n<meta property=\"article:publisher\" content=\"https:\/\/www.facebook.com\/Vetorino\/\" \/>\n<meta property=\"article:modified_time\" content=\"2026-01-21T15:06:42+00:00\" \/>\n<meta property=\"og:image\" content=\"https:\/\/www.vetorino.com\/boutique\/wp-content\/uploads\/2022\/11\/algicroc.png\" \/>\n\t<meta property=\"og:image:width\" content=\"799\" \/>\n\t<meta property=\"og:image:height\" content=\"805\" \/>\n\t<meta property=\"og:image:type\" content=\"image\/png\" \/>\n<meta name=\"twitter:card\" content=\"summary_large_image\" \/>\n<meta name=\"twitter:label1\" content=\"Disponibilit\u00e9\" \/>\n\t<meta name=\"twitter:data1\" content=\"En stock\" \/>\n<script type=\"application\/ld+json\" class=\"yoast-schema-graph\">{\"@context\":\"https:\\\/\\\/schema.org\",\"@graph\":[{\"@type\":\"WebPage\",\"@id\":\"https:\\\/\\\/www.vetorino.com\\\/boutique\\\/product\\\/algicroc-pate-orale-2\\\/\",\"url\":\"https:\\\/\\\/www.vetorino.com\\\/boutique\\\/product\\\/algicroc-pate-orale-2\\\/\",\"name\":\"Algicroc Labbea - V\u00e9torino\",\"isPartOf\":{\"@id\":\"https:\\\/\\\/www.vetorino.com\\\/boutique\\\/#website\"},\"primaryImageOfPage\":{\"@id\":\"https:\\\/\\\/www.vetorino.com\\\/boutique\\\/product\\\/algicroc-pate-orale-2\\\/#primaryimage\"},\"image\":{\"@id\":\"https:\\\/\\\/www.vetorino.com\\\/boutique\\\/product\\\/algicroc-pate-orale-2\\\/#primaryimage\"},\"thumbnailUrl\":\"https:\\\/\\\/www.vetorino.com\\\/boutique\\\/wp-content\\\/uploads\\\/2022\\\/11\\\/algicroc.png\",\"datePublished\":\"2022-11-17T19:44:46+00:00\",\"dateModified\":\"2026-01-21T15:06:42+00:00\",\"description\":\"Aliment compl\u00e9mentaire qui a pour objectif d'am\u00e9liorer le confort des animaux lors de phases douloureuses chroniques ou aigu\u00ebs. En compl\u00e9ment des AINS, il limite les effets d\u00e9l\u00e9t\u00e8res sur le foie, les reins et le tube digestif. Convient pour l'inconfort musculaire des chats, chiens et NAC Id\u00e9al pour soulager l'inconfort articulaire\",\"breadcrumb\":{\"@id\":\"https:\\\/\\\/www.vetorino.com\\\/boutique\\\/product\\\/algicroc-pate-orale-2\\\/#breadcrumb\"},\"inLanguage\":\"fr-FR\",\"potentialAction\":[{\"@type\":\"ReadAction\",\"target\":[\"https:\\\/\\\/www.vetorino.com\\\/boutique\\\/product\\\/algicroc-pate-orale-2\\\/\"]}]},{\"@type\":\"ImageObject\",\"inLanguage\":\"fr-FR\",\"@id\":\"https:\\\/\\\/www.vetorino.com\\\/boutique\\\/product\\\/algicroc-pate-orale-2\\\/#primaryimage\",\"url\":\"https:\\\/\\\/www.vetorino.com\\\/boutique\\\/wp-content\\\/uploads\\\/2022\\\/11\\\/algicroc.png\",\"contentUrl\":\"https:\\\/\\\/www.vetorino.com\\\/boutique\\\/wp-content\\\/uploads\\\/2022\\\/11\\\/algicroc.png\",\"width\":799,\"height\":805},{\"@type\":\"BreadcrumbList\",\"@id\":\"https:\\\/\\\/www.vetorino.com\\\/boutique\\\/product\\\/algicroc-pate-orale-2\\\/#breadcrumb\",\"itemListElement\":[{\"@type\":\"ListItem\",\"position\":1,\"name\":\"Accueil\",\"item\":\"https:\\\/\\\/www.vetorino.com\\\/boutique\\\/\"},{\"@type\":\"ListItem\",\"position\":2,\"name\":\"Produits\",\"item\":\"https:\\\/\\\/www.vetorino.com\\\/boutique\\\/\"},{\"@type\":\"ListItem\",\"position\":3,\"name\":\"Algicroc\"}]},{\"@type\":\"WebSite\",\"@id\":\"https:\\\/\\\/www.vetorino.com\\\/boutique\\\/#website\",\"url\":\"https:\\\/\\\/www.vetorino.com\\\/boutique\\\/\",\"name\":\"V\u00e9torino\",\"description\":\"\",\"publisher\":{\"@id\":\"https:\\\/\\\/www.vetorino.com\\\/boutique\\\/#organization\"},\"potentialAction\":[{\"@type\":\"SearchAction\",\"target\":{\"@type\":\"EntryPoint\",\"urlTemplate\":\"https:\\\/\\\/www.vetorino.com\\\/boutique\\\/?s={search_term_string}\"},\"query-input\":{\"@type\":\"PropertyValueSpecification\",\"valueRequired\":true,\"valueName\":\"search_term_string\"}}],\"inLanguage\":\"fr-FR\"},{\"@type\":\"Organization\",\"@id\":\"https:\\\/\\\/www.vetorino.com\\\/boutique\\\/#organization\",\"name\":\"V\u00e9torino\",\"url\":\"https:\\\/\\\/www.vetorino.com\\\/boutique\\\/\",\"logo\":{\"@type\":\"ImageObject\",\"inLanguage\":\"fr-FR\",\"@id\":\"https:\\\/\\\/www.vetorino.com\\\/boutique\\\/#\\\/schema\\\/logo\\\/image\\\/\",\"url\":\"https:\\\/\\\/www.vetorino.com\\\/boutique\\\/wp-content\\\/uploads\\\/2024\\\/10\\\/logo.jpg\",\"contentUrl\":\"https:\\\/\\\/www.vetorino.com\\\/boutique\\\/wp-content\\\/uploads\\\/2024\\\/10\\\/logo.jpg\",\"width\":1200,\"height\":610,\"caption\":\"V\u00e9torino\"},\"image\":{\"@id\":\"https:\\\/\\\/www.vetorino.com\\\/boutique\\\/#\\\/schema\\\/logo\\\/image\\\/\"},\"sameAs\":[\"https:\\\/\\\/www.facebook.com\\\/Vetorino\\\/\",\"https:\\\/\\\/www.instagram.com\\\/vetorino_off\\\/\",\"https:\\\/\\\/www.linkedin.com\\\/company\\\/vtorino\\\/\"]}]}<\/script>\n<meta property=\"product:brand\" content=\"Labbea\" \/>\n<meta property=\"og:availability\" content=\"instock\" \/>\n<meta property=\"product:availability\" content=\"instock\" \/>\n<meta property=\"product:condition\" content=\"new\" \/>\n<!-- \/ Yoast SEO plugin. -->","yoast_head_json":{"title":"Algicroc Labbea - V\u00e9torino","description":"Aliment compl\u00e9mentaire qui a pour objectif d'am\u00e9liorer le confort des animaux lors de phases douloureuses chroniques ou aigu\u00ebs.   En compl\u00e9ment des AINS, il limite les effets d\u00e9l\u00e9t\u00e8res sur le foie, les reins et le tube digestif.   Convient pour l'inconfort musculaire des chats, chiens et NAC  Id\u00e9al pour soulager l'inconfort articulaire","robots":{"index":"noindex","follow":"nofollow"},"og_locale":"fr_FR","og_type":"article","og_title":"Algicroc Labbea - V\u00e9torino","og_description":"Aliment compl\u00e9mentaire qui a pour objectif d'am\u00e9liorer le confort des animaux lors de phases douloureuses chroniques ou aigu\u00ebs.   En compl\u00e9ment des AINS, il limite les effets d\u00e9l\u00e9t\u00e8res sur le foie, les reins et le tube digestif.   Convient pour l'inconfort musculaire des chats, chiens et NAC  Id\u00e9al pour soulager l'inconfort articulaire","og_url":"https:\/\/www.vetorino.com\/veterinaire\/prunelli-di-fiumorbo-20243\/boutique\/product\/algicroc-pate-orale-2\/","og_site_name":"V\u00e9torino","article_publisher":"https:\/\/www.facebook.com\/Vetorino\/","article_modified_time":"2026-01-21T15:06:42+00:00","og_image":[{"width":799,"height":805,"url":"https:\/\/www.vetorino.com\/boutique\/wp-content\/uploads\/2022\/11\/algicroc.png","type":"image\/png"}],"twitter_card":"summary_large_image","twitter_misc":{"Disponibilit\u00e9":"En stock"},"schema":{"@context":"https:\/\/schema.org","@graph":[{"@type":"WebPage","@id":"https:\/\/www.vetorino.com\/boutique\/product\/algicroc-pate-orale-2\/","url":"https:\/\/www.vetorino.com\/boutique\/product\/algicroc-pate-orale-2\/","name":"Algicroc Labbea - V\u00e9torino","isPartOf":{"@id":"https:\/\/www.vetorino.com\/boutique\/#website"},"primaryImageOfPage":{"@id":"https:\/\/www.vetorino.com\/boutique\/product\/algicroc-pate-orale-2\/#primaryimage"},"image":{"@id":"https:\/\/www.vetorino.com\/boutique\/product\/algicroc-pate-orale-2\/#primaryimage"},"thumbnailUrl":"https:\/\/www.vetorino.com\/boutique\/wp-content\/uploads\/2022\/11\/algicroc.png","datePublished":"2022-11-17T19:44:46+00:00","dateModified":"2026-01-21T15:06:42+00:00","description":"Aliment compl\u00e9mentaire qui a pour objectif d'am\u00e9liorer le confort des animaux lors de phases douloureuses chroniques ou aigu\u00ebs. En compl\u00e9ment des AINS, il limite les effets d\u00e9l\u00e9t\u00e8res sur le foie, les reins et le tube digestif. Convient pour l'inconfort musculaire des chats, chiens et NAC Id\u00e9al pour soulager l'inconfort articulaire","breadcrumb":{"@id":"https:\/\/www.vetorino.com\/boutique\/product\/algicroc-pate-orale-2\/#breadcrumb"},"inLanguage":"fr-FR","potentialAction":[{"@type":"ReadAction","target":["https:\/\/www.vetorino.com\/boutique\/product\/algicroc-pate-orale-2\/"]}]},{"@type":"ImageObject","inLanguage":"fr-FR","@id":"https:\/\/www.vetorino.com\/boutique\/product\/algicroc-pate-orale-2\/#primaryimage","url":"https:\/\/www.vetorino.com\/boutique\/wp-content\/uploads\/2022\/11\/algicroc.png","contentUrl":"https:\/\/www.vetorino.com\/boutique\/wp-content\/uploads\/2022\/11\/algicroc.png","width":799,"height":805},{"@type":"BreadcrumbList","@id":"https:\/\/www.vetorino.com\/boutique\/product\/algicroc-pate-orale-2\/#breadcrumb","itemListElement":[{"@type":"ListItem","position":1,"name":"Accueil","item":"https:\/\/www.vetorino.com\/boutique\/"},{"@type":"ListItem","position":2,"name":"Produits","item":"https:\/\/www.vetorino.com\/boutique\/"},{"@type":"ListItem","position":3,"name":"Algicroc"}]},{"@type":"WebSite","@id":"https:\/\/www.vetorino.com\/boutique\/#website","url":"https:\/\/www.vetorino.com\/boutique\/","name":"V\u00e9torino","description":"","publisher":{"@id":"https:\/\/www.vetorino.com\/boutique\/#organization"},"potentialAction":[{"@type":"SearchAction","target":{"@type":"EntryPoint","urlTemplate":"https:\/\/www.vetorino.com\/boutique\/?s={search_term_string}"},"query-input":{"@type":"PropertyValueSpecification","valueRequired":true,"valueName":"search_term_string"}}],"inLanguage":"fr-FR"},{"@type":"Organization","@id":"https:\/\/www.vetorino.com\/boutique\/#organization","name":"V\u00e9torino","url":"https:\/\/www.vetorino.com\/boutique\/","logo":{"@type":"ImageObject","inLanguage":"fr-FR","@id":"https:\/\/www.vetorino.com\/boutique\/#\/schema\/logo\/image\/","url":"https:\/\/www.vetorino.com\/boutique\/wp-content\/uploads\/2024\/10\/logo.jpg","contentUrl":"https:\/\/www.vetorino.com\/boutique\/wp-content\/uploads\/2024\/10\/logo.jpg","width":1200,"height":610,"caption":"V\u00e9torino"},"image":{"@id":"https:\/\/www.vetorino.com\/boutique\/#\/schema\/logo\/image\/"},"sameAs":["https:\/\/www.facebook.com\/Vetorino\/","https:\/\/www.instagram.com\/vetorino_off\/","https:\/\/www.linkedin.com\/company\/vtorino\/"]}]},"product_brand":"Labbea","og_availability":"instock","product_availability":"instock","product_condition":"new"},"_links":{"self":[{"href":"https:\/\/www.vetorino.com\/veterinaire\/prunelli-di-fiumorbo-20243\/boutique\/wp-json\/wp\/v2\/product\/507974","targetHints":{"allow":["GET"]}}],"collection":[{"href":"https:\/\/www.vetorino.com\/veterinaire\/prunelli-di-fiumorbo-20243\/boutique\/wp-json\/wp\/v2\/product"}],"about":[{"href":"https:\/\/www.vetorino.com\/veterinaire\/prunelli-di-fiumorbo-20243\/boutique\/wp-json\/wp\/v2\/types\/product"}],"wp:featuredmedia":[{"embeddable":true,"href":"https:\/\/www.vetorino.com\/veterinaire\/prunelli-di-fiumorbo-20243\/boutique\/wp-json\/wp\/v2\/media\/1666453"}],"wp:attachment":[{"href":"https:\/\/www.vetorino.com\/veterinaire\/prunelli-di-fiumorbo-20243\/boutique\/wp-json\/wp\/v2\/media?parent=507974"}],"wp:term":[{"taxonomy":"product_cat","embeddable":true,"href":"https:\/\/www.vetorino.com\/veterinaire\/prunelli-di-fiumorbo-20243\/boutique\/wp-json\/wp\/v2\/product_cat?post=507974"},{"taxonomy":"product_tag","embeddable":true,"href":"https:\/\/www.vetorino.com\/veterinaire\/prunelli-di-fiumorbo-20243\/boutique\/wp-json\/wp\/v2\/product_tag?post=507974"}],"curies":[{"name":"wp","href":"https:\/\/api.w.org\/{rel}","templated":true}]}}