{"id":508237,"date":"2022-11-17T20:54:58","date_gmt":"2022-11-17T19:54:58","guid":{"rendered":"https:\/\/www.vetorino.com\/boutique\/product\/specific-in-l-intensive-support-liquide\/"},"modified":"2025-09-02T14:18:17","modified_gmt":"2025-09-02T12:18:17","slug":"specific-in-l-intensive-support-liquide","status":"publish","type":"product","link":"https:\/\/www.vetorino.com\/veterinaire\/prunelli-di-fiumorbo-20243\/boutique\/product\/specific-in-l-intensive-support-liquide\/","title":{"rendered":"F\/C In-L Intensive Support &#8211; chien, chat"},"content":{"rendered":"<p><b>Aliment liquide riche en \u00e9nergie et facile \u00e0 dig\u00e9rer pour les chiens et les chats en convalescence.<\/b><\/p>\n<p><strong>Utilisation :<\/strong><\/p>\n<ul>\n<li>Hospitalisation<\/li>\n<li>Convalescence post-chirurgicale<\/li>\n<li>Lipidose h\u00e9patique f\u00e9line<\/li>\n<li>Traumatisme<\/li>\n<li>Anorexie<\/li>\n<li>Cachexie<\/li>\n<li>Malnutrition<\/li>\n<li>Cancer<\/li>\n<li>Br\u00fblures<\/li>\n<li>Sepsis<\/li>\n<li>Alimentation par sonde<\/li>\n<\/ul>\n<p><strong>Contre indications :<\/strong><\/p>\n<ul>\n<li>Enc\u00e9phalopathie h\u00e9patique<\/li>\n<li>Pancr\u00e9atite<\/li>\n<li>Hyperlipid\u00e9mie<\/li>\n<\/ul>\n<p><strong>Bienfaits essentiels :<\/strong><\/p>\n<ul>\n<li>Les ingr\u00e9dients hautement digestibles\u00a0<strong>assurent l\u2019absorption optimale des nutriments et compensent la digestion qui peut \u00eatre diminu\u00e9e pendant les p\u00e9riodes de r\u00e9cup\u00e9ration nutritionnelle et de convalescence<\/strong><\/li>\n<li>Les teneurs \u00e9lev\u00e9es en \u00e9nergie, mati\u00e8res grasses, prot\u00e9ines et autres nutriments essentiels\u00a0<strong>favorisent la r\u00e9cup\u00e9ration et compensent la faible prise alimentaire<\/strong>, ce qui est primordial chez les chiens et les chats dont les besoins sont accrus et\/ou dont l\u2019app\u00e9tit est diminu\u00e9.<\/li>\n<li>Contient des \u00df-1,3\/1,6-glucanes et des teneurs accrues en acides gras Om\u00e9ga-3 (EPA et DHA issus d\u2019huile de poisson), zinc, s\u00e9l\u00e9nium et arginine pour stimuler le syst\u00e8me immunitaire. Les \u00df-1,3\/1,6-glucanes peuvent se lier aux macrophages, ce qui\u00a0<strong>favorise la r\u00e9ponse immunitaire et module la production de cytokines<\/strong>.<\/li>\n<li>La densit\u00e9 \u00e9nerg\u00e9tique \u00e9lev\u00e9e, la teneur \u00e9lev\u00e9e en nutriments essentiels, la haute digestibilit\u00e9 et l\u2019app\u00e9tence optimis\u00e9e de cet aliment<strong>\u00a0favorisent la convalescence apr\u00e8s une maladie, une op\u00e9ration, une blessure ou une p\u00e9riode de faiblesse<\/strong>.<\/li>\n<li>La texture tr\u00e8s fine se liqu\u00e9fie apr\u00e8s m\u00e9lange et\u00a0<strong>convient \u00e9galement pour l\u2019alimentation assist\u00e9e \u00e0 la seringue ou \u00e0 la sonde<\/strong>. Avant d\u2019utiliser l\u2019aliment dans des sondes de petit diam\u00e8tre, il est conseill\u00e9 d\u2019y ajouter 1 ou 2 volumes d\u2019eau et de bien m\u00e9langer.<\/li>\n<\/ul>\n<p><strong>Cet aliment est destin\u00e9 \u00e0 la prise en charge nutritionnelle d\u2019une maladie. Pour la sant\u00e9 de votre chat, il est recommand\u00e9 de consulter votre v\u00e9t\u00e9rinaire et de respecter scrupuleusement ses recommandations nutritionnelles.<\/strong><\/p>\n","protected":false},"excerpt":{"rendered":"<p><b>Aliment liquide riche en \u00e9nergie et facile \u00e0 dig\u00e9rer pour les chiens et les chats en convalescence.<\/b><\/p>\n<p><strong>Utilisation :<\/strong><\/p>\n<ul>\n<li>Convalescence post-chirurgicale<\/li>\n<li>Hospitalisation<\/li>\n<li>R\u00e9cup\u00e9ration nutritionnelle et convalescence du chien et du chat de tout \u00e2ge<\/li>\n<\/ul>\n<p><strong>Cet aliment est destin\u00e9 \u00e0 la prise en charge nutritionnelle d\u2019une maladie. Il est recommand\u00e9 de consulter votre v\u00e9t\u00e9rinaire.<\/strong><\/p>\n","protected":false},"featured_media":1458246,"template":"","meta":[],"product_cat":[12551,12552,12581,12582,2697,2698,15481,15482],"product_tag":[],"class_list":{"0":"post-508237","1":"product","2":"type-product","3":"status-publish","4":"has-post-thumbnail","6":"product_cat-alimentation-du-chat","7":"product_cat-alimentation-du-chien","8":"product_cat-alimentation-medicalisee-pour-chat","9":"product_cat-alimentation-medicalisee-pour-chien","10":"product_cat-chat","11":"product_cat-chien","12":"product_cat-convalescence-du-chat","13":"product_cat-convalescence-du-chien","14":"pa_marque-specific","16":"first","17":"instock","18":"taxable","19":"shipping-taxable","20":"purchasable","21":"product-type-simple"},"yoast_head":"<!-- This site is optimized with the Yoast SEO plugin v27.3 - https:\/\/yoast.com\/product\/yoast-seo-wordpress\/ -->\n<title>F\/C In-L Intensive Support - chien, chat Specific - V\u00e9torino<\/title>\n<meta name=\"description\" content=\"Aliment liquide riche en \u00e9nergie et facile \u00e0 dig\u00e9rer pour les chiens et les chats en convalescence.  Utilisation :   Convalescence post-chirurgicale  Hospitalisation  R\u00e9cup\u00e9ration nutritionnelle et convalescence du chien et du chat de tout \u00e2ge  Cet aliment est destin\u00e9 \u00e0 la prise en charge nutritionnelle d\u2019une maladie. Il est recommand\u00e9 de consulter votre v\u00e9t\u00e9rinaire.\" \/>\n<meta name=\"robots\" content=\"noindex, nofollow\" \/>\n<meta property=\"og:locale\" content=\"fr_FR\" \/>\n<meta property=\"og:type\" content=\"article\" \/>\n<meta property=\"og:title\" content=\"F\/C In-L Intensive Support - chien, chat Specific - V\u00e9torino\" \/>\n<meta property=\"og:description\" content=\"Aliment liquide riche en \u00e9nergie et facile \u00e0 dig\u00e9rer pour les chiens et les chats en convalescence.  Utilisation :   Convalescence post-chirurgicale  Hospitalisation  R\u00e9cup\u00e9ration nutritionnelle et convalescence du chien et du chat de tout \u00e2ge  Cet aliment est destin\u00e9 \u00e0 la prise en charge nutritionnelle d\u2019une maladie. Il est recommand\u00e9 de consulter votre v\u00e9t\u00e9rinaire.\" \/>\n<meta property=\"og:url\" content=\"https:\/\/www.vetorino.com\/veterinaire\/prunelli-di-fiumorbo-20243\/boutique\/product\/specific-in-l-intensive-support-liquide\/\" \/>\n<meta property=\"og:site_name\" content=\"V\u00e9torino\" \/>\n<meta property=\"article:publisher\" content=\"https:\/\/www.facebook.com\/Vetorino\/\" \/>\n<meta property=\"article:modified_time\" content=\"2025-09-02T12:18:17+00:00\" \/>\n<meta property=\"og:image\" content=\"https:\/\/www.vetorino.com\/boutique\/wp-content\/uploads\/2022\/11\/chien-chat-fc-in-l-intensive-support.webp\" \/>\n\t<meta property=\"og:image:width\" content=\"800\" \/>\n\t<meta property=\"og:image:height\" content=\"800\" \/>\n\t<meta property=\"og:image:type\" content=\"image\/webp\" \/>\n<meta name=\"twitter:card\" content=\"summary_large_image\" \/>\n<meta name=\"twitter:label1\" content=\"Prix\" \/>\n\t<meta name=\"twitter:data1\" content=\"29,77&euro;\" \/>\n\t<meta name=\"twitter:label2\" content=\"Disponibilit\u00e9\" \/>\n\t<meta name=\"twitter:data2\" content=\"En stock\" \/>\n<script type=\"application\/ld+json\" class=\"yoast-schema-graph\">{\"@context\":\"https:\\\/\\\/schema.org\",\"@graph\":[{\"@type\":\"WebPage\",\"@id\":\"https:\\\/\\\/www.vetorino.com\\\/boutique\\\/product\\\/specific-in-l-intensive-support-liquide\\\/\",\"url\":\"https:\\\/\\\/www.vetorino.com\\\/boutique\\\/product\\\/specific-in-l-intensive-support-liquide\\\/\",\"name\":\"F\\\/C In-L Intensive Support - chien, chat Specific - V\u00e9torino\",\"isPartOf\":{\"@id\":\"https:\\\/\\\/www.vetorino.com\\\/boutique\\\/#website\"},\"primaryImageOfPage\":{\"@id\":\"https:\\\/\\\/www.vetorino.com\\\/boutique\\\/product\\\/specific-in-l-intensive-support-liquide\\\/#primaryimage\"},\"image\":{\"@id\":\"https:\\\/\\\/www.vetorino.com\\\/boutique\\\/product\\\/specific-in-l-intensive-support-liquide\\\/#primaryimage\"},\"thumbnailUrl\":\"https:\\\/\\\/www.vetorino.com\\\/boutique\\\/wp-content\\\/uploads\\\/2022\\\/11\\\/chien-chat-fc-in-l-intensive-support.webp\",\"datePublished\":\"2022-11-17T19:54:58+00:00\",\"dateModified\":\"2025-09-02T12:18:17+00:00\",\"description\":\"Aliment liquide riche en \u00e9nergie et facile \u00e0 dig\u00e9rer pour les chiens et les chats en convalescence. Utilisation : Convalescence post-chirurgicale Hospitalisation R\u00e9cup\u00e9ration nutritionnelle et convalescence du chien et du chat de tout \u00e2ge Cet aliment est destin\u00e9 \u00e0 la prise en charge nutritionnelle d\u2019une maladie. Il est recommand\u00e9 de consulter votre v\u00e9t\u00e9rinaire.\",\"breadcrumb\":{\"@id\":\"https:\\\/\\\/www.vetorino.com\\\/boutique\\\/product\\\/specific-in-l-intensive-support-liquide\\\/#breadcrumb\"},\"inLanguage\":\"fr-FR\",\"potentialAction\":[{\"@type\":\"ReadAction\",\"target\":[\"https:\\\/\\\/www.vetorino.com\\\/boutique\\\/product\\\/specific-in-l-intensive-support-liquide\\\/\"]}]},{\"@type\":\"ImageObject\",\"inLanguage\":\"fr-FR\",\"@id\":\"https:\\\/\\\/www.vetorino.com\\\/boutique\\\/product\\\/specific-in-l-intensive-support-liquide\\\/#primaryimage\",\"url\":\"https:\\\/\\\/www.vetorino.com\\\/boutique\\\/wp-content\\\/uploads\\\/2022\\\/11\\\/chien-chat-fc-in-l-intensive-support.webp\",\"contentUrl\":\"https:\\\/\\\/www.vetorino.com\\\/boutique\\\/wp-content\\\/uploads\\\/2022\\\/11\\\/chien-chat-fc-in-l-intensive-support.webp\",\"width\":800,\"height\":800},{\"@type\":\"BreadcrumbList\",\"@id\":\"https:\\\/\\\/www.vetorino.com\\\/boutique\\\/product\\\/specific-in-l-intensive-support-liquide\\\/#breadcrumb\",\"itemListElement\":[{\"@type\":\"ListItem\",\"position\":1,\"name\":\"Accueil\",\"item\":\"https:\\\/\\\/www.vetorino.com\\\/boutique\\\/\"},{\"@type\":\"ListItem\",\"position\":2,\"name\":\"Produits\",\"item\":\"https:\\\/\\\/www.vetorino.com\\\/boutique\\\/\"},{\"@type\":\"ListItem\",\"position\":3,\"name\":\"F\\\/C In-L Intensive Support &#8211; chien, chat\"}]},{\"@type\":\"WebSite\",\"@id\":\"https:\\\/\\\/www.vetorino.com\\\/boutique\\\/#website\",\"url\":\"https:\\\/\\\/www.vetorino.com\\\/boutique\\\/\",\"name\":\"V\u00e9torino\",\"description\":\"\",\"publisher\":{\"@id\":\"https:\\\/\\\/www.vetorino.com\\\/boutique\\\/#organization\"},\"potentialAction\":[{\"@type\":\"SearchAction\",\"target\":{\"@type\":\"EntryPoint\",\"urlTemplate\":\"https:\\\/\\\/www.vetorino.com\\\/boutique\\\/?s={search_term_string}\"},\"query-input\":{\"@type\":\"PropertyValueSpecification\",\"valueRequired\":true,\"valueName\":\"search_term_string\"}}],\"inLanguage\":\"fr-FR\"},{\"@type\":\"Organization\",\"@id\":\"https:\\\/\\\/www.vetorino.com\\\/boutique\\\/#organization\",\"name\":\"V\u00e9torino\",\"url\":\"https:\\\/\\\/www.vetorino.com\\\/boutique\\\/\",\"logo\":{\"@type\":\"ImageObject\",\"inLanguage\":\"fr-FR\",\"@id\":\"https:\\\/\\\/www.vetorino.com\\\/boutique\\\/#\\\/schema\\\/logo\\\/image\\\/\",\"url\":\"https:\\\/\\\/www.vetorino.com\\\/boutique\\\/wp-content\\\/uploads\\\/2024\\\/10\\\/logo.jpg\",\"contentUrl\":\"https:\\\/\\\/www.vetorino.com\\\/boutique\\\/wp-content\\\/uploads\\\/2024\\\/10\\\/logo.jpg\",\"width\":1200,\"height\":610,\"caption\":\"V\u00e9torino\"},\"image\":{\"@id\":\"https:\\\/\\\/www.vetorino.com\\\/boutique\\\/#\\\/schema\\\/logo\\\/image\\\/\"},\"sameAs\":[\"https:\\\/\\\/www.facebook.com\\\/Vetorino\\\/\",\"https:\\\/\\\/www.instagram.com\\\/vetorino_off\\\/\",\"https:\\\/\\\/www.linkedin.com\\\/company\\\/vtorino\\\/\"]}]}<\/script>\n<meta property=\"product:brand\" content=\"Specific\" \/>\n<meta property=\"product:price:amount\" content=\"29.77\" \/>\n<meta property=\"product:price:currency\" content=\"EUR\" \/>\n<meta property=\"og:availability\" content=\"instock\" \/>\n<meta property=\"product:availability\" content=\"instock\" \/>\n<meta property=\"product:retailer_item_id\" content=\"A-1855080\" \/>\n<meta property=\"product:condition\" content=\"new\" \/>\n<!-- \/ Yoast SEO plugin. -->","yoast_head_json":{"title":"F\/C In-L Intensive Support - chien, chat Specific - V\u00e9torino","description":"Aliment liquide riche en \u00e9nergie et facile \u00e0 dig\u00e9rer pour les chiens et les chats en convalescence.  Utilisation :   Convalescence post-chirurgicale  Hospitalisation  R\u00e9cup\u00e9ration nutritionnelle et convalescence du chien et du chat de tout \u00e2ge  Cet aliment est destin\u00e9 \u00e0 la prise en charge nutritionnelle d\u2019une maladie. Il est recommand\u00e9 de consulter votre v\u00e9t\u00e9rinaire.","robots":{"index":"noindex","follow":"nofollow"},"og_locale":"fr_FR","og_type":"article","og_title":"F\/C In-L Intensive Support - chien, chat Specific - V\u00e9torino","og_description":"Aliment liquide riche en \u00e9nergie et facile \u00e0 dig\u00e9rer pour les chiens et les chats en convalescence.  Utilisation :   Convalescence post-chirurgicale  Hospitalisation  R\u00e9cup\u00e9ration nutritionnelle et convalescence du chien et du chat de tout \u00e2ge  Cet aliment est destin\u00e9 \u00e0 la prise en charge nutritionnelle d\u2019une maladie. Il est recommand\u00e9 de consulter votre v\u00e9t\u00e9rinaire.","og_url":"https:\/\/www.vetorino.com\/veterinaire\/prunelli-di-fiumorbo-20243\/boutique\/product\/specific-in-l-intensive-support-liquide\/","og_site_name":"V\u00e9torino","article_publisher":"https:\/\/www.facebook.com\/Vetorino\/","article_modified_time":"2025-09-02T12:18:17+00:00","og_image":[{"width":800,"height":800,"url":"https:\/\/www.vetorino.com\/boutique\/wp-content\/uploads\/2022\/11\/chien-chat-fc-in-l-intensive-support.webp","type":"image\/webp"}],"twitter_card":"summary_large_image","twitter_misc":{"Prix":"29,77&euro;","Disponibilit\u00e9":"En stock"},"schema":{"@context":"https:\/\/schema.org","@graph":[{"@type":"WebPage","@id":"https:\/\/www.vetorino.com\/boutique\/product\/specific-in-l-intensive-support-liquide\/","url":"https:\/\/www.vetorino.com\/boutique\/product\/specific-in-l-intensive-support-liquide\/","name":"F\/C In-L Intensive Support - chien, chat Specific - V\u00e9torino","isPartOf":{"@id":"https:\/\/www.vetorino.com\/boutique\/#website"},"primaryImageOfPage":{"@id":"https:\/\/www.vetorino.com\/boutique\/product\/specific-in-l-intensive-support-liquide\/#primaryimage"},"image":{"@id":"https:\/\/www.vetorino.com\/boutique\/product\/specific-in-l-intensive-support-liquide\/#primaryimage"},"thumbnailUrl":"https:\/\/www.vetorino.com\/boutique\/wp-content\/uploads\/2022\/11\/chien-chat-fc-in-l-intensive-support.webp","datePublished":"2022-11-17T19:54:58+00:00","dateModified":"2025-09-02T12:18:17+00:00","description":"Aliment liquide riche en \u00e9nergie et facile \u00e0 dig\u00e9rer pour les chiens et les chats en convalescence. Utilisation : Convalescence post-chirurgicale Hospitalisation R\u00e9cup\u00e9ration nutritionnelle et convalescence du chien et du chat de tout \u00e2ge Cet aliment est destin\u00e9 \u00e0 la prise en charge nutritionnelle d\u2019une maladie. Il est recommand\u00e9 de consulter votre v\u00e9t\u00e9rinaire.","breadcrumb":{"@id":"https:\/\/www.vetorino.com\/boutique\/product\/specific-in-l-intensive-support-liquide\/#breadcrumb"},"inLanguage":"fr-FR","potentialAction":[{"@type":"ReadAction","target":["https:\/\/www.vetorino.com\/boutique\/product\/specific-in-l-intensive-support-liquide\/"]}]},{"@type":"ImageObject","inLanguage":"fr-FR","@id":"https:\/\/www.vetorino.com\/boutique\/product\/specific-in-l-intensive-support-liquide\/#primaryimage","url":"https:\/\/www.vetorino.com\/boutique\/wp-content\/uploads\/2022\/11\/chien-chat-fc-in-l-intensive-support.webp","contentUrl":"https:\/\/www.vetorino.com\/boutique\/wp-content\/uploads\/2022\/11\/chien-chat-fc-in-l-intensive-support.webp","width":800,"height":800},{"@type":"BreadcrumbList","@id":"https:\/\/www.vetorino.com\/boutique\/product\/specific-in-l-intensive-support-liquide\/#breadcrumb","itemListElement":[{"@type":"ListItem","position":1,"name":"Accueil","item":"https:\/\/www.vetorino.com\/boutique\/"},{"@type":"ListItem","position":2,"name":"Produits","item":"https:\/\/www.vetorino.com\/boutique\/"},{"@type":"ListItem","position":3,"name":"F\/C In-L Intensive Support &#8211; chien, chat"}]},{"@type":"WebSite","@id":"https:\/\/www.vetorino.com\/boutique\/#website","url":"https:\/\/www.vetorino.com\/boutique\/","name":"V\u00e9torino","description":"","publisher":{"@id":"https:\/\/www.vetorino.com\/boutique\/#organization"},"potentialAction":[{"@type":"SearchAction","target":{"@type":"EntryPoint","urlTemplate":"https:\/\/www.vetorino.com\/boutique\/?s={search_term_string}"},"query-input":{"@type":"PropertyValueSpecification","valueRequired":true,"valueName":"search_term_string"}}],"inLanguage":"fr-FR"},{"@type":"Organization","@id":"https:\/\/www.vetorino.com\/boutique\/#organization","name":"V\u00e9torino","url":"https:\/\/www.vetorino.com\/boutique\/","logo":{"@type":"ImageObject","inLanguage":"fr-FR","@id":"https:\/\/www.vetorino.com\/boutique\/#\/schema\/logo\/image\/","url":"https:\/\/www.vetorino.com\/boutique\/wp-content\/uploads\/2024\/10\/logo.jpg","contentUrl":"https:\/\/www.vetorino.com\/boutique\/wp-content\/uploads\/2024\/10\/logo.jpg","width":1200,"height":610,"caption":"V\u00e9torino"},"image":{"@id":"https:\/\/www.vetorino.com\/boutique\/#\/schema\/logo\/image\/"},"sameAs":["https:\/\/www.facebook.com\/Vetorino\/","https:\/\/www.instagram.com\/vetorino_off\/","https:\/\/www.linkedin.com\/company\/vtorino\/"]}]},"product_brand":"Specific","product_price_amount":"29.77","product_price_currency":"EUR","og_availability":"instock","product_availability":"instock","product_retailer_item_id":"A-1855080","product_condition":"new"},"_links":{"self":[{"href":"https:\/\/www.vetorino.com\/veterinaire\/prunelli-di-fiumorbo-20243\/boutique\/wp-json\/wp\/v2\/product\/508237","targetHints":{"allow":["GET"]}}],"collection":[{"href":"https:\/\/www.vetorino.com\/veterinaire\/prunelli-di-fiumorbo-20243\/boutique\/wp-json\/wp\/v2\/product"}],"about":[{"href":"https:\/\/www.vetorino.com\/veterinaire\/prunelli-di-fiumorbo-20243\/boutique\/wp-json\/wp\/v2\/types\/product"}],"wp:featuredmedia":[{"embeddable":true,"href":"https:\/\/www.vetorino.com\/veterinaire\/prunelli-di-fiumorbo-20243\/boutique\/wp-json\/wp\/v2\/media\/1458246"}],"wp:attachment":[{"href":"https:\/\/www.vetorino.com\/veterinaire\/prunelli-di-fiumorbo-20243\/boutique\/wp-json\/wp\/v2\/media?parent=508237"}],"wp:term":[{"taxonomy":"product_cat","embeddable":true,"href":"https:\/\/www.vetorino.com\/veterinaire\/prunelli-di-fiumorbo-20243\/boutique\/wp-json\/wp\/v2\/product_cat?post=508237"},{"taxonomy":"product_tag","embeddable":true,"href":"https:\/\/www.vetorino.com\/veterinaire\/prunelli-di-fiumorbo-20243\/boutique\/wp-json\/wp\/v2\/product_tag?post=508237"}],"curies":[{"name":"wp","href":"https:\/\/api.w.org\/{rel}","templated":true}]}}