{"id":508802,"date":"2022-11-18T20:33:04","date_gmt":"2022-11-18T19:33:04","guid":{"rendered":"https:\/\/www.vetorino.com\/boutique\/product\/specific-chien-cth-healthy-treats-2\/"},"modified":"2025-11-12T15:32:45","modified_gmt":"2025-11-12T14:32:45","slug":"specific-chien-cth-healthy-treats-2","status":"publish","type":"product","link":"https:\/\/www.vetorino.com\/veterinaire\/prunelli-di-fiumorbo-20243\/boutique\/product\/specific-chien-cth-healthy-treats-2\/","title":{"rendered":"CT-H Healthy Treats \u2013 friandises chien"},"content":{"rendered":"<p><strong>Friandises savoureuses, pauvres en graisses et riches en fibres. Elles sont destin\u00e9es aux chiens en bonne sant\u00e9, de toutes races et de tous \u00e2ges et conviennent \u00e9galement aux chiens pr\u00e9sentant un exc\u00e8s de poids.<\/strong><\/p>\n<p><strong>Utilisation :<\/strong><\/p>\n<ul>\n<li>Chien en bonne sant\u00e9 de toutes races et de tous \u00e2ges, st\u00e9rilis\u00e9 ou non.<\/li>\n<li>En accompagnement d\u2019un programme de perte de poids ou de contr\u00f4le du poids.<\/li>\n<li>Chien diab\u00e9tique.<\/li>\n<\/ul>\n<p><strong>Ces friandises s&#8217;utilisent en suppl\u00e9ment de l&#8217;alimentation habituelle de votre chien en tant que r\u00e9compense.<\/strong><\/p>\n<p><strong>Les bienfaits des friandises Specific Healthy Treats CT-H :<\/strong><\/p>\n<ul>\n<li>Ces friandises sont formul\u00e9es avec une faible teneur en mati\u00e8res grasses de mani\u00e8re \u00e0 s&#8217;adapter pour les chiens n\u00e9cessitant une alimentation l\u00e9g\u00e8re.<\/li>\n<li>Elles sont enrichies en fibres afin de favoriser une bonne digestion et cr\u00e9er une sensation de sati\u00e9t\u00e9 pour les chiens gourmands.<\/li>\n<li>Ces friandises sont con\u00e7ues pour \u00eatre adapt\u00e9es \u00e0 tous les types de chiens, quelle que soit leur race ou leur \u00e2ge.<\/li>\n<li>Gr\u00e2ce \u00e0 leur teneur en acides gras Om\u00e9ga-3, les Healthy Treats CT-H contribuent au maintien d\u2019un pelage brillant et d\u2019une peau saine.<\/li>\n<li>Ces friandises sont parfaites pour r\u00e9compenser votre chien lors de l&#8217;entra\u00eenement ou simplement pour lui faire plaisir.<\/li>\n<li>Elles ne contiennent aucuns colorants ni ar\u00f4mes artificiels afin de minimiser les risques de r\u00e9actions allergiques.<\/li>\n<li>Ces friandises sont conditionn\u00e9es en sachet de 300g<\/li>\n<\/ul>\n","protected":false},"excerpt":{"rendered":"<div id=\"product-description-short-2140\">\n<p><strong>Friandises savoureuses, pauvres en graisses et riches en fibres. Elles sont destin\u00e9es aux chiens en bonne sant\u00e9, de toutes races et de tous \u00e2ges et conviennent \u00e9galement aux chiens pr\u00e9sentant un exc\u00e8s de poids.<\/strong><\/p>\n<p><strong>Utilisation :<\/strong><\/p>\n<ul>\n<li>Chien en bonne sant\u00e9 de toutes races et de tous \u00e2ges, st\u00e9rilis\u00e9 ou non<\/li>\n<li>En accompagnement d\u2019un programme de perte de poids ou de contr\u00f4le du poids<\/li>\n<li>Chien diab\u00e9tique.<\/li>\n<\/ul>\n<\/div>\n","protected":false},"featured_media":1249346,"template":"","meta":[],"product_cat":[12552,12584,2698,12603],"product_tag":[],"class_list":{"0":"post-508802","1":"product","2":"type-product","3":"status-publish","4":"has-post-thumbnail","6":"product_cat-alimentation-du-chien","7":"product_cat-alimentation-premium-pour-chien","8":"product_cat-chien","9":"product_cat-friandises-pour-chien","10":"pa_marque-specific","12":"first","13":"instock","14":"taxable","15":"shipping-taxable","16":"purchasable","17":"product-type-simple"},"yoast_head":"<!-- This site is optimized with the Yoast SEO plugin v27.3 - https:\/\/yoast.com\/product\/yoast-seo-wordpress\/ -->\n<title>CT-H Healthy Treats \u2013 friandises chien Specific - V\u00e9torino<\/title>\n<meta name=\"description\" content=\"Friandises savoureuses, pauvres en graisses et riches en fibres. Elles sont destin\u00e9es aux chiens en bonne sant\u00e9, de toutes races et de tous \u00e2ges et conviennent \u00e9galement aux chiens pr\u00e9sentant un exc\u00e8s de poids.  Utilisation :   Chien en bonne sant\u00e9 de toutes races et de tous \u00e2ges, st\u00e9rilis\u00e9 ou non  En accompagnement d\u2019un programme de perte de poids ou de contr\u00f4le du poids  Chien diab\u00e9tique.\" \/>\n<meta name=\"robots\" content=\"noindex, nofollow\" \/>\n<meta property=\"og:locale\" content=\"fr_FR\" \/>\n<meta property=\"og:type\" content=\"article\" \/>\n<meta property=\"og:title\" content=\"CT-H Healthy Treats \u2013 friandises chien Specific - V\u00e9torino\" \/>\n<meta property=\"og:description\" content=\"Friandises savoureuses, pauvres en graisses et riches en fibres. Elles sont destin\u00e9es aux chiens en bonne sant\u00e9, de toutes races et de tous \u00e2ges et conviennent \u00e9galement aux chiens pr\u00e9sentant un exc\u00e8s de poids.  Utilisation :   Chien en bonne sant\u00e9 de toutes races et de tous \u00e2ges, st\u00e9rilis\u00e9 ou non  En accompagnement d\u2019un programme de perte de poids ou de contr\u00f4le du poids  Chien diab\u00e9tique.\" \/>\n<meta property=\"og:url\" content=\"https:\/\/www.vetorino.com\/veterinaire\/prunelli-di-fiumorbo-20243\/boutique\/product\/specific-chien-cth-healthy-treats-2\/\" \/>\n<meta property=\"og:site_name\" content=\"V\u00e9torino\" \/>\n<meta property=\"article:publisher\" content=\"https:\/\/www.facebook.com\/Vetorino\/\" \/>\n<meta property=\"article:modified_time\" content=\"2025-11-12T14:32:45+00:00\" \/>\n<meta property=\"og:image\" content=\"https:\/\/www.vetorino.com\/boutique\/wp-content\/uploads\/2022\/11\/ct-h-healthy-treats.webp\" \/>\n\t<meta property=\"og:image:width\" content=\"458\" \/>\n\t<meta property=\"og:image:height\" content=\"458\" \/>\n\t<meta property=\"og:image:type\" content=\"image\/webp\" \/>\n<meta name=\"twitter:card\" content=\"summary_large_image\" \/>\n<meta name=\"twitter:label1\" content=\"Prix\" \/>\n\t<meta name=\"twitter:data1\" content=\"4,82&euro;\" \/>\n\t<meta name=\"twitter:label2\" content=\"Disponibilit\u00e9\" \/>\n\t<meta name=\"twitter:data2\" content=\"En stock\" \/>\n<script type=\"application\/ld+json\" class=\"yoast-schema-graph\">{\"@context\":\"https:\\\/\\\/schema.org\",\"@graph\":[{\"@type\":\"WebPage\",\"@id\":\"https:\\\/\\\/www.vetorino.com\\\/boutique\\\/product\\\/specific-chien-cth-healthy-treats-2\\\/\",\"url\":\"https:\\\/\\\/www.vetorino.com\\\/boutique\\\/product\\\/specific-chien-cth-healthy-treats-2\\\/\",\"name\":\"CT-H Healthy Treats \u2013 friandises chien Specific - V\u00e9torino\",\"isPartOf\":{\"@id\":\"https:\\\/\\\/www.vetorino.com\\\/boutique\\\/#website\"},\"primaryImageOfPage\":{\"@id\":\"https:\\\/\\\/www.vetorino.com\\\/boutique\\\/product\\\/specific-chien-cth-healthy-treats-2\\\/#primaryimage\"},\"image\":{\"@id\":\"https:\\\/\\\/www.vetorino.com\\\/boutique\\\/product\\\/specific-chien-cth-healthy-treats-2\\\/#primaryimage\"},\"thumbnailUrl\":\"https:\\\/\\\/www.vetorino.com\\\/boutique\\\/wp-content\\\/uploads\\\/2022\\\/11\\\/ct-h-healthy-treats.webp\",\"datePublished\":\"2022-11-18T19:33:04+00:00\",\"dateModified\":\"2025-11-12T14:32:45+00:00\",\"description\":\"Friandises savoureuses, pauvres en graisses et riches en fibres. Elles sont destin\u00e9es aux chiens en bonne sant\u00e9, de toutes races et de tous \u00e2ges et conviennent \u00e9galement aux chiens pr\u00e9sentant un exc\u00e8s de poids. Utilisation : Chien en bonne sant\u00e9 de toutes races et de tous \u00e2ges, st\u00e9rilis\u00e9 ou non En accompagnement d\u2019un programme de perte de poids ou de contr\u00f4le du poids Chien diab\u00e9tique.\",\"breadcrumb\":{\"@id\":\"https:\\\/\\\/www.vetorino.com\\\/boutique\\\/product\\\/specific-chien-cth-healthy-treats-2\\\/#breadcrumb\"},\"inLanguage\":\"fr-FR\",\"potentialAction\":[{\"@type\":\"ReadAction\",\"target\":[\"https:\\\/\\\/www.vetorino.com\\\/boutique\\\/product\\\/specific-chien-cth-healthy-treats-2\\\/\"]}]},{\"@type\":\"ImageObject\",\"inLanguage\":\"fr-FR\",\"@id\":\"https:\\\/\\\/www.vetorino.com\\\/boutique\\\/product\\\/specific-chien-cth-healthy-treats-2\\\/#primaryimage\",\"url\":\"https:\\\/\\\/www.vetorino.com\\\/boutique\\\/wp-content\\\/uploads\\\/2022\\\/11\\\/ct-h-healthy-treats.webp\",\"contentUrl\":\"https:\\\/\\\/www.vetorino.com\\\/boutique\\\/wp-content\\\/uploads\\\/2022\\\/11\\\/ct-h-healthy-treats.webp\",\"width\":458,\"height\":458},{\"@type\":\"BreadcrumbList\",\"@id\":\"https:\\\/\\\/www.vetorino.com\\\/boutique\\\/product\\\/specific-chien-cth-healthy-treats-2\\\/#breadcrumb\",\"itemListElement\":[{\"@type\":\"ListItem\",\"position\":1,\"name\":\"Accueil\",\"item\":\"https:\\\/\\\/www.vetorino.com\\\/boutique\\\/\"},{\"@type\":\"ListItem\",\"position\":2,\"name\":\"Produits\",\"item\":\"https:\\\/\\\/www.vetorino.com\\\/boutique\\\/\"},{\"@type\":\"ListItem\",\"position\":3,\"name\":\"CT-H Healthy Treats \u2013 friandises chien\"}]},{\"@type\":\"WebSite\",\"@id\":\"https:\\\/\\\/www.vetorino.com\\\/boutique\\\/#website\",\"url\":\"https:\\\/\\\/www.vetorino.com\\\/boutique\\\/\",\"name\":\"V\u00e9torino\",\"description\":\"\",\"publisher\":{\"@id\":\"https:\\\/\\\/www.vetorino.com\\\/boutique\\\/#organization\"},\"potentialAction\":[{\"@type\":\"SearchAction\",\"target\":{\"@type\":\"EntryPoint\",\"urlTemplate\":\"https:\\\/\\\/www.vetorino.com\\\/boutique\\\/?s={search_term_string}\"},\"query-input\":{\"@type\":\"PropertyValueSpecification\",\"valueRequired\":true,\"valueName\":\"search_term_string\"}}],\"inLanguage\":\"fr-FR\"},{\"@type\":\"Organization\",\"@id\":\"https:\\\/\\\/www.vetorino.com\\\/boutique\\\/#organization\",\"name\":\"V\u00e9torino\",\"url\":\"https:\\\/\\\/www.vetorino.com\\\/boutique\\\/\",\"logo\":{\"@type\":\"ImageObject\",\"inLanguage\":\"fr-FR\",\"@id\":\"https:\\\/\\\/www.vetorino.com\\\/boutique\\\/#\\\/schema\\\/logo\\\/image\\\/\",\"url\":\"https:\\\/\\\/www.vetorino.com\\\/boutique\\\/wp-content\\\/uploads\\\/2024\\\/10\\\/logo.jpg\",\"contentUrl\":\"https:\\\/\\\/www.vetorino.com\\\/boutique\\\/wp-content\\\/uploads\\\/2024\\\/10\\\/logo.jpg\",\"width\":1200,\"height\":610,\"caption\":\"V\u00e9torino\"},\"image\":{\"@id\":\"https:\\\/\\\/www.vetorino.com\\\/boutique\\\/#\\\/schema\\\/logo\\\/image\\\/\"},\"sameAs\":[\"https:\\\/\\\/www.facebook.com\\\/Vetorino\\\/\",\"https:\\\/\\\/www.instagram.com\\\/vetorino_off\\\/\",\"https:\\\/\\\/www.linkedin.com\\\/company\\\/vtorino\\\/\"]}]}<\/script>\n<meta property=\"product:brand\" content=\"Specific\" \/>\n<meta property=\"product:price:amount\" content=\"4.82\" \/>\n<meta property=\"product:price:currency\" content=\"EUR\" \/>\n<meta property=\"og:availability\" content=\"instock\" \/>\n<meta property=\"product:availability\" content=\"instock\" \/>\n<meta property=\"product:retailer_item_id\" content=\"A-1860760\" \/>\n<meta property=\"product:condition\" content=\"new\" \/>\n<!-- \/ Yoast SEO plugin. -->","yoast_head_json":{"title":"CT-H Healthy Treats \u2013 friandises chien Specific - V\u00e9torino","description":"Friandises savoureuses, pauvres en graisses et riches en fibres. Elles sont destin\u00e9es aux chiens en bonne sant\u00e9, de toutes races et de tous \u00e2ges et conviennent \u00e9galement aux chiens pr\u00e9sentant un exc\u00e8s de poids.  Utilisation :   Chien en bonne sant\u00e9 de toutes races et de tous \u00e2ges, st\u00e9rilis\u00e9 ou non  En accompagnement d\u2019un programme de perte de poids ou de contr\u00f4le du poids  Chien diab\u00e9tique.","robots":{"index":"noindex","follow":"nofollow"},"og_locale":"fr_FR","og_type":"article","og_title":"CT-H Healthy Treats \u2013 friandises chien Specific - V\u00e9torino","og_description":"Friandises savoureuses, pauvres en graisses et riches en fibres. Elles sont destin\u00e9es aux chiens en bonne sant\u00e9, de toutes races et de tous \u00e2ges et conviennent \u00e9galement aux chiens pr\u00e9sentant un exc\u00e8s de poids.  Utilisation :   Chien en bonne sant\u00e9 de toutes races et de tous \u00e2ges, st\u00e9rilis\u00e9 ou non  En accompagnement d\u2019un programme de perte de poids ou de contr\u00f4le du poids  Chien diab\u00e9tique.","og_url":"https:\/\/www.vetorino.com\/veterinaire\/prunelli-di-fiumorbo-20243\/boutique\/product\/specific-chien-cth-healthy-treats-2\/","og_site_name":"V\u00e9torino","article_publisher":"https:\/\/www.facebook.com\/Vetorino\/","article_modified_time":"2025-11-12T14:32:45+00:00","og_image":[{"width":458,"height":458,"url":"https:\/\/www.vetorino.com\/boutique\/wp-content\/uploads\/2022\/11\/ct-h-healthy-treats.webp","type":"image\/webp"}],"twitter_card":"summary_large_image","twitter_misc":{"Prix":"4,82&euro;","Disponibilit\u00e9":"En stock"},"schema":{"@context":"https:\/\/schema.org","@graph":[{"@type":"WebPage","@id":"https:\/\/www.vetorino.com\/boutique\/product\/specific-chien-cth-healthy-treats-2\/","url":"https:\/\/www.vetorino.com\/boutique\/product\/specific-chien-cth-healthy-treats-2\/","name":"CT-H Healthy Treats \u2013 friandises chien Specific - V\u00e9torino","isPartOf":{"@id":"https:\/\/www.vetorino.com\/boutique\/#website"},"primaryImageOfPage":{"@id":"https:\/\/www.vetorino.com\/boutique\/product\/specific-chien-cth-healthy-treats-2\/#primaryimage"},"image":{"@id":"https:\/\/www.vetorino.com\/boutique\/product\/specific-chien-cth-healthy-treats-2\/#primaryimage"},"thumbnailUrl":"https:\/\/www.vetorino.com\/boutique\/wp-content\/uploads\/2022\/11\/ct-h-healthy-treats.webp","datePublished":"2022-11-18T19:33:04+00:00","dateModified":"2025-11-12T14:32:45+00:00","description":"Friandises savoureuses, pauvres en graisses et riches en fibres. Elles sont destin\u00e9es aux chiens en bonne sant\u00e9, de toutes races et de tous \u00e2ges et conviennent \u00e9galement aux chiens pr\u00e9sentant un exc\u00e8s de poids. Utilisation : Chien en bonne sant\u00e9 de toutes races et de tous \u00e2ges, st\u00e9rilis\u00e9 ou non En accompagnement d\u2019un programme de perte de poids ou de contr\u00f4le du poids Chien diab\u00e9tique.","breadcrumb":{"@id":"https:\/\/www.vetorino.com\/boutique\/product\/specific-chien-cth-healthy-treats-2\/#breadcrumb"},"inLanguage":"fr-FR","potentialAction":[{"@type":"ReadAction","target":["https:\/\/www.vetorino.com\/boutique\/product\/specific-chien-cth-healthy-treats-2\/"]}]},{"@type":"ImageObject","inLanguage":"fr-FR","@id":"https:\/\/www.vetorino.com\/boutique\/product\/specific-chien-cth-healthy-treats-2\/#primaryimage","url":"https:\/\/www.vetorino.com\/boutique\/wp-content\/uploads\/2022\/11\/ct-h-healthy-treats.webp","contentUrl":"https:\/\/www.vetorino.com\/boutique\/wp-content\/uploads\/2022\/11\/ct-h-healthy-treats.webp","width":458,"height":458},{"@type":"BreadcrumbList","@id":"https:\/\/www.vetorino.com\/boutique\/product\/specific-chien-cth-healthy-treats-2\/#breadcrumb","itemListElement":[{"@type":"ListItem","position":1,"name":"Accueil","item":"https:\/\/www.vetorino.com\/boutique\/"},{"@type":"ListItem","position":2,"name":"Produits","item":"https:\/\/www.vetorino.com\/boutique\/"},{"@type":"ListItem","position":3,"name":"CT-H Healthy Treats \u2013 friandises chien"}]},{"@type":"WebSite","@id":"https:\/\/www.vetorino.com\/boutique\/#website","url":"https:\/\/www.vetorino.com\/boutique\/","name":"V\u00e9torino","description":"","publisher":{"@id":"https:\/\/www.vetorino.com\/boutique\/#organization"},"potentialAction":[{"@type":"SearchAction","target":{"@type":"EntryPoint","urlTemplate":"https:\/\/www.vetorino.com\/boutique\/?s={search_term_string}"},"query-input":{"@type":"PropertyValueSpecification","valueRequired":true,"valueName":"search_term_string"}}],"inLanguage":"fr-FR"},{"@type":"Organization","@id":"https:\/\/www.vetorino.com\/boutique\/#organization","name":"V\u00e9torino","url":"https:\/\/www.vetorino.com\/boutique\/","logo":{"@type":"ImageObject","inLanguage":"fr-FR","@id":"https:\/\/www.vetorino.com\/boutique\/#\/schema\/logo\/image\/","url":"https:\/\/www.vetorino.com\/boutique\/wp-content\/uploads\/2024\/10\/logo.jpg","contentUrl":"https:\/\/www.vetorino.com\/boutique\/wp-content\/uploads\/2024\/10\/logo.jpg","width":1200,"height":610,"caption":"V\u00e9torino"},"image":{"@id":"https:\/\/www.vetorino.com\/boutique\/#\/schema\/logo\/image\/"},"sameAs":["https:\/\/www.facebook.com\/Vetorino\/","https:\/\/www.instagram.com\/vetorino_off\/","https:\/\/www.linkedin.com\/company\/vtorino\/"]}]},"product_brand":"Specific","product_price_amount":"4.82","product_price_currency":"EUR","og_availability":"instock","product_availability":"instock","product_retailer_item_id":"A-1860760","product_condition":"new"},"_links":{"self":[{"href":"https:\/\/www.vetorino.com\/veterinaire\/prunelli-di-fiumorbo-20243\/boutique\/wp-json\/wp\/v2\/product\/508802","targetHints":{"allow":["GET"]}}],"collection":[{"href":"https:\/\/www.vetorino.com\/veterinaire\/prunelli-di-fiumorbo-20243\/boutique\/wp-json\/wp\/v2\/product"}],"about":[{"href":"https:\/\/www.vetorino.com\/veterinaire\/prunelli-di-fiumorbo-20243\/boutique\/wp-json\/wp\/v2\/types\/product"}],"wp:featuredmedia":[{"embeddable":true,"href":"https:\/\/www.vetorino.com\/veterinaire\/prunelli-di-fiumorbo-20243\/boutique\/wp-json\/wp\/v2\/media\/1249346"}],"wp:attachment":[{"href":"https:\/\/www.vetorino.com\/veterinaire\/prunelli-di-fiumorbo-20243\/boutique\/wp-json\/wp\/v2\/media?parent=508802"}],"wp:term":[{"taxonomy":"product_cat","embeddable":true,"href":"https:\/\/www.vetorino.com\/veterinaire\/prunelli-di-fiumorbo-20243\/boutique\/wp-json\/wp\/v2\/product_cat?post=508802"},{"taxonomy":"product_tag","embeddable":true,"href":"https:\/\/www.vetorino.com\/veterinaire\/prunelli-di-fiumorbo-20243\/boutique\/wp-json\/wp\/v2\/product_tag?post=508802"}],"curies":[{"name":"wp","href":"https:\/\/api.w.org\/{rel}","templated":true}]}}