{"id":508830,"date":"2022-11-18T20:34:09","date_gmt":"2022-11-18T19:34:09","guid":{"rendered":"https:\/\/www.vetorino.com\/boutique\/product\/carbodote-prime-gel-oral\/"},"modified":"2024-02-15T16:49:25","modified_gmt":"2024-02-15T15:49:25","slug":"carbodote-prime-gel-oral","status":"publish","type":"product","link":"https:\/\/www.vetorino.com\/veterinaire\/prunelli-di-fiumorbo-20243\/boutique\/product\/carbodote-prime-gel-oral\/","title":{"rendered":"Carbodote Prime gel oral"},"content":{"rendered":"<p><strong>CARBODOTE PRIME<\/strong> s&#8217;utilise en soutien lors d&#8217;ingestion de substances ind\u00e9sirables. Facilite l&#8217;\u00e9limination des selles.<br \/>\nAdministration orale. Lire la notice avant utilisation.<br \/>\nNe doit \u00eatre utilis\u00e9 qu&#8217;en une seule administration. Un point est \u00e9quivalent \u00e0 7,8 g de produit.<\/p>\n<p>Administrer la quantit\u00e9 de produit selon les indications suivantes.<br \/>\n<strong>Poids de l&#8217;animal :<\/strong><\/p>\n<ul>\n<li>&lt;= 2 kg : 1 point<\/li>\n<li>de 2,1 \u00e0 4 kg : 2 points<\/li>\n<li>de 4,1 \u00e0 6 kg : 3 points<\/li>\n<li>de 6,1 \u00e0 8 kg : 4 points<\/li>\n<li>de 8,1 \u00e0 10 kg : 5 points<\/li>\n<li>de 10,1 \u00e0 12 kg : 6 points<\/li>\n<li>de 12,1 \u00e0 14 kg : 7 points<\/li>\n<li>de 14,1 \u00e0 16 kg : 8 points<\/li>\n<li>de 16,1 \u00e0 18 kg : 9 points<\/li>\n<li>de 18,1 \u00e0 20 kg : 10 points<\/li>\n<li>Conseils d&#8217;utilisation :<\/li>\n<\/ul>\n<p>Lorsque l&#8217;utilisation r\u00e9p\u00e9t\u00e9e de charbon est n\u00e9cessaire, continuer avec le CARBODOTE REPEAT.<br \/>\nNe pas administrer aux animaux d\u00e9shydrat\u00e9s.<br \/>\nConserver \u00e0 temp\u00e9rature ambiante.<br \/>\nConservation apr\u00e8s ouverture : 1 mois.<\/p>\n","protected":false},"excerpt":{"rendered":"<p><strong>CARBODOTE PRIME<\/strong> s&#8217;utilise en soutien lors d&#8217;ingestion de substances ind\u00e9sirables. Facilite l&#8217;\u00e9limination des selles.<br \/>\nAdministration orale. Lire la notice avant utilisation.<br \/>\nNe doit \u00eatre utilis\u00e9 qu&#8217;en une seule administration. Un point est \u00e9quivalent \u00e0 7,8 g de produit.<\/p>\n","protected":false},"featured_media":838879,"template":"","meta":[],"product_cat":[12552,2738,2698,12568,12636],"product_tag":[],"class_list":{"0":"post-508830","1":"product","2":"type-product","3":"status-publish","4":"has-post-thumbnail","6":"product_cat-alimentation-du-chien","7":"product_cat-aliments-complementaires-pour-chien","8":"product_cat-chien","9":"product_cat-produit-veterinaire-du-chien","10":"product_cat-systeme-digestif-du-chien","11":"pa_marque-tvm","13":"first","14":"outofstock","15":"taxable","16":"shipping-taxable","17":"purchasable","18":"product-type-simple"},"yoast_head":"<!-- This site is optimized with the Yoast SEO plugin v27.3 - https:\/\/yoast.com\/product\/yoast-seo-wordpress\/ -->\n<title>Carbodote Prime gel oral D\u00f4mes Pharma TVM - V\u00e9torino<\/title>\n<meta name=\"description\" content=\"CARBODOTE PRIME s&#039;utilise en soutien lors d&#039;ingestion de substances ind\u00e9sirables. Facilite l&#039;\u00e9limination des selles. Administration orale. Lire la notice avant utilisation. Ne doit \u00eatre utilis\u00e9 qu&#039;en une seule administration. Un point est \u00e9quivalent \u00e0 7,8 g de produit.\" \/>\n<meta name=\"robots\" content=\"noindex, nofollow\" \/>\n<meta property=\"og:locale\" content=\"fr_FR\" \/>\n<meta property=\"og:type\" content=\"article\" \/>\n<meta property=\"og:title\" content=\"Carbodote Prime gel oral D\u00f4mes Pharma TVM - V\u00e9torino\" \/>\n<meta property=\"og:description\" content=\"CARBODOTE PRIME s&#039;utilise en soutien lors d&#039;ingestion de substances ind\u00e9sirables. Facilite l&#039;\u00e9limination des selles. Administration orale. Lire la notice avant utilisation. Ne doit \u00eatre utilis\u00e9 qu&#039;en une seule administration. Un point est \u00e9quivalent \u00e0 7,8 g de produit.\" \/>\n<meta property=\"og:url\" content=\"https:\/\/www.vetorino.com\/veterinaire\/prunelli-di-fiumorbo-20243\/boutique\/product\/carbodote-prime-gel-oral\/\" \/>\n<meta property=\"og:site_name\" content=\"V\u00e9torino\" \/>\n<meta property=\"article:publisher\" content=\"https:\/\/www.facebook.com\/Vetorino\/\" \/>\n<meta property=\"article:modified_time\" content=\"2024-02-15T15:49:25+00:00\" \/>\n<meta property=\"og:image\" content=\"https:\/\/www.vetorino.com\/boutique\/wp-content\/uploads\/2022\/11\/carbodote-prime.jpg\" \/>\n\t<meta property=\"og:image:width\" content=\"771\" \/>\n\t<meta property=\"og:image:height\" content=\"1000\" \/>\n\t<meta property=\"og:image:type\" content=\"image\/jpeg\" \/>\n<meta name=\"twitter:card\" content=\"summary_large_image\" \/>\n<meta name=\"twitter:label1\" content=\"Prix\" \/>\n\t<meta name=\"twitter:data1\" content=\"19,34&euro;\" \/>\n\t<meta name=\"twitter:label2\" content=\"Disponibilit\u00e9\" \/>\n\t<meta name=\"twitter:data2\" content=\"Rupture de stock\" \/>\n<script type=\"application\/ld+json\" class=\"yoast-schema-graph\">{\"@context\":\"https:\\\/\\\/schema.org\",\"@graph\":[{\"@type\":\"WebPage\",\"@id\":\"https:\\\/\\\/www.vetorino.com\\\/boutique\\\/product\\\/carbodote-prime-gel-oral\\\/\",\"url\":\"https:\\\/\\\/www.vetorino.com\\\/boutique\\\/product\\\/carbodote-prime-gel-oral\\\/\",\"name\":\"Carbodote Prime gel oral D\u00f4mes Pharma TVM - V\u00e9torino\",\"isPartOf\":{\"@id\":\"https:\\\/\\\/www.vetorino.com\\\/boutique\\\/#website\"},\"primaryImageOfPage\":{\"@id\":\"https:\\\/\\\/www.vetorino.com\\\/boutique\\\/product\\\/carbodote-prime-gel-oral\\\/#primaryimage\"},\"image\":{\"@id\":\"https:\\\/\\\/www.vetorino.com\\\/boutique\\\/product\\\/carbodote-prime-gel-oral\\\/#primaryimage\"},\"thumbnailUrl\":\"https:\\\/\\\/www.vetorino.com\\\/boutique\\\/wp-content\\\/uploads\\\/2022\\\/11\\\/carbodote-prime.jpg\",\"datePublished\":\"2022-11-18T19:34:09+00:00\",\"dateModified\":\"2024-02-15T15:49:25+00:00\",\"description\":\"CARBODOTE PRIME s'utilise en soutien lors d'ingestion de substances ind\u00e9sirables. Facilite l'\u00e9limination des selles. Administration orale. Lire la notice avant utilisation. Ne doit \u00eatre utilis\u00e9 qu'en une seule administration. Un point est \u00e9quivalent \u00e0 7,8 g de produit.\",\"breadcrumb\":{\"@id\":\"https:\\\/\\\/www.vetorino.com\\\/boutique\\\/product\\\/carbodote-prime-gel-oral\\\/#breadcrumb\"},\"inLanguage\":\"fr-FR\",\"potentialAction\":[{\"@type\":\"ReadAction\",\"target\":[\"https:\\\/\\\/www.vetorino.com\\\/boutique\\\/product\\\/carbodote-prime-gel-oral\\\/\"]}]},{\"@type\":\"ImageObject\",\"inLanguage\":\"fr-FR\",\"@id\":\"https:\\\/\\\/www.vetorino.com\\\/boutique\\\/product\\\/carbodote-prime-gel-oral\\\/#primaryimage\",\"url\":\"https:\\\/\\\/www.vetorino.com\\\/boutique\\\/wp-content\\\/uploads\\\/2022\\\/11\\\/carbodote-prime.jpg\",\"contentUrl\":\"https:\\\/\\\/www.vetorino.com\\\/boutique\\\/wp-content\\\/uploads\\\/2022\\\/11\\\/carbodote-prime.jpg\",\"width\":771,\"height\":1000},{\"@type\":\"BreadcrumbList\",\"@id\":\"https:\\\/\\\/www.vetorino.com\\\/boutique\\\/product\\\/carbodote-prime-gel-oral\\\/#breadcrumb\",\"itemListElement\":[{\"@type\":\"ListItem\",\"position\":1,\"name\":\"Accueil\",\"item\":\"https:\\\/\\\/www.vetorino.com\\\/boutique\\\/\"},{\"@type\":\"ListItem\",\"position\":2,\"name\":\"Produits\",\"item\":\"https:\\\/\\\/www.vetorino.com\\\/boutique\\\/\"},{\"@type\":\"ListItem\",\"position\":3,\"name\":\"Carbodote Prime gel oral\"}]},{\"@type\":\"WebSite\",\"@id\":\"https:\\\/\\\/www.vetorino.com\\\/boutique\\\/#website\",\"url\":\"https:\\\/\\\/www.vetorino.com\\\/boutique\\\/\",\"name\":\"V\u00e9torino\",\"description\":\"\",\"publisher\":{\"@id\":\"https:\\\/\\\/www.vetorino.com\\\/boutique\\\/#organization\"},\"potentialAction\":[{\"@type\":\"SearchAction\",\"target\":{\"@type\":\"EntryPoint\",\"urlTemplate\":\"https:\\\/\\\/www.vetorino.com\\\/boutique\\\/?s={search_term_string}\"},\"query-input\":{\"@type\":\"PropertyValueSpecification\",\"valueRequired\":true,\"valueName\":\"search_term_string\"}}],\"inLanguage\":\"fr-FR\"},{\"@type\":\"Organization\",\"@id\":\"https:\\\/\\\/www.vetorino.com\\\/boutique\\\/#organization\",\"name\":\"V\u00e9torino\",\"url\":\"https:\\\/\\\/www.vetorino.com\\\/boutique\\\/\",\"logo\":{\"@type\":\"ImageObject\",\"inLanguage\":\"fr-FR\",\"@id\":\"https:\\\/\\\/www.vetorino.com\\\/boutique\\\/#\\\/schema\\\/logo\\\/image\\\/\",\"url\":\"https:\\\/\\\/www.vetorino.com\\\/boutique\\\/wp-content\\\/uploads\\\/2024\\\/10\\\/logo.jpg\",\"contentUrl\":\"https:\\\/\\\/www.vetorino.com\\\/boutique\\\/wp-content\\\/uploads\\\/2024\\\/10\\\/logo.jpg\",\"width\":1200,\"height\":610,\"caption\":\"V\u00e9torino\"},\"image\":{\"@id\":\"https:\\\/\\\/www.vetorino.com\\\/boutique\\\/#\\\/schema\\\/logo\\\/image\\\/\"},\"sameAs\":[\"https:\\\/\\\/www.facebook.com\\\/Vetorino\\\/\",\"https:\\\/\\\/www.instagram.com\\\/vetorino_off\\\/\",\"https:\\\/\\\/www.linkedin.com\\\/company\\\/vtorino\\\/\"]}]}<\/script>\n<meta property=\"product:brand\" content=\"D\u00f4mes Pharma TVM\" \/>\n<meta property=\"product:price:amount\" content=\"19.34\" \/>\n<meta property=\"product:price:currency\" content=\"EUR\" \/>\n<meta property=\"og:availability\" content=\"out of stock\" \/>\n<meta property=\"product:availability\" content=\"out of stock\" \/>\n<meta property=\"product:retailer_item_id\" content=\"A-1861600\" \/>\n<meta property=\"product:condition\" content=\"new\" \/>\n<!-- \/ Yoast SEO plugin. -->","yoast_head_json":{"title":"Carbodote Prime gel oral D\u00f4mes Pharma TVM - V\u00e9torino","description":"CARBODOTE PRIME s'utilise en soutien lors d'ingestion de substances ind\u00e9sirables. Facilite l'\u00e9limination des selles. Administration orale. Lire la notice avant utilisation. Ne doit \u00eatre utilis\u00e9 qu'en une seule administration. Un point est \u00e9quivalent \u00e0 7,8 g de produit.","robots":{"index":"noindex","follow":"nofollow"},"og_locale":"fr_FR","og_type":"article","og_title":"Carbodote Prime gel oral D\u00f4mes Pharma TVM - V\u00e9torino","og_description":"CARBODOTE PRIME s'utilise en soutien lors d'ingestion de substances ind\u00e9sirables. Facilite l'\u00e9limination des selles. Administration orale. Lire la notice avant utilisation. Ne doit \u00eatre utilis\u00e9 qu'en une seule administration. Un point est \u00e9quivalent \u00e0 7,8 g de produit.","og_url":"https:\/\/www.vetorino.com\/veterinaire\/prunelli-di-fiumorbo-20243\/boutique\/product\/carbodote-prime-gel-oral\/","og_site_name":"V\u00e9torino","article_publisher":"https:\/\/www.facebook.com\/Vetorino\/","article_modified_time":"2024-02-15T15:49:25+00:00","og_image":[{"width":771,"height":1000,"url":"https:\/\/www.vetorino.com\/boutique\/wp-content\/uploads\/2022\/11\/carbodote-prime.jpg","type":"image\/jpeg"}],"twitter_card":"summary_large_image","twitter_misc":{"Prix":"19,34&euro;","Disponibilit\u00e9":"Rupture de stock"},"schema":{"@context":"https:\/\/schema.org","@graph":[{"@type":"WebPage","@id":"https:\/\/www.vetorino.com\/boutique\/product\/carbodote-prime-gel-oral\/","url":"https:\/\/www.vetorino.com\/boutique\/product\/carbodote-prime-gel-oral\/","name":"Carbodote Prime gel oral D\u00f4mes Pharma TVM - V\u00e9torino","isPartOf":{"@id":"https:\/\/www.vetorino.com\/boutique\/#website"},"primaryImageOfPage":{"@id":"https:\/\/www.vetorino.com\/boutique\/product\/carbodote-prime-gel-oral\/#primaryimage"},"image":{"@id":"https:\/\/www.vetorino.com\/boutique\/product\/carbodote-prime-gel-oral\/#primaryimage"},"thumbnailUrl":"https:\/\/www.vetorino.com\/boutique\/wp-content\/uploads\/2022\/11\/carbodote-prime.jpg","datePublished":"2022-11-18T19:34:09+00:00","dateModified":"2024-02-15T15:49:25+00:00","description":"CARBODOTE PRIME s'utilise en soutien lors d'ingestion de substances ind\u00e9sirables. Facilite l'\u00e9limination des selles. Administration orale. Lire la notice avant utilisation. Ne doit \u00eatre utilis\u00e9 qu'en une seule administration. Un point est \u00e9quivalent \u00e0 7,8 g de produit.","breadcrumb":{"@id":"https:\/\/www.vetorino.com\/boutique\/product\/carbodote-prime-gel-oral\/#breadcrumb"},"inLanguage":"fr-FR","potentialAction":[{"@type":"ReadAction","target":["https:\/\/www.vetorino.com\/boutique\/product\/carbodote-prime-gel-oral\/"]}]},{"@type":"ImageObject","inLanguage":"fr-FR","@id":"https:\/\/www.vetorino.com\/boutique\/product\/carbodote-prime-gel-oral\/#primaryimage","url":"https:\/\/www.vetorino.com\/boutique\/wp-content\/uploads\/2022\/11\/carbodote-prime.jpg","contentUrl":"https:\/\/www.vetorino.com\/boutique\/wp-content\/uploads\/2022\/11\/carbodote-prime.jpg","width":771,"height":1000},{"@type":"BreadcrumbList","@id":"https:\/\/www.vetorino.com\/boutique\/product\/carbodote-prime-gel-oral\/#breadcrumb","itemListElement":[{"@type":"ListItem","position":1,"name":"Accueil","item":"https:\/\/www.vetorino.com\/boutique\/"},{"@type":"ListItem","position":2,"name":"Produits","item":"https:\/\/www.vetorino.com\/boutique\/"},{"@type":"ListItem","position":3,"name":"Carbodote Prime gel oral"}]},{"@type":"WebSite","@id":"https:\/\/www.vetorino.com\/boutique\/#website","url":"https:\/\/www.vetorino.com\/boutique\/","name":"V\u00e9torino","description":"","publisher":{"@id":"https:\/\/www.vetorino.com\/boutique\/#organization"},"potentialAction":[{"@type":"SearchAction","target":{"@type":"EntryPoint","urlTemplate":"https:\/\/www.vetorino.com\/boutique\/?s={search_term_string}"},"query-input":{"@type":"PropertyValueSpecification","valueRequired":true,"valueName":"search_term_string"}}],"inLanguage":"fr-FR"},{"@type":"Organization","@id":"https:\/\/www.vetorino.com\/boutique\/#organization","name":"V\u00e9torino","url":"https:\/\/www.vetorino.com\/boutique\/","logo":{"@type":"ImageObject","inLanguage":"fr-FR","@id":"https:\/\/www.vetorino.com\/boutique\/#\/schema\/logo\/image\/","url":"https:\/\/www.vetorino.com\/boutique\/wp-content\/uploads\/2024\/10\/logo.jpg","contentUrl":"https:\/\/www.vetorino.com\/boutique\/wp-content\/uploads\/2024\/10\/logo.jpg","width":1200,"height":610,"caption":"V\u00e9torino"},"image":{"@id":"https:\/\/www.vetorino.com\/boutique\/#\/schema\/logo\/image\/"},"sameAs":["https:\/\/www.facebook.com\/Vetorino\/","https:\/\/www.instagram.com\/vetorino_off\/","https:\/\/www.linkedin.com\/company\/vtorino\/"]}]},"product_brand":"D\u00f4mes Pharma TVM","product_price_amount":"19.34","product_price_currency":"EUR","og_availability":"out of stock","product_availability":"out of stock","product_retailer_item_id":"A-1861600","product_condition":"new"},"_links":{"self":[{"href":"https:\/\/www.vetorino.com\/veterinaire\/prunelli-di-fiumorbo-20243\/boutique\/wp-json\/wp\/v2\/product\/508830","targetHints":{"allow":["GET"]}}],"collection":[{"href":"https:\/\/www.vetorino.com\/veterinaire\/prunelli-di-fiumorbo-20243\/boutique\/wp-json\/wp\/v2\/product"}],"about":[{"href":"https:\/\/www.vetorino.com\/veterinaire\/prunelli-di-fiumorbo-20243\/boutique\/wp-json\/wp\/v2\/types\/product"}],"wp:featuredmedia":[{"embeddable":true,"href":"https:\/\/www.vetorino.com\/veterinaire\/prunelli-di-fiumorbo-20243\/boutique\/wp-json\/wp\/v2\/media\/838879"}],"wp:attachment":[{"href":"https:\/\/www.vetorino.com\/veterinaire\/prunelli-di-fiumorbo-20243\/boutique\/wp-json\/wp\/v2\/media?parent=508830"}],"wp:term":[{"taxonomy":"product_cat","embeddable":true,"href":"https:\/\/www.vetorino.com\/veterinaire\/prunelli-di-fiumorbo-20243\/boutique\/wp-json\/wp\/v2\/product_cat?post=508830"},{"taxonomy":"product_tag","embeddable":true,"href":"https:\/\/www.vetorino.com\/veterinaire\/prunelli-di-fiumorbo-20243\/boutique\/wp-json\/wp\/v2\/product_tag?post=508830"}],"curies":[{"name":"wp","href":"https:\/\/api.w.org\/{rel}","templated":true}]}}