{"id":539138,"date":"2023-01-10T15:19:15","date_gmt":"2023-01-10T14:19:15","guid":{"rendered":"https:\/\/www.vetorino.com\/boutique\/product\/zylkene-plus-10-kg-75-mg\/"},"modified":"2025-07-22T15:53:06","modified_gmt":"2025-07-22T13:53:06","slug":"zylkene-plus-10-kg-75-mg","status":"publish","type":"product","link":"https:\/\/www.vetorino.com\/veterinaire\/prunelli-di-fiumorbo-20243\/boutique\/product\/zylkene-plus-10-kg-75-mg\/","title":{"rendered":"Zylkene Plus 75 mg &#8211; chien et chat -10 kg"},"content":{"rendered":"<p><b>Aliment compl\u00e9mentaire relaxant qui contient deux ingr\u00e9dients d&#8217;origine naturelle d\u00e9riv\u00e9s d&#8217;une prot\u00e9ine du lait (cas\u00e9ine) et d&#8217;une prot\u00e9ine du muscle de poisson, sp\u00e9cialement con\u00e7us pour les chiens et les chats qui ont un comportement difficile \u00e0 long terme\/prolong\u00e9.<\/b><\/p>\n<p><strong>Utilisation :<\/strong><\/p>\n<ul>\n<li>Anti-stress\u00a0pour chat et chien\u00a0<strong>de moins de 10 kg<\/strong>.<\/li>\n<li>pour l&#8217;animal lors de situations prolong\u00e9es et difficiles.<\/li>\n<\/ul>\n<p><strong>Dur\u00e9e d\u2019utilisation :<\/strong><\/p>\n<ul>\n<li>De 1 \u00e0 3 mois selon les situations<\/li>\n<li>A d\u00e9finir avec votre v\u00e9t\u00e9rinaire<\/li>\n<\/ul>\n<p><strong>Avantages :<\/strong><\/p>\n<ul>\n<li>Zylk\u00e8ne Plus ne provoque pas de troubles de l&#8217;\u00e9veil et ne g\u00e9n\u00e8re aucun risque d&#8217;allergie.<\/li>\n<li>Ingr\u00e9dients naturels<\/li>\n<\/ul>\n<p><strong>Zylk\u00e8ne est un aliment compl\u00e9mentaire et ne se substitue pas \u00e0 une alimentation \u00e9quilibr\u00e9e.<\/strong><\/p>\n","protected":false},"excerpt":{"rendered":"<p><strong>Zylk\u00e8ne est un aliment compl\u00e9mentaire naturel qui aide votre animal de compagnie \u00e0 faire face aux situations destabilisantes.<\/strong><\/p>\n<p><strong>Utilisation :<\/strong><\/p>\n<ul>\n<li>Anti-stress\u00a0pour chat et chien\u00a0<strong>de moins de 10 kg<\/strong>.<\/li>\n<li>Animal\u00a0confront\u00e9 \u00e0 un nouvel environnement, \u00e0 de nouvelles personnes, \u00e0 un nouveau compagnon<\/li>\n<li>P\u00e9riode de convalescence ou d&#8217;hospitalisation, de lactation, de sevrage<\/li>\n<li>Voyage en voiture, ou toute autre modification dans les habitudes de l&#8217;animal<\/li>\n<\/ul>\n","protected":false},"featured_media":1054357,"template":"","meta":[],"product_cat":[12551,12552,2730,2738,2759,2786,2697,2698],"product_tag":[],"class_list":{"0":"post-539138","1":"product","2":"type-product","3":"status-publish","4":"has-post-thumbnail","6":"product_cat-alimentation-du-chat","7":"product_cat-alimentation-du-chien","8":"product_cat-aliments-complementaires-pour-chat","9":"product_cat-aliments-complementaires-pour-chien","10":"product_cat-anti-stress-et-anxiete-pour-chat","11":"product_cat-anti-stress-et-anxiete-du-chien","12":"product_cat-chat","13":"product_cat-chien","14":"pa_marque-vetoquinol","16":"first","17":"outofstock","18":"taxable","19":"shipping-taxable","20":"purchasable","21":"product-type-simple"},"yoast_head":"<!-- This site is optimized with the Yoast SEO plugin v27.3 - https:\/\/yoast.com\/product\/yoast-seo-wordpress\/ -->\n<title>Zylkene Zylkene Plus 75 mg - chien et chat -10 kg V\u00e9toquinol - V\u00e9torino<\/title>\n<meta name=\"description\" content=\"Zylk\u00e8ne est un aliment compl\u00e9mentaire naturel qui aide votre animal de compagnie \u00e0 faire face aux situations destabilisantes.  Utilisation :   Anti-stress\u00a0pour chat et chien\u00a0de moins de 10 kg.  Animal\u00a0confront\u00e9 \u00e0 un nouvel environnement, \u00e0 de nouvelles personnes, \u00e0 un nouveau compagnon  P\u00e9riode de convalescence ou d&#039;hospitalisation, de lactation, de sevrage  Voyage en voiture, ou toute autre modification dans les habitudes de l&#039;animal\" \/>\n<meta name=\"robots\" content=\"noindex, nofollow\" \/>\n<meta property=\"og:locale\" content=\"fr_FR\" \/>\n<meta property=\"og:type\" content=\"article\" \/>\n<meta property=\"og:title\" content=\"Zylkene Zylkene Plus 75 mg - chien et chat -10 kg V\u00e9toquinol - V\u00e9torino\" \/>\n<meta property=\"og:description\" content=\"Zylk\u00e8ne est un aliment compl\u00e9mentaire naturel qui aide votre animal de compagnie \u00e0 faire face aux situations destabilisantes.  Utilisation :   Anti-stress\u00a0pour chat et chien\u00a0de moins de 10 kg.  Animal\u00a0confront\u00e9 \u00e0 un nouvel environnement, \u00e0 de nouvelles personnes, \u00e0 un nouveau compagnon  P\u00e9riode de convalescence ou d&#039;hospitalisation, de lactation, de sevrage  Voyage en voiture, ou toute autre modification dans les habitudes de l&#039;animal\" \/>\n<meta property=\"og:url\" content=\"https:\/\/www.vetorino.com\/veterinaire\/prunelli-di-fiumorbo-20243\/boutique\/product\/zylkene-plus-10-kg-75-mg\/\" \/>\n<meta property=\"og:site_name\" content=\"V\u00e9torino\" \/>\n<meta property=\"article:publisher\" content=\"https:\/\/www.facebook.com\/Vetorino\/\" \/>\n<meta property=\"article:modified_time\" content=\"2025-07-22T13:53:06+00:00\" \/>\n<meta property=\"og:image\" content=\"https:\/\/www.vetorino.com\/boutique\/wp-content\/uploads\/2023\/01\/zylkene-plus-75-mg-chat-et-chien-de-moins-de-10-kg.webp\" \/>\n\t<meta property=\"og:image:width\" content=\"800\" \/>\n\t<meta property=\"og:image:height\" content=\"800\" \/>\n\t<meta property=\"og:image:type\" content=\"image\/webp\" \/>\n<meta name=\"twitter:card\" content=\"summary_large_image\" \/>\n<meta name=\"twitter:label1\" content=\"Prix\" \/>\n\t<meta name=\"twitter:data1\" content=\"18,36&euro;\" \/>\n\t<meta name=\"twitter:label2\" content=\"Disponibilit\u00e9\" \/>\n\t<meta name=\"twitter:data2\" content=\"Rupture de stock\" \/>\n<script type=\"application\/ld+json\" class=\"yoast-schema-graph\">{\"@context\":\"https:\\\/\\\/schema.org\",\"@graph\":[{\"@type\":\"WebPage\",\"@id\":\"https:\\\/\\\/www.vetorino.com\\\/boutique\\\/product\\\/zylkene-plus-10-kg-75-mg\\\/\",\"url\":\"https:\\\/\\\/www.vetorino.com\\\/boutique\\\/product\\\/zylkene-plus-10-kg-75-mg\\\/\",\"name\":\"Zylkene Zylkene Plus 75 mg - chien et chat -10 kg V\u00e9toquinol - V\u00e9torino\",\"isPartOf\":{\"@id\":\"https:\\\/\\\/www.vetorino.com\\\/boutique\\\/#website\"},\"primaryImageOfPage\":{\"@id\":\"https:\\\/\\\/www.vetorino.com\\\/boutique\\\/product\\\/zylkene-plus-10-kg-75-mg\\\/#primaryimage\"},\"image\":{\"@id\":\"https:\\\/\\\/www.vetorino.com\\\/boutique\\\/product\\\/zylkene-plus-10-kg-75-mg\\\/#primaryimage\"},\"thumbnailUrl\":\"https:\\\/\\\/www.vetorino.com\\\/boutique\\\/wp-content\\\/uploads\\\/2023\\\/01\\\/zylkene-plus-75-mg-chat-et-chien-de-moins-de-10-kg.webp\",\"datePublished\":\"2023-01-10T14:19:15+00:00\",\"dateModified\":\"2025-07-22T13:53:06+00:00\",\"description\":\"Zylk\u00e8ne est un aliment compl\u00e9mentaire naturel qui aide votre animal de compagnie \u00e0 faire face aux situations destabilisantes. Utilisation : Anti-stress\u00a0pour chat et chien\u00a0de moins de 10 kg. Animal\u00a0confront\u00e9 \u00e0 un nouvel environnement, \u00e0 de nouvelles personnes, \u00e0 un nouveau compagnon P\u00e9riode de convalescence ou d'hospitalisation, de lactation, de sevrage Voyage en voiture, ou toute autre modification dans les habitudes de l'animal\",\"breadcrumb\":{\"@id\":\"https:\\\/\\\/www.vetorino.com\\\/boutique\\\/product\\\/zylkene-plus-10-kg-75-mg\\\/#breadcrumb\"},\"inLanguage\":\"fr-FR\",\"potentialAction\":[{\"@type\":\"ReadAction\",\"target\":[\"https:\\\/\\\/www.vetorino.com\\\/boutique\\\/product\\\/zylkene-plus-10-kg-75-mg\\\/\"]}]},{\"@type\":\"ImageObject\",\"inLanguage\":\"fr-FR\",\"@id\":\"https:\\\/\\\/www.vetorino.com\\\/boutique\\\/product\\\/zylkene-plus-10-kg-75-mg\\\/#primaryimage\",\"url\":\"https:\\\/\\\/www.vetorino.com\\\/boutique\\\/wp-content\\\/uploads\\\/2023\\\/01\\\/zylkene-plus-75-mg-chat-et-chien-de-moins-de-10-kg.webp\",\"contentUrl\":\"https:\\\/\\\/www.vetorino.com\\\/boutique\\\/wp-content\\\/uploads\\\/2023\\\/01\\\/zylkene-plus-75-mg-chat-et-chien-de-moins-de-10-kg.webp\",\"width\":800,\"height\":800},{\"@type\":\"BreadcrumbList\",\"@id\":\"https:\\\/\\\/www.vetorino.com\\\/boutique\\\/product\\\/zylkene-plus-10-kg-75-mg\\\/#breadcrumb\",\"itemListElement\":[{\"@type\":\"ListItem\",\"position\":1,\"name\":\"Accueil\",\"item\":\"https:\\\/\\\/www.vetorino.com\\\/boutique\\\/\"},{\"@type\":\"ListItem\",\"position\":2,\"name\":\"Produits\",\"item\":\"https:\\\/\\\/www.vetorino.com\\\/boutique\\\/\"},{\"@type\":\"ListItem\",\"position\":3,\"name\":\"Zylkene Plus 75 mg &#8211; chien et chat -10 kg\"}]},{\"@type\":\"WebSite\",\"@id\":\"https:\\\/\\\/www.vetorino.com\\\/boutique\\\/#website\",\"url\":\"https:\\\/\\\/www.vetorino.com\\\/boutique\\\/\",\"name\":\"V\u00e9torino\",\"description\":\"\",\"publisher\":{\"@id\":\"https:\\\/\\\/www.vetorino.com\\\/boutique\\\/#organization\"},\"potentialAction\":[{\"@type\":\"SearchAction\",\"target\":{\"@type\":\"EntryPoint\",\"urlTemplate\":\"https:\\\/\\\/www.vetorino.com\\\/boutique\\\/?s={search_term_string}\"},\"query-input\":{\"@type\":\"PropertyValueSpecification\",\"valueRequired\":true,\"valueName\":\"search_term_string\"}}],\"inLanguage\":\"fr-FR\"},{\"@type\":\"Organization\",\"@id\":\"https:\\\/\\\/www.vetorino.com\\\/boutique\\\/#organization\",\"name\":\"V\u00e9torino\",\"url\":\"https:\\\/\\\/www.vetorino.com\\\/boutique\\\/\",\"logo\":{\"@type\":\"ImageObject\",\"inLanguage\":\"fr-FR\",\"@id\":\"https:\\\/\\\/www.vetorino.com\\\/boutique\\\/#\\\/schema\\\/logo\\\/image\\\/\",\"url\":\"https:\\\/\\\/www.vetorino.com\\\/boutique\\\/wp-content\\\/uploads\\\/2024\\\/10\\\/logo.jpg\",\"contentUrl\":\"https:\\\/\\\/www.vetorino.com\\\/boutique\\\/wp-content\\\/uploads\\\/2024\\\/10\\\/logo.jpg\",\"width\":1200,\"height\":610,\"caption\":\"V\u00e9torino\"},\"image\":{\"@id\":\"https:\\\/\\\/www.vetorino.com\\\/boutique\\\/#\\\/schema\\\/logo\\\/image\\\/\"},\"sameAs\":[\"https:\\\/\\\/www.facebook.com\\\/Vetorino\\\/\",\"https:\\\/\\\/www.instagram.com\\\/vetorino_off\\\/\",\"https:\\\/\\\/www.linkedin.com\\\/company\\\/vtorino\\\/\"]}]}<\/script>\n<meta property=\"product:brand\" content=\"V\u00e9toquinol\" \/>\n<meta property=\"product:price:amount\" content=\"18.36\" \/>\n<meta property=\"product:price:currency\" content=\"EUR\" \/>\n<meta property=\"og:availability\" content=\"out of stock\" \/>\n<meta property=\"product:availability\" content=\"out of stock\" \/>\n<meta property=\"product:retailer_item_id\" content=\"A-1868740\" \/>\n<meta property=\"product:condition\" content=\"new\" \/>\n<!-- \/ Yoast SEO plugin. -->","yoast_head_json":{"title":"Zylkene Zylkene Plus 75 mg - chien et chat -10 kg V\u00e9toquinol - V\u00e9torino","description":"Zylk\u00e8ne est un aliment compl\u00e9mentaire naturel qui aide votre animal de compagnie \u00e0 faire face aux situations destabilisantes.  Utilisation :   Anti-stress\u00a0pour chat et chien\u00a0de moins de 10 kg.  Animal\u00a0confront\u00e9 \u00e0 un nouvel environnement, \u00e0 de nouvelles personnes, \u00e0 un nouveau compagnon  P\u00e9riode de convalescence ou d'hospitalisation, de lactation, de sevrage  Voyage en voiture, ou toute autre modification dans les habitudes de l'animal","robots":{"index":"noindex","follow":"nofollow"},"og_locale":"fr_FR","og_type":"article","og_title":"Zylkene Zylkene Plus 75 mg - chien et chat -10 kg V\u00e9toquinol - V\u00e9torino","og_description":"Zylk\u00e8ne est un aliment compl\u00e9mentaire naturel qui aide votre animal de compagnie \u00e0 faire face aux situations destabilisantes.  Utilisation :   Anti-stress\u00a0pour chat et chien\u00a0de moins de 10 kg.  Animal\u00a0confront\u00e9 \u00e0 un nouvel environnement, \u00e0 de nouvelles personnes, \u00e0 un nouveau compagnon  P\u00e9riode de convalescence ou d'hospitalisation, de lactation, de sevrage  Voyage en voiture, ou toute autre modification dans les habitudes de l'animal","og_url":"https:\/\/www.vetorino.com\/veterinaire\/prunelli-di-fiumorbo-20243\/boutique\/product\/zylkene-plus-10-kg-75-mg\/","og_site_name":"V\u00e9torino","article_publisher":"https:\/\/www.facebook.com\/Vetorino\/","article_modified_time":"2025-07-22T13:53:06+00:00","og_image":[{"width":800,"height":800,"url":"https:\/\/www.vetorino.com\/boutique\/wp-content\/uploads\/2023\/01\/zylkene-plus-75-mg-chat-et-chien-de-moins-de-10-kg.webp","type":"image\/webp"}],"twitter_card":"summary_large_image","twitter_misc":{"Prix":"18,36&euro;","Disponibilit\u00e9":"Rupture de stock"},"schema":{"@context":"https:\/\/schema.org","@graph":[{"@type":"WebPage","@id":"https:\/\/www.vetorino.com\/boutique\/product\/zylkene-plus-10-kg-75-mg\/","url":"https:\/\/www.vetorino.com\/boutique\/product\/zylkene-plus-10-kg-75-mg\/","name":"Zylkene Zylkene Plus 75 mg - chien et chat -10 kg V\u00e9toquinol - V\u00e9torino","isPartOf":{"@id":"https:\/\/www.vetorino.com\/boutique\/#website"},"primaryImageOfPage":{"@id":"https:\/\/www.vetorino.com\/boutique\/product\/zylkene-plus-10-kg-75-mg\/#primaryimage"},"image":{"@id":"https:\/\/www.vetorino.com\/boutique\/product\/zylkene-plus-10-kg-75-mg\/#primaryimage"},"thumbnailUrl":"https:\/\/www.vetorino.com\/boutique\/wp-content\/uploads\/2023\/01\/zylkene-plus-75-mg-chat-et-chien-de-moins-de-10-kg.webp","datePublished":"2023-01-10T14:19:15+00:00","dateModified":"2025-07-22T13:53:06+00:00","description":"Zylk\u00e8ne est un aliment compl\u00e9mentaire naturel qui aide votre animal de compagnie \u00e0 faire face aux situations destabilisantes. Utilisation : Anti-stress\u00a0pour chat et chien\u00a0de moins de 10 kg. Animal\u00a0confront\u00e9 \u00e0 un nouvel environnement, \u00e0 de nouvelles personnes, \u00e0 un nouveau compagnon P\u00e9riode de convalescence ou d'hospitalisation, de lactation, de sevrage Voyage en voiture, ou toute autre modification dans les habitudes de l'animal","breadcrumb":{"@id":"https:\/\/www.vetorino.com\/boutique\/product\/zylkene-plus-10-kg-75-mg\/#breadcrumb"},"inLanguage":"fr-FR","potentialAction":[{"@type":"ReadAction","target":["https:\/\/www.vetorino.com\/boutique\/product\/zylkene-plus-10-kg-75-mg\/"]}]},{"@type":"ImageObject","inLanguage":"fr-FR","@id":"https:\/\/www.vetorino.com\/boutique\/product\/zylkene-plus-10-kg-75-mg\/#primaryimage","url":"https:\/\/www.vetorino.com\/boutique\/wp-content\/uploads\/2023\/01\/zylkene-plus-75-mg-chat-et-chien-de-moins-de-10-kg.webp","contentUrl":"https:\/\/www.vetorino.com\/boutique\/wp-content\/uploads\/2023\/01\/zylkene-plus-75-mg-chat-et-chien-de-moins-de-10-kg.webp","width":800,"height":800},{"@type":"BreadcrumbList","@id":"https:\/\/www.vetorino.com\/boutique\/product\/zylkene-plus-10-kg-75-mg\/#breadcrumb","itemListElement":[{"@type":"ListItem","position":1,"name":"Accueil","item":"https:\/\/www.vetorino.com\/boutique\/"},{"@type":"ListItem","position":2,"name":"Produits","item":"https:\/\/www.vetorino.com\/boutique\/"},{"@type":"ListItem","position":3,"name":"Zylkene Plus 75 mg &#8211; chien et chat -10 kg"}]},{"@type":"WebSite","@id":"https:\/\/www.vetorino.com\/boutique\/#website","url":"https:\/\/www.vetorino.com\/boutique\/","name":"V\u00e9torino","description":"","publisher":{"@id":"https:\/\/www.vetorino.com\/boutique\/#organization"},"potentialAction":[{"@type":"SearchAction","target":{"@type":"EntryPoint","urlTemplate":"https:\/\/www.vetorino.com\/boutique\/?s={search_term_string}"},"query-input":{"@type":"PropertyValueSpecification","valueRequired":true,"valueName":"search_term_string"}}],"inLanguage":"fr-FR"},{"@type":"Organization","@id":"https:\/\/www.vetorino.com\/boutique\/#organization","name":"V\u00e9torino","url":"https:\/\/www.vetorino.com\/boutique\/","logo":{"@type":"ImageObject","inLanguage":"fr-FR","@id":"https:\/\/www.vetorino.com\/boutique\/#\/schema\/logo\/image\/","url":"https:\/\/www.vetorino.com\/boutique\/wp-content\/uploads\/2024\/10\/logo.jpg","contentUrl":"https:\/\/www.vetorino.com\/boutique\/wp-content\/uploads\/2024\/10\/logo.jpg","width":1200,"height":610,"caption":"V\u00e9torino"},"image":{"@id":"https:\/\/www.vetorino.com\/boutique\/#\/schema\/logo\/image\/"},"sameAs":["https:\/\/www.facebook.com\/Vetorino\/","https:\/\/www.instagram.com\/vetorino_off\/","https:\/\/www.linkedin.com\/company\/vtorino\/"]}]},"product_brand":"V\u00e9toquinol","product_price_amount":"18.36","product_price_currency":"EUR","og_availability":"out of stock","product_availability":"out of stock","product_retailer_item_id":"A-1868740","product_condition":"new"},"_links":{"self":[{"href":"https:\/\/www.vetorino.com\/veterinaire\/prunelli-di-fiumorbo-20243\/boutique\/wp-json\/wp\/v2\/product\/539138","targetHints":{"allow":["GET"]}}],"collection":[{"href":"https:\/\/www.vetorino.com\/veterinaire\/prunelli-di-fiumorbo-20243\/boutique\/wp-json\/wp\/v2\/product"}],"about":[{"href":"https:\/\/www.vetorino.com\/veterinaire\/prunelli-di-fiumorbo-20243\/boutique\/wp-json\/wp\/v2\/types\/product"}],"wp:featuredmedia":[{"embeddable":true,"href":"https:\/\/www.vetorino.com\/veterinaire\/prunelli-di-fiumorbo-20243\/boutique\/wp-json\/wp\/v2\/media\/1054357"}],"wp:attachment":[{"href":"https:\/\/www.vetorino.com\/veterinaire\/prunelli-di-fiumorbo-20243\/boutique\/wp-json\/wp\/v2\/media?parent=539138"}],"wp:term":[{"taxonomy":"product_cat","embeddable":true,"href":"https:\/\/www.vetorino.com\/veterinaire\/prunelli-di-fiumorbo-20243\/boutique\/wp-json\/wp\/v2\/product_cat?post=539138"},{"taxonomy":"product_tag","embeddable":true,"href":"https:\/\/www.vetorino.com\/veterinaire\/prunelli-di-fiumorbo-20243\/boutique\/wp-json\/wp\/v2\/product_tag?post=539138"}],"curies":[{"name":"wp","href":"https:\/\/api.w.org\/{rel}","templated":true}]}}