{"id":560763,"date":"2023-02-21T10:14:44","date_gmt":"2023-02-21T09:14:44","guid":{"rendered":"https:\/\/www.vetorino.com\/boutique\/product\/specific-chien-cad-active-3\/"},"modified":"2025-09-01T10:54:33","modified_gmt":"2025-09-01T08:54:33","slug":"specific-chien-cad-active-3","status":"publish","type":"product","link":"https:\/\/www.vetorino.com\/veterinaire\/prunelli-di-fiumorbo-20243\/boutique\/product\/specific-chien-cad-active-3\/","title":{"rendered":"CAD Activ &#8211; chien"},"content":{"rendered":"<p><strong>Aliment complet et \u00e9quilibr\u00e9 qui couvre tous les besoins nutritionnels du chien actif.<\/strong><\/p>\n<p><strong>Utilisation :<\/strong><\/p>\n<ul>\n<li>Activit\u00e9 accrue, endurance (chien de chasse, de travail&#8230;).<\/li>\n<li>Convalescence apr\u00e8s une maladie ou une op\u00e9ration.<\/li>\n<li>Anorexie, cachexie.<\/li>\n<li>Stress (m\u00e9tabolique).<\/li>\n<\/ul>\n<p><strong>Bienfaits essentiels :<\/strong><\/p>\n<ul>\n<li>Gr\u00e2ce aux teneurs \u00e9lev\u00e9es en \u00e9nergie et mati\u00e8res grasses, associ\u00e9es \u00e0 la haute digestibilit\u00e9 des ingr\u00e9dients, la ration journali\u00e8re peut \u00eatre r\u00e9duite, ce qui est un<strong>\u00a0avantage pour les chiens qui ont un besoin \u00e9nerg\u00e9tique \u00e9lev\u00e9. Complet et \u00e9quilibr\u00e9, l\u2019aliment comble tous les besoins des chiens tr\u00e8s actif<\/strong>s. La qualit\u00e9 sup\u00e9rieure de ses prot\u00e9ines<strong>\u00a0favorise le maintient et le d\u00e9veloppement de la masse musculaire<\/strong>.<\/li>\n<li>Les acides gras Om\u00e9ga-3 EPA et DHA (issus d\u2019huile de poisson) ont un\u00a0<strong>effet b\u00e9n\u00e9fique sur la sant\u00e9 des articulations, de la peau et du pelage<\/strong>.<\/li>\n<li>Contient des \u00df-1,3\/1,6-glucanes issus de levures de levure boulang\u00e8re, qui peuvent se lier aux r\u00e9cepteurs des macrophages et ainsi\u00a0<strong>stimuler le syst\u00e8me immunitaire et favoriser la r\u00e9ponse immunitaire<\/strong>.<\/li>\n<li>Gr\u00e2ce \u00e0 la teneur \u00e9lev\u00e9e en \u00e9nergie, \u00e0 la composition \u00e9quilibr\u00e9e en nutriments et \u00e0 la haute digestibilit\u00e9 des ingr\u00e9dients,\u00a0<strong>le chien reprend plus facilement du poids pendant sa convalescence<\/strong>.<\/li>\n<\/ul>\n","protected":false},"excerpt":{"rendered":"<p><strong>Aliment complet et \u00e9quilibr\u00e9 qui couvre tous les besoins nutritionnels du chien actif.<\/strong><\/p>\n<p><strong>Utilisation :<\/strong><\/p>\n<ul>\n<li>Activit\u00e9 accrue, endurance (chien de chasse, de travail&#8230;).<\/li>\n<li>Convalescence apr\u00e8s une maladie ou une op\u00e9ration.<\/li>\n<li>Anorexie, cachexie.<\/li>\n<li>Stress (m\u00e9tabolique).<\/li>\n<\/ul>\n","protected":false},"featured_media":896574,"template":"","meta":[],"product_cat":[12552,12582,2698,15482,12640],"product_tag":[],"class_list":{"0":"post-560763","1":"product","2":"type-product","3":"status-publish","4":"has-post-thumbnail","6":"product_cat-alimentation-du-chien","7":"product_cat-alimentation-medicalisee-pour-chien","8":"product_cat-chien","9":"product_cat-convalescence-du-chien","10":"product_cat-systeme-immunitaire-du-chien","11":"pa_marque-specific","13":"first","14":"instock","15":"taxable","16":"shipping-taxable","17":"purchasable","18":"product-type-simple"},"yoast_head":"<!-- This site is optimized with the Yoast SEO plugin v27.3 - https:\/\/yoast.com\/product\/yoast-seo-wordpress\/ -->\n<title>CAD Activ - chien Specific - V\u00e9torino<\/title>\n<meta name=\"description\" content=\"Aliment complet et \u00e9quilibr\u00e9 qui couvre tous les besoins nutritionnels du chien actif.  Utilisation :   Activit\u00e9 accrue, endurance (chien de chasse, de travail...).  Convalescence apr\u00e8s une maladie ou une op\u00e9ration.  Anorexie, cachexie.  Stress (m\u00e9tabolique).\" \/>\n<meta name=\"robots\" content=\"noindex, nofollow\" \/>\n<meta property=\"og:locale\" content=\"fr_FR\" \/>\n<meta property=\"og:type\" content=\"article\" \/>\n<meta property=\"og:title\" content=\"CAD Activ - chien Specific - V\u00e9torino\" \/>\n<meta property=\"og:description\" content=\"Aliment complet et \u00e9quilibr\u00e9 qui couvre tous les besoins nutritionnels du chien actif.  Utilisation :   Activit\u00e9 accrue, endurance (chien de chasse, de travail...).  Convalescence apr\u00e8s une maladie ou une op\u00e9ration.  Anorexie, cachexie.  Stress (m\u00e9tabolique).\" \/>\n<meta property=\"og:url\" content=\"https:\/\/www.vetorino.com\/veterinaire\/prunelli-di-fiumorbo-20243\/boutique\/product\/specific-chien-cad-active-3\/\" \/>\n<meta property=\"og:site_name\" content=\"V\u00e9torino\" \/>\n<meta property=\"article:publisher\" content=\"https:\/\/www.facebook.com\/Vetorino\/\" \/>\n<meta property=\"article:modified_time\" content=\"2025-09-01T08:54:33+00:00\" \/>\n<meta property=\"og:image\" content=\"https:\/\/www.vetorino.com\/boutique\/wp-content\/uploads\/2023\/02\/chien-cad-activ.jpg.png\" \/>\n\t<meta property=\"og:image:width\" content=\"800\" \/>\n\t<meta property=\"og:image:height\" content=\"800\" \/>\n\t<meta property=\"og:image:type\" content=\"image\/png\" \/>\n<meta name=\"twitter:card\" content=\"summary_large_image\" \/>\n<meta name=\"twitter:label1\" content=\"Prix\" \/>\n\t<meta name=\"twitter:data1\" content=\"71,96&euro;\" \/>\n\t<meta name=\"twitter:label2\" content=\"Disponibilit\u00e9\" \/>\n\t<meta name=\"twitter:data2\" content=\"En stock\" \/>\n<script type=\"application\/ld+json\" class=\"yoast-schema-graph\">{\"@context\":\"https:\\\/\\\/schema.org\",\"@graph\":[{\"@type\":\"WebPage\",\"@id\":\"https:\\\/\\\/www.vetorino.com\\\/boutique\\\/product\\\/specific-chien-cad-active-3\\\/\",\"url\":\"https:\\\/\\\/www.vetorino.com\\\/boutique\\\/product\\\/specific-chien-cad-active-3\\\/\",\"name\":\"CAD Activ - chien Specific - V\u00e9torino\",\"isPartOf\":{\"@id\":\"https:\\\/\\\/www.vetorino.com\\\/boutique\\\/#website\"},\"primaryImageOfPage\":{\"@id\":\"https:\\\/\\\/www.vetorino.com\\\/boutique\\\/product\\\/specific-chien-cad-active-3\\\/#primaryimage\"},\"image\":{\"@id\":\"https:\\\/\\\/www.vetorino.com\\\/boutique\\\/product\\\/specific-chien-cad-active-3\\\/#primaryimage\"},\"thumbnailUrl\":\"https:\\\/\\\/www.vetorino.com\\\/boutique\\\/wp-content\\\/uploads\\\/2023\\\/02\\\/chien-cad-activ.jpg.png\",\"datePublished\":\"2023-02-21T09:14:44+00:00\",\"dateModified\":\"2025-09-01T08:54:33+00:00\",\"description\":\"Aliment complet et \u00e9quilibr\u00e9 qui couvre tous les besoins nutritionnels du chien actif. Utilisation : Activit\u00e9 accrue, endurance (chien de chasse, de travail...). Convalescence apr\u00e8s une maladie ou une op\u00e9ration. Anorexie, cachexie. Stress (m\u00e9tabolique).\",\"breadcrumb\":{\"@id\":\"https:\\\/\\\/www.vetorino.com\\\/boutique\\\/product\\\/specific-chien-cad-active-3\\\/#breadcrumb\"},\"inLanguage\":\"fr-FR\",\"potentialAction\":[{\"@type\":\"ReadAction\",\"target\":[\"https:\\\/\\\/www.vetorino.com\\\/boutique\\\/product\\\/specific-chien-cad-active-3\\\/\"]}]},{\"@type\":\"ImageObject\",\"inLanguage\":\"fr-FR\",\"@id\":\"https:\\\/\\\/www.vetorino.com\\\/boutique\\\/product\\\/specific-chien-cad-active-3\\\/#primaryimage\",\"url\":\"https:\\\/\\\/www.vetorino.com\\\/boutique\\\/wp-content\\\/uploads\\\/2023\\\/02\\\/chien-cad-activ.jpg.png\",\"contentUrl\":\"https:\\\/\\\/www.vetorino.com\\\/boutique\\\/wp-content\\\/uploads\\\/2023\\\/02\\\/chien-cad-activ.jpg.png\",\"width\":800,\"height\":800},{\"@type\":\"BreadcrumbList\",\"@id\":\"https:\\\/\\\/www.vetorino.com\\\/boutique\\\/product\\\/specific-chien-cad-active-3\\\/#breadcrumb\",\"itemListElement\":[{\"@type\":\"ListItem\",\"position\":1,\"name\":\"Accueil\",\"item\":\"https:\\\/\\\/www.vetorino.com\\\/boutique\\\/\"},{\"@type\":\"ListItem\",\"position\":2,\"name\":\"Produits\",\"item\":\"https:\\\/\\\/www.vetorino.com\\\/boutique\\\/\"},{\"@type\":\"ListItem\",\"position\":3,\"name\":\"CAD Activ &#8211; chien\"}]},{\"@type\":\"WebSite\",\"@id\":\"https:\\\/\\\/www.vetorino.com\\\/boutique\\\/#website\",\"url\":\"https:\\\/\\\/www.vetorino.com\\\/boutique\\\/\",\"name\":\"V\u00e9torino\",\"description\":\"\",\"publisher\":{\"@id\":\"https:\\\/\\\/www.vetorino.com\\\/boutique\\\/#organization\"},\"potentialAction\":[{\"@type\":\"SearchAction\",\"target\":{\"@type\":\"EntryPoint\",\"urlTemplate\":\"https:\\\/\\\/www.vetorino.com\\\/boutique\\\/?s={search_term_string}\"},\"query-input\":{\"@type\":\"PropertyValueSpecification\",\"valueRequired\":true,\"valueName\":\"search_term_string\"}}],\"inLanguage\":\"fr-FR\"},{\"@type\":\"Organization\",\"@id\":\"https:\\\/\\\/www.vetorino.com\\\/boutique\\\/#organization\",\"name\":\"V\u00e9torino\",\"url\":\"https:\\\/\\\/www.vetorino.com\\\/boutique\\\/\",\"logo\":{\"@type\":\"ImageObject\",\"inLanguage\":\"fr-FR\",\"@id\":\"https:\\\/\\\/www.vetorino.com\\\/boutique\\\/#\\\/schema\\\/logo\\\/image\\\/\",\"url\":\"https:\\\/\\\/www.vetorino.com\\\/boutique\\\/wp-content\\\/uploads\\\/2024\\\/10\\\/logo.jpg\",\"contentUrl\":\"https:\\\/\\\/www.vetorino.com\\\/boutique\\\/wp-content\\\/uploads\\\/2024\\\/10\\\/logo.jpg\",\"width\":1200,\"height\":610,\"caption\":\"V\u00e9torino\"},\"image\":{\"@id\":\"https:\\\/\\\/www.vetorino.com\\\/boutique\\\/#\\\/schema\\\/logo\\\/image\\\/\"},\"sameAs\":[\"https:\\\/\\\/www.facebook.com\\\/Vetorino\\\/\",\"https:\\\/\\\/www.instagram.com\\\/vetorino_off\\\/\",\"https:\\\/\\\/www.linkedin.com\\\/company\\\/vtorino\\\/\"]}]}<\/script>\n<meta property=\"product:brand\" content=\"Specific\" \/>\n<meta property=\"product:price:amount\" content=\"71.96\" \/>\n<meta property=\"product:price:currency\" content=\"EUR\" \/>\n<meta property=\"og:availability\" content=\"instock\" \/>\n<meta property=\"product:availability\" content=\"instock\" \/>\n<meta property=\"product:retailer_item_id\" content=\"A-1872790\" \/>\n<meta property=\"product:condition\" content=\"new\" \/>\n<!-- \/ Yoast SEO plugin. -->","yoast_head_json":{"title":"CAD Activ - chien Specific - V\u00e9torino","description":"Aliment complet et \u00e9quilibr\u00e9 qui couvre tous les besoins nutritionnels du chien actif.  Utilisation :   Activit\u00e9 accrue, endurance (chien de chasse, de travail...).  Convalescence apr\u00e8s une maladie ou une op\u00e9ration.  Anorexie, cachexie.  Stress (m\u00e9tabolique).","robots":{"index":"noindex","follow":"nofollow"},"og_locale":"fr_FR","og_type":"article","og_title":"CAD Activ - chien Specific - V\u00e9torino","og_description":"Aliment complet et \u00e9quilibr\u00e9 qui couvre tous les besoins nutritionnels du chien actif.  Utilisation :   Activit\u00e9 accrue, endurance (chien de chasse, de travail...).  Convalescence apr\u00e8s une maladie ou une op\u00e9ration.  Anorexie, cachexie.  Stress (m\u00e9tabolique).","og_url":"https:\/\/www.vetorino.com\/veterinaire\/prunelli-di-fiumorbo-20243\/boutique\/product\/specific-chien-cad-active-3\/","og_site_name":"V\u00e9torino","article_publisher":"https:\/\/www.facebook.com\/Vetorino\/","article_modified_time":"2025-09-01T08:54:33+00:00","og_image":[{"width":800,"height":800,"url":"https:\/\/www.vetorino.com\/boutique\/wp-content\/uploads\/2023\/02\/chien-cad-activ.jpg.png","type":"image\/png"}],"twitter_card":"summary_large_image","twitter_misc":{"Prix":"71,96&euro;","Disponibilit\u00e9":"En stock"},"schema":{"@context":"https:\/\/schema.org","@graph":[{"@type":"WebPage","@id":"https:\/\/www.vetorino.com\/boutique\/product\/specific-chien-cad-active-3\/","url":"https:\/\/www.vetorino.com\/boutique\/product\/specific-chien-cad-active-3\/","name":"CAD Activ - chien Specific - V\u00e9torino","isPartOf":{"@id":"https:\/\/www.vetorino.com\/boutique\/#website"},"primaryImageOfPage":{"@id":"https:\/\/www.vetorino.com\/boutique\/product\/specific-chien-cad-active-3\/#primaryimage"},"image":{"@id":"https:\/\/www.vetorino.com\/boutique\/product\/specific-chien-cad-active-3\/#primaryimage"},"thumbnailUrl":"https:\/\/www.vetorino.com\/boutique\/wp-content\/uploads\/2023\/02\/chien-cad-activ.jpg.png","datePublished":"2023-02-21T09:14:44+00:00","dateModified":"2025-09-01T08:54:33+00:00","description":"Aliment complet et \u00e9quilibr\u00e9 qui couvre tous les besoins nutritionnels du chien actif. Utilisation : Activit\u00e9 accrue, endurance (chien de chasse, de travail...). Convalescence apr\u00e8s une maladie ou une op\u00e9ration. Anorexie, cachexie. Stress (m\u00e9tabolique).","breadcrumb":{"@id":"https:\/\/www.vetorino.com\/boutique\/product\/specific-chien-cad-active-3\/#breadcrumb"},"inLanguage":"fr-FR","potentialAction":[{"@type":"ReadAction","target":["https:\/\/www.vetorino.com\/boutique\/product\/specific-chien-cad-active-3\/"]}]},{"@type":"ImageObject","inLanguage":"fr-FR","@id":"https:\/\/www.vetorino.com\/boutique\/product\/specific-chien-cad-active-3\/#primaryimage","url":"https:\/\/www.vetorino.com\/boutique\/wp-content\/uploads\/2023\/02\/chien-cad-activ.jpg.png","contentUrl":"https:\/\/www.vetorino.com\/boutique\/wp-content\/uploads\/2023\/02\/chien-cad-activ.jpg.png","width":800,"height":800},{"@type":"BreadcrumbList","@id":"https:\/\/www.vetorino.com\/boutique\/product\/specific-chien-cad-active-3\/#breadcrumb","itemListElement":[{"@type":"ListItem","position":1,"name":"Accueil","item":"https:\/\/www.vetorino.com\/boutique\/"},{"@type":"ListItem","position":2,"name":"Produits","item":"https:\/\/www.vetorino.com\/boutique\/"},{"@type":"ListItem","position":3,"name":"CAD Activ &#8211; chien"}]},{"@type":"WebSite","@id":"https:\/\/www.vetorino.com\/boutique\/#website","url":"https:\/\/www.vetorino.com\/boutique\/","name":"V\u00e9torino","description":"","publisher":{"@id":"https:\/\/www.vetorino.com\/boutique\/#organization"},"potentialAction":[{"@type":"SearchAction","target":{"@type":"EntryPoint","urlTemplate":"https:\/\/www.vetorino.com\/boutique\/?s={search_term_string}"},"query-input":{"@type":"PropertyValueSpecification","valueRequired":true,"valueName":"search_term_string"}}],"inLanguage":"fr-FR"},{"@type":"Organization","@id":"https:\/\/www.vetorino.com\/boutique\/#organization","name":"V\u00e9torino","url":"https:\/\/www.vetorino.com\/boutique\/","logo":{"@type":"ImageObject","inLanguage":"fr-FR","@id":"https:\/\/www.vetorino.com\/boutique\/#\/schema\/logo\/image\/","url":"https:\/\/www.vetorino.com\/boutique\/wp-content\/uploads\/2024\/10\/logo.jpg","contentUrl":"https:\/\/www.vetorino.com\/boutique\/wp-content\/uploads\/2024\/10\/logo.jpg","width":1200,"height":610,"caption":"V\u00e9torino"},"image":{"@id":"https:\/\/www.vetorino.com\/boutique\/#\/schema\/logo\/image\/"},"sameAs":["https:\/\/www.facebook.com\/Vetorino\/","https:\/\/www.instagram.com\/vetorino_off\/","https:\/\/www.linkedin.com\/company\/vtorino\/"]}]},"product_brand":"Specific","product_price_amount":"71.96","product_price_currency":"EUR","og_availability":"instock","product_availability":"instock","product_retailer_item_id":"A-1872790","product_condition":"new"},"_links":{"self":[{"href":"https:\/\/www.vetorino.com\/veterinaire\/prunelli-di-fiumorbo-20243\/boutique\/wp-json\/wp\/v2\/product\/560763","targetHints":{"allow":["GET"]}}],"collection":[{"href":"https:\/\/www.vetorino.com\/veterinaire\/prunelli-di-fiumorbo-20243\/boutique\/wp-json\/wp\/v2\/product"}],"about":[{"href":"https:\/\/www.vetorino.com\/veterinaire\/prunelli-di-fiumorbo-20243\/boutique\/wp-json\/wp\/v2\/types\/product"}],"wp:featuredmedia":[{"embeddable":true,"href":"https:\/\/www.vetorino.com\/veterinaire\/prunelli-di-fiumorbo-20243\/boutique\/wp-json\/wp\/v2\/media\/896574"}],"wp:attachment":[{"href":"https:\/\/www.vetorino.com\/veterinaire\/prunelli-di-fiumorbo-20243\/boutique\/wp-json\/wp\/v2\/media?parent=560763"}],"wp:term":[{"taxonomy":"product_cat","embeddable":true,"href":"https:\/\/www.vetorino.com\/veterinaire\/prunelli-di-fiumorbo-20243\/boutique\/wp-json\/wp\/v2\/product_cat?post=560763"},{"taxonomy":"product_tag","embeddable":true,"href":"https:\/\/www.vetorino.com\/veterinaire\/prunelli-di-fiumorbo-20243\/boutique\/wp-json\/wp\/v2\/product_tag?post=560763"}],"curies":[{"name":"wp","href":"https:\/\/api.w.org\/{rel}","templated":true}]}}