{"id":573782,"date":"2023-03-14T15:09:47","date_gmt":"2023-03-14T14:09:47","guid":{"rendered":"https:\/\/www.vetorino.com\/boutique\/product\/vetgastril\/"},"modified":"2025-10-23T10:18:54","modified_gmt":"2025-10-23T08:18:54","slug":"vetgastril","status":"publish","type":"product","link":"https:\/\/www.vetorino.com\/veterinaire\/prunelli-di-fiumorbo-20243\/boutique\/product\/vetgastril\/","title":{"rendered":"Vetgastril Plus \u2013 chien, chat &amp; NAC"},"content":{"rendered":"<p><strong>Vetgastril Plus\u00a0est un compl\u00e9ment alimentaire contenant des nutriments favorisant la bonne digestion.<\/strong><\/p>\n<p><b>Utilisation :<\/b><\/p>\n<ul>\n<li>Chats, chiens, furets, rongeurs et oiseaux<\/li>\n<li>Suspension orale<\/li>\n<\/ul>\n<p><strong>Avantages :<\/strong><\/p>\n<ul>\n<li>La k\u00e9ratine hydrolys\u00e9e, associ\u00e9e \u00e0 l\u2019alginate de sodium pour favoriser la protection de la muqueuse gastrique<\/li>\n<li>Le gel d\u2019alo\u00e8s poss\u00e8de propri\u00e9t\u00e9s antioxydantes et cicatrisantes des cellules \u00e9pith\u00e9liales<\/li>\n<li>L\u2019acide hyaluronique poss\u00e8des des propri\u00e9t\u00e9s visco\u00e9lastiques lubrifiantes et hydratantes, offrant ainsi un environnement ad\u00e9quat pour les cellules \u00e9pith\u00e9liales, contribue, avec le sulfate de chondro\u00eftine, \u00e0 leur r\u00e9paration.<\/li>\n<li>Le zinc contribue \u00e0 pr\u00e9server l\u2019int\u00e9grit\u00e9 et la fonctionnalit\u00e9 de la muqueuse digestive<\/li>\n<\/ul>\n<p><strong>Conseils d\u2019utilisation :\u00a0<\/strong><\/p>\n<p><em><strong>Chats<\/strong>\u00a0 :<\/em><\/p>\n<p><em>(&lt;5 kg de poids corporel) : 1 ml\/jour<\/em><\/p>\n<p><em><strong>\u00a0<\/strong>(&gt;5 kg de poids corporel) : 2 ml\/jour<\/em><\/p>\n<p><em><strong>Chiens:\u00a0<\/strong><\/em><\/p>\n<p><em>&lt;5 kg de poids corporel : 1 ml\/jour<\/em><\/p>\n<p><em>5-10 kg de poids corporel : 2 ml\/jour<\/em><\/p>\n<p><em>10-15 kg de poids corporel : 3 ml\/jour<\/em><\/p>\n<p><em>15-20 kg de poids corporel : 4 ml\/jour<\/em><\/p>\n<p><em>20-25 kg de poids corporel : 5 ml\/jour<\/em><\/p>\n<p><em>25-30kg de poids corporel : 6ml\/jour<\/em><\/p>\n<p><em>30-35kg de poids corporel : 7ml\/jour<\/em><\/p>\n<p><em>35-40kg de poids corporel : 8ml\/jour<\/em><\/p>\n<p><em><strong>Furets, Rongeurs et Oiseaux<\/strong>\u00a0(par kg de poids corporel) : 0,2 ml\/jour<\/em><\/p>\n","protected":false},"excerpt":{"rendered":"<div id=\"product-description-short-5347\">\n<p><strong>Vetgastril Plus est un compl\u00e9ment alimentaire visant \u00e0 am\u00e9liorer la digestion.<\/strong><\/p>\n<p><b>Utilisation :<\/b><\/p>\n<ul>\n<li>Chats, chiens, furets, rongeurs et oiseaux<\/li>\n<li>Suspension orale<\/li>\n<\/ul>\n<\/div>\n","protected":false},"featured_media":1539754,"template":"","meta":[],"product_cat":[12551,12552,12577,12580,2812,2730,2738,2807,2813,2697,2698,6890,6892,12675,12664,12665,12567,2744,12563,2727,2746,15840,12570,15842,12635],"product_tag":[],"class_list":{"0":"post-573782","1":"product","2":"type-product","3":"status-publish","4":"has-post-thumbnail","6":"product_cat-alimentation-du-chat","7":"product_cat-alimentation-du-chien","8":"product_cat-alimentation-du-furet","9":"product_cat-alimentation-du-rongeur","10":"product_cat-alimentation-pour-lapin-rongeur","11":"product_cat-aliments-complementaires-pour-chat","12":"product_cat-aliments-complementaires-pour-chien","13":"product_cat-aliments-complementaires-pour-furet","14":"product_cat-aliments-complementaires-pour-lapin-rongeur","15":"product_cat-chat","16":"product_cat-chien","17":"product_cat-chinchillas","18":"product_cat-cochons-dinde","19":"product_cat-complement-alimentaire-pour-oiseau","20":"product_cat-complement-alimentaire-pour-rongeur","21":"product_cat-complement-nutritionnel-pour-lapin","22":"product_cat-produit-veterinaire-du-chat","23":"product_cat-furet","24":"product_cat-lapin","25":"product_cat-nac","26":"product_cat-oiseau","27":"product_cat-oiseaux","28":"product_cat-rongeur","29":"product_cat-rongeurs","30":"product_cat-systeme-digestif-du-chat","31":"pa_marque-pharmadiet","33":"first","34":"instock","35":"taxable","36":"shipping-taxable","37":"purchasable","38":"product-type-variable"},"yoast_head":"<!-- This site is optimized with the Yoast SEO plugin v27.3 - https:\/\/yoast.com\/product\/yoast-seo-wordpress\/ -->\n<title>Vetgastril Plus \u2013 chien, chat &amp; NAC Pharmadiet - V\u00e9torino<\/title>\n<meta name=\"description\" content=\"Vetgastril Plus est un compl\u00e9ment alimentaire visant \u00e0 am\u00e9liorer la digestion.  Utilisation :   Chats, chiens, furets, rongeurs et oiseaux  Suspension orale\" \/>\n<meta name=\"robots\" content=\"noindex, nofollow\" \/>\n<meta property=\"og:locale\" content=\"fr_FR\" \/>\n<meta property=\"og:type\" content=\"article\" \/>\n<meta property=\"og:title\" content=\"Vetgastril Plus \u2013 chien, chat &amp; NAC Pharmadiet - V\u00e9torino\" \/>\n<meta property=\"og:description\" content=\"Vetgastril Plus est un compl\u00e9ment alimentaire visant \u00e0 am\u00e9liorer la digestion.  Utilisation :   Chats, chiens, furets, rongeurs et oiseaux  Suspension orale\" \/>\n<meta property=\"og:url\" content=\"https:\/\/www.vetorino.com\/veterinaire\/prunelli-di-fiumorbo-20243\/boutique\/product\/vetgastril\/\" \/>\n<meta property=\"og:site_name\" content=\"V\u00e9torino\" \/>\n<meta property=\"article:publisher\" content=\"https:\/\/www.facebook.com\/Vetorino\/\" \/>\n<meta property=\"article:modified_time\" content=\"2025-10-23T08:18:54+00:00\" \/>\n<meta property=\"og:image\" content=\"https:\/\/www.vetorino.com\/boutique\/wp-content\/uploads\/2023\/03\/Vetgastril_20ml_3D_CajaEnvase-Vista-actual.png\" \/>\n\t<meta property=\"og:image:width\" content=\"800\" \/>\n\t<meta property=\"og:image:height\" content=\"800\" \/>\n\t<meta property=\"og:image:type\" content=\"image\/png\" \/>\n<meta name=\"twitter:card\" content=\"summary_large_image\" \/>\n<meta name=\"twitter:label1\" content=\"Disponibilit\u00e9\" \/>\n\t<meta name=\"twitter:data1\" content=\"En stock\" \/>\n<script type=\"application\/ld+json\" class=\"yoast-schema-graph\">{\"@context\":\"https:\\\/\\\/schema.org\",\"@graph\":[{\"@type\":\"WebPage\",\"@id\":\"https:\\\/\\\/www.vetorino.com\\\/boutique\\\/product\\\/vetgastril\\\/\",\"url\":\"https:\\\/\\\/www.vetorino.com\\\/boutique\\\/product\\\/vetgastril\\\/\",\"name\":\"Vetgastril Plus \u2013 chien, chat &amp; NAC Pharmadiet - V\u00e9torino\",\"isPartOf\":{\"@id\":\"https:\\\/\\\/www.vetorino.com\\\/boutique\\\/#website\"},\"primaryImageOfPage\":{\"@id\":\"https:\\\/\\\/www.vetorino.com\\\/boutique\\\/product\\\/vetgastril\\\/#primaryimage\"},\"image\":{\"@id\":\"https:\\\/\\\/www.vetorino.com\\\/boutique\\\/product\\\/vetgastril\\\/#primaryimage\"},\"thumbnailUrl\":\"https:\\\/\\\/www.vetorino.com\\\/boutique\\\/wp-content\\\/uploads\\\/2023\\\/03\\\/Vetgastril_20ml_3D_CajaEnvase-Vista-actual.png\",\"datePublished\":\"2023-03-14T14:09:47+00:00\",\"dateModified\":\"2025-10-23T08:18:54+00:00\",\"description\":\"Vetgastril Plus est un compl\u00e9ment alimentaire visant \u00e0 am\u00e9liorer la digestion. Utilisation : Chats, chiens, furets, rongeurs et oiseaux Suspension orale\",\"breadcrumb\":{\"@id\":\"https:\\\/\\\/www.vetorino.com\\\/boutique\\\/product\\\/vetgastril\\\/#breadcrumb\"},\"inLanguage\":\"fr-FR\",\"potentialAction\":[{\"@type\":\"ReadAction\",\"target\":[\"https:\\\/\\\/www.vetorino.com\\\/boutique\\\/product\\\/vetgastril\\\/\"]}]},{\"@type\":\"ImageObject\",\"inLanguage\":\"fr-FR\",\"@id\":\"https:\\\/\\\/www.vetorino.com\\\/boutique\\\/product\\\/vetgastril\\\/#primaryimage\",\"url\":\"https:\\\/\\\/www.vetorino.com\\\/boutique\\\/wp-content\\\/uploads\\\/2023\\\/03\\\/Vetgastril_20ml_3D_CajaEnvase-Vista-actual.png\",\"contentUrl\":\"https:\\\/\\\/www.vetorino.com\\\/boutique\\\/wp-content\\\/uploads\\\/2023\\\/03\\\/Vetgastril_20ml_3D_CajaEnvase-Vista-actual.png\",\"width\":800,\"height\":800},{\"@type\":\"BreadcrumbList\",\"@id\":\"https:\\\/\\\/www.vetorino.com\\\/boutique\\\/product\\\/vetgastril\\\/#breadcrumb\",\"itemListElement\":[{\"@type\":\"ListItem\",\"position\":1,\"name\":\"Accueil\",\"item\":\"https:\\\/\\\/www.vetorino.com\\\/boutique\\\/\"},{\"@type\":\"ListItem\",\"position\":2,\"name\":\"Produits\",\"item\":\"https:\\\/\\\/www.vetorino.com\\\/boutique\\\/\"},{\"@type\":\"ListItem\",\"position\":3,\"name\":\"Vetgastril Plus \u2013 chien, chat &amp; NAC\"}]},{\"@type\":\"WebSite\",\"@id\":\"https:\\\/\\\/www.vetorino.com\\\/boutique\\\/#website\",\"url\":\"https:\\\/\\\/www.vetorino.com\\\/boutique\\\/\",\"name\":\"V\u00e9torino\",\"description\":\"\",\"publisher\":{\"@id\":\"https:\\\/\\\/www.vetorino.com\\\/boutique\\\/#organization\"},\"potentialAction\":[{\"@type\":\"SearchAction\",\"target\":{\"@type\":\"EntryPoint\",\"urlTemplate\":\"https:\\\/\\\/www.vetorino.com\\\/boutique\\\/?s={search_term_string}\"},\"query-input\":{\"@type\":\"PropertyValueSpecification\",\"valueRequired\":true,\"valueName\":\"search_term_string\"}}],\"inLanguage\":\"fr-FR\"},{\"@type\":\"Organization\",\"@id\":\"https:\\\/\\\/www.vetorino.com\\\/boutique\\\/#organization\",\"name\":\"V\u00e9torino\",\"url\":\"https:\\\/\\\/www.vetorino.com\\\/boutique\\\/\",\"logo\":{\"@type\":\"ImageObject\",\"inLanguage\":\"fr-FR\",\"@id\":\"https:\\\/\\\/www.vetorino.com\\\/boutique\\\/#\\\/schema\\\/logo\\\/image\\\/\",\"url\":\"https:\\\/\\\/www.vetorino.com\\\/boutique\\\/wp-content\\\/uploads\\\/2024\\\/10\\\/logo.jpg\",\"contentUrl\":\"https:\\\/\\\/www.vetorino.com\\\/boutique\\\/wp-content\\\/uploads\\\/2024\\\/10\\\/logo.jpg\",\"width\":1200,\"height\":610,\"caption\":\"V\u00e9torino\"},\"image\":{\"@id\":\"https:\\\/\\\/www.vetorino.com\\\/boutique\\\/#\\\/schema\\\/logo\\\/image\\\/\"},\"sameAs\":[\"https:\\\/\\\/www.facebook.com\\\/Vetorino\\\/\",\"https:\\\/\\\/www.instagram.com\\\/vetorino_off\\\/\",\"https:\\\/\\\/www.linkedin.com\\\/company\\\/vtorino\\\/\"]}]}<\/script>\n<meta property=\"product:brand\" content=\"Pharmadiet\" \/>\n<meta property=\"og:availability\" content=\"instock\" \/>\n<meta property=\"product:availability\" content=\"instock\" \/>\n<meta property=\"product:condition\" content=\"new\" \/>\n<!-- \/ Yoast SEO plugin. -->","yoast_head_json":{"title":"Vetgastril Plus \u2013 chien, chat &amp; NAC Pharmadiet - V\u00e9torino","description":"Vetgastril Plus est un compl\u00e9ment alimentaire visant \u00e0 am\u00e9liorer la digestion.  Utilisation :   Chats, chiens, furets, rongeurs et oiseaux  Suspension orale","robots":{"index":"noindex","follow":"nofollow"},"og_locale":"fr_FR","og_type":"article","og_title":"Vetgastril Plus \u2013 chien, chat &amp; NAC Pharmadiet - V\u00e9torino","og_description":"Vetgastril Plus est un compl\u00e9ment alimentaire visant \u00e0 am\u00e9liorer la digestion.  Utilisation :   Chats, chiens, furets, rongeurs et oiseaux  Suspension orale","og_url":"https:\/\/www.vetorino.com\/veterinaire\/prunelli-di-fiumorbo-20243\/boutique\/product\/vetgastril\/","og_site_name":"V\u00e9torino","article_publisher":"https:\/\/www.facebook.com\/Vetorino\/","article_modified_time":"2025-10-23T08:18:54+00:00","og_image":[{"width":800,"height":800,"url":"https:\/\/www.vetorino.com\/boutique\/wp-content\/uploads\/2023\/03\/Vetgastril_20ml_3D_CajaEnvase-Vista-actual.png","type":"image\/png"}],"twitter_card":"summary_large_image","twitter_misc":{"Disponibilit\u00e9":"En stock"},"schema":{"@context":"https:\/\/schema.org","@graph":[{"@type":"WebPage","@id":"https:\/\/www.vetorino.com\/boutique\/product\/vetgastril\/","url":"https:\/\/www.vetorino.com\/boutique\/product\/vetgastril\/","name":"Vetgastril Plus \u2013 chien, chat &amp; NAC Pharmadiet - V\u00e9torino","isPartOf":{"@id":"https:\/\/www.vetorino.com\/boutique\/#website"},"primaryImageOfPage":{"@id":"https:\/\/www.vetorino.com\/boutique\/product\/vetgastril\/#primaryimage"},"image":{"@id":"https:\/\/www.vetorino.com\/boutique\/product\/vetgastril\/#primaryimage"},"thumbnailUrl":"https:\/\/www.vetorino.com\/boutique\/wp-content\/uploads\/2023\/03\/Vetgastril_20ml_3D_CajaEnvase-Vista-actual.png","datePublished":"2023-03-14T14:09:47+00:00","dateModified":"2025-10-23T08:18:54+00:00","description":"Vetgastril Plus est un compl\u00e9ment alimentaire visant \u00e0 am\u00e9liorer la digestion. Utilisation : Chats, chiens, furets, rongeurs et oiseaux Suspension orale","breadcrumb":{"@id":"https:\/\/www.vetorino.com\/boutique\/product\/vetgastril\/#breadcrumb"},"inLanguage":"fr-FR","potentialAction":[{"@type":"ReadAction","target":["https:\/\/www.vetorino.com\/boutique\/product\/vetgastril\/"]}]},{"@type":"ImageObject","inLanguage":"fr-FR","@id":"https:\/\/www.vetorino.com\/boutique\/product\/vetgastril\/#primaryimage","url":"https:\/\/www.vetorino.com\/boutique\/wp-content\/uploads\/2023\/03\/Vetgastril_20ml_3D_CajaEnvase-Vista-actual.png","contentUrl":"https:\/\/www.vetorino.com\/boutique\/wp-content\/uploads\/2023\/03\/Vetgastril_20ml_3D_CajaEnvase-Vista-actual.png","width":800,"height":800},{"@type":"BreadcrumbList","@id":"https:\/\/www.vetorino.com\/boutique\/product\/vetgastril\/#breadcrumb","itemListElement":[{"@type":"ListItem","position":1,"name":"Accueil","item":"https:\/\/www.vetorino.com\/boutique\/"},{"@type":"ListItem","position":2,"name":"Produits","item":"https:\/\/www.vetorino.com\/boutique\/"},{"@type":"ListItem","position":3,"name":"Vetgastril Plus \u2013 chien, chat &amp; NAC"}]},{"@type":"WebSite","@id":"https:\/\/www.vetorino.com\/boutique\/#website","url":"https:\/\/www.vetorino.com\/boutique\/","name":"V\u00e9torino","description":"","publisher":{"@id":"https:\/\/www.vetorino.com\/boutique\/#organization"},"potentialAction":[{"@type":"SearchAction","target":{"@type":"EntryPoint","urlTemplate":"https:\/\/www.vetorino.com\/boutique\/?s={search_term_string}"},"query-input":{"@type":"PropertyValueSpecification","valueRequired":true,"valueName":"search_term_string"}}],"inLanguage":"fr-FR"},{"@type":"Organization","@id":"https:\/\/www.vetorino.com\/boutique\/#organization","name":"V\u00e9torino","url":"https:\/\/www.vetorino.com\/boutique\/","logo":{"@type":"ImageObject","inLanguage":"fr-FR","@id":"https:\/\/www.vetorino.com\/boutique\/#\/schema\/logo\/image\/","url":"https:\/\/www.vetorino.com\/boutique\/wp-content\/uploads\/2024\/10\/logo.jpg","contentUrl":"https:\/\/www.vetorino.com\/boutique\/wp-content\/uploads\/2024\/10\/logo.jpg","width":1200,"height":610,"caption":"V\u00e9torino"},"image":{"@id":"https:\/\/www.vetorino.com\/boutique\/#\/schema\/logo\/image\/"},"sameAs":["https:\/\/www.facebook.com\/Vetorino\/","https:\/\/www.instagram.com\/vetorino_off\/","https:\/\/www.linkedin.com\/company\/vtorino\/"]}]},"product_brand":"Pharmadiet","og_availability":"instock","product_availability":"instock","product_condition":"new"},"_links":{"self":[{"href":"https:\/\/www.vetorino.com\/veterinaire\/prunelli-di-fiumorbo-20243\/boutique\/wp-json\/wp\/v2\/product\/573782","targetHints":{"allow":["GET"]}}],"collection":[{"href":"https:\/\/www.vetorino.com\/veterinaire\/prunelli-di-fiumorbo-20243\/boutique\/wp-json\/wp\/v2\/product"}],"about":[{"href":"https:\/\/www.vetorino.com\/veterinaire\/prunelli-di-fiumorbo-20243\/boutique\/wp-json\/wp\/v2\/types\/product"}],"wp:featuredmedia":[{"embeddable":true,"href":"https:\/\/www.vetorino.com\/veterinaire\/prunelli-di-fiumorbo-20243\/boutique\/wp-json\/wp\/v2\/media\/1539754"}],"wp:attachment":[{"href":"https:\/\/www.vetorino.com\/veterinaire\/prunelli-di-fiumorbo-20243\/boutique\/wp-json\/wp\/v2\/media?parent=573782"}],"wp:term":[{"taxonomy":"product_cat","embeddable":true,"href":"https:\/\/www.vetorino.com\/veterinaire\/prunelli-di-fiumorbo-20243\/boutique\/wp-json\/wp\/v2\/product_cat?post=573782"},{"taxonomy":"product_tag","embeddable":true,"href":"https:\/\/www.vetorino.com\/veterinaire\/prunelli-di-fiumorbo-20243\/boutique\/wp-json\/wp\/v2\/product_tag?post=573782"}],"curies":[{"name":"wp","href":"https:\/\/api.w.org\/{rel}","templated":true}]}}