{"id":575456,"date":"2023-03-17T16:56:03","date_gmt":"2023-03-17T15:56:03","guid":{"rendered":"https:\/\/www.vetorino.com\/boutique\/product\/cat-sensitivity-control\/"},"modified":"2025-11-20T16:38:35","modified_gmt":"2025-11-20T15:38:35","slug":"cat-sensitivity-control","status":"publish","type":"product","link":"https:\/\/www.vetorino.com\/veterinaire\/prunelli-di-fiumorbo-20243\/boutique\/product\/cat-sensitivity-control\/","title":{"rendered":"Sensitivity Control \u2013 chat"},"content":{"rendered":"<p><strong>Royal Canin Cat Sensitivity Control est un aliment complet di\u00e9t\u00e9tique pour chat. Complexe brevet\u00e9 de 4 vitamines et d&#8217;un acide amin\u00e9. Le canard et le riz sont les deux seules sources de prot\u00e9ines et de glucides de cet aliment.<\/strong><\/p>\n<p><strong>Bienfaits essentiels\u00a0<\/strong><strong>:<\/strong><\/p>\n<ul>\n<li><strong>PROT\u00c9INES S\u00c9LECTIONN\u00c9ES :<\/strong><br \/>\nUn nombre limit\u00e9 de sources de prot\u00e9ines aide \u00e0 diminuer le risque d\u2019hypersensibilit\u00e9 alimentaire.<\/li>\n<li><strong>EPA\/DHA &amp; BARRI\u00c8RE CUTAN\u00c9E :<\/strong><br \/>\nAcides gras qui aident \u00e0 maintenir la bonne sant\u00e9 du syst\u00e8me digestif et de la peau. Formul\u00e9 pour soutenir la barri\u00e8re protectrice naturelle de la peau.<\/li>\n<li><strong>S\u00c9CURIT\u00c9 DIGESTIVE : <\/strong>Nutriments qui soutiennent l\u2019\u00e9quilibre du syst\u00e8me digestif.<\/li>\n<\/ul>\n<p>Cet aliment contribue \u00e0 rendre le milieu urinaire d\u00e9favorable au d\u00e9veloppement de calculs urinaires de struvite et d\u2019oxalate de calcium.<\/p>\n<p><strong>Cet aliment est destin\u00e9 \u00e0 la prise en charge nutritionnelle d\u2019une maladie. Pour la sant\u00e9 de votre animal, il est recommand\u00e9 de consulter votre v\u00e9t\u00e9rinaire et de respecter scrupuleusement ses recommandations nutritionnelles.<\/strong><\/p>\n","protected":false},"excerpt":{"rendered":"<p><strong>Royal Canin Cat Sensitivity Control est un aliment complet di\u00e9t\u00e9tique pour chat. Le canard et le riz sont les deux seules sources de prot\u00e9ines et de glucides de cet aliment.<br \/>\n<\/strong><\/p>\n<p><strong>Utilisation :<\/strong><\/p>\n<ul>\n<li>Hypersensibilit\u00e9 alimentaire \u00e0 expression dermatologique et\/ou digestive<\/li>\n<li>Syndrome atopique f\u00e9lin associ\u00e9 ou non \u00e0 une hypersensibilit\u00e9 alimentaire<\/li>\n<li>Ent\u00e9ropathie chronique (anciennement MICI)<\/li>\n<\/ul>\n<p><strong>Demander conseil \u00e0 un v\u00e9t\u00e9rinaire avant utilisation<\/strong><\/p>\n","protected":false},"featured_media":1517402,"template":"","meta":[],"product_cat":[12551,12581,2697],"product_tag":[],"class_list":{"0":"post-575456","1":"product","2":"type-product","3":"status-publish","4":"has-post-thumbnail","6":"product_cat-alimentation-du-chat","7":"product_cat-alimentation-medicalisee-pour-chat","8":"product_cat-chat","9":"pa_marque-royal-canin","11":"first","12":"instock","13":"taxable","14":"shipping-taxable","15":"purchasable","16":"product-type-variable"},"yoast_head":"<!-- This site is optimized with the Yoast SEO plugin v27.3 - https:\/\/yoast.com\/product\/yoast-seo-wordpress\/ -->\n<title>Veterinary Diet (Royal Canin) Sensitivity Control \u2013 chat Royal Canin - V\u00e9torino<\/title>\n<meta name=\"description\" content=\"Royal Canin Cat Sensitivity Control est un aliment complet di\u00e9t\u00e9tique pour chat. Le canard et le riz sont les deux seules sources de prot\u00e9ines et de glucides de cet aliment.   Utilisation :   Hypersensibilit\u00e9 alimentaire \u00e0 expression dermatologique et\/ou digestive  Syndrome atopique f\u00e9lin associ\u00e9 ou non \u00e0 une hypersensibilit\u00e9 alimentaire  Ent\u00e9ropathie chronique (anciennement MICI)  Demander conseil \u00e0 un v\u00e9t\u00e9rinaire avant utilisation\" \/>\n<meta name=\"robots\" content=\"noindex, nofollow\" \/>\n<meta property=\"og:locale\" content=\"fr_FR\" \/>\n<meta property=\"og:type\" content=\"article\" \/>\n<meta property=\"og:title\" content=\"Veterinary Diet (Royal Canin) Sensitivity Control \u2013 chat Royal Canin - V\u00e9torino\" \/>\n<meta property=\"og:description\" content=\"Royal Canin Cat Sensitivity Control est un aliment complet di\u00e9t\u00e9tique pour chat. Le canard et le riz sont les deux seules sources de prot\u00e9ines et de glucides de cet aliment.   Utilisation :   Hypersensibilit\u00e9 alimentaire \u00e0 expression dermatologique et\/ou digestive  Syndrome atopique f\u00e9lin associ\u00e9 ou non \u00e0 une hypersensibilit\u00e9 alimentaire  Ent\u00e9ropathie chronique (anciennement MICI)  Demander conseil \u00e0 un v\u00e9t\u00e9rinaire avant utilisation\" \/>\n<meta property=\"og:url\" content=\"https:\/\/www.vetorino.com\/veterinaire\/prunelli-di-fiumorbo-20243\/boutique\/product\/cat-sensitivity-control\/\" \/>\n<meta property=\"og:site_name\" content=\"V\u00e9torino\" \/>\n<meta property=\"article:publisher\" content=\"https:\/\/www.facebook.com\/Vetorino\/\" \/>\n<meta property=\"article:modified_time\" content=\"2025-11-20T15:38:35+00:00\" \/>\n<meta property=\"og:image\" content=\"https:\/\/www.vetorino.com\/boutique\/wp-content\/uploads\/2023\/03\/cat-sensitivity-control.webp\" \/>\n\t<meta property=\"og:image:width\" content=\"800\" \/>\n\t<meta property=\"og:image:height\" content=\"800\" \/>\n\t<meta property=\"og:image:type\" content=\"image\/webp\" \/>\n<meta name=\"twitter:card\" content=\"summary_large_image\" \/>\n<meta name=\"twitter:label1\" content=\"Disponibilit\u00e9\" \/>\n\t<meta name=\"twitter:data1\" content=\"En stock\" \/>\n<script type=\"application\/ld+json\" class=\"yoast-schema-graph\">{\"@context\":\"https:\\\/\\\/schema.org\",\"@graph\":[{\"@type\":\"WebPage\",\"@id\":\"https:\\\/\\\/www.vetorino.com\\\/veterinaire\\\/briancon-05100\\\/boutique\\\/product\\\/cat-sensitivity-control\\\/\",\"url\":\"https:\\\/\\\/www.vetorino.com\\\/veterinaire\\\/briancon-05100\\\/boutique\\\/product\\\/cat-sensitivity-control\\\/\",\"name\":\"Veterinary Diet (Royal Canin) Sensitivity Control \u2013 chat Royal Canin - V\u00e9torino\",\"isPartOf\":{\"@id\":\"https:\\\/\\\/www.vetorino.com\\\/boutique\\\/#website\"},\"primaryImageOfPage\":{\"@id\":\"https:\\\/\\\/www.vetorino.com\\\/veterinaire\\\/briancon-05100\\\/boutique\\\/product\\\/cat-sensitivity-control\\\/#primaryimage\"},\"image\":{\"@id\":\"https:\\\/\\\/www.vetorino.com\\\/veterinaire\\\/briancon-05100\\\/boutique\\\/product\\\/cat-sensitivity-control\\\/#primaryimage\"},\"thumbnailUrl\":\"https:\\\/\\\/www.vetorino.com\\\/boutique\\\/wp-content\\\/uploads\\\/2023\\\/03\\\/cat-sensitivity-control.webp\",\"datePublished\":\"2023-03-17T15:56:03+00:00\",\"dateModified\":\"2025-11-20T15:38:35+00:00\",\"description\":\"Royal Canin Cat Sensitivity Control est un aliment complet di\u00e9t\u00e9tique pour chat. Le canard et le riz sont les deux seules sources de prot\u00e9ines et de glucides de cet aliment. Utilisation : Hypersensibilit\u00e9 alimentaire \u00e0 expression dermatologique et\\\/ou digestive Syndrome atopique f\u00e9lin associ\u00e9 ou non \u00e0 une hypersensibilit\u00e9 alimentaire Ent\u00e9ropathie chronique (anciennement MICI) Demander conseil \u00e0 un v\u00e9t\u00e9rinaire avant utilisation\",\"breadcrumb\":{\"@id\":\"https:\\\/\\\/www.vetorino.com\\\/veterinaire\\\/briancon-05100\\\/boutique\\\/product\\\/cat-sensitivity-control\\\/#breadcrumb\"},\"inLanguage\":\"fr-FR\",\"potentialAction\":[{\"@type\":\"ReadAction\",\"target\":[\"https:\\\/\\\/www.vetorino.com\\\/veterinaire\\\/briancon-05100\\\/boutique\\\/product\\\/cat-sensitivity-control\\\/\"]}]},{\"@type\":\"ImageObject\",\"inLanguage\":\"fr-FR\",\"@id\":\"https:\\\/\\\/www.vetorino.com\\\/veterinaire\\\/briancon-05100\\\/boutique\\\/product\\\/cat-sensitivity-control\\\/#primaryimage\",\"url\":\"https:\\\/\\\/www.vetorino.com\\\/boutique\\\/wp-content\\\/uploads\\\/2023\\\/03\\\/cat-sensitivity-control.webp\",\"contentUrl\":\"https:\\\/\\\/www.vetorino.com\\\/boutique\\\/wp-content\\\/uploads\\\/2023\\\/03\\\/cat-sensitivity-control.webp\",\"width\":800,\"height\":800},{\"@type\":\"BreadcrumbList\",\"@id\":\"https:\\\/\\\/www.vetorino.com\\\/veterinaire\\\/briancon-05100\\\/boutique\\\/product\\\/cat-sensitivity-control\\\/#breadcrumb\",\"itemListElement\":[{\"@type\":\"ListItem\",\"position\":1,\"name\":\"Accueil\",\"item\":\"https:\\\/\\\/www.vetorino.com\\\/boutique\\\/\"},{\"@type\":\"ListItem\",\"position\":2,\"name\":\"Produits\",\"item\":\"https:\\\/\\\/www.vetorino.com\\\/boutique\\\/\"},{\"@type\":\"ListItem\",\"position\":3,\"name\":\"Sensitivity Control \u2013 chat\"}]},{\"@type\":\"WebSite\",\"@id\":\"https:\\\/\\\/www.vetorino.com\\\/boutique\\\/#website\",\"url\":\"https:\\\/\\\/www.vetorino.com\\\/boutique\\\/\",\"name\":\"V\u00e9torino\",\"description\":\"\",\"publisher\":{\"@id\":\"https:\\\/\\\/www.vetorino.com\\\/boutique\\\/#organization\"},\"potentialAction\":[{\"@type\":\"SearchAction\",\"target\":{\"@type\":\"EntryPoint\",\"urlTemplate\":\"https:\\\/\\\/www.vetorino.com\\\/boutique\\\/?s={search_term_string}\"},\"query-input\":{\"@type\":\"PropertyValueSpecification\",\"valueRequired\":true,\"valueName\":\"search_term_string\"}}],\"inLanguage\":\"fr-FR\"},{\"@type\":\"Organization\",\"@id\":\"https:\\\/\\\/www.vetorino.com\\\/boutique\\\/#organization\",\"name\":\"V\u00e9torino\",\"url\":\"https:\\\/\\\/www.vetorino.com\\\/boutique\\\/\",\"logo\":{\"@type\":\"ImageObject\",\"inLanguage\":\"fr-FR\",\"@id\":\"https:\\\/\\\/www.vetorino.com\\\/boutique\\\/#\\\/schema\\\/logo\\\/image\\\/\",\"url\":\"https:\\\/\\\/www.vetorino.com\\\/boutique\\\/wp-content\\\/uploads\\\/2024\\\/10\\\/logo.jpg\",\"contentUrl\":\"https:\\\/\\\/www.vetorino.com\\\/boutique\\\/wp-content\\\/uploads\\\/2024\\\/10\\\/logo.jpg\",\"width\":1200,\"height\":610,\"caption\":\"V\u00e9torino\"},\"image\":{\"@id\":\"https:\\\/\\\/www.vetorino.com\\\/boutique\\\/#\\\/schema\\\/logo\\\/image\\\/\"},\"sameAs\":[\"https:\\\/\\\/www.facebook.com\\\/Vetorino\\\/\",\"https:\\\/\\\/www.instagram.com\\\/vetorino_off\\\/\",\"https:\\\/\\\/www.linkedin.com\\\/company\\\/vtorino\\\/\"]}]}<\/script>\n<meta property=\"product:brand\" content=\"Royal Canin\" \/>\n<meta property=\"og:availability\" content=\"instock\" \/>\n<meta property=\"product:availability\" content=\"instock\" \/>\n<meta property=\"product:condition\" content=\"new\" \/>\n<!-- \/ Yoast SEO plugin. -->","yoast_head_json":{"title":"Veterinary Diet (Royal Canin) Sensitivity Control \u2013 chat Royal Canin - V\u00e9torino","description":"Royal Canin Cat Sensitivity Control est un aliment complet di\u00e9t\u00e9tique pour chat. Le canard et le riz sont les deux seules sources de prot\u00e9ines et de glucides de cet aliment.   Utilisation :   Hypersensibilit\u00e9 alimentaire \u00e0 expression dermatologique et\/ou digestive  Syndrome atopique f\u00e9lin associ\u00e9 ou non \u00e0 une hypersensibilit\u00e9 alimentaire  Ent\u00e9ropathie chronique (anciennement MICI)  Demander conseil \u00e0 un v\u00e9t\u00e9rinaire avant utilisation","robots":{"index":"noindex","follow":"nofollow"},"og_locale":"fr_FR","og_type":"article","og_title":"Veterinary Diet (Royal Canin) Sensitivity Control \u2013 chat Royal Canin - V\u00e9torino","og_description":"Royal Canin Cat Sensitivity Control est un aliment complet di\u00e9t\u00e9tique pour chat. Le canard et le riz sont les deux seules sources de prot\u00e9ines et de glucides de cet aliment.   Utilisation :   Hypersensibilit\u00e9 alimentaire \u00e0 expression dermatologique et\/ou digestive  Syndrome atopique f\u00e9lin associ\u00e9 ou non \u00e0 une hypersensibilit\u00e9 alimentaire  Ent\u00e9ropathie chronique (anciennement MICI)  Demander conseil \u00e0 un v\u00e9t\u00e9rinaire avant utilisation","og_url":"https:\/\/www.vetorino.com\/veterinaire\/prunelli-di-fiumorbo-20243\/boutique\/product\/cat-sensitivity-control\/","og_site_name":"V\u00e9torino","article_publisher":"https:\/\/www.facebook.com\/Vetorino\/","article_modified_time":"2025-11-20T15:38:35+00:00","og_image":[{"width":800,"height":800,"url":"https:\/\/www.vetorino.com\/boutique\/wp-content\/uploads\/2023\/03\/cat-sensitivity-control.webp","type":"image\/webp"}],"twitter_card":"summary_large_image","twitter_misc":{"Disponibilit\u00e9":"En stock"},"schema":{"@context":"https:\/\/schema.org","@graph":[{"@type":"WebPage","@id":"https:\/\/www.vetorino.com\/veterinaire\/briancon-05100\/boutique\/product\/cat-sensitivity-control\/","url":"https:\/\/www.vetorino.com\/veterinaire\/briancon-05100\/boutique\/product\/cat-sensitivity-control\/","name":"Veterinary Diet (Royal Canin) Sensitivity Control \u2013 chat Royal Canin - V\u00e9torino","isPartOf":{"@id":"https:\/\/www.vetorino.com\/boutique\/#website"},"primaryImageOfPage":{"@id":"https:\/\/www.vetorino.com\/veterinaire\/briancon-05100\/boutique\/product\/cat-sensitivity-control\/#primaryimage"},"image":{"@id":"https:\/\/www.vetorino.com\/veterinaire\/briancon-05100\/boutique\/product\/cat-sensitivity-control\/#primaryimage"},"thumbnailUrl":"https:\/\/www.vetorino.com\/boutique\/wp-content\/uploads\/2023\/03\/cat-sensitivity-control.webp","datePublished":"2023-03-17T15:56:03+00:00","dateModified":"2025-11-20T15:38:35+00:00","description":"Royal Canin Cat Sensitivity Control est un aliment complet di\u00e9t\u00e9tique pour chat. Le canard et le riz sont les deux seules sources de prot\u00e9ines et de glucides de cet aliment. Utilisation : Hypersensibilit\u00e9 alimentaire \u00e0 expression dermatologique et\/ou digestive Syndrome atopique f\u00e9lin associ\u00e9 ou non \u00e0 une hypersensibilit\u00e9 alimentaire Ent\u00e9ropathie chronique (anciennement MICI) Demander conseil \u00e0 un v\u00e9t\u00e9rinaire avant utilisation","breadcrumb":{"@id":"https:\/\/www.vetorino.com\/veterinaire\/briancon-05100\/boutique\/product\/cat-sensitivity-control\/#breadcrumb"},"inLanguage":"fr-FR","potentialAction":[{"@type":"ReadAction","target":["https:\/\/www.vetorino.com\/veterinaire\/briancon-05100\/boutique\/product\/cat-sensitivity-control\/"]}]},{"@type":"ImageObject","inLanguage":"fr-FR","@id":"https:\/\/www.vetorino.com\/veterinaire\/briancon-05100\/boutique\/product\/cat-sensitivity-control\/#primaryimage","url":"https:\/\/www.vetorino.com\/boutique\/wp-content\/uploads\/2023\/03\/cat-sensitivity-control.webp","contentUrl":"https:\/\/www.vetorino.com\/boutique\/wp-content\/uploads\/2023\/03\/cat-sensitivity-control.webp","width":800,"height":800},{"@type":"BreadcrumbList","@id":"https:\/\/www.vetorino.com\/veterinaire\/briancon-05100\/boutique\/product\/cat-sensitivity-control\/#breadcrumb","itemListElement":[{"@type":"ListItem","position":1,"name":"Accueil","item":"https:\/\/www.vetorino.com\/boutique\/"},{"@type":"ListItem","position":2,"name":"Produits","item":"https:\/\/www.vetorino.com\/boutique\/"},{"@type":"ListItem","position":3,"name":"Sensitivity Control \u2013 chat"}]},{"@type":"WebSite","@id":"https:\/\/www.vetorino.com\/boutique\/#website","url":"https:\/\/www.vetorino.com\/boutique\/","name":"V\u00e9torino","description":"","publisher":{"@id":"https:\/\/www.vetorino.com\/boutique\/#organization"},"potentialAction":[{"@type":"SearchAction","target":{"@type":"EntryPoint","urlTemplate":"https:\/\/www.vetorino.com\/boutique\/?s={search_term_string}"},"query-input":{"@type":"PropertyValueSpecification","valueRequired":true,"valueName":"search_term_string"}}],"inLanguage":"fr-FR"},{"@type":"Organization","@id":"https:\/\/www.vetorino.com\/boutique\/#organization","name":"V\u00e9torino","url":"https:\/\/www.vetorino.com\/boutique\/","logo":{"@type":"ImageObject","inLanguage":"fr-FR","@id":"https:\/\/www.vetorino.com\/boutique\/#\/schema\/logo\/image\/","url":"https:\/\/www.vetorino.com\/boutique\/wp-content\/uploads\/2024\/10\/logo.jpg","contentUrl":"https:\/\/www.vetorino.com\/boutique\/wp-content\/uploads\/2024\/10\/logo.jpg","width":1200,"height":610,"caption":"V\u00e9torino"},"image":{"@id":"https:\/\/www.vetorino.com\/boutique\/#\/schema\/logo\/image\/"},"sameAs":["https:\/\/www.facebook.com\/Vetorino\/","https:\/\/www.instagram.com\/vetorino_off\/","https:\/\/www.linkedin.com\/company\/vtorino\/"]}]},"product_brand":"Royal Canin","og_availability":"instock","product_availability":"instock","product_condition":"new"},"_links":{"self":[{"href":"https:\/\/www.vetorino.com\/veterinaire\/prunelli-di-fiumorbo-20243\/boutique\/wp-json\/wp\/v2\/product\/575456","targetHints":{"allow":["GET"]}}],"collection":[{"href":"https:\/\/www.vetorino.com\/veterinaire\/prunelli-di-fiumorbo-20243\/boutique\/wp-json\/wp\/v2\/product"}],"about":[{"href":"https:\/\/www.vetorino.com\/veterinaire\/prunelli-di-fiumorbo-20243\/boutique\/wp-json\/wp\/v2\/types\/product"}],"wp:featuredmedia":[{"embeddable":true,"href":"https:\/\/www.vetorino.com\/veterinaire\/prunelli-di-fiumorbo-20243\/boutique\/wp-json\/wp\/v2\/media\/1517402"}],"wp:attachment":[{"href":"https:\/\/www.vetorino.com\/veterinaire\/prunelli-di-fiumorbo-20243\/boutique\/wp-json\/wp\/v2\/media?parent=575456"}],"wp:term":[{"taxonomy":"product_cat","embeddable":true,"href":"https:\/\/www.vetorino.com\/veterinaire\/prunelli-di-fiumorbo-20243\/boutique\/wp-json\/wp\/v2\/product_cat?post=575456"},{"taxonomy":"product_tag","embeddable":true,"href":"https:\/\/www.vetorino.com\/veterinaire\/prunelli-di-fiumorbo-20243\/boutique\/wp-json\/wp\/v2\/product_tag?post=575456"}],"curies":[{"name":"wp","href":"https:\/\/api.w.org\/{rel}","templated":true}]}}