{"id":619126,"date":"2023-05-22T10:55:40","date_gmt":"2023-05-22T08:55:40","guid":{"rendered":"https:\/\/www.vetorino.com\/boutique\/product\/lagrinet-neo-2\/"},"modified":"2025-08-06T10:48:20","modified_gmt":"2025-08-06T08:48:20","slug":"lagrinet-neo-2","status":"publish","type":"product","link":"https:\/\/www.vetorino.com\/veterinaire\/prunelli-di-fiumorbo-20243\/boutique\/product\/lagrinet-neo-2\/","title":{"rendered":"Lagrinet Neo &#8211; multi-esp\u00e8ces"},"content":{"rendered":"<div class=\"mf-initial\" data-was-processed=\"true\">\n<p><strong>Solution hydratante. Produit pour l\u2019hygi\u00e8ne et le soin des yeux des<\/strong>\u00a0<strong>chats, chiens, furets, lapins, rongeurs, reptiles, oiseaux, chevaux.<\/strong><\/p>\n<p><strong>Utilisation :<\/strong><\/p>\n<ul>\n<li>L\u2019entretien, l\u2019hygi\u00e8ne et le soin des yeux<\/li>\n<li>Les situations dans lesquelles une diminution de la s\u00e9cr\u00e9tion lacrymale est observ\u00e9e<\/li>\n<li>De petites l\u00e9sions oculaires caus\u00e9es par des corps \u00e9trangers<\/li>\n<li>Un contact avec des allerg\u00e8nes<\/li>\n<\/ul>\n<p><strong>Avantages :<\/strong><\/p>\n<ul>\n<li>Lagrinet Neo est une solution st\u00e9rile \u00e0 base de hyaluronate de sodium, d\u2019eau distill\u00e9e d\u2019Aloe vera et d\u2019eau distill\u00e9e de Centella asiatica.<\/li>\n<li>Elle poss\u00e8de une action hydratante et filmog\u00e8ne, qui permet de maintenir l\u2019int\u00e9grit\u00e9 de la surface de la conjonctive, de l\u2019\u00e9pith\u00e9lium corn\u00e9en et du film lacrymal, prot\u00e9geant ainsi la surface de l\u2019\u0153il contre les irritations provoqu\u00e9es par des corps \u00e9trangers ou un contact avec des allerg\u00e8nes.<\/li>\n<li>L\u2019absence de conservateurs permet d\u2019\u00e9viter les effets nocifs d\u00e9riv\u00e9s de leur utilisation sur l\u2019\u00e9pith\u00e9lium corn\u00e9en, rendant ainsi possibles des applications plus fr\u00e9quentes et am\u00e9liorant<\/li>\n<\/ul>\n<p><strong>Mode d&#8217;emploi :<\/strong><\/p>\n<p>Ouvrir le flacon et appliquer 1 goutte sur la surface de chaque \u0153il en pressant le flacon. Peut \u00eatre utilis\u00e9 \u00e0 la fr\u00e9quence n\u00e9cessaire, puisqu\u2019il ne contient aucun conservateur.<br \/>\nPeut-\u00eatre utilis\u00e9 pendant 3 mois apr\u00e8s la premi\u00e8re ouverture du flacon, gr\u00e2ce au syst\u00e8me multidose (OSD). Utilisation continue. S\u2019agissant d\u2019une solution sans conservateurs, le produit peut \u00eatre utilis\u00e9 de mani\u00e8re prolong\u00e9e tant que les sympt\u00f4mes persistent. \u00c9viter le contact de l\u2019applicateur avec toute surface.<\/p>\n<p>Usage topique.<\/p>\n<\/div>\n","protected":false},"excerpt":{"rendered":"<p><strong>Solution hydratante. Produit pour l\u2019hygi\u00e8ne et le soin des yeux des<\/strong>\u00a0<strong>chats, chiens, furets, lapins, rongeurs, reptiles, oiseaux, chevaux.<\/strong><\/p>\n<p><strong>Utilisation :<\/strong><\/p>\n<ul>\n<li>L\u2019entretien, l\u2019hygi\u00e8ne et le soin des yeux<\/li>\n<li>Les situations dans lesquelles une diminution de la s\u00e9cr\u00e9tion lacrymale est observ\u00e9e<\/li>\n<li>De petites l\u00e9sions oculaires caus\u00e9es par des corps \u00e9trangers<\/li>\n<li>Un contact avec des allerg\u00e8nes<\/li>\n<\/ul>\n","protected":false},"featured_media":619128,"template":"","meta":[],"product_cat":[2697,2698,2744,12615,12616,12560,12561,12617,12619,15841,2727,2746,15840,12570,15842],"product_tag":[],"class_list":{"0":"post-619126","1":"product","2":"type-product","3":"status-publish","4":"has-post-thumbnail","6":"product_cat-chat","7":"product_cat-chien","8":"product_cat-furet","9":"product_cat-hygiene-des-yeux-du-chat","10":"product_cat-hygiene-des-yeux-du-chien","11":"product_cat-hygiene-du-chat","12":"product_cat-hygiene-du-chien","13":"product_cat-hygiene-du-furet","14":"product_cat-hygiene-du-rongeur","15":"product_cat-lapins","16":"product_cat-nac","17":"product_cat-oiseau","18":"product_cat-oiseaux","19":"product_cat-rongeur","20":"product_cat-rongeurs","21":"pa_marque-pharmadiet","23":"first","24":"instock","25":"taxable","26":"shipping-taxable","27":"purchasable","28":"product-type-simple"},"yoast_head":"<!-- This site is optimized with the Yoast SEO plugin v27.3 - https:\/\/yoast.com\/product\/yoast-seo-wordpress\/ -->\n<title>Lagrinet Neo - multi-esp\u00e8ces Pharmadiet - V\u00e9torino<\/title>\n<meta name=\"description\" content=\"Solution hydratante. Produit pour l\u2019hygi\u00e8ne et le soin des yeux des\u00a0chats, chiens, furets, lapins, rongeurs, reptiles, oiseaux, chevaux.  Utilisation :   L\u2019entretien, l\u2019hygi\u00e8ne et le soin des yeux  Les situations dans lesquelles une diminution de la s\u00e9cr\u00e9tion lacrymale est observ\u00e9e  De petites l\u00e9sions oculaires caus\u00e9es par des corps \u00e9trangers  Un contact avec des allerg\u00e8nes\" \/>\n<meta name=\"robots\" content=\"noindex, nofollow\" \/>\n<meta property=\"og:locale\" content=\"fr_FR\" \/>\n<meta property=\"og:type\" content=\"article\" \/>\n<meta property=\"og:title\" content=\"Lagrinet Neo - multi-esp\u00e8ces Pharmadiet - V\u00e9torino\" \/>\n<meta property=\"og:description\" content=\"Solution hydratante. Produit pour l\u2019hygi\u00e8ne et le soin des yeux des\u00a0chats, chiens, furets, lapins, rongeurs, reptiles, oiseaux, chevaux.  Utilisation :   L\u2019entretien, l\u2019hygi\u00e8ne et le soin des yeux  Les situations dans lesquelles une diminution de la s\u00e9cr\u00e9tion lacrymale est observ\u00e9e  De petites l\u00e9sions oculaires caus\u00e9es par des corps \u00e9trangers  Un contact avec des allerg\u00e8nes\" \/>\n<meta property=\"og:url\" content=\"https:\/\/www.vetorino.com\/veterinaire\/prunelli-di-fiumorbo-20243\/boutique\/product\/lagrinet-neo-2\/\" \/>\n<meta property=\"og:site_name\" content=\"V\u00e9torino\" \/>\n<meta property=\"article:publisher\" content=\"https:\/\/www.facebook.com\/Vetorino\/\" \/>\n<meta property=\"article:modified_time\" content=\"2025-08-06T08:48:20+00:00\" \/>\n<meta property=\"og:image\" content=\"https:\/\/www.vetorino.com\/boutique\/wp-content\/uploads\/2023\/05\/lagrinet-neo-solucion-lagrimal-perros-pharmadiet22.jpg\" \/>\n\t<meta property=\"og:image:width\" content=\"560\" \/>\n\t<meta property=\"og:image:height\" content=\"560\" \/>\n\t<meta property=\"og:image:type\" content=\"image\/jpeg\" \/>\n<meta name=\"twitter:card\" content=\"summary_large_image\" \/>\n<meta name=\"twitter:label1\" content=\"Prix\" \/>\n\t<meta name=\"twitter:data1\" content=\"18,33&euro;\" \/>\n\t<meta name=\"twitter:label2\" content=\"Disponibilit\u00e9\" \/>\n\t<meta name=\"twitter:data2\" content=\"En stock\" \/>\n<script type=\"application\/ld+json\" class=\"yoast-schema-graph\">{\"@context\":\"https:\\\/\\\/schema.org\",\"@graph\":[{\"@type\":\"WebPage\",\"@id\":\"https:\\\/\\\/www.vetorino.com\\\/boutique\\\/product\\\/lagrinet-neo-2\\\/\",\"url\":\"https:\\\/\\\/www.vetorino.com\\\/boutique\\\/product\\\/lagrinet-neo-2\\\/\",\"name\":\"Lagrinet Neo - multi-esp\u00e8ces Pharmadiet - V\u00e9torino\",\"isPartOf\":{\"@id\":\"https:\\\/\\\/www.vetorino.com\\\/boutique\\\/#website\"},\"primaryImageOfPage\":{\"@id\":\"https:\\\/\\\/www.vetorino.com\\\/boutique\\\/product\\\/lagrinet-neo-2\\\/#primaryimage\"},\"image\":{\"@id\":\"https:\\\/\\\/www.vetorino.com\\\/boutique\\\/product\\\/lagrinet-neo-2\\\/#primaryimage\"},\"thumbnailUrl\":\"https:\\\/\\\/www.vetorino.com\\\/boutique\\\/wp-content\\\/uploads\\\/2023\\\/05\\\/lagrinet-neo-solucion-lagrimal-perros-pharmadiet22.jpg\",\"datePublished\":\"2023-05-22T08:55:40+00:00\",\"dateModified\":\"2025-08-06T08:48:20+00:00\",\"description\":\"Solution hydratante. Produit pour l\u2019hygi\u00e8ne et le soin des yeux des\u00a0chats, chiens, furets, lapins, rongeurs, reptiles, oiseaux, chevaux. Utilisation : L\u2019entretien, l\u2019hygi\u00e8ne et le soin des yeux Les situations dans lesquelles une diminution de la s\u00e9cr\u00e9tion lacrymale est observ\u00e9e De petites l\u00e9sions oculaires caus\u00e9es par des corps \u00e9trangers Un contact avec des allerg\u00e8nes\",\"breadcrumb\":{\"@id\":\"https:\\\/\\\/www.vetorino.com\\\/boutique\\\/product\\\/lagrinet-neo-2\\\/#breadcrumb\"},\"inLanguage\":\"fr-FR\",\"potentialAction\":[{\"@type\":\"ReadAction\",\"target\":[\"https:\\\/\\\/www.vetorino.com\\\/boutique\\\/product\\\/lagrinet-neo-2\\\/\"]}]},{\"@type\":\"ImageObject\",\"inLanguage\":\"fr-FR\",\"@id\":\"https:\\\/\\\/www.vetorino.com\\\/boutique\\\/product\\\/lagrinet-neo-2\\\/#primaryimage\",\"url\":\"https:\\\/\\\/www.vetorino.com\\\/boutique\\\/wp-content\\\/uploads\\\/2023\\\/05\\\/lagrinet-neo-solucion-lagrimal-perros-pharmadiet22.jpg\",\"contentUrl\":\"https:\\\/\\\/www.vetorino.com\\\/boutique\\\/wp-content\\\/uploads\\\/2023\\\/05\\\/lagrinet-neo-solucion-lagrimal-perros-pharmadiet22.jpg\",\"width\":560,\"height\":560},{\"@type\":\"BreadcrumbList\",\"@id\":\"https:\\\/\\\/www.vetorino.com\\\/boutique\\\/product\\\/lagrinet-neo-2\\\/#breadcrumb\",\"itemListElement\":[{\"@type\":\"ListItem\",\"position\":1,\"name\":\"Accueil\",\"item\":\"https:\\\/\\\/www.vetorino.com\\\/boutique\\\/\"},{\"@type\":\"ListItem\",\"position\":2,\"name\":\"Produits\",\"item\":\"https:\\\/\\\/www.vetorino.com\\\/boutique\\\/\"},{\"@type\":\"ListItem\",\"position\":3,\"name\":\"Lagrinet Neo &#8211; multi-esp\u00e8ces\"}]},{\"@type\":\"WebSite\",\"@id\":\"https:\\\/\\\/www.vetorino.com\\\/boutique\\\/#website\",\"url\":\"https:\\\/\\\/www.vetorino.com\\\/boutique\\\/\",\"name\":\"V\u00e9torino\",\"description\":\"\",\"publisher\":{\"@id\":\"https:\\\/\\\/www.vetorino.com\\\/boutique\\\/#organization\"},\"potentialAction\":[{\"@type\":\"SearchAction\",\"target\":{\"@type\":\"EntryPoint\",\"urlTemplate\":\"https:\\\/\\\/www.vetorino.com\\\/boutique\\\/?s={search_term_string}\"},\"query-input\":{\"@type\":\"PropertyValueSpecification\",\"valueRequired\":true,\"valueName\":\"search_term_string\"}}],\"inLanguage\":\"fr-FR\"},{\"@type\":\"Organization\",\"@id\":\"https:\\\/\\\/www.vetorino.com\\\/boutique\\\/#organization\",\"name\":\"V\u00e9torino\",\"url\":\"https:\\\/\\\/www.vetorino.com\\\/boutique\\\/\",\"logo\":{\"@type\":\"ImageObject\",\"inLanguage\":\"fr-FR\",\"@id\":\"https:\\\/\\\/www.vetorino.com\\\/boutique\\\/#\\\/schema\\\/logo\\\/image\\\/\",\"url\":\"https:\\\/\\\/www.vetorino.com\\\/boutique\\\/wp-content\\\/uploads\\\/2024\\\/10\\\/logo.jpg\",\"contentUrl\":\"https:\\\/\\\/www.vetorino.com\\\/boutique\\\/wp-content\\\/uploads\\\/2024\\\/10\\\/logo.jpg\",\"width\":1200,\"height\":610,\"caption\":\"V\u00e9torino\"},\"image\":{\"@id\":\"https:\\\/\\\/www.vetorino.com\\\/boutique\\\/#\\\/schema\\\/logo\\\/image\\\/\"},\"sameAs\":[\"https:\\\/\\\/www.facebook.com\\\/Vetorino\\\/\",\"https:\\\/\\\/www.instagram.com\\\/vetorino_off\\\/\",\"https:\\\/\\\/www.linkedin.com\\\/company\\\/vtorino\\\/\"]}]}<\/script>\n<meta property=\"product:brand\" content=\"Pharmadiet\" \/>\n<meta property=\"product:price:amount\" content=\"18.33\" \/>\n<meta property=\"product:price:currency\" content=\"EUR\" \/>\n<meta property=\"og:availability\" content=\"instock\" \/>\n<meta property=\"product:availability\" content=\"instock\" \/>\n<meta property=\"product:retailer_item_id\" content=\"A-1875000\" \/>\n<meta property=\"product:condition\" content=\"new\" \/>\n<!-- \/ Yoast SEO plugin. -->","yoast_head_json":{"title":"Lagrinet Neo - multi-esp\u00e8ces Pharmadiet - V\u00e9torino","description":"Solution hydratante. Produit pour l\u2019hygi\u00e8ne et le soin des yeux des\u00a0chats, chiens, furets, lapins, rongeurs, reptiles, oiseaux, chevaux.  Utilisation :   L\u2019entretien, l\u2019hygi\u00e8ne et le soin des yeux  Les situations dans lesquelles une diminution de la s\u00e9cr\u00e9tion lacrymale est observ\u00e9e  De petites l\u00e9sions oculaires caus\u00e9es par des corps \u00e9trangers  Un contact avec des allerg\u00e8nes","robots":{"index":"noindex","follow":"nofollow"},"og_locale":"fr_FR","og_type":"article","og_title":"Lagrinet Neo - multi-esp\u00e8ces Pharmadiet - V\u00e9torino","og_description":"Solution hydratante. Produit pour l\u2019hygi\u00e8ne et le soin des yeux des\u00a0chats, chiens, furets, lapins, rongeurs, reptiles, oiseaux, chevaux.  Utilisation :   L\u2019entretien, l\u2019hygi\u00e8ne et le soin des yeux  Les situations dans lesquelles une diminution de la s\u00e9cr\u00e9tion lacrymale est observ\u00e9e  De petites l\u00e9sions oculaires caus\u00e9es par des corps \u00e9trangers  Un contact avec des allerg\u00e8nes","og_url":"https:\/\/www.vetorino.com\/veterinaire\/prunelli-di-fiumorbo-20243\/boutique\/product\/lagrinet-neo-2\/","og_site_name":"V\u00e9torino","article_publisher":"https:\/\/www.facebook.com\/Vetorino\/","article_modified_time":"2025-08-06T08:48:20+00:00","og_image":[{"width":560,"height":560,"url":"https:\/\/www.vetorino.com\/boutique\/wp-content\/uploads\/2023\/05\/lagrinet-neo-solucion-lagrimal-perros-pharmadiet22.jpg","type":"image\/jpeg"}],"twitter_card":"summary_large_image","twitter_misc":{"Prix":"18,33&euro;","Disponibilit\u00e9":"En stock"},"schema":{"@context":"https:\/\/schema.org","@graph":[{"@type":"WebPage","@id":"https:\/\/www.vetorino.com\/boutique\/product\/lagrinet-neo-2\/","url":"https:\/\/www.vetorino.com\/boutique\/product\/lagrinet-neo-2\/","name":"Lagrinet Neo - multi-esp\u00e8ces Pharmadiet - V\u00e9torino","isPartOf":{"@id":"https:\/\/www.vetorino.com\/boutique\/#website"},"primaryImageOfPage":{"@id":"https:\/\/www.vetorino.com\/boutique\/product\/lagrinet-neo-2\/#primaryimage"},"image":{"@id":"https:\/\/www.vetorino.com\/boutique\/product\/lagrinet-neo-2\/#primaryimage"},"thumbnailUrl":"https:\/\/www.vetorino.com\/boutique\/wp-content\/uploads\/2023\/05\/lagrinet-neo-solucion-lagrimal-perros-pharmadiet22.jpg","datePublished":"2023-05-22T08:55:40+00:00","dateModified":"2025-08-06T08:48:20+00:00","description":"Solution hydratante. Produit pour l\u2019hygi\u00e8ne et le soin des yeux des\u00a0chats, chiens, furets, lapins, rongeurs, reptiles, oiseaux, chevaux. Utilisation : L\u2019entretien, l\u2019hygi\u00e8ne et le soin des yeux Les situations dans lesquelles une diminution de la s\u00e9cr\u00e9tion lacrymale est observ\u00e9e De petites l\u00e9sions oculaires caus\u00e9es par des corps \u00e9trangers Un contact avec des allerg\u00e8nes","breadcrumb":{"@id":"https:\/\/www.vetorino.com\/boutique\/product\/lagrinet-neo-2\/#breadcrumb"},"inLanguage":"fr-FR","potentialAction":[{"@type":"ReadAction","target":["https:\/\/www.vetorino.com\/boutique\/product\/lagrinet-neo-2\/"]}]},{"@type":"ImageObject","inLanguage":"fr-FR","@id":"https:\/\/www.vetorino.com\/boutique\/product\/lagrinet-neo-2\/#primaryimage","url":"https:\/\/www.vetorino.com\/boutique\/wp-content\/uploads\/2023\/05\/lagrinet-neo-solucion-lagrimal-perros-pharmadiet22.jpg","contentUrl":"https:\/\/www.vetorino.com\/boutique\/wp-content\/uploads\/2023\/05\/lagrinet-neo-solucion-lagrimal-perros-pharmadiet22.jpg","width":560,"height":560},{"@type":"BreadcrumbList","@id":"https:\/\/www.vetorino.com\/boutique\/product\/lagrinet-neo-2\/#breadcrumb","itemListElement":[{"@type":"ListItem","position":1,"name":"Accueil","item":"https:\/\/www.vetorino.com\/boutique\/"},{"@type":"ListItem","position":2,"name":"Produits","item":"https:\/\/www.vetorino.com\/boutique\/"},{"@type":"ListItem","position":3,"name":"Lagrinet Neo &#8211; multi-esp\u00e8ces"}]},{"@type":"WebSite","@id":"https:\/\/www.vetorino.com\/boutique\/#website","url":"https:\/\/www.vetorino.com\/boutique\/","name":"V\u00e9torino","description":"","publisher":{"@id":"https:\/\/www.vetorino.com\/boutique\/#organization"},"potentialAction":[{"@type":"SearchAction","target":{"@type":"EntryPoint","urlTemplate":"https:\/\/www.vetorino.com\/boutique\/?s={search_term_string}"},"query-input":{"@type":"PropertyValueSpecification","valueRequired":true,"valueName":"search_term_string"}}],"inLanguage":"fr-FR"},{"@type":"Organization","@id":"https:\/\/www.vetorino.com\/boutique\/#organization","name":"V\u00e9torino","url":"https:\/\/www.vetorino.com\/boutique\/","logo":{"@type":"ImageObject","inLanguage":"fr-FR","@id":"https:\/\/www.vetorino.com\/boutique\/#\/schema\/logo\/image\/","url":"https:\/\/www.vetorino.com\/boutique\/wp-content\/uploads\/2024\/10\/logo.jpg","contentUrl":"https:\/\/www.vetorino.com\/boutique\/wp-content\/uploads\/2024\/10\/logo.jpg","width":1200,"height":610,"caption":"V\u00e9torino"},"image":{"@id":"https:\/\/www.vetorino.com\/boutique\/#\/schema\/logo\/image\/"},"sameAs":["https:\/\/www.facebook.com\/Vetorino\/","https:\/\/www.instagram.com\/vetorino_off\/","https:\/\/www.linkedin.com\/company\/vtorino\/"]}]},"product_brand":"Pharmadiet","product_price_amount":"18.33","product_price_currency":"EUR","og_availability":"instock","product_availability":"instock","product_retailer_item_id":"A-1875000","product_condition":"new"},"_links":{"self":[{"href":"https:\/\/www.vetorino.com\/veterinaire\/prunelli-di-fiumorbo-20243\/boutique\/wp-json\/wp\/v2\/product\/619126","targetHints":{"allow":["GET"]}}],"collection":[{"href":"https:\/\/www.vetorino.com\/veterinaire\/prunelli-di-fiumorbo-20243\/boutique\/wp-json\/wp\/v2\/product"}],"about":[{"href":"https:\/\/www.vetorino.com\/veterinaire\/prunelli-di-fiumorbo-20243\/boutique\/wp-json\/wp\/v2\/types\/product"}],"wp:featuredmedia":[{"embeddable":true,"href":"https:\/\/www.vetorino.com\/veterinaire\/prunelli-di-fiumorbo-20243\/boutique\/wp-json\/wp\/v2\/media\/619128"}],"wp:attachment":[{"href":"https:\/\/www.vetorino.com\/veterinaire\/prunelli-di-fiumorbo-20243\/boutique\/wp-json\/wp\/v2\/media?parent=619126"}],"wp:term":[{"taxonomy":"product_cat","embeddable":true,"href":"https:\/\/www.vetorino.com\/veterinaire\/prunelli-di-fiumorbo-20243\/boutique\/wp-json\/wp\/v2\/product_cat?post=619126"},{"taxonomy":"product_tag","embeddable":true,"href":"https:\/\/www.vetorino.com\/veterinaire\/prunelli-di-fiumorbo-20243\/boutique\/wp-json\/wp\/v2\/product_tag?post=619126"}],"curies":[{"name":"wp","href":"https:\/\/api.w.org\/{rel}","templated":true}]}}