{"id":627971,"date":"2023-06-04T05:35:15","date_gmt":"2023-06-04T03:35:15","guid":{"rendered":"https:\/\/www.vetorino.com\/boutique\/product\/feline-metabolic-kit-dessai\/"},"modified":"2024-03-27T11:07:17","modified_gmt":"2024-03-27T10:07:17","slug":"feline-metabolic-kit-dessai","status":"publish","type":"product","link":"https:\/\/www.vetorino.com\/veterinaire\/prunelli-di-fiumorbo-20243\/boutique\/product\/feline-metabolic-kit-dessai\/","title":{"rendered":"Kit D&#8217;essai Hill&#8217;s Prescription Diet Feline Metabolic"},"content":{"rendered":"<p><span data-sheets-root=\"1\" data-sheets-value=\"{&quot;1&quot;:2,&quot;2&quot;:&quot;M\u00eame un petit exc\u00e8s de poids peut avoir un impact sur la qualit\u00e9 de vie de votre chat et sur ses relations avec sa famille, car il peut r\u00e9duire le temps de jeu, avoir un impact sur la mobilit\u00e9 et affecter sa sant\u00e9 g\u00e9n\u00e9rale sur le long terme. Le maintien d'un poids id\u00e9al peut contribuer \u00e0 am\u00e9liorer l'esp\u00e9rance de vie en r\u00e9duisant le risque de pathologies li\u00e9es au poids.\\n\\nLes nutritionnistes et v\u00e9t\u00e9rinaires Hill's ont d\u00e9velopp\u00e9 Prescription Diet Metabolic une nutrition clinique sp\u00e9cialement formul\u00e9e pour aider les chats \u00e0 perdre du poids et \u00e0 ne pas reprendre les kilos perdus. Fonctionne naturellement avec la d\u00e9pense \u00e9nerg\u00e9tique unique de votre chat pour une perte de poids facile et efficace. Cette alimentation stimule la capacit\u00e9 naturelle du chat \u00e0 br\u00fbler les graisses et lui fournit l'\u00e9nergie n\u00e9cessaire \u00e0 une bonne activit\u00e9. Son m\u00e9lange unique de fibres aide les chats \u00e0 se sentir rassasi\u00e9s et satisfaits. En effet, en deux mois, 88 % des animaux ont perdu du poids \u00e0 domicile lorsqu'ils sont aliment\u00e9s par la nutrition de Metabolic.* Cet aliment sec est \u00e9labor\u00e9 avec du poulet et a un go\u00fbt d\u00e9licieux que votre chat va adorer.*\\n\\nIl est important de continuer \u00e0 donner les aliments pour chats PRESCRIPTION DIET Metabolic pour aider \u00e0 contr\u00f4ler le poids de votre chat, m\u00eame apr\u00e8s qu'il ait atteint son poids id\u00e9al. Des contr\u00f4les r\u00e9guliers chez votre v\u00e9t\u00e9rinaire sont essentiels pour s'assurer que votre chat reste en bonne sant\u00e9. \\n\\n Une nutrition savoureuse qui contribue \u00e0 transformer la vie de votre animal. Parce qu'ils d\u00e9pendent de vous, nous nous effor\u00e7ons de leur fournir la meilleure alimentation possible. Avec la premi\u00e8re formule scientifique qui r\u00e9ponde aux besoins uniques de sant\u00e9 de votre chat, l'alimentation PRESCRIPTION DIET pour chats est la nutrition cibl\u00e9e dont ils ont besoin pour une vie longue et heureuse. \\n\\nNous fabriquons nos aliments avec des ingr\u00e9dients de la plus haute qualit\u00e9. Ces ingr\u00e9dients doivent r\u00e9pondre \u00e0 nos stricts standards de puret\u00e9 et de teneurs en nutriments.\\n\\nFaites la diff\u00e9rence dans la vie des animaux de refuge : \u00e0 chaque achat d'aliment Hill\u2019s PRESCRIPTION DIET, vous aidez \u00e0 nourrir plus de 100000 animaux sans abri chaque jour, 365 jours par an. Pour en savoir plus rendez-vous sur hillsfoodshelterlove.com. \\n\\nLes aliments pour chats Hill\u2019s PRESCRIPTION DIET sont disponibles en diff\u00e9rentes croquettes pour couvrir les besoins uniques de votre chat et en aliments humides de diverses et d\u00e9licieuses saveurs que votre chat va adorer. \\n\\n* Donn\u00e9es internes, Hill\u2019s Pet Nutrition, Inc.&quot;}\" data-sheets-userformat=\"{&quot;2&quot;:641,&quot;3&quot;:{&quot;1&quot;:0},&quot;10&quot;:1,&quot;12&quot;:0}\">M\u00eame un petit exc\u00e8s de poids peut avoir un impact sur la qualit\u00e9 de vie de votre chat et sur ses relations avec sa famille, car il peut r\u00e9duire le temps de jeu, avoir un impact sur la mobilit\u00e9 et affecter sa sant\u00e9 g\u00e9n\u00e9rale sur le long terme. Le maintien d&#8217;un poids id\u00e9al peut contribuer \u00e0 am\u00e9liorer l&#8217;esp\u00e9rance de vie en r\u00e9duisant le risque de pathologies li\u00e9es au poids.<\/span><\/p>\n<p>Les nutritionnistes et v\u00e9t\u00e9rinaires Hill&#8217;s ont d\u00e9velopp\u00e9 Prescription Diet Metabolic une nutrition clinique sp\u00e9cialement formul\u00e9e pour aider les chats \u00e0 perdre du poids et \u00e0 ne pas reprendre les kilos perdus. Fonctionne naturellement avec la d\u00e9pense \u00e9nerg\u00e9tique unique de votre chat pour une perte de poids facile et efficace. Cette alimentation stimule la capacit\u00e9 naturelle du chat \u00e0 br\u00fbler les graisses et lui fournit l&#8217;\u00e9nergie n\u00e9cessaire \u00e0 une bonne activit\u00e9. Son m\u00e9lange unique de fibres aide les chats \u00e0 se sentir rassasi\u00e9s et satisfaits. En effet, en deux mois, 88 % des animaux ont perdu du poids \u00e0 domicile lorsqu&#8217;ils sont aliment\u00e9s par la nutrition de Metabolic.* Cet aliment sec est \u00e9labor\u00e9 avec du poulet et a un go\u00fbt d\u00e9licieux que votre chat va adorer.*<\/p>\n<p>Il est important de continuer \u00e0 donner les aliments pour chats PRESCRIPTION DIET Metabolic pour aider \u00e0 contr\u00f4ler le poids de votre chat, m\u00eame apr\u00e8s qu&#8217;il ait atteint son poids id\u00e9al. Des contr\u00f4les r\u00e9guliers chez votre v\u00e9t\u00e9rinaire sont essentiels pour s&#8217;assurer que votre chat reste en bonne sant\u00e9.<\/p>\n<p>Une nutrition savoureuse qui contribue \u00e0 transformer la vie de votre animal. Parce qu&#8217;ils d\u00e9pendent de vous, nous nous effor\u00e7ons de leur fournir la meilleure alimentation possible. Avec la premi\u00e8re formule scientifique qui r\u00e9ponde aux besoins uniques de sant\u00e9 de votre chat, l&#8217;alimentation PRESCRIPTION DIET pour chats est la nutrition cibl\u00e9e dont ils ont besoin pour une vie longue et heureuse.<\/p>\n<p>Nous fabriquons nos aliments avec des ingr\u00e9dients de la plus haute qualit\u00e9. Ces ingr\u00e9dients doivent r\u00e9pondre \u00e0 nos stricts standards de puret\u00e9 et de teneurs en nutriments.<\/p>\n<p>Faites la diff\u00e9rence dans la vie des animaux de refuge : \u00e0 chaque achat d&#8217;aliment Hill\u2019s PRESCRIPTION DIET, vous aidez \u00e0 nourrir plus de 100000 animaux sans abri chaque jour, 365 jours par an. Pour en savoir plus rendez-vous sur hillsfoodshelterlove.com.<\/p>\n<p>Les aliments pour chats Hill\u2019s PRESCRIPTION DIET sont disponibles en diff\u00e9rentes croquettes pour couvrir les besoins uniques de votre chat et en aliments humides de diverses et d\u00e9licieuses saveurs que votre chat va adorer.<\/p>\n<p>* Donn\u00e9es internes, Hill\u2019s Pet Nutrition, Inc.<\/p>\n","protected":false},"excerpt":{"rendered":"<p><strong>Hill&#8217;s Prescription Diet Feline M\u00e9tabolic Weight Loss &amp; Maintenance<\/strong>\u00a0permet la perte et le maintien du poids des chats.<\/p>\n<p>Retrouvez un sachet de 250g de croquettes et 2 sachets\u00a0repas de 85g<\/p>\n","protected":false},"featured_media":866175,"template":"","meta":[],"product_cat":[12551,12581,12583,2697],"product_tag":[],"class_list":{"0":"post-627971","1":"product","2":"type-product","3":"status-publish","4":"has-post-thumbnail","6":"product_cat-alimentation-du-chat","7":"product_cat-alimentation-medicalisee-pour-chat","8":"product_cat-alimentation-premium-pour-chat","9":"product_cat-chat","10":"pa_marque-hills-pet-nutrition","12":"first","13":"instock","14":"taxable","15":"shipping-taxable","16":"purchasable","17":"product-type-simple"},"yoast_head":"<!-- This site is optimized with the Yoast SEO plugin v27.3 - https:\/\/yoast.com\/product\/yoast-seo-wordpress\/ -->\n<title>Prescription Diet (Hill&#039;s) Kit D&#039;essai Hill&#039;s Prescription Diet Feline Metabolic Hill&#039;s - V\u00e9torino<\/title>\n<meta name=\"description\" content=\"Hill&#039;s Prescription Diet Feline M\u00e9tabolic Weight Loss &amp; Maintenance\u00a0permet la perte et le maintien du poids des chats.  Retrouvez un sachet de 250g de croquettes et 2 sachets\u00a0repas de 85g\" \/>\n<meta name=\"robots\" content=\"noindex, nofollow\" \/>\n<meta property=\"og:locale\" content=\"fr_FR\" \/>\n<meta property=\"og:type\" content=\"article\" \/>\n<meta property=\"og:title\" content=\"Prescription Diet (Hill&#039;s) Kit D&#039;essai Hill&#039;s Prescription Diet Feline Metabolic Hill&#039;s - V\u00e9torino\" \/>\n<meta property=\"og:description\" content=\"Hill&#039;s Prescription Diet Feline M\u00e9tabolic Weight Loss &amp; Maintenance\u00a0permet la perte et le maintien du poids des chats.  Retrouvez un sachet de 250g de croquettes et 2 sachets\u00a0repas de 85g\" \/>\n<meta property=\"og:url\" content=\"https:\/\/www.vetorino.com\/veterinaire\/prunelli-di-fiumorbo-20243\/boutique\/product\/feline-metabolic-kit-dessai\/\" \/>\n<meta property=\"og:site_name\" content=\"V\u00e9torino\" \/>\n<meta property=\"article:publisher\" content=\"https:\/\/www.facebook.com\/Vetorino\/\" \/>\n<meta property=\"article:modified_time\" content=\"2024-03-27T10:07:17+00:00\" \/>\n<meta property=\"og:image\" content=\"https:\/\/www.vetorino.com\/boutique\/wp-content\/uploads\/2023\/06\/HILLS-1876040-1.png\" \/>\n\t<meta property=\"og:image:width\" content=\"2000\" \/>\n\t<meta property=\"og:image:height\" content=\"2000\" \/>\n\t<meta property=\"og:image:type\" content=\"image\/png\" \/>\n<meta name=\"twitter:card\" content=\"summary_large_image\" \/>\n<meta name=\"twitter:label1\" content=\"Prix\" \/>\n\t<meta name=\"twitter:data1\" content=\"8,42&euro;\" \/>\n\t<meta name=\"twitter:label2\" content=\"Disponibilit\u00e9\" \/>\n\t<meta name=\"twitter:data2\" content=\"En stock\" \/>\n<script type=\"application\/ld+json\" class=\"yoast-schema-graph\">{\"@context\":\"https:\\\/\\\/schema.org\",\"@graph\":[{\"@type\":\"WebPage\",\"@id\":\"https:\\\/\\\/www.vetorino.com\\\/veterinaire\\\/briancon-05100\\\/boutique\\\/product\\\/feline-metabolic-kit-dessai\\\/\",\"url\":\"https:\\\/\\\/www.vetorino.com\\\/veterinaire\\\/briancon-05100\\\/boutique\\\/product\\\/feline-metabolic-kit-dessai\\\/\",\"name\":\"Prescription Diet (Hill's) Kit D'essai Hill's Prescription Diet Feline Metabolic Hill's - V\u00e9torino\",\"isPartOf\":{\"@id\":\"https:\\\/\\\/www.vetorino.com\\\/boutique\\\/#website\"},\"primaryImageOfPage\":{\"@id\":\"https:\\\/\\\/www.vetorino.com\\\/veterinaire\\\/briancon-05100\\\/boutique\\\/product\\\/feline-metabolic-kit-dessai\\\/#primaryimage\"},\"image\":{\"@id\":\"https:\\\/\\\/www.vetorino.com\\\/veterinaire\\\/briancon-05100\\\/boutique\\\/product\\\/feline-metabolic-kit-dessai\\\/#primaryimage\"},\"thumbnailUrl\":\"https:\\\/\\\/www.vetorino.com\\\/boutique\\\/wp-content\\\/uploads\\\/2023\\\/06\\\/HILLS-1876040-1.png\",\"datePublished\":\"2023-06-04T03:35:15+00:00\",\"dateModified\":\"2024-03-27T10:07:17+00:00\",\"description\":\"Hill's Prescription Diet Feline M\u00e9tabolic Weight Loss &amp; Maintenance\u00a0permet la perte et le maintien du poids des chats. Retrouvez un sachet de 250g de croquettes et 2 sachets\u00a0repas de 85g\",\"breadcrumb\":{\"@id\":\"https:\\\/\\\/www.vetorino.com\\\/veterinaire\\\/briancon-05100\\\/boutique\\\/product\\\/feline-metabolic-kit-dessai\\\/#breadcrumb\"},\"inLanguage\":\"fr-FR\",\"potentialAction\":[{\"@type\":\"ReadAction\",\"target\":[\"https:\\\/\\\/www.vetorino.com\\\/veterinaire\\\/briancon-05100\\\/boutique\\\/product\\\/feline-metabolic-kit-dessai\\\/\"]}]},{\"@type\":\"ImageObject\",\"inLanguage\":\"fr-FR\",\"@id\":\"https:\\\/\\\/www.vetorino.com\\\/veterinaire\\\/briancon-05100\\\/boutique\\\/product\\\/feline-metabolic-kit-dessai\\\/#primaryimage\",\"url\":\"https:\\\/\\\/www.vetorino.com\\\/boutique\\\/wp-content\\\/uploads\\\/2023\\\/06\\\/HILLS-1876040-1.png\",\"contentUrl\":\"https:\\\/\\\/www.vetorino.com\\\/boutique\\\/wp-content\\\/uploads\\\/2023\\\/06\\\/HILLS-1876040-1.png\",\"width\":2000,\"height\":2000},{\"@type\":\"BreadcrumbList\",\"@id\":\"https:\\\/\\\/www.vetorino.com\\\/veterinaire\\\/briancon-05100\\\/boutique\\\/product\\\/feline-metabolic-kit-dessai\\\/#breadcrumb\",\"itemListElement\":[{\"@type\":\"ListItem\",\"position\":1,\"name\":\"Accueil\",\"item\":\"https:\\\/\\\/www.vetorino.com\\\/boutique\\\/\"},{\"@type\":\"ListItem\",\"position\":2,\"name\":\"Produits\",\"item\":\"https:\\\/\\\/www.vetorino.com\\\/boutique\\\/\"},{\"@type\":\"ListItem\",\"position\":3,\"name\":\"Kit D&#8217;essai Hill&#8217;s Prescription Diet Feline Metabolic\"}]},{\"@type\":\"WebSite\",\"@id\":\"https:\\\/\\\/www.vetorino.com\\\/boutique\\\/#website\",\"url\":\"https:\\\/\\\/www.vetorino.com\\\/boutique\\\/\",\"name\":\"V\u00e9torino\",\"description\":\"\",\"publisher\":{\"@id\":\"https:\\\/\\\/www.vetorino.com\\\/boutique\\\/#organization\"},\"potentialAction\":[{\"@type\":\"SearchAction\",\"target\":{\"@type\":\"EntryPoint\",\"urlTemplate\":\"https:\\\/\\\/www.vetorino.com\\\/boutique\\\/?s={search_term_string}\"},\"query-input\":{\"@type\":\"PropertyValueSpecification\",\"valueRequired\":true,\"valueName\":\"search_term_string\"}}],\"inLanguage\":\"fr-FR\"},{\"@type\":\"Organization\",\"@id\":\"https:\\\/\\\/www.vetorino.com\\\/boutique\\\/#organization\",\"name\":\"V\u00e9torino\",\"url\":\"https:\\\/\\\/www.vetorino.com\\\/boutique\\\/\",\"logo\":{\"@type\":\"ImageObject\",\"inLanguage\":\"fr-FR\",\"@id\":\"https:\\\/\\\/www.vetorino.com\\\/boutique\\\/#\\\/schema\\\/logo\\\/image\\\/\",\"url\":\"https:\\\/\\\/www.vetorino.com\\\/boutique\\\/wp-content\\\/uploads\\\/2024\\\/10\\\/logo.jpg\",\"contentUrl\":\"https:\\\/\\\/www.vetorino.com\\\/boutique\\\/wp-content\\\/uploads\\\/2024\\\/10\\\/logo.jpg\",\"width\":1200,\"height\":610,\"caption\":\"V\u00e9torino\"},\"image\":{\"@id\":\"https:\\\/\\\/www.vetorino.com\\\/boutique\\\/#\\\/schema\\\/logo\\\/image\\\/\"},\"sameAs\":[\"https:\\\/\\\/www.facebook.com\\\/Vetorino\\\/\",\"https:\\\/\\\/www.instagram.com\\\/vetorino_off\\\/\",\"https:\\\/\\\/www.linkedin.com\\\/company\\\/vtorino\\\/\"]}]}<\/script>\n<meta property=\"product:brand\" content=\"Hill&#039;s\" \/>\n<meta property=\"product:price:amount\" content=\"8.42\" \/>\n<meta property=\"product:price:currency\" content=\"EUR\" \/>\n<meta property=\"og:availability\" content=\"instock\" \/>\n<meta property=\"product:availability\" content=\"instock\" \/>\n<meta property=\"product:retailer_item_id\" content=\"A-1876040\" \/>\n<meta property=\"product:condition\" content=\"new\" \/>\n<!-- \/ Yoast SEO plugin. -->","yoast_head_json":{"title":"Prescription Diet (Hill's) Kit D'essai Hill's Prescription Diet Feline Metabolic Hill's - V\u00e9torino","description":"Hill's Prescription Diet Feline M\u00e9tabolic Weight Loss &amp; Maintenance\u00a0permet la perte et le maintien du poids des chats.  Retrouvez un sachet de 250g de croquettes et 2 sachets\u00a0repas de 85g","robots":{"index":"noindex","follow":"nofollow"},"og_locale":"fr_FR","og_type":"article","og_title":"Prescription Diet (Hill's) Kit D'essai Hill's Prescription Diet Feline Metabolic Hill's - V\u00e9torino","og_description":"Hill's Prescription Diet Feline M\u00e9tabolic Weight Loss &amp; Maintenance\u00a0permet la perte et le maintien du poids des chats.  Retrouvez un sachet de 250g de croquettes et 2 sachets\u00a0repas de 85g","og_url":"https:\/\/www.vetorino.com\/veterinaire\/prunelli-di-fiumorbo-20243\/boutique\/product\/feline-metabolic-kit-dessai\/","og_site_name":"V\u00e9torino","article_publisher":"https:\/\/www.facebook.com\/Vetorino\/","article_modified_time":"2024-03-27T10:07:17+00:00","og_image":[{"width":2000,"height":2000,"url":"https:\/\/www.vetorino.com\/boutique\/wp-content\/uploads\/2023\/06\/HILLS-1876040-1.png","type":"image\/png"}],"twitter_card":"summary_large_image","twitter_misc":{"Prix":"8,42&euro;","Disponibilit\u00e9":"En stock"},"schema":{"@context":"https:\/\/schema.org","@graph":[{"@type":"WebPage","@id":"https:\/\/www.vetorino.com\/veterinaire\/briancon-05100\/boutique\/product\/feline-metabolic-kit-dessai\/","url":"https:\/\/www.vetorino.com\/veterinaire\/briancon-05100\/boutique\/product\/feline-metabolic-kit-dessai\/","name":"Prescription Diet (Hill's) Kit D'essai Hill's Prescription Diet Feline Metabolic Hill's - V\u00e9torino","isPartOf":{"@id":"https:\/\/www.vetorino.com\/boutique\/#website"},"primaryImageOfPage":{"@id":"https:\/\/www.vetorino.com\/veterinaire\/briancon-05100\/boutique\/product\/feline-metabolic-kit-dessai\/#primaryimage"},"image":{"@id":"https:\/\/www.vetorino.com\/veterinaire\/briancon-05100\/boutique\/product\/feline-metabolic-kit-dessai\/#primaryimage"},"thumbnailUrl":"https:\/\/www.vetorino.com\/boutique\/wp-content\/uploads\/2023\/06\/HILLS-1876040-1.png","datePublished":"2023-06-04T03:35:15+00:00","dateModified":"2024-03-27T10:07:17+00:00","description":"Hill's Prescription Diet Feline M\u00e9tabolic Weight Loss &amp; Maintenance\u00a0permet la perte et le maintien du poids des chats. Retrouvez un sachet de 250g de croquettes et 2 sachets\u00a0repas de 85g","breadcrumb":{"@id":"https:\/\/www.vetorino.com\/veterinaire\/briancon-05100\/boutique\/product\/feline-metabolic-kit-dessai\/#breadcrumb"},"inLanguage":"fr-FR","potentialAction":[{"@type":"ReadAction","target":["https:\/\/www.vetorino.com\/veterinaire\/briancon-05100\/boutique\/product\/feline-metabolic-kit-dessai\/"]}]},{"@type":"ImageObject","inLanguage":"fr-FR","@id":"https:\/\/www.vetorino.com\/veterinaire\/briancon-05100\/boutique\/product\/feline-metabolic-kit-dessai\/#primaryimage","url":"https:\/\/www.vetorino.com\/boutique\/wp-content\/uploads\/2023\/06\/HILLS-1876040-1.png","contentUrl":"https:\/\/www.vetorino.com\/boutique\/wp-content\/uploads\/2023\/06\/HILLS-1876040-1.png","width":2000,"height":2000},{"@type":"BreadcrumbList","@id":"https:\/\/www.vetorino.com\/veterinaire\/briancon-05100\/boutique\/product\/feline-metabolic-kit-dessai\/#breadcrumb","itemListElement":[{"@type":"ListItem","position":1,"name":"Accueil","item":"https:\/\/www.vetorino.com\/boutique\/"},{"@type":"ListItem","position":2,"name":"Produits","item":"https:\/\/www.vetorino.com\/boutique\/"},{"@type":"ListItem","position":3,"name":"Kit D&#8217;essai Hill&#8217;s Prescription Diet Feline Metabolic"}]},{"@type":"WebSite","@id":"https:\/\/www.vetorino.com\/boutique\/#website","url":"https:\/\/www.vetorino.com\/boutique\/","name":"V\u00e9torino","description":"","publisher":{"@id":"https:\/\/www.vetorino.com\/boutique\/#organization"},"potentialAction":[{"@type":"SearchAction","target":{"@type":"EntryPoint","urlTemplate":"https:\/\/www.vetorino.com\/boutique\/?s={search_term_string}"},"query-input":{"@type":"PropertyValueSpecification","valueRequired":true,"valueName":"search_term_string"}}],"inLanguage":"fr-FR"},{"@type":"Organization","@id":"https:\/\/www.vetorino.com\/boutique\/#organization","name":"V\u00e9torino","url":"https:\/\/www.vetorino.com\/boutique\/","logo":{"@type":"ImageObject","inLanguage":"fr-FR","@id":"https:\/\/www.vetorino.com\/boutique\/#\/schema\/logo\/image\/","url":"https:\/\/www.vetorino.com\/boutique\/wp-content\/uploads\/2024\/10\/logo.jpg","contentUrl":"https:\/\/www.vetorino.com\/boutique\/wp-content\/uploads\/2024\/10\/logo.jpg","width":1200,"height":610,"caption":"V\u00e9torino"},"image":{"@id":"https:\/\/www.vetorino.com\/boutique\/#\/schema\/logo\/image\/"},"sameAs":["https:\/\/www.facebook.com\/Vetorino\/","https:\/\/www.instagram.com\/vetorino_off\/","https:\/\/www.linkedin.com\/company\/vtorino\/"]}]},"product_brand":"Hill's","product_price_amount":"8.42","product_price_currency":"EUR","og_availability":"instock","product_availability":"instock","product_retailer_item_id":"A-1876040","product_condition":"new"},"_links":{"self":[{"href":"https:\/\/www.vetorino.com\/veterinaire\/prunelli-di-fiumorbo-20243\/boutique\/wp-json\/wp\/v2\/product\/627971","targetHints":{"allow":["GET"]}}],"collection":[{"href":"https:\/\/www.vetorino.com\/veterinaire\/prunelli-di-fiumorbo-20243\/boutique\/wp-json\/wp\/v2\/product"}],"about":[{"href":"https:\/\/www.vetorino.com\/veterinaire\/prunelli-di-fiumorbo-20243\/boutique\/wp-json\/wp\/v2\/types\/product"}],"wp:featuredmedia":[{"embeddable":true,"href":"https:\/\/www.vetorino.com\/veterinaire\/prunelli-di-fiumorbo-20243\/boutique\/wp-json\/wp\/v2\/media\/866175"}],"wp:attachment":[{"href":"https:\/\/www.vetorino.com\/veterinaire\/prunelli-di-fiumorbo-20243\/boutique\/wp-json\/wp\/v2\/media?parent=627971"}],"wp:term":[{"taxonomy":"product_cat","embeddable":true,"href":"https:\/\/www.vetorino.com\/veterinaire\/prunelli-di-fiumorbo-20243\/boutique\/wp-json\/wp\/v2\/product_cat?post=627971"},{"taxonomy":"product_tag","embeddable":true,"href":"https:\/\/www.vetorino.com\/veterinaire\/prunelli-di-fiumorbo-20243\/boutique\/wp-json\/wp\/v2\/product_tag?post=627971"}],"curies":[{"name":"wp","href":"https:\/\/api.w.org\/{rel}","templated":true}]}}