{"id":684653,"date":"2023-08-30T05:35:08","date_gmt":"2023-08-30T03:35:08","guid":{"rendered":"https:\/\/www.vetorino.com\/boutique\/product\/vet-hpm-cat-kj3-advanced-kidney-joint\/"},"modified":"2024-06-05T16:50:06","modified_gmt":"2024-06-05T14:50:06","slug":"vet-hpm-cat-kj3-advanced-kidney-joint","status":"publish","type":"product","link":"https:\/\/www.vetorino.com\/veterinaire\/prunelli-di-fiumorbo-20243\/boutique\/product\/vet-hpm-cat-kj3-advanced-kidney-joint\/","title":{"rendered":"Cat KJ3 Advanced Kidney Joint"},"content":{"rendered":"<p>Aliment complet di\u00e9t\u00e9tique en soutien de la fonction r\u00e9nale lors d&#8217;insuffisance r\u00e9nale chronique et en soutien du m\u00e9tabolisme des articulations en cas d&#8217;arthrose.<\/p>\n<p>COMPOSITION : Prot\u00e9ines d\u00e9shydrat\u00e9es de porc, riz, graisses animales, f\u00e9cule de pomme de terre, pois, prot\u00e9ines hydrolys\u00e9es de porc et de volaille, substances min\u00e9rales, huile de poisson, pulpe de betterave, lignocellulose, levure de bi\u00e8re, prot\u00e9ines hydrolys\u00e9es de poisson, fibres de psyllium, fructooligosaccharides, membrane de coquille d\u2019oeuf, hydrolysat de crustac\u00e9 (source de chitosan), sulfate de chondro\u00eftine, <em>Lactobacillus acidophilus.<\/em><\/p>\n<ul>\n<li style=\"font-weight: 400;\" aria-level=\"1\"><span style=\"font-weight: 400;\">Soutien de la fonction r\u00e9nale en cas de maladie r\u00e9nale chronique au stade avanc\u00e9 (tr\u00e8s faible taux de phosphore, teneur limit\u00e9e en prot\u00e9ines adapt\u00e9e au stade avanc\u00e9 de la maladie r\u00e9nale)<\/span><\/li>\n<li style=\"font-weight: 400;\" aria-level=\"1\"><span style=\"font-weight: 400;\">Soutien des articulations et de la mobilit\u00e9, aide \u00e0 la gestion de l&#8217;ost\u00e9oarthrose (prot\u00e9ines de haute qualit\u00e9 principalement d&#8217;origine animale)<\/span><\/li>\n<li style=\"font-weight: 400;\" aria-level=\"1\"><span style=\"font-weight: 400;\">Haute teneur en om\u00e9ga 3 dont DHA<\/span><\/li>\n<li style=\"font-weight: 400;\" aria-level=\"1\"><span style=\"font-weight: 400;\">Compensation de la baisse d&#8217;app\u00e9tit (haute app\u00e9tence, aliment riche en \u00e9nergie et nutriments pour \u00e9viter la d\u00e9nutrition)<\/span><\/li>\n<\/ul>\n<p><span style=\"font-weight: 400;\">L&#8217;aliment peut \u00eatre donn\u00e9 en association avec la mousse Kidney &amp; Joint concentr\u00e9e en \u00e9nergie pour un programme nutritionnel optimal combinant aliments secs et humides.<\/span><\/p>\n","protected":false},"excerpt":{"rendered":"<ul>\n<li style=\"font-weight: 400;\" aria-level=\"1\"><span style=\"font-weight: 400;\">Soutien de la fonction r\u00e9nale en cas de maladie r\u00e9nale chronique au stade avanc\u00e9 (tr\u00e8s faible taux de phosphore, teneur limit\u00e9e en prot\u00e9ines adapt\u00e9e au stade avanc\u00e9 de la maladie r\u00e9nale)<\/span><\/li>\n<li style=\"font-weight: 400;\" aria-level=\"1\"><span style=\"font-weight: 400;\">Soutien des articulations et de la mobilit\u00e9, aide \u00e0 la gestion de l&#8217;ost\u00e9oarthrose (prot\u00e9ines de haute qualit\u00e9 principalement d&#8217;origine animale)<\/span><\/li>\n<li style=\"font-weight: 400;\" aria-level=\"1\"><span style=\"font-weight: 400;\">Haute teneur en om\u00e9ga 3 dont DHA<\/span><\/li>\n<li style=\"font-weight: 400;\" aria-level=\"1\"><span style=\"font-weight: 400;\">Compensation de la baisse d&#8217;app\u00e9tit (haute app\u00e9tence, aliment riche en \u00e9nergie et nutriments pour \u00e9viter la d\u00e9nutrition)<\/span><\/li>\n<\/ul>\n<p><span style=\"font-weight: 400;\">L&#8217;aliment peut \u00eatre donn\u00e9 en association avec la mousse Kidney &amp; Joint concentr\u00e9e en \u00e9nergie pour un programme nutritionnel optimal combinant aliments secs et humides.<\/span><\/p>\n","protected":false},"featured_media":689230,"template":"","meta":[],"product_cat":[12551,12581,2697],"product_tag":[],"class_list":{"0":"post-684653","1":"product","2":"type-product","3":"status-publish","4":"has-post-thumbnail","6":"product_cat-alimentation-du-chat","7":"product_cat-alimentation-medicalisee-pour-chat","8":"product_cat-chat","9":"pa_marque-virbac","11":"first","12":"instock","13":"taxable","14":"shipping-taxable","15":"purchasable","16":"product-type-variable"},"yoast_head":"<!-- This site is optimized with the Yoast SEO plugin v27.3 - https:\/\/yoast.com\/product\/yoast-seo-wordpress\/ -->\n<title>Veterinary HPM (Virbac) Cat KJ3 Advanced Kidney Joint Virbac - V\u00e9torino<\/title>\n<meta name=\"description\" content=\"Soutien de la fonction r\u00e9nale en cas de maladie r\u00e9nale chronique au stade avanc\u00e9 (tr\u00e8s faible taux de phosphore, teneur limit\u00e9e en prot\u00e9ines adapt\u00e9e au stade avanc\u00e9 de la maladie r\u00e9nale)  Soutien des articulations et de la mobilit\u00e9, aide \u00e0 la gestion de l&#039;ost\u00e9oarthrose (prot\u00e9ines de haute qualit\u00e9 principalement d&#039;origine animale)  Haute teneur en om\u00e9ga 3 dont DHA  Compensation de la baisse d&#039;app\u00e9tit (haute app\u00e9tence, aliment riche en \u00e9nergie et nutriments pour \u00e9viter la d\u00e9nutrition)  L&#039;aliment peut \u00eatre donn\u00e9 en association avec la mousse Kidney &amp; Joint concentr\u00e9e en \u00e9nergie pour un programme nutritionnel optimal combinant aliments secs et humides.\" \/>\n<meta name=\"robots\" content=\"noindex, nofollow\" \/>\n<meta property=\"og:locale\" content=\"fr_FR\" \/>\n<meta property=\"og:type\" content=\"article\" \/>\n<meta property=\"og:title\" content=\"Veterinary HPM (Virbac) Cat KJ3 Advanced Kidney Joint Virbac - V\u00e9torino\" \/>\n<meta property=\"og:description\" content=\"Soutien de la fonction r\u00e9nale en cas de maladie r\u00e9nale chronique au stade avanc\u00e9 (tr\u00e8s faible taux de phosphore, teneur limit\u00e9e en prot\u00e9ines adapt\u00e9e au stade avanc\u00e9 de la maladie r\u00e9nale)  Soutien des articulations et de la mobilit\u00e9, aide \u00e0 la gestion de l&#039;ost\u00e9oarthrose (prot\u00e9ines de haute qualit\u00e9 principalement d&#039;origine animale)  Haute teneur en om\u00e9ga 3 dont DHA  Compensation de la baisse d&#039;app\u00e9tit (haute app\u00e9tence, aliment riche en \u00e9nergie et nutriments pour \u00e9viter la d\u00e9nutrition)  L&#039;aliment peut \u00eatre donn\u00e9 en association avec la mousse Kidney &amp; Joint concentr\u00e9e en \u00e9nergie pour un programme nutritionnel optimal combinant aliments secs et humides.\" \/>\n<meta property=\"og:url\" content=\"https:\/\/www.vetorino.com\/veterinaire\/prunelli-di-fiumorbo-20243\/boutique\/product\/vet-hpm-cat-kj3-advanced-kidney-joint\/\" \/>\n<meta property=\"og:site_name\" content=\"V\u00e9torino\" \/>\n<meta property=\"article:publisher\" content=\"https:\/\/www.facebook.com\/Vetorino\/\" \/>\n<meta property=\"article:modified_time\" content=\"2024-06-05T14:50:06+00:00\" \/>\n<meta property=\"og:image\" content=\"https:\/\/www.vetorino.com\/boutique\/wp-content\/uploads\/2023\/08\/360194_Bag_HPM-Advanced-Kidney-Cat_3KG_face.png\" \/>\n\t<meta property=\"og:image:width\" content=\"2000\" \/>\n\t<meta property=\"og:image:height\" content=\"2000\" \/>\n\t<meta property=\"og:image:type\" content=\"image\/png\" \/>\n<meta name=\"twitter:card\" content=\"summary_large_image\" \/>\n<meta name=\"twitter:label1\" content=\"Disponibilit\u00e9\" \/>\n\t<meta name=\"twitter:data1\" content=\"En stock\" \/>\n<script type=\"application\/ld+json\" class=\"yoast-schema-graph\">{\"@context\":\"https:\\\/\\\/schema.org\",\"@graph\":[{\"@type\":\"WebPage\",\"@id\":\"https:\\\/\\\/www.vetorino.com\\\/veterinaire\\\/pontarlier-25300\\\/boutique\\\/product\\\/vet-hpm-cat-kj3-advanced-kidney-joint\\\/\",\"url\":\"https:\\\/\\\/www.vetorino.com\\\/veterinaire\\\/pontarlier-25300\\\/boutique\\\/product\\\/vet-hpm-cat-kj3-advanced-kidney-joint\\\/\",\"name\":\"Veterinary HPM (Virbac) Cat KJ3 Advanced Kidney Joint Virbac - V\u00e9torino\",\"isPartOf\":{\"@id\":\"https:\\\/\\\/www.vetorino.com\\\/boutique\\\/#website\"},\"primaryImageOfPage\":{\"@id\":\"https:\\\/\\\/www.vetorino.com\\\/veterinaire\\\/pontarlier-25300\\\/boutique\\\/product\\\/vet-hpm-cat-kj3-advanced-kidney-joint\\\/#primaryimage\"},\"image\":{\"@id\":\"https:\\\/\\\/www.vetorino.com\\\/veterinaire\\\/pontarlier-25300\\\/boutique\\\/product\\\/vet-hpm-cat-kj3-advanced-kidney-joint\\\/#primaryimage\"},\"thumbnailUrl\":\"https:\\\/\\\/www.vetorino.com\\\/boutique\\\/wp-content\\\/uploads\\\/2023\\\/08\\\/360194_Bag_HPM-Advanced-Kidney-Cat_3KG_face.png\",\"datePublished\":\"2023-08-30T03:35:08+00:00\",\"dateModified\":\"2024-06-05T14:50:06+00:00\",\"description\":\"Soutien de la fonction r\u00e9nale en cas de maladie r\u00e9nale chronique au stade avanc\u00e9 (tr\u00e8s faible taux de phosphore, teneur limit\u00e9e en prot\u00e9ines adapt\u00e9e au stade avanc\u00e9 de la maladie r\u00e9nale) Soutien des articulations et de la mobilit\u00e9, aide \u00e0 la gestion de l'ost\u00e9oarthrose (prot\u00e9ines de haute qualit\u00e9 principalement d'origine animale) Haute teneur en om\u00e9ga 3 dont DHA Compensation de la baisse d'app\u00e9tit (haute app\u00e9tence, aliment riche en \u00e9nergie et nutriments pour \u00e9viter la d\u00e9nutrition) L'aliment peut \u00eatre donn\u00e9 en association avec la mousse Kidney &amp; Joint concentr\u00e9e en \u00e9nergie pour un programme nutritionnel optimal combinant aliments secs et humides.\",\"breadcrumb\":{\"@id\":\"https:\\\/\\\/www.vetorino.com\\\/veterinaire\\\/pontarlier-25300\\\/boutique\\\/product\\\/vet-hpm-cat-kj3-advanced-kidney-joint\\\/#breadcrumb\"},\"inLanguage\":\"fr-FR\",\"potentialAction\":[{\"@type\":\"ReadAction\",\"target\":[\"https:\\\/\\\/www.vetorino.com\\\/veterinaire\\\/pontarlier-25300\\\/boutique\\\/product\\\/vet-hpm-cat-kj3-advanced-kidney-joint\\\/\"]}]},{\"@type\":\"ImageObject\",\"inLanguage\":\"fr-FR\",\"@id\":\"https:\\\/\\\/www.vetorino.com\\\/veterinaire\\\/pontarlier-25300\\\/boutique\\\/product\\\/vet-hpm-cat-kj3-advanced-kidney-joint\\\/#primaryimage\",\"url\":\"https:\\\/\\\/www.vetorino.com\\\/boutique\\\/wp-content\\\/uploads\\\/2023\\\/08\\\/360194_Bag_HPM-Advanced-Kidney-Cat_3KG_face.png\",\"contentUrl\":\"https:\\\/\\\/www.vetorino.com\\\/boutique\\\/wp-content\\\/uploads\\\/2023\\\/08\\\/360194_Bag_HPM-Advanced-Kidney-Cat_3KG_face.png\",\"width\":2000,\"height\":2000},{\"@type\":\"BreadcrumbList\",\"@id\":\"https:\\\/\\\/www.vetorino.com\\\/veterinaire\\\/pontarlier-25300\\\/boutique\\\/product\\\/vet-hpm-cat-kj3-advanced-kidney-joint\\\/#breadcrumb\",\"itemListElement\":[{\"@type\":\"ListItem\",\"position\":1,\"name\":\"Accueil\",\"item\":\"https:\\\/\\\/www.vetorino.com\\\/boutique\\\/\"},{\"@type\":\"ListItem\",\"position\":2,\"name\":\"Produits\",\"item\":\"https:\\\/\\\/www.vetorino.com\\\/boutique\\\/\"},{\"@type\":\"ListItem\",\"position\":3,\"name\":\"Cat KJ3 Advanced Kidney Joint\"}]},{\"@type\":\"WebSite\",\"@id\":\"https:\\\/\\\/www.vetorino.com\\\/boutique\\\/#website\",\"url\":\"https:\\\/\\\/www.vetorino.com\\\/boutique\\\/\",\"name\":\"V\u00e9torino\",\"description\":\"\",\"publisher\":{\"@id\":\"https:\\\/\\\/www.vetorino.com\\\/boutique\\\/#organization\"},\"potentialAction\":[{\"@type\":\"SearchAction\",\"target\":{\"@type\":\"EntryPoint\",\"urlTemplate\":\"https:\\\/\\\/www.vetorino.com\\\/boutique\\\/?s={search_term_string}\"},\"query-input\":{\"@type\":\"PropertyValueSpecification\",\"valueRequired\":true,\"valueName\":\"search_term_string\"}}],\"inLanguage\":\"fr-FR\"},{\"@type\":\"Organization\",\"@id\":\"https:\\\/\\\/www.vetorino.com\\\/boutique\\\/#organization\",\"name\":\"V\u00e9torino\",\"url\":\"https:\\\/\\\/www.vetorino.com\\\/boutique\\\/\",\"logo\":{\"@type\":\"ImageObject\",\"inLanguage\":\"fr-FR\",\"@id\":\"https:\\\/\\\/www.vetorino.com\\\/boutique\\\/#\\\/schema\\\/logo\\\/image\\\/\",\"url\":\"https:\\\/\\\/www.vetorino.com\\\/boutique\\\/wp-content\\\/uploads\\\/2024\\\/10\\\/logo.jpg\",\"contentUrl\":\"https:\\\/\\\/www.vetorino.com\\\/boutique\\\/wp-content\\\/uploads\\\/2024\\\/10\\\/logo.jpg\",\"width\":1200,\"height\":610,\"caption\":\"V\u00e9torino\"},\"image\":{\"@id\":\"https:\\\/\\\/www.vetorino.com\\\/boutique\\\/#\\\/schema\\\/logo\\\/image\\\/\"},\"sameAs\":[\"https:\\\/\\\/www.facebook.com\\\/Vetorino\\\/\",\"https:\\\/\\\/www.instagram.com\\\/vetorino_off\\\/\",\"https:\\\/\\\/www.linkedin.com\\\/company\\\/vtorino\\\/\"]}]}<\/script>\n<meta property=\"product:brand\" content=\"Virbac\" \/>\n<meta property=\"og:availability\" content=\"instock\" \/>\n<meta property=\"product:availability\" content=\"instock\" \/>\n<meta property=\"product:condition\" content=\"new\" \/>\n<!-- \/ Yoast SEO plugin. -->","yoast_head_json":{"title":"Veterinary HPM (Virbac) Cat KJ3 Advanced Kidney Joint Virbac - V\u00e9torino","description":"Soutien de la fonction r\u00e9nale en cas de maladie r\u00e9nale chronique au stade avanc\u00e9 (tr\u00e8s faible taux de phosphore, teneur limit\u00e9e en prot\u00e9ines adapt\u00e9e au stade avanc\u00e9 de la maladie r\u00e9nale)  Soutien des articulations et de la mobilit\u00e9, aide \u00e0 la gestion de l'ost\u00e9oarthrose (prot\u00e9ines de haute qualit\u00e9 principalement d'origine animale)  Haute teneur en om\u00e9ga 3 dont DHA  Compensation de la baisse d'app\u00e9tit (haute app\u00e9tence, aliment riche en \u00e9nergie et nutriments pour \u00e9viter la d\u00e9nutrition)  L'aliment peut \u00eatre donn\u00e9 en association avec la mousse Kidney &amp; Joint concentr\u00e9e en \u00e9nergie pour un programme nutritionnel optimal combinant aliments secs et humides.","robots":{"index":"noindex","follow":"nofollow"},"og_locale":"fr_FR","og_type":"article","og_title":"Veterinary HPM (Virbac) Cat KJ3 Advanced Kidney Joint Virbac - V\u00e9torino","og_description":"Soutien de la fonction r\u00e9nale en cas de maladie r\u00e9nale chronique au stade avanc\u00e9 (tr\u00e8s faible taux de phosphore, teneur limit\u00e9e en prot\u00e9ines adapt\u00e9e au stade avanc\u00e9 de la maladie r\u00e9nale)  Soutien des articulations et de la mobilit\u00e9, aide \u00e0 la gestion de l'ost\u00e9oarthrose (prot\u00e9ines de haute qualit\u00e9 principalement d'origine animale)  Haute teneur en om\u00e9ga 3 dont DHA  Compensation de la baisse d'app\u00e9tit (haute app\u00e9tence, aliment riche en \u00e9nergie et nutriments pour \u00e9viter la d\u00e9nutrition)  L'aliment peut \u00eatre donn\u00e9 en association avec la mousse Kidney &amp; Joint concentr\u00e9e en \u00e9nergie pour un programme nutritionnel optimal combinant aliments secs et humides.","og_url":"https:\/\/www.vetorino.com\/veterinaire\/prunelli-di-fiumorbo-20243\/boutique\/product\/vet-hpm-cat-kj3-advanced-kidney-joint\/","og_site_name":"V\u00e9torino","article_publisher":"https:\/\/www.facebook.com\/Vetorino\/","article_modified_time":"2024-06-05T14:50:06+00:00","og_image":[{"width":2000,"height":2000,"url":"https:\/\/www.vetorino.com\/boutique\/wp-content\/uploads\/2023\/08\/360194_Bag_HPM-Advanced-Kidney-Cat_3KG_face.png","type":"image\/png"}],"twitter_card":"summary_large_image","twitter_misc":{"Disponibilit\u00e9":"En stock"},"schema":{"@context":"https:\/\/schema.org","@graph":[{"@type":"WebPage","@id":"https:\/\/www.vetorino.com\/veterinaire\/pontarlier-25300\/boutique\/product\/vet-hpm-cat-kj3-advanced-kidney-joint\/","url":"https:\/\/www.vetorino.com\/veterinaire\/pontarlier-25300\/boutique\/product\/vet-hpm-cat-kj3-advanced-kidney-joint\/","name":"Veterinary HPM (Virbac) Cat KJ3 Advanced Kidney Joint Virbac - V\u00e9torino","isPartOf":{"@id":"https:\/\/www.vetorino.com\/boutique\/#website"},"primaryImageOfPage":{"@id":"https:\/\/www.vetorino.com\/veterinaire\/pontarlier-25300\/boutique\/product\/vet-hpm-cat-kj3-advanced-kidney-joint\/#primaryimage"},"image":{"@id":"https:\/\/www.vetorino.com\/veterinaire\/pontarlier-25300\/boutique\/product\/vet-hpm-cat-kj3-advanced-kidney-joint\/#primaryimage"},"thumbnailUrl":"https:\/\/www.vetorino.com\/boutique\/wp-content\/uploads\/2023\/08\/360194_Bag_HPM-Advanced-Kidney-Cat_3KG_face.png","datePublished":"2023-08-30T03:35:08+00:00","dateModified":"2024-06-05T14:50:06+00:00","description":"Soutien de la fonction r\u00e9nale en cas de maladie r\u00e9nale chronique au stade avanc\u00e9 (tr\u00e8s faible taux de phosphore, teneur limit\u00e9e en prot\u00e9ines adapt\u00e9e au stade avanc\u00e9 de la maladie r\u00e9nale) Soutien des articulations et de la mobilit\u00e9, aide \u00e0 la gestion de l'ost\u00e9oarthrose (prot\u00e9ines de haute qualit\u00e9 principalement d'origine animale) Haute teneur en om\u00e9ga 3 dont DHA Compensation de la baisse d'app\u00e9tit (haute app\u00e9tence, aliment riche en \u00e9nergie et nutriments pour \u00e9viter la d\u00e9nutrition) L'aliment peut \u00eatre donn\u00e9 en association avec la mousse Kidney &amp; Joint concentr\u00e9e en \u00e9nergie pour un programme nutritionnel optimal combinant aliments secs et humides.","breadcrumb":{"@id":"https:\/\/www.vetorino.com\/veterinaire\/pontarlier-25300\/boutique\/product\/vet-hpm-cat-kj3-advanced-kidney-joint\/#breadcrumb"},"inLanguage":"fr-FR","potentialAction":[{"@type":"ReadAction","target":["https:\/\/www.vetorino.com\/veterinaire\/pontarlier-25300\/boutique\/product\/vet-hpm-cat-kj3-advanced-kidney-joint\/"]}]},{"@type":"ImageObject","inLanguage":"fr-FR","@id":"https:\/\/www.vetorino.com\/veterinaire\/pontarlier-25300\/boutique\/product\/vet-hpm-cat-kj3-advanced-kidney-joint\/#primaryimage","url":"https:\/\/www.vetorino.com\/boutique\/wp-content\/uploads\/2023\/08\/360194_Bag_HPM-Advanced-Kidney-Cat_3KG_face.png","contentUrl":"https:\/\/www.vetorino.com\/boutique\/wp-content\/uploads\/2023\/08\/360194_Bag_HPM-Advanced-Kidney-Cat_3KG_face.png","width":2000,"height":2000},{"@type":"BreadcrumbList","@id":"https:\/\/www.vetorino.com\/veterinaire\/pontarlier-25300\/boutique\/product\/vet-hpm-cat-kj3-advanced-kidney-joint\/#breadcrumb","itemListElement":[{"@type":"ListItem","position":1,"name":"Accueil","item":"https:\/\/www.vetorino.com\/boutique\/"},{"@type":"ListItem","position":2,"name":"Produits","item":"https:\/\/www.vetorino.com\/boutique\/"},{"@type":"ListItem","position":3,"name":"Cat KJ3 Advanced Kidney Joint"}]},{"@type":"WebSite","@id":"https:\/\/www.vetorino.com\/boutique\/#website","url":"https:\/\/www.vetorino.com\/boutique\/","name":"V\u00e9torino","description":"","publisher":{"@id":"https:\/\/www.vetorino.com\/boutique\/#organization"},"potentialAction":[{"@type":"SearchAction","target":{"@type":"EntryPoint","urlTemplate":"https:\/\/www.vetorino.com\/boutique\/?s={search_term_string}"},"query-input":{"@type":"PropertyValueSpecification","valueRequired":true,"valueName":"search_term_string"}}],"inLanguage":"fr-FR"},{"@type":"Organization","@id":"https:\/\/www.vetorino.com\/boutique\/#organization","name":"V\u00e9torino","url":"https:\/\/www.vetorino.com\/boutique\/","logo":{"@type":"ImageObject","inLanguage":"fr-FR","@id":"https:\/\/www.vetorino.com\/boutique\/#\/schema\/logo\/image\/","url":"https:\/\/www.vetorino.com\/boutique\/wp-content\/uploads\/2024\/10\/logo.jpg","contentUrl":"https:\/\/www.vetorino.com\/boutique\/wp-content\/uploads\/2024\/10\/logo.jpg","width":1200,"height":610,"caption":"V\u00e9torino"},"image":{"@id":"https:\/\/www.vetorino.com\/boutique\/#\/schema\/logo\/image\/"},"sameAs":["https:\/\/www.facebook.com\/Vetorino\/","https:\/\/www.instagram.com\/vetorino_off\/","https:\/\/www.linkedin.com\/company\/vtorino\/"]}]},"product_brand":"Virbac","og_availability":"instock","product_availability":"instock","product_condition":"new"},"_links":{"self":[{"href":"https:\/\/www.vetorino.com\/veterinaire\/prunelli-di-fiumorbo-20243\/boutique\/wp-json\/wp\/v2\/product\/684653","targetHints":{"allow":["GET"]}}],"collection":[{"href":"https:\/\/www.vetorino.com\/veterinaire\/prunelli-di-fiumorbo-20243\/boutique\/wp-json\/wp\/v2\/product"}],"about":[{"href":"https:\/\/www.vetorino.com\/veterinaire\/prunelli-di-fiumorbo-20243\/boutique\/wp-json\/wp\/v2\/types\/product"}],"wp:featuredmedia":[{"embeddable":true,"href":"https:\/\/www.vetorino.com\/veterinaire\/prunelli-di-fiumorbo-20243\/boutique\/wp-json\/wp\/v2\/media\/689230"}],"wp:attachment":[{"href":"https:\/\/www.vetorino.com\/veterinaire\/prunelli-di-fiumorbo-20243\/boutique\/wp-json\/wp\/v2\/media?parent=684653"}],"wp:term":[{"taxonomy":"product_cat","embeddable":true,"href":"https:\/\/www.vetorino.com\/veterinaire\/prunelli-di-fiumorbo-20243\/boutique\/wp-json\/wp\/v2\/product_cat?post=684653"},{"taxonomy":"product_tag","embeddable":true,"href":"https:\/\/www.vetorino.com\/veterinaire\/prunelli-di-fiumorbo-20243\/boutique\/wp-json\/wp\/v2\/product_tag?post=684653"}],"curies":[{"name":"wp","href":"https:\/\/api.w.org\/{rel}","templated":true}]}}