{"id":743996,"date":"2023-11-15T17:00:42","date_gmt":"2023-11-15T16:00:42","guid":{"rendered":"https:\/\/www.vetorino.com\/boutique\/product\/ekyflex-tendon-evo\/"},"modified":"2025-02-19T17:26:15","modified_gmt":"2025-02-19T16:26:15","slug":"ekyflex-tendon-evo","status":"publish","type":"product","link":"https:\/\/www.vetorino.com\/veterinaire\/prunelli-di-fiumorbo-20243\/boutique\/product\/ekyflex-tendon-evo\/","title":{"rendered":"Ekyflex Tendon Evo"},"content":{"rendered":"<p><strong>EKYFLEX TENDON\u00a0 est un aliment compl\u00e9mentaire formul\u00e9 par les Laboratoires AUDEVARD. Il a \u00e9t\u00e9 con\u00e7u pour apporter un soutien nutritionnel adapt\u00e9 aux besoins des tendons et des ligaments des chevaux.<\/strong><\/p>\n<p><strong>Utilisation :<\/strong><\/p>\n<ul>\n<li>Plus EKYFLEX TENDON est utilis\u00e9 t\u00f4t apr\u00e8s un accident, plus son apport nutritionnel sera int\u00e9ressant pour les tissus.<\/li>\n<li>Adapt\u00e9 aux chevaux \u00e0 l&#8217;entra\u00eenement dont les tendons sont particuli\u00e8rement sensibles.<\/li>\n<\/ul>\n<p><strong>Mode d&#8217;emploi :<\/strong><\/p>\n<ul>\n<li>Bo\u00eete de 1,2 kg &#8211; Permet une dur\u00e9e d&#8217;utilisation jusqu&#8217;\u00e0 40 jours chez un cheval adulte.<\/li>\n<li>1 mesure = 30g &#8211; 1 \u00e0 2 mesures par jour pendant 30 jours.<\/li>\n<li>A r\u00e9p\u00e9ter sur une p\u00e9riode de 10 \u00e0 12 semaines<\/li>\n<\/ul>\n","protected":false},"excerpt":{"rendered":"<p><strong>EKYFLEX TENDON\u00a0 est un aliment compl\u00e9mentaire formul\u00e9 par les Laboratoires AUDEVARD. Il a \u00e9t\u00e9 con\u00e7u pour apporter un soutien nutritionnel adapt\u00e9 aux besoins des tendons et des ligaments des chevaux.<\/strong><\/p>\n<p><strong>Utilisation :<\/strong><\/p>\n<ul>\n<li>Plus EKYFLEX TENDON est utilis\u00e9 t\u00f4t apr\u00e8s un accident, plus son apport nutritionnel sera int\u00e9ressant pour les tissus.<\/li>\n<li>Adapt\u00e9 aux chevaux \u00e0 l&#8217;entra\u00eenement dont les tendons sont particuli\u00e8rement sensibles.<\/li>\n<li>Bo\u00eete de 1,2 kg &#8211; Permet une dur\u00e9e d&#8217;utilisation jusqu&#8217;\u00e0 40 jours chez un cheval adulte.<\/li>\n<\/ul>\n","protected":false},"featured_media":1219742,"template":"","meta":[],"product_cat":[12757,12547,14072,12752,13093,12754],"product_tag":[],"class_list":{"0":"post-743996","1":"product","2":"type-product","3":"status-publish","4":"has-post-thumbnail","6":"product_cat-alimentation-du-cheval","7":"product_cat-cheval","8":"product_cat-dietetique-et-complements-alimentaires-du-cheval","9":"product_cat-gestion-de-leffort-du-cheval","10":"product_cat-soin-musculaire-du-cheval","11":"product_cat-soins-au-quotidien-du-cheval","12":"pa_marque-audevard","14":"first","15":"instock","16":"taxable","17":"shipping-taxable","18":"purchasable","19":"product-type-variable"},"yoast_head":"<!-- This site is optimized with the Yoast SEO plugin v27.3 - https:\/\/yoast.com\/product\/yoast-seo-wordpress\/ -->\n<title>Ekyflex Tendon Evo Audevard - V\u00e9torino<\/title>\n<meta name=\"description\" content=\"EKYFLEX TENDON\u00a0 est un aliment compl\u00e9mentaire formul\u00e9 par les Laboratoires AUDEVARD. Il a \u00e9t\u00e9 con\u00e7u pour apporter un soutien nutritionnel adapt\u00e9 aux besoins des tendons et des ligaments des chevaux.  Utilisation :   Plus EKYFLEX TENDON est utilis\u00e9 t\u00f4t apr\u00e8s un accident, plus son apport nutritionnel sera int\u00e9ressant pour les tissus.  Adapt\u00e9 aux chevaux \u00e0 l&#039;entra\u00eenement dont les tendons sont particuli\u00e8rement sensibles.  Bo\u00eete de 1,2 kg - Permet une dur\u00e9e d&#039;utilisation jusqu&#039;\u00e0 40 jours chez un cheval adulte.\" \/>\n<meta name=\"robots\" content=\"noindex, nofollow\" \/>\n<meta property=\"og:locale\" content=\"fr_FR\" \/>\n<meta property=\"og:type\" content=\"article\" \/>\n<meta property=\"og:title\" content=\"Ekyflex Tendon Evo Audevard - V\u00e9torino\" \/>\n<meta property=\"og:description\" content=\"EKYFLEX TENDON\u00a0 est un aliment compl\u00e9mentaire formul\u00e9 par les Laboratoires AUDEVARD. Il a \u00e9t\u00e9 con\u00e7u pour apporter un soutien nutritionnel adapt\u00e9 aux besoins des tendons et des ligaments des chevaux.  Utilisation :   Plus EKYFLEX TENDON est utilis\u00e9 t\u00f4t apr\u00e8s un accident, plus son apport nutritionnel sera int\u00e9ressant pour les tissus.  Adapt\u00e9 aux chevaux \u00e0 l&#039;entra\u00eenement dont les tendons sont particuli\u00e8rement sensibles.  Bo\u00eete de 1,2 kg - Permet une dur\u00e9e d&#039;utilisation jusqu&#039;\u00e0 40 jours chez un cheval adulte.\" \/>\n<meta property=\"og:url\" content=\"https:\/\/www.vetorino.com\/veterinaire\/prunelli-di-fiumorbo-20243\/boutique\/product\/ekyflex-tendon-evo\/\" \/>\n<meta property=\"og:site_name\" content=\"V\u00e9torino\" \/>\n<meta property=\"article:publisher\" content=\"https:\/\/www.facebook.com\/Vetorino\/\" \/>\n<meta property=\"article:modified_time\" content=\"2025-02-19T16:26:15+00:00\" \/>\n<meta property=\"og:image\" content=\"https:\/\/www.vetorino.com\/boutique\/wp-content\/uploads\/2023\/11\/ekyflex-tendon-evo-1.png\" \/>\n\t<meta property=\"og:image:width\" content=\"800\" \/>\n\t<meta property=\"og:image:height\" content=\"800\" \/>\n\t<meta property=\"og:image:type\" content=\"image\/png\" \/>\n<meta name=\"twitter:card\" content=\"summary_large_image\" \/>\n<meta name=\"twitter:label1\" content=\"Disponibilit\u00e9\" \/>\n\t<meta name=\"twitter:data1\" content=\"En stock\" \/>\n<script type=\"application\/ld+json\" class=\"yoast-schema-graph\">{\"@context\":\"https:\\\/\\\/schema.org\",\"@graph\":[{\"@type\":\"WebPage\",\"@id\":\"https:\\\/\\\/www.vetorino.com\\\/boutique\\\/product\\\/ekyflex-tendon-evo\\\/\",\"url\":\"https:\\\/\\\/www.vetorino.com\\\/boutique\\\/product\\\/ekyflex-tendon-evo\\\/\",\"name\":\"Ekyflex Tendon Evo Audevard - V\u00e9torino\",\"isPartOf\":{\"@id\":\"https:\\\/\\\/www.vetorino.com\\\/boutique\\\/#website\"},\"primaryImageOfPage\":{\"@id\":\"https:\\\/\\\/www.vetorino.com\\\/boutique\\\/product\\\/ekyflex-tendon-evo\\\/#primaryimage\"},\"image\":{\"@id\":\"https:\\\/\\\/www.vetorino.com\\\/boutique\\\/product\\\/ekyflex-tendon-evo\\\/#primaryimage\"},\"thumbnailUrl\":\"https:\\\/\\\/www.vetorino.com\\\/boutique\\\/wp-content\\\/uploads\\\/2023\\\/11\\\/ekyflex-tendon-evo-1.png\",\"datePublished\":\"2023-11-15T16:00:42+00:00\",\"dateModified\":\"2025-02-19T16:26:15+00:00\",\"description\":\"EKYFLEX TENDON\u00a0 est un aliment compl\u00e9mentaire formul\u00e9 par les Laboratoires AUDEVARD. Il a \u00e9t\u00e9 con\u00e7u pour apporter un soutien nutritionnel adapt\u00e9 aux besoins des tendons et des ligaments des chevaux. Utilisation : Plus EKYFLEX TENDON est utilis\u00e9 t\u00f4t apr\u00e8s un accident, plus son apport nutritionnel sera int\u00e9ressant pour les tissus. Adapt\u00e9 aux chevaux \u00e0 l'entra\u00eenement dont les tendons sont particuli\u00e8rement sensibles. Bo\u00eete de 1,2 kg - Permet une dur\u00e9e d'utilisation jusqu'\u00e0 40 jours chez un cheval adulte.\",\"breadcrumb\":{\"@id\":\"https:\\\/\\\/www.vetorino.com\\\/boutique\\\/product\\\/ekyflex-tendon-evo\\\/#breadcrumb\"},\"inLanguage\":\"fr-FR\",\"potentialAction\":[{\"@type\":\"ReadAction\",\"target\":[\"https:\\\/\\\/www.vetorino.com\\\/boutique\\\/product\\\/ekyflex-tendon-evo\\\/\"]}]},{\"@type\":\"ImageObject\",\"inLanguage\":\"fr-FR\",\"@id\":\"https:\\\/\\\/www.vetorino.com\\\/boutique\\\/product\\\/ekyflex-tendon-evo\\\/#primaryimage\",\"url\":\"https:\\\/\\\/www.vetorino.com\\\/boutique\\\/wp-content\\\/uploads\\\/2023\\\/11\\\/ekyflex-tendon-evo-1.png\",\"contentUrl\":\"https:\\\/\\\/www.vetorino.com\\\/boutique\\\/wp-content\\\/uploads\\\/2023\\\/11\\\/ekyflex-tendon-evo-1.png\",\"width\":800,\"height\":800},{\"@type\":\"BreadcrumbList\",\"@id\":\"https:\\\/\\\/www.vetorino.com\\\/boutique\\\/product\\\/ekyflex-tendon-evo\\\/#breadcrumb\",\"itemListElement\":[{\"@type\":\"ListItem\",\"position\":1,\"name\":\"Accueil\",\"item\":\"https:\\\/\\\/www.vetorino.com\\\/boutique\\\/\"},{\"@type\":\"ListItem\",\"position\":2,\"name\":\"Produits\",\"item\":\"https:\\\/\\\/www.vetorino.com\\\/boutique\\\/\"},{\"@type\":\"ListItem\",\"position\":3,\"name\":\"Ekyflex Tendon Evo\"}]},{\"@type\":\"WebSite\",\"@id\":\"https:\\\/\\\/www.vetorino.com\\\/boutique\\\/#website\",\"url\":\"https:\\\/\\\/www.vetorino.com\\\/boutique\\\/\",\"name\":\"V\u00e9torino\",\"description\":\"\",\"publisher\":{\"@id\":\"https:\\\/\\\/www.vetorino.com\\\/boutique\\\/#organization\"},\"potentialAction\":[{\"@type\":\"SearchAction\",\"target\":{\"@type\":\"EntryPoint\",\"urlTemplate\":\"https:\\\/\\\/www.vetorino.com\\\/boutique\\\/?s={search_term_string}\"},\"query-input\":{\"@type\":\"PropertyValueSpecification\",\"valueRequired\":true,\"valueName\":\"search_term_string\"}}],\"inLanguage\":\"fr-FR\"},{\"@type\":\"Organization\",\"@id\":\"https:\\\/\\\/www.vetorino.com\\\/boutique\\\/#organization\",\"name\":\"V\u00e9torino\",\"url\":\"https:\\\/\\\/www.vetorino.com\\\/boutique\\\/\",\"logo\":{\"@type\":\"ImageObject\",\"inLanguage\":\"fr-FR\",\"@id\":\"https:\\\/\\\/www.vetorino.com\\\/boutique\\\/#\\\/schema\\\/logo\\\/image\\\/\",\"url\":\"https:\\\/\\\/www.vetorino.com\\\/boutique\\\/wp-content\\\/uploads\\\/2024\\\/10\\\/logo.jpg\",\"contentUrl\":\"https:\\\/\\\/www.vetorino.com\\\/boutique\\\/wp-content\\\/uploads\\\/2024\\\/10\\\/logo.jpg\",\"width\":1200,\"height\":610,\"caption\":\"V\u00e9torino\"},\"image\":{\"@id\":\"https:\\\/\\\/www.vetorino.com\\\/boutique\\\/#\\\/schema\\\/logo\\\/image\\\/\"},\"sameAs\":[\"https:\\\/\\\/www.facebook.com\\\/Vetorino\\\/\",\"https:\\\/\\\/www.instagram.com\\\/vetorino_off\\\/\",\"https:\\\/\\\/www.linkedin.com\\\/company\\\/vtorino\\\/\"]}]}<\/script>\n<meta property=\"product:brand\" content=\"Audevard\" \/>\n<meta property=\"og:availability\" content=\"instock\" \/>\n<meta property=\"product:availability\" content=\"instock\" \/>\n<meta property=\"product:condition\" content=\"new\" \/>\n<!-- \/ Yoast SEO plugin. -->","yoast_head_json":{"title":"Ekyflex Tendon Evo Audevard - V\u00e9torino","description":"EKYFLEX TENDON\u00a0 est un aliment compl\u00e9mentaire formul\u00e9 par les Laboratoires AUDEVARD. Il a \u00e9t\u00e9 con\u00e7u pour apporter un soutien nutritionnel adapt\u00e9 aux besoins des tendons et des ligaments des chevaux.  Utilisation :   Plus EKYFLEX TENDON est utilis\u00e9 t\u00f4t apr\u00e8s un accident, plus son apport nutritionnel sera int\u00e9ressant pour les tissus.  Adapt\u00e9 aux chevaux \u00e0 l'entra\u00eenement dont les tendons sont particuli\u00e8rement sensibles.  Bo\u00eete de 1,2 kg - Permet une dur\u00e9e d'utilisation jusqu'\u00e0 40 jours chez un cheval adulte.","robots":{"index":"noindex","follow":"nofollow"},"og_locale":"fr_FR","og_type":"article","og_title":"Ekyflex Tendon Evo Audevard - V\u00e9torino","og_description":"EKYFLEX TENDON\u00a0 est un aliment compl\u00e9mentaire formul\u00e9 par les Laboratoires AUDEVARD. Il a \u00e9t\u00e9 con\u00e7u pour apporter un soutien nutritionnel adapt\u00e9 aux besoins des tendons et des ligaments des chevaux.  Utilisation :   Plus EKYFLEX TENDON est utilis\u00e9 t\u00f4t apr\u00e8s un accident, plus son apport nutritionnel sera int\u00e9ressant pour les tissus.  Adapt\u00e9 aux chevaux \u00e0 l'entra\u00eenement dont les tendons sont particuli\u00e8rement sensibles.  Bo\u00eete de 1,2 kg - Permet une dur\u00e9e d'utilisation jusqu'\u00e0 40 jours chez un cheval adulte.","og_url":"https:\/\/www.vetorino.com\/veterinaire\/prunelli-di-fiumorbo-20243\/boutique\/product\/ekyflex-tendon-evo\/","og_site_name":"V\u00e9torino","article_publisher":"https:\/\/www.facebook.com\/Vetorino\/","article_modified_time":"2025-02-19T16:26:15+00:00","og_image":[{"width":800,"height":800,"url":"https:\/\/www.vetorino.com\/boutique\/wp-content\/uploads\/2023\/11\/ekyflex-tendon-evo-1.png","type":"image\/png"}],"twitter_card":"summary_large_image","twitter_misc":{"Disponibilit\u00e9":"En stock"},"schema":{"@context":"https:\/\/schema.org","@graph":[{"@type":"WebPage","@id":"https:\/\/www.vetorino.com\/boutique\/product\/ekyflex-tendon-evo\/","url":"https:\/\/www.vetorino.com\/boutique\/product\/ekyflex-tendon-evo\/","name":"Ekyflex Tendon Evo Audevard - V\u00e9torino","isPartOf":{"@id":"https:\/\/www.vetorino.com\/boutique\/#website"},"primaryImageOfPage":{"@id":"https:\/\/www.vetorino.com\/boutique\/product\/ekyflex-tendon-evo\/#primaryimage"},"image":{"@id":"https:\/\/www.vetorino.com\/boutique\/product\/ekyflex-tendon-evo\/#primaryimage"},"thumbnailUrl":"https:\/\/www.vetorino.com\/boutique\/wp-content\/uploads\/2023\/11\/ekyflex-tendon-evo-1.png","datePublished":"2023-11-15T16:00:42+00:00","dateModified":"2025-02-19T16:26:15+00:00","description":"EKYFLEX TENDON\u00a0 est un aliment compl\u00e9mentaire formul\u00e9 par les Laboratoires AUDEVARD. Il a \u00e9t\u00e9 con\u00e7u pour apporter un soutien nutritionnel adapt\u00e9 aux besoins des tendons et des ligaments des chevaux. Utilisation : Plus EKYFLEX TENDON est utilis\u00e9 t\u00f4t apr\u00e8s un accident, plus son apport nutritionnel sera int\u00e9ressant pour les tissus. Adapt\u00e9 aux chevaux \u00e0 l'entra\u00eenement dont les tendons sont particuli\u00e8rement sensibles. Bo\u00eete de 1,2 kg - Permet une dur\u00e9e d'utilisation jusqu'\u00e0 40 jours chez un cheval adulte.","breadcrumb":{"@id":"https:\/\/www.vetorino.com\/boutique\/product\/ekyflex-tendon-evo\/#breadcrumb"},"inLanguage":"fr-FR","potentialAction":[{"@type":"ReadAction","target":["https:\/\/www.vetorino.com\/boutique\/product\/ekyflex-tendon-evo\/"]}]},{"@type":"ImageObject","inLanguage":"fr-FR","@id":"https:\/\/www.vetorino.com\/boutique\/product\/ekyflex-tendon-evo\/#primaryimage","url":"https:\/\/www.vetorino.com\/boutique\/wp-content\/uploads\/2023\/11\/ekyflex-tendon-evo-1.png","contentUrl":"https:\/\/www.vetorino.com\/boutique\/wp-content\/uploads\/2023\/11\/ekyflex-tendon-evo-1.png","width":800,"height":800},{"@type":"BreadcrumbList","@id":"https:\/\/www.vetorino.com\/boutique\/product\/ekyflex-tendon-evo\/#breadcrumb","itemListElement":[{"@type":"ListItem","position":1,"name":"Accueil","item":"https:\/\/www.vetorino.com\/boutique\/"},{"@type":"ListItem","position":2,"name":"Produits","item":"https:\/\/www.vetorino.com\/boutique\/"},{"@type":"ListItem","position":3,"name":"Ekyflex Tendon Evo"}]},{"@type":"WebSite","@id":"https:\/\/www.vetorino.com\/boutique\/#website","url":"https:\/\/www.vetorino.com\/boutique\/","name":"V\u00e9torino","description":"","publisher":{"@id":"https:\/\/www.vetorino.com\/boutique\/#organization"},"potentialAction":[{"@type":"SearchAction","target":{"@type":"EntryPoint","urlTemplate":"https:\/\/www.vetorino.com\/boutique\/?s={search_term_string}"},"query-input":{"@type":"PropertyValueSpecification","valueRequired":true,"valueName":"search_term_string"}}],"inLanguage":"fr-FR"},{"@type":"Organization","@id":"https:\/\/www.vetorino.com\/boutique\/#organization","name":"V\u00e9torino","url":"https:\/\/www.vetorino.com\/boutique\/","logo":{"@type":"ImageObject","inLanguage":"fr-FR","@id":"https:\/\/www.vetorino.com\/boutique\/#\/schema\/logo\/image\/","url":"https:\/\/www.vetorino.com\/boutique\/wp-content\/uploads\/2024\/10\/logo.jpg","contentUrl":"https:\/\/www.vetorino.com\/boutique\/wp-content\/uploads\/2024\/10\/logo.jpg","width":1200,"height":610,"caption":"V\u00e9torino"},"image":{"@id":"https:\/\/www.vetorino.com\/boutique\/#\/schema\/logo\/image\/"},"sameAs":["https:\/\/www.facebook.com\/Vetorino\/","https:\/\/www.instagram.com\/vetorino_off\/","https:\/\/www.linkedin.com\/company\/vtorino\/"]}]},"product_brand":"Audevard","og_availability":"instock","product_availability":"instock","product_condition":"new"},"_links":{"self":[{"href":"https:\/\/www.vetorino.com\/veterinaire\/prunelli-di-fiumorbo-20243\/boutique\/wp-json\/wp\/v2\/product\/743996","targetHints":{"allow":["GET"]}}],"collection":[{"href":"https:\/\/www.vetorino.com\/veterinaire\/prunelli-di-fiumorbo-20243\/boutique\/wp-json\/wp\/v2\/product"}],"about":[{"href":"https:\/\/www.vetorino.com\/veterinaire\/prunelli-di-fiumorbo-20243\/boutique\/wp-json\/wp\/v2\/types\/product"}],"wp:featuredmedia":[{"embeddable":true,"href":"https:\/\/www.vetorino.com\/veterinaire\/prunelli-di-fiumorbo-20243\/boutique\/wp-json\/wp\/v2\/media\/1219742"}],"wp:attachment":[{"href":"https:\/\/www.vetorino.com\/veterinaire\/prunelli-di-fiumorbo-20243\/boutique\/wp-json\/wp\/v2\/media?parent=743996"}],"wp:term":[{"taxonomy":"product_cat","embeddable":true,"href":"https:\/\/www.vetorino.com\/veterinaire\/prunelli-di-fiumorbo-20243\/boutique\/wp-json\/wp\/v2\/product_cat?post=743996"},{"taxonomy":"product_tag","embeddable":true,"href":"https:\/\/www.vetorino.com\/veterinaire\/prunelli-di-fiumorbo-20243\/boutique\/wp-json\/wp\/v2\/product_tag?post=743996"}],"curies":[{"name":"wp","href":"https:\/\/api.w.org\/{rel}","templated":true}]}}