{"id":809999,"date":"2024-01-19T10:08:16","date_gmt":"2024-01-19T09:08:16","guid":{"rendered":"https:\/\/www.vetorino.com\/boutique\/product\/epiotic-nf\/"},"modified":"2024-03-13T11:43:23","modified_gmt":"2024-03-13T10:43:23","slug":"epiotic-nf","status":"publish","type":"product","link":"https:\/\/www.vetorino.com\/veterinaire\/prunelli-di-fiumorbo-20243\/boutique\/product\/epiotic-nf\/","title":{"rendered":"Nettoyant Auriculaire Epiotic"},"content":{"rendered":"<p><strong>EPIOTIC est un nettoyant auriculaire con\u00e7u pour le nettoyage quotidien des oreilles des chiens et des chats ou pr\u00e9alable \u00e0 l\u2019application d\u2019un traitement auriculaire.<\/strong><\/p>\n<p>En limitant l&#8217;accumulation des d\u00e9bris cellulaires et des secr\u00e9tions, le nettoyage permet de pr\u00e9venir l&#8217;exc\u00e8s de c\u00e9rumen, les mauvaises odeurs, et peut \u00eatre utilis\u00e9 avant l\u2019 application d\u2019un produit traitant contre les otites.<\/p>\n<p><strong>Utilisation :<\/strong><\/p>\n<p>Chiens et chats<\/p>\n<p>Nettoie, apaise et d\u00e9sodorise<\/p>\n<p><strong>Avantages :<\/strong><\/p>\n<ul>\n<li>Epiotic\u00ae est un nettoyant auriculaire doux pour un usage r\u00e9gulier chez les chiens et les chats ou pr\u00e9alable \u00e0 l\u2019application d\u2019une pr\u00e9paration auriculaire. Il \u00e9limine les d\u00e9bris cellulaires et l\u2019exc\u00e8s de c\u00e9rumen et neutralise les odeurs d\u00e9sagr\u00e9ables.<\/li>\n<li>Le nettoyant Epiotic\u00ae contient un <strong>agent ass\u00e9chant et forme un film protecteur<\/strong> \u00e0 la surface du conduit auditif.<\/li>\n<li>Le nettoyant auriculaire est une <strong>solution micellaire<\/strong> tr\u00e8s bien tol\u00e9r\u00e9e con\u00e7ue pour le nettoyage quotidien des oreilles des chiens, chats, chiots ou chatons, ou avant l\u2019application d\u2019une pr\u00e9paration auriculaire chez les races pr\u00e9dispos\u00e9es aux otites externes.<\/li>\n<li>Sa technologie brevet\u00e9e limite l&#8217;adh\u00e9sion des bact\u00e9ries et aide \u00e0 <strong>maintenir l\u2019int\u00e9grit\u00e9 de la peau et son \u00e9quilibre microbien.<\/strong><\/li>\n<li>Afin\u00a0 d\u2019am\u00e9liorer la vitalit\u00e9 du conduit auriculaire, Epiotic\u00ae contient la technologie SIS (Skin Innovative ScienceTM) : une combinaison de la Glycotechnology (effets anti-adh\u00e9sion des microorganismes) et de la Defensin technology (pour stimuler les d\u00e9fenses microbiennes naturelles de la peau).<\/li>\n<\/ul>\n<p><strong>Mode d&#8217;emploi :<\/strong><\/p>\n<p>D\u00e9visser l\u2019embout bleu, retirer l\u2019opercule et remettre l\u2019embout en place. Tourner l\u2019embout blanc et appliquer dans le conduit auditif. Masser d\u00e9licatement la base de l\u2019oreille puis essuyer l\u2019exc\u00e9dent de produit.<\/p>\n<p><strong>Pr\u00e9cautions d&#8217;emploi :<\/strong><\/p>\n<p>Ne pas utiliser de coton-tige. Ne pas utiliser en cas de rupture de la membrane tympanique.<\/p>\n","protected":false},"excerpt":{"rendered":"<p><strong>EPIOTIC est un nettoyant auriculaire con\u00e7u pour le nettoyage quotidien des oreilles des chiens et des chats ou pr\u00e9alable \u00e0 l\u2019application d\u2019un traitement auriculaire.<\/strong><\/p>\n","protected":false},"featured_media":860966,"template":"","meta":[],"product_cat":[2697,2698,12613,12614,12560,12561],"product_tag":[],"class_list":{"0":"post-809999","1":"product","2":"type-product","3":"status-publish","4":"has-post-thumbnail","6":"product_cat-chat","7":"product_cat-chien","8":"product_cat-hygiene-des-oreilles-du-chat","9":"product_cat-hygiene-des-oreilles-du-chien","10":"product_cat-hygiene-du-chat","11":"product_cat-hygiene-du-chien","12":"pa_marque-virbac","14":"first","15":"instock","16":"taxable","17":"shipping-taxable","18":"purchasable","19":"product-type-variable"},"yoast_head":"<!-- This site is optimized with the Yoast SEO plugin v27.3 - https:\/\/yoast.com\/product\/yoast-seo-wordpress\/ -->\n<title>Nettoyant Auriculaire Epiotic Virbac - V\u00e9torino<\/title>\n<meta name=\"description\" content=\"EPIOTIC est un nettoyant auriculaire con\u00e7u pour le nettoyage quotidien des oreilles des chiens et des chats ou pr\u00e9alable \u00e0 l\u2019application d\u2019un traitement auriculaire.\" \/>\n<meta name=\"robots\" content=\"noindex, nofollow\" \/>\n<meta property=\"og:locale\" content=\"fr_FR\" \/>\n<meta property=\"og:type\" content=\"article\" \/>\n<meta property=\"og:title\" content=\"Nettoyant Auriculaire Epiotic Virbac - V\u00e9torino\" \/>\n<meta property=\"og:description\" content=\"EPIOTIC est un nettoyant auriculaire con\u00e7u pour le nettoyage quotidien des oreilles des chiens et des chats ou pr\u00e9alable \u00e0 l\u2019application d\u2019un traitement auriculaire.\" \/>\n<meta property=\"og:url\" content=\"https:\/\/www.vetorino.com\/veterinaire\/prunelli-di-fiumorbo-20243\/boutique\/product\/epiotic-nf\/\" \/>\n<meta property=\"og:site_name\" content=\"V\u00e9torino\" \/>\n<meta property=\"article:publisher\" content=\"https:\/\/www.facebook.com\/Vetorino\/\" \/>\n<meta property=\"article:modified_time\" content=\"2024-03-13T10:43:23+00:00\" \/>\n<meta property=\"og:image\" content=\"https:\/\/www.vetorino.com\/boutique\/wp-content\/uploads\/2024\/01\/309722_Bottle_Epiotic_125ml_right.png\" \/>\n\t<meta property=\"og:image:width\" content=\"600\" \/>\n\t<meta property=\"og:image:height\" content=\"600\" \/>\n\t<meta property=\"og:image:type\" content=\"image\/png\" \/>\n<meta name=\"twitter:card\" content=\"summary_large_image\" \/>\n<meta name=\"twitter:label1\" content=\"Disponibilit\u00e9\" \/>\n\t<meta name=\"twitter:data1\" content=\"En stock\" \/>\n<script type=\"application\/ld+json\" class=\"yoast-schema-graph\">{\"@context\":\"https:\\\/\\\/schema.org\",\"@graph\":[{\"@type\":\"WebPage\",\"@id\":\"https:\\\/\\\/www.vetorino.com\\\/veterinaire\\\/pontarlier-25300\\\/boutique\\\/product\\\/epiotic-nf\\\/\",\"url\":\"https:\\\/\\\/www.vetorino.com\\\/veterinaire\\\/pontarlier-25300\\\/boutique\\\/product\\\/epiotic-nf\\\/\",\"name\":\"Nettoyant Auriculaire Epiotic Virbac - V\u00e9torino\",\"isPartOf\":{\"@id\":\"https:\\\/\\\/www.vetorino.com\\\/boutique\\\/#website\"},\"primaryImageOfPage\":{\"@id\":\"https:\\\/\\\/www.vetorino.com\\\/veterinaire\\\/pontarlier-25300\\\/boutique\\\/product\\\/epiotic-nf\\\/#primaryimage\"},\"image\":{\"@id\":\"https:\\\/\\\/www.vetorino.com\\\/veterinaire\\\/pontarlier-25300\\\/boutique\\\/product\\\/epiotic-nf\\\/#primaryimage\"},\"thumbnailUrl\":\"https:\\\/\\\/www.vetorino.com\\\/boutique\\\/wp-content\\\/uploads\\\/2024\\\/01\\\/309722_Bottle_Epiotic_125ml_right.png\",\"datePublished\":\"2024-01-19T09:08:16+00:00\",\"dateModified\":\"2024-03-13T10:43:23+00:00\",\"description\":\"EPIOTIC est un nettoyant auriculaire con\u00e7u pour le nettoyage quotidien des oreilles des chiens et des chats ou pr\u00e9alable \u00e0 l\u2019application d\u2019un traitement auriculaire.\",\"breadcrumb\":{\"@id\":\"https:\\\/\\\/www.vetorino.com\\\/veterinaire\\\/pontarlier-25300\\\/boutique\\\/product\\\/epiotic-nf\\\/#breadcrumb\"},\"inLanguage\":\"fr-FR\",\"potentialAction\":[{\"@type\":\"ReadAction\",\"target\":[\"https:\\\/\\\/www.vetorino.com\\\/veterinaire\\\/pontarlier-25300\\\/boutique\\\/product\\\/epiotic-nf\\\/\"]}]},{\"@type\":\"ImageObject\",\"inLanguage\":\"fr-FR\",\"@id\":\"https:\\\/\\\/www.vetorino.com\\\/veterinaire\\\/pontarlier-25300\\\/boutique\\\/product\\\/epiotic-nf\\\/#primaryimage\",\"url\":\"https:\\\/\\\/www.vetorino.com\\\/boutique\\\/wp-content\\\/uploads\\\/2024\\\/01\\\/309722_Bottle_Epiotic_125ml_right.png\",\"contentUrl\":\"https:\\\/\\\/www.vetorino.com\\\/boutique\\\/wp-content\\\/uploads\\\/2024\\\/01\\\/309722_Bottle_Epiotic_125ml_right.png\",\"width\":600,\"height\":600},{\"@type\":\"BreadcrumbList\",\"@id\":\"https:\\\/\\\/www.vetorino.com\\\/veterinaire\\\/pontarlier-25300\\\/boutique\\\/product\\\/epiotic-nf\\\/#breadcrumb\",\"itemListElement\":[{\"@type\":\"ListItem\",\"position\":1,\"name\":\"Accueil\",\"item\":\"https:\\\/\\\/www.vetorino.com\\\/boutique\\\/\"},{\"@type\":\"ListItem\",\"position\":2,\"name\":\"Produits\",\"item\":\"https:\\\/\\\/www.vetorino.com\\\/boutique\\\/\"},{\"@type\":\"ListItem\",\"position\":3,\"name\":\"Nettoyant Auriculaire Epiotic\"}]},{\"@type\":\"WebSite\",\"@id\":\"https:\\\/\\\/www.vetorino.com\\\/boutique\\\/#website\",\"url\":\"https:\\\/\\\/www.vetorino.com\\\/boutique\\\/\",\"name\":\"V\u00e9torino\",\"description\":\"\",\"publisher\":{\"@id\":\"https:\\\/\\\/www.vetorino.com\\\/boutique\\\/#organization\"},\"potentialAction\":[{\"@type\":\"SearchAction\",\"target\":{\"@type\":\"EntryPoint\",\"urlTemplate\":\"https:\\\/\\\/www.vetorino.com\\\/boutique\\\/?s={search_term_string}\"},\"query-input\":{\"@type\":\"PropertyValueSpecification\",\"valueRequired\":true,\"valueName\":\"search_term_string\"}}],\"inLanguage\":\"fr-FR\"},{\"@type\":\"Organization\",\"@id\":\"https:\\\/\\\/www.vetorino.com\\\/boutique\\\/#organization\",\"name\":\"V\u00e9torino\",\"url\":\"https:\\\/\\\/www.vetorino.com\\\/boutique\\\/\",\"logo\":{\"@type\":\"ImageObject\",\"inLanguage\":\"fr-FR\",\"@id\":\"https:\\\/\\\/www.vetorino.com\\\/boutique\\\/#\\\/schema\\\/logo\\\/image\\\/\",\"url\":\"https:\\\/\\\/www.vetorino.com\\\/boutique\\\/wp-content\\\/uploads\\\/2024\\\/10\\\/logo.jpg\",\"contentUrl\":\"https:\\\/\\\/www.vetorino.com\\\/boutique\\\/wp-content\\\/uploads\\\/2024\\\/10\\\/logo.jpg\",\"width\":1200,\"height\":610,\"caption\":\"V\u00e9torino\"},\"image\":{\"@id\":\"https:\\\/\\\/www.vetorino.com\\\/boutique\\\/#\\\/schema\\\/logo\\\/image\\\/\"},\"sameAs\":[\"https:\\\/\\\/www.facebook.com\\\/Vetorino\\\/\",\"https:\\\/\\\/www.instagram.com\\\/vetorino_off\\\/\",\"https:\\\/\\\/www.linkedin.com\\\/company\\\/vtorino\\\/\"]}]}<\/script>\n<meta property=\"product:brand\" content=\"Virbac\" \/>\n<meta property=\"og:availability\" content=\"instock\" \/>\n<meta property=\"product:availability\" content=\"instock\" \/>\n<meta property=\"product:condition\" content=\"new\" \/>\n<!-- \/ Yoast SEO plugin. -->","yoast_head_json":{"title":"Nettoyant Auriculaire Epiotic Virbac - V\u00e9torino","description":"EPIOTIC est un nettoyant auriculaire con\u00e7u pour le nettoyage quotidien des oreilles des chiens et des chats ou pr\u00e9alable \u00e0 l\u2019application d\u2019un traitement auriculaire.","robots":{"index":"noindex","follow":"nofollow"},"og_locale":"fr_FR","og_type":"article","og_title":"Nettoyant Auriculaire Epiotic Virbac - V\u00e9torino","og_description":"EPIOTIC est un nettoyant auriculaire con\u00e7u pour le nettoyage quotidien des oreilles des chiens et des chats ou pr\u00e9alable \u00e0 l\u2019application d\u2019un traitement auriculaire.","og_url":"https:\/\/www.vetorino.com\/veterinaire\/prunelli-di-fiumorbo-20243\/boutique\/product\/epiotic-nf\/","og_site_name":"V\u00e9torino","article_publisher":"https:\/\/www.facebook.com\/Vetorino\/","article_modified_time":"2024-03-13T10:43:23+00:00","og_image":[{"width":600,"height":600,"url":"https:\/\/www.vetorino.com\/boutique\/wp-content\/uploads\/2024\/01\/309722_Bottle_Epiotic_125ml_right.png","type":"image\/png"}],"twitter_card":"summary_large_image","twitter_misc":{"Disponibilit\u00e9":"En stock"},"schema":{"@context":"https:\/\/schema.org","@graph":[{"@type":"WebPage","@id":"https:\/\/www.vetorino.com\/veterinaire\/pontarlier-25300\/boutique\/product\/epiotic-nf\/","url":"https:\/\/www.vetorino.com\/veterinaire\/pontarlier-25300\/boutique\/product\/epiotic-nf\/","name":"Nettoyant Auriculaire Epiotic Virbac - V\u00e9torino","isPartOf":{"@id":"https:\/\/www.vetorino.com\/boutique\/#website"},"primaryImageOfPage":{"@id":"https:\/\/www.vetorino.com\/veterinaire\/pontarlier-25300\/boutique\/product\/epiotic-nf\/#primaryimage"},"image":{"@id":"https:\/\/www.vetorino.com\/veterinaire\/pontarlier-25300\/boutique\/product\/epiotic-nf\/#primaryimage"},"thumbnailUrl":"https:\/\/www.vetorino.com\/boutique\/wp-content\/uploads\/2024\/01\/309722_Bottle_Epiotic_125ml_right.png","datePublished":"2024-01-19T09:08:16+00:00","dateModified":"2024-03-13T10:43:23+00:00","description":"EPIOTIC est un nettoyant auriculaire con\u00e7u pour le nettoyage quotidien des oreilles des chiens et des chats ou pr\u00e9alable \u00e0 l\u2019application d\u2019un traitement auriculaire.","breadcrumb":{"@id":"https:\/\/www.vetorino.com\/veterinaire\/pontarlier-25300\/boutique\/product\/epiotic-nf\/#breadcrumb"},"inLanguage":"fr-FR","potentialAction":[{"@type":"ReadAction","target":["https:\/\/www.vetorino.com\/veterinaire\/pontarlier-25300\/boutique\/product\/epiotic-nf\/"]}]},{"@type":"ImageObject","inLanguage":"fr-FR","@id":"https:\/\/www.vetorino.com\/veterinaire\/pontarlier-25300\/boutique\/product\/epiotic-nf\/#primaryimage","url":"https:\/\/www.vetorino.com\/boutique\/wp-content\/uploads\/2024\/01\/309722_Bottle_Epiotic_125ml_right.png","contentUrl":"https:\/\/www.vetorino.com\/boutique\/wp-content\/uploads\/2024\/01\/309722_Bottle_Epiotic_125ml_right.png","width":600,"height":600},{"@type":"BreadcrumbList","@id":"https:\/\/www.vetorino.com\/veterinaire\/pontarlier-25300\/boutique\/product\/epiotic-nf\/#breadcrumb","itemListElement":[{"@type":"ListItem","position":1,"name":"Accueil","item":"https:\/\/www.vetorino.com\/boutique\/"},{"@type":"ListItem","position":2,"name":"Produits","item":"https:\/\/www.vetorino.com\/boutique\/"},{"@type":"ListItem","position":3,"name":"Nettoyant Auriculaire Epiotic"}]},{"@type":"WebSite","@id":"https:\/\/www.vetorino.com\/boutique\/#website","url":"https:\/\/www.vetorino.com\/boutique\/","name":"V\u00e9torino","description":"","publisher":{"@id":"https:\/\/www.vetorino.com\/boutique\/#organization"},"potentialAction":[{"@type":"SearchAction","target":{"@type":"EntryPoint","urlTemplate":"https:\/\/www.vetorino.com\/boutique\/?s={search_term_string}"},"query-input":{"@type":"PropertyValueSpecification","valueRequired":true,"valueName":"search_term_string"}}],"inLanguage":"fr-FR"},{"@type":"Organization","@id":"https:\/\/www.vetorino.com\/boutique\/#organization","name":"V\u00e9torino","url":"https:\/\/www.vetorino.com\/boutique\/","logo":{"@type":"ImageObject","inLanguage":"fr-FR","@id":"https:\/\/www.vetorino.com\/boutique\/#\/schema\/logo\/image\/","url":"https:\/\/www.vetorino.com\/boutique\/wp-content\/uploads\/2024\/10\/logo.jpg","contentUrl":"https:\/\/www.vetorino.com\/boutique\/wp-content\/uploads\/2024\/10\/logo.jpg","width":1200,"height":610,"caption":"V\u00e9torino"},"image":{"@id":"https:\/\/www.vetorino.com\/boutique\/#\/schema\/logo\/image\/"},"sameAs":["https:\/\/www.facebook.com\/Vetorino\/","https:\/\/www.instagram.com\/vetorino_off\/","https:\/\/www.linkedin.com\/company\/vtorino\/"]}]},"product_brand":"Virbac","og_availability":"instock","product_availability":"instock","product_condition":"new"},"_links":{"self":[{"href":"https:\/\/www.vetorino.com\/veterinaire\/prunelli-di-fiumorbo-20243\/boutique\/wp-json\/wp\/v2\/product\/809999","targetHints":{"allow":["GET"]}}],"collection":[{"href":"https:\/\/www.vetorino.com\/veterinaire\/prunelli-di-fiumorbo-20243\/boutique\/wp-json\/wp\/v2\/product"}],"about":[{"href":"https:\/\/www.vetorino.com\/veterinaire\/prunelli-di-fiumorbo-20243\/boutique\/wp-json\/wp\/v2\/types\/product"}],"wp:featuredmedia":[{"embeddable":true,"href":"https:\/\/www.vetorino.com\/veterinaire\/prunelli-di-fiumorbo-20243\/boutique\/wp-json\/wp\/v2\/media\/860966"}],"wp:attachment":[{"href":"https:\/\/www.vetorino.com\/veterinaire\/prunelli-di-fiumorbo-20243\/boutique\/wp-json\/wp\/v2\/media?parent=809999"}],"wp:term":[{"taxonomy":"product_cat","embeddable":true,"href":"https:\/\/www.vetorino.com\/veterinaire\/prunelli-di-fiumorbo-20243\/boutique\/wp-json\/wp\/v2\/product_cat?post=809999"},{"taxonomy":"product_tag","embeddable":true,"href":"https:\/\/www.vetorino.com\/veterinaire\/prunelli-di-fiumorbo-20243\/boutique\/wp-json\/wp\/v2\/product_tag?post=809999"}],"curies":[{"name":"wp","href":"https:\/\/api.w.org\/{rel}","templated":true}]}}