{"id":897459,"date":"2024-04-16T14:53:02","date_gmt":"2024-04-16T12:53:02","guid":{"rendered":"https:\/\/www.vetorino.com\/boutique\/product\/furminator-brosse-double\/"},"modified":"2024-04-25T14:08:43","modified_gmt":"2024-04-25T12:08:43","slug":"furminator-brosse-double","status":"publish","type":"product","link":"https:\/\/www.vetorino.com\/veterinaire\/prunelli-di-fiumorbo-20243\/boutique\/product\/furminator-brosse-double\/","title":{"rendered":"Double brosse de toilettage"},"content":{"rendered":"<p>La brosse FURminator\u00ae Dual Grooming Brush permet de brosser votre animal et de lustrer son pelage. Elle vous aide \u00e0 \u00e9liminer les n\u0153uds, les bourres de poils et les poils morts sans tirer ni irriter la peau et le pelage. Le c\u00f4t\u00e9 en poils m\u00e9talliques durables permet de d\u00e9m\u00ealer les poils, de retirer les r\u00e9sidus du pelage et de masser la peau de votre animal. Le c\u00f4t\u00e9 en poils souples de la brosse de toilettage lisse et lustre le pelage.<br \/>\nCette brosse 2-en-1 convient \u00e0 tous les chiens et chats. La poign\u00e9e ergonomique antid\u00e9rapante de la brosse FURminator\u00ae Dual Grooming Brush offre une prise en main optimale pendant l&#8217;utilisation. Un brossage quotidien permet d&#8217;entretenir facilement la sant\u00e9 du pelage et de la peau de votre animal.<\/p>\n<h4 class=\"headline-sm mb-8\">B\u00e9n\u00e9fices cl\u00e9s<\/h4>\n<ul class=\"features list-check\">\n<li>Brosse 2-en-1 pour le toilettage et le lustrage du pelage.<\/li>\n<li>Aide \u00e0 \u00e9liminer les bourres de poils, les n\u0153uds et les poils morts sans tirer ni irriter.<\/li>\n<li>C\u00f4t\u00e9 \u00e0 poils m\u00e9talliques solides id\u00e9al pour d\u00e9m\u00ealer, \u00e9liminer les r\u00e9sidus et masser la peau de l&#8217;animal.<\/li>\n<li>Plus souple, le poil de sanglier lisse et fait briller le pelage.<\/li>\n<\/ul>\n","protected":false},"excerpt":{"rendered":"<p><strong>La brosse de toilettage double FURminator est une brosse 2 en 1 avec des poils durs et doux qui toilettent et lissent le pelage.<\/strong><\/p>\n<p>Usage quotidien pendant 5 \u00e0 10 minutes.<\/p>\n","protected":false},"featured_media":902238,"template":"","meta":[],"product_cat":[12573,2761,12550,12590,2697,2698,12611,12612,12560,12561],"product_tag":[],"class_list":{"0":"post-897459","1":"product","2":"type-product","3":"status-publish","4":"has-post-thumbnail","6":"product_cat-accessoire-pour-lhygiene-du-chien","7":"product_cat-accessoires-de-toilettage-pour-chat","8":"product_cat-accessoires-du-chien","9":"product_cat-brosses-pour-chat","10":"product_cat-chat","11":"product_cat-chien","12":"product_cat-hygiene-de-la-peau-et-du-pelage-du-chat","13":"product_cat-hygiene-de-la-peau-et-du-pelage-du-chien","14":"product_cat-hygiene-du-chat","15":"product_cat-hygiene-du-chien","16":"pa_marque-furminator","18":"first","19":"instock","20":"taxable","21":"shipping-taxable","22":"purchasable","23":"product-type-simple"},"yoast_head":"<!-- This site is optimized with the Yoast SEO plugin v27.3 - https:\/\/yoast.com\/product\/yoast-seo-wordpress\/ -->\n<title>Double brosse de toilettage Furminator - V\u00e9torino<\/title>\n<meta name=\"description\" content=\"La brosse de toilettage double FURminator est une brosse 2 en 1 avec des poils durs et doux qui toilettent et lissent le pelage.  Usage quotidien pendant 5 \u00e0 10 minutes.\" \/>\n<meta name=\"robots\" content=\"noindex, nofollow\" \/>\n<meta property=\"og:locale\" content=\"fr_FR\" \/>\n<meta property=\"og:type\" content=\"article\" \/>\n<meta property=\"og:title\" content=\"Double brosse de toilettage Furminator - V\u00e9torino\" \/>\n<meta property=\"og:description\" content=\"La brosse de toilettage double FURminator est une brosse 2 en 1 avec des poils durs et doux qui toilettent et lissent le pelage.  Usage quotidien pendant 5 \u00e0 10 minutes.\" \/>\n<meta property=\"og:url\" content=\"https:\/\/www.vetorino.com\/veterinaire\/prunelli-di-fiumorbo-20243\/boutique\/product\/furminator-brosse-double\/\" \/>\n<meta property=\"og:site_name\" content=\"V\u00e9torino\" \/>\n<meta property=\"article:publisher\" content=\"https:\/\/www.facebook.com\/Vetorino\/\" \/>\n<meta property=\"article:modified_time\" content=\"2024-04-25T12:08:43+00:00\" \/>\n<meta property=\"og:image\" content=\"https:\/\/www.vetorino.com\/boutique\/wp-content\/uploads\/2024\/04\/csm_TH32176_9650_850ba92bee.webp\" \/>\n\t<meta property=\"og:image:width\" content=\"800\" \/>\n\t<meta property=\"og:image:height\" content=\"800\" \/>\n\t<meta property=\"og:image:type\" content=\"image\/webp\" \/>\n<meta name=\"twitter:card\" content=\"summary_large_image\" \/>\n<meta name=\"twitter:label1\" content=\"Prix\" \/>\n\t<meta name=\"twitter:data1\" content=\"22,45&euro;\" \/>\n\t<meta name=\"twitter:label2\" content=\"Disponibilit\u00e9\" \/>\n\t<meta name=\"twitter:data2\" content=\"En stock\" \/>\n<script type=\"application\/ld+json\" class=\"yoast-schema-graph\">{\"@context\":\"https:\\\/\\\/schema.org\",\"@graph\":[{\"@type\":\"WebPage\",\"@id\":\"https:\\\/\\\/www.vetorino.com\\\/boutique\\\/product\\\/furminator-brosse-double\\\/\",\"url\":\"https:\\\/\\\/www.vetorino.com\\\/boutique\\\/product\\\/furminator-brosse-double\\\/\",\"name\":\"Double brosse de toilettage Furminator - V\u00e9torino\",\"isPartOf\":{\"@id\":\"https:\\\/\\\/www.vetorino.com\\\/boutique\\\/#website\"},\"primaryImageOfPage\":{\"@id\":\"https:\\\/\\\/www.vetorino.com\\\/boutique\\\/product\\\/furminator-brosse-double\\\/#primaryimage\"},\"image\":{\"@id\":\"https:\\\/\\\/www.vetorino.com\\\/boutique\\\/product\\\/furminator-brosse-double\\\/#primaryimage\"},\"thumbnailUrl\":\"https:\\\/\\\/www.vetorino.com\\\/boutique\\\/wp-content\\\/uploads\\\/2024\\\/04\\\/csm_TH32176_9650_850ba92bee.webp\",\"datePublished\":\"2024-04-16T12:53:02+00:00\",\"dateModified\":\"2024-04-25T12:08:43+00:00\",\"description\":\"La brosse de toilettage double FURminator est une brosse 2 en 1 avec des poils durs et doux qui toilettent et lissent le pelage. Usage quotidien pendant 5 \u00e0 10 minutes.\",\"breadcrumb\":{\"@id\":\"https:\\\/\\\/www.vetorino.com\\\/boutique\\\/product\\\/furminator-brosse-double\\\/#breadcrumb\"},\"inLanguage\":\"fr-FR\",\"potentialAction\":[{\"@type\":\"ReadAction\",\"target\":[\"https:\\\/\\\/www.vetorino.com\\\/boutique\\\/product\\\/furminator-brosse-double\\\/\"]}]},{\"@type\":\"ImageObject\",\"inLanguage\":\"fr-FR\",\"@id\":\"https:\\\/\\\/www.vetorino.com\\\/boutique\\\/product\\\/furminator-brosse-double\\\/#primaryimage\",\"url\":\"https:\\\/\\\/www.vetorino.com\\\/boutique\\\/wp-content\\\/uploads\\\/2024\\\/04\\\/csm_TH32176_9650_850ba92bee.webp\",\"contentUrl\":\"https:\\\/\\\/www.vetorino.com\\\/boutique\\\/wp-content\\\/uploads\\\/2024\\\/04\\\/csm_TH32176_9650_850ba92bee.webp\",\"width\":800,\"height\":800},{\"@type\":\"BreadcrumbList\",\"@id\":\"https:\\\/\\\/www.vetorino.com\\\/boutique\\\/product\\\/furminator-brosse-double\\\/#breadcrumb\",\"itemListElement\":[{\"@type\":\"ListItem\",\"position\":1,\"name\":\"Accueil\",\"item\":\"https:\\\/\\\/www.vetorino.com\\\/boutique\\\/\"},{\"@type\":\"ListItem\",\"position\":2,\"name\":\"Produits\",\"item\":\"https:\\\/\\\/www.vetorino.com\\\/boutique\\\/\"},{\"@type\":\"ListItem\",\"position\":3,\"name\":\"Double brosse de toilettage\"}]},{\"@type\":\"WebSite\",\"@id\":\"https:\\\/\\\/www.vetorino.com\\\/boutique\\\/#website\",\"url\":\"https:\\\/\\\/www.vetorino.com\\\/boutique\\\/\",\"name\":\"V\u00e9torino\",\"description\":\"\",\"publisher\":{\"@id\":\"https:\\\/\\\/www.vetorino.com\\\/boutique\\\/#organization\"},\"potentialAction\":[{\"@type\":\"SearchAction\",\"target\":{\"@type\":\"EntryPoint\",\"urlTemplate\":\"https:\\\/\\\/www.vetorino.com\\\/boutique\\\/?s={search_term_string}\"},\"query-input\":{\"@type\":\"PropertyValueSpecification\",\"valueRequired\":true,\"valueName\":\"search_term_string\"}}],\"inLanguage\":\"fr-FR\"},{\"@type\":\"Organization\",\"@id\":\"https:\\\/\\\/www.vetorino.com\\\/boutique\\\/#organization\",\"name\":\"V\u00e9torino\",\"url\":\"https:\\\/\\\/www.vetorino.com\\\/boutique\\\/\",\"logo\":{\"@type\":\"ImageObject\",\"inLanguage\":\"fr-FR\",\"@id\":\"https:\\\/\\\/www.vetorino.com\\\/boutique\\\/#\\\/schema\\\/logo\\\/image\\\/\",\"url\":\"https:\\\/\\\/www.vetorino.com\\\/boutique\\\/wp-content\\\/uploads\\\/2024\\\/10\\\/logo.jpg\",\"contentUrl\":\"https:\\\/\\\/www.vetorino.com\\\/boutique\\\/wp-content\\\/uploads\\\/2024\\\/10\\\/logo.jpg\",\"width\":1200,\"height\":610,\"caption\":\"V\u00e9torino\"},\"image\":{\"@id\":\"https:\\\/\\\/www.vetorino.com\\\/boutique\\\/#\\\/schema\\\/logo\\\/image\\\/\"},\"sameAs\":[\"https:\\\/\\\/www.facebook.com\\\/Vetorino\\\/\",\"https:\\\/\\\/www.instagram.com\\\/vetorino_off\\\/\",\"https:\\\/\\\/www.linkedin.com\\\/company\\\/vtorino\\\/\"]}]}<\/script>\n<meta property=\"product:brand\" content=\"Furminator\" \/>\n<meta property=\"product:price:amount\" content=\"22.45\" \/>\n<meta property=\"product:price:currency\" content=\"EUR\" \/>\n<meta property=\"og:availability\" content=\"instock\" \/>\n<meta property=\"product:availability\" content=\"instock\" \/>\n<meta property=\"product:retailer_item_id\" content=\"A-1147220\" \/>\n<meta property=\"product:condition\" content=\"new\" \/>\n<!-- \/ Yoast SEO plugin. -->","yoast_head_json":{"title":"Double brosse de toilettage Furminator - V\u00e9torino","description":"La brosse de toilettage double FURminator est une brosse 2 en 1 avec des poils durs et doux qui toilettent et lissent le pelage.  Usage quotidien pendant 5 \u00e0 10 minutes.","robots":{"index":"noindex","follow":"nofollow"},"og_locale":"fr_FR","og_type":"article","og_title":"Double brosse de toilettage Furminator - V\u00e9torino","og_description":"La brosse de toilettage double FURminator est une brosse 2 en 1 avec des poils durs et doux qui toilettent et lissent le pelage.  Usage quotidien pendant 5 \u00e0 10 minutes.","og_url":"https:\/\/www.vetorino.com\/veterinaire\/prunelli-di-fiumorbo-20243\/boutique\/product\/furminator-brosse-double\/","og_site_name":"V\u00e9torino","article_publisher":"https:\/\/www.facebook.com\/Vetorino\/","article_modified_time":"2024-04-25T12:08:43+00:00","og_image":[{"width":800,"height":800,"url":"https:\/\/www.vetorino.com\/boutique\/wp-content\/uploads\/2024\/04\/csm_TH32176_9650_850ba92bee.webp","type":"image\/webp"}],"twitter_card":"summary_large_image","twitter_misc":{"Prix":"22,45&euro;","Disponibilit\u00e9":"En stock"},"schema":{"@context":"https:\/\/schema.org","@graph":[{"@type":"WebPage","@id":"https:\/\/www.vetorino.com\/boutique\/product\/furminator-brosse-double\/","url":"https:\/\/www.vetorino.com\/boutique\/product\/furminator-brosse-double\/","name":"Double brosse de toilettage Furminator - V\u00e9torino","isPartOf":{"@id":"https:\/\/www.vetorino.com\/boutique\/#website"},"primaryImageOfPage":{"@id":"https:\/\/www.vetorino.com\/boutique\/product\/furminator-brosse-double\/#primaryimage"},"image":{"@id":"https:\/\/www.vetorino.com\/boutique\/product\/furminator-brosse-double\/#primaryimage"},"thumbnailUrl":"https:\/\/www.vetorino.com\/boutique\/wp-content\/uploads\/2024\/04\/csm_TH32176_9650_850ba92bee.webp","datePublished":"2024-04-16T12:53:02+00:00","dateModified":"2024-04-25T12:08:43+00:00","description":"La brosse de toilettage double FURminator est une brosse 2 en 1 avec des poils durs et doux qui toilettent et lissent le pelage. Usage quotidien pendant 5 \u00e0 10 minutes.","breadcrumb":{"@id":"https:\/\/www.vetorino.com\/boutique\/product\/furminator-brosse-double\/#breadcrumb"},"inLanguage":"fr-FR","potentialAction":[{"@type":"ReadAction","target":["https:\/\/www.vetorino.com\/boutique\/product\/furminator-brosse-double\/"]}]},{"@type":"ImageObject","inLanguage":"fr-FR","@id":"https:\/\/www.vetorino.com\/boutique\/product\/furminator-brosse-double\/#primaryimage","url":"https:\/\/www.vetorino.com\/boutique\/wp-content\/uploads\/2024\/04\/csm_TH32176_9650_850ba92bee.webp","contentUrl":"https:\/\/www.vetorino.com\/boutique\/wp-content\/uploads\/2024\/04\/csm_TH32176_9650_850ba92bee.webp","width":800,"height":800},{"@type":"BreadcrumbList","@id":"https:\/\/www.vetorino.com\/boutique\/product\/furminator-brosse-double\/#breadcrumb","itemListElement":[{"@type":"ListItem","position":1,"name":"Accueil","item":"https:\/\/www.vetorino.com\/boutique\/"},{"@type":"ListItem","position":2,"name":"Produits","item":"https:\/\/www.vetorino.com\/boutique\/"},{"@type":"ListItem","position":3,"name":"Double brosse de toilettage"}]},{"@type":"WebSite","@id":"https:\/\/www.vetorino.com\/boutique\/#website","url":"https:\/\/www.vetorino.com\/boutique\/","name":"V\u00e9torino","description":"","publisher":{"@id":"https:\/\/www.vetorino.com\/boutique\/#organization"},"potentialAction":[{"@type":"SearchAction","target":{"@type":"EntryPoint","urlTemplate":"https:\/\/www.vetorino.com\/boutique\/?s={search_term_string}"},"query-input":{"@type":"PropertyValueSpecification","valueRequired":true,"valueName":"search_term_string"}}],"inLanguage":"fr-FR"},{"@type":"Organization","@id":"https:\/\/www.vetorino.com\/boutique\/#organization","name":"V\u00e9torino","url":"https:\/\/www.vetorino.com\/boutique\/","logo":{"@type":"ImageObject","inLanguage":"fr-FR","@id":"https:\/\/www.vetorino.com\/boutique\/#\/schema\/logo\/image\/","url":"https:\/\/www.vetorino.com\/boutique\/wp-content\/uploads\/2024\/10\/logo.jpg","contentUrl":"https:\/\/www.vetorino.com\/boutique\/wp-content\/uploads\/2024\/10\/logo.jpg","width":1200,"height":610,"caption":"V\u00e9torino"},"image":{"@id":"https:\/\/www.vetorino.com\/boutique\/#\/schema\/logo\/image\/"},"sameAs":["https:\/\/www.facebook.com\/Vetorino\/","https:\/\/www.instagram.com\/vetorino_off\/","https:\/\/www.linkedin.com\/company\/vtorino\/"]}]},"product_brand":"Furminator","product_price_amount":"22.45","product_price_currency":"EUR","og_availability":"instock","product_availability":"instock","product_retailer_item_id":"A-1147220","product_condition":"new"},"_links":{"self":[{"href":"https:\/\/www.vetorino.com\/veterinaire\/prunelli-di-fiumorbo-20243\/boutique\/wp-json\/wp\/v2\/product\/897459","targetHints":{"allow":["GET"]}}],"collection":[{"href":"https:\/\/www.vetorino.com\/veterinaire\/prunelli-di-fiumorbo-20243\/boutique\/wp-json\/wp\/v2\/product"}],"about":[{"href":"https:\/\/www.vetorino.com\/veterinaire\/prunelli-di-fiumorbo-20243\/boutique\/wp-json\/wp\/v2\/types\/product"}],"wp:featuredmedia":[{"embeddable":true,"href":"https:\/\/www.vetorino.com\/veterinaire\/prunelli-di-fiumorbo-20243\/boutique\/wp-json\/wp\/v2\/media\/902238"}],"wp:attachment":[{"href":"https:\/\/www.vetorino.com\/veterinaire\/prunelli-di-fiumorbo-20243\/boutique\/wp-json\/wp\/v2\/media?parent=897459"}],"wp:term":[{"taxonomy":"product_cat","embeddable":true,"href":"https:\/\/www.vetorino.com\/veterinaire\/prunelli-di-fiumorbo-20243\/boutique\/wp-json\/wp\/v2\/product_cat?post=897459"},{"taxonomy":"product_tag","embeddable":true,"href":"https:\/\/www.vetorino.com\/veterinaire\/prunelli-di-fiumorbo-20243\/boutique\/wp-json\/wp\/v2\/product_tag?post=897459"}],"curies":[{"name":"wp","href":"https:\/\/api.w.org\/{rel}","templated":true}]}}