{"id":935788,"date":"2024-06-01T05:35:10","date_gmt":"2024-06-01T03:35:10","guid":{"rendered":"https:\/\/www.vetorino.com\/boutique\/product\/hypoallergenic-dog-treats\/"},"modified":"2025-08-20T11:36:47","modified_gmt":"2025-08-20T09:36:47","slug":"hypoallergenic-dog-treats","status":"publish","type":"product","link":"https:\/\/www.vetorino.com\/veterinaire\/prunelli-di-fiumorbo-20243\/boutique\/product\/hypoallergenic-dog-treats\/","title":{"rendered":"Dog Hypoallergenic Treats"},"content":{"rendered":"<p><strong>Les\u00a0friandises Hypoallergenic sont formul\u00e9es pour les chiens souffrant\u00a0d\u2019allergies alimentaires.<\/strong><\/p>\n<p><strong>Utilisation :<\/strong><\/p>\n<ul>\n<li>R\u00e9actions ind\u00e9sirables aux aliments (allergie ou intol\u00e9rance alimentaires).<\/li>\n<li>Troubles gasrto-intestinaux (except\u00e9 ceux r\u00e9pondant \u00e0 une alimentation restreinte en graisses ou riche en fibres).<\/li>\n<li>Probl\u00e8me de peau.<\/li>\n<li>Parfait pour le\u00a0chien nourri avec\u00a0Hill&#8217;s\u00a0<span class=\"nowrap\">Prescription Diet<\/span>\u00a0d\/d, z\/d,\u00a0 i\/d, i\/d Sensitive et\u00a0<span class=\"nowrap\">Derm Defense,<\/span>\u00a0ou\u00a0<span class=\"nowrap\">Science Plan<\/span>\u00a0Sensitive Stomach&amp;Skin.<\/li>\n<\/ul>\n<p><strong>Bienfaits essentiels :<\/strong><\/p>\n<ul>\n<li>Friandises croquantes et d\u00e9licieuses formul\u00e9es pour les chiens souffrant d&#8217;intol\u00e9rances alimentaires et pour soutenir la fonction cutan\u00e9e.<\/li>\n<li>Un go\u00fbt d\u00e9licieux que votre chien va adorer.<\/li>\n<li>Nutrition cliniquement prouv\u00e9e pour aider \u00e0 r\u00e9duire les signes cutan\u00e9s et digestifs caus\u00e9s par les allergies alimentaires.<\/li>\n<li>Contient ActivBiome+, un m\u00e9lange de pr\u00e9biotiques exclusif de Hill\u2019s, pour aider \u00e0 nourrir son microbiome.<\/li>\n<\/ul>\n","protected":false},"excerpt":{"rendered":"<p><strong>De d\u00e9licieuses friandises pour chiens formul\u00e9es pour les chiens pr\u00e9sentant des intol\u00e9rances \u00e0 certains ingr\u00e9dients et nutriments et pour le soutien de la fonction cutan\u00e9e.\u00a0<\/strong><\/p>\n<p><strong>Utilisation :<\/strong><\/p>\n<ul>\n<li>R\u00e9actions ind\u00e9sirables aux aliments (allergie ou intol\u00e9rance alimentaires).<\/li>\n<li>Troubles gastro-intestinaux (except\u00e9 ceux r\u00e9pondant \u00e0 une alimentation restreinte en graisses ou riche en fibres).<\/li>\n<li>Probl\u00e8me de peau.<\/li>\n<li>Parfait pour le chien nourri avec Hill&#8217;s Prescription Diet d\/d, z\/d,\u00a0 i\/d, i\/d Sensitive et Derm Defense, ou Science Plan Sensitive Stomach&amp;Skin.<\/li>\n<\/ul>\n","protected":false},"featured_media":1172655,"template":"","meta":[],"product_cat":[12552,2698,12603],"product_tag":[],"class_list":{"0":"post-935788","1":"product","2":"type-product","3":"status-publish","4":"has-post-thumbnail","6":"product_cat-alimentation-du-chien","7":"product_cat-chien","8":"product_cat-friandises-pour-chien","9":"pa_marque-hills-pet-nutrition","11":"first","12":"instock","13":"taxable","14":"shipping-taxable","15":"purchasable","16":"product-type-variable"},"yoast_head":"<!-- This site is optimized with the Yoast SEO plugin v27.3 - https:\/\/yoast.com\/product\/yoast-seo-wordpress\/ -->\n<title>Hill&#039;s Treats Dog Hypoallergenic Treats Hill&#039;s - V\u00e9torino<\/title>\n<meta name=\"description\" content=\"De d\u00e9licieuses friandises pour chiens formul\u00e9es pour les chiens pr\u00e9sentant des intol\u00e9rances \u00e0 certains ingr\u00e9dients et nutriments et pour le soutien de la fonction cutan\u00e9e.\u00a0  Utilisation :   R\u00e9actions ind\u00e9sirables aux aliments (allergie ou intol\u00e9rance alimentaires).  Troubles gastro-intestinaux (except\u00e9 ceux r\u00e9pondant \u00e0 une alimentation restreinte en graisses ou riche en fibres).  Probl\u00e8me de peau.  Parfait pour le chien nourri avec Hill&#039;s Prescription Diet d\/d, z\/d,\u00a0 i\/d, i\/d Sensitive et Derm Defense, ou Science Plan Sensitive Stomach&amp;Skin.\" \/>\n<meta name=\"robots\" content=\"noindex, nofollow\" \/>\n<meta property=\"og:locale\" content=\"fr_FR\" \/>\n<meta property=\"og:type\" content=\"article\" \/>\n<meta property=\"og:title\" content=\"Hill&#039;s Treats Dog Hypoallergenic Treats Hill&#039;s - V\u00e9torino\" \/>\n<meta property=\"og:description\" content=\"De d\u00e9licieuses friandises pour chiens formul\u00e9es pour les chiens pr\u00e9sentant des intol\u00e9rances \u00e0 certains ingr\u00e9dients et nutriments et pour le soutien de la fonction cutan\u00e9e.\u00a0  Utilisation :   R\u00e9actions ind\u00e9sirables aux aliments (allergie ou intol\u00e9rance alimentaires).  Troubles gastro-intestinaux (except\u00e9 ceux r\u00e9pondant \u00e0 une alimentation restreinte en graisses ou riche en fibres).  Probl\u00e8me de peau.  Parfait pour le chien nourri avec Hill&#039;s Prescription Diet d\/d, z\/d,\u00a0 i\/d, i\/d Sensitive et Derm Defense, ou Science Plan Sensitive Stomach&amp;Skin.\" \/>\n<meta property=\"og:url\" content=\"https:\/\/www.vetorino.com\/veterinaire\/prunelli-di-fiumorbo-20243\/boutique\/product\/hypoallergenic-dog-treats\/\" \/>\n<meta property=\"og:site_name\" content=\"V\u00e9torino\" \/>\n<meta property=\"article:publisher\" content=\"https:\/\/www.facebook.com\/Vetorino\/\" \/>\n<meta property=\"article:modified_time\" content=\"2025-08-20T09:36:47+00:00\" \/>\n<meta property=\"og:image\" content=\"https:\/\/www.vetorino.com\/boutique\/wp-content\/uploads\/2024\/06\/canine-hypoallergenic-treats.webp\" \/>\n\t<meta property=\"og:image:width\" content=\"800\" \/>\n\t<meta property=\"og:image:height\" content=\"800\" \/>\n\t<meta property=\"og:image:type\" content=\"image\/webp\" \/>\n<meta name=\"twitter:card\" content=\"summary_large_image\" \/>\n<meta name=\"twitter:label1\" content=\"Disponibilit\u00e9\" \/>\n\t<meta name=\"twitter:data1\" content=\"En stock\" \/>\n<script type=\"application\/ld+json\" class=\"yoast-schema-graph\">{\"@context\":\"https:\\\/\\\/schema.org\",\"@graph\":[{\"@type\":\"WebPage\",\"@id\":\"https:\\\/\\\/www.vetorino.com\\\/veterinaire\\\/briancon-05100\\\/boutique\\\/product\\\/hypoallergenic-dog-treats\\\/\",\"url\":\"https:\\\/\\\/www.vetorino.com\\\/veterinaire\\\/briancon-05100\\\/boutique\\\/product\\\/hypoallergenic-dog-treats\\\/\",\"name\":\"Hill's Treats Dog Hypoallergenic Treats Hill's - V\u00e9torino\",\"isPartOf\":{\"@id\":\"https:\\\/\\\/www.vetorino.com\\\/boutique\\\/#website\"},\"primaryImageOfPage\":{\"@id\":\"https:\\\/\\\/www.vetorino.com\\\/veterinaire\\\/briancon-05100\\\/boutique\\\/product\\\/hypoallergenic-dog-treats\\\/#primaryimage\"},\"image\":{\"@id\":\"https:\\\/\\\/www.vetorino.com\\\/veterinaire\\\/briancon-05100\\\/boutique\\\/product\\\/hypoallergenic-dog-treats\\\/#primaryimage\"},\"thumbnailUrl\":\"https:\\\/\\\/www.vetorino.com\\\/boutique\\\/wp-content\\\/uploads\\\/2024\\\/06\\\/canine-hypoallergenic-treats.webp\",\"datePublished\":\"2024-06-01T03:35:10+00:00\",\"dateModified\":\"2025-08-20T09:36:47+00:00\",\"description\":\"De d\u00e9licieuses friandises pour chiens formul\u00e9es pour les chiens pr\u00e9sentant des intol\u00e9rances \u00e0 certains ingr\u00e9dients et nutriments et pour le soutien de la fonction cutan\u00e9e.\u00a0 Utilisation : R\u00e9actions ind\u00e9sirables aux aliments (allergie ou intol\u00e9rance alimentaires). Troubles gastro-intestinaux (except\u00e9 ceux r\u00e9pondant \u00e0 une alimentation restreinte en graisses ou riche en fibres). Probl\u00e8me de peau. Parfait pour le chien nourri avec Hill's Prescription Diet d\\\/d, z\\\/d,\u00a0 i\\\/d, i\\\/d Sensitive et Derm Defense, ou Science Plan Sensitive Stomach&amp;Skin.\",\"breadcrumb\":{\"@id\":\"https:\\\/\\\/www.vetorino.com\\\/veterinaire\\\/briancon-05100\\\/boutique\\\/product\\\/hypoallergenic-dog-treats\\\/#breadcrumb\"},\"inLanguage\":\"fr-FR\",\"potentialAction\":[{\"@type\":\"ReadAction\",\"target\":[\"https:\\\/\\\/www.vetorino.com\\\/veterinaire\\\/briancon-05100\\\/boutique\\\/product\\\/hypoallergenic-dog-treats\\\/\"]}]},{\"@type\":\"ImageObject\",\"inLanguage\":\"fr-FR\",\"@id\":\"https:\\\/\\\/www.vetorino.com\\\/veterinaire\\\/briancon-05100\\\/boutique\\\/product\\\/hypoallergenic-dog-treats\\\/#primaryimage\",\"url\":\"https:\\\/\\\/www.vetorino.com\\\/boutique\\\/wp-content\\\/uploads\\\/2024\\\/06\\\/canine-hypoallergenic-treats.webp\",\"contentUrl\":\"https:\\\/\\\/www.vetorino.com\\\/boutique\\\/wp-content\\\/uploads\\\/2024\\\/06\\\/canine-hypoallergenic-treats.webp\",\"width\":800,\"height\":800},{\"@type\":\"BreadcrumbList\",\"@id\":\"https:\\\/\\\/www.vetorino.com\\\/veterinaire\\\/briancon-05100\\\/boutique\\\/product\\\/hypoallergenic-dog-treats\\\/#breadcrumb\",\"itemListElement\":[{\"@type\":\"ListItem\",\"position\":1,\"name\":\"Accueil\",\"item\":\"https:\\\/\\\/www.vetorino.com\\\/boutique\\\/\"},{\"@type\":\"ListItem\",\"position\":2,\"name\":\"Produits\",\"item\":\"https:\\\/\\\/www.vetorino.com\\\/boutique\\\/\"},{\"@type\":\"ListItem\",\"position\":3,\"name\":\"Dog Hypoallergenic Treats\"}]},{\"@type\":\"WebSite\",\"@id\":\"https:\\\/\\\/www.vetorino.com\\\/boutique\\\/#website\",\"url\":\"https:\\\/\\\/www.vetorino.com\\\/boutique\\\/\",\"name\":\"V\u00e9torino\",\"description\":\"\",\"publisher\":{\"@id\":\"https:\\\/\\\/www.vetorino.com\\\/boutique\\\/#organization\"},\"potentialAction\":[{\"@type\":\"SearchAction\",\"target\":{\"@type\":\"EntryPoint\",\"urlTemplate\":\"https:\\\/\\\/www.vetorino.com\\\/boutique\\\/?s={search_term_string}\"},\"query-input\":{\"@type\":\"PropertyValueSpecification\",\"valueRequired\":true,\"valueName\":\"search_term_string\"}}],\"inLanguage\":\"fr-FR\"},{\"@type\":\"Organization\",\"@id\":\"https:\\\/\\\/www.vetorino.com\\\/boutique\\\/#organization\",\"name\":\"V\u00e9torino\",\"url\":\"https:\\\/\\\/www.vetorino.com\\\/boutique\\\/\",\"logo\":{\"@type\":\"ImageObject\",\"inLanguage\":\"fr-FR\",\"@id\":\"https:\\\/\\\/www.vetorino.com\\\/boutique\\\/#\\\/schema\\\/logo\\\/image\\\/\",\"url\":\"https:\\\/\\\/www.vetorino.com\\\/boutique\\\/wp-content\\\/uploads\\\/2024\\\/10\\\/logo.jpg\",\"contentUrl\":\"https:\\\/\\\/www.vetorino.com\\\/boutique\\\/wp-content\\\/uploads\\\/2024\\\/10\\\/logo.jpg\",\"width\":1200,\"height\":610,\"caption\":\"V\u00e9torino\"},\"image\":{\"@id\":\"https:\\\/\\\/www.vetorino.com\\\/boutique\\\/#\\\/schema\\\/logo\\\/image\\\/\"},\"sameAs\":[\"https:\\\/\\\/www.facebook.com\\\/Vetorino\\\/\",\"https:\\\/\\\/www.instagram.com\\\/vetorino_off\\\/\",\"https:\\\/\\\/www.linkedin.com\\\/company\\\/vtorino\\\/\"]}]}<\/script>\n<meta property=\"product:brand\" content=\"Hill&#039;s\" \/>\n<meta property=\"og:availability\" content=\"instock\" \/>\n<meta property=\"product:availability\" content=\"instock\" \/>\n<meta property=\"product:condition\" content=\"new\" \/>\n<!-- \/ Yoast SEO plugin. -->","yoast_head_json":{"title":"Hill's Treats Dog Hypoallergenic Treats Hill's - V\u00e9torino","description":"De d\u00e9licieuses friandises pour chiens formul\u00e9es pour les chiens pr\u00e9sentant des intol\u00e9rances \u00e0 certains ingr\u00e9dients et nutriments et pour le soutien de la fonction cutan\u00e9e.\u00a0  Utilisation :   R\u00e9actions ind\u00e9sirables aux aliments (allergie ou intol\u00e9rance alimentaires).  Troubles gastro-intestinaux (except\u00e9 ceux r\u00e9pondant \u00e0 une alimentation restreinte en graisses ou riche en fibres).  Probl\u00e8me de peau.  Parfait pour le chien nourri avec Hill's Prescription Diet d\/d, z\/d,\u00a0 i\/d, i\/d Sensitive et Derm Defense, ou Science Plan Sensitive Stomach&amp;Skin.","robots":{"index":"noindex","follow":"nofollow"},"og_locale":"fr_FR","og_type":"article","og_title":"Hill's Treats Dog Hypoallergenic Treats Hill's - V\u00e9torino","og_description":"De d\u00e9licieuses friandises pour chiens formul\u00e9es pour les chiens pr\u00e9sentant des intol\u00e9rances \u00e0 certains ingr\u00e9dients et nutriments et pour le soutien de la fonction cutan\u00e9e.\u00a0  Utilisation :   R\u00e9actions ind\u00e9sirables aux aliments (allergie ou intol\u00e9rance alimentaires).  Troubles gastro-intestinaux (except\u00e9 ceux r\u00e9pondant \u00e0 une alimentation restreinte en graisses ou riche en fibres).  Probl\u00e8me de peau.  Parfait pour le chien nourri avec Hill's Prescription Diet d\/d, z\/d,\u00a0 i\/d, i\/d Sensitive et Derm Defense, ou Science Plan Sensitive Stomach&amp;Skin.","og_url":"https:\/\/www.vetorino.com\/veterinaire\/prunelli-di-fiumorbo-20243\/boutique\/product\/hypoallergenic-dog-treats\/","og_site_name":"V\u00e9torino","article_publisher":"https:\/\/www.facebook.com\/Vetorino\/","article_modified_time":"2025-08-20T09:36:47+00:00","og_image":[{"width":800,"height":800,"url":"https:\/\/www.vetorino.com\/boutique\/wp-content\/uploads\/2024\/06\/canine-hypoallergenic-treats.webp","type":"image\/webp"}],"twitter_card":"summary_large_image","twitter_misc":{"Disponibilit\u00e9":"En stock"},"schema":{"@context":"https:\/\/schema.org","@graph":[{"@type":"WebPage","@id":"https:\/\/www.vetorino.com\/veterinaire\/briancon-05100\/boutique\/product\/hypoallergenic-dog-treats\/","url":"https:\/\/www.vetorino.com\/veterinaire\/briancon-05100\/boutique\/product\/hypoallergenic-dog-treats\/","name":"Hill's Treats Dog Hypoallergenic Treats Hill's - V\u00e9torino","isPartOf":{"@id":"https:\/\/www.vetorino.com\/boutique\/#website"},"primaryImageOfPage":{"@id":"https:\/\/www.vetorino.com\/veterinaire\/briancon-05100\/boutique\/product\/hypoallergenic-dog-treats\/#primaryimage"},"image":{"@id":"https:\/\/www.vetorino.com\/veterinaire\/briancon-05100\/boutique\/product\/hypoallergenic-dog-treats\/#primaryimage"},"thumbnailUrl":"https:\/\/www.vetorino.com\/boutique\/wp-content\/uploads\/2024\/06\/canine-hypoallergenic-treats.webp","datePublished":"2024-06-01T03:35:10+00:00","dateModified":"2025-08-20T09:36:47+00:00","description":"De d\u00e9licieuses friandises pour chiens formul\u00e9es pour les chiens pr\u00e9sentant des intol\u00e9rances \u00e0 certains ingr\u00e9dients et nutriments et pour le soutien de la fonction cutan\u00e9e.\u00a0 Utilisation : R\u00e9actions ind\u00e9sirables aux aliments (allergie ou intol\u00e9rance alimentaires). Troubles gastro-intestinaux (except\u00e9 ceux r\u00e9pondant \u00e0 une alimentation restreinte en graisses ou riche en fibres). Probl\u00e8me de peau. Parfait pour le chien nourri avec Hill's Prescription Diet d\/d, z\/d,\u00a0 i\/d, i\/d Sensitive et Derm Defense, ou Science Plan Sensitive Stomach&amp;Skin.","breadcrumb":{"@id":"https:\/\/www.vetorino.com\/veterinaire\/briancon-05100\/boutique\/product\/hypoallergenic-dog-treats\/#breadcrumb"},"inLanguage":"fr-FR","potentialAction":[{"@type":"ReadAction","target":["https:\/\/www.vetorino.com\/veterinaire\/briancon-05100\/boutique\/product\/hypoallergenic-dog-treats\/"]}]},{"@type":"ImageObject","inLanguage":"fr-FR","@id":"https:\/\/www.vetorino.com\/veterinaire\/briancon-05100\/boutique\/product\/hypoallergenic-dog-treats\/#primaryimage","url":"https:\/\/www.vetorino.com\/boutique\/wp-content\/uploads\/2024\/06\/canine-hypoallergenic-treats.webp","contentUrl":"https:\/\/www.vetorino.com\/boutique\/wp-content\/uploads\/2024\/06\/canine-hypoallergenic-treats.webp","width":800,"height":800},{"@type":"BreadcrumbList","@id":"https:\/\/www.vetorino.com\/veterinaire\/briancon-05100\/boutique\/product\/hypoallergenic-dog-treats\/#breadcrumb","itemListElement":[{"@type":"ListItem","position":1,"name":"Accueil","item":"https:\/\/www.vetorino.com\/boutique\/"},{"@type":"ListItem","position":2,"name":"Produits","item":"https:\/\/www.vetorino.com\/boutique\/"},{"@type":"ListItem","position":3,"name":"Dog Hypoallergenic Treats"}]},{"@type":"WebSite","@id":"https:\/\/www.vetorino.com\/boutique\/#website","url":"https:\/\/www.vetorino.com\/boutique\/","name":"V\u00e9torino","description":"","publisher":{"@id":"https:\/\/www.vetorino.com\/boutique\/#organization"},"potentialAction":[{"@type":"SearchAction","target":{"@type":"EntryPoint","urlTemplate":"https:\/\/www.vetorino.com\/boutique\/?s={search_term_string}"},"query-input":{"@type":"PropertyValueSpecification","valueRequired":true,"valueName":"search_term_string"}}],"inLanguage":"fr-FR"},{"@type":"Organization","@id":"https:\/\/www.vetorino.com\/boutique\/#organization","name":"V\u00e9torino","url":"https:\/\/www.vetorino.com\/boutique\/","logo":{"@type":"ImageObject","inLanguage":"fr-FR","@id":"https:\/\/www.vetorino.com\/boutique\/#\/schema\/logo\/image\/","url":"https:\/\/www.vetorino.com\/boutique\/wp-content\/uploads\/2024\/10\/logo.jpg","contentUrl":"https:\/\/www.vetorino.com\/boutique\/wp-content\/uploads\/2024\/10\/logo.jpg","width":1200,"height":610,"caption":"V\u00e9torino"},"image":{"@id":"https:\/\/www.vetorino.com\/boutique\/#\/schema\/logo\/image\/"},"sameAs":["https:\/\/www.facebook.com\/Vetorino\/","https:\/\/www.instagram.com\/vetorino_off\/","https:\/\/www.linkedin.com\/company\/vtorino\/"]}]},"product_brand":"Hill's","og_availability":"instock","product_availability":"instock","product_condition":"new"},"_links":{"self":[{"href":"https:\/\/www.vetorino.com\/veterinaire\/prunelli-di-fiumorbo-20243\/boutique\/wp-json\/wp\/v2\/product\/935788","targetHints":{"allow":["GET"]}}],"collection":[{"href":"https:\/\/www.vetorino.com\/veterinaire\/prunelli-di-fiumorbo-20243\/boutique\/wp-json\/wp\/v2\/product"}],"about":[{"href":"https:\/\/www.vetorino.com\/veterinaire\/prunelli-di-fiumorbo-20243\/boutique\/wp-json\/wp\/v2\/types\/product"}],"wp:featuredmedia":[{"embeddable":true,"href":"https:\/\/www.vetorino.com\/veterinaire\/prunelli-di-fiumorbo-20243\/boutique\/wp-json\/wp\/v2\/media\/1172655"}],"wp:attachment":[{"href":"https:\/\/www.vetorino.com\/veterinaire\/prunelli-di-fiumorbo-20243\/boutique\/wp-json\/wp\/v2\/media?parent=935788"}],"wp:term":[{"taxonomy":"product_cat","embeddable":true,"href":"https:\/\/www.vetorino.com\/veterinaire\/prunelli-di-fiumorbo-20243\/boutique\/wp-json\/wp\/v2\/product_cat?post=935788"},{"taxonomy":"product_tag","embeddable":true,"href":"https:\/\/www.vetorino.com\/veterinaire\/prunelli-di-fiumorbo-20243\/boutique\/wp-json\/wp\/v2\/product_tag?post=935788"}],"curies":[{"name":"wp","href":"https:\/\/api.w.org\/{rel}","templated":true}]}}