{"id":101555,"date":"2020-06-30T11:48:38","date_gmt":"2020-06-30T09:48:38","guid":{"rendered":"https:\/\/www.vetorino.com\/boutique\/product\/repulsif-dinterieur-canys\/"},"modified":"2026-03-12T00:52:13","modified_gmt":"2026-03-11T23:52:13","slug":"repulsif-dinterieur-canys","status":"publish","type":"product","link":"https:\/\/www.vetorino.com\/veterinaire\/pujols-47300\/boutique\/product\/repulsif-dinterieur-canys\/","title":{"rendered":"R\u00e9pulsif d&#8217;int\u00e9rieur Canys"},"content":{"rendered":"<p>L&#8217;a\u00e9rosol Canys REPULSIF INTERIEUR HALTE AUX PIPIS pour chiens et chats permet de dresser l&#8217;animal et prot\u00e9ger votre int\u00e9rieur.<\/p>\n<p><strong>PROPRIETES<\/strong><\/p>\n<p>-Permet d&#8217;\u00e9duquer l&#8217;animal \u00e0 la propret\u00e9 en l&#8217;\u00e9loignant des endroits susceptibles d&#8217;\u00eatre d\u00e9grad\u00e9s.<\/p>\n<p>-Aide \u00e0 inculquer de bonnes habitudes.<\/p>\n<p>-Prot\u00e8ge les surfaces (moquettes, parquets), le mobilier ainsi que les rideaux et les bacs \u00e0 plantes.<\/p>\n<p>-N&#8217;incommode pas l&#8217;odorat des humains.<\/p>\n<p>-Actif 12 \u00e0 48h selon les conditions d&#8217;application.<\/p>\n<p>&nbsp;<\/p>\n<p><strong>RECOMMANDATIONS<\/strong><\/p>\n<p>Agiter l&#8217;a\u00e9rosol avant toute utilisation. Pulv\u00e9riser \u00e0 15 cm sur les endroits \u00e0 prot\u00e9ger. Faire un essai sur une partie masqu\u00e9e de la surface \u00e0 prot\u00e9ger.<\/p>\n<p>Demandez conseil \u00e0 votre v\u00e9t\u00e9rinaire.<\/p>\n<p><strong>Produit dangereux. Respecter les pr\u00e9cautions d&#8217;emploi.<\/strong><\/p>\n<p>&nbsp;<\/p>\n","protected":false},"excerpt":{"rendered":"<p>Le r\u00e9pulsif d&#8217;int\u00e9rieur HALTE AUX PIPIS, pour chien et chat, permet de dresser l&#8217;animal et de prot\u00e9ger votre int\u00e9rieur.<\/p>\n","protected":false},"featured_media":906071,"template":"","meta":[],"product_cat":[12573,12550,2759,2697,2698,12620,12621],"product_tag":[],"class_list":{"0":"post-101555","1":"product","2":"type-product","3":"status-publish","4":"has-post-thumbnail","6":"product_cat-accessoire-pour-lhygiene-du-chien","7":"product_cat-accessoires-du-chien","8":"product_cat-anti-stress-et-anxiete-pour-chat","9":"product_cat-chat","10":"product_cat-chien","11":"product_cat-jeux-educatifs-pour-chat","12":"product_cat-jeux-educatifs-pour-chien","13":"pa_marque-canys","15":"first","16":"outofstock","17":"taxable","18":"shipping-taxable","19":"purchasable","20":"product-type-simple"},"yoast_head":"<!-- This site is optimized with the Yoast SEO plugin v27.3 - https:\/\/yoast.com\/product\/yoast-seo-wordpress\/ -->\n<title>R\u00e9pulsif d&#039;int\u00e9rieur Canys Canys - V\u00e9torino<\/title>\n<meta name=\"description\" content=\"Le r\u00e9pulsif d&#039;int\u00e9rieur HALTE AUX PIPIS, pour chien et chat, permet de dresser l&#039;animal et de prot\u00e9ger votre int\u00e9rieur.\" \/>\n<meta name=\"robots\" content=\"noindex, nofollow\" \/>\n<meta property=\"og:locale\" content=\"fr_FR\" \/>\n<meta property=\"og:type\" content=\"article\" \/>\n<meta property=\"og:title\" content=\"R\u00e9pulsif d&#039;int\u00e9rieur Canys Canys - V\u00e9torino\" \/>\n<meta property=\"og:description\" content=\"Le r\u00e9pulsif d&#039;int\u00e9rieur HALTE AUX PIPIS, pour chien et chat, permet de dresser l&#039;animal et de prot\u00e9ger votre int\u00e9rieur.\" \/>\n<meta property=\"og:url\" content=\"https:\/\/www.vetorino.com\/veterinaire\/pujols-47300\/boutique\/product\/repulsif-dinterieur-canys\/\" \/>\n<meta property=\"og:site_name\" content=\"V\u00e9torino\" \/>\n<meta property=\"article:publisher\" content=\"https:\/\/www.facebook.com\/Vetorino\/\" \/>\n<meta property=\"article:modified_time\" content=\"2026-03-11T23:52:13+00:00\" \/>\n<meta property=\"og:image\" content=\"https:\/\/www.vetorino.com\/boutique\/wp-content\/uploads\/2020\/03\/aerosol-chien-chat-repulsif-interieur-halte-aux-pipis-flacon-150-ml.jpg\" \/>\n\t<meta property=\"og:image:width\" content=\"800\" \/>\n\t<meta property=\"og:image:height\" content=\"800\" \/>\n\t<meta property=\"og:image:type\" content=\"image\/jpeg\" \/>\n<meta name=\"twitter:card\" content=\"summary_large_image\" \/>\n<meta name=\"twitter:label1\" content=\"Prix\" \/>\n\t<meta name=\"twitter:data1\" content=\"10,19&euro;\" \/>\n\t<meta name=\"twitter:label2\" content=\"Disponibilit\u00e9\" \/>\n\t<meta name=\"twitter:data2\" content=\"Rupture de stock\" \/>\n<script type=\"application\/ld+json\" class=\"yoast-schema-graph\">{\"@context\":\"https:\\\/\\\/schema.org\",\"@graph\":[{\"@type\":\"WebPage\",\"@id\":\"https:\\\/\\\/www.vetorino.com\\\/boutique\\\/product\\\/repulsif-dinterieur-canys\\\/\",\"url\":\"https:\\\/\\\/www.vetorino.com\\\/boutique\\\/product\\\/repulsif-dinterieur-canys\\\/\",\"name\":\"R\u00e9pulsif d'int\u00e9rieur Canys Canys - V\u00e9torino\",\"isPartOf\":{\"@id\":\"https:\\\/\\\/www.vetorino.com\\\/boutique\\\/#website\"},\"primaryImageOfPage\":{\"@id\":\"https:\\\/\\\/www.vetorino.com\\\/boutique\\\/product\\\/repulsif-dinterieur-canys\\\/#primaryimage\"},\"image\":{\"@id\":\"https:\\\/\\\/www.vetorino.com\\\/boutique\\\/product\\\/repulsif-dinterieur-canys\\\/#primaryimage\"},\"thumbnailUrl\":\"https:\\\/\\\/www.vetorino.com\\\/boutique\\\/wp-content\\\/uploads\\\/2020\\\/03\\\/aerosol-chien-chat-repulsif-interieur-halte-aux-pipis-flacon-150-ml.jpg\",\"datePublished\":\"2020-06-30T09:48:38+00:00\",\"dateModified\":\"2026-03-11T23:52:13+00:00\",\"description\":\"Le r\u00e9pulsif d'int\u00e9rieur HALTE AUX PIPIS, pour chien et chat, permet de dresser l'animal et de prot\u00e9ger votre int\u00e9rieur.\",\"breadcrumb\":{\"@id\":\"https:\\\/\\\/www.vetorino.com\\\/boutique\\\/product\\\/repulsif-dinterieur-canys\\\/#breadcrumb\"},\"inLanguage\":\"fr-FR\",\"potentialAction\":[{\"@type\":\"ReadAction\",\"target\":[\"https:\\\/\\\/www.vetorino.com\\\/boutique\\\/product\\\/repulsif-dinterieur-canys\\\/\"]}]},{\"@type\":\"ImageObject\",\"inLanguage\":\"fr-FR\",\"@id\":\"https:\\\/\\\/www.vetorino.com\\\/boutique\\\/product\\\/repulsif-dinterieur-canys\\\/#primaryimage\",\"url\":\"https:\\\/\\\/www.vetorino.com\\\/boutique\\\/wp-content\\\/uploads\\\/2020\\\/03\\\/aerosol-chien-chat-repulsif-interieur-halte-aux-pipis-flacon-150-ml.jpg\",\"contentUrl\":\"https:\\\/\\\/www.vetorino.com\\\/boutique\\\/wp-content\\\/uploads\\\/2020\\\/03\\\/aerosol-chien-chat-repulsif-interieur-halte-aux-pipis-flacon-150-ml.jpg\",\"width\":800,\"height\":800},{\"@type\":\"BreadcrumbList\",\"@id\":\"https:\\\/\\\/www.vetorino.com\\\/boutique\\\/product\\\/repulsif-dinterieur-canys\\\/#breadcrumb\",\"itemListElement\":[{\"@type\":\"ListItem\",\"position\":1,\"name\":\"Accueil\",\"item\":\"https:\\\/\\\/www.vetorino.com\\\/boutique\\\/\"},{\"@type\":\"ListItem\",\"position\":2,\"name\":\"Produits\",\"item\":\"https:\\\/\\\/www.vetorino.com\\\/boutique\\\/\"},{\"@type\":\"ListItem\",\"position\":3,\"name\":\"R\u00e9pulsif d&#8217;int\u00e9rieur Canys\"}]},{\"@type\":\"WebSite\",\"@id\":\"https:\\\/\\\/www.vetorino.com\\\/boutique\\\/#website\",\"url\":\"https:\\\/\\\/www.vetorino.com\\\/boutique\\\/\",\"name\":\"V\u00e9torino\",\"description\":\"\",\"publisher\":{\"@id\":\"https:\\\/\\\/www.vetorino.com\\\/boutique\\\/#organization\"},\"potentialAction\":[{\"@type\":\"SearchAction\",\"target\":{\"@type\":\"EntryPoint\",\"urlTemplate\":\"https:\\\/\\\/www.vetorino.com\\\/boutique\\\/?s={search_term_string}\"},\"query-input\":{\"@type\":\"PropertyValueSpecification\",\"valueRequired\":true,\"valueName\":\"search_term_string\"}}],\"inLanguage\":\"fr-FR\"},{\"@type\":\"Organization\",\"@id\":\"https:\\\/\\\/www.vetorino.com\\\/boutique\\\/#organization\",\"name\":\"V\u00e9torino\",\"url\":\"https:\\\/\\\/www.vetorino.com\\\/boutique\\\/\",\"logo\":{\"@type\":\"ImageObject\",\"inLanguage\":\"fr-FR\",\"@id\":\"https:\\\/\\\/www.vetorino.com\\\/boutique\\\/#\\\/schema\\\/logo\\\/image\\\/\",\"url\":\"https:\\\/\\\/www.vetorino.com\\\/boutique\\\/wp-content\\\/uploads\\\/2024\\\/10\\\/logo.jpg\",\"contentUrl\":\"https:\\\/\\\/www.vetorino.com\\\/boutique\\\/wp-content\\\/uploads\\\/2024\\\/10\\\/logo.jpg\",\"width\":1200,\"height\":610,\"caption\":\"V\u00e9torino\"},\"image\":{\"@id\":\"https:\\\/\\\/www.vetorino.com\\\/boutique\\\/#\\\/schema\\\/logo\\\/image\\\/\"},\"sameAs\":[\"https:\\\/\\\/www.facebook.com\\\/Vetorino\\\/\",\"https:\\\/\\\/www.instagram.com\\\/vetorino_off\\\/\",\"https:\\\/\\\/www.linkedin.com\\\/company\\\/vtorino\\\/\"]}]}<\/script>\n<meta property=\"product:brand\" content=\"Canys\" \/>\n<meta property=\"product:price:amount\" content=\"10.19\" \/>\n<meta property=\"product:price:currency\" content=\"EUR\" \/>\n<meta property=\"og:availability\" content=\"out of stock\" \/>\n<meta property=\"product:availability\" content=\"out of stock\" \/>\n<meta property=\"product:retailer_item_id\" content=\"C-REP201\" \/>\n<meta property=\"product:condition\" content=\"new\" \/>\n<!-- \/ Yoast SEO plugin. -->","yoast_head_json":{"title":"R\u00e9pulsif d'int\u00e9rieur Canys Canys - V\u00e9torino","description":"Le r\u00e9pulsif d'int\u00e9rieur HALTE AUX PIPIS, pour chien et chat, permet de dresser l'animal et de prot\u00e9ger votre int\u00e9rieur.","robots":{"index":"noindex","follow":"nofollow"},"og_locale":"fr_FR","og_type":"article","og_title":"R\u00e9pulsif d'int\u00e9rieur Canys Canys - V\u00e9torino","og_description":"Le r\u00e9pulsif d'int\u00e9rieur HALTE AUX PIPIS, pour chien et chat, permet de dresser l'animal et de prot\u00e9ger votre int\u00e9rieur.","og_url":"https:\/\/www.vetorino.com\/veterinaire\/pujols-47300\/boutique\/product\/repulsif-dinterieur-canys\/","og_site_name":"V\u00e9torino","article_publisher":"https:\/\/www.facebook.com\/Vetorino\/","article_modified_time":"2026-03-11T23:52:13+00:00","og_image":[{"width":800,"height":800,"url":"https:\/\/www.vetorino.com\/boutique\/wp-content\/uploads\/2020\/03\/aerosol-chien-chat-repulsif-interieur-halte-aux-pipis-flacon-150-ml.jpg","type":"image\/jpeg"}],"twitter_card":"summary_large_image","twitter_misc":{"Prix":"10,19&euro;","Disponibilit\u00e9":"Rupture de stock"},"schema":{"@context":"https:\/\/schema.org","@graph":[{"@type":"WebPage","@id":"https:\/\/www.vetorino.com\/boutique\/product\/repulsif-dinterieur-canys\/","url":"https:\/\/www.vetorino.com\/boutique\/product\/repulsif-dinterieur-canys\/","name":"R\u00e9pulsif d'int\u00e9rieur Canys Canys - V\u00e9torino","isPartOf":{"@id":"https:\/\/www.vetorino.com\/boutique\/#website"},"primaryImageOfPage":{"@id":"https:\/\/www.vetorino.com\/boutique\/product\/repulsif-dinterieur-canys\/#primaryimage"},"image":{"@id":"https:\/\/www.vetorino.com\/boutique\/product\/repulsif-dinterieur-canys\/#primaryimage"},"thumbnailUrl":"https:\/\/www.vetorino.com\/boutique\/wp-content\/uploads\/2020\/03\/aerosol-chien-chat-repulsif-interieur-halte-aux-pipis-flacon-150-ml.jpg","datePublished":"2020-06-30T09:48:38+00:00","dateModified":"2026-03-11T23:52:13+00:00","description":"Le r\u00e9pulsif d'int\u00e9rieur HALTE AUX PIPIS, pour chien et chat, permet de dresser l'animal et de prot\u00e9ger votre int\u00e9rieur.","breadcrumb":{"@id":"https:\/\/www.vetorino.com\/boutique\/product\/repulsif-dinterieur-canys\/#breadcrumb"},"inLanguage":"fr-FR","potentialAction":[{"@type":"ReadAction","target":["https:\/\/www.vetorino.com\/boutique\/product\/repulsif-dinterieur-canys\/"]}]},{"@type":"ImageObject","inLanguage":"fr-FR","@id":"https:\/\/www.vetorino.com\/boutique\/product\/repulsif-dinterieur-canys\/#primaryimage","url":"https:\/\/www.vetorino.com\/boutique\/wp-content\/uploads\/2020\/03\/aerosol-chien-chat-repulsif-interieur-halte-aux-pipis-flacon-150-ml.jpg","contentUrl":"https:\/\/www.vetorino.com\/boutique\/wp-content\/uploads\/2020\/03\/aerosol-chien-chat-repulsif-interieur-halte-aux-pipis-flacon-150-ml.jpg","width":800,"height":800},{"@type":"BreadcrumbList","@id":"https:\/\/www.vetorino.com\/boutique\/product\/repulsif-dinterieur-canys\/#breadcrumb","itemListElement":[{"@type":"ListItem","position":1,"name":"Accueil","item":"https:\/\/www.vetorino.com\/boutique\/"},{"@type":"ListItem","position":2,"name":"Produits","item":"https:\/\/www.vetorino.com\/boutique\/"},{"@type":"ListItem","position":3,"name":"R\u00e9pulsif d&#8217;int\u00e9rieur Canys"}]},{"@type":"WebSite","@id":"https:\/\/www.vetorino.com\/boutique\/#website","url":"https:\/\/www.vetorino.com\/boutique\/","name":"V\u00e9torino","description":"","publisher":{"@id":"https:\/\/www.vetorino.com\/boutique\/#organization"},"potentialAction":[{"@type":"SearchAction","target":{"@type":"EntryPoint","urlTemplate":"https:\/\/www.vetorino.com\/boutique\/?s={search_term_string}"},"query-input":{"@type":"PropertyValueSpecification","valueRequired":true,"valueName":"search_term_string"}}],"inLanguage":"fr-FR"},{"@type":"Organization","@id":"https:\/\/www.vetorino.com\/boutique\/#organization","name":"V\u00e9torino","url":"https:\/\/www.vetorino.com\/boutique\/","logo":{"@type":"ImageObject","inLanguage":"fr-FR","@id":"https:\/\/www.vetorino.com\/boutique\/#\/schema\/logo\/image\/","url":"https:\/\/www.vetorino.com\/boutique\/wp-content\/uploads\/2024\/10\/logo.jpg","contentUrl":"https:\/\/www.vetorino.com\/boutique\/wp-content\/uploads\/2024\/10\/logo.jpg","width":1200,"height":610,"caption":"V\u00e9torino"},"image":{"@id":"https:\/\/www.vetorino.com\/boutique\/#\/schema\/logo\/image\/"},"sameAs":["https:\/\/www.facebook.com\/Vetorino\/","https:\/\/www.instagram.com\/vetorino_off\/","https:\/\/www.linkedin.com\/company\/vtorino\/"]}]},"product_brand":"Canys","product_price_amount":"10.19","product_price_currency":"EUR","og_availability":"out of stock","product_availability":"out of stock","product_retailer_item_id":"C-REP201","product_condition":"new"},"_links":{"self":[{"href":"https:\/\/www.vetorino.com\/veterinaire\/pujols-47300\/boutique\/wp-json\/wp\/v2\/product\/101555","targetHints":{"allow":["GET"]}}],"collection":[{"href":"https:\/\/www.vetorino.com\/veterinaire\/pujols-47300\/boutique\/wp-json\/wp\/v2\/product"}],"about":[{"href":"https:\/\/www.vetorino.com\/veterinaire\/pujols-47300\/boutique\/wp-json\/wp\/v2\/types\/product"}],"wp:featuredmedia":[{"embeddable":true,"href":"https:\/\/www.vetorino.com\/veterinaire\/pujols-47300\/boutique\/wp-json\/wp\/v2\/media\/906071"}],"wp:attachment":[{"href":"https:\/\/www.vetorino.com\/veterinaire\/pujols-47300\/boutique\/wp-json\/wp\/v2\/media?parent=101555"}],"wp:term":[{"taxonomy":"product_cat","embeddable":true,"href":"https:\/\/www.vetorino.com\/veterinaire\/pujols-47300\/boutique\/wp-json\/wp\/v2\/product_cat?post=101555"},{"taxonomy":"product_tag","embeddable":true,"href":"https:\/\/www.vetorino.com\/veterinaire\/pujols-47300\/boutique\/wp-json\/wp\/v2\/product_tag?post=101555"}],"curies":[{"name":"wp","href":"https:\/\/api.w.org\/{rel}","templated":true}]}}