{"id":329405,"date":"2022-06-03T14:33:22","date_gmt":"2022-06-03T12:33:22","guid":{"rendered":"https:\/\/www.vetorino.com\/boutique\/product\/sanalio-vet-nature-adulte\/"},"modified":"2026-02-13T22:03:35","modified_gmt":"2026-02-13T21:03:35","slug":"sanalio-vet-nature-adulte","status":"publish","type":"product","link":"https:\/\/www.vetorino.com\/veterinaire\/pujols-47300\/boutique\/product\/sanalio-vet-nature-adulte\/","title":{"rendered":"Sanalio Vet Nature Adulte"},"content":{"rendered":"<p><strong>Sanalio Vet Nature<\/strong> est un aliment compl\u00e9mentaire pour chiens adultes de toutes races, mais \u00e0 la diff\u00e9rence d&#8217;autres produits, sa composition est \u00e9tudi\u00e9e pour \u00eatre m\u00e9lang\u00e9 \u00e0 une seule source de prot\u00e9ine : viande, poisson, oeufs, yoghourt ou fromage blanc.<\/p>\n<p>Sanalio Vet est LE bon compromis pour tous les propri\u00e9taires qui veulent\u00a0<strong>donner ce qu\u2019il y a de mieux\u00a0<\/strong>pour maintenir leur animal en bonne sant\u00e9 plus longtemps.<\/p>\n<ul>\n<li>Facile d\u2019utilisation, il est un m\u00e9lange sec auquel il suffit d\u2019ajouter la m\u00eame quantit\u00e9 d&#8217;une source de prot\u00e9ine et la m\u00eame quantit\u00e9 d\u2019eau pour pr\u00e9parer\u00a0<strong>en un temps record<\/strong>\u00a0une<strong>\u00a0ration m\u00e9nag\u00e8re \u00e9quilibr\u00e9e pr\u00eate \u00e0 l\u2019emploi<\/strong>. Il suffit de se r\u00e9f\u00e9rer au tableau des dosages.<\/li>\n<li>Formul\u00e9 par des V\u00e9t\u00e9rinaires, le principe de Sanalio Vet est de permettre d\u2019adapter la prot\u00e9ine et la quantit\u00e9 du m\u00e9lange en fonction des\u00a0<strong>besoins sp\u00e9cifiques<\/strong>\u00a0de l\u2019animal. Cette recommandation est assur\u00e9e par le v\u00e9t\u00e9rinaire qui est le mieux habilit\u00e9 pour assurer le bon suivi nutritionnel de l\u2019animal qu\u2019il aura examin\u00e9 en consultation.<\/li>\n<li>Sanalio Vet, par sa composition transparente et naturelle, est sans conteste<strong>\u00a0LA SOLUTION ALIMENTAIRE de demain<\/strong>\u00a0! Choix que des centaines de propri\u00e9taires, soucieux de donner le meilleur pour la sant\u00e9 de leur animal, ont d\u00e9j\u00e0 fait\u00a0!<\/li>\n<li>Compatible pour tous les types de chiens adultes (entiers, st\u00e9rilis\u00e9s, en surpoids et m\u00eame allergiques), toutes races confondues.<\/li>\n<\/ul>\n","protected":false},"excerpt":{"rendered":"<p><strong>Sanalio Vet Nature Adulte <\/strong>est un aliment compl\u00e9mentaire \u00e0 base de c\u00e9r\u00e9ales et de l\u00e9gumes d\u00e9shydrat\u00e9s, pour compl\u00e9ter la ration m\u00e9nag\u00e8re des chiens adultes.<\/p>\n<p><strong>Utilisation<\/strong> :<\/p>\n<ul>\n<li>Chien adulte<\/li>\n<\/ul>\n","protected":false},"featured_media":904457,"template":"","meta":[],"product_cat":[12552,12584,2698],"product_tag":[],"class_list":{"0":"post-329405","1":"product","2":"type-product","3":"status-publish","4":"has-post-thumbnail","6":"product_cat-alimentation-du-chien","7":"product_cat-alimentation-premium-pour-chien","8":"product_cat-chien","9":"pa_marque-sanalio","11":"first","12":"instock","13":"taxable","14":"shipping-taxable","15":"purchasable","16":"product-type-variable"},"yoast_head":"<!-- This site is optimized with the Yoast SEO plugin v27.3 - https:\/\/yoast.com\/product\/yoast-seo-wordpress\/ -->\n<title>Sanalio Vet Nature Adulte Sanalio - V\u00e9torino<\/title>\n<meta name=\"description\" content=\"Sanalio Vet Nature Adulte est un aliment compl\u00e9mentaire \u00e0 base de c\u00e9r\u00e9ales et de l\u00e9gumes d\u00e9shydrat\u00e9s, pour compl\u00e9ter la ration m\u00e9nag\u00e8re des chiens adultes.  Utilisation :   Chien adulte\" \/>\n<meta name=\"robots\" content=\"noindex, nofollow\" \/>\n<meta property=\"og:locale\" content=\"fr_FR\" \/>\n<meta property=\"og:type\" content=\"article\" \/>\n<meta property=\"og:title\" content=\"Sanalio Vet Nature Adulte Sanalio - V\u00e9torino\" \/>\n<meta property=\"og:description\" content=\"Sanalio Vet Nature Adulte est un aliment compl\u00e9mentaire \u00e0 base de c\u00e9r\u00e9ales et de l\u00e9gumes d\u00e9shydrat\u00e9s, pour compl\u00e9ter la ration m\u00e9nag\u00e8re des chiens adultes.  Utilisation :   Chien adulte\" \/>\n<meta property=\"og:url\" content=\"https:\/\/www.vetorino.com\/veterinaire\/pujols-47300\/boutique\/product\/sanalio-vet-nature-adulte\/\" \/>\n<meta property=\"og:site_name\" content=\"V\u00e9torino\" \/>\n<meta property=\"article:publisher\" content=\"https:\/\/www.facebook.com\/Vetorino\/\" \/>\n<meta property=\"article:modified_time\" content=\"2026-02-13T21:03:35+00:00\" \/>\n<meta property=\"og:image\" content=\"https:\/\/www.vetorino.com\/boutique\/wp-content\/uploads\/2022\/06\/sanalio-vet-nature-adulte.webp\" \/>\n\t<meta property=\"og:image:width\" content=\"800\" \/>\n\t<meta property=\"og:image:height\" content=\"800\" \/>\n\t<meta property=\"og:image:type\" content=\"image\/webp\" \/>\n<meta name=\"twitter:card\" content=\"summary_large_image\" \/>\n<meta name=\"twitter:label1\" content=\"Disponibilit\u00e9\" \/>\n\t<meta name=\"twitter:data1\" content=\"En stock\" \/>\n<script type=\"application\/ld+json\" class=\"yoast-schema-graph\">{\"@context\":\"https:\\\/\\\/schema.org\",\"@graph\":[{\"@type\":\"WebPage\",\"@id\":\"https:\\\/\\\/www.vetorino.com\\\/boutique\\\/product\\\/sanalio-vet-nature-adulte\\\/\",\"url\":\"https:\\\/\\\/www.vetorino.com\\\/boutique\\\/product\\\/sanalio-vet-nature-adulte\\\/\",\"name\":\"Sanalio Vet Nature Adulte Sanalio - V\u00e9torino\",\"isPartOf\":{\"@id\":\"https:\\\/\\\/www.vetorino.com\\\/boutique\\\/#website\"},\"primaryImageOfPage\":{\"@id\":\"https:\\\/\\\/www.vetorino.com\\\/boutique\\\/product\\\/sanalio-vet-nature-adulte\\\/#primaryimage\"},\"image\":{\"@id\":\"https:\\\/\\\/www.vetorino.com\\\/boutique\\\/product\\\/sanalio-vet-nature-adulte\\\/#primaryimage\"},\"thumbnailUrl\":\"https:\\\/\\\/www.vetorino.com\\\/boutique\\\/wp-content\\\/uploads\\\/2022\\\/06\\\/sanalio-vet-nature-adulte.webp\",\"datePublished\":\"2022-06-03T12:33:22+00:00\",\"dateModified\":\"2026-02-13T21:03:35+00:00\",\"description\":\"Sanalio Vet Nature Adulte est un aliment compl\u00e9mentaire \u00e0 base de c\u00e9r\u00e9ales et de l\u00e9gumes d\u00e9shydrat\u00e9s, pour compl\u00e9ter la ration m\u00e9nag\u00e8re des chiens adultes. Utilisation : Chien adulte\",\"breadcrumb\":{\"@id\":\"https:\\\/\\\/www.vetorino.com\\\/boutique\\\/product\\\/sanalio-vet-nature-adulte\\\/#breadcrumb\"},\"inLanguage\":\"fr-FR\",\"potentialAction\":[{\"@type\":\"ReadAction\",\"target\":[\"https:\\\/\\\/www.vetorino.com\\\/boutique\\\/product\\\/sanalio-vet-nature-adulte\\\/\"]}]},{\"@type\":\"ImageObject\",\"inLanguage\":\"fr-FR\",\"@id\":\"https:\\\/\\\/www.vetorino.com\\\/boutique\\\/product\\\/sanalio-vet-nature-adulte\\\/#primaryimage\",\"url\":\"https:\\\/\\\/www.vetorino.com\\\/boutique\\\/wp-content\\\/uploads\\\/2022\\\/06\\\/sanalio-vet-nature-adulte.webp\",\"contentUrl\":\"https:\\\/\\\/www.vetorino.com\\\/boutique\\\/wp-content\\\/uploads\\\/2022\\\/06\\\/sanalio-vet-nature-adulte.webp\",\"width\":800,\"height\":800},{\"@type\":\"BreadcrumbList\",\"@id\":\"https:\\\/\\\/www.vetorino.com\\\/boutique\\\/product\\\/sanalio-vet-nature-adulte\\\/#breadcrumb\",\"itemListElement\":[{\"@type\":\"ListItem\",\"position\":1,\"name\":\"Accueil\",\"item\":\"https:\\\/\\\/www.vetorino.com\\\/boutique\\\/\"},{\"@type\":\"ListItem\",\"position\":2,\"name\":\"Produits\",\"item\":\"https:\\\/\\\/www.vetorino.com\\\/boutique\\\/\"},{\"@type\":\"ListItem\",\"position\":3,\"name\":\"Sanalio Vet Nature Adulte\"}]},{\"@type\":\"WebSite\",\"@id\":\"https:\\\/\\\/www.vetorino.com\\\/boutique\\\/#website\",\"url\":\"https:\\\/\\\/www.vetorino.com\\\/boutique\\\/\",\"name\":\"V\u00e9torino\",\"description\":\"\",\"publisher\":{\"@id\":\"https:\\\/\\\/www.vetorino.com\\\/boutique\\\/#organization\"},\"potentialAction\":[{\"@type\":\"SearchAction\",\"target\":{\"@type\":\"EntryPoint\",\"urlTemplate\":\"https:\\\/\\\/www.vetorino.com\\\/boutique\\\/?s={search_term_string}\"},\"query-input\":{\"@type\":\"PropertyValueSpecification\",\"valueRequired\":true,\"valueName\":\"search_term_string\"}}],\"inLanguage\":\"fr-FR\"},{\"@type\":\"Organization\",\"@id\":\"https:\\\/\\\/www.vetorino.com\\\/boutique\\\/#organization\",\"name\":\"V\u00e9torino\",\"url\":\"https:\\\/\\\/www.vetorino.com\\\/boutique\\\/\",\"logo\":{\"@type\":\"ImageObject\",\"inLanguage\":\"fr-FR\",\"@id\":\"https:\\\/\\\/www.vetorino.com\\\/boutique\\\/#\\\/schema\\\/logo\\\/image\\\/\",\"url\":\"https:\\\/\\\/www.vetorino.com\\\/boutique\\\/wp-content\\\/uploads\\\/2024\\\/10\\\/logo.jpg\",\"contentUrl\":\"https:\\\/\\\/www.vetorino.com\\\/boutique\\\/wp-content\\\/uploads\\\/2024\\\/10\\\/logo.jpg\",\"width\":1200,\"height\":610,\"caption\":\"V\u00e9torino\"},\"image\":{\"@id\":\"https:\\\/\\\/www.vetorino.com\\\/boutique\\\/#\\\/schema\\\/logo\\\/image\\\/\"},\"sameAs\":[\"https:\\\/\\\/www.facebook.com\\\/Vetorino\\\/\",\"https:\\\/\\\/www.instagram.com\\\/vetorino_off\\\/\",\"https:\\\/\\\/www.linkedin.com\\\/company\\\/vtorino\\\/\"]}]}<\/script>\n<meta property=\"product:brand\" content=\"Sanalio\" \/>\n<meta property=\"og:availability\" content=\"instock\" \/>\n<meta property=\"product:availability\" content=\"instock\" \/>\n<meta property=\"product:condition\" content=\"new\" \/>\n<!-- \/ Yoast SEO plugin. -->","yoast_head_json":{"title":"Sanalio Vet Nature Adulte Sanalio - V\u00e9torino","description":"Sanalio Vet Nature Adulte est un aliment compl\u00e9mentaire \u00e0 base de c\u00e9r\u00e9ales et de l\u00e9gumes d\u00e9shydrat\u00e9s, pour compl\u00e9ter la ration m\u00e9nag\u00e8re des chiens adultes.  Utilisation :   Chien adulte","robots":{"index":"noindex","follow":"nofollow"},"og_locale":"fr_FR","og_type":"article","og_title":"Sanalio Vet Nature Adulte Sanalio - V\u00e9torino","og_description":"Sanalio Vet Nature Adulte est un aliment compl\u00e9mentaire \u00e0 base de c\u00e9r\u00e9ales et de l\u00e9gumes d\u00e9shydrat\u00e9s, pour compl\u00e9ter la ration m\u00e9nag\u00e8re des chiens adultes.  Utilisation :   Chien adulte","og_url":"https:\/\/www.vetorino.com\/veterinaire\/pujols-47300\/boutique\/product\/sanalio-vet-nature-adulte\/","og_site_name":"V\u00e9torino","article_publisher":"https:\/\/www.facebook.com\/Vetorino\/","article_modified_time":"2026-02-13T21:03:35+00:00","og_image":[{"width":800,"height":800,"url":"https:\/\/www.vetorino.com\/boutique\/wp-content\/uploads\/2022\/06\/sanalio-vet-nature-adulte.webp","type":"image\/webp"}],"twitter_card":"summary_large_image","twitter_misc":{"Disponibilit\u00e9":"En stock"},"schema":{"@context":"https:\/\/schema.org","@graph":[{"@type":"WebPage","@id":"https:\/\/www.vetorino.com\/boutique\/product\/sanalio-vet-nature-adulte\/","url":"https:\/\/www.vetorino.com\/boutique\/product\/sanalio-vet-nature-adulte\/","name":"Sanalio Vet Nature Adulte Sanalio - V\u00e9torino","isPartOf":{"@id":"https:\/\/www.vetorino.com\/boutique\/#website"},"primaryImageOfPage":{"@id":"https:\/\/www.vetorino.com\/boutique\/product\/sanalio-vet-nature-adulte\/#primaryimage"},"image":{"@id":"https:\/\/www.vetorino.com\/boutique\/product\/sanalio-vet-nature-adulte\/#primaryimage"},"thumbnailUrl":"https:\/\/www.vetorino.com\/boutique\/wp-content\/uploads\/2022\/06\/sanalio-vet-nature-adulte.webp","datePublished":"2022-06-03T12:33:22+00:00","dateModified":"2026-02-13T21:03:35+00:00","description":"Sanalio Vet Nature Adulte est un aliment compl\u00e9mentaire \u00e0 base de c\u00e9r\u00e9ales et de l\u00e9gumes d\u00e9shydrat\u00e9s, pour compl\u00e9ter la ration m\u00e9nag\u00e8re des chiens adultes. Utilisation : Chien adulte","breadcrumb":{"@id":"https:\/\/www.vetorino.com\/boutique\/product\/sanalio-vet-nature-adulte\/#breadcrumb"},"inLanguage":"fr-FR","potentialAction":[{"@type":"ReadAction","target":["https:\/\/www.vetorino.com\/boutique\/product\/sanalio-vet-nature-adulte\/"]}]},{"@type":"ImageObject","inLanguage":"fr-FR","@id":"https:\/\/www.vetorino.com\/boutique\/product\/sanalio-vet-nature-adulte\/#primaryimage","url":"https:\/\/www.vetorino.com\/boutique\/wp-content\/uploads\/2022\/06\/sanalio-vet-nature-adulte.webp","contentUrl":"https:\/\/www.vetorino.com\/boutique\/wp-content\/uploads\/2022\/06\/sanalio-vet-nature-adulte.webp","width":800,"height":800},{"@type":"BreadcrumbList","@id":"https:\/\/www.vetorino.com\/boutique\/product\/sanalio-vet-nature-adulte\/#breadcrumb","itemListElement":[{"@type":"ListItem","position":1,"name":"Accueil","item":"https:\/\/www.vetorino.com\/boutique\/"},{"@type":"ListItem","position":2,"name":"Produits","item":"https:\/\/www.vetorino.com\/boutique\/"},{"@type":"ListItem","position":3,"name":"Sanalio Vet Nature Adulte"}]},{"@type":"WebSite","@id":"https:\/\/www.vetorino.com\/boutique\/#website","url":"https:\/\/www.vetorino.com\/boutique\/","name":"V\u00e9torino","description":"","publisher":{"@id":"https:\/\/www.vetorino.com\/boutique\/#organization"},"potentialAction":[{"@type":"SearchAction","target":{"@type":"EntryPoint","urlTemplate":"https:\/\/www.vetorino.com\/boutique\/?s={search_term_string}"},"query-input":{"@type":"PropertyValueSpecification","valueRequired":true,"valueName":"search_term_string"}}],"inLanguage":"fr-FR"},{"@type":"Organization","@id":"https:\/\/www.vetorino.com\/boutique\/#organization","name":"V\u00e9torino","url":"https:\/\/www.vetorino.com\/boutique\/","logo":{"@type":"ImageObject","inLanguage":"fr-FR","@id":"https:\/\/www.vetorino.com\/boutique\/#\/schema\/logo\/image\/","url":"https:\/\/www.vetorino.com\/boutique\/wp-content\/uploads\/2024\/10\/logo.jpg","contentUrl":"https:\/\/www.vetorino.com\/boutique\/wp-content\/uploads\/2024\/10\/logo.jpg","width":1200,"height":610,"caption":"V\u00e9torino"},"image":{"@id":"https:\/\/www.vetorino.com\/boutique\/#\/schema\/logo\/image\/"},"sameAs":["https:\/\/www.facebook.com\/Vetorino\/","https:\/\/www.instagram.com\/vetorino_off\/","https:\/\/www.linkedin.com\/company\/vtorino\/"]}]},"product_brand":"Sanalio","og_availability":"instock","product_availability":"instock","product_condition":"new"},"_links":{"self":[{"href":"https:\/\/www.vetorino.com\/veterinaire\/pujols-47300\/boutique\/wp-json\/wp\/v2\/product\/329405","targetHints":{"allow":["GET"]}}],"collection":[{"href":"https:\/\/www.vetorino.com\/veterinaire\/pujols-47300\/boutique\/wp-json\/wp\/v2\/product"}],"about":[{"href":"https:\/\/www.vetorino.com\/veterinaire\/pujols-47300\/boutique\/wp-json\/wp\/v2\/types\/product"}],"wp:featuredmedia":[{"embeddable":true,"href":"https:\/\/www.vetorino.com\/veterinaire\/pujols-47300\/boutique\/wp-json\/wp\/v2\/media\/904457"}],"wp:attachment":[{"href":"https:\/\/www.vetorino.com\/veterinaire\/pujols-47300\/boutique\/wp-json\/wp\/v2\/media?parent=329405"}],"wp:term":[{"taxonomy":"product_cat","embeddable":true,"href":"https:\/\/www.vetorino.com\/veterinaire\/pujols-47300\/boutique\/wp-json\/wp\/v2\/product_cat?post=329405"},{"taxonomy":"product_tag","embeddable":true,"href":"https:\/\/www.vetorino.com\/veterinaire\/pujols-47300\/boutique\/wp-json\/wp\/v2\/product_tag?post=329405"}],"curies":[{"name":"wp","href":"https:\/\/api.w.org\/{rel}","templated":true}]}}