{"id":99732,"date":"2020-06-30T01:35:13","date_gmt":"2020-06-29T23:35:13","guid":{"rendered":"https:\/\/www.vetorino.com\/boutique\/product\/moniteur-dactivite-fitbark-pour-chien-et-chat\/"},"modified":"2023-05-30T18:05:18","modified_gmt":"2023-05-30T16:05:18","slug":"moniteur-dactivite-fitbark-pour-chien-et-chat","status":"publish","type":"product","link":"https:\/\/www.vetorino.com\/veterinaire\/pujols-47300\/boutique\/product\/moniteur-dactivite-fitbark-pour-chien-et-chat\/","title":{"rendered":"Moniteur d&#8217;activit\u00e9 FitBark pour chien et chat"},"content":{"rendered":"<div class=\"hidden\">MATERIEL<\/div>\n<div class=\"hidden\">Chats<\/div>\n<p>FitBark contr\u00f4le et traque l\u2019activit\u00e9 quotidienne de l\u2019animal. Il la transforme en \u00abBarkPoints\u00bb afin de pouvoir suivre les progr\u00e8s sur Smartphone.<br \/>\nFitBark est une nouvelle fa\u00e7on de comprendre la sant\u00e9 de l\u2019animal, d\u2019interpr\u00e9ter les changements dans son comportement en fonction d\u2019un \u00e9v\u00e8nement particulier ou d\u2019une maladie, et de prendre de meilleures d\u00e9cisions avec le v\u00e9t\u00e9rinaire.<br \/>\n<strong>Fonctionnalit\u00e9s : <\/strong><\/p>\n<ul>\n<li>Suivre l\u2019activit\u00e9 (actif, jeu, repos), le sommeil et le comportement 24h\/24, 7j\/7.<\/li>\n<li>Partage de l\u2019activit\u00e9 avec le v\u00e9t\u00e9rinaire gr\u00e2ce \u00e0 un tableau de bord web sur <a href=\"https:\/\/web.fitbark.com\/\">https:\/\/web.fitbark.com\/<\/a>.<\/li>\n<li>D\u00e9finir un objectif de sant\u00e9 id\u00e9al par rapport \u00e0 des chiens similaires.<\/li>\n<li>Capter les premiers signes d\u2019inconfort ou de maladie.<\/li>\n<\/ul>\n<p><strong>Caract\u00e9ristiques :\u00a0<\/strong><\/p>\n<ul>\n<li>Petit, solide, l\u00e9ger, confortable, Waterproof IPX7.<\/li>\n<li>Batterie Lithium-ion polym\u00e8re rechargeable avec excellente autonomie de 14 jours, utilise la technologie Bluetooth 4.0. Nouveau : Dur\u00e9e de vie de la batterie jusqu&#8217;\u00e0 6 mois.<\/li>\n<li>Dimensions : 41 x 28 x 11 mm. Poids : 8 g.<\/li>\n<li>* * Plus solide : coque du moniteur FITBARK renforc\u00e9e en polycarbonate, plus r\u00e9sistant \u00e0 l&#8217;usure et aux chocs (immersion prolong\u00e9e, chocs ext\u00e9rieurs).<\/li>\n<li>Garantie : 1 an.<\/li>\n<li>Fonctionne sans abonnement.<\/li>\n<\/ul>\n<p>T\u00e9l\u00e9chargez gratuitement l\u2019App FitBark sur Google Play et App Store, interface en anglais tr\u00e8s ludique et simple \u00e0 utiliser.<br \/>\nLe pack contient : moniteur FitBark et attache, c\u00e2ble micro USB, manuel de d\u00e9marrage rapide.<\/p>\n","protected":false},"excerpt":{"rendered":"<p>FitBark contr\u00f4le et traque l\u2019activit\u00e9 quotidienne de l\u2019animal. Il la transforme en \u00abBarkPoints\u00bb afin de pouvoir suivre les progr\u00e8s sur Smartphone.<br \/>\nFitBark est une nouvelle fa\u00e7on de comprendre la sant\u00e9 de l\u2019animal, d\u2019interpr\u00e9ter les changements dans son comportement en fonction d\u2019un \u00e9v\u00e8nement particulier ou d\u2019une maladie, et de prendre de meilleures d\u00e9cisions avec le v\u00e9t\u00e9rinaire.<\/p>\n","protected":false},"featured_media":624745,"template":"","meta":[],"product_cat":[2698],"product_tag":[],"class_list":{"0":"post-99732","1":"product","2":"type-product","3":"status-publish","4":"has-post-thumbnail","6":"product_cat-chien","7":"pa_marque-fitbark","9":"first","10":"outofstock","11":"taxable","12":"shipping-taxable","13":"purchasable","14":"product-type-simple"},"yoast_head":"<!-- This site is optimized with the Yoast SEO plugin v27.3 - https:\/\/yoast.com\/product\/yoast-seo-wordpress\/ -->\n<title>Moniteur d&#039;activit\u00e9 FitBark pour chien et chat FITBARK - V\u00e9torino<\/title>\n<meta name=\"description\" content=\"FitBark contr\u00f4le et traque l\u2019activit\u00e9 quotidienne de l\u2019animal. Il la transforme en \u00abBarkPoints\u00bb afin de pouvoir suivre les progr\u00e8s sur Smartphone. FitBark est une nouvelle fa\u00e7on de comprendre la sant\u00e9 de l\u2019animal, d\u2019interpr\u00e9ter les changements dans son comportement en fonction d\u2019un \u00e9v\u00e8nement particulier ou d\u2019une maladie, et de prendre de meilleures d\u00e9cisions avec le v\u00e9t\u00e9rinaire.\" \/>\n<meta name=\"robots\" content=\"noindex, nofollow\" \/>\n<meta property=\"og:locale\" content=\"fr_FR\" \/>\n<meta property=\"og:type\" content=\"article\" \/>\n<meta property=\"og:title\" content=\"Moniteur d&#039;activit\u00e9 FitBark pour chien et chat FITBARK - V\u00e9torino\" \/>\n<meta property=\"og:description\" content=\"FitBark contr\u00f4le et traque l\u2019activit\u00e9 quotidienne de l\u2019animal. Il la transforme en \u00abBarkPoints\u00bb afin de pouvoir suivre les progr\u00e8s sur Smartphone. FitBark est une nouvelle fa\u00e7on de comprendre la sant\u00e9 de l\u2019animal, d\u2019interpr\u00e9ter les changements dans son comportement en fonction d\u2019un \u00e9v\u00e8nement particulier ou d\u2019une maladie, et de prendre de meilleures d\u00e9cisions avec le v\u00e9t\u00e9rinaire.\" \/>\n<meta property=\"og:url\" content=\"https:\/\/www.vetorino.com\/veterinaire\/pujols-47300\/boutique\/product\/moniteur-dactivite-fitbark-pour-chien-et-chat\/\" \/>\n<meta property=\"og:site_name\" content=\"V\u00e9torino\" \/>\n<meta property=\"article:publisher\" content=\"https:\/\/www.facebook.com\/Vetorino\/\" \/>\n<meta property=\"article:modified_time\" content=\"2023-05-30T16:05:18+00:00\" \/>\n<meta property=\"og:image\" content=\"https:\/\/www.vetorino.com\/boutique\/wp-content\/uploads\/2020\/06\/FitBark-Tracker.png\" \/>\n\t<meta property=\"og:image:width\" content=\"300\" \/>\n\t<meta property=\"og:image:height\" content=\"225\" \/>\n\t<meta property=\"og:image:type\" content=\"image\/png\" \/>\n<meta name=\"twitter:card\" content=\"summary_large_image\" \/>\n<meta name=\"twitter:label1\" content=\"Prix\" \/>\n\t<meta name=\"twitter:data1\" content=\"74,91&euro;\" \/>\n\t<meta name=\"twitter:label2\" content=\"Disponibilit\u00e9\" \/>\n\t<meta name=\"twitter:data2\" content=\"Rupture de stock\" \/>\n<script type=\"application\/ld+json\" class=\"yoast-schema-graph\">{\"@context\":\"https:\\\/\\\/schema.org\",\"@graph\":[{\"@type\":\"WebPage\",\"@id\":\"https:\\\/\\\/www.vetorino.com\\\/boutique\\\/product\\\/moniteur-dactivite-fitbark-pour-chien-et-chat\\\/\",\"url\":\"https:\\\/\\\/www.vetorino.com\\\/boutique\\\/product\\\/moniteur-dactivite-fitbark-pour-chien-et-chat\\\/\",\"name\":\"Moniteur d'activit\u00e9 FitBark pour chien et chat FITBARK - V\u00e9torino\",\"isPartOf\":{\"@id\":\"https:\\\/\\\/www.vetorino.com\\\/boutique\\\/#website\"},\"primaryImageOfPage\":{\"@id\":\"https:\\\/\\\/www.vetorino.com\\\/boutique\\\/product\\\/moniteur-dactivite-fitbark-pour-chien-et-chat\\\/#primaryimage\"},\"image\":{\"@id\":\"https:\\\/\\\/www.vetorino.com\\\/boutique\\\/product\\\/moniteur-dactivite-fitbark-pour-chien-et-chat\\\/#primaryimage\"},\"thumbnailUrl\":\"https:\\\/\\\/www.vetorino.com\\\/boutique\\\/wp-content\\\/uploads\\\/2020\\\/06\\\/FitBark-Tracker.png\",\"datePublished\":\"2020-06-29T23:35:13+00:00\",\"dateModified\":\"2023-05-30T16:05:18+00:00\",\"description\":\"FitBark contr\u00f4le et traque l\u2019activit\u00e9 quotidienne de l\u2019animal. Il la transforme en \u00abBarkPoints\u00bb afin de pouvoir suivre les progr\u00e8s sur Smartphone. FitBark est une nouvelle fa\u00e7on de comprendre la sant\u00e9 de l\u2019animal, d\u2019interpr\u00e9ter les changements dans son comportement en fonction d\u2019un \u00e9v\u00e8nement particulier ou d\u2019une maladie, et de prendre de meilleures d\u00e9cisions avec le v\u00e9t\u00e9rinaire.\",\"breadcrumb\":{\"@id\":\"https:\\\/\\\/www.vetorino.com\\\/boutique\\\/product\\\/moniteur-dactivite-fitbark-pour-chien-et-chat\\\/#breadcrumb\"},\"inLanguage\":\"fr-FR\",\"potentialAction\":[{\"@type\":\"ReadAction\",\"target\":[\"https:\\\/\\\/www.vetorino.com\\\/boutique\\\/product\\\/moniteur-dactivite-fitbark-pour-chien-et-chat\\\/\"]}]},{\"@type\":\"ImageObject\",\"inLanguage\":\"fr-FR\",\"@id\":\"https:\\\/\\\/www.vetorino.com\\\/boutique\\\/product\\\/moniteur-dactivite-fitbark-pour-chien-et-chat\\\/#primaryimage\",\"url\":\"https:\\\/\\\/www.vetorino.com\\\/boutique\\\/wp-content\\\/uploads\\\/2020\\\/06\\\/FitBark-Tracker.png\",\"contentUrl\":\"https:\\\/\\\/www.vetorino.com\\\/boutique\\\/wp-content\\\/uploads\\\/2020\\\/06\\\/FitBark-Tracker.png\",\"width\":300,\"height\":225},{\"@type\":\"BreadcrumbList\",\"@id\":\"https:\\\/\\\/www.vetorino.com\\\/boutique\\\/product\\\/moniteur-dactivite-fitbark-pour-chien-et-chat\\\/#breadcrumb\",\"itemListElement\":[{\"@type\":\"ListItem\",\"position\":1,\"name\":\"Accueil\",\"item\":\"https:\\\/\\\/www.vetorino.com\\\/boutique\\\/\"},{\"@type\":\"ListItem\",\"position\":2,\"name\":\"Produits\",\"item\":\"https:\\\/\\\/www.vetorino.com\\\/boutique\\\/\"},{\"@type\":\"ListItem\",\"position\":3,\"name\":\"Moniteur d&#8217;activit\u00e9 FitBark pour chien et chat\"}]},{\"@type\":\"WebSite\",\"@id\":\"https:\\\/\\\/www.vetorino.com\\\/boutique\\\/#website\",\"url\":\"https:\\\/\\\/www.vetorino.com\\\/boutique\\\/\",\"name\":\"V\u00e9torino\",\"description\":\"\",\"publisher\":{\"@id\":\"https:\\\/\\\/www.vetorino.com\\\/boutique\\\/#organization\"},\"potentialAction\":[{\"@type\":\"SearchAction\",\"target\":{\"@type\":\"EntryPoint\",\"urlTemplate\":\"https:\\\/\\\/www.vetorino.com\\\/boutique\\\/?s={search_term_string}\"},\"query-input\":{\"@type\":\"PropertyValueSpecification\",\"valueRequired\":true,\"valueName\":\"search_term_string\"}}],\"inLanguage\":\"fr-FR\"},{\"@type\":\"Organization\",\"@id\":\"https:\\\/\\\/www.vetorino.com\\\/boutique\\\/#organization\",\"name\":\"V\u00e9torino\",\"url\":\"https:\\\/\\\/www.vetorino.com\\\/boutique\\\/\",\"logo\":{\"@type\":\"ImageObject\",\"inLanguage\":\"fr-FR\",\"@id\":\"https:\\\/\\\/www.vetorino.com\\\/boutique\\\/#\\\/schema\\\/logo\\\/image\\\/\",\"url\":\"https:\\\/\\\/www.vetorino.com\\\/boutique\\\/wp-content\\\/uploads\\\/2024\\\/10\\\/logo.jpg\",\"contentUrl\":\"https:\\\/\\\/www.vetorino.com\\\/boutique\\\/wp-content\\\/uploads\\\/2024\\\/10\\\/logo.jpg\",\"width\":1200,\"height\":610,\"caption\":\"V\u00e9torino\"},\"image\":{\"@id\":\"https:\\\/\\\/www.vetorino.com\\\/boutique\\\/#\\\/schema\\\/logo\\\/image\\\/\"},\"sameAs\":[\"https:\\\/\\\/www.facebook.com\\\/Vetorino\\\/\",\"https:\\\/\\\/www.instagram.com\\\/vetorino_off\\\/\",\"https:\\\/\\\/www.linkedin.com\\\/company\\\/vtorino\\\/\"]}]}<\/script>\n<meta property=\"product:brand\" content=\"FITBARK\" \/>\n<meta property=\"product:price:amount\" content=\"74.91\" \/>\n<meta property=\"product:price:currency\" content=\"EUR\" \/>\n<meta property=\"og:availability\" content=\"out of stock\" \/>\n<meta property=\"product:availability\" content=\"out of stock\" \/>\n<meta property=\"product:retailer_item_id\" content=\"C-MON710\" \/>\n<meta property=\"product:condition\" content=\"new\" \/>\n<!-- \/ Yoast SEO plugin. -->","yoast_head_json":{"title":"Moniteur d'activit\u00e9 FitBark pour chien et chat FITBARK - V\u00e9torino","description":"FitBark contr\u00f4le et traque l\u2019activit\u00e9 quotidienne de l\u2019animal. Il la transforme en \u00abBarkPoints\u00bb afin de pouvoir suivre les progr\u00e8s sur Smartphone. FitBark est une nouvelle fa\u00e7on de comprendre la sant\u00e9 de l\u2019animal, d\u2019interpr\u00e9ter les changements dans son comportement en fonction d\u2019un \u00e9v\u00e8nement particulier ou d\u2019une maladie, et de prendre de meilleures d\u00e9cisions avec le v\u00e9t\u00e9rinaire.","robots":{"index":"noindex","follow":"nofollow"},"og_locale":"fr_FR","og_type":"article","og_title":"Moniteur d'activit\u00e9 FitBark pour chien et chat FITBARK - V\u00e9torino","og_description":"FitBark contr\u00f4le et traque l\u2019activit\u00e9 quotidienne de l\u2019animal. Il la transforme en \u00abBarkPoints\u00bb afin de pouvoir suivre les progr\u00e8s sur Smartphone. FitBark est une nouvelle fa\u00e7on de comprendre la sant\u00e9 de l\u2019animal, d\u2019interpr\u00e9ter les changements dans son comportement en fonction d\u2019un \u00e9v\u00e8nement particulier ou d\u2019une maladie, et de prendre de meilleures d\u00e9cisions avec le v\u00e9t\u00e9rinaire.","og_url":"https:\/\/www.vetorino.com\/veterinaire\/pujols-47300\/boutique\/product\/moniteur-dactivite-fitbark-pour-chien-et-chat\/","og_site_name":"V\u00e9torino","article_publisher":"https:\/\/www.facebook.com\/Vetorino\/","article_modified_time":"2023-05-30T16:05:18+00:00","og_image":[{"width":300,"height":225,"url":"https:\/\/www.vetorino.com\/boutique\/wp-content\/uploads\/2020\/06\/FitBark-Tracker.png","type":"image\/png"}],"twitter_card":"summary_large_image","twitter_misc":{"Prix":"74,91&euro;","Disponibilit\u00e9":"Rupture de stock"},"schema":{"@context":"https:\/\/schema.org","@graph":[{"@type":"WebPage","@id":"https:\/\/www.vetorino.com\/boutique\/product\/moniteur-dactivite-fitbark-pour-chien-et-chat\/","url":"https:\/\/www.vetorino.com\/boutique\/product\/moniteur-dactivite-fitbark-pour-chien-et-chat\/","name":"Moniteur d'activit\u00e9 FitBark pour chien et chat FITBARK - V\u00e9torino","isPartOf":{"@id":"https:\/\/www.vetorino.com\/boutique\/#website"},"primaryImageOfPage":{"@id":"https:\/\/www.vetorino.com\/boutique\/product\/moniteur-dactivite-fitbark-pour-chien-et-chat\/#primaryimage"},"image":{"@id":"https:\/\/www.vetorino.com\/boutique\/product\/moniteur-dactivite-fitbark-pour-chien-et-chat\/#primaryimage"},"thumbnailUrl":"https:\/\/www.vetorino.com\/boutique\/wp-content\/uploads\/2020\/06\/FitBark-Tracker.png","datePublished":"2020-06-29T23:35:13+00:00","dateModified":"2023-05-30T16:05:18+00:00","description":"FitBark contr\u00f4le et traque l\u2019activit\u00e9 quotidienne de l\u2019animal. Il la transforme en \u00abBarkPoints\u00bb afin de pouvoir suivre les progr\u00e8s sur Smartphone. FitBark est une nouvelle fa\u00e7on de comprendre la sant\u00e9 de l\u2019animal, d\u2019interpr\u00e9ter les changements dans son comportement en fonction d\u2019un \u00e9v\u00e8nement particulier ou d\u2019une maladie, et de prendre de meilleures d\u00e9cisions avec le v\u00e9t\u00e9rinaire.","breadcrumb":{"@id":"https:\/\/www.vetorino.com\/boutique\/product\/moniteur-dactivite-fitbark-pour-chien-et-chat\/#breadcrumb"},"inLanguage":"fr-FR","potentialAction":[{"@type":"ReadAction","target":["https:\/\/www.vetorino.com\/boutique\/product\/moniteur-dactivite-fitbark-pour-chien-et-chat\/"]}]},{"@type":"ImageObject","inLanguage":"fr-FR","@id":"https:\/\/www.vetorino.com\/boutique\/product\/moniteur-dactivite-fitbark-pour-chien-et-chat\/#primaryimage","url":"https:\/\/www.vetorino.com\/boutique\/wp-content\/uploads\/2020\/06\/FitBark-Tracker.png","contentUrl":"https:\/\/www.vetorino.com\/boutique\/wp-content\/uploads\/2020\/06\/FitBark-Tracker.png","width":300,"height":225},{"@type":"BreadcrumbList","@id":"https:\/\/www.vetorino.com\/boutique\/product\/moniteur-dactivite-fitbark-pour-chien-et-chat\/#breadcrumb","itemListElement":[{"@type":"ListItem","position":1,"name":"Accueil","item":"https:\/\/www.vetorino.com\/boutique\/"},{"@type":"ListItem","position":2,"name":"Produits","item":"https:\/\/www.vetorino.com\/boutique\/"},{"@type":"ListItem","position":3,"name":"Moniteur d&#8217;activit\u00e9 FitBark pour chien et chat"}]},{"@type":"WebSite","@id":"https:\/\/www.vetorino.com\/boutique\/#website","url":"https:\/\/www.vetorino.com\/boutique\/","name":"V\u00e9torino","description":"","publisher":{"@id":"https:\/\/www.vetorino.com\/boutique\/#organization"},"potentialAction":[{"@type":"SearchAction","target":{"@type":"EntryPoint","urlTemplate":"https:\/\/www.vetorino.com\/boutique\/?s={search_term_string}"},"query-input":{"@type":"PropertyValueSpecification","valueRequired":true,"valueName":"search_term_string"}}],"inLanguage":"fr-FR"},{"@type":"Organization","@id":"https:\/\/www.vetorino.com\/boutique\/#organization","name":"V\u00e9torino","url":"https:\/\/www.vetorino.com\/boutique\/","logo":{"@type":"ImageObject","inLanguage":"fr-FR","@id":"https:\/\/www.vetorino.com\/boutique\/#\/schema\/logo\/image\/","url":"https:\/\/www.vetorino.com\/boutique\/wp-content\/uploads\/2024\/10\/logo.jpg","contentUrl":"https:\/\/www.vetorino.com\/boutique\/wp-content\/uploads\/2024\/10\/logo.jpg","width":1200,"height":610,"caption":"V\u00e9torino"},"image":{"@id":"https:\/\/www.vetorino.com\/boutique\/#\/schema\/logo\/image\/"},"sameAs":["https:\/\/www.facebook.com\/Vetorino\/","https:\/\/www.instagram.com\/vetorino_off\/","https:\/\/www.linkedin.com\/company\/vtorino\/"]}]},"product_brand":"FITBARK","product_price_amount":"74.91","product_price_currency":"EUR","og_availability":"out of stock","product_availability":"out of stock","product_retailer_item_id":"C-MON710","product_condition":"new"},"_links":{"self":[{"href":"https:\/\/www.vetorino.com\/veterinaire\/pujols-47300\/boutique\/wp-json\/wp\/v2\/product\/99732","targetHints":{"allow":["GET"]}}],"collection":[{"href":"https:\/\/www.vetorino.com\/veterinaire\/pujols-47300\/boutique\/wp-json\/wp\/v2\/product"}],"about":[{"href":"https:\/\/www.vetorino.com\/veterinaire\/pujols-47300\/boutique\/wp-json\/wp\/v2\/types\/product"}],"wp:featuredmedia":[{"embeddable":true,"href":"https:\/\/www.vetorino.com\/veterinaire\/pujols-47300\/boutique\/wp-json\/wp\/v2\/media\/624745"}],"wp:attachment":[{"href":"https:\/\/www.vetorino.com\/veterinaire\/pujols-47300\/boutique\/wp-json\/wp\/v2\/media?parent=99732"}],"wp:term":[{"taxonomy":"product_cat","embeddable":true,"href":"https:\/\/www.vetorino.com\/veterinaire\/pujols-47300\/boutique\/wp-json\/wp\/v2\/product_cat?post=99732"},{"taxonomy":"product_tag","embeddable":true,"href":"https:\/\/www.vetorino.com\/veterinaire\/pujols-47300\/boutique\/wp-json\/wp\/v2\/product_tag?post=99732"}],"curies":[{"name":"wp","href":"https:\/\/api.w.org\/{rel}","templated":true}]}}