{"id":1012109,"date":"2024-09-04T11:48:31","date_gmt":"2024-09-04T09:48:31","guid":{"rendered":"https:\/\/www.vetorino.com\/boutique\/product\/ultradiar\/"},"modified":"2026-04-02T00:05:49","modified_gmt":"2026-04-01T22:05:49","slug":"ultradiar","status":"publish","type":"product","link":"https:\/\/www.vetorino.com\/veterinaire\/riedisheim-68400\/boutique\/product\/ultradiar\/","title":{"rendered":"Ultradiar &#8211;  chien &#038; chat"},"content":{"rendered":"<p>Ultradiar\u00ae contribue \u00e0 renforcer la sant\u00e9 de l&#8217;intestin et de son microbiote en cas de troubles digestifs.<\/p>\n<p>Ultradiar\u00ae a un grand pouvoir absorbant et adsorbant des gaz, des liquides et des toxines.<\/p>\n<p>Sa composition permet \u00e9galement la formation d&#8217;un film couvrant la muqueuse intestinale. Les ferments lactiques inactiv\u00e9s et la levure de bi\u00e8re aident \u00e0 maintenir l\u2019\u00e9quilibre naturel de la flore intestinale.<\/p>\n<p><strong>Utilisation :<\/strong><\/p>\n<ul>\n<li>Pour chien et chat<\/li>\n<li>Modification du transit<\/li>\n<li>Gaz intestinaux<\/li>\n<li>Troubles digestifs notamment pour son pouvoir apaisant.<\/li>\n<\/ul>\n<p><strong>Mode d&#8217;administration :<\/strong><\/p>\n<p>A faire avaler directement au cours du repas ou \u00e0 ouvrir pour m\u00e9langer \u00e0 la nourriture.<\/p>\n<p><strong>En cas de doute, demandez conseil \u00e0 votre v\u00e9t\u00e9rinaire<\/strong><\/p>\n","protected":false},"excerpt":{"rendered":"<p><strong>Ultradiar contribue \u00e0 renforcer la sant\u00e9 de l&#8217;intestin et de son microbiote en cas de troubles digestifs. Il poss\u00e8de un grand pouvoir absorbant et adsorbant des gaz, des liquides et des toxines.<\/strong><\/p>\n<p><strong>Utilisation :<\/strong><\/p>\n<ul>\n<li>Pour chien et chat<\/li>\n<li>Modification du transit<\/li>\n<li>Gaz intestinaux<\/li>\n<li>Troubles digestifs notamment pour son pouvoir apaisant.<\/li>\n<\/ul>\n","protected":false},"featured_media":1012105,"template":"","meta":[],"product_cat":[12551,12552,12581,12582,2697,2698,12636],"product_tag":[],"class_list":{"0":"post-1012109","1":"product","2":"type-product","3":"status-publish","4":"has-post-thumbnail","6":"product_cat-alimentation-du-chat","7":"product_cat-alimentation-du-chien","8":"product_cat-alimentation-medicalisee-pour-chat","9":"product_cat-alimentation-medicalisee-pour-chien","10":"product_cat-chat","11":"product_cat-chien","12":"product_cat-systeme-digestif-du-chien","13":"pa_marque-mp-labo","15":"first","16":"instock","17":"taxable","18":"shipping-taxable","19":"purchasable","20":"product-type-variable"},"yoast_head":"<!-- This site is optimized with the Yoast SEO plugin v27.3 - https:\/\/yoast.com\/product\/yoast-seo-wordpress\/ -->\n<title>Ultradiar - chien &amp; chat Mp Labo - V\u00e9torino<\/title>\n<meta name=\"description\" content=\"Ultradiar contribue \u00e0 renforcer la sant\u00e9 de l&#039;intestin et de son microbiote en cas de troubles digestifs. Il poss\u00e8de un grand pouvoir absorbant et adsorbant des gaz, des liquides et des toxines.  Utilisation :   Pour chien et chat  Modification du transit  Gaz intestinaux  Troubles digestifs notamment pour son pouvoir apaisant.\" \/>\n<meta name=\"robots\" content=\"noindex, nofollow\" \/>\n<meta property=\"og:locale\" content=\"fr_FR\" \/>\n<meta property=\"og:type\" content=\"article\" \/>\n<meta property=\"og:title\" content=\"Ultradiar - chien &amp; chat Mp Labo - V\u00e9torino\" \/>\n<meta property=\"og:description\" content=\"Ultradiar contribue \u00e0 renforcer la sant\u00e9 de l&#039;intestin et de son microbiote en cas de troubles digestifs. Il poss\u00e8de un grand pouvoir absorbant et adsorbant des gaz, des liquides et des toxines.  Utilisation :   Pour chien et chat  Modification du transit  Gaz intestinaux  Troubles digestifs notamment pour son pouvoir apaisant.\" \/>\n<meta property=\"og:url\" content=\"https:\/\/www.vetorino.com\/veterinaire\/riedisheim-68400\/boutique\/product\/ultradiar\/\" \/>\n<meta property=\"og:site_name\" content=\"V\u00e9torino\" \/>\n<meta property=\"article:publisher\" content=\"https:\/\/www.facebook.com\/Vetorino\/\" \/>\n<meta property=\"article:modified_time\" content=\"2026-04-01T22:05:49+00:00\" \/>\n<meta property=\"og:image\" content=\"https:\/\/www.vetorino.com\/boutique\/wp-content\/uploads\/2024\/09\/MPLABO-1878730-1024x816.png\" \/>\n\t<meta property=\"og:image:width\" content=\"1024\" \/>\n\t<meta property=\"og:image:height\" content=\"816\" \/>\n\t<meta property=\"og:image:type\" content=\"image\/png\" \/>\n<meta name=\"twitter:card\" content=\"summary_large_image\" \/>\n<meta name=\"twitter:label1\" content=\"Disponibilit\u00e9\" \/>\n\t<meta name=\"twitter:data1\" content=\"En stock\" \/>\n<script type=\"application\/ld+json\" class=\"yoast-schema-graph\">{\"@context\":\"https:\\\/\\\/schema.org\",\"@graph\":[{\"@type\":\"WebPage\",\"@id\":\"https:\\\/\\\/www.vetorino.com\\\/boutique\\\/product\\\/ultradiar\\\/\",\"url\":\"https:\\\/\\\/www.vetorino.com\\\/boutique\\\/product\\\/ultradiar\\\/\",\"name\":\"Ultradiar - chien & chat Mp Labo - V\u00e9torino\",\"isPartOf\":{\"@id\":\"https:\\\/\\\/www.vetorino.com\\\/boutique\\\/#website\"},\"primaryImageOfPage\":{\"@id\":\"https:\\\/\\\/www.vetorino.com\\\/boutique\\\/product\\\/ultradiar\\\/#primaryimage\"},\"image\":{\"@id\":\"https:\\\/\\\/www.vetorino.com\\\/boutique\\\/product\\\/ultradiar\\\/#primaryimage\"},\"thumbnailUrl\":\"https:\\\/\\\/www.vetorino.com\\\/boutique\\\/wp-content\\\/uploads\\\/2024\\\/09\\\/MPLABO-1878730.png\",\"datePublished\":\"2024-09-04T09:48:31+00:00\",\"dateModified\":\"2026-04-01T22:05:49+00:00\",\"description\":\"Ultradiar contribue \u00e0 renforcer la sant\u00e9 de l'intestin et de son microbiote en cas de troubles digestifs. Il poss\u00e8de un grand pouvoir absorbant et adsorbant des gaz, des liquides et des toxines. Utilisation : Pour chien et chat Modification du transit Gaz intestinaux Troubles digestifs notamment pour son pouvoir apaisant.\",\"breadcrumb\":{\"@id\":\"https:\\\/\\\/www.vetorino.com\\\/boutique\\\/product\\\/ultradiar\\\/#breadcrumb\"},\"inLanguage\":\"fr-FR\",\"potentialAction\":[{\"@type\":\"ReadAction\",\"target\":[\"https:\\\/\\\/www.vetorino.com\\\/boutique\\\/product\\\/ultradiar\\\/\"]}]},{\"@type\":\"ImageObject\",\"inLanguage\":\"fr-FR\",\"@id\":\"https:\\\/\\\/www.vetorino.com\\\/boutique\\\/product\\\/ultradiar\\\/#primaryimage\",\"url\":\"https:\\\/\\\/www.vetorino.com\\\/boutique\\\/wp-content\\\/uploads\\\/2024\\\/09\\\/MPLABO-1878730.png\",\"contentUrl\":\"https:\\\/\\\/www.vetorino.com\\\/boutique\\\/wp-content\\\/uploads\\\/2024\\\/09\\\/MPLABO-1878730.png\",\"width\":3112,\"height\":2480},{\"@type\":\"BreadcrumbList\",\"@id\":\"https:\\\/\\\/www.vetorino.com\\\/boutique\\\/product\\\/ultradiar\\\/#breadcrumb\",\"itemListElement\":[{\"@type\":\"ListItem\",\"position\":1,\"name\":\"Accueil\",\"item\":\"https:\\\/\\\/www.vetorino.com\\\/boutique\\\/\"},{\"@type\":\"ListItem\",\"position\":2,\"name\":\"Produits\",\"item\":\"https:\\\/\\\/www.vetorino.com\\\/boutique\\\/\"},{\"@type\":\"ListItem\",\"position\":3,\"name\":\"Ultradiar &#8211; chien &#038; chat\"}]},{\"@type\":\"WebSite\",\"@id\":\"https:\\\/\\\/www.vetorino.com\\\/boutique\\\/#website\",\"url\":\"https:\\\/\\\/www.vetorino.com\\\/boutique\\\/\",\"name\":\"V\u00e9torino\",\"description\":\"\",\"publisher\":{\"@id\":\"https:\\\/\\\/www.vetorino.com\\\/boutique\\\/#organization\"},\"potentialAction\":[{\"@type\":\"SearchAction\",\"target\":{\"@type\":\"EntryPoint\",\"urlTemplate\":\"https:\\\/\\\/www.vetorino.com\\\/boutique\\\/?s={search_term_string}\"},\"query-input\":{\"@type\":\"PropertyValueSpecification\",\"valueRequired\":true,\"valueName\":\"search_term_string\"}}],\"inLanguage\":\"fr-FR\"},{\"@type\":\"Organization\",\"@id\":\"https:\\\/\\\/www.vetorino.com\\\/boutique\\\/#organization\",\"name\":\"V\u00e9torino\",\"url\":\"https:\\\/\\\/www.vetorino.com\\\/boutique\\\/\",\"logo\":{\"@type\":\"ImageObject\",\"inLanguage\":\"fr-FR\",\"@id\":\"https:\\\/\\\/www.vetorino.com\\\/boutique\\\/#\\\/schema\\\/logo\\\/image\\\/\",\"url\":\"https:\\\/\\\/www.vetorino.com\\\/boutique\\\/wp-content\\\/uploads\\\/2024\\\/10\\\/logo.jpg\",\"contentUrl\":\"https:\\\/\\\/www.vetorino.com\\\/boutique\\\/wp-content\\\/uploads\\\/2024\\\/10\\\/logo.jpg\",\"width\":1200,\"height\":610,\"caption\":\"V\u00e9torino\"},\"image\":{\"@id\":\"https:\\\/\\\/www.vetorino.com\\\/boutique\\\/#\\\/schema\\\/logo\\\/image\\\/\"},\"sameAs\":[\"https:\\\/\\\/www.facebook.com\\\/Vetorino\\\/\",\"https:\\\/\\\/www.instagram.com\\\/vetorino_off\\\/\",\"https:\\\/\\\/www.linkedin.com\\\/company\\\/vtorino\\\/\"]}]}<\/script>\n<meta property=\"product:brand\" content=\"Mp Labo\" \/>\n<meta property=\"og:availability\" content=\"instock\" \/>\n<meta property=\"product:availability\" content=\"instock\" \/>\n<meta property=\"product:condition\" content=\"new\" \/>\n<!-- \/ Yoast SEO plugin. -->","yoast_head_json":{"title":"Ultradiar - chien & chat Mp Labo - V\u00e9torino","description":"Ultradiar contribue \u00e0 renforcer la sant\u00e9 de l'intestin et de son microbiote en cas de troubles digestifs. Il poss\u00e8de un grand pouvoir absorbant et adsorbant des gaz, des liquides et des toxines.  Utilisation :   Pour chien et chat  Modification du transit  Gaz intestinaux  Troubles digestifs notamment pour son pouvoir apaisant.","robots":{"index":"noindex","follow":"nofollow"},"og_locale":"fr_FR","og_type":"article","og_title":"Ultradiar - chien & chat Mp Labo - V\u00e9torino","og_description":"Ultradiar contribue \u00e0 renforcer la sant\u00e9 de l'intestin et de son microbiote en cas de troubles digestifs. Il poss\u00e8de un grand pouvoir absorbant et adsorbant des gaz, des liquides et des toxines.  Utilisation :   Pour chien et chat  Modification du transit  Gaz intestinaux  Troubles digestifs notamment pour son pouvoir apaisant.","og_url":"https:\/\/www.vetorino.com\/veterinaire\/riedisheim-68400\/boutique\/product\/ultradiar\/","og_site_name":"V\u00e9torino","article_publisher":"https:\/\/www.facebook.com\/Vetorino\/","article_modified_time":"2026-04-01T22:05:49+00:00","og_image":[{"width":1024,"height":816,"url":"https:\/\/www.vetorino.com\/boutique\/wp-content\/uploads\/2024\/09\/MPLABO-1878730-1024x816.png","type":"image\/png"}],"twitter_card":"summary_large_image","twitter_misc":{"Disponibilit\u00e9":"En stock"},"schema":{"@context":"https:\/\/schema.org","@graph":[{"@type":"WebPage","@id":"https:\/\/www.vetorino.com\/boutique\/product\/ultradiar\/","url":"https:\/\/www.vetorino.com\/boutique\/product\/ultradiar\/","name":"Ultradiar - chien & chat Mp Labo - V\u00e9torino","isPartOf":{"@id":"https:\/\/www.vetorino.com\/boutique\/#website"},"primaryImageOfPage":{"@id":"https:\/\/www.vetorino.com\/boutique\/product\/ultradiar\/#primaryimage"},"image":{"@id":"https:\/\/www.vetorino.com\/boutique\/product\/ultradiar\/#primaryimage"},"thumbnailUrl":"https:\/\/www.vetorino.com\/boutique\/wp-content\/uploads\/2024\/09\/MPLABO-1878730.png","datePublished":"2024-09-04T09:48:31+00:00","dateModified":"2026-04-01T22:05:49+00:00","description":"Ultradiar contribue \u00e0 renforcer la sant\u00e9 de l'intestin et de son microbiote en cas de troubles digestifs. Il poss\u00e8de un grand pouvoir absorbant et adsorbant des gaz, des liquides et des toxines. Utilisation : Pour chien et chat Modification du transit Gaz intestinaux Troubles digestifs notamment pour son pouvoir apaisant.","breadcrumb":{"@id":"https:\/\/www.vetorino.com\/boutique\/product\/ultradiar\/#breadcrumb"},"inLanguage":"fr-FR","potentialAction":[{"@type":"ReadAction","target":["https:\/\/www.vetorino.com\/boutique\/product\/ultradiar\/"]}]},{"@type":"ImageObject","inLanguage":"fr-FR","@id":"https:\/\/www.vetorino.com\/boutique\/product\/ultradiar\/#primaryimage","url":"https:\/\/www.vetorino.com\/boutique\/wp-content\/uploads\/2024\/09\/MPLABO-1878730.png","contentUrl":"https:\/\/www.vetorino.com\/boutique\/wp-content\/uploads\/2024\/09\/MPLABO-1878730.png","width":3112,"height":2480},{"@type":"BreadcrumbList","@id":"https:\/\/www.vetorino.com\/boutique\/product\/ultradiar\/#breadcrumb","itemListElement":[{"@type":"ListItem","position":1,"name":"Accueil","item":"https:\/\/www.vetorino.com\/boutique\/"},{"@type":"ListItem","position":2,"name":"Produits","item":"https:\/\/www.vetorino.com\/boutique\/"},{"@type":"ListItem","position":3,"name":"Ultradiar &#8211; chien &#038; chat"}]},{"@type":"WebSite","@id":"https:\/\/www.vetorino.com\/boutique\/#website","url":"https:\/\/www.vetorino.com\/boutique\/","name":"V\u00e9torino","description":"","publisher":{"@id":"https:\/\/www.vetorino.com\/boutique\/#organization"},"potentialAction":[{"@type":"SearchAction","target":{"@type":"EntryPoint","urlTemplate":"https:\/\/www.vetorino.com\/boutique\/?s={search_term_string}"},"query-input":{"@type":"PropertyValueSpecification","valueRequired":true,"valueName":"search_term_string"}}],"inLanguage":"fr-FR"},{"@type":"Organization","@id":"https:\/\/www.vetorino.com\/boutique\/#organization","name":"V\u00e9torino","url":"https:\/\/www.vetorino.com\/boutique\/","logo":{"@type":"ImageObject","inLanguage":"fr-FR","@id":"https:\/\/www.vetorino.com\/boutique\/#\/schema\/logo\/image\/","url":"https:\/\/www.vetorino.com\/boutique\/wp-content\/uploads\/2024\/10\/logo.jpg","contentUrl":"https:\/\/www.vetorino.com\/boutique\/wp-content\/uploads\/2024\/10\/logo.jpg","width":1200,"height":610,"caption":"V\u00e9torino"},"image":{"@id":"https:\/\/www.vetorino.com\/boutique\/#\/schema\/logo\/image\/"},"sameAs":["https:\/\/www.facebook.com\/Vetorino\/","https:\/\/www.instagram.com\/vetorino_off\/","https:\/\/www.linkedin.com\/company\/vtorino\/"]}]},"product_brand":"Mp Labo","og_availability":"instock","product_availability":"instock","product_condition":"new"},"_links":{"self":[{"href":"https:\/\/www.vetorino.com\/veterinaire\/riedisheim-68400\/boutique\/wp-json\/wp\/v2\/product\/1012109","targetHints":{"allow":["GET"]}}],"collection":[{"href":"https:\/\/www.vetorino.com\/veterinaire\/riedisheim-68400\/boutique\/wp-json\/wp\/v2\/product"}],"about":[{"href":"https:\/\/www.vetorino.com\/veterinaire\/riedisheim-68400\/boutique\/wp-json\/wp\/v2\/types\/product"}],"wp:featuredmedia":[{"embeddable":true,"href":"https:\/\/www.vetorino.com\/veterinaire\/riedisheim-68400\/boutique\/wp-json\/wp\/v2\/media\/1012105"}],"wp:attachment":[{"href":"https:\/\/www.vetorino.com\/veterinaire\/riedisheim-68400\/boutique\/wp-json\/wp\/v2\/media?parent=1012109"}],"wp:term":[{"taxonomy":"product_cat","embeddable":true,"href":"https:\/\/www.vetorino.com\/veterinaire\/riedisheim-68400\/boutique\/wp-json\/wp\/v2\/product_cat?post=1012109"},{"taxonomy":"product_tag","embeddable":true,"href":"https:\/\/www.vetorino.com\/veterinaire\/riedisheim-68400\/boutique\/wp-json\/wp\/v2\/product_tag?post=1012109"}],"curies":[{"name":"wp","href":"https:\/\/api.w.org\/{rel}","templated":true}]}}