{"id":101685,"date":"2020-06-30T11:54:42","date_gmt":"2020-06-30T09:54:42","guid":{"rendered":"https:\/\/www.vetorino.com\/boutique\/product\/sac-a-dejections-canines-2\/"},"modified":"2026-03-30T23:43:41","modified_gmt":"2026-03-30T21:43:41","slug":"sac-a-dejections-canines-2","status":"publish","type":"product","link":"https:\/\/www.vetorino.com\/veterinaire\/riedisheim-68400\/boutique\/product\/sac-a-dejections-canines-2\/","title":{"rendered":"Sac \u00e0 d\u00e9jections canines"},"content":{"rendered":"<div id=\"DESCR_TINY-bloc-1\" class=\"stylusBloc stylusBloc--text stylusBloc--autogen\">\n<div class=\"stylusBloc__content\">\n<p><strong>Con\u00e7u sp\u00e9cialement pour vous faciliter la vie, le sac ramasse crottes PICK UP est d\u00e9sormais un accessoire indispensable \u00e0 avoir sur soi lors des promenades quotidiennes de votre chien.<\/strong>\u00a0En effet, depuis quelques ann\u00e9es maintenant, chaque propri\u00e9taire de chien est responsable des d\u00e9jections de son animal et a l&#8217;obligation de nettoyer lorsque son compagnon s&#8217;oublie sur la voie publique.<br \/>\nGr\u00e2ce \u00e0 sa mati\u00e8re en plastique r\u00e9sistante et son \u00e9paisseur, le sac \u00e0 crottes rendra le ramassage des crottes de votre chien moins fastidieuse.<br \/>\nL&#8217;opacit\u00e9 du sac, en outre, apporte une touche de discr\u00e9tion non n\u00e9gligeable.<\/p>\n<p><strong>Simples d&#8217;utilisation<\/strong>, les sacs ramasse-crottes sont vendus en rouleau de 20 sacs pr\u00e9d\u00e9coup\u00e9s, la taille est standard et peut s&#8217;adapter \u00e0 la plupart des \u00e9tuis pour une utilisation et un transport plus faciles.<br \/>\nCes sacs \u00e0 excr\u00e9ments conviennent \u00e0 toutes les tailles de chien et ils sont disponibles en\u00a0<strong>plusieurs coloris<\/strong>\u00a0: en noir uni pour le choix de la sobri\u00e9t\u00e9 ou en diff\u00e9rentes couleurs assorties, ray\u00e9s ou \u00e0 lettres. \u00a0Vendus par lot de 4 ou 8 rouleaux de 20 sacs pour un rapport qualit\u00e9\/prix imbattable.<\/p>\n<\/div>\n<\/div>\n<div id=\"DESCR_TINY-bloc-2\" class=\"stylusBloc stylusBloc--text\" draggable=\"false\">\n<div class=\"stylusBloc__content\">\n<div class=\"zms-title-div\"><\/div>\n<\/div>\n<\/div>\n","protected":false},"excerpt":{"rendered":"<p><strong>Con\u00e7u sp\u00e9cialement pour vous faciliter la vie, le sac ramasse crottes PICK UP est d\u00e9sormais un accessoire indispensable \u00e0 avoir sur soi lors des promenades quotidiennes de votre chien.<\/strong>\u00a0En effet, depuis quelques ann\u00e9es maintenant, chaque propri\u00e9taire de chien est responsable des d\u00e9jections de son animal et a l&#8217;obligation de nettoyer lorsque son compagnon s&#8217;oublie sur la voie publique.<br \/>\nGr\u00e2ce \u00e0 sa mati\u00e8re en plastique r\u00e9sistante et son \u00e9paisseur, le sac \u00e0 crottes rendra le ramassage des crottes de votre chien moins fastidieuse.<br \/>\nL&#8217;opacit\u00e9 du sac, en outre, apporte une touche de discr\u00e9tion non n\u00e9gligeable.<\/p>\n","protected":false},"featured_media":620895,"template":"","meta":[],"product_cat":[2698,12561],"product_tag":[],"class_list":{"0":"post-101685","1":"product","2":"type-product","3":"status-publish","4":"has-post-thumbnail","6":"product_cat-chien","7":"product_cat-hygiene-du-chien","8":"pa_marque-trixie","10":"first","11":"instock","12":"taxable","13":"shipping-taxable","14":"purchasable","15":"product-type-simple"},"yoast_head":"<!-- This site is optimized with the Yoast SEO plugin v27.3 - https:\/\/yoast.com\/product\/yoast-seo-wordpress\/ -->\n<title>Sac \u00e0 d\u00e9jections canines Trixie - V\u00e9torino<\/title>\n<meta name=\"description\" content=\"Con\u00e7u sp\u00e9cialement pour vous faciliter la vie, le sac ramasse crottes PICK UP est d\u00e9sormais un accessoire indispensable \u00e0 avoir sur soi lors des promenades quotidiennes de votre chien.\u00a0En effet, depuis quelques ann\u00e9es maintenant, chaque propri\u00e9taire de chien est responsable des d\u00e9jections de son animal et a l&#039;obligation de nettoyer lorsque son compagnon s&#039;oublie sur la voie publique. Gr\u00e2ce \u00e0 sa mati\u00e8re en plastique r\u00e9sistante et son \u00e9paisseur, le sac \u00e0 crottes rendra le ramassage des crottes de votre chien moins fastidieuse. L&#039;opacit\u00e9 du sac, en outre, apporte une touche de discr\u00e9tion non n\u00e9gligeable.\" \/>\n<meta name=\"robots\" content=\"noindex, nofollow\" \/>\n<meta property=\"og:locale\" content=\"fr_FR\" \/>\n<meta property=\"og:type\" content=\"article\" \/>\n<meta property=\"og:title\" content=\"Sac \u00e0 d\u00e9jections canines Trixie - V\u00e9torino\" \/>\n<meta property=\"og:description\" content=\"Con\u00e7u sp\u00e9cialement pour vous faciliter la vie, le sac ramasse crottes PICK UP est d\u00e9sormais un accessoire indispensable \u00e0 avoir sur soi lors des promenades quotidiennes de votre chien.\u00a0En effet, depuis quelques ann\u00e9es maintenant, chaque propri\u00e9taire de chien est responsable des d\u00e9jections de son animal et a l&#039;obligation de nettoyer lorsque son compagnon s&#039;oublie sur la voie publique. Gr\u00e2ce \u00e0 sa mati\u00e8re en plastique r\u00e9sistante et son \u00e9paisseur, le sac \u00e0 crottes rendra le ramassage des crottes de votre chien moins fastidieuse. L&#039;opacit\u00e9 du sac, en outre, apporte une touche de discr\u00e9tion non n\u00e9gligeable.\" \/>\n<meta property=\"og:url\" content=\"https:\/\/www.vetorino.com\/veterinaire\/riedisheim-68400\/boutique\/product\/sac-a-dejections-canines-2\/\" \/>\n<meta property=\"og:site_name\" content=\"V\u00e9torino\" \/>\n<meta property=\"article:publisher\" content=\"https:\/\/www.facebook.com\/Vetorino\/\" \/>\n<meta property=\"article:modified_time\" content=\"2026-03-30T21:43:41+00:00\" \/>\n<meta property=\"og:image\" content=\"https:\/\/www.vetorino.com\/boutique\/wp-content\/uploads\/2020\/06\/lm_969e744f91c29ec99f0e662c9177946c6271572427777.png\" \/>\n\t<meta property=\"og:image:width\" content=\"800\" \/>\n\t<meta property=\"og:image:height\" content=\"336\" \/>\n\t<meta property=\"og:image:type\" content=\"image\/png\" \/>\n<meta name=\"twitter:card\" content=\"summary_large_image\" \/>\n<meta name=\"twitter:label1\" content=\"Prix\" \/>\n\t<meta name=\"twitter:data1\" content=\"1,98&euro;\" \/>\n\t<meta name=\"twitter:label2\" content=\"Disponibilit\u00e9\" \/>\n\t<meta name=\"twitter:data2\" content=\"En stock\" \/>\n<script type=\"application\/ld+json\" class=\"yoast-schema-graph\">{\"@context\":\"https:\\\/\\\/schema.org\",\"@graph\":[{\"@type\":\"WebPage\",\"@id\":\"https:\\\/\\\/www.vetorino.com\\\/boutique\\\/product\\\/sac-a-dejections-canines-2\\\/\",\"url\":\"https:\\\/\\\/www.vetorino.com\\\/boutique\\\/product\\\/sac-a-dejections-canines-2\\\/\",\"name\":\"Sac \u00e0 d\u00e9jections canines Trixie - V\u00e9torino\",\"isPartOf\":{\"@id\":\"https:\\\/\\\/www.vetorino.com\\\/boutique\\\/#website\"},\"primaryImageOfPage\":{\"@id\":\"https:\\\/\\\/www.vetorino.com\\\/boutique\\\/product\\\/sac-a-dejections-canines-2\\\/#primaryimage\"},\"image\":{\"@id\":\"https:\\\/\\\/www.vetorino.com\\\/boutique\\\/product\\\/sac-a-dejections-canines-2\\\/#primaryimage\"},\"thumbnailUrl\":\"https:\\\/\\\/www.vetorino.com\\\/boutique\\\/wp-content\\\/uploads\\\/2020\\\/06\\\/lm_969e744f91c29ec99f0e662c9177946c6271572427777.png\",\"datePublished\":\"2020-06-30T09:54:42+00:00\",\"dateModified\":\"2026-03-30T21:43:41+00:00\",\"description\":\"Con\u00e7u sp\u00e9cialement pour vous faciliter la vie, le sac ramasse crottes PICK UP est d\u00e9sormais un accessoire indispensable \u00e0 avoir sur soi lors des promenades quotidiennes de votre chien.\u00a0En effet, depuis quelques ann\u00e9es maintenant, chaque propri\u00e9taire de chien est responsable des d\u00e9jections de son animal et a l'obligation de nettoyer lorsque son compagnon s'oublie sur la voie publique. Gr\u00e2ce \u00e0 sa mati\u00e8re en plastique r\u00e9sistante et son \u00e9paisseur, le sac \u00e0 crottes rendra le ramassage des crottes de votre chien moins fastidieuse. L'opacit\u00e9 du sac, en outre, apporte une touche de discr\u00e9tion non n\u00e9gligeable.\",\"breadcrumb\":{\"@id\":\"https:\\\/\\\/www.vetorino.com\\\/boutique\\\/product\\\/sac-a-dejections-canines-2\\\/#breadcrumb\"},\"inLanguage\":\"fr-FR\",\"potentialAction\":[{\"@type\":\"ReadAction\",\"target\":[\"https:\\\/\\\/www.vetorino.com\\\/boutique\\\/product\\\/sac-a-dejections-canines-2\\\/\"]}]},{\"@type\":\"ImageObject\",\"inLanguage\":\"fr-FR\",\"@id\":\"https:\\\/\\\/www.vetorino.com\\\/boutique\\\/product\\\/sac-a-dejections-canines-2\\\/#primaryimage\",\"url\":\"https:\\\/\\\/www.vetorino.com\\\/boutique\\\/wp-content\\\/uploads\\\/2020\\\/06\\\/lm_969e744f91c29ec99f0e662c9177946c6271572427777.png\",\"contentUrl\":\"https:\\\/\\\/www.vetorino.com\\\/boutique\\\/wp-content\\\/uploads\\\/2020\\\/06\\\/lm_969e744f91c29ec99f0e662c9177946c6271572427777.png\",\"width\":800,\"height\":336},{\"@type\":\"BreadcrumbList\",\"@id\":\"https:\\\/\\\/www.vetorino.com\\\/boutique\\\/product\\\/sac-a-dejections-canines-2\\\/#breadcrumb\",\"itemListElement\":[{\"@type\":\"ListItem\",\"position\":1,\"name\":\"Accueil\",\"item\":\"https:\\\/\\\/www.vetorino.com\\\/boutique\\\/\"},{\"@type\":\"ListItem\",\"position\":2,\"name\":\"Produits\",\"item\":\"https:\\\/\\\/www.vetorino.com\\\/boutique\\\/\"},{\"@type\":\"ListItem\",\"position\":3,\"name\":\"Sac \u00e0 d\u00e9jections canines\"}]},{\"@type\":\"WebSite\",\"@id\":\"https:\\\/\\\/www.vetorino.com\\\/boutique\\\/#website\",\"url\":\"https:\\\/\\\/www.vetorino.com\\\/boutique\\\/\",\"name\":\"V\u00e9torino\",\"description\":\"\",\"publisher\":{\"@id\":\"https:\\\/\\\/www.vetorino.com\\\/boutique\\\/#organization\"},\"potentialAction\":[{\"@type\":\"SearchAction\",\"target\":{\"@type\":\"EntryPoint\",\"urlTemplate\":\"https:\\\/\\\/www.vetorino.com\\\/boutique\\\/?s={search_term_string}\"},\"query-input\":{\"@type\":\"PropertyValueSpecification\",\"valueRequired\":true,\"valueName\":\"search_term_string\"}}],\"inLanguage\":\"fr-FR\"},{\"@type\":\"Organization\",\"@id\":\"https:\\\/\\\/www.vetorino.com\\\/boutique\\\/#organization\",\"name\":\"V\u00e9torino\",\"url\":\"https:\\\/\\\/www.vetorino.com\\\/boutique\\\/\",\"logo\":{\"@type\":\"ImageObject\",\"inLanguage\":\"fr-FR\",\"@id\":\"https:\\\/\\\/www.vetorino.com\\\/boutique\\\/#\\\/schema\\\/logo\\\/image\\\/\",\"url\":\"https:\\\/\\\/www.vetorino.com\\\/boutique\\\/wp-content\\\/uploads\\\/2024\\\/10\\\/logo.jpg\",\"contentUrl\":\"https:\\\/\\\/www.vetorino.com\\\/boutique\\\/wp-content\\\/uploads\\\/2024\\\/10\\\/logo.jpg\",\"width\":1200,\"height\":610,\"caption\":\"V\u00e9torino\"},\"image\":{\"@id\":\"https:\\\/\\\/www.vetorino.com\\\/boutique\\\/#\\\/schema\\\/logo\\\/image\\\/\"},\"sameAs\":[\"https:\\\/\\\/www.facebook.com\\\/Vetorino\\\/\",\"https:\\\/\\\/www.instagram.com\\\/vetorino_off\\\/\",\"https:\\\/\\\/www.linkedin.com\\\/company\\\/vtorino\\\/\"]}]}<\/script>\n<meta property=\"product:brand\" content=\"Trixie\" \/>\n<meta property=\"product:price:amount\" content=\"1.98\" \/>\n<meta property=\"product:price:currency\" content=\"EUR\" \/>\n<meta property=\"og:availability\" content=\"instock\" \/>\n<meta property=\"product:availability\" content=\"instock\" \/>\n<meta property=\"product:retailer_item_id\" content=\"C-SAC739\" \/>\n<meta property=\"product:condition\" content=\"new\" \/>\n<!-- \/ Yoast SEO plugin. -->","yoast_head_json":{"title":"Sac \u00e0 d\u00e9jections canines Trixie - V\u00e9torino","description":"Con\u00e7u sp\u00e9cialement pour vous faciliter la vie, le sac ramasse crottes PICK UP est d\u00e9sormais un accessoire indispensable \u00e0 avoir sur soi lors des promenades quotidiennes de votre chien.\u00a0En effet, depuis quelques ann\u00e9es maintenant, chaque propri\u00e9taire de chien est responsable des d\u00e9jections de son animal et a l'obligation de nettoyer lorsque son compagnon s'oublie sur la voie publique. Gr\u00e2ce \u00e0 sa mati\u00e8re en plastique r\u00e9sistante et son \u00e9paisseur, le sac \u00e0 crottes rendra le ramassage des crottes de votre chien moins fastidieuse. L'opacit\u00e9 du sac, en outre, apporte une touche de discr\u00e9tion non n\u00e9gligeable.","robots":{"index":"noindex","follow":"nofollow"},"og_locale":"fr_FR","og_type":"article","og_title":"Sac \u00e0 d\u00e9jections canines Trixie - V\u00e9torino","og_description":"Con\u00e7u sp\u00e9cialement pour vous faciliter la vie, le sac ramasse crottes PICK UP est d\u00e9sormais un accessoire indispensable \u00e0 avoir sur soi lors des promenades quotidiennes de votre chien.\u00a0En effet, depuis quelques ann\u00e9es maintenant, chaque propri\u00e9taire de chien est responsable des d\u00e9jections de son animal et a l'obligation de nettoyer lorsque son compagnon s'oublie sur la voie publique. Gr\u00e2ce \u00e0 sa mati\u00e8re en plastique r\u00e9sistante et son \u00e9paisseur, le sac \u00e0 crottes rendra le ramassage des crottes de votre chien moins fastidieuse. L'opacit\u00e9 du sac, en outre, apporte une touche de discr\u00e9tion non n\u00e9gligeable.","og_url":"https:\/\/www.vetorino.com\/veterinaire\/riedisheim-68400\/boutique\/product\/sac-a-dejections-canines-2\/","og_site_name":"V\u00e9torino","article_publisher":"https:\/\/www.facebook.com\/Vetorino\/","article_modified_time":"2026-03-30T21:43:41+00:00","og_image":[{"width":800,"height":336,"url":"https:\/\/www.vetorino.com\/boutique\/wp-content\/uploads\/2020\/06\/lm_969e744f91c29ec99f0e662c9177946c6271572427777.png","type":"image\/png"}],"twitter_card":"summary_large_image","twitter_misc":{"Prix":"1,98&euro;","Disponibilit\u00e9":"En stock"},"schema":{"@context":"https:\/\/schema.org","@graph":[{"@type":"WebPage","@id":"https:\/\/www.vetorino.com\/boutique\/product\/sac-a-dejections-canines-2\/","url":"https:\/\/www.vetorino.com\/boutique\/product\/sac-a-dejections-canines-2\/","name":"Sac \u00e0 d\u00e9jections canines Trixie - V\u00e9torino","isPartOf":{"@id":"https:\/\/www.vetorino.com\/boutique\/#website"},"primaryImageOfPage":{"@id":"https:\/\/www.vetorino.com\/boutique\/product\/sac-a-dejections-canines-2\/#primaryimage"},"image":{"@id":"https:\/\/www.vetorino.com\/boutique\/product\/sac-a-dejections-canines-2\/#primaryimage"},"thumbnailUrl":"https:\/\/www.vetorino.com\/boutique\/wp-content\/uploads\/2020\/06\/lm_969e744f91c29ec99f0e662c9177946c6271572427777.png","datePublished":"2020-06-30T09:54:42+00:00","dateModified":"2026-03-30T21:43:41+00:00","description":"Con\u00e7u sp\u00e9cialement pour vous faciliter la vie, le sac ramasse crottes PICK UP est d\u00e9sormais un accessoire indispensable \u00e0 avoir sur soi lors des promenades quotidiennes de votre chien.\u00a0En effet, depuis quelques ann\u00e9es maintenant, chaque propri\u00e9taire de chien est responsable des d\u00e9jections de son animal et a l'obligation de nettoyer lorsque son compagnon s'oublie sur la voie publique. Gr\u00e2ce \u00e0 sa mati\u00e8re en plastique r\u00e9sistante et son \u00e9paisseur, le sac \u00e0 crottes rendra le ramassage des crottes de votre chien moins fastidieuse. L'opacit\u00e9 du sac, en outre, apporte une touche de discr\u00e9tion non n\u00e9gligeable.","breadcrumb":{"@id":"https:\/\/www.vetorino.com\/boutique\/product\/sac-a-dejections-canines-2\/#breadcrumb"},"inLanguage":"fr-FR","potentialAction":[{"@type":"ReadAction","target":["https:\/\/www.vetorino.com\/boutique\/product\/sac-a-dejections-canines-2\/"]}]},{"@type":"ImageObject","inLanguage":"fr-FR","@id":"https:\/\/www.vetorino.com\/boutique\/product\/sac-a-dejections-canines-2\/#primaryimage","url":"https:\/\/www.vetorino.com\/boutique\/wp-content\/uploads\/2020\/06\/lm_969e744f91c29ec99f0e662c9177946c6271572427777.png","contentUrl":"https:\/\/www.vetorino.com\/boutique\/wp-content\/uploads\/2020\/06\/lm_969e744f91c29ec99f0e662c9177946c6271572427777.png","width":800,"height":336},{"@type":"BreadcrumbList","@id":"https:\/\/www.vetorino.com\/boutique\/product\/sac-a-dejections-canines-2\/#breadcrumb","itemListElement":[{"@type":"ListItem","position":1,"name":"Accueil","item":"https:\/\/www.vetorino.com\/boutique\/"},{"@type":"ListItem","position":2,"name":"Produits","item":"https:\/\/www.vetorino.com\/boutique\/"},{"@type":"ListItem","position":3,"name":"Sac \u00e0 d\u00e9jections canines"}]},{"@type":"WebSite","@id":"https:\/\/www.vetorino.com\/boutique\/#website","url":"https:\/\/www.vetorino.com\/boutique\/","name":"V\u00e9torino","description":"","publisher":{"@id":"https:\/\/www.vetorino.com\/boutique\/#organization"},"potentialAction":[{"@type":"SearchAction","target":{"@type":"EntryPoint","urlTemplate":"https:\/\/www.vetorino.com\/boutique\/?s={search_term_string}"},"query-input":{"@type":"PropertyValueSpecification","valueRequired":true,"valueName":"search_term_string"}}],"inLanguage":"fr-FR"},{"@type":"Organization","@id":"https:\/\/www.vetorino.com\/boutique\/#organization","name":"V\u00e9torino","url":"https:\/\/www.vetorino.com\/boutique\/","logo":{"@type":"ImageObject","inLanguage":"fr-FR","@id":"https:\/\/www.vetorino.com\/boutique\/#\/schema\/logo\/image\/","url":"https:\/\/www.vetorino.com\/boutique\/wp-content\/uploads\/2024\/10\/logo.jpg","contentUrl":"https:\/\/www.vetorino.com\/boutique\/wp-content\/uploads\/2024\/10\/logo.jpg","width":1200,"height":610,"caption":"V\u00e9torino"},"image":{"@id":"https:\/\/www.vetorino.com\/boutique\/#\/schema\/logo\/image\/"},"sameAs":["https:\/\/www.facebook.com\/Vetorino\/","https:\/\/www.instagram.com\/vetorino_off\/","https:\/\/www.linkedin.com\/company\/vtorino\/"]}]},"product_brand":"Trixie","product_price_amount":"1.98","product_price_currency":"EUR","og_availability":"instock","product_availability":"instock","product_retailer_item_id":"C-SAC739","product_condition":"new"},"_links":{"self":[{"href":"https:\/\/www.vetorino.com\/veterinaire\/riedisheim-68400\/boutique\/wp-json\/wp\/v2\/product\/101685","targetHints":{"allow":["GET"]}}],"collection":[{"href":"https:\/\/www.vetorino.com\/veterinaire\/riedisheim-68400\/boutique\/wp-json\/wp\/v2\/product"}],"about":[{"href":"https:\/\/www.vetorino.com\/veterinaire\/riedisheim-68400\/boutique\/wp-json\/wp\/v2\/types\/product"}],"wp:featuredmedia":[{"embeddable":true,"href":"https:\/\/www.vetorino.com\/veterinaire\/riedisheim-68400\/boutique\/wp-json\/wp\/v2\/media\/620895"}],"wp:attachment":[{"href":"https:\/\/www.vetorino.com\/veterinaire\/riedisheim-68400\/boutique\/wp-json\/wp\/v2\/media?parent=101685"}],"wp:term":[{"taxonomy":"product_cat","embeddable":true,"href":"https:\/\/www.vetorino.com\/veterinaire\/riedisheim-68400\/boutique\/wp-json\/wp\/v2\/product_cat?post=101685"},{"taxonomy":"product_tag","embeddable":true,"href":"https:\/\/www.vetorino.com\/veterinaire\/riedisheim-68400\/boutique\/wp-json\/wp\/v2\/product_tag?post=101685"}],"curies":[{"name":"wp","href":"https:\/\/api.w.org\/{rel}","templated":true}]}}