{"id":101929,"date":"2020-06-30T12:34:58","date_gmt":"2020-06-30T10:34:58","guid":{"rendered":"https:\/\/www.vetorino.com\/boutique\/product\/seringue-a-insuline-loupe-pic-uu\/"},"modified":"2025-12-18T02:42:08","modified_gmt":"2025-12-18T01:42:08","slug":"seringue-a-insuline-loupe-pic-uu","status":"publish","type":"product","link":"https:\/\/www.vetorino.com\/veterinaire\/riedisheim-68400\/boutique\/product\/seringue-a-insuline-loupe-pic-uu\/","title":{"rendered":"Seringue \u00e0 insuline + Loupe Pic UU"},"content":{"rendered":"<p><strong>Permet l&#8217;injection d&#8217;insuline en toute s\u00e9curit\u00e9.<\/strong><br \/>\n&#8211; Protection garantissant la st\u00e9rilit\u00e9.<br \/>\n&#8211; Graduation facile \u00e0 lire.<br \/>\n&#8211; Seringue sans volume, espace mort.<br \/>\n&#8211; Dispositif d&#8217;arr\u00eat de fin de course.<br \/>\n&#8211; Aiguilles Pic Solution r\u00e9duisent au maximum le traumatisme de l&#8217;\u00e9piderme.<br \/>\n&#8211; Loupe, une exclusivit\u00e9, pour agrandir la graduation et en faciliter la lecture lors du dosage.<\/p>\n","protected":false},"excerpt":{"rendered":"<p>Seringues \u00e0 insuline st\u00e9riles, \u00e0 usage unique avec aiguille sertie. Graduation en demi unit\u00e9 pour un dosage plus r\u00e9cis (100 unit\u00e9s). Capuchon de protection. Loupe grossissante amovible pour une meilleure pr\u00e9cision de remplissage.<\/p>\n","protected":false},"featured_media":620884,"template":"","meta":[],"product_cat":[2698],"product_tag":[],"class_list":{"0":"post-101929","1":"product","2":"type-product","3":"status-publish","4":"has-post-thumbnail","6":"product_cat-chien","7":"pa_marque-pic","9":"first","10":"instock","11":"taxable","12":"shipping-taxable","13":"purchasable","14":"product-type-simple"},"yoast_head":"<!-- This site is optimized with the Yoast SEO plugin v27.3 - https:\/\/yoast.com\/product\/yoast-seo-wordpress\/ -->\n<title>Seringue \u00e0 insuline + Loupe Pic UU PIC - V\u00e9torino<\/title>\n<meta name=\"description\" content=\"Seringues \u00e0 insuline st\u00e9riles, \u00e0 usage unique avec aiguille sertie. Graduation en demi unit\u00e9 pour un dosage plus r\u00e9cis (100 unit\u00e9s). Capuchon de protection. Loupe grossissante amovible pour une meilleure pr\u00e9cision de remplissage.\" \/>\n<meta name=\"robots\" content=\"noindex, nofollow\" \/>\n<meta property=\"og:locale\" content=\"fr_FR\" \/>\n<meta property=\"og:type\" content=\"article\" \/>\n<meta property=\"og:title\" content=\"Seringue \u00e0 insuline + Loupe Pic UU PIC - V\u00e9torino\" \/>\n<meta property=\"og:description\" content=\"Seringues \u00e0 insuline st\u00e9riles, \u00e0 usage unique avec aiguille sertie. Graduation en demi unit\u00e9 pour un dosage plus r\u00e9cis (100 unit\u00e9s). Capuchon de protection. Loupe grossissante amovible pour une meilleure pr\u00e9cision de remplissage.\" \/>\n<meta property=\"og:url\" content=\"https:\/\/www.vetorino.com\/veterinaire\/riedisheim-68400\/boutique\/product\/seringue-a-insuline-loupe-pic-uu\/\" \/>\n<meta property=\"og:site_name\" content=\"V\u00e9torino\" \/>\n<meta property=\"article:publisher\" content=\"https:\/\/www.facebook.com\/Vetorino\/\" \/>\n<meta property=\"article:modified_time\" content=\"2025-12-18T01:42:08+00:00\" \/>\n<meta property=\"og:image\" content=\"https:\/\/www.vetorino.com\/boutique\/wp-content\/uploads\/2020\/06\/22186.L.jpg\" \/>\n\t<meta property=\"og:image:width\" content=\"700\" \/>\n\t<meta property=\"og:image:height\" content=\"700\" \/>\n\t<meta property=\"og:image:type\" content=\"image\/jpeg\" \/>\n<meta name=\"twitter:card\" content=\"summary_large_image\" \/>\n<meta name=\"twitter:label1\" content=\"Prix\" \/>\n\t<meta name=\"twitter:data1\" content=\"7,30&euro;\" \/>\n\t<meta name=\"twitter:label2\" content=\"Disponibilit\u00e9\" \/>\n\t<meta name=\"twitter:data2\" content=\"En stock\" \/>\n<script type=\"application\/ld+json\" class=\"yoast-schema-graph\">{\"@context\":\"https:\\\/\\\/schema.org\",\"@graph\":[{\"@type\":\"WebPage\",\"@id\":\"https:\\\/\\\/www.vetorino.com\\\/boutique\\\/product\\\/seringue-a-insuline-loupe-pic-uu\\\/\",\"url\":\"https:\\\/\\\/www.vetorino.com\\\/boutique\\\/product\\\/seringue-a-insuline-loupe-pic-uu\\\/\",\"name\":\"Seringue \u00e0 insuline + Loupe Pic UU PIC - V\u00e9torino\",\"isPartOf\":{\"@id\":\"https:\\\/\\\/www.vetorino.com\\\/boutique\\\/#website\"},\"primaryImageOfPage\":{\"@id\":\"https:\\\/\\\/www.vetorino.com\\\/boutique\\\/product\\\/seringue-a-insuline-loupe-pic-uu\\\/#primaryimage\"},\"image\":{\"@id\":\"https:\\\/\\\/www.vetorino.com\\\/boutique\\\/product\\\/seringue-a-insuline-loupe-pic-uu\\\/#primaryimage\"},\"thumbnailUrl\":\"https:\\\/\\\/www.vetorino.com\\\/boutique\\\/wp-content\\\/uploads\\\/2020\\\/06\\\/22186.L.jpg\",\"datePublished\":\"2020-06-30T10:34:58+00:00\",\"dateModified\":\"2025-12-18T01:42:08+00:00\",\"description\":\"Seringues \u00e0 insuline st\u00e9riles, \u00e0 usage unique avec aiguille sertie. Graduation en demi unit\u00e9 pour un dosage plus r\u00e9cis (100 unit\u00e9s). Capuchon de protection. Loupe grossissante amovible pour une meilleure pr\u00e9cision de remplissage.\",\"breadcrumb\":{\"@id\":\"https:\\\/\\\/www.vetorino.com\\\/boutique\\\/product\\\/seringue-a-insuline-loupe-pic-uu\\\/#breadcrumb\"},\"inLanguage\":\"fr-FR\",\"potentialAction\":[{\"@type\":\"ReadAction\",\"target\":[\"https:\\\/\\\/www.vetorino.com\\\/boutique\\\/product\\\/seringue-a-insuline-loupe-pic-uu\\\/\"]}]},{\"@type\":\"ImageObject\",\"inLanguage\":\"fr-FR\",\"@id\":\"https:\\\/\\\/www.vetorino.com\\\/boutique\\\/product\\\/seringue-a-insuline-loupe-pic-uu\\\/#primaryimage\",\"url\":\"https:\\\/\\\/www.vetorino.com\\\/boutique\\\/wp-content\\\/uploads\\\/2020\\\/06\\\/22186.L.jpg\",\"contentUrl\":\"https:\\\/\\\/www.vetorino.com\\\/boutique\\\/wp-content\\\/uploads\\\/2020\\\/06\\\/22186.L.jpg\",\"width\":700,\"height\":700},{\"@type\":\"BreadcrumbList\",\"@id\":\"https:\\\/\\\/www.vetorino.com\\\/boutique\\\/product\\\/seringue-a-insuline-loupe-pic-uu\\\/#breadcrumb\",\"itemListElement\":[{\"@type\":\"ListItem\",\"position\":1,\"name\":\"Accueil\",\"item\":\"https:\\\/\\\/www.vetorino.com\\\/boutique\\\/\"},{\"@type\":\"ListItem\",\"position\":2,\"name\":\"Produits\",\"item\":\"https:\\\/\\\/www.vetorino.com\\\/boutique\\\/\"},{\"@type\":\"ListItem\",\"position\":3,\"name\":\"Seringue \u00e0 insuline + Loupe Pic UU\"}]},{\"@type\":\"WebSite\",\"@id\":\"https:\\\/\\\/www.vetorino.com\\\/boutique\\\/#website\",\"url\":\"https:\\\/\\\/www.vetorino.com\\\/boutique\\\/\",\"name\":\"V\u00e9torino\",\"description\":\"\",\"publisher\":{\"@id\":\"https:\\\/\\\/www.vetorino.com\\\/boutique\\\/#organization\"},\"potentialAction\":[{\"@type\":\"SearchAction\",\"target\":{\"@type\":\"EntryPoint\",\"urlTemplate\":\"https:\\\/\\\/www.vetorino.com\\\/boutique\\\/?s={search_term_string}\"},\"query-input\":{\"@type\":\"PropertyValueSpecification\",\"valueRequired\":true,\"valueName\":\"search_term_string\"}}],\"inLanguage\":\"fr-FR\"},{\"@type\":\"Organization\",\"@id\":\"https:\\\/\\\/www.vetorino.com\\\/boutique\\\/#organization\",\"name\":\"V\u00e9torino\",\"url\":\"https:\\\/\\\/www.vetorino.com\\\/boutique\\\/\",\"logo\":{\"@type\":\"ImageObject\",\"inLanguage\":\"fr-FR\",\"@id\":\"https:\\\/\\\/www.vetorino.com\\\/boutique\\\/#\\\/schema\\\/logo\\\/image\\\/\",\"url\":\"https:\\\/\\\/www.vetorino.com\\\/boutique\\\/wp-content\\\/uploads\\\/2024\\\/10\\\/logo.jpg\",\"contentUrl\":\"https:\\\/\\\/www.vetorino.com\\\/boutique\\\/wp-content\\\/uploads\\\/2024\\\/10\\\/logo.jpg\",\"width\":1200,\"height\":610,\"caption\":\"V\u00e9torino\"},\"image\":{\"@id\":\"https:\\\/\\\/www.vetorino.com\\\/boutique\\\/#\\\/schema\\\/logo\\\/image\\\/\"},\"sameAs\":[\"https:\\\/\\\/www.facebook.com\\\/Vetorino\\\/\",\"https:\\\/\\\/www.instagram.com\\\/vetorino_off\\\/\",\"https:\\\/\\\/www.linkedin.com\\\/company\\\/vtorino\\\/\"]}]}<\/script>\n<meta property=\"product:brand\" content=\"PIC\" \/>\n<meta property=\"product:price:amount\" content=\"7.30\" \/>\n<meta property=\"product:price:currency\" content=\"EUR\" \/>\n<meta property=\"og:availability\" content=\"instock\" \/>\n<meta property=\"product:availability\" content=\"instock\" \/>\n<meta property=\"product:retailer_item_id\" content=\"C-SER427\" \/>\n<meta property=\"product:condition\" content=\"new\" \/>\n<!-- \/ Yoast SEO plugin. -->","yoast_head_json":{"title":"Seringue \u00e0 insuline + Loupe Pic UU PIC - V\u00e9torino","description":"Seringues \u00e0 insuline st\u00e9riles, \u00e0 usage unique avec aiguille sertie. Graduation en demi unit\u00e9 pour un dosage plus r\u00e9cis (100 unit\u00e9s). Capuchon de protection. Loupe grossissante amovible pour une meilleure pr\u00e9cision de remplissage.","robots":{"index":"noindex","follow":"nofollow"},"og_locale":"fr_FR","og_type":"article","og_title":"Seringue \u00e0 insuline + Loupe Pic UU PIC - V\u00e9torino","og_description":"Seringues \u00e0 insuline st\u00e9riles, \u00e0 usage unique avec aiguille sertie. Graduation en demi unit\u00e9 pour un dosage plus r\u00e9cis (100 unit\u00e9s). Capuchon de protection. Loupe grossissante amovible pour une meilleure pr\u00e9cision de remplissage.","og_url":"https:\/\/www.vetorino.com\/veterinaire\/riedisheim-68400\/boutique\/product\/seringue-a-insuline-loupe-pic-uu\/","og_site_name":"V\u00e9torino","article_publisher":"https:\/\/www.facebook.com\/Vetorino\/","article_modified_time":"2025-12-18T01:42:08+00:00","og_image":[{"width":700,"height":700,"url":"https:\/\/www.vetorino.com\/boutique\/wp-content\/uploads\/2020\/06\/22186.L.jpg","type":"image\/jpeg"}],"twitter_card":"summary_large_image","twitter_misc":{"Prix":"7,30&euro;","Disponibilit\u00e9":"En stock"},"schema":{"@context":"https:\/\/schema.org","@graph":[{"@type":"WebPage","@id":"https:\/\/www.vetorino.com\/boutique\/product\/seringue-a-insuline-loupe-pic-uu\/","url":"https:\/\/www.vetorino.com\/boutique\/product\/seringue-a-insuline-loupe-pic-uu\/","name":"Seringue \u00e0 insuline + Loupe Pic UU PIC - V\u00e9torino","isPartOf":{"@id":"https:\/\/www.vetorino.com\/boutique\/#website"},"primaryImageOfPage":{"@id":"https:\/\/www.vetorino.com\/boutique\/product\/seringue-a-insuline-loupe-pic-uu\/#primaryimage"},"image":{"@id":"https:\/\/www.vetorino.com\/boutique\/product\/seringue-a-insuline-loupe-pic-uu\/#primaryimage"},"thumbnailUrl":"https:\/\/www.vetorino.com\/boutique\/wp-content\/uploads\/2020\/06\/22186.L.jpg","datePublished":"2020-06-30T10:34:58+00:00","dateModified":"2025-12-18T01:42:08+00:00","description":"Seringues \u00e0 insuline st\u00e9riles, \u00e0 usage unique avec aiguille sertie. Graduation en demi unit\u00e9 pour un dosage plus r\u00e9cis (100 unit\u00e9s). Capuchon de protection. Loupe grossissante amovible pour une meilleure pr\u00e9cision de remplissage.","breadcrumb":{"@id":"https:\/\/www.vetorino.com\/boutique\/product\/seringue-a-insuline-loupe-pic-uu\/#breadcrumb"},"inLanguage":"fr-FR","potentialAction":[{"@type":"ReadAction","target":["https:\/\/www.vetorino.com\/boutique\/product\/seringue-a-insuline-loupe-pic-uu\/"]}]},{"@type":"ImageObject","inLanguage":"fr-FR","@id":"https:\/\/www.vetorino.com\/boutique\/product\/seringue-a-insuline-loupe-pic-uu\/#primaryimage","url":"https:\/\/www.vetorino.com\/boutique\/wp-content\/uploads\/2020\/06\/22186.L.jpg","contentUrl":"https:\/\/www.vetorino.com\/boutique\/wp-content\/uploads\/2020\/06\/22186.L.jpg","width":700,"height":700},{"@type":"BreadcrumbList","@id":"https:\/\/www.vetorino.com\/boutique\/product\/seringue-a-insuline-loupe-pic-uu\/#breadcrumb","itemListElement":[{"@type":"ListItem","position":1,"name":"Accueil","item":"https:\/\/www.vetorino.com\/boutique\/"},{"@type":"ListItem","position":2,"name":"Produits","item":"https:\/\/www.vetorino.com\/boutique\/"},{"@type":"ListItem","position":3,"name":"Seringue \u00e0 insuline + Loupe Pic UU"}]},{"@type":"WebSite","@id":"https:\/\/www.vetorino.com\/boutique\/#website","url":"https:\/\/www.vetorino.com\/boutique\/","name":"V\u00e9torino","description":"","publisher":{"@id":"https:\/\/www.vetorino.com\/boutique\/#organization"},"potentialAction":[{"@type":"SearchAction","target":{"@type":"EntryPoint","urlTemplate":"https:\/\/www.vetorino.com\/boutique\/?s={search_term_string}"},"query-input":{"@type":"PropertyValueSpecification","valueRequired":true,"valueName":"search_term_string"}}],"inLanguage":"fr-FR"},{"@type":"Organization","@id":"https:\/\/www.vetorino.com\/boutique\/#organization","name":"V\u00e9torino","url":"https:\/\/www.vetorino.com\/boutique\/","logo":{"@type":"ImageObject","inLanguage":"fr-FR","@id":"https:\/\/www.vetorino.com\/boutique\/#\/schema\/logo\/image\/","url":"https:\/\/www.vetorino.com\/boutique\/wp-content\/uploads\/2024\/10\/logo.jpg","contentUrl":"https:\/\/www.vetorino.com\/boutique\/wp-content\/uploads\/2024\/10\/logo.jpg","width":1200,"height":610,"caption":"V\u00e9torino"},"image":{"@id":"https:\/\/www.vetorino.com\/boutique\/#\/schema\/logo\/image\/"},"sameAs":["https:\/\/www.facebook.com\/Vetorino\/","https:\/\/www.instagram.com\/vetorino_off\/","https:\/\/www.linkedin.com\/company\/vtorino\/"]}]},"product_brand":"PIC","product_price_amount":"7.30","product_price_currency":"EUR","og_availability":"instock","product_availability":"instock","product_retailer_item_id":"C-SER427","product_condition":"new"},"_links":{"self":[{"href":"https:\/\/www.vetorino.com\/veterinaire\/riedisheim-68400\/boutique\/wp-json\/wp\/v2\/product\/101929","targetHints":{"allow":["GET"]}}],"collection":[{"href":"https:\/\/www.vetorino.com\/veterinaire\/riedisheim-68400\/boutique\/wp-json\/wp\/v2\/product"}],"about":[{"href":"https:\/\/www.vetorino.com\/veterinaire\/riedisheim-68400\/boutique\/wp-json\/wp\/v2\/types\/product"}],"wp:featuredmedia":[{"embeddable":true,"href":"https:\/\/www.vetorino.com\/veterinaire\/riedisheim-68400\/boutique\/wp-json\/wp\/v2\/media\/620884"}],"wp:attachment":[{"href":"https:\/\/www.vetorino.com\/veterinaire\/riedisheim-68400\/boutique\/wp-json\/wp\/v2\/media?parent=101929"}],"wp:term":[{"taxonomy":"product_cat","embeddable":true,"href":"https:\/\/www.vetorino.com\/veterinaire\/riedisheim-68400\/boutique\/wp-json\/wp\/v2\/product_cat?post=101929"},{"taxonomy":"product_tag","embeddable":true,"href":"https:\/\/www.vetorino.com\/veterinaire\/riedisheim-68400\/boutique\/wp-json\/wp\/v2\/product_tag?post=101929"}],"curies":[{"name":"wp","href":"https:\/\/api.w.org\/{rel}","templated":true}]}}